{"id":522812,"date":"2025-01-22T10:15:41","date_gmt":"2025-01-22T10:15:41","guid":{"rendered":"https:\/\/madabouthorror.co.uk\/?post_type=product&#038;p=522812"},"modified":"2026-04-02T09:46:24","modified_gmt":"2026-04-02T08:46:24","slug":"the-texas-chainsaw-massacre-1974-chainsaw-costume-accessory-with-sound","status":"publish","type":"product","link":"https:\/\/madabouthorror.co.uk\/de\/product\/the-texas-chainsaw-massacre-1974-chainsaw-costume-accessory-with-sound\/","title":{"rendered":"The Texas Chainsaw Massacre (1974) - Kettens\u00e4gen-Kost\u00fcm-Zubeh\u00f6r mit Sound"},"content":{"rendered":"<div class=\"description rte section cf not-in-quickbuy\">\n<p class=\"\" data-start=\"193\" data-end=\"456\">Trick or Treat Studios pr\u00e4sentiert stolz das offiziell lizenzierte Texas Chainsaw Massacre Kettens\u00e4gen-Kost\u00fcmzubeh\u00f6r aus dem Original-Horrorklassiker von 1974. Dieses leichte, 30 Zentimeter lange Accessoire ist der perfekte Abschluss f\u00fcr Euer Leatherface-Kost\u00fcm.<\/p>\n<p class=\"\" data-start=\"458\" data-end=\"703\">Sie ist bequem und einfach zu handhaben und nur 5 cm dick - ideal zum Mitnehmen bei Halloween oder Horrorveranstaltungen. Dr\u00fccke den Abzug, um authentische Kettens\u00e4gen-Soundeffekte direkt aus dem Film zu aktivieren, die deinem Look erschreckenden Realismus verleihen.<\/p>\n<p class=\"\" data-start=\"705\" data-end=\"799\">Ein Muss f\u00fcr Fans der Serie und Sammler von The Texas Chainsaw Massacre-Requisiten.<\/p>\n<p style=\"font-weight: 400;\">DAS TEXAS CHAINSAW MASSACRE (1974) KETTENS\u00c4GENKOST\u00dcMZUBEH\u00d6R MIT SOUND IST F\u00dcR DIE AUSSTELLUNG ODER DEN FREIZEITGEBRAUCH BESTIMMT. JEGLICHE \u00c4NDERUNGEN, MODIFIKATIONEN ODER REPARATURVERSUCHE AN DEN MECHANISMEN ODER DER ELEKTRONIK F\u00dcHREN ZUM ERL\u00d6SCHEN DES ANSPRUCHS AUF ERSATZ. SOLCHE HANDLUNGEN K\u00d6NNEN AUCH DIE SICHERHEIT UND LEISTUNG DES PRODUKTS BEEINTR\u00c4CHTIGEN. WIR RATEN DRINGEND DAVON AB, UNAUTORISIERTE \u00c4NDERUNGEN VORZUNEHMEN.<\/p>\n<p style=\"font-weight: 400;\">\n<\/div>","protected":false},"excerpt":{"rendered":"<p>Trick or Treat Studios pr\u00e4sentiert stolz das offiziell lizenzierte Texas Chainsaw Massacre Kettens\u00e4gen-Kost\u00fcmaccessoire aus dem originalen Horror-Klassiker von 1974. Dieses leichte, 30 Zoll lange Accessoire ist das perfekte Finish f\u00fcr Ihr Leatherface-Kost\u00fcm. F\u00fcr Komfort und einfache Handhabung gefertigt, ist es nur 2 Zoll dick \u2013 ideal zum Tragen w\u00e4hrend Halloween- oder Horror-Events. Zieh den [\u2026]<\/p>","protected":false},"featured_media":522813,"comment_status":"closed","ping_status":"closed","template":"","meta":{"_acf_changed":false},"product_brand":[],"product_cat":[10076,10078,6537,10038,6789,9967,6571,6554,6792,6675],"product_tag":[],"class_list":{"0":"post-522812","1":"product","2":"type-product","3":"status-publish","4":"has-post-thumbnail","6":"product_cat-replica-dolls-props","7":"product_cat-weapons-trick-or-treat-studios","8":"product_cat-collectibles","9":"product_cat-horror-gifts","10":"product_cat-leatherface","11":"product_cat-replica-props","12":"product_cat-just-arrived","13":"product_cat-weapons","14":"product_cat-trick-or-treat-studios","15":"product_cat-texaschainsawmassacre","16":"product_shipping_class-oversize-for-post","18":"first","19":"instock","20":"taxable","21":"shipping-taxable","22":"purchasable","23":"product-type-simple"},"supplier_id":471029,"supplier_sku":"TTRL148","barcode":"810116281411","atum_controlled":true,"out_stock_date":null,"out_stock_threshold":null,"inheritable":false,"inbound_stock":0,"stock_on_hold":0,"sold_today":0,"sales_last_days":0,"reserved_stock":0,"customer_returns":0,"warehouse_damage":0,"lost_in_post":0,"other_logs":0,"out_stock_days":0,"lost_sales":0,"has_location":false,"update_date":"2026-04-19T01:31:57","atum_locations":[],"atum_stock_status":"instock","restock_status":false,"low_stock_amount":"","sales_update_date":"2026-04-19T01:31:55","calc_backorders":null,"acf":[],"yoast_head":"<!-- This site is optimized with the Yoast SEO plugin v27.4 - https:\/\/yoast.com\/product\/yoast-seo-wordpress\/ -->\n<title>The Texas Chainsaw Massacre - Chainsaw Costume Accessory<\/title>\n<meta name=\"description\" content=\"Texas Chainsaw Massacre Chainsaw costume accessory with sound. Official UK Stockist of Trick or Treat Studios. Shop Horror collectibles. UK Stock\" \/>\n<meta name=\"robots\" content=\"index, follow, max-snippet:-1, max-image-preview:large, max-video-preview:-1\" \/>\n<link rel=\"canonical\" href=\"https:\/\/madabouthorror.co.uk\/de\/product\/the-texas-chainsaw-massacre-1974-chainsaw-costume-accessory-with-sound\/\" \/>\n<meta property=\"og:locale\" content=\"de_DE\" \/>\n<meta property=\"og:type\" content=\"article\" \/>\n<meta property=\"og:title\" content=\"The Texas Chainsaw Massacre - Chainsaw Costume Accessory\" \/>\n<meta property=\"og:description\" content=\"Texas Chainsaw Massacre Chainsaw costume accessory with sound. Official UK Stockist of Trick or Treat Studios. Shop Horror collectibles. UK Stock\" \/>\n<meta property=\"og:url\" content=\"https:\/\/madabouthorror.co.uk\/de\/product\/the-texas-chainsaw-massacre-1974-chainsaw-costume-accessory-with-sound\/\" \/>\n<meta property=\"og:site_name\" content=\"Mad About Horror\" \/>\n<meta property=\"article:publisher\" content=\"https:\/\/www.facebook.com\/madabouthorror\/\" \/>\n<meta property=\"article:modified_time\" content=\"2026-04-02T08:46:24+00:00\" \/>\n<meta property=\"og:image\" content=\"https:\/\/madabouthorror.co.uk\/wp-content\/uploads\/2025\/01\/texas-chainsaw-massacre-costume-accessory-with-sound.jpg\" \/>\n\t<meta property=\"og:image:width\" content=\"1500\" \/>\n\t<meta property=\"og:image:height\" content=\"1500\" \/>\n\t<meta property=\"og:image:type\" content=\"image\/jpeg\" \/>\n<meta name=\"twitter:card\" content=\"summary_large_image\" \/>\n<meta name=\"twitter:label1\" content=\"Gesch\u00e4tzte Lesezeit\" \/>\n\t<meta name=\"twitter:data1\" content=\"1\u00a0Minute\" \/>\n<script type=\"application\/ld+json\" class=\"yoast-schema-graph\">{\"@context\":\"https:\\\/\\\/schema.org\",\"@graph\":[{\"@type\":[\"WebPage\",\"ItemPage\"],\"@id\":\"https:\\\/\\\/madabouthorror.co.uk\\\/product\\\/the-texas-chainsaw-massacre-1974-chainsaw-costume-accessory-with-sound\\\/\",\"url\":\"https:\\\/\\\/madabouthorror.co.uk\\\/product\\\/the-texas-chainsaw-massacre-1974-chainsaw-costume-accessory-with-sound\\\/\",\"name\":\"The Texas Chainsaw Massacre - Chainsaw Costume Accessory\",\"isPartOf\":{\"@id\":\"https:\\\/\\\/madabouthorror.co.uk\\\/#website\"},\"primaryImageOfPage\":{\"@id\":\"https:\\\/\\\/madabouthorror.co.uk\\\/product\\\/the-texas-chainsaw-massacre-1974-chainsaw-costume-accessory-with-sound\\\/#primaryimage\"},\"image\":{\"@id\":\"https:\\\/\\\/madabouthorror.co.uk\\\/product\\\/the-texas-chainsaw-massacre-1974-chainsaw-costume-accessory-with-sound\\\/#primaryimage\"},\"thumbnailUrl\":\"https:\\\/\\\/madabouthorror.co.uk\\\/wp-content\\\/uploads\\\/2025\\\/01\\\/texas-chainsaw-massacre-costume-accessory-with-sound.jpg\",\"datePublished\":\"2025-01-22T10:15:41+00:00\",\"dateModified\":\"2026-04-02T08:46:24+00:00\",\"description\":\"Texas Chainsaw Massacre Chainsaw costume accessory with sound. Official UK Stockist of Trick or Treat Studios. Shop Horror collectibles. UK Stock\",\"breadcrumb\":{\"@id\":\"https:\\\/\\\/madabouthorror.co.uk\\\/product\\\/the-texas-chainsaw-massacre-1974-chainsaw-costume-accessory-with-sound\\\/#breadcrumb\"},\"inLanguage\":\"de\",\"potentialAction\":[{\"@type\":\"ReadAction\",\"target\":[\"https:\\\/\\\/madabouthorror.co.uk\\\/product\\\/the-texas-chainsaw-massacre-1974-chainsaw-costume-accessory-with-sound\\\/\"]}]},{\"@type\":\"ImageObject\",\"inLanguage\":\"de\",\"@id\":\"https:\\\/\\\/madabouthorror.co.uk\\\/product\\\/the-texas-chainsaw-massacre-1974-chainsaw-costume-accessory-with-sound\\\/#primaryimage\",\"url\":\"https:\\\/\\\/madabouthorror.co.uk\\\/wp-content\\\/uploads\\\/2025\\\/01\\\/texas-chainsaw-massacre-costume-accessory-with-sound.jpg\",\"contentUrl\":\"https:\\\/\\\/madabouthorror.co.uk\\\/wp-content\\\/uploads\\\/2025\\\/01\\\/texas-chainsaw-massacre-costume-accessory-with-sound.jpg\",\"width\":1500,\"height\":1500,\"caption\":\"texas chainsaw massacre costume accessory with sound\"},{\"@type\":\"BreadcrumbList\",\"@id\":\"https:\\\/\\\/madabouthorror.co.uk\\\/product\\\/the-texas-chainsaw-massacre-1974-chainsaw-costume-accessory-with-sound\\\/#breadcrumb\",\"itemListElement\":[{\"@type\":\"ListItem\",\"position\":1,\"name\":\"Shop\",\"item\":\"https:\\\/\\\/madabouthorror.co.uk\\\/shop\\\/\"},{\"@type\":\"ListItem\",\"position\":2,\"name\":\"The Texas Chainsaw Massacre (1974) &#8211; Chainsaw Costume Accessory With Sound\"}]},{\"@type\":\"WebSite\",\"@id\":\"https:\\\/\\\/madabouthorror.co.uk\\\/#website\",\"url\":\"https:\\\/\\\/madabouthorror.co.uk\\\/\",\"name\":\"Mad About Horror\",\"description\":\"\",\"publisher\":{\"@id\":\"https:\\\/\\\/madabouthorror.co.uk\\\/#organization\"},\"alternateName\":\"Mad About Horror Limited\",\"potentialAction\":[{\"@type\":\"SearchAction\",\"target\":{\"@type\":\"EntryPoint\",\"urlTemplate\":\"https:\\\/\\\/madabouthorror.co.uk\\\/?s={search_term_string}\"},\"query-input\":{\"@type\":\"PropertyValueSpecification\",\"valueRequired\":true,\"valueName\":\"search_term_string\"}}],\"inLanguage\":\"de\"},{\"@type\":\"Organization\",\"@id\":\"https:\\\/\\\/madabouthorror.co.uk\\\/#organization\",\"name\":\"Mad About Horror\",\"url\":\"https:\\\/\\\/madabouthorror.co.uk\\\/\",\"logo\":{\"@type\":\"ImageObject\",\"inLanguage\":\"de\",\"@id\":\"https:\\\/\\\/madabouthorror.co.uk\\\/#\\\/schema\\\/logo\\\/image\\\/\",\"url\":\"https:\\\/\\\/madabouthorror.co.uk\\\/wp-content\\\/uploads\\\/2024\\\/02\\\/cropped-Logo.png\",\"contentUrl\":\"https:\\\/\\\/madabouthorror.co.uk\\\/wp-content\\\/uploads\\\/2024\\\/02\\\/cropped-Logo.png\",\"width\":240,\"height\":88,\"caption\":\"Mad About Horror\"},\"image\":{\"@id\":\"https:\\\/\\\/madabouthorror.co.uk\\\/#\\\/schema\\\/logo\\\/image\\\/\"},\"sameAs\":[\"https:\\\/\\\/www.facebook.com\\\/madabouthorror\\\/\",\"https:\\\/\\\/www.instagram.com\\\/madabouthorror\\\/\",\"https:\\\/\\\/www.pinterest.co.uk\\\/madabouthorror\\\/\",\"https:\\\/\\\/www.youtube.com\\\/channel\\\/UCBooLOIxjoQ89dj6T5lWm_w\",\"https:\\\/\\\/www.tiktok.com\\\/@weremadabouthorror\"]}]}<\/script>\n<!-- \/ Yoast SEO plugin. -->","yoast_head_json":{"title":"Texas Chainsaw Massacre - Kettens\u00e4genkost\u00fcm-Accessoire","description":"Texas Chainsaw Massacre Kettens\u00e4gen-Kost\u00fcmaccessoire mit Sound. Offizieller UK-H\u00e4ndler von Trick or Treat Studios. Horror-Sammlerst\u00fccke kaufen. UK-Lagerbestand","robots":{"index":"index","follow":"follow","max-snippet":"max-snippet:-1","max-image-preview":"max-image-preview:large","max-video-preview":"max-video-preview:-1"},"canonical":"https:\/\/madabouthorror.co.uk\/de\/product\/the-texas-chainsaw-massacre-1974-chainsaw-costume-accessory-with-sound\/","og_locale":"de_DE","og_type":"article","og_title":"The Texas Chainsaw Massacre - Chainsaw Costume Accessory","og_description":"Texas Chainsaw Massacre Chainsaw costume accessory with sound. Official UK Stockist of Trick or Treat Studios. Shop Horror collectibles. UK Stock","og_url":"https:\/\/madabouthorror.co.uk\/de\/product\/the-texas-chainsaw-massacre-1974-chainsaw-costume-accessory-with-sound\/","og_site_name":"Mad About Horror","article_publisher":"https:\/\/www.facebook.com\/madabouthorror\/","article_modified_time":"2026-04-02T08:46:24+00:00","og_image":[{"width":1500,"height":1500,"url":"https:\/\/madabouthorror.co.uk\/wp-content\/uploads\/2025\/01\/texas-chainsaw-massacre-costume-accessory-with-sound.jpg","type":"image\/jpeg"}],"twitter_card":"summary_large_image","twitter_misc":{"Gesch\u00e4tzte Lesezeit":"1\u00a0Minute"},"schema":{"@context":"https:\/\/schema.org","@graph":[{"@type":["WebPage","ItemPage"],"@id":"https:\/\/madabouthorror.co.uk\/product\/the-texas-chainsaw-massacre-1974-chainsaw-costume-accessory-with-sound\/","url":"https:\/\/madabouthorror.co.uk\/product\/the-texas-chainsaw-massacre-1974-chainsaw-costume-accessory-with-sound\/","name":"Texas Chainsaw Massacre - Kettens\u00e4genkost\u00fcm-Accessoire","isPartOf":{"@id":"https:\/\/madabouthorror.co.uk\/#website"},"primaryImageOfPage":{"@id":"https:\/\/madabouthorror.co.uk\/product\/the-texas-chainsaw-massacre-1974-chainsaw-costume-accessory-with-sound\/#primaryimage"},"image":{"@id":"https:\/\/madabouthorror.co.uk\/product\/the-texas-chainsaw-massacre-1974-chainsaw-costume-accessory-with-sound\/#primaryimage"},"thumbnailUrl":"https:\/\/madabouthorror.co.uk\/wp-content\/uploads\/2025\/01\/texas-chainsaw-massacre-costume-accessory-with-sound.jpg","datePublished":"2025-01-22T10:15:41+00:00","dateModified":"2026-04-02T08:46:24+00:00","description":"Texas Chainsaw Massacre Kettens\u00e4gen-Kost\u00fcmaccessoire mit Sound. Offizieller UK-H\u00e4ndler von Trick or Treat Studios. Horror-Sammlerst\u00fccke kaufen. UK-Lagerbestand","breadcrumb":{"@id":"https:\/\/madabouthorror.co.uk\/product\/the-texas-chainsaw-massacre-1974-chainsaw-costume-accessory-with-sound\/#breadcrumb"},"inLanguage":"de","potentialAction":[{"@type":"ReadAction","target":["https:\/\/madabouthorror.co.uk\/product\/the-texas-chainsaw-massacre-1974-chainsaw-costume-accessory-with-sound\/"]}]},{"@type":"ImageObject","inLanguage":"de","@id":"https:\/\/madabouthorror.co.uk\/product\/the-texas-chainsaw-massacre-1974-chainsaw-costume-accessory-with-sound\/#primaryimage","url":"https:\/\/madabouthorror.co.uk\/wp-content\/uploads\/2025\/01\/texas-chainsaw-massacre-costume-accessory-with-sound.jpg","contentUrl":"https:\/\/madabouthorror.co.uk\/wp-content\/uploads\/2025\/01\/texas-chainsaw-massacre-costume-accessory-with-sound.jpg","width":1500,"height":1500,"caption":"texas chainsaw massacre costume accessory with sound"},{"@type":"BreadcrumbList","@id":"https:\/\/madabouthorror.co.uk\/product\/the-texas-chainsaw-massacre-1974-chainsaw-costume-accessory-with-sound\/#breadcrumb","itemListElement":[{"@type":"ListItem","position":1,"name":"Shop","item":"https:\/\/madabouthorror.co.uk\/shop\/"},{"@type":"ListItem","position":2,"name":"The Texas Chainsaw Massacre (1974) &#8211; Chainsaw Costume Accessory With Sound"}]},{"@type":"WebSite","@id":"https:\/\/madabouthorror.co.uk\/#website","url":"https:\/\/madabouthorror.co.uk\/","name":"Verr\u00fcckt nach Horror","description":"","publisher":{"@id":"https:\/\/madabouthorror.co.uk\/#organization"},"alternateName":"Mad About Horror Limited","potentialAction":[{"@type":"SearchAction","target":{"@type":"EntryPoint","urlTemplate":"https:\/\/madabouthorror.co.uk\/?s={search_term_string}"},"query-input":{"@type":"PropertyValueSpecification","valueRequired":true,"valueName":"search_term_string"}}],"inLanguage":"de"},{"@type":"Organization","@id":"https:\/\/madabouthorror.co.uk\/#organization","name":"Verr\u00fcckt nach Horror","url":"https:\/\/madabouthorror.co.uk\/","logo":{"@type":"ImageObject","inLanguage":"de","@id":"https:\/\/madabouthorror.co.uk\/#\/schema\/logo\/image\/","url":"https:\/\/madabouthorror.co.uk\/wp-content\/uploads\/2024\/02\/cropped-Logo.png","contentUrl":"https:\/\/madabouthorror.co.uk\/wp-content\/uploads\/2024\/02\/cropped-Logo.png","width":240,"height":88,"caption":"Mad About Horror"},"image":{"@id":"https:\/\/madabouthorror.co.uk\/#\/schema\/logo\/image\/"},"sameAs":["https:\/\/www.facebook.com\/madabouthorror\/","https:\/\/www.instagram.com\/madabouthorror\/","https:\/\/www.pinterest.co.uk\/madabouthorror\/","https:\/\/www.youtube.com\/channel\/UCBooLOIxjoQ89dj6T5lWm_w","https:\/\/www.tiktok.com\/@weremadabouthorror"]}]}},"df_price":67.66,"df_sale_price":"","df_regular_price":67.66,"df_image_link":"https:\/\/madabouthorror.co.uk\/wp-content\/uploads\/2025\/01\/texas-chainsaw-massacre-costume-accessory-with-sound-300x300.jpg","_links":{"self":[{"href":"https:\/\/madabouthorror.co.uk\/de\/wp-json\/wp\/v2\/product\/522812","targetHints":{"allow":["GET"]}}],"collection":[{"href":"https:\/\/madabouthorror.co.uk\/de\/wp-json\/wp\/v2\/product"}],"about":[{"href":"https:\/\/madabouthorror.co.uk\/de\/wp-json\/wp\/v2\/types\/product"}],"replies":[{"embeddable":true,"href":"https:\/\/madabouthorror.co.uk\/de\/wp-json\/wp\/v2\/comments?post=522812"}],"wp:featuredmedia":[{"embeddable":true,"href":"https:\/\/madabouthorror.co.uk\/de\/wp-json\/wp\/v2\/media\/522813"}],"wp:attachment":[{"href":"https:\/\/madabouthorror.co.uk\/de\/wp-json\/wp\/v2\/media?parent=522812"}],"wp:term":[{"taxonomy":"product_brand","embeddable":true,"href":"https:\/\/madabouthorror.co.uk\/de\/wp-json\/wp\/v2\/product_brand?post=522812"},{"taxonomy":"product_cat","embeddable":true,"href":"https:\/\/madabouthorror.co.uk\/de\/wp-json\/wp\/v2\/product_cat?post=522812"},{"taxonomy":"product_tag","embeddable":true,"href":"https:\/\/madabouthorror.co.uk\/de\/wp-json\/wp\/v2\/product_tag?post=522812"}],"curies":[{"name":"wp","href":"https:\/\/api.w.org\/{rel}","templated":true}]}}