{"id":522937,"date":"2025-01-23T11:16:28","date_gmt":"2025-01-23T11:16:28","guid":{"rendered":"https:\/\/madabouthorror.co.uk\/?post_type=product&#038;p=522937"},"modified":"2026-04-29T08:15:55","modified_gmt":"2026-04-29T07:15:55","slug":"rob-zombies-halloween-2007-michael-myers-asylum-mask","status":"publish","type":"product","link":"https:\/\/madabouthorror.co.uk\/de\/product\/rob-zombies-halloween-2007-michael-myers-asylum-mask\/","title":{"rendered":"Rob Zombie's Halloween (2007) - Michael Myers Asylum Maske"},"content":{"rendered":"<p>Hier kommt die offiziell lizenzierte Michael Myers Asylum Maske aus Rob Zombies Halloween Remake von Trick or Treat Studios! Dies ist die Maske, die Michael w\u00e4hrend seiner dramatischen Flucht aus der Anstalt in <em>Halloween<\/em> (2007). Die Maske wurde unter Verwendung der Originalform von Special Effects Artist Wayne Toth hergestellt. Sie wurde sorgf\u00e4ltig gescannt und aus haltbarem Kunststoff nachgebildet, um Authentizit\u00e4t und Haltbarkeit zu gew\u00e4hrleisten, und verf\u00fcgt \u00fcber ein elastisches Band f\u00fcr bequemes Tragen.<\/p>\n<p>Michael Myers\u2122, Halloween\u2122 und alle damit zusammenh\u00e4ngenden Charaktere, Orte, Namen und anderen Zeichen sind Marken von Compass International Pictures, Inc. Unter Lizenz von Lions Gate Entertainment Inc. Alle Rechte vorbehalten.<\/p>","protected":false},"excerpt":{"rendered":"<p>Hier kommt die offiziell lizenzierte Michael Myers Asylum Maske aus Rob Zombies Halloween Remake von Trick or Treat Studios! Dies ist die Maske, die Michael w\u00e4hrend seiner dramatischen Flucht aus dem Asylum in Halloween (2007) tr\u00e4gt. Die Maske wurde nach der Originalform des Special-Effects-K\u00fcnstlers Wayne Toth angefertigt, sorgf\u00e4ltig gescannt und in [...]<\/p>","protected":false},"featured_media":522940,"comment_status":"closed","ping_status":"closed","template":"","meta":{"_acf_changed":false},"product_brand":[],"product_cat":[6580,10132,9978,10041,10040,7091,6551,10038,6784,9962,6541,6571,6792,6660],"product_tag":[],"class_list":{"0":"post-522937","1":"product","2":"type-product","3":"status-publish","4":"has-post-thumbnail","6":"product_cat-movie-tv","7":"product_cat-masks-collectibles","8":"product_cat-michael-myers-costumes","9":"product_cat-gifts-under-50","10":"product_cat-gifts-under-100","11":"product_cat-tv-movie","12":"product_cat-costumes","13":"product_cat-horror-gifts","14":"product_cat-michael-myers","15":"product_cat-trick-or-treat-studios-masks","16":"product_cat-masks","17":"product_cat-just-arrived","18":"product_cat-trick-or-treat-studios","19":"product_cat-halloweenmichaelmyers","20":"product_shipping_class-small-parcel-economy-3-5-business-days","22":"first","23":"instock","24":"taxable","25":"shipping-taxable","26":"purchasable","27":"product-type-simple"},"supplier_id":467429,"supplier_sku":"WTLG106","barcode":"810116284917","atum_controlled":true,"out_stock_date":null,"out_stock_threshold":null,"inheritable":false,"inbound_stock":0,"stock_on_hold":0,"sold_today":0,"sales_last_days":1,"reserved_stock":0,"customer_returns":0,"warehouse_damage":0,"lost_in_post":0,"other_logs":0,"out_stock_days":0,"lost_sales":0,"has_location":false,"update_date":"2026-05-05T00:20:55","atum_locations":[],"atum_stock_status":"instock","restock_status":false,"low_stock_amount":12,"sales_update_date":"2026-05-05T00:20:53","calc_backorders":null,"acf":[],"yoast_head":"<!-- This site is optimized with the Yoast SEO plugin v27.5 - https:\/\/yoast.com\/product\/yoast-seo-wordpress\/ -->\n<title>Rob Zombie&#039;s Halloween (2007) - Michael Myers Asylum Mask | Mad About Horror<\/title>\n<meta name=\"description\" content=\"Official UK Stockist of Trick or Treat Studios&#039; Halloween 2007 - Michael Myers Asylum Mask. PRE-ORDER now from Mad About Horror. UK Stock, Fast Delivery.\" \/>\n<meta name=\"robots\" content=\"index, follow, max-snippet:-1, max-image-preview:large, max-video-preview:-1\" \/>\n<link rel=\"canonical\" href=\"https:\/\/madabouthorror.co.uk\/de\/product\/rob-zombies-halloween-2007-michael-myers-asylum-mask\/\" \/>\n<meta property=\"og:locale\" content=\"de_DE\" \/>\n<meta property=\"og:type\" content=\"article\" \/>\n<meta property=\"og:title\" content=\"Rob Zombie&#039;s Halloween (2007) - Michael Myers Asylum Mask | Mad About Horror\" \/>\n<meta property=\"og:description\" content=\"Official UK Stockist of Trick or Treat Studios&#039; Halloween 2007 - Michael Myers Asylum Mask. PRE-ORDER now from Mad About Horror. UK Stock, Fast Delivery.\" \/>\n<meta property=\"og:url\" content=\"https:\/\/madabouthorror.co.uk\/de\/product\/rob-zombies-halloween-2007-michael-myers-asylum-mask\/\" \/>\n<meta property=\"og:site_name\" content=\"Mad About Horror\" \/>\n<meta property=\"article:publisher\" content=\"https:\/\/www.facebook.com\/madabouthorror\/\" \/>\n<meta property=\"article:modified_time\" content=\"2026-04-29T07:15:55+00:00\" \/>\n<meta property=\"og:image\" content=\"https:\/\/madabouthorror.co.uk\/wp-content\/uploads\/2025\/01\/WTLG106-halloween2007-asylum-mask-front_1512x.png.webp\" \/>\n\t<meta property=\"og:image:width\" content=\"1500\" \/>\n\t<meta property=\"og:image:height\" content=\"1500\" \/>\n\t<meta property=\"og:image:type\" content=\"image\/webp\" \/>\n<meta name=\"twitter:card\" content=\"summary_large_image\" \/>\n<meta name=\"twitter:label1\" content=\"Gesch\u00e4tzte Lesezeit\" \/>\n\t<meta name=\"twitter:data1\" content=\"1\u00a0Minute\" \/>\n<script type=\"application\/ld+json\" class=\"yoast-schema-graph\">{\"@context\":\"https:\\\/\\\/schema.org\",\"@graph\":[{\"@type\":[\"WebPage\",\"ItemPage\"],\"@id\":\"https:\\\/\\\/madabouthorror.co.uk\\\/product\\\/rob-zombies-halloween-2007-michael-myers-asylum-mask\\\/\",\"url\":\"https:\\\/\\\/madabouthorror.co.uk\\\/product\\\/rob-zombies-halloween-2007-michael-myers-asylum-mask\\\/\",\"name\":\"Rob Zombie's Halloween (2007) - Michael Myers Asylum Mask | Mad About Horror\",\"isPartOf\":{\"@id\":\"https:\\\/\\\/madabouthorror.co.uk\\\/#website\"},\"primaryImageOfPage\":{\"@id\":\"https:\\\/\\\/madabouthorror.co.uk\\\/product\\\/rob-zombies-halloween-2007-michael-myers-asylum-mask\\\/#primaryimage\"},\"image\":{\"@id\":\"https:\\\/\\\/madabouthorror.co.uk\\\/product\\\/rob-zombies-halloween-2007-michael-myers-asylum-mask\\\/#primaryimage\"},\"thumbnailUrl\":\"https:\\\/\\\/madabouthorror.co.uk\\\/wp-content\\\/uploads\\\/2025\\\/01\\\/WTLG106-halloween2007-asylum-mask-front_1512x.png.webp\",\"datePublished\":\"2025-01-23T11:16:28+00:00\",\"dateModified\":\"2026-04-29T07:15:55+00:00\",\"description\":\"Official UK Stockist of Trick or Treat Studios' Halloween 2007 - Michael Myers Asylum Mask. PRE-ORDER now from Mad About Horror. UK Stock, Fast Delivery.\",\"breadcrumb\":{\"@id\":\"https:\\\/\\\/madabouthorror.co.uk\\\/product\\\/rob-zombies-halloween-2007-michael-myers-asylum-mask\\\/#breadcrumb\"},\"inLanguage\":\"de\",\"potentialAction\":[{\"@type\":\"ReadAction\",\"target\":[\"https:\\\/\\\/madabouthorror.co.uk\\\/product\\\/rob-zombies-halloween-2007-michael-myers-asylum-mask\\\/\"]}]},{\"@type\":\"ImageObject\",\"inLanguage\":\"de\",\"@id\":\"https:\\\/\\\/madabouthorror.co.uk\\\/product\\\/rob-zombies-halloween-2007-michael-myers-asylum-mask\\\/#primaryimage\",\"url\":\"https:\\\/\\\/madabouthorror.co.uk\\\/wp-content\\\/uploads\\\/2025\\\/01\\\/WTLG106-halloween2007-asylum-mask-front_1512x.png.webp\",\"contentUrl\":\"https:\\\/\\\/madabouthorror.co.uk\\\/wp-content\\\/uploads\\\/2025\\\/01\\\/WTLG106-halloween2007-asylum-mask-front_1512x.png.webp\",\"width\":1500,\"height\":1500,\"caption\":\"Halloween 2007 - Michael Myers Asylum Mask\"},{\"@type\":\"BreadcrumbList\",\"@id\":\"https:\\\/\\\/madabouthorror.co.uk\\\/product\\\/rob-zombies-halloween-2007-michael-myers-asylum-mask\\\/#breadcrumb\",\"itemListElement\":[{\"@type\":\"ListItem\",\"position\":1,\"name\":\"Shop\",\"item\":\"https:\\\/\\\/madabouthorror.co.uk\\\/shop\\\/\"},{\"@type\":\"ListItem\",\"position\":2,\"name\":\"Rob Zombie&#8217;s Halloween (2007) &#8211; Michael Myers Asylum Mask\"}]},{\"@type\":\"WebSite\",\"@id\":\"https:\\\/\\\/madabouthorror.co.uk\\\/#website\",\"url\":\"https:\\\/\\\/madabouthorror.co.uk\\\/\",\"name\":\"Mad About Horror\",\"description\":\"\",\"publisher\":{\"@id\":\"https:\\\/\\\/madabouthorror.co.uk\\\/#organization\"},\"alternateName\":\"Mad About Horror Limited\",\"potentialAction\":[{\"@type\":\"SearchAction\",\"target\":{\"@type\":\"EntryPoint\",\"urlTemplate\":\"https:\\\/\\\/madabouthorror.co.uk\\\/?s={search_term_string}\"},\"query-input\":{\"@type\":\"PropertyValueSpecification\",\"valueRequired\":true,\"valueName\":\"search_term_string\"}}],\"inLanguage\":\"de\"},{\"@type\":\"Organization\",\"@id\":\"https:\\\/\\\/madabouthorror.co.uk\\\/#organization\",\"name\":\"Mad About Horror\",\"url\":\"https:\\\/\\\/madabouthorror.co.uk\\\/\",\"logo\":{\"@type\":\"ImageObject\",\"inLanguage\":\"de\",\"@id\":\"https:\\\/\\\/madabouthorror.co.uk\\\/#\\\/schema\\\/logo\\\/image\\\/\",\"url\":\"https:\\\/\\\/madabouthorror.co.uk\\\/wp-content\\\/uploads\\\/2024\\\/02\\\/cropped-Logo.png\",\"contentUrl\":\"https:\\\/\\\/madabouthorror.co.uk\\\/wp-content\\\/uploads\\\/2024\\\/02\\\/cropped-Logo.png\",\"width\":240,\"height\":88,\"caption\":\"Mad About Horror\"},\"image\":{\"@id\":\"https:\\\/\\\/madabouthorror.co.uk\\\/#\\\/schema\\\/logo\\\/image\\\/\"},\"sameAs\":[\"https:\\\/\\\/www.facebook.com\\\/madabouthorror\\\/\",\"https:\\\/\\\/www.instagram.com\\\/madabouthorror\\\/\",\"https:\\\/\\\/www.pinterest.co.uk\\\/madabouthorror\\\/\",\"https:\\\/\\\/www.youtube.com\\\/channel\\\/UCBooLOIxjoQ89dj6T5lWm_w\",\"https:\\\/\\\/www.tiktok.com\\\/@weremadabouthorror\"]}]}<\/script>\n<!-- \/ Yoast SEO plugin. -->","yoast_head_json":{"title":"Rob Zombie's Halloween (2007) - Michael Myers Asylum Maske | Mad About Horror","description":"Offizieller UK-Lieferant von Trick or Treat Studios' Halloween 2007 - Michael Myers Asylum Mask. Jetzt VORBESTELLEN bei Mad About Horror. UK Lager, schnelle Lieferung.","robots":{"index":"index","follow":"follow","max-snippet":"max-snippet:-1","max-image-preview":"max-image-preview:large","max-video-preview":"max-video-preview:-1"},"canonical":"https:\/\/madabouthorror.co.uk\/de\/product\/rob-zombies-halloween-2007-michael-myers-asylum-mask\/","og_locale":"de_DE","og_type":"article","og_title":"Rob Zombie's Halloween (2007) - Michael Myers Asylum Mask | Mad About Horror","og_description":"Official UK Stockist of Trick or Treat Studios' Halloween 2007 - Michael Myers Asylum Mask. PRE-ORDER now from Mad About Horror. UK Stock, Fast Delivery.","og_url":"https:\/\/madabouthorror.co.uk\/de\/product\/rob-zombies-halloween-2007-michael-myers-asylum-mask\/","og_site_name":"Mad About Horror","article_publisher":"https:\/\/www.facebook.com\/madabouthorror\/","article_modified_time":"2026-04-29T07:15:55+00:00","og_image":[{"width":1500,"height":1500,"url":"https:\/\/madabouthorror.co.uk\/wp-content\/uploads\/2025\/01\/WTLG106-halloween2007-asylum-mask-front_1512x.png.webp","type":"image\/webp"}],"twitter_card":"summary_large_image","twitter_misc":{"Gesch\u00e4tzte Lesezeit":"1\u00a0Minute"},"schema":{"@context":"https:\/\/schema.org","@graph":[{"@type":["WebPage","ItemPage"],"@id":"https:\/\/madabouthorror.co.uk\/product\/rob-zombies-halloween-2007-michael-myers-asylum-mask\/","url":"https:\/\/madabouthorror.co.uk\/product\/rob-zombies-halloween-2007-michael-myers-asylum-mask\/","name":"Rob Zombie's Halloween (2007) - Michael Myers Asylum Maske | Mad About Horror","isPartOf":{"@id":"https:\/\/madabouthorror.co.uk\/#website"},"primaryImageOfPage":{"@id":"https:\/\/madabouthorror.co.uk\/product\/rob-zombies-halloween-2007-michael-myers-asylum-mask\/#primaryimage"},"image":{"@id":"https:\/\/madabouthorror.co.uk\/product\/rob-zombies-halloween-2007-michael-myers-asylum-mask\/#primaryimage"},"thumbnailUrl":"https:\/\/madabouthorror.co.uk\/wp-content\/uploads\/2025\/01\/WTLG106-halloween2007-asylum-mask-front_1512x.png.webp","datePublished":"2025-01-23T11:16:28+00:00","dateModified":"2026-04-29T07:15:55+00:00","description":"Offizieller UK-Lieferant von Trick or Treat Studios' Halloween 2007 - Michael Myers Asylum Mask. Jetzt VORBESTELLEN bei Mad About Horror. UK Lager, schnelle Lieferung.","breadcrumb":{"@id":"https:\/\/madabouthorror.co.uk\/product\/rob-zombies-halloween-2007-michael-myers-asylum-mask\/#breadcrumb"},"inLanguage":"de","potentialAction":[{"@type":"ReadAction","target":["https:\/\/madabouthorror.co.uk\/product\/rob-zombies-halloween-2007-michael-myers-asylum-mask\/"]}]},{"@type":"ImageObject","inLanguage":"de","@id":"https:\/\/madabouthorror.co.uk\/product\/rob-zombies-halloween-2007-michael-myers-asylum-mask\/#primaryimage","url":"https:\/\/madabouthorror.co.uk\/wp-content\/uploads\/2025\/01\/WTLG106-halloween2007-asylum-mask-front_1512x.png.webp","contentUrl":"https:\/\/madabouthorror.co.uk\/wp-content\/uploads\/2025\/01\/WTLG106-halloween2007-asylum-mask-front_1512x.png.webp","width":1500,"height":1500,"caption":"Halloween 2007 - Michael Myers Asylum Mask"},{"@type":"BreadcrumbList","@id":"https:\/\/madabouthorror.co.uk\/product\/rob-zombies-halloween-2007-michael-myers-asylum-mask\/#breadcrumb","itemListElement":[{"@type":"ListItem","position":1,"name":"Shop","item":"https:\/\/madabouthorror.co.uk\/shop\/"},{"@type":"ListItem","position":2,"name":"Rob Zombie&#8217;s Halloween (2007) &#8211; Michael Myers Asylum Mask"}]},{"@type":"WebSite","@id":"https:\/\/madabouthorror.co.uk\/#website","url":"https:\/\/madabouthorror.co.uk\/","name":"Verr\u00fcckt nach Horror","description":"","publisher":{"@id":"https:\/\/madabouthorror.co.uk\/#organization"},"alternateName":"Mad About Horror Limited","potentialAction":[{"@type":"SearchAction","target":{"@type":"EntryPoint","urlTemplate":"https:\/\/madabouthorror.co.uk\/?s={search_term_string}"},"query-input":{"@type":"PropertyValueSpecification","valueRequired":true,"valueName":"search_term_string"}}],"inLanguage":"de"},{"@type":"Organization","@id":"https:\/\/madabouthorror.co.uk\/#organization","name":"Verr\u00fcckt nach Horror","url":"https:\/\/madabouthorror.co.uk\/","logo":{"@type":"ImageObject","inLanguage":"de","@id":"https:\/\/madabouthorror.co.uk\/#\/schema\/logo\/image\/","url":"https:\/\/madabouthorror.co.uk\/wp-content\/uploads\/2024\/02\/cropped-Logo.png","contentUrl":"https:\/\/madabouthorror.co.uk\/wp-content\/uploads\/2024\/02\/cropped-Logo.png","width":240,"height":88,"caption":"Mad About Horror"},"image":{"@id":"https:\/\/madabouthorror.co.uk\/#\/schema\/logo\/image\/"},"sameAs":["https:\/\/www.facebook.com\/madabouthorror\/","https:\/\/www.instagram.com\/madabouthorror\/","https:\/\/www.pinterest.co.uk\/madabouthorror\/","https:\/\/www.youtube.com\/channel\/UCBooLOIxjoQ89dj6T5lWm_w","https:\/\/www.tiktok.com\/@weremadabouthorror"]}]}},"df_price":29.95,"df_sale_price":"","df_regular_price":29.95,"df_image_link":"https:\/\/madabouthorror.co.uk\/wp-content\/uploads\/2025\/01\/WTLG106-halloween2007-asylum-mask-front_1512x.png-300x300.webp","_links":{"self":[{"href":"https:\/\/madabouthorror.co.uk\/de\/wp-json\/wp\/v2\/product\/522937","targetHints":{"allow":["GET"]}}],"collection":[{"href":"https:\/\/madabouthorror.co.uk\/de\/wp-json\/wp\/v2\/product"}],"about":[{"href":"https:\/\/madabouthorror.co.uk\/de\/wp-json\/wp\/v2\/types\/product"}],"replies":[{"embeddable":true,"href":"https:\/\/madabouthorror.co.uk\/de\/wp-json\/wp\/v2\/comments?post=522937"}],"wp:featuredmedia":[{"embeddable":true,"href":"https:\/\/madabouthorror.co.uk\/de\/wp-json\/wp\/v2\/media\/522940"}],"wp:attachment":[{"href":"https:\/\/madabouthorror.co.uk\/de\/wp-json\/wp\/v2\/media?parent=522937"}],"wp:term":[{"taxonomy":"product_brand","embeddable":true,"href":"https:\/\/madabouthorror.co.uk\/de\/wp-json\/wp\/v2\/product_brand?post=522937"},{"taxonomy":"product_cat","embeddable":true,"href":"https:\/\/madabouthorror.co.uk\/de\/wp-json\/wp\/v2\/product_cat?post=522937"},{"taxonomy":"product_tag","embeddable":true,"href":"https:\/\/madabouthorror.co.uk\/de\/wp-json\/wp\/v2\/product_tag?post=522937"}],"curies":[{"name":"wp","href":"https:\/\/api.w.org\/{rel}","templated":true}]}}