{"id":523448,"date":"2025-01-24T14:16:05","date_gmt":"2025-01-24T14:16:05","guid":{"rendered":"https:\/\/madabouthorror.co.uk\/?post_type=product&#038;p=523448"},"modified":"2026-05-03T22:08:22","modified_gmt":"2026-05-03T21:08:22","slug":"army-of-darkness-ash-deluxe-injection-mask","status":"publish","type":"product","link":"https:\/\/madabouthorror.co.uk\/de\/product\/army-of-darkness-ash-deluxe-injection-mask\/","title":{"rendered":"Armee der Finsternis - Ash Deluxe Injektionsmaske"},"content":{"rendered":"<p>Wir freuen uns, die offiziell lizenzierten Trick or Treat Studios pr\u00e4sentieren zu k\u00f6nnen. <strong>Armee der Finsternis - Ash Deluxe Injektionsmaske<\/strong>. Diese Premium-Gesichtsmaske ist aus steifem Kunststoff gefertigt und wurde fachm\u00e4nnisch geformt und bemalt, um Bruce Campbells ikonischen Look als Ash in perfekt nachzubilden <em>Armee der Finsternis<\/em>. Die Maske verf\u00fcgt \u00fcber ein elastisches Band f\u00fcr einen bequemen, sicheren Sitz und wird mit einer angebrachten Per\u00fccke f\u00fcr volle Abdeckung und einfaches Tragen geliefert, was sie zur ultimativen Erg\u00e4nzung f\u00fcr jedes <em>B\u00f6se Tote<\/em> Sammlung.<\/p>","protected":false},"excerpt":{"rendered":"<p>Wir freuen uns, Ihnen die offiziell lizenzierte \u201eTrick or Treat Studios Army of Darkness \u2013 Ash DeluxeInjection Mask\u201c vorzustellen. Diese hochwertige Gesichtsmaske besteht aus starrem Kunststoff, wurde fachm\u00e4nnisch geformt und bemalt, um Bruce Campbells ikonisches Aussehen als Ash in Army of Darkness perfekt nachzubilden. Die Maske verf\u00fcgt \u00fcber einen elastischen Riemen f\u00fcr einen bequemen, [\u2026]<\/p>","protected":false},"featured_media":523450,"comment_status":"closed","ping_status":"closed","template":"","meta":{"_acf_changed":false},"product_brand":[],"product_cat":[6580,6620,6609,9962,6541,6544,6650,6792],"product_tag":[],"class_list":{"0":"post-523448","1":"product","2":"type-product","3":"status-publish","4":"has-post-thumbnail","6":"product_cat-movie-tv","7":"product_cat-tots-preorders","8":"product_cat-pre-order-masks","9":"product_cat-trick-or-treat-studios-masks","10":"product_cat-masks","11":"product_cat-pre-orders","12":"product_cat-evildeadashvevildead","13":"product_cat-trick-or-treat-studios","14":"product_shipping_class-small-parcel-economy-3-5-business-days","16":"first","17":"onbackorder","18":"taxable","19":"shipping-taxable","20":"purchasable","21":"product-type-simple"},"supplier_id":470964,"supplier_sku":"TTMGM178","barcode":"810116285075","atum_controlled":true,"out_stock_date":null,"out_stock_threshold":null,"inheritable":false,"inbound_stock":40,"stock_on_hold":0,"sold_today":0,"sales_last_days":0,"reserved_stock":0,"customer_returns":0,"warehouse_damage":0,"lost_in_post":0,"other_logs":0,"out_stock_days":0,"lost_sales":0,"has_location":false,"update_date":"2026-05-05T00:16:59","atum_locations":[],"atum_stock_status":"onbackorder","restock_status":false,"low_stock_amount":3,"sales_update_date":"2026-05-05T00:16:58","calc_backorders":-8,"acf":[],"yoast_head":"<!-- This site is optimized with the Yoast SEO plugin v27.5 - https:\/\/yoast.com\/product\/yoast-seo-wordpress\/ -->\n<title>Army of Darkness - Ash Deluxe Injection Mask | Mad About Horror<\/title>\n<meta name=\"description\" content=\"Army of Darkness - Ash Deluxe Injection Mask. Buy from the UK &amp; Europe&#039;s leading horror specialist. Official UK Stockist of Trick or Treat Studios\" \/>\n<meta name=\"robots\" content=\"index, follow, max-snippet:-1, max-image-preview:large, max-video-preview:-1\" \/>\n<link rel=\"canonical\" href=\"https:\/\/madabouthorror.co.uk\/de\/product\/army-of-darkness-ash-deluxe-injection-mask\/\" \/>\n<meta property=\"og:locale\" content=\"de_DE\" \/>\n<meta property=\"og:type\" content=\"article\" \/>\n<meta property=\"og:title\" content=\"Army of Darkness - Ash Deluxe Injection Mask | Mad About Horror\" \/>\n<meta property=\"og:description\" content=\"Army of Darkness - Ash Deluxe Injection Mask. Buy from the UK &amp; Europe&#039;s leading horror specialist. Official UK Stockist of Trick or Treat Studios\" \/>\n<meta property=\"og:url\" content=\"https:\/\/madabouthorror.co.uk\/de\/product\/army-of-darkness-ash-deluxe-injection-mask\/\" \/>\n<meta property=\"og:site_name\" content=\"Mad About Horror\" \/>\n<meta property=\"article:publisher\" content=\"https:\/\/www.facebook.com\/madabouthorror\/\" \/>\n<meta property=\"article:modified_time\" content=\"2026-05-03T21:08:22+00:00\" \/>\n<meta property=\"og:image\" content=\"https:\/\/madabouthorror.co.uk\/wp-content\/uploads\/2025\/01\/TTMGM178-aod-ash-mask-front_1512x.png.webp\" \/>\n\t<meta property=\"og:image:width\" content=\"1500\" \/>\n\t<meta property=\"og:image:height\" content=\"1500\" \/>\n\t<meta property=\"og:image:type\" content=\"image\/webp\" \/>\n<meta name=\"twitter:card\" content=\"summary_large_image\" \/>\n<meta name=\"twitter:label1\" content=\"Gesch\u00e4tzte Lesezeit\" \/>\n\t<meta name=\"twitter:data1\" content=\"1\u00a0Minute\" \/>\n<script type=\"application\/ld+json\" class=\"yoast-schema-graph\">{\"@context\":\"https:\\\/\\\/schema.org\",\"@graph\":[{\"@type\":[\"WebPage\",\"ItemPage\"],\"@id\":\"https:\\\/\\\/madabouthorror.co.uk\\\/product\\\/army-of-darkness-ash-deluxe-injection-mask\\\/\",\"url\":\"https:\\\/\\\/madabouthorror.co.uk\\\/product\\\/army-of-darkness-ash-deluxe-injection-mask\\\/\",\"name\":\"Army of Darkness - Ash Deluxe Injection Mask | Mad About Horror\",\"isPartOf\":{\"@id\":\"https:\\\/\\\/madabouthorror.co.uk\\\/#website\"},\"primaryImageOfPage\":{\"@id\":\"https:\\\/\\\/madabouthorror.co.uk\\\/product\\\/army-of-darkness-ash-deluxe-injection-mask\\\/#primaryimage\"},\"image\":{\"@id\":\"https:\\\/\\\/madabouthorror.co.uk\\\/product\\\/army-of-darkness-ash-deluxe-injection-mask\\\/#primaryimage\"},\"thumbnailUrl\":\"https:\\\/\\\/madabouthorror.co.uk\\\/wp-content\\\/uploads\\\/2025\\\/01\\\/TTMGM178-aod-ash-mask-front_1512x.png.webp\",\"datePublished\":\"2025-01-24T14:16:05+00:00\",\"dateModified\":\"2026-05-03T21:08:22+00:00\",\"description\":\"Army of Darkness - Ash Deluxe Injection Mask. Buy from the UK & Europe's leading horror specialist. Official UK Stockist of Trick or Treat Studios\",\"breadcrumb\":{\"@id\":\"https:\\\/\\\/madabouthorror.co.uk\\\/product\\\/army-of-darkness-ash-deluxe-injection-mask\\\/#breadcrumb\"},\"inLanguage\":\"de\",\"potentialAction\":[{\"@type\":\"ReadAction\",\"target\":[\"https:\\\/\\\/madabouthorror.co.uk\\\/product\\\/army-of-darkness-ash-deluxe-injection-mask\\\/\"]}]},{\"@type\":\"ImageObject\",\"inLanguage\":\"de\",\"@id\":\"https:\\\/\\\/madabouthorror.co.uk\\\/product\\\/army-of-darkness-ash-deluxe-injection-mask\\\/#primaryimage\",\"url\":\"https:\\\/\\\/madabouthorror.co.uk\\\/wp-content\\\/uploads\\\/2025\\\/01\\\/TTMGM178-aod-ash-mask-front_1512x.png.webp\",\"contentUrl\":\"https:\\\/\\\/madabouthorror.co.uk\\\/wp-content\\\/uploads\\\/2025\\\/01\\\/TTMGM178-aod-ash-mask-front_1512x.png.webp\",\"width\":1500,\"height\":1500,\"caption\":\"Army of Darkness - Ash Deluxe Injection Mask\"},{\"@type\":\"BreadcrumbList\",\"@id\":\"https:\\\/\\\/madabouthorror.co.uk\\\/product\\\/army-of-darkness-ash-deluxe-injection-mask\\\/#breadcrumb\",\"itemListElement\":[{\"@type\":\"ListItem\",\"position\":1,\"name\":\"Shop\",\"item\":\"https:\\\/\\\/madabouthorror.co.uk\\\/shop\\\/\"},{\"@type\":\"ListItem\",\"position\":2,\"name\":\"Army of Darkness &#8211; Ash Deluxe Injection Mask\"}]},{\"@type\":\"WebSite\",\"@id\":\"https:\\\/\\\/madabouthorror.co.uk\\\/#website\",\"url\":\"https:\\\/\\\/madabouthorror.co.uk\\\/\",\"name\":\"Mad About Horror\",\"description\":\"\",\"publisher\":{\"@id\":\"https:\\\/\\\/madabouthorror.co.uk\\\/#organization\"},\"alternateName\":\"Mad About Horror Limited\",\"potentialAction\":[{\"@type\":\"SearchAction\",\"target\":{\"@type\":\"EntryPoint\",\"urlTemplate\":\"https:\\\/\\\/madabouthorror.co.uk\\\/?s={search_term_string}\"},\"query-input\":{\"@type\":\"PropertyValueSpecification\",\"valueRequired\":true,\"valueName\":\"search_term_string\"}}],\"inLanguage\":\"de\"},{\"@type\":\"Organization\",\"@id\":\"https:\\\/\\\/madabouthorror.co.uk\\\/#organization\",\"name\":\"Mad About Horror\",\"url\":\"https:\\\/\\\/madabouthorror.co.uk\\\/\",\"logo\":{\"@type\":\"ImageObject\",\"inLanguage\":\"de\",\"@id\":\"https:\\\/\\\/madabouthorror.co.uk\\\/#\\\/schema\\\/logo\\\/image\\\/\",\"url\":\"https:\\\/\\\/madabouthorror.co.uk\\\/wp-content\\\/uploads\\\/2024\\\/02\\\/cropped-Logo.png\",\"contentUrl\":\"https:\\\/\\\/madabouthorror.co.uk\\\/wp-content\\\/uploads\\\/2024\\\/02\\\/cropped-Logo.png\",\"width\":240,\"height\":88,\"caption\":\"Mad About Horror\"},\"image\":{\"@id\":\"https:\\\/\\\/madabouthorror.co.uk\\\/#\\\/schema\\\/logo\\\/image\\\/\"},\"sameAs\":[\"https:\\\/\\\/www.facebook.com\\\/madabouthorror\\\/\",\"https:\\\/\\\/www.instagram.com\\\/madabouthorror\\\/\",\"https:\\\/\\\/www.pinterest.co.uk\\\/madabouthorror\\\/\",\"https:\\\/\\\/www.youtube.com\\\/channel\\\/UCBooLOIxjoQ89dj6T5lWm_w\",\"https:\\\/\\\/www.tiktok.com\\\/@weremadabouthorror\"]}]}<\/script>\n<!-- \/ Yoast SEO plugin. -->","yoast_head_json":{"title":"Army of Darkness - Ash Deluxe Injection Mask | Mad About Horror","description":"Army of Darkness - Ash Deluxe Injection Mask. Kaufen Sie vom f\u00fchrenden Horror-Spezialisten des Vereinigten K\u00f6nigreichs und Europas. Offizieller britischer H\u00e4ndler von Trick or Treat Studios","robots":{"index":"index","follow":"follow","max-snippet":"max-snippet:-1","max-image-preview":"max-image-preview:large","max-video-preview":"max-video-preview:-1"},"canonical":"https:\/\/madabouthorror.co.uk\/de\/product\/army-of-darkness-ash-deluxe-injection-mask\/","og_locale":"de_DE","og_type":"article","og_title":"Army of Darkness - Ash Deluxe Injection Mask | Mad About Horror","og_description":"Army of Darkness - Ash Deluxe Injection Mask. Buy from the UK & Europe's leading horror specialist. Official UK Stockist of Trick or Treat Studios","og_url":"https:\/\/madabouthorror.co.uk\/de\/product\/army-of-darkness-ash-deluxe-injection-mask\/","og_site_name":"Mad About Horror","article_publisher":"https:\/\/www.facebook.com\/madabouthorror\/","article_modified_time":"2026-05-03T21:08:22+00:00","og_image":[{"width":1500,"height":1500,"url":"https:\/\/madabouthorror.co.uk\/wp-content\/uploads\/2025\/01\/TTMGM178-aod-ash-mask-front_1512x.png.webp","type":"image\/webp"}],"twitter_card":"summary_large_image","twitter_misc":{"Gesch\u00e4tzte Lesezeit":"1\u00a0Minute"},"schema":{"@context":"https:\/\/schema.org","@graph":[{"@type":["WebPage","ItemPage"],"@id":"https:\/\/madabouthorror.co.uk\/product\/army-of-darkness-ash-deluxe-injection-mask\/","url":"https:\/\/madabouthorror.co.uk\/product\/army-of-darkness-ash-deluxe-injection-mask\/","name":"Army of Darkness - Ash Deluxe Injection Mask | Mad About Horror","isPartOf":{"@id":"https:\/\/madabouthorror.co.uk\/#website"},"primaryImageOfPage":{"@id":"https:\/\/madabouthorror.co.uk\/product\/army-of-darkness-ash-deluxe-injection-mask\/#primaryimage"},"image":{"@id":"https:\/\/madabouthorror.co.uk\/product\/army-of-darkness-ash-deluxe-injection-mask\/#primaryimage"},"thumbnailUrl":"https:\/\/madabouthorror.co.uk\/wp-content\/uploads\/2025\/01\/TTMGM178-aod-ash-mask-front_1512x.png.webp","datePublished":"2025-01-24T14:16:05+00:00","dateModified":"2026-05-03T21:08:22+00:00","description":"Army of Darkness - Ash Deluxe Injection Mask. Kaufen Sie vom f\u00fchrenden Horror-Spezialisten des Vereinigten K\u00f6nigreichs und Europas. Offizieller britischer H\u00e4ndler von Trick or Treat Studios","breadcrumb":{"@id":"https:\/\/madabouthorror.co.uk\/product\/army-of-darkness-ash-deluxe-injection-mask\/#breadcrumb"},"inLanguage":"de","potentialAction":[{"@type":"ReadAction","target":["https:\/\/madabouthorror.co.uk\/product\/army-of-darkness-ash-deluxe-injection-mask\/"]}]},{"@type":"ImageObject","inLanguage":"de","@id":"https:\/\/madabouthorror.co.uk\/product\/army-of-darkness-ash-deluxe-injection-mask\/#primaryimage","url":"https:\/\/madabouthorror.co.uk\/wp-content\/uploads\/2025\/01\/TTMGM178-aod-ash-mask-front_1512x.png.webp","contentUrl":"https:\/\/madabouthorror.co.uk\/wp-content\/uploads\/2025\/01\/TTMGM178-aod-ash-mask-front_1512x.png.webp","width":1500,"height":1500,"caption":"Army of Darkness - Ash Deluxe Injection Mask"},{"@type":"BreadcrumbList","@id":"https:\/\/madabouthorror.co.uk\/product\/army-of-darkness-ash-deluxe-injection-mask\/#breadcrumb","itemListElement":[{"@type":"ListItem","position":1,"name":"Shop","item":"https:\/\/madabouthorror.co.uk\/shop\/"},{"@type":"ListItem","position":2,"name":"Army of Darkness &#8211; Ash Deluxe Injection Mask"}]},{"@type":"WebSite","@id":"https:\/\/madabouthorror.co.uk\/#website","url":"https:\/\/madabouthorror.co.uk\/","name":"Verr\u00fcckt nach Horror","description":"","publisher":{"@id":"https:\/\/madabouthorror.co.uk\/#organization"},"alternateName":"Mad About Horror Limited","potentialAction":[{"@type":"SearchAction","target":{"@type":"EntryPoint","urlTemplate":"https:\/\/madabouthorror.co.uk\/?s={search_term_string}"},"query-input":{"@type":"PropertyValueSpecification","valueRequired":true,"valueName":"search_term_string"}}],"inLanguage":"de"},{"@type":"Organization","@id":"https:\/\/madabouthorror.co.uk\/#organization","name":"Verr\u00fcckt nach Horror","url":"https:\/\/madabouthorror.co.uk\/","logo":{"@type":"ImageObject","inLanguage":"de","@id":"https:\/\/madabouthorror.co.uk\/#\/schema\/logo\/image\/","url":"https:\/\/madabouthorror.co.uk\/wp-content\/uploads\/2024\/02\/cropped-Logo.png","contentUrl":"https:\/\/madabouthorror.co.uk\/wp-content\/uploads\/2024\/02\/cropped-Logo.png","width":240,"height":88,"caption":"Mad About Horror"},"image":{"@id":"https:\/\/madabouthorror.co.uk\/#\/schema\/logo\/image\/"},"sameAs":["https:\/\/www.facebook.com\/madabouthorror\/","https:\/\/www.instagram.com\/madabouthorror\/","https:\/\/www.pinterest.co.uk\/madabouthorror\/","https:\/\/www.youtube.com\/channel\/UCBooLOIxjoQ89dj6T5lWm_w","https:\/\/www.tiktok.com\/@weremadabouthorror"]}]}},"df_price":44.95,"df_sale_price":"","df_regular_price":44.95,"df_image_link":"https:\/\/madabouthorror.co.uk\/wp-content\/uploads\/2025\/01\/TTMGM178-aod-ash-mask-front_1512x.png-300x300.webp","_links":{"self":[{"href":"https:\/\/madabouthorror.co.uk\/de\/wp-json\/wp\/v2\/product\/523448","targetHints":{"allow":["GET"]}}],"collection":[{"href":"https:\/\/madabouthorror.co.uk\/de\/wp-json\/wp\/v2\/product"}],"about":[{"href":"https:\/\/madabouthorror.co.uk\/de\/wp-json\/wp\/v2\/types\/product"}],"replies":[{"embeddable":true,"href":"https:\/\/madabouthorror.co.uk\/de\/wp-json\/wp\/v2\/comments?post=523448"}],"wp:featuredmedia":[{"embeddable":true,"href":"https:\/\/madabouthorror.co.uk\/de\/wp-json\/wp\/v2\/media\/523450"}],"wp:attachment":[{"href":"https:\/\/madabouthorror.co.uk\/de\/wp-json\/wp\/v2\/media?parent=523448"}],"wp:term":[{"taxonomy":"product_brand","embeddable":true,"href":"https:\/\/madabouthorror.co.uk\/de\/wp-json\/wp\/v2\/product_brand?post=523448"},{"taxonomy":"product_cat","embeddable":true,"href":"https:\/\/madabouthorror.co.uk\/de\/wp-json\/wp\/v2\/product_cat?post=523448"},{"taxonomy":"product_tag","embeddable":true,"href":"https:\/\/madabouthorror.co.uk\/de\/wp-json\/wp\/v2\/product_tag?post=523448"}],"curies":[{"name":"wp","href":"https:\/\/api.w.org\/{rel}","templated":true}]}}