{"id":523460,"date":"2025-01-24T14:54:09","date_gmt":"2025-01-24T14:54:09","guid":{"rendered":"https:\/\/madabouthorror.co.uk\/?post_type=product&#038;p=523460"},"modified":"2026-04-20T13:43:03","modified_gmt":"2026-04-20T12:43:03","slug":"halloween-1978-poster-knife-hand-bag","status":"publish","type":"product","link":"https:\/\/madabouthorror.co.uk\/de\/product\/halloween-1978-poster-knife-hand-bag\/","title":{"rendered":"Halloween 1978 - Poster Messer Handtasche"},"content":{"rendered":"<p>Wir stellen vor: Trick or Treat Studios, offiziell lizenziert <strong>Halloween (1978) \u2013 Poster Tasche \/ Handtasche<\/strong>Diese stilvolle und funktionelle Handtasche ist aus hochwertigem veganem Leder gefertigt und garantiert hervorragende Haltbarkeit. Sie verf\u00fcgt \u00fcber ein bedrucktes Innenfutter, eine ger\u00e4umige Mitteltasche, zwei Seitentaschen, einen verstellbaren Riemen und einen individuellen Rei\u00dfverschlussschieber, was sie zum perfekten Accessoire f\u00fcr jede <em>Halloween<\/em> Fan, der ein St\u00fcck Horror-Geschichte mit sich tragen m\u00f6chte, wohin er auch geht.<\/p>\n<p>Holen Sie sich die Halloween 1978 \u2013 Poster-Tasche und feiern Sie \u201cThe night he came home!\u201d<\/p>","protected":false},"excerpt":{"rendered":"<p>Wir stellen die Trick or Treat Studios, offiziell lizenziert Halloween (1978) \u2013 Poster-Tasche \/ Handtasche vor! Diese stilvolle und funktionale Tasche ist aus hochwertigem veganem Leder gefertigt und sorgt f\u00fcr hervorragende Haltbarkeit. Sie verf\u00fcgt \u00fcber ein bedrucktes Innenfutter, eine ger\u00e4umige Haupttasche, zwei Seitentaschen, einen verstellbaren Riemen und einen individuellen Rei\u00dfverschlussanh\u00e4nger, was sie zur perfekten [...]<\/p>","protected":false},"featured_media":523462,"comment_status":"closed","ping_status":"closed","template":"","meta":{"_acf_changed":false},"product_brand":[],"product_cat":[10040,10038,6559,6581,6571,6792,6660],"product_tag":[],"class_list":{"0":"post-523460","1":"product","2":"type-product","3":"status-publish","4":"has-post-thumbnail","6":"product_cat-gifts-under-100","7":"product_cat-horror-gifts","8":"product_cat-clothing","9":"product_cat-bags","10":"product_cat-just-arrived","11":"product_cat-trick-or-treat-studios","12":"product_cat-halloweenmichaelmyers","14":"first","15":"instock","16":"taxable","17":"shipping-taxable","18":"purchasable","19":"product-type-simple"},"supplier_id":471029,"supplier_sku":"SFTI118","barcode":"810116285174","atum_controlled":true,"out_stock_date":null,"out_stock_threshold":null,"inheritable":false,"inbound_stock":0,"stock_on_hold":0,"sold_today":0,"sales_last_days":0,"reserved_stock":0,"customer_returns":0,"warehouse_damage":0,"lost_in_post":0,"other_logs":0,"out_stock_days":0,"lost_sales":0,"has_location":false,"update_date":"2026-04-29T01:30:40","atum_locations":[],"atum_stock_status":"instock","restock_status":false,"low_stock_amount":3,"sales_update_date":"2026-04-29T01:30:39","calc_backorders":null,"acf":[],"yoast_head":"<!-- This site is optimized with the Yoast SEO plugin v27.5 - https:\/\/yoast.com\/product\/yoast-seo-wordpress\/ -->\n<title>Halloween 1978 - Poster Knife Hand Bag | Mad About Horror<\/title>\n<meta name=\"description\" content=\"Halloween 1978 - Poster Knife Bag. Official UK Stockist of Trick or Treat Studios. UK Stock, Fast Delivery. Horror and Halloween Specialist.\" \/>\n<meta name=\"robots\" content=\"index, follow, max-snippet:-1, max-image-preview:large, max-video-preview:-1\" \/>\n<link rel=\"canonical\" href=\"https:\/\/madabouthorror.co.uk\/de\/product\/halloween-1978-poster-knife-hand-bag\/\" \/>\n<meta property=\"og:locale\" content=\"de_DE\" \/>\n<meta property=\"og:type\" content=\"article\" \/>\n<meta property=\"og:title\" content=\"Halloween 1978 - Poster Knife Hand Bag | Mad About Horror\" \/>\n<meta property=\"og:description\" content=\"Halloween 1978 - Poster Knife Bag. Official UK Stockist of Trick or Treat Studios. UK Stock, Fast Delivery. Horror and Halloween Specialist.\" \/>\n<meta property=\"og:url\" content=\"https:\/\/madabouthorror.co.uk\/de\/product\/halloween-1978-poster-knife-hand-bag\/\" \/>\n<meta property=\"og:site_name\" content=\"Mad About Horror\" \/>\n<meta property=\"article:publisher\" content=\"https:\/\/www.facebook.com\/madabouthorror\/\" \/>\n<meta property=\"article:modified_time\" content=\"2026-04-20T12:43:03+00:00\" \/>\n<meta property=\"og:image\" content=\"https:\/\/madabouthorror.co.uk\/wp-content\/uploads\/2025\/01\/SFTI118-halloween78-poster-purse-front_1296x.png.webp\" \/>\n\t<meta property=\"og:image:width\" content=\"1296\" \/>\n\t<meta property=\"og:image:height\" content=\"1296\" \/>\n\t<meta property=\"og:image:type\" content=\"image\/webp\" \/>\n<meta name=\"twitter:card\" content=\"summary_large_image\" \/>\n<meta name=\"twitter:label1\" content=\"Gesch\u00e4tzte Lesezeit\" \/>\n\t<meta name=\"twitter:data1\" content=\"1\u00a0Minute\" \/>\n<script type=\"application\/ld+json\" class=\"yoast-schema-graph\">{\"@context\":\"https:\\\/\\\/schema.org\",\"@graph\":[{\"@type\":[\"WebPage\",\"ItemPage\"],\"@id\":\"https:\\\/\\\/madabouthorror.co.uk\\\/product\\\/halloween-1978-poster-knife-hand-bag\\\/\",\"url\":\"https:\\\/\\\/madabouthorror.co.uk\\\/product\\\/halloween-1978-poster-knife-hand-bag\\\/\",\"name\":\"Halloween 1978 - Poster Knife Hand Bag | Mad About Horror\",\"isPartOf\":{\"@id\":\"https:\\\/\\\/madabouthorror.co.uk\\\/#website\"},\"primaryImageOfPage\":{\"@id\":\"https:\\\/\\\/madabouthorror.co.uk\\\/product\\\/halloween-1978-poster-knife-hand-bag\\\/#primaryimage\"},\"image\":{\"@id\":\"https:\\\/\\\/madabouthorror.co.uk\\\/product\\\/halloween-1978-poster-knife-hand-bag\\\/#primaryimage\"},\"thumbnailUrl\":\"https:\\\/\\\/madabouthorror.co.uk\\\/wp-content\\\/uploads\\\/2025\\\/01\\\/SFTI118-halloween78-poster-purse-front_1296x.png.webp\",\"datePublished\":\"2025-01-24T14:54:09+00:00\",\"dateModified\":\"2026-04-20T12:43:03+00:00\",\"description\":\"Halloween 1978 - Poster Knife Bag. Official UK Stockist of Trick or Treat Studios. UK Stock, Fast Delivery. Horror and Halloween Specialist.\",\"breadcrumb\":{\"@id\":\"https:\\\/\\\/madabouthorror.co.uk\\\/product\\\/halloween-1978-poster-knife-hand-bag\\\/#breadcrumb\"},\"inLanguage\":\"de\",\"potentialAction\":[{\"@type\":\"ReadAction\",\"target\":[\"https:\\\/\\\/madabouthorror.co.uk\\\/product\\\/halloween-1978-poster-knife-hand-bag\\\/\"]}]},{\"@type\":\"ImageObject\",\"inLanguage\":\"de\",\"@id\":\"https:\\\/\\\/madabouthorror.co.uk\\\/product\\\/halloween-1978-poster-knife-hand-bag\\\/#primaryimage\",\"url\":\"https:\\\/\\\/madabouthorror.co.uk\\\/wp-content\\\/uploads\\\/2025\\\/01\\\/SFTI118-halloween78-poster-purse-front_1296x.png.webp\",\"contentUrl\":\"https:\\\/\\\/madabouthorror.co.uk\\\/wp-content\\\/uploads\\\/2025\\\/01\\\/SFTI118-halloween78-poster-purse-front_1296x.png.webp\",\"width\":1296,\"height\":1296,\"caption\":\"Halloween 1978 - Poster Knife Bag\"},{\"@type\":\"BreadcrumbList\",\"@id\":\"https:\\\/\\\/madabouthorror.co.uk\\\/product\\\/halloween-1978-poster-knife-hand-bag\\\/#breadcrumb\",\"itemListElement\":[{\"@type\":\"ListItem\",\"position\":1,\"name\":\"Shop\",\"item\":\"https:\\\/\\\/madabouthorror.co.uk\\\/shop\\\/\"},{\"@type\":\"ListItem\",\"position\":2,\"name\":\"Halloween 1978 &#8211; Poster Knife Hand Bag\"}]},{\"@type\":\"WebSite\",\"@id\":\"https:\\\/\\\/madabouthorror.co.uk\\\/#website\",\"url\":\"https:\\\/\\\/madabouthorror.co.uk\\\/\",\"name\":\"Mad About Horror\",\"description\":\"\",\"publisher\":{\"@id\":\"https:\\\/\\\/madabouthorror.co.uk\\\/#organization\"},\"alternateName\":\"Mad About Horror Limited\",\"potentialAction\":[{\"@type\":\"SearchAction\",\"target\":{\"@type\":\"EntryPoint\",\"urlTemplate\":\"https:\\\/\\\/madabouthorror.co.uk\\\/?s={search_term_string}\"},\"query-input\":{\"@type\":\"PropertyValueSpecification\",\"valueRequired\":true,\"valueName\":\"search_term_string\"}}],\"inLanguage\":\"de\"},{\"@type\":\"Organization\",\"@id\":\"https:\\\/\\\/madabouthorror.co.uk\\\/#organization\",\"name\":\"Mad About Horror\",\"url\":\"https:\\\/\\\/madabouthorror.co.uk\\\/\",\"logo\":{\"@type\":\"ImageObject\",\"inLanguage\":\"de\",\"@id\":\"https:\\\/\\\/madabouthorror.co.uk\\\/#\\\/schema\\\/logo\\\/image\\\/\",\"url\":\"https:\\\/\\\/madabouthorror.co.uk\\\/wp-content\\\/uploads\\\/2024\\\/02\\\/cropped-Logo.png\",\"contentUrl\":\"https:\\\/\\\/madabouthorror.co.uk\\\/wp-content\\\/uploads\\\/2024\\\/02\\\/cropped-Logo.png\",\"width\":240,\"height\":88,\"caption\":\"Mad About Horror\"},\"image\":{\"@id\":\"https:\\\/\\\/madabouthorror.co.uk\\\/#\\\/schema\\\/logo\\\/image\\\/\"},\"sameAs\":[\"https:\\\/\\\/www.facebook.com\\\/madabouthorror\\\/\",\"https:\\\/\\\/www.instagram.com\\\/madabouthorror\\\/\",\"https:\\\/\\\/www.pinterest.co.uk\\\/madabouthorror\\\/\",\"https:\\\/\\\/www.youtube.com\\\/channel\\\/UCBooLOIxjoQ89dj6T5lWm_w\",\"https:\\\/\\\/www.tiktok.com\\\/@weremadabouthorror\"]}]}<\/script>\n<!-- \/ Yoast SEO plugin. -->","yoast_head_json":{"title":"Halloween 1978 - Poster Messerstecher Tasche | Mad About Horror","description":"Halloween 1978 - Poster Messer Tasche. Offizieller britischer H\u00e4ndler von Trick or Treat Studios. Lagerbestand in Gro\u00dfbritannien, schnelle Lieferung. Horror- und Halloween-Spezialist.","robots":{"index":"index","follow":"follow","max-snippet":"max-snippet:-1","max-image-preview":"max-image-preview:large","max-video-preview":"max-video-preview:-1"},"canonical":"https:\/\/madabouthorror.co.uk\/de\/product\/halloween-1978-poster-knife-hand-bag\/","og_locale":"de_DE","og_type":"article","og_title":"Halloween 1978 - Poster Knife Hand Bag | Mad About Horror","og_description":"Halloween 1978 - Poster Knife Bag. Official UK Stockist of Trick or Treat Studios. UK Stock, Fast Delivery. Horror and Halloween Specialist.","og_url":"https:\/\/madabouthorror.co.uk\/de\/product\/halloween-1978-poster-knife-hand-bag\/","og_site_name":"Mad About Horror","article_publisher":"https:\/\/www.facebook.com\/madabouthorror\/","article_modified_time":"2026-04-20T12:43:03+00:00","og_image":[{"width":1296,"height":1296,"url":"https:\/\/madabouthorror.co.uk\/wp-content\/uploads\/2025\/01\/SFTI118-halloween78-poster-purse-front_1296x.png.webp","type":"image\/webp"}],"twitter_card":"summary_large_image","twitter_misc":{"Gesch\u00e4tzte Lesezeit":"1\u00a0Minute"},"schema":{"@context":"https:\/\/schema.org","@graph":[{"@type":["WebPage","ItemPage"],"@id":"https:\/\/madabouthorror.co.uk\/product\/halloween-1978-poster-knife-hand-bag\/","url":"https:\/\/madabouthorror.co.uk\/product\/halloween-1978-poster-knife-hand-bag\/","name":"Halloween 1978 - Poster Messerstecher Tasche | Mad About Horror","isPartOf":{"@id":"https:\/\/madabouthorror.co.uk\/#website"},"primaryImageOfPage":{"@id":"https:\/\/madabouthorror.co.uk\/product\/halloween-1978-poster-knife-hand-bag\/#primaryimage"},"image":{"@id":"https:\/\/madabouthorror.co.uk\/product\/halloween-1978-poster-knife-hand-bag\/#primaryimage"},"thumbnailUrl":"https:\/\/madabouthorror.co.uk\/wp-content\/uploads\/2025\/01\/SFTI118-halloween78-poster-purse-front_1296x.png.webp","datePublished":"2025-01-24T14:54:09+00:00","dateModified":"2026-04-20T12:43:03+00:00","description":"Halloween 1978 - Poster Messer Tasche. Offizieller britischer H\u00e4ndler von Trick or Treat Studios. Lagerbestand in Gro\u00dfbritannien, schnelle Lieferung. Horror- und Halloween-Spezialist.","breadcrumb":{"@id":"https:\/\/madabouthorror.co.uk\/product\/halloween-1978-poster-knife-hand-bag\/#breadcrumb"},"inLanguage":"de","potentialAction":[{"@type":"ReadAction","target":["https:\/\/madabouthorror.co.uk\/product\/halloween-1978-poster-knife-hand-bag\/"]}]},{"@type":"ImageObject","inLanguage":"de","@id":"https:\/\/madabouthorror.co.uk\/product\/halloween-1978-poster-knife-hand-bag\/#primaryimage","url":"https:\/\/madabouthorror.co.uk\/wp-content\/uploads\/2025\/01\/SFTI118-halloween78-poster-purse-front_1296x.png.webp","contentUrl":"https:\/\/madabouthorror.co.uk\/wp-content\/uploads\/2025\/01\/SFTI118-halloween78-poster-purse-front_1296x.png.webp","width":1296,"height":1296,"caption":"Halloween 1978 - Poster Knife Bag"},{"@type":"BreadcrumbList","@id":"https:\/\/madabouthorror.co.uk\/product\/halloween-1978-poster-knife-hand-bag\/#breadcrumb","itemListElement":[{"@type":"ListItem","position":1,"name":"Shop","item":"https:\/\/madabouthorror.co.uk\/shop\/"},{"@type":"ListItem","position":2,"name":"Halloween 1978 &#8211; Poster Knife Hand Bag"}]},{"@type":"WebSite","@id":"https:\/\/madabouthorror.co.uk\/#website","url":"https:\/\/madabouthorror.co.uk\/","name":"Verr\u00fcckt nach Horror","description":"","publisher":{"@id":"https:\/\/madabouthorror.co.uk\/#organization"},"alternateName":"Mad About Horror Limited","potentialAction":[{"@type":"SearchAction","target":{"@type":"EntryPoint","urlTemplate":"https:\/\/madabouthorror.co.uk\/?s={search_term_string}"},"query-input":{"@type":"PropertyValueSpecification","valueRequired":true,"valueName":"search_term_string"}}],"inLanguage":"de"},{"@type":"Organization","@id":"https:\/\/madabouthorror.co.uk\/#organization","name":"Verr\u00fcckt nach Horror","url":"https:\/\/madabouthorror.co.uk\/","logo":{"@type":"ImageObject","inLanguage":"de","@id":"https:\/\/madabouthorror.co.uk\/#\/schema\/logo\/image\/","url":"https:\/\/madabouthorror.co.uk\/wp-content\/uploads\/2024\/02\/cropped-Logo.png","contentUrl":"https:\/\/madabouthorror.co.uk\/wp-content\/uploads\/2024\/02\/cropped-Logo.png","width":240,"height":88,"caption":"Mad About Horror"},"image":{"@id":"https:\/\/madabouthorror.co.uk\/#\/schema\/logo\/image\/"},"sameAs":["https:\/\/www.facebook.com\/madabouthorror\/","https:\/\/www.instagram.com\/madabouthorror\/","https:\/\/www.pinterest.co.uk\/madabouthorror\/","https:\/\/www.youtube.com\/channel\/UCBooLOIxjoQ89dj6T5lWm_w","https:\/\/www.tiktok.com\/@weremadabouthorror"]}]}},"df_price":64.95,"df_sale_price":"","df_regular_price":64.95,"df_image_link":"https:\/\/madabouthorror.co.uk\/wp-content\/uploads\/2025\/01\/SFTI118-halloween78-poster-purse-front_1296x.png-300x300.webp","_links":{"self":[{"href":"https:\/\/madabouthorror.co.uk\/de\/wp-json\/wp\/v2\/product\/523460","targetHints":{"allow":["GET"]}}],"collection":[{"href":"https:\/\/madabouthorror.co.uk\/de\/wp-json\/wp\/v2\/product"}],"about":[{"href":"https:\/\/madabouthorror.co.uk\/de\/wp-json\/wp\/v2\/types\/product"}],"replies":[{"embeddable":true,"href":"https:\/\/madabouthorror.co.uk\/de\/wp-json\/wp\/v2\/comments?post=523460"}],"wp:featuredmedia":[{"embeddable":true,"href":"https:\/\/madabouthorror.co.uk\/de\/wp-json\/wp\/v2\/media\/523462"}],"wp:attachment":[{"href":"https:\/\/madabouthorror.co.uk\/de\/wp-json\/wp\/v2\/media?parent=523460"}],"wp:term":[{"taxonomy":"product_brand","embeddable":true,"href":"https:\/\/madabouthorror.co.uk\/de\/wp-json\/wp\/v2\/product_brand?post=523460"},{"taxonomy":"product_cat","embeddable":true,"href":"https:\/\/madabouthorror.co.uk\/de\/wp-json\/wp\/v2\/product_cat?post=523460"},{"taxonomy":"product_tag","embeddable":true,"href":"https:\/\/madabouthorror.co.uk\/de\/wp-json\/wp\/v2\/product_tag?post=523460"}],"curies":[{"name":"wp","href":"https:\/\/api.w.org\/{rel}","templated":true}]}}