{"id":523995,"date":"2025-01-28T14:54:52","date_gmt":"2025-01-28T14:54:52","guid":{"rendered":"https:\/\/madabouthorror.co.uk\/?post_type=product&#038;p=523995"},"modified":"2026-04-20T15:40:27","modified_gmt":"2026-04-20T14:40:27","slug":"the-crow-deluxe-injection-mask-2","status":"publish","type":"product","link":"https:\/\/madabouthorror.co.uk\/de\/product\/the-crow-deluxe-injection-mask-2\/","title":{"rendered":"Die Kr\u00e4he - James O'Barr Deluxe Injektionsmaske"},"content":{"rendered":"<p>Trick or Treat Studios pr\u00e4sentiert die James O\u2019Barr\u2019s The Crow \u2013 Deluxe Injection Mask, ein Muss f\u00fcr Fans des klassischen Comics. Diese Maske besteht aus strapazierf\u00e4higem Hartplastik und ist sorgf\u00e4ltig geformt, um der Figur von The Crow zu entsprechen. Sie ist handbemalt f\u00fcr einen authentischen Look. Die Maske verf\u00fcgt \u00fcber einen elastischen Riemen f\u00fcr einen sicheren Halt und wird mit einer angebrachten, stilisierten Per\u00fccke f\u00fcr vollst\u00e4ndige Abdeckung geliefert. Ideal f\u00fcr Cosplay, Halloween oder zum Ausstellen erweckt diese Deluxe Crow Mask das ikonische Bild von The Crow zum Leben.<\/p>","protected":false},"excerpt":{"rendered":"<p>Trick or Treat Studios pr\u00e4sentiert die James O\u2019Barr\u2019s The Crow \u2013 Deluxe Injection Mask, ein Muss f\u00fcr Fans des klassischen Comics. Diese Maske besteht aus strapazierf\u00e4higem, steifem Kunststoff und ist sorgf\u00e4ltig geformt, um der Figur des Kr\u00e4henmanns zu entsprechen. Sie ist handbemalt f\u00fcr einen authentischen Look. Die Maske verf\u00fcgt \u00fcber ein elastisches Band f\u00fcr einen sicheren Halt und [\u2026]<\/p>","protected":false},"featured_media":523999,"comment_status":"closed","ping_status":"closed","template":"","meta":{"_acf_changed":false},"product_brand":[],"product_cat":[6580,10041,10038,9962,6541,6571,6792,7034],"product_tag":[],"class_list":{"0":"post-523995","1":"product","2":"type-product","3":"status-publish","4":"has-post-thumbnail","6":"product_cat-movie-tv","7":"product_cat-gifts-under-50","8":"product_cat-horror-gifts","9":"product_cat-trick-or-treat-studios-masks","10":"product_cat-masks","11":"product_cat-just-arrived","12":"product_cat-trick-or-treat-studios","13":"product_cat-thecrow","14":"product_shipping_class-small-parcel-economy-3-5-business-days","16":"first","17":"instock","18":"taxable","19":"shipping-taxable","20":"purchasable","21":"product-type-simple"},"supplier_id":467429,"supplier_sku":"TTEV109","barcode":"TTEV109","atum_controlled":true,"out_stock_date":null,"out_stock_threshold":null,"inheritable":false,"inbound_stock":0,"stock_on_hold":0,"sold_today":0,"sales_last_days":0,"reserved_stock":0,"customer_returns":0,"warehouse_damage":0,"lost_in_post":0,"other_logs":0,"out_stock_days":0,"lost_sales":0,"has_location":false,"update_date":"2026-04-30T01:34:38","atum_locations":[],"atum_stock_status":"instock","restock_status":false,"low_stock_amount":6,"sales_update_date":"2026-04-30T01:34:36","calc_backorders":null,"acf":[],"yoast_head":"<!-- This site is optimized with the Yoast SEO plugin v27.5 - https:\/\/yoast.com\/product\/yoast-seo-wordpress\/ -->\n<title>The Crow - James O&#039;Barr Deluxe Injection Mask | Mad About Horror<\/title>\n<meta name=\"description\" content=\"The Crow - Deluxe Injection Mask. Official UK Stockist of Trick or Treat Studios. Buy from the UK &amp; Europe&#039;s leading horror and Halloween specialist\" \/>\n<meta name=\"robots\" content=\"index, follow, max-snippet:-1, max-image-preview:large, max-video-preview:-1\" \/>\n<link rel=\"canonical\" href=\"https:\/\/madabouthorror.co.uk\/de\/product\/the-crow-deluxe-injection-mask-2\/\" \/>\n<meta property=\"og:locale\" content=\"de_DE\" \/>\n<meta property=\"og:type\" content=\"article\" \/>\n<meta property=\"og:title\" content=\"The Crow - James O&#039;Barr Deluxe Injection Mask | Mad About Horror\" \/>\n<meta property=\"og:description\" content=\"The Crow - Deluxe Injection Mask. Official UK Stockist of Trick or Treat Studios. Buy from the UK &amp; Europe&#039;s leading horror and Halloween specialist\" \/>\n<meta property=\"og:url\" content=\"https:\/\/madabouthorror.co.uk\/de\/product\/the-crow-deluxe-injection-mask-2\/\" \/>\n<meta property=\"og:site_name\" content=\"Mad About Horror\" \/>\n<meta property=\"article:publisher\" content=\"https:\/\/www.facebook.com\/madabouthorror\/\" \/>\n<meta property=\"article:modified_time\" content=\"2026-04-20T14:40:27+00:00\" \/>\n<meta property=\"og:image\" content=\"https:\/\/madabouthorror.co.uk\/wp-content\/uploads\/2025\/01\/TTEV109-comic-crow-mask-front_2048x.png.webp\" \/>\n\t<meta property=\"og:image:width\" content=\"1500\" \/>\n\t<meta property=\"og:image:height\" content=\"1500\" \/>\n\t<meta property=\"og:image:type\" content=\"image\/webp\" \/>\n<meta name=\"twitter:card\" content=\"summary_large_image\" \/>\n<meta name=\"twitter:label1\" content=\"Gesch\u00e4tzte Lesezeit\" \/>\n\t<meta name=\"twitter:data1\" content=\"1\u00a0Minute\" \/>\n<script type=\"application\/ld+json\" class=\"yoast-schema-graph\">{\"@context\":\"https:\\\/\\\/schema.org\",\"@graph\":[{\"@type\":[\"WebPage\",\"ItemPage\"],\"@id\":\"https:\\\/\\\/madabouthorror.co.uk\\\/product\\\/the-crow-deluxe-injection-mask-2\\\/\",\"url\":\"https:\\\/\\\/madabouthorror.co.uk\\\/product\\\/the-crow-deluxe-injection-mask-2\\\/\",\"name\":\"The Crow - James O'Barr Deluxe Injection Mask | Mad About Horror\",\"isPartOf\":{\"@id\":\"https:\\\/\\\/madabouthorror.co.uk\\\/#website\"},\"primaryImageOfPage\":{\"@id\":\"https:\\\/\\\/madabouthorror.co.uk\\\/product\\\/the-crow-deluxe-injection-mask-2\\\/#primaryimage\"},\"image\":{\"@id\":\"https:\\\/\\\/madabouthorror.co.uk\\\/product\\\/the-crow-deluxe-injection-mask-2\\\/#primaryimage\"},\"thumbnailUrl\":\"https:\\\/\\\/madabouthorror.co.uk\\\/wp-content\\\/uploads\\\/2025\\\/01\\\/TTEV109-comic-crow-mask-front_2048x.png.webp\",\"datePublished\":\"2025-01-28T14:54:52+00:00\",\"dateModified\":\"2026-04-20T14:40:27+00:00\",\"description\":\"The Crow - Deluxe Injection Mask. Official UK Stockist of Trick or Treat Studios. Buy from the UK & Europe's leading horror and Halloween specialist\",\"breadcrumb\":{\"@id\":\"https:\\\/\\\/madabouthorror.co.uk\\\/product\\\/the-crow-deluxe-injection-mask-2\\\/#breadcrumb\"},\"inLanguage\":\"de\",\"potentialAction\":[{\"@type\":\"ReadAction\",\"target\":[\"https:\\\/\\\/madabouthorror.co.uk\\\/product\\\/the-crow-deluxe-injection-mask-2\\\/\"]}]},{\"@type\":\"ImageObject\",\"inLanguage\":\"de\",\"@id\":\"https:\\\/\\\/madabouthorror.co.uk\\\/product\\\/the-crow-deluxe-injection-mask-2\\\/#primaryimage\",\"url\":\"https:\\\/\\\/madabouthorror.co.uk\\\/wp-content\\\/uploads\\\/2025\\\/01\\\/TTEV109-comic-crow-mask-front_2048x.png.webp\",\"contentUrl\":\"https:\\\/\\\/madabouthorror.co.uk\\\/wp-content\\\/uploads\\\/2025\\\/01\\\/TTEV109-comic-crow-mask-front_2048x.png.webp\",\"width\":1500,\"height\":1500,\"caption\":\"The Crow - James O'Barr Deluxe Injection Mask\"},{\"@type\":\"BreadcrumbList\",\"@id\":\"https:\\\/\\\/madabouthorror.co.uk\\\/product\\\/the-crow-deluxe-injection-mask-2\\\/#breadcrumb\",\"itemListElement\":[{\"@type\":\"ListItem\",\"position\":1,\"name\":\"Shop\",\"item\":\"https:\\\/\\\/madabouthorror.co.uk\\\/shop\\\/\"},{\"@type\":\"ListItem\",\"position\":2,\"name\":\"The Crow &#8211; James O&#8217;Barr Deluxe Injection Mask\"}]},{\"@type\":\"WebSite\",\"@id\":\"https:\\\/\\\/madabouthorror.co.uk\\\/#website\",\"url\":\"https:\\\/\\\/madabouthorror.co.uk\\\/\",\"name\":\"Mad About Horror\",\"description\":\"\",\"publisher\":{\"@id\":\"https:\\\/\\\/madabouthorror.co.uk\\\/#organization\"},\"alternateName\":\"Mad About Horror Limited\",\"potentialAction\":[{\"@type\":\"SearchAction\",\"target\":{\"@type\":\"EntryPoint\",\"urlTemplate\":\"https:\\\/\\\/madabouthorror.co.uk\\\/?s={search_term_string}\"},\"query-input\":{\"@type\":\"PropertyValueSpecification\",\"valueRequired\":true,\"valueName\":\"search_term_string\"}}],\"inLanguage\":\"de\"},{\"@type\":\"Organization\",\"@id\":\"https:\\\/\\\/madabouthorror.co.uk\\\/#organization\",\"name\":\"Mad About Horror\",\"url\":\"https:\\\/\\\/madabouthorror.co.uk\\\/\",\"logo\":{\"@type\":\"ImageObject\",\"inLanguage\":\"de\",\"@id\":\"https:\\\/\\\/madabouthorror.co.uk\\\/#\\\/schema\\\/logo\\\/image\\\/\",\"url\":\"https:\\\/\\\/madabouthorror.co.uk\\\/wp-content\\\/uploads\\\/2024\\\/02\\\/cropped-Logo.png\",\"contentUrl\":\"https:\\\/\\\/madabouthorror.co.uk\\\/wp-content\\\/uploads\\\/2024\\\/02\\\/cropped-Logo.png\",\"width\":240,\"height\":88,\"caption\":\"Mad About Horror\"},\"image\":{\"@id\":\"https:\\\/\\\/madabouthorror.co.uk\\\/#\\\/schema\\\/logo\\\/image\\\/\"},\"sameAs\":[\"https:\\\/\\\/www.facebook.com\\\/madabouthorror\\\/\",\"https:\\\/\\\/www.instagram.com\\\/madabouthorror\\\/\",\"https:\\\/\\\/www.pinterest.co.uk\\\/madabouthorror\\\/\",\"https:\\\/\\\/www.youtube.com\\\/channel\\\/UCBooLOIxjoQ89dj6T5lWm_w\",\"https:\\\/\\\/www.tiktok.com\\\/@weremadabouthorror\"]}]}<\/script>\n<!-- \/ Yoast SEO plugin. -->","yoast_head_json":{"title":"The Crow - James O'Barr Deluxe Injektionsmaske | Mad About Horror","description":"Die Kr\u00e4he - Deluxe Injektionsmaske. Offizieller britischer H\u00e4ndler von Trick or Treat Studios. Kaufen Sie beim f\u00fchrenden Horror- und Halloween-Spezialisten in Gro\u00dfbritannien und Europa","robots":{"index":"index","follow":"follow","max-snippet":"max-snippet:-1","max-image-preview":"max-image-preview:large","max-video-preview":"max-video-preview:-1"},"canonical":"https:\/\/madabouthorror.co.uk\/de\/product\/the-crow-deluxe-injection-mask-2\/","og_locale":"de_DE","og_type":"article","og_title":"The Crow - James O'Barr Deluxe Injection Mask | Mad About Horror","og_description":"The Crow - Deluxe Injection Mask. Official UK Stockist of Trick or Treat Studios. Buy from the UK & Europe's leading horror and Halloween specialist","og_url":"https:\/\/madabouthorror.co.uk\/de\/product\/the-crow-deluxe-injection-mask-2\/","og_site_name":"Mad About Horror","article_publisher":"https:\/\/www.facebook.com\/madabouthorror\/","article_modified_time":"2026-04-20T14:40:27+00:00","og_image":[{"width":1500,"height":1500,"url":"https:\/\/madabouthorror.co.uk\/wp-content\/uploads\/2025\/01\/TTEV109-comic-crow-mask-front_2048x.png.webp","type":"image\/webp"}],"twitter_card":"summary_large_image","twitter_misc":{"Gesch\u00e4tzte Lesezeit":"1\u00a0Minute"},"schema":{"@context":"https:\/\/schema.org","@graph":[{"@type":["WebPage","ItemPage"],"@id":"https:\/\/madabouthorror.co.uk\/product\/the-crow-deluxe-injection-mask-2\/","url":"https:\/\/madabouthorror.co.uk\/product\/the-crow-deluxe-injection-mask-2\/","name":"The Crow - James O'Barr Deluxe Injektionsmaske | Mad About Horror","isPartOf":{"@id":"https:\/\/madabouthorror.co.uk\/#website"},"primaryImageOfPage":{"@id":"https:\/\/madabouthorror.co.uk\/product\/the-crow-deluxe-injection-mask-2\/#primaryimage"},"image":{"@id":"https:\/\/madabouthorror.co.uk\/product\/the-crow-deluxe-injection-mask-2\/#primaryimage"},"thumbnailUrl":"https:\/\/madabouthorror.co.uk\/wp-content\/uploads\/2025\/01\/TTEV109-comic-crow-mask-front_2048x.png.webp","datePublished":"2025-01-28T14:54:52+00:00","dateModified":"2026-04-20T14:40:27+00:00","description":"Die Kr\u00e4he - Deluxe Injektionsmaske. Offizieller britischer H\u00e4ndler von Trick or Treat Studios. Kaufen Sie beim f\u00fchrenden Horror- und Halloween-Spezialisten in Gro\u00dfbritannien und Europa","breadcrumb":{"@id":"https:\/\/madabouthorror.co.uk\/product\/the-crow-deluxe-injection-mask-2\/#breadcrumb"},"inLanguage":"de","potentialAction":[{"@type":"ReadAction","target":["https:\/\/madabouthorror.co.uk\/product\/the-crow-deluxe-injection-mask-2\/"]}]},{"@type":"ImageObject","inLanguage":"de","@id":"https:\/\/madabouthorror.co.uk\/product\/the-crow-deluxe-injection-mask-2\/#primaryimage","url":"https:\/\/madabouthorror.co.uk\/wp-content\/uploads\/2025\/01\/TTEV109-comic-crow-mask-front_2048x.png.webp","contentUrl":"https:\/\/madabouthorror.co.uk\/wp-content\/uploads\/2025\/01\/TTEV109-comic-crow-mask-front_2048x.png.webp","width":1500,"height":1500,"caption":"The Crow - James O'Barr Deluxe Injection Mask"},{"@type":"BreadcrumbList","@id":"https:\/\/madabouthorror.co.uk\/product\/the-crow-deluxe-injection-mask-2\/#breadcrumb","itemListElement":[{"@type":"ListItem","position":1,"name":"Shop","item":"https:\/\/madabouthorror.co.uk\/shop\/"},{"@type":"ListItem","position":2,"name":"The Crow &#8211; James O&#8217;Barr Deluxe Injection Mask"}]},{"@type":"WebSite","@id":"https:\/\/madabouthorror.co.uk\/#website","url":"https:\/\/madabouthorror.co.uk\/","name":"Verr\u00fcckt nach Horror","description":"","publisher":{"@id":"https:\/\/madabouthorror.co.uk\/#organization"},"alternateName":"Mad About Horror Limited","potentialAction":[{"@type":"SearchAction","target":{"@type":"EntryPoint","urlTemplate":"https:\/\/madabouthorror.co.uk\/?s={search_term_string}"},"query-input":{"@type":"PropertyValueSpecification","valueRequired":true,"valueName":"search_term_string"}}],"inLanguage":"de"},{"@type":"Organization","@id":"https:\/\/madabouthorror.co.uk\/#organization","name":"Verr\u00fcckt nach Horror","url":"https:\/\/madabouthorror.co.uk\/","logo":{"@type":"ImageObject","inLanguage":"de","@id":"https:\/\/madabouthorror.co.uk\/#\/schema\/logo\/image\/","url":"https:\/\/madabouthorror.co.uk\/wp-content\/uploads\/2024\/02\/cropped-Logo.png","contentUrl":"https:\/\/madabouthorror.co.uk\/wp-content\/uploads\/2024\/02\/cropped-Logo.png","width":240,"height":88,"caption":"Mad About Horror"},"image":{"@id":"https:\/\/madabouthorror.co.uk\/#\/schema\/logo\/image\/"},"sameAs":["https:\/\/www.facebook.com\/madabouthorror\/","https:\/\/www.instagram.com\/madabouthorror\/","https:\/\/www.pinterest.co.uk\/madabouthorror\/","https:\/\/www.youtube.com\/channel\/UCBooLOIxjoQ89dj6T5lWm_w","https:\/\/www.tiktok.com\/@weremadabouthorror"]}]}},"df_price":44.95,"df_sale_price":"","df_regular_price":44.95,"df_image_link":"https:\/\/madabouthorror.co.uk\/wp-content\/uploads\/2025\/01\/TTEV109-comic-crow-mask-front_2048x.png-300x300.webp","_links":{"self":[{"href":"https:\/\/madabouthorror.co.uk\/de\/wp-json\/wp\/v2\/product\/523995","targetHints":{"allow":["GET"]}}],"collection":[{"href":"https:\/\/madabouthorror.co.uk\/de\/wp-json\/wp\/v2\/product"}],"about":[{"href":"https:\/\/madabouthorror.co.uk\/de\/wp-json\/wp\/v2\/types\/product"}],"replies":[{"embeddable":true,"href":"https:\/\/madabouthorror.co.uk\/de\/wp-json\/wp\/v2\/comments?post=523995"}],"wp:featuredmedia":[{"embeddable":true,"href":"https:\/\/madabouthorror.co.uk\/de\/wp-json\/wp\/v2\/media\/523999"}],"wp:attachment":[{"href":"https:\/\/madabouthorror.co.uk\/de\/wp-json\/wp\/v2\/media?parent=523995"}],"wp:term":[{"taxonomy":"product_brand","embeddable":true,"href":"https:\/\/madabouthorror.co.uk\/de\/wp-json\/wp\/v2\/product_brand?post=523995"},{"taxonomy":"product_cat","embeddable":true,"href":"https:\/\/madabouthorror.co.uk\/de\/wp-json\/wp\/v2\/product_cat?post=523995"},{"taxonomy":"product_tag","embeddable":true,"href":"https:\/\/madabouthorror.co.uk\/de\/wp-json\/wp\/v2\/product_tag?post=523995"}],"curies":[{"name":"wp","href":"https:\/\/api.w.org\/{rel}","templated":true}]}}