{"id":524278,"date":"2025-01-31T11:12:07","date_gmt":"2025-01-31T11:12:07","guid":{"rendered":"https:\/\/madabouthorror.co.uk\/?post_type=product&#038;p=524278"},"modified":"2026-04-24T14:08:40","modified_gmt":"2026-04-24T13:08:40","slug":"ghostface-aged-devil-face-mask","status":"publish","type":"product","link":"https:\/\/madabouthorror.co.uk\/de\/product\/ghostface-aged-devil-face-mask\/","title":{"rendered":"GhostFace - Gealterte Teufelsmaske"},"content":{"rendered":"<p>Entfessle ein neues Level des Terrors mit der Ghostface Aged Devil Maske. Diese gruselige Version der klassischen Ghostface-Maske verf\u00fcgt \u00fcber ein dunkles, verwittertes Design, komplett mit teuflischen Z\u00fcgen und einem gealterten Finish. Die Maske f\u00e4ngt ein unheilvolles, abgenutztes Aussehen ein, das die erschreckende Pr\u00e4senz einer d\u00e4monischen Macht hervorruft.<\/p>\n<p>WICHTIG: GF-Masken werden in Massenproduktion hergestellt und haben daher oft einen Fehler, auch wenn sie ein \"Sammlerst\u00fcck\" sind. Bitte kaufen Sie nicht, wenn Sie nicht gl\u00fccklich sind, dies zu akzeptieren. Wenn Sie eine Maske erhalten, mit der Sie nicht zufrieden sind, k\u00f6nnen Sie sie gerne zur\u00fcckschicken, allerdings auf Ihre eigenen Kosten.<\/p>","protected":false},"excerpt":{"rendered":"<p>Entfessle ein neues Level an Terror mit der Ghostface Aged Devil Maske. Diese gruselige Version der klassischen Ghostface-Maske verf\u00fcgt \u00fcber ein dunkles, verwittertes Design, komplett mit teuflischen Z\u00fcgen und einer gealterten Oberfl\u00e4che. Die Maske f\u00e4ngt ein finsteres, abgenutztes Aussehen ein, das die beunruhigende Pr\u00e4senz einer d\u00e4monischen Macht evoziert. WICHTIG: GF-Masken sind Massenware...<\/p>","protected":false},"featured_media":524280,"comment_status":"closed","ping_status":"closed","template":"","meta":{"_acf_changed":false},"product_brand":[],"product_cat":[6580,10038,6541,7040,10048,6695],"product_tag":[],"class_list":{"0":"post-524278","1":"product","2":"type-product","3":"status-publish","4":"has-post-thumbnail","6":"product_cat-movie-tv","7":"product_cat-horror-gifts","8":"product_cat-masks","9":"product_cat-ghostface","10":"product_cat-fun-world","11":"product_cat-scream","12":"product_shipping_class-small-parcel-economy-3-5-business-days","14":"first","15":"instock","16":"taxable","17":"shipping-taxable","18":"purchasable","19":"product-type-simple"},"supplier_id":null,"supplier_sku":"1560A","barcode":"071765 15113 9","atum_controlled":true,"out_stock_date":null,"out_stock_threshold":null,"inheritable":false,"inbound_stock":0,"stock_on_hold":1,"sold_today":1,"sales_last_days":4,"reserved_stock":0,"customer_returns":0,"warehouse_damage":0,"lost_in_post":0,"other_logs":0,"out_stock_days":0,"lost_sales":0,"has_location":false,"update_date":"2026-04-24T13:08:50","atum_locations":[],"atum_stock_status":"instock","restock_status":true,"low_stock_amount":"","sales_update_date":"2026-04-24T13:08:48","calc_backorders":null,"acf":[],"yoast_head":"<!-- This site is optimized with the Yoast SEO plugin v27.4 - https:\/\/yoast.com\/product\/yoast-seo-wordpress\/ -->\n<title>GhostFace - Aged Devil Face Mask | Mad About Horror<\/title>\n<meta name=\"description\" content=\"Ghostface Aged Devil Face Mask. The UK&#039;s leading horror collectibles specialist. Official Licensed Ghostface product by Fun World.\" \/>\n<meta name=\"robots\" content=\"index, follow, max-snippet:-1, max-image-preview:large, max-video-preview:-1\" \/>\n<link rel=\"canonical\" href=\"https:\/\/madabouthorror.co.uk\/de\/product\/ghostface-aged-devil-face-mask\/\" \/>\n<meta property=\"og:locale\" content=\"de_DE\" \/>\n<meta property=\"og:type\" content=\"article\" \/>\n<meta property=\"og:title\" content=\"GhostFace - Aged Devil Face Mask | Mad About Horror\" \/>\n<meta property=\"og:description\" content=\"Ghostface Aged Devil Face Mask. The UK&#039;s leading horror collectibles specialist. Official Licensed Ghostface product by Fun World.\" \/>\n<meta property=\"og:url\" content=\"https:\/\/madabouthorror.co.uk\/de\/product\/ghostface-aged-devil-face-mask\/\" \/>\n<meta property=\"og:site_name\" content=\"Mad About Horror\" \/>\n<meta property=\"article:publisher\" content=\"https:\/\/www.facebook.com\/madabouthorror\/\" \/>\n<meta property=\"article:modified_time\" content=\"2026-04-24T13:08:40+00:00\" \/>\n<meta property=\"og:image\" content=\"https:\/\/madabouthorror.co.uk\/wp-content\/uploads\/2025\/01\/1-2.png\" \/>\n\t<meta property=\"og:image:width\" content=\"1500\" \/>\n\t<meta property=\"og:image:height\" content=\"1500\" \/>\n\t<meta property=\"og:image:type\" content=\"image\/png\" \/>\n<meta name=\"twitter:card\" content=\"summary_large_image\" \/>\n<meta name=\"twitter:label1\" content=\"Gesch\u00e4tzte Lesezeit\" \/>\n\t<meta name=\"twitter:data1\" content=\"1\u00a0Minute\" \/>\n<script type=\"application\/ld+json\" class=\"yoast-schema-graph\">{\"@context\":\"https:\\\/\\\/schema.org\",\"@graph\":[{\"@type\":[\"WebPage\",\"ItemPage\"],\"@id\":\"https:\\\/\\\/madabouthorror.co.uk\\\/product\\\/ghostface-aged-devil-face-mask\\\/\",\"url\":\"https:\\\/\\\/madabouthorror.co.uk\\\/product\\\/ghostface-aged-devil-face-mask\\\/\",\"name\":\"GhostFace - Aged Devil Face Mask | Mad About Horror\",\"isPartOf\":{\"@id\":\"https:\\\/\\\/madabouthorror.co.uk\\\/#website\"},\"primaryImageOfPage\":{\"@id\":\"https:\\\/\\\/madabouthorror.co.uk\\\/product\\\/ghostface-aged-devil-face-mask\\\/#primaryimage\"},\"image\":{\"@id\":\"https:\\\/\\\/madabouthorror.co.uk\\\/product\\\/ghostface-aged-devil-face-mask\\\/#primaryimage\"},\"thumbnailUrl\":\"https:\\\/\\\/madabouthorror.co.uk\\\/wp-content\\\/uploads\\\/2025\\\/01\\\/1-2.png\",\"datePublished\":\"2025-01-31T11:12:07+00:00\",\"dateModified\":\"2026-04-24T13:08:40+00:00\",\"description\":\"Ghostface Aged Devil Face Mask. The UK's leading horror collectibles specialist. Official Licensed Ghostface product by Fun World.\",\"breadcrumb\":{\"@id\":\"https:\\\/\\\/madabouthorror.co.uk\\\/product\\\/ghostface-aged-devil-face-mask\\\/#breadcrumb\"},\"inLanguage\":\"de\",\"potentialAction\":[{\"@type\":\"ReadAction\",\"target\":[\"https:\\\/\\\/madabouthorror.co.uk\\\/product\\\/ghostface-aged-devil-face-mask\\\/\"]}]},{\"@type\":\"ImageObject\",\"inLanguage\":\"de\",\"@id\":\"https:\\\/\\\/madabouthorror.co.uk\\\/product\\\/ghostface-aged-devil-face-mask\\\/#primaryimage\",\"url\":\"https:\\\/\\\/madabouthorror.co.uk\\\/wp-content\\\/uploads\\\/2025\\\/01\\\/1-2.png\",\"contentUrl\":\"https:\\\/\\\/madabouthorror.co.uk\\\/wp-content\\\/uploads\\\/2025\\\/01\\\/1-2.png\",\"width\":1500,\"height\":1500,\"caption\":\"Ghostface Aged Devil Face Mask\"},{\"@type\":\"BreadcrumbList\",\"@id\":\"https:\\\/\\\/madabouthorror.co.uk\\\/product\\\/ghostface-aged-devil-face-mask\\\/#breadcrumb\",\"itemListElement\":[{\"@type\":\"ListItem\",\"position\":1,\"name\":\"Shop\",\"item\":\"https:\\\/\\\/madabouthorror.co.uk\\\/shop\\\/\"},{\"@type\":\"ListItem\",\"position\":2,\"name\":\"GhostFace &#8211; Aged Devil Face Mask\"}]},{\"@type\":\"WebSite\",\"@id\":\"https:\\\/\\\/madabouthorror.co.uk\\\/#website\",\"url\":\"https:\\\/\\\/madabouthorror.co.uk\\\/\",\"name\":\"Mad About Horror\",\"description\":\"\",\"publisher\":{\"@id\":\"https:\\\/\\\/madabouthorror.co.uk\\\/#organization\"},\"alternateName\":\"Mad About Horror Limited\",\"potentialAction\":[{\"@type\":\"SearchAction\",\"target\":{\"@type\":\"EntryPoint\",\"urlTemplate\":\"https:\\\/\\\/madabouthorror.co.uk\\\/?s={search_term_string}\"},\"query-input\":{\"@type\":\"PropertyValueSpecification\",\"valueRequired\":true,\"valueName\":\"search_term_string\"}}],\"inLanguage\":\"de\"},{\"@type\":\"Organization\",\"@id\":\"https:\\\/\\\/madabouthorror.co.uk\\\/#organization\",\"name\":\"Mad About Horror\",\"url\":\"https:\\\/\\\/madabouthorror.co.uk\\\/\",\"logo\":{\"@type\":\"ImageObject\",\"inLanguage\":\"de\",\"@id\":\"https:\\\/\\\/madabouthorror.co.uk\\\/#\\\/schema\\\/logo\\\/image\\\/\",\"url\":\"https:\\\/\\\/madabouthorror.co.uk\\\/wp-content\\\/uploads\\\/2024\\\/02\\\/cropped-Logo.png\",\"contentUrl\":\"https:\\\/\\\/madabouthorror.co.uk\\\/wp-content\\\/uploads\\\/2024\\\/02\\\/cropped-Logo.png\",\"width\":240,\"height\":88,\"caption\":\"Mad About Horror\"},\"image\":{\"@id\":\"https:\\\/\\\/madabouthorror.co.uk\\\/#\\\/schema\\\/logo\\\/image\\\/\"},\"sameAs\":[\"https:\\\/\\\/www.facebook.com\\\/madabouthorror\\\/\",\"https:\\\/\\\/www.instagram.com\\\/madabouthorror\\\/\",\"https:\\\/\\\/www.pinterest.co.uk\\\/madabouthorror\\\/\",\"https:\\\/\\\/www.youtube.com\\\/channel\\\/UCBooLOIxjoQ89dj6T5lWm_w\",\"https:\\\/\\\/www.tiktok.com\\\/@weremadabouthorror\"]}]}<\/script>\n<!-- \/ Yoast SEO plugin. -->","yoast_head_json":{"title":"GhostFace - Teufelsfratzenmaske | Mad About Horror","description":"Ghostface Teufelsmaske. Der f\u00fchrende Spezialist f\u00fcr Horror-Sammlerst\u00fccke in Gro\u00dfbritannien. Offiziell lizenziertes Ghostface-Produkt von Fun World.","robots":{"index":"index","follow":"follow","max-snippet":"max-snippet:-1","max-image-preview":"max-image-preview:large","max-video-preview":"max-video-preview:-1"},"canonical":"https:\/\/madabouthorror.co.uk\/de\/product\/ghostface-aged-devil-face-mask\/","og_locale":"de_DE","og_type":"article","og_title":"GhostFace - Aged Devil Face Mask | Mad About Horror","og_description":"Ghostface Aged Devil Face Mask. The UK's leading horror collectibles specialist. Official Licensed Ghostface product by Fun World.","og_url":"https:\/\/madabouthorror.co.uk\/de\/product\/ghostface-aged-devil-face-mask\/","og_site_name":"Mad About Horror","article_publisher":"https:\/\/www.facebook.com\/madabouthorror\/","article_modified_time":"2026-04-24T13:08:40+00:00","og_image":[{"width":1500,"height":1500,"url":"https:\/\/madabouthorror.co.uk\/wp-content\/uploads\/2025\/01\/1-2.png","type":"image\/png"}],"twitter_card":"summary_large_image","twitter_misc":{"Gesch\u00e4tzte Lesezeit":"1\u00a0Minute"},"schema":{"@context":"https:\/\/schema.org","@graph":[{"@type":["WebPage","ItemPage"],"@id":"https:\/\/madabouthorror.co.uk\/product\/ghostface-aged-devil-face-mask\/","url":"https:\/\/madabouthorror.co.uk\/product\/ghostface-aged-devil-face-mask\/","name":"GhostFace - Teufelsfratzenmaske | Mad About Horror","isPartOf":{"@id":"https:\/\/madabouthorror.co.uk\/#website"},"primaryImageOfPage":{"@id":"https:\/\/madabouthorror.co.uk\/product\/ghostface-aged-devil-face-mask\/#primaryimage"},"image":{"@id":"https:\/\/madabouthorror.co.uk\/product\/ghostface-aged-devil-face-mask\/#primaryimage"},"thumbnailUrl":"https:\/\/madabouthorror.co.uk\/wp-content\/uploads\/2025\/01\/1-2.png","datePublished":"2025-01-31T11:12:07+00:00","dateModified":"2026-04-24T13:08:40+00:00","description":"Ghostface Teufelsmaske. Der f\u00fchrende Spezialist f\u00fcr Horror-Sammlerst\u00fccke in Gro\u00dfbritannien. Offiziell lizenziertes Ghostface-Produkt von Fun World.","breadcrumb":{"@id":"https:\/\/madabouthorror.co.uk\/product\/ghostface-aged-devil-face-mask\/#breadcrumb"},"inLanguage":"de","potentialAction":[{"@type":"ReadAction","target":["https:\/\/madabouthorror.co.uk\/product\/ghostface-aged-devil-face-mask\/"]}]},{"@type":"ImageObject","inLanguage":"de","@id":"https:\/\/madabouthorror.co.uk\/product\/ghostface-aged-devil-face-mask\/#primaryimage","url":"https:\/\/madabouthorror.co.uk\/wp-content\/uploads\/2025\/01\/1-2.png","contentUrl":"https:\/\/madabouthorror.co.uk\/wp-content\/uploads\/2025\/01\/1-2.png","width":1500,"height":1500,"caption":"Ghostface Aged Devil Face Mask"},{"@type":"BreadcrumbList","@id":"https:\/\/madabouthorror.co.uk\/product\/ghostface-aged-devil-face-mask\/#breadcrumb","itemListElement":[{"@type":"ListItem","position":1,"name":"Shop","item":"https:\/\/madabouthorror.co.uk\/shop\/"},{"@type":"ListItem","position":2,"name":"GhostFace &#8211; Aged Devil Face Mask"}]},{"@type":"WebSite","@id":"https:\/\/madabouthorror.co.uk\/#website","url":"https:\/\/madabouthorror.co.uk\/","name":"Verr\u00fcckt nach Horror","description":"","publisher":{"@id":"https:\/\/madabouthorror.co.uk\/#organization"},"alternateName":"Mad About Horror Limited","potentialAction":[{"@type":"SearchAction","target":{"@type":"EntryPoint","urlTemplate":"https:\/\/madabouthorror.co.uk\/?s={search_term_string}"},"query-input":{"@type":"PropertyValueSpecification","valueRequired":true,"valueName":"search_term_string"}}],"inLanguage":"de"},{"@type":"Organization","@id":"https:\/\/madabouthorror.co.uk\/#organization","name":"Verr\u00fcckt nach Horror","url":"https:\/\/madabouthorror.co.uk\/","logo":{"@type":"ImageObject","inLanguage":"de","@id":"https:\/\/madabouthorror.co.uk\/#\/schema\/logo\/image\/","url":"https:\/\/madabouthorror.co.uk\/wp-content\/uploads\/2024\/02\/cropped-Logo.png","contentUrl":"https:\/\/madabouthorror.co.uk\/wp-content\/uploads\/2024\/02\/cropped-Logo.png","width":240,"height":88,"caption":"Mad About Horror"},"image":{"@id":"https:\/\/madabouthorror.co.uk\/#\/schema\/logo\/image\/"},"sameAs":["https:\/\/www.facebook.com\/madabouthorror\/","https:\/\/www.instagram.com\/madabouthorror\/","https:\/\/www.pinterest.co.uk\/madabouthorror\/","https:\/\/www.youtube.com\/channel\/UCBooLOIxjoQ89dj6T5lWm_w","https:\/\/www.tiktok.com\/@weremadabouthorror"]}]}},"df_price":16.62,"df_sale_price":"","df_regular_price":16.62,"df_image_link":"https:\/\/madabouthorror.co.uk\/wp-content\/uploads\/2025\/01\/1-2-300x300.png","_links":{"self":[{"href":"https:\/\/madabouthorror.co.uk\/de\/wp-json\/wp\/v2\/product\/524278","targetHints":{"allow":["GET"]}}],"collection":[{"href":"https:\/\/madabouthorror.co.uk\/de\/wp-json\/wp\/v2\/product"}],"about":[{"href":"https:\/\/madabouthorror.co.uk\/de\/wp-json\/wp\/v2\/types\/product"}],"replies":[{"embeddable":true,"href":"https:\/\/madabouthorror.co.uk\/de\/wp-json\/wp\/v2\/comments?post=524278"}],"wp:featuredmedia":[{"embeddable":true,"href":"https:\/\/madabouthorror.co.uk\/de\/wp-json\/wp\/v2\/media\/524280"}],"wp:attachment":[{"href":"https:\/\/madabouthorror.co.uk\/de\/wp-json\/wp\/v2\/media?parent=524278"}],"wp:term":[{"taxonomy":"product_brand","embeddable":true,"href":"https:\/\/madabouthorror.co.uk\/de\/wp-json\/wp\/v2\/product_brand?post=524278"},{"taxonomy":"product_cat","embeddable":true,"href":"https:\/\/madabouthorror.co.uk\/de\/wp-json\/wp\/v2\/product_cat?post=524278"},{"taxonomy":"product_tag","embeddable":true,"href":"https:\/\/madabouthorror.co.uk\/de\/wp-json\/wp\/v2\/product_tag?post=524278"}],"curies":[{"name":"wp","href":"https:\/\/api.w.org\/{rel}","templated":true}]}}