{"id":524322,"date":"2025-01-30T14:18:24","date_gmt":"2025-01-30T14:18:24","guid":{"rendered":"https:\/\/madabouthorror.co.uk\/?post_type=product&#038;p=524322"},"modified":"2026-02-27T08:01:20","modified_gmt":"2026-02-27T08:01:20","slug":"ghostface-crimson-deluxe-costume","status":"publish","type":"product","link":"https:\/\/madabouthorror.co.uk\/de\/product\/ghostface-crimson-deluxe-costume\/","title":{"rendered":"GhostFace - Crimson Deluxe Kost\u00fcm"},"content":{"rendered":"<p>Mit dem Ghostface Crimson Deluxe Kost\u00fcm bist du f\u00fcr Halloween bestens ger\u00fcstet! Dieses hochwertige, furchteinfl\u00f6\u00dfende Kost\u00fcm zeigt die kultige, blutige Ghostface-Maske mit einer auff\u00e4lligen, karmesinroten Robe und eleganten Details f\u00fcr einen schaurigen, erstklassigen Look.<\/p>\n<p>WICHTIG: GF-Masken werden in Massenproduktion hergestellt und haben daher oft einen Fehler, auch wenn sie ein \"Sammlerst\u00fcck\" sind. Bitte kaufen Sie nicht, wenn Sie nicht gl\u00fccklich sind, dies zu akzeptieren. Wenn Sie eine Maske erhalten, mit der Sie nicht zufrieden sind, k\u00f6nnen Sie sie gerne zur\u00fcckschicken, allerdings auf Ihre eigenen Kosten.<\/p>","protected":false},"excerpt":{"rendered":"<p>Mit dem Ghostface Crimson Deluxe Kost\u00fcm bist du f\u00fcr Halloween bestens ger\u00fcstet! Dieses hochwertige, furchteinfl\u00f6\u00dfende Kost\u00fcm zeigt die kultige, blutige Ghostface-Maske mit einer auff\u00e4lligen karmesinroten Robe und eleganten Details f\u00fcr einen schaurigen, erstklassigen Look. WICHTIG: Die Masken von GF werden in Massenproduktion hergestellt und weisen daher oft einen Fehler auf, auch wenn es sich um ein [...]<\/p>","protected":false},"featured_media":524713,"comment_status":"closed","ping_status":"closed","template":"","meta":{"_acf_changed":false},"product_brand":[],"product_cat":[9980,6580,7091,6551,10038,6541,7040,10048,6695],"product_tag":[],"class_list":{"0":"post-524322","1":"product","2":"type-product","3":"status-publish","4":"has-post-thumbnail","6":"product_cat-ghostface-costumes","7":"product_cat-movie-tv","8":"product_cat-tv-movie","9":"product_cat-costumes","10":"product_cat-horror-gifts","11":"product_cat-masks","12":"product_cat-ghostface","13":"product_cat-fun-world","14":"product_cat-scream","16":"first","17":"instock","18":"taxable","19":"shipping-taxable","20":"purchasable","21":"product-type-simple"},"supplier_id":467907,"supplier_sku":"3439J","barcode":"071765 11312 0","atum_controlled":true,"out_stock_date":null,"out_stock_threshold":null,"inheritable":false,"inbound_stock":0,"stock_on_hold":0,"sold_today":0,"sales_last_days":0,"reserved_stock":0,"customer_returns":0,"warehouse_damage":0,"lost_in_post":0,"other_logs":0,"out_stock_days":0,"lost_sales":0,"has_location":false,"update_date":"2026-04-28T01:53:45","atum_locations":[],"atum_stock_status":"instock","restock_status":false,"low_stock_amount":"","sales_update_date":"2026-04-28T01:53:44","calc_backorders":null,"acf":[],"yoast_head":"<!-- This site is optimized with the Yoast SEO plugin v27.5 - https:\/\/yoast.com\/product\/yoast-seo-wordpress\/ -->\n<title>GhostFace - Crimson Deluxe Costume | Mad About Horror<\/title>\n<meta name=\"description\" content=\"Ghostface - Crimson Deluxe Costume. The UK&#039;s leading horror collectibles specialist. Official Licensed Ghostface product by Fun World.\" \/>\n<meta name=\"robots\" content=\"index, follow, max-snippet:-1, max-image-preview:large, max-video-preview:-1\" \/>\n<link rel=\"canonical\" href=\"https:\/\/madabouthorror.co.uk\/de\/product\/ghostface-crimson-deluxe-costume\/\" \/>\n<meta property=\"og:locale\" content=\"de_DE\" \/>\n<meta property=\"og:type\" content=\"article\" \/>\n<meta property=\"og:title\" content=\"GhostFace - Crimson Deluxe Costume | Mad About Horror\" \/>\n<meta property=\"og:description\" content=\"Ghostface - Crimson Deluxe Costume. The UK&#039;s leading horror collectibles specialist. Official Licensed Ghostface product by Fun World.\" \/>\n<meta property=\"og:url\" content=\"https:\/\/madabouthorror.co.uk\/de\/product\/ghostface-crimson-deluxe-costume\/\" \/>\n<meta property=\"og:site_name\" content=\"Mad About Horror\" \/>\n<meta property=\"article:publisher\" content=\"https:\/\/www.facebook.com\/madabouthorror\/\" \/>\n<meta property=\"article:modified_time\" content=\"2026-02-27T08:01:20+00:00\" \/>\n<meta property=\"og:image\" content=\"https:\/\/madabouthorror.co.uk\/wp-content\/uploads\/2025\/01\/2-1.png\" \/>\n\t<meta property=\"og:image:width\" content=\"1296\" \/>\n\t<meta property=\"og:image:height\" content=\"1296\" \/>\n\t<meta property=\"og:image:type\" content=\"image\/png\" \/>\n<meta name=\"twitter:card\" content=\"summary_large_image\" \/>\n<meta name=\"twitter:label1\" content=\"Gesch\u00e4tzte Lesezeit\" \/>\n\t<meta name=\"twitter:data1\" content=\"1\u00a0Minute\" \/>\n<script type=\"application\/ld+json\" class=\"yoast-schema-graph\">{\"@context\":\"https:\\\/\\\/schema.org\",\"@graph\":[{\"@type\":[\"WebPage\",\"ItemPage\"],\"@id\":\"https:\\\/\\\/madabouthorror.co.uk\\\/product\\\/ghostface-crimson-deluxe-costume\\\/\",\"url\":\"https:\\\/\\\/madabouthorror.co.uk\\\/product\\\/ghostface-crimson-deluxe-costume\\\/\",\"name\":\"GhostFace - Crimson Deluxe Costume | Mad About Horror\",\"isPartOf\":{\"@id\":\"https:\\\/\\\/madabouthorror.co.uk\\\/#website\"},\"primaryImageOfPage\":{\"@id\":\"https:\\\/\\\/madabouthorror.co.uk\\\/product\\\/ghostface-crimson-deluxe-costume\\\/#primaryimage\"},\"image\":{\"@id\":\"https:\\\/\\\/madabouthorror.co.uk\\\/product\\\/ghostface-crimson-deluxe-costume\\\/#primaryimage\"},\"thumbnailUrl\":\"https:\\\/\\\/madabouthorror.co.uk\\\/wp-content\\\/uploads\\\/2025\\\/01\\\/2-1.png\",\"datePublished\":\"2025-01-30T14:18:24+00:00\",\"dateModified\":\"2026-02-27T08:01:20+00:00\",\"description\":\"Ghostface - Crimson Deluxe Costume. The UK's leading horror collectibles specialist. Official Licensed Ghostface product by Fun World.\",\"breadcrumb\":{\"@id\":\"https:\\\/\\\/madabouthorror.co.uk\\\/product\\\/ghostface-crimson-deluxe-costume\\\/#breadcrumb\"},\"inLanguage\":\"de\",\"potentialAction\":[{\"@type\":\"ReadAction\",\"target\":[\"https:\\\/\\\/madabouthorror.co.uk\\\/product\\\/ghostface-crimson-deluxe-costume\\\/\"]}]},{\"@type\":\"ImageObject\",\"inLanguage\":\"de\",\"@id\":\"https:\\\/\\\/madabouthorror.co.uk\\\/product\\\/ghostface-crimson-deluxe-costume\\\/#primaryimage\",\"url\":\"https:\\\/\\\/madabouthorror.co.uk\\\/wp-content\\\/uploads\\\/2025\\\/01\\\/2-1.png\",\"contentUrl\":\"https:\\\/\\\/madabouthorror.co.uk\\\/wp-content\\\/uploads\\\/2025\\\/01\\\/2-1.png\",\"width\":1296,\"height\":1296,\"caption\":\"GhostFace - Crimson Deluxe Costume\"},{\"@type\":\"BreadcrumbList\",\"@id\":\"https:\\\/\\\/madabouthorror.co.uk\\\/product\\\/ghostface-crimson-deluxe-costume\\\/#breadcrumb\",\"itemListElement\":[{\"@type\":\"ListItem\",\"position\":1,\"name\":\"Shop\",\"item\":\"https:\\\/\\\/madabouthorror.co.uk\\\/shop\\\/\"},{\"@type\":\"ListItem\",\"position\":2,\"name\":\"GhostFace &#8211; Crimson Deluxe Costume\"}]},{\"@type\":\"WebSite\",\"@id\":\"https:\\\/\\\/madabouthorror.co.uk\\\/#website\",\"url\":\"https:\\\/\\\/madabouthorror.co.uk\\\/\",\"name\":\"Mad About Horror\",\"description\":\"\",\"publisher\":{\"@id\":\"https:\\\/\\\/madabouthorror.co.uk\\\/#organization\"},\"alternateName\":\"Mad About Horror Limited\",\"potentialAction\":[{\"@type\":\"SearchAction\",\"target\":{\"@type\":\"EntryPoint\",\"urlTemplate\":\"https:\\\/\\\/madabouthorror.co.uk\\\/?s={search_term_string}\"},\"query-input\":{\"@type\":\"PropertyValueSpecification\",\"valueRequired\":true,\"valueName\":\"search_term_string\"}}],\"inLanguage\":\"de\"},{\"@type\":\"Organization\",\"@id\":\"https:\\\/\\\/madabouthorror.co.uk\\\/#organization\",\"name\":\"Mad About Horror\",\"url\":\"https:\\\/\\\/madabouthorror.co.uk\\\/\",\"logo\":{\"@type\":\"ImageObject\",\"inLanguage\":\"de\",\"@id\":\"https:\\\/\\\/madabouthorror.co.uk\\\/#\\\/schema\\\/logo\\\/image\\\/\",\"url\":\"https:\\\/\\\/madabouthorror.co.uk\\\/wp-content\\\/uploads\\\/2024\\\/02\\\/cropped-Logo.png\",\"contentUrl\":\"https:\\\/\\\/madabouthorror.co.uk\\\/wp-content\\\/uploads\\\/2024\\\/02\\\/cropped-Logo.png\",\"width\":240,\"height\":88,\"caption\":\"Mad About Horror\"},\"image\":{\"@id\":\"https:\\\/\\\/madabouthorror.co.uk\\\/#\\\/schema\\\/logo\\\/image\\\/\"},\"sameAs\":[\"https:\\\/\\\/www.facebook.com\\\/madabouthorror\\\/\",\"https:\\\/\\\/www.instagram.com\\\/madabouthorror\\\/\",\"https:\\\/\\\/www.pinterest.co.uk\\\/madabouthorror\\\/\",\"https:\\\/\\\/www.youtube.com\\\/channel\\\/UCBooLOIxjoQ89dj6T5lWm_w\",\"https:\\\/\\\/www.tiktok.com\\\/@weremadabouthorror\"]}]}<\/script>\n<!-- \/ Yoast SEO plugin. -->","yoast_head_json":{"title":"GhostFace - Crimson Deluxe Kost\u00fcm | Mad About Horror","description":"Ghostface - Crimson Deluxe Kost\u00fcm. Der f\u00fchrende Spezialist f\u00fcr Horror-Sammlerst\u00fccke in Gro\u00dfbritannien. Offiziell lizenziertes Ghostface Produkt von Fun World.","robots":{"index":"index","follow":"follow","max-snippet":"max-snippet:-1","max-image-preview":"max-image-preview:large","max-video-preview":"max-video-preview:-1"},"canonical":"https:\/\/madabouthorror.co.uk\/de\/product\/ghostface-crimson-deluxe-costume\/","og_locale":"de_DE","og_type":"article","og_title":"GhostFace - Crimson Deluxe Costume | Mad About Horror","og_description":"Ghostface - Crimson Deluxe Costume. The UK's leading horror collectibles specialist. Official Licensed Ghostface product by Fun World.","og_url":"https:\/\/madabouthorror.co.uk\/de\/product\/ghostface-crimson-deluxe-costume\/","og_site_name":"Mad About Horror","article_publisher":"https:\/\/www.facebook.com\/madabouthorror\/","article_modified_time":"2026-02-27T08:01:20+00:00","og_image":[{"width":1296,"height":1296,"url":"https:\/\/madabouthorror.co.uk\/wp-content\/uploads\/2025\/01\/2-1.png","type":"image\/png"}],"twitter_card":"summary_large_image","twitter_misc":{"Gesch\u00e4tzte Lesezeit":"1\u00a0Minute"},"schema":{"@context":"https:\/\/schema.org","@graph":[{"@type":["WebPage","ItemPage"],"@id":"https:\/\/madabouthorror.co.uk\/product\/ghostface-crimson-deluxe-costume\/","url":"https:\/\/madabouthorror.co.uk\/product\/ghostface-crimson-deluxe-costume\/","name":"GhostFace - Crimson Deluxe Kost\u00fcm | Mad About Horror","isPartOf":{"@id":"https:\/\/madabouthorror.co.uk\/#website"},"primaryImageOfPage":{"@id":"https:\/\/madabouthorror.co.uk\/product\/ghostface-crimson-deluxe-costume\/#primaryimage"},"image":{"@id":"https:\/\/madabouthorror.co.uk\/product\/ghostface-crimson-deluxe-costume\/#primaryimage"},"thumbnailUrl":"https:\/\/madabouthorror.co.uk\/wp-content\/uploads\/2025\/01\/2-1.png","datePublished":"2025-01-30T14:18:24+00:00","dateModified":"2026-02-27T08:01:20+00:00","description":"Ghostface - Crimson Deluxe Kost\u00fcm. Der f\u00fchrende Spezialist f\u00fcr Horror-Sammlerst\u00fccke in Gro\u00dfbritannien. Offiziell lizenziertes Ghostface Produkt von Fun World.","breadcrumb":{"@id":"https:\/\/madabouthorror.co.uk\/product\/ghostface-crimson-deluxe-costume\/#breadcrumb"},"inLanguage":"de","potentialAction":[{"@type":"ReadAction","target":["https:\/\/madabouthorror.co.uk\/product\/ghostface-crimson-deluxe-costume\/"]}]},{"@type":"ImageObject","inLanguage":"de","@id":"https:\/\/madabouthorror.co.uk\/product\/ghostface-crimson-deluxe-costume\/#primaryimage","url":"https:\/\/madabouthorror.co.uk\/wp-content\/uploads\/2025\/01\/2-1.png","contentUrl":"https:\/\/madabouthorror.co.uk\/wp-content\/uploads\/2025\/01\/2-1.png","width":1296,"height":1296,"caption":"GhostFace - Crimson Deluxe Costume"},{"@type":"BreadcrumbList","@id":"https:\/\/madabouthorror.co.uk\/product\/ghostface-crimson-deluxe-costume\/#breadcrumb","itemListElement":[{"@type":"ListItem","position":1,"name":"Shop","item":"https:\/\/madabouthorror.co.uk\/shop\/"},{"@type":"ListItem","position":2,"name":"GhostFace &#8211; Crimson Deluxe Costume"}]},{"@type":"WebSite","@id":"https:\/\/madabouthorror.co.uk\/#website","url":"https:\/\/madabouthorror.co.uk\/","name":"Verr\u00fcckt nach Horror","description":"","publisher":{"@id":"https:\/\/madabouthorror.co.uk\/#organization"},"alternateName":"Mad About Horror Limited","potentialAction":[{"@type":"SearchAction","target":{"@type":"EntryPoint","urlTemplate":"https:\/\/madabouthorror.co.uk\/?s={search_term_string}"},"query-input":{"@type":"PropertyValueSpecification","valueRequired":true,"valueName":"search_term_string"}}],"inLanguage":"de"},{"@type":"Organization","@id":"https:\/\/madabouthorror.co.uk\/#organization","name":"Verr\u00fcckt nach Horror","url":"https:\/\/madabouthorror.co.uk\/","logo":{"@type":"ImageObject","inLanguage":"de","@id":"https:\/\/madabouthorror.co.uk\/#\/schema\/logo\/image\/","url":"https:\/\/madabouthorror.co.uk\/wp-content\/uploads\/2024\/02\/cropped-Logo.png","contentUrl":"https:\/\/madabouthorror.co.uk\/wp-content\/uploads\/2024\/02\/cropped-Logo.png","width":240,"height":88,"caption":"Mad About Horror"},"image":{"@id":"https:\/\/madabouthorror.co.uk\/#\/schema\/logo\/image\/"},"sameAs":["https:\/\/www.facebook.com\/madabouthorror\/","https:\/\/www.instagram.com\/madabouthorror\/","https:\/\/www.pinterest.co.uk\/madabouthorror\/","https:\/\/www.youtube.com\/channel\/UCBooLOIxjoQ89dj6T5lWm_w","https:\/\/www.tiktok.com\/@weremadabouthorror"]}]}},"df_price":69.95,"df_sale_price":"","df_regular_price":69.95,"df_image_link":"https:\/\/madabouthorror.co.uk\/wp-content\/uploads\/2025\/01\/2-1-300x300.png","_links":{"self":[{"href":"https:\/\/madabouthorror.co.uk\/de\/wp-json\/wp\/v2\/product\/524322","targetHints":{"allow":["GET"]}}],"collection":[{"href":"https:\/\/madabouthorror.co.uk\/de\/wp-json\/wp\/v2\/product"}],"about":[{"href":"https:\/\/madabouthorror.co.uk\/de\/wp-json\/wp\/v2\/types\/product"}],"replies":[{"embeddable":true,"href":"https:\/\/madabouthorror.co.uk\/de\/wp-json\/wp\/v2\/comments?post=524322"}],"wp:featuredmedia":[{"embeddable":true,"href":"https:\/\/madabouthorror.co.uk\/de\/wp-json\/wp\/v2\/media\/524713"}],"wp:attachment":[{"href":"https:\/\/madabouthorror.co.uk\/de\/wp-json\/wp\/v2\/media?parent=524322"}],"wp:term":[{"taxonomy":"product_brand","embeddable":true,"href":"https:\/\/madabouthorror.co.uk\/de\/wp-json\/wp\/v2\/product_brand?post=524322"},{"taxonomy":"product_cat","embeddable":true,"href":"https:\/\/madabouthorror.co.uk\/de\/wp-json\/wp\/v2\/product_cat?post=524322"},{"taxonomy":"product_tag","embeddable":true,"href":"https:\/\/madabouthorror.co.uk\/de\/wp-json\/wp\/v2\/product_tag?post=524322"}],"curies":[{"name":"wp","href":"https:\/\/api.w.org\/{rel}","templated":true}]}}