{"id":52608,"date":"2022-04-06T10:33:17","date_gmt":"2022-04-06T09:33:17","guid":{"rendered":"https:\/\/mah.6bdv.ws\/product\/scream-ghostface-butcher-knife\/"},"modified":"2026-04-10T11:11:49","modified_gmt":"2026-04-10T10:11:49","slug":"scream-ghostface-butcher-knife","status":"publish","type":"product","link":"https:\/\/madabouthorror.co.uk\/de\/product\/scream-ghostface-butcher-knife\/","title":{"rendered":"Ghostface Schlachtermesser"},"content":{"rendered":"<h4>Ghostface Schlachtermesser-Requisite<\/h4>\n<p>15\u2033 Metzgermesser-Attrappe auf Display-Karte.<\/p>\n<p>Offiziell lizenziertes Ghostface-Produkt von Fun World.<\/p>\n<p>Hergestellt aus Kunststoff.<\/p>\n<p>F\u00fcr mehr Scream Knives, <a href=\"https:\/\/madabouthorror.co.uk\/de\/c\/character\/ghostface\/scream-knifes-ghostface-knifes\/\">hier klicken<\/a>.<\/p>\n<p>&nbsp;<\/p>","protected":false},"excerpt":{"rendered":"<p>Ghostface Butcher Knife Prop 15\u2033 gef\u00e4lschte Metzgermesser Requisite auf Display-Karte. Offiziell lizenziertes Ghostface Produkt von Fun World. Hergestellt aus Plastik. F\u00fcr mehr Scream Knives, klicke hier. &nbsp;<\/p>","protected":false},"featured_media":52606,"comment_status":"closed","ping_status":"closed","template":"","meta":{"_acf_changed":false},"product_brand":[],"product_cat":[10105,10083,10039,10041,6537,10038,6552,7040,6554,6695],"product_tag":[],"class_list":{"0":"post-52608","1":"product","2":"type-product","3":"status-publish","4":"has-post-thumbnail","6":"product_cat-replica-knives","7":"product_cat-scream-knifes-ghostface-knifes","8":"product_cat-stocking-fillers","9":"product_cat-gifts-under-50","10":"product_cat-collectibles","11":"product_cat-horror-gifts","12":"product_cat-accessories","13":"product_cat-ghostface","14":"product_cat-weapons","15":"product_cat-scream","16":"product_shipping_class-small-parcel-economy-3-5-business-days","18":"first","19":"outofstock","20":"taxable","21":"shipping-taxable","22":"purchasable","23":"product-type-simple"},"supplier_id":467908,"supplier_sku":"","barcode":"071765143028","atum_controlled":true,"out_stock_date":"2026-04-10 11:11:49","out_stock_threshold":null,"inheritable":false,"inbound_stock":0,"stock_on_hold":0,"sold_today":0,"sales_last_days":2,"reserved_stock":0,"customer_returns":0,"warehouse_damage":0,"lost_in_post":0,"other_logs":0,"out_stock_days":8,"lost_sales":7,"has_location":false,"update_date":"2026-04-19T02:14:58","atum_locations":[],"atum_stock_status":"outofstock","restock_status":false,"low_stock_amount":"","sales_update_date":"2026-04-19T02:14:57","calc_backorders":null,"acf":[],"yoast_head":"<!-- This site is optimized with the Yoast SEO plugin v27.4 - https:\/\/yoast.com\/product\/yoast-seo-wordpress\/ -->\n<title>Ghostface Butcher Knife - Mad About Horror<\/title>\n<meta name=\"description\" content=\"Officially Licensed GhostFace Butcher Knife Prop. Horror collectibles and Halloween props available from Madabouthorror, Europe\u2019s leading horror specialist.\" \/>\n<meta name=\"robots\" content=\"index, follow, max-snippet:-1, max-image-preview:large, max-video-preview:-1\" \/>\n<link rel=\"canonical\" href=\"https:\/\/madabouthorror.co.uk\/de\/product\/scream-ghostface-butcher-knife\/\" \/>\n<meta property=\"og:locale\" content=\"de_DE\" \/>\n<meta property=\"og:type\" content=\"article\" \/>\n<meta property=\"og:title\" content=\"Ghostface Butcher Knife - Mad About Horror\" \/>\n<meta property=\"og:description\" content=\"Officially Licensed GhostFace Butcher Knife Prop. Horror collectibles and Halloween props available from Madabouthorror, Europe\u2019s leading horror specialist.\" \/>\n<meta property=\"og:url\" content=\"https:\/\/madabouthorror.co.uk\/de\/product\/scream-ghostface-butcher-knife\/\" \/>\n<meta property=\"og:site_name\" content=\"Mad About Horror\" \/>\n<meta property=\"article:publisher\" content=\"https:\/\/www.facebook.com\/madabouthorror\/\" \/>\n<meta property=\"article:modified_time\" content=\"2026-04-10T10:11:49+00:00\" \/>\n<meta property=\"og:image\" content=\"https:\/\/madabouthorror.co.uk\/wp-content\/uploads\/2022\/04\/ghostface_butcher_knife_scream.jpg\" \/>\n\t<meta property=\"og:image:width\" content=\"650\" \/>\n\t<meta property=\"og:image:height\" content=\"650\" \/>\n\t<meta property=\"og:image:type\" content=\"image\/jpeg\" \/>\n<meta name=\"twitter:card\" content=\"summary_large_image\" \/>\n<meta name=\"twitter:label1\" content=\"Gesch\u00e4tzte Lesezeit\" \/>\n\t<meta name=\"twitter:data1\" content=\"1\u00a0Minute\" \/>\n<script type=\"application\/ld+json\" class=\"yoast-schema-graph\">{\"@context\":\"https:\\\/\\\/schema.org\",\"@graph\":[{\"@type\":[\"WebPage\",\"ItemPage\"],\"@id\":\"https:\\\/\\\/madabouthorror.co.uk\\\/product\\\/scream-ghostface-butcher-knife\\\/\",\"url\":\"https:\\\/\\\/madabouthorror.co.uk\\\/product\\\/scream-ghostface-butcher-knife\\\/\",\"name\":\"Ghostface Butcher Knife - Mad About Horror\",\"isPartOf\":{\"@id\":\"https:\\\/\\\/madabouthorror.co.uk\\\/#website\"},\"primaryImageOfPage\":{\"@id\":\"https:\\\/\\\/madabouthorror.co.uk\\\/product\\\/scream-ghostface-butcher-knife\\\/#primaryimage\"},\"image\":{\"@id\":\"https:\\\/\\\/madabouthorror.co.uk\\\/product\\\/scream-ghostface-butcher-knife\\\/#primaryimage\"},\"thumbnailUrl\":\"https:\\\/\\\/madabouthorror.co.uk\\\/wp-content\\\/uploads\\\/2022\\\/04\\\/ghostface_butcher_knife_scream.jpg\",\"datePublished\":\"2022-04-06T09:33:17+00:00\",\"dateModified\":\"2026-04-10T10:11:49+00:00\",\"description\":\"Officially Licensed GhostFace Butcher Knife Prop. Horror collectibles and Halloween props available from Madabouthorror, Europe\u2019s leading horror specialist.\",\"breadcrumb\":{\"@id\":\"https:\\\/\\\/madabouthorror.co.uk\\\/product\\\/scream-ghostface-butcher-knife\\\/#breadcrumb\"},\"inLanguage\":\"de\",\"potentialAction\":[{\"@type\":\"ReadAction\",\"target\":[\"https:\\\/\\\/madabouthorror.co.uk\\\/product\\\/scream-ghostface-butcher-knife\\\/\"]}]},{\"@type\":\"ImageObject\",\"inLanguage\":\"de\",\"@id\":\"https:\\\/\\\/madabouthorror.co.uk\\\/product\\\/scream-ghostface-butcher-knife\\\/#primaryimage\",\"url\":\"https:\\\/\\\/madabouthorror.co.uk\\\/wp-content\\\/uploads\\\/2022\\\/04\\\/ghostface_butcher_knife_scream.jpg\",\"contentUrl\":\"https:\\\/\\\/madabouthorror.co.uk\\\/wp-content\\\/uploads\\\/2022\\\/04\\\/ghostface_butcher_knife_scream.jpg\",\"width\":650,\"height\":650,\"caption\":\"Ghostface Butcher Knife Prop\"},{\"@type\":\"BreadcrumbList\",\"@id\":\"https:\\\/\\\/madabouthorror.co.uk\\\/product\\\/scream-ghostface-butcher-knife\\\/#breadcrumb\",\"itemListElement\":[{\"@type\":\"ListItem\",\"position\":1,\"name\":\"Shop\",\"item\":\"https:\\\/\\\/madabouthorror.co.uk\\\/shop\\\/\"},{\"@type\":\"ListItem\",\"position\":2,\"name\":\"Ghostface Butcher Knife\"}]},{\"@type\":\"WebSite\",\"@id\":\"https:\\\/\\\/madabouthorror.co.uk\\\/#website\",\"url\":\"https:\\\/\\\/madabouthorror.co.uk\\\/\",\"name\":\"Mad About Horror\",\"description\":\"\",\"publisher\":{\"@id\":\"https:\\\/\\\/madabouthorror.co.uk\\\/#organization\"},\"alternateName\":\"Mad About Horror Limited\",\"potentialAction\":[{\"@type\":\"SearchAction\",\"target\":{\"@type\":\"EntryPoint\",\"urlTemplate\":\"https:\\\/\\\/madabouthorror.co.uk\\\/?s={search_term_string}\"},\"query-input\":{\"@type\":\"PropertyValueSpecification\",\"valueRequired\":true,\"valueName\":\"search_term_string\"}}],\"inLanguage\":\"de\"},{\"@type\":\"Organization\",\"@id\":\"https:\\\/\\\/madabouthorror.co.uk\\\/#organization\",\"name\":\"Mad About Horror\",\"url\":\"https:\\\/\\\/madabouthorror.co.uk\\\/\",\"logo\":{\"@type\":\"ImageObject\",\"inLanguage\":\"de\",\"@id\":\"https:\\\/\\\/madabouthorror.co.uk\\\/#\\\/schema\\\/logo\\\/image\\\/\",\"url\":\"https:\\\/\\\/madabouthorror.co.uk\\\/wp-content\\\/uploads\\\/2024\\\/02\\\/cropped-Logo.png\",\"contentUrl\":\"https:\\\/\\\/madabouthorror.co.uk\\\/wp-content\\\/uploads\\\/2024\\\/02\\\/cropped-Logo.png\",\"width\":240,\"height\":88,\"caption\":\"Mad About Horror\"},\"image\":{\"@id\":\"https:\\\/\\\/madabouthorror.co.uk\\\/#\\\/schema\\\/logo\\\/image\\\/\"},\"sameAs\":[\"https:\\\/\\\/www.facebook.com\\\/madabouthorror\\\/\",\"https:\\\/\\\/www.instagram.com\\\/madabouthorror\\\/\",\"https:\\\/\\\/www.pinterest.co.uk\\\/madabouthorror\\\/\",\"https:\\\/\\\/www.youtube.com\\\/channel\\\/UCBooLOIxjoQ89dj6T5lWm_w\",\"https:\\\/\\\/www.tiktok.com\\\/@weremadabouthorror\"]}]}<\/script>\n<!-- \/ Yoast SEO plugin. -->","yoast_head_json":{"title":"Ghostface Schlachtermesser - Mad About Horror","description":"Offiziell lizenzierte GhostFace Metzgermesser-Requisite Horror-Sammlerst\u00fccke und Halloween-Requisiten erh\u00e4ltlich bei Madabouthorror, Europas f\u00fchrendem Horror-Spezialisten.","robots":{"index":"index","follow":"follow","max-snippet":"max-snippet:-1","max-image-preview":"max-image-preview:large","max-video-preview":"max-video-preview:-1"},"canonical":"https:\/\/madabouthorror.co.uk\/de\/product\/scream-ghostface-butcher-knife\/","og_locale":"de_DE","og_type":"article","og_title":"Ghostface Butcher Knife - Mad About Horror","og_description":"Officially Licensed GhostFace Butcher Knife Prop. Horror collectibles and Halloween props available from Madabouthorror, Europe\u2019s leading horror specialist.","og_url":"https:\/\/madabouthorror.co.uk\/de\/product\/scream-ghostface-butcher-knife\/","og_site_name":"Mad About Horror","article_publisher":"https:\/\/www.facebook.com\/madabouthorror\/","article_modified_time":"2026-04-10T10:11:49+00:00","og_image":[{"width":650,"height":650,"url":"https:\/\/madabouthorror.co.uk\/wp-content\/uploads\/2022\/04\/ghostface_butcher_knife_scream.jpg","type":"image\/jpeg"}],"twitter_card":"summary_large_image","twitter_misc":{"Gesch\u00e4tzte Lesezeit":"1\u00a0Minute"},"schema":{"@context":"https:\/\/schema.org","@graph":[{"@type":["WebPage","ItemPage"],"@id":"https:\/\/madabouthorror.co.uk\/product\/scream-ghostface-butcher-knife\/","url":"https:\/\/madabouthorror.co.uk\/product\/scream-ghostface-butcher-knife\/","name":"Ghostface Schlachtermesser - Mad About Horror","isPartOf":{"@id":"https:\/\/madabouthorror.co.uk\/#website"},"primaryImageOfPage":{"@id":"https:\/\/madabouthorror.co.uk\/product\/scream-ghostface-butcher-knife\/#primaryimage"},"image":{"@id":"https:\/\/madabouthorror.co.uk\/product\/scream-ghostface-butcher-knife\/#primaryimage"},"thumbnailUrl":"https:\/\/madabouthorror.co.uk\/wp-content\/uploads\/2022\/04\/ghostface_butcher_knife_scream.jpg","datePublished":"2022-04-06T09:33:17+00:00","dateModified":"2026-04-10T10:11:49+00:00","description":"Offiziell lizenzierte GhostFace Metzgermesser-Requisite Horror-Sammlerst\u00fccke und Halloween-Requisiten erh\u00e4ltlich bei Madabouthorror, Europas f\u00fchrendem Horror-Spezialisten.","breadcrumb":{"@id":"https:\/\/madabouthorror.co.uk\/product\/scream-ghostface-butcher-knife\/#breadcrumb"},"inLanguage":"de","potentialAction":[{"@type":"ReadAction","target":["https:\/\/madabouthorror.co.uk\/product\/scream-ghostface-butcher-knife\/"]}]},{"@type":"ImageObject","inLanguage":"de","@id":"https:\/\/madabouthorror.co.uk\/product\/scream-ghostface-butcher-knife\/#primaryimage","url":"https:\/\/madabouthorror.co.uk\/wp-content\/uploads\/2022\/04\/ghostface_butcher_knife_scream.jpg","contentUrl":"https:\/\/madabouthorror.co.uk\/wp-content\/uploads\/2022\/04\/ghostface_butcher_knife_scream.jpg","width":650,"height":650,"caption":"Ghostface Butcher Knife Prop"},{"@type":"BreadcrumbList","@id":"https:\/\/madabouthorror.co.uk\/product\/scream-ghostface-butcher-knife\/#breadcrumb","itemListElement":[{"@type":"ListItem","position":1,"name":"Shop","item":"https:\/\/madabouthorror.co.uk\/shop\/"},{"@type":"ListItem","position":2,"name":"Ghostface Butcher Knife"}]},{"@type":"WebSite","@id":"https:\/\/madabouthorror.co.uk\/#website","url":"https:\/\/madabouthorror.co.uk\/","name":"Verr\u00fcckt nach Horror","description":"","publisher":{"@id":"https:\/\/madabouthorror.co.uk\/#organization"},"alternateName":"Mad About Horror Limited","potentialAction":[{"@type":"SearchAction","target":{"@type":"EntryPoint","urlTemplate":"https:\/\/madabouthorror.co.uk\/?s={search_term_string}"},"query-input":{"@type":"PropertyValueSpecification","valueRequired":true,"valueName":"search_term_string"}}],"inLanguage":"de"},{"@type":"Organization","@id":"https:\/\/madabouthorror.co.uk\/#organization","name":"Verr\u00fcckt nach Horror","url":"https:\/\/madabouthorror.co.uk\/","logo":{"@type":"ImageObject","inLanguage":"de","@id":"https:\/\/madabouthorror.co.uk\/#\/schema\/logo\/image\/","url":"https:\/\/madabouthorror.co.uk\/wp-content\/uploads\/2024\/02\/cropped-Logo.png","contentUrl":"https:\/\/madabouthorror.co.uk\/wp-content\/uploads\/2024\/02\/cropped-Logo.png","width":240,"height":88,"caption":"Mad About Horror"},"image":{"@id":"https:\/\/madabouthorror.co.uk\/#\/schema\/logo\/image\/"},"sameAs":["https:\/\/www.facebook.com\/madabouthorror\/","https:\/\/www.instagram.com\/madabouthorror\/","https:\/\/www.pinterest.co.uk\/madabouthorror\/","https:\/\/www.youtube.com\/channel\/UCBooLOIxjoQ89dj6T5lWm_w","https:\/\/www.tiktok.com\/@weremadabouthorror"]}]}},"df_price":7.24,"df_sale_price":"","df_regular_price":7.24,"df_image_link":"https:\/\/madabouthorror.co.uk\/wp-content\/uploads\/2022\/04\/ghostface_butcher_knife_scream-300x300.jpg","_links":{"self":[{"href":"https:\/\/madabouthorror.co.uk\/de\/wp-json\/wp\/v2\/product\/52608","targetHints":{"allow":["GET"]}}],"collection":[{"href":"https:\/\/madabouthorror.co.uk\/de\/wp-json\/wp\/v2\/product"}],"about":[{"href":"https:\/\/madabouthorror.co.uk\/de\/wp-json\/wp\/v2\/types\/product"}],"replies":[{"embeddable":true,"href":"https:\/\/madabouthorror.co.uk\/de\/wp-json\/wp\/v2\/comments?post=52608"}],"wp:featuredmedia":[{"embeddable":true,"href":"https:\/\/madabouthorror.co.uk\/de\/wp-json\/wp\/v2\/media\/52606"}],"wp:attachment":[{"href":"https:\/\/madabouthorror.co.uk\/de\/wp-json\/wp\/v2\/media?parent=52608"}],"wp:term":[{"taxonomy":"product_brand","embeddable":true,"href":"https:\/\/madabouthorror.co.uk\/de\/wp-json\/wp\/v2\/product_brand?post=52608"},{"taxonomy":"product_cat","embeddable":true,"href":"https:\/\/madabouthorror.co.uk\/de\/wp-json\/wp\/v2\/product_cat?post=52608"},{"taxonomy":"product_tag","embeddable":true,"href":"https:\/\/madabouthorror.co.uk\/de\/wp-json\/wp\/v2\/product_tag?post=52608"}],"curies":[{"name":"wp","href":"https:\/\/api.w.org\/{rel}","templated":true}]}}