{"id":52612,"date":"2022-04-06T10:37:43","date_gmt":"2022-04-06T09:37:43","guid":{"rendered":"https:\/\/mah.6bdv.ws\/product\/scream-ghostface-slayer-kit\/"},"modified":"2026-04-10T18:15:09","modified_gmt":"2026-04-10T17:15:09","slug":"scream-ghostface-slayer-kit","status":"publish","type":"product","link":"https:\/\/madabouthorror.co.uk\/de\/product\/scream-ghostface-slayer-kit\/","title":{"rendered":"Ghostface Slayer Bausatz"},"content":{"rendered":"<p><span style=\"color: #000000;\">Fantastisches Sammler-Set mit der ikonischen Ghostface-Maske, schwarzen Handschuhen und einem verchromten Buck-Messer.\u00a0<\/span><\/p>\n<p>INKLUSIVE<\/p>\n<ul>\n<li>Maske mit Kapuze<\/li>\n<li>Handschuhe<\/li>\n<li>Chrom Buck Messer<\/li>\n<\/ul>","protected":false},"excerpt":{"rendered":"<p>Fantastisches Sammler-Set mit der ikonischen Ghostface-Maske, schwarzen Handschuhen und einem verchromten Messer.  ENTH\u00c4LT Maske mit Kapuze Handschuhe Chrom Buck Messer<\/p>","protected":false},"featured_media":52611,"comment_status":"closed","ping_status":"closed","template":"","meta":{"_acf_changed":false},"product_brand":[],"product_cat":[6580,10083,10041,10038,6541,7040,6695],"product_tag":[],"class_list":{"0":"post-52612","1":"product","2":"type-product","3":"status-publish","4":"has-post-thumbnail","6":"product_cat-movie-tv","7":"product_cat-scream-knifes-ghostface-knifes","8":"product_cat-gifts-under-50","9":"product_cat-horror-gifts","10":"product_cat-masks","11":"product_cat-ghostface","12":"product_cat-scream","14":"first","15":"instock","16":"taxable","17":"shipping-taxable","18":"purchasable","19":"product-type-simple"},"supplier_id":467907,"supplier_sku":"1550I","barcode":"071765148948","atum_controlled":true,"out_stock_date":null,"out_stock_threshold":null,"inheritable":false,"inbound_stock":0,"stock_on_hold":0,"sold_today":0,"sales_last_days":3,"reserved_stock":0,"customer_returns":0,"warehouse_damage":0,"lost_in_post":0,"other_logs":0,"out_stock_days":0,"lost_sales":0,"has_location":false,"update_date":"2026-04-14T02:07:24","atum_locations":[],"atum_stock_status":"instock","restock_status":false,"low_stock_amount":1,"sales_update_date":"2026-04-14T02:07:23","calc_backorders":null,"acf":[],"yoast_head":"<!-- This site is optimized with the Yoast SEO plugin v27.3 - https:\/\/yoast.com\/product\/yoast-seo-wordpress\/ -->\n<title>Scream Ghostface Slayer Kit<\/title>\n<meta name=\"description\" content=\"Officially licensed Horror Masks &amp; Collectibles - Ghostface collectibles in stock. Buy from the UK&#039;s leading horror collectibles specialist, Mad About Horror\" \/>\n<meta name=\"robots\" content=\"index, follow, max-snippet:-1, max-image-preview:large, max-video-preview:-1\" \/>\n<link rel=\"canonical\" href=\"https:\/\/madabouthorror.co.uk\/de\/product\/scream-ghostface-slayer-kit\/\" \/>\n<meta property=\"og:locale\" content=\"de_DE\" \/>\n<meta property=\"og:type\" content=\"article\" \/>\n<meta property=\"og:title\" content=\"Scream Ghostface Slayer Kit\" \/>\n<meta property=\"og:description\" content=\"Officially licensed Horror Masks &amp; Collectibles - Ghostface collectibles in stock. Buy from the UK&#039;s leading horror collectibles specialist, Mad About Horror\" \/>\n<meta property=\"og:url\" content=\"https:\/\/madabouthorror.co.uk\/de\/product\/scream-ghostface-slayer-kit\/\" \/>\n<meta property=\"og:site_name\" content=\"Mad About Horror\" \/>\n<meta property=\"article:publisher\" content=\"https:\/\/www.facebook.com\/madabouthorror\/\" \/>\n<meta property=\"article:modified_time\" content=\"2026-04-10T17:15:09+00:00\" \/>\n<meta property=\"og:image\" content=\"https:\/\/madabouthorror.co.uk\/wp-content\/uploads\/2022\/04\/scream_ghostface_slayer_kit_fun_world.jpg\" \/>\n\t<meta property=\"og:image:width\" content=\"650\" \/>\n\t<meta property=\"og:image:height\" content=\"650\" \/>\n\t<meta property=\"og:image:type\" content=\"image\/jpeg\" \/>\n<meta name=\"twitter:card\" content=\"summary_large_image\" \/>\n<meta name=\"twitter:label1\" content=\"Gesch\u00e4tzte Lesezeit\" \/>\n\t<meta name=\"twitter:data1\" content=\"1\u00a0Minute\" \/>\n<script type=\"application\/ld+json\" class=\"yoast-schema-graph\">{\"@context\":\"https:\\\/\\\/schema.org\",\"@graph\":[{\"@type\":[\"WebPage\",\"ItemPage\"],\"@id\":\"https:\\\/\\\/madabouthorror.co.uk\\\/product\\\/scream-ghostface-slayer-kit\\\/\",\"url\":\"https:\\\/\\\/madabouthorror.co.uk\\\/product\\\/scream-ghostface-slayer-kit\\\/\",\"name\":\"Scream Ghostface Slayer Kit\",\"isPartOf\":{\"@id\":\"https:\\\/\\\/madabouthorror.co.uk\\\/#website\"},\"primaryImageOfPage\":{\"@id\":\"https:\\\/\\\/madabouthorror.co.uk\\\/product\\\/scream-ghostface-slayer-kit\\\/#primaryimage\"},\"image\":{\"@id\":\"https:\\\/\\\/madabouthorror.co.uk\\\/product\\\/scream-ghostface-slayer-kit\\\/#primaryimage\"},\"thumbnailUrl\":\"https:\\\/\\\/madabouthorror.co.uk\\\/wp-content\\\/uploads\\\/2022\\\/04\\\/scream_ghostface_slayer_kit_fun_world.jpg\",\"datePublished\":\"2022-04-06T09:37:43+00:00\",\"dateModified\":\"2026-04-10T17:15:09+00:00\",\"description\":\"Officially licensed Horror Masks & Collectibles - Ghostface collectibles in stock. Buy from the UK's leading horror collectibles specialist, Mad About Horror\",\"breadcrumb\":{\"@id\":\"https:\\\/\\\/madabouthorror.co.uk\\\/product\\\/scream-ghostface-slayer-kit\\\/#breadcrumb\"},\"inLanguage\":\"de\",\"potentialAction\":[{\"@type\":\"ReadAction\",\"target\":[\"https:\\\/\\\/madabouthorror.co.uk\\\/product\\\/scream-ghostface-slayer-kit\\\/\"]}]},{\"@type\":\"ImageObject\",\"inLanguage\":\"de\",\"@id\":\"https:\\\/\\\/madabouthorror.co.uk\\\/product\\\/scream-ghostface-slayer-kit\\\/#primaryimage\",\"url\":\"https:\\\/\\\/madabouthorror.co.uk\\\/wp-content\\\/uploads\\\/2022\\\/04\\\/scream_ghostface_slayer_kit_fun_world.jpg\",\"contentUrl\":\"https:\\\/\\\/madabouthorror.co.uk\\\/wp-content\\\/uploads\\\/2022\\\/04\\\/scream_ghostface_slayer_kit_fun_world.jpg\",\"width\":650,\"height\":650,\"caption\":\"Ghostface Slayer Kit - Fun World\"},{\"@type\":\"BreadcrumbList\",\"@id\":\"https:\\\/\\\/madabouthorror.co.uk\\\/product\\\/scream-ghostface-slayer-kit\\\/#breadcrumb\",\"itemListElement\":[{\"@type\":\"ListItem\",\"position\":1,\"name\":\"Shop\",\"item\":\"https:\\\/\\\/madabouthorror.co.uk\\\/shop\\\/\"},{\"@type\":\"ListItem\",\"position\":2,\"name\":\"Ghostface Slayer Kit\"}]},{\"@type\":\"WebSite\",\"@id\":\"https:\\\/\\\/madabouthorror.co.uk\\\/#website\",\"url\":\"https:\\\/\\\/madabouthorror.co.uk\\\/\",\"name\":\"Mad About Horror\",\"description\":\"\",\"publisher\":{\"@id\":\"https:\\\/\\\/madabouthorror.co.uk\\\/#organization\"},\"alternateName\":\"Mad About Horror Limited\",\"potentialAction\":[{\"@type\":\"SearchAction\",\"target\":{\"@type\":\"EntryPoint\",\"urlTemplate\":\"https:\\\/\\\/madabouthorror.co.uk\\\/?s={search_term_string}\"},\"query-input\":{\"@type\":\"PropertyValueSpecification\",\"valueRequired\":true,\"valueName\":\"search_term_string\"}}],\"inLanguage\":\"de\"},{\"@type\":\"Organization\",\"@id\":\"https:\\\/\\\/madabouthorror.co.uk\\\/#organization\",\"name\":\"Mad About Horror\",\"url\":\"https:\\\/\\\/madabouthorror.co.uk\\\/\",\"logo\":{\"@type\":\"ImageObject\",\"inLanguage\":\"de\",\"@id\":\"https:\\\/\\\/madabouthorror.co.uk\\\/#\\\/schema\\\/logo\\\/image\\\/\",\"url\":\"https:\\\/\\\/madabouthorror.co.uk\\\/wp-content\\\/uploads\\\/2024\\\/02\\\/cropped-Logo.png\",\"contentUrl\":\"https:\\\/\\\/madabouthorror.co.uk\\\/wp-content\\\/uploads\\\/2024\\\/02\\\/cropped-Logo.png\",\"width\":240,\"height\":88,\"caption\":\"Mad About Horror\"},\"image\":{\"@id\":\"https:\\\/\\\/madabouthorror.co.uk\\\/#\\\/schema\\\/logo\\\/image\\\/\"},\"sameAs\":[\"https:\\\/\\\/www.facebook.com\\\/madabouthorror\\\/\",\"https:\\\/\\\/www.instagram.com\\\/madabouthorror\\\/\",\"https:\\\/\\\/www.pinterest.co.uk\\\/madabouthorror\\\/\",\"https:\\\/\\\/www.youtube.com\\\/channel\\\/UCBooLOIxjoQ89dj6T5lWm_w\",\"https:\\\/\\\/www.tiktok.com\\\/@weremadabouthorror\"]}]}<\/script>\n<!-- \/ Yoast SEO plugin. -->","yoast_head_json":{"title":"Scream Ghostface Slayer Kit","description":"Offiziell lizenzierte Horror Masken &amp; Sammlerst\u00fccke - Ghostface Sammlerst\u00fccke auf Lager. Kaufen Sie bei Mad About Horror, dem f\u00fchrenden Spezialisten f\u00fcr Horror-Sammlerst\u00fccke in Gro\u00dfbritannien.","robots":{"index":"index","follow":"follow","max-snippet":"max-snippet:-1","max-image-preview":"max-image-preview:large","max-video-preview":"max-video-preview:-1"},"canonical":"https:\/\/madabouthorror.co.uk\/de\/product\/scream-ghostface-slayer-kit\/","og_locale":"de_DE","og_type":"article","og_title":"Scream Ghostface Slayer Kit","og_description":"Officially licensed Horror Masks & Collectibles - Ghostface collectibles in stock. Buy from the UK's leading horror collectibles specialist, Mad About Horror","og_url":"https:\/\/madabouthorror.co.uk\/de\/product\/scream-ghostface-slayer-kit\/","og_site_name":"Mad About Horror","article_publisher":"https:\/\/www.facebook.com\/madabouthorror\/","article_modified_time":"2026-04-10T17:15:09+00:00","og_image":[{"width":650,"height":650,"url":"https:\/\/madabouthorror.co.uk\/wp-content\/uploads\/2022\/04\/scream_ghostface_slayer_kit_fun_world.jpg","type":"image\/jpeg"}],"twitter_card":"summary_large_image","twitter_misc":{"Gesch\u00e4tzte Lesezeit":"1\u00a0Minute"},"schema":{"@context":"https:\/\/schema.org","@graph":[{"@type":["WebPage","ItemPage"],"@id":"https:\/\/madabouthorror.co.uk\/product\/scream-ghostface-slayer-kit\/","url":"https:\/\/madabouthorror.co.uk\/product\/scream-ghostface-slayer-kit\/","name":"Scream Ghostface Slayer Kit","isPartOf":{"@id":"https:\/\/madabouthorror.co.uk\/#website"},"primaryImageOfPage":{"@id":"https:\/\/madabouthorror.co.uk\/product\/scream-ghostface-slayer-kit\/#primaryimage"},"image":{"@id":"https:\/\/madabouthorror.co.uk\/product\/scream-ghostface-slayer-kit\/#primaryimage"},"thumbnailUrl":"https:\/\/madabouthorror.co.uk\/wp-content\/uploads\/2022\/04\/scream_ghostface_slayer_kit_fun_world.jpg","datePublished":"2022-04-06T09:37:43+00:00","dateModified":"2026-04-10T17:15:09+00:00","description":"Offiziell lizenzierte Horror Masken &amp; Sammlerst\u00fccke - Ghostface Sammlerst\u00fccke auf Lager. Kaufen Sie bei Mad About Horror, dem f\u00fchrenden Spezialisten f\u00fcr Horror-Sammlerst\u00fccke in Gro\u00dfbritannien.","breadcrumb":{"@id":"https:\/\/madabouthorror.co.uk\/product\/scream-ghostface-slayer-kit\/#breadcrumb"},"inLanguage":"de","potentialAction":[{"@type":"ReadAction","target":["https:\/\/madabouthorror.co.uk\/product\/scream-ghostface-slayer-kit\/"]}]},{"@type":"ImageObject","inLanguage":"de","@id":"https:\/\/madabouthorror.co.uk\/product\/scream-ghostface-slayer-kit\/#primaryimage","url":"https:\/\/madabouthorror.co.uk\/wp-content\/uploads\/2022\/04\/scream_ghostface_slayer_kit_fun_world.jpg","contentUrl":"https:\/\/madabouthorror.co.uk\/wp-content\/uploads\/2022\/04\/scream_ghostface_slayer_kit_fun_world.jpg","width":650,"height":650,"caption":"Ghostface Slayer Kit - Fun World"},{"@type":"BreadcrumbList","@id":"https:\/\/madabouthorror.co.uk\/product\/scream-ghostface-slayer-kit\/#breadcrumb","itemListElement":[{"@type":"ListItem","position":1,"name":"Shop","item":"https:\/\/madabouthorror.co.uk\/shop\/"},{"@type":"ListItem","position":2,"name":"Ghostface Slayer Kit"}]},{"@type":"WebSite","@id":"https:\/\/madabouthorror.co.uk\/#website","url":"https:\/\/madabouthorror.co.uk\/","name":"Verr\u00fcckt nach Horror","description":"","publisher":{"@id":"https:\/\/madabouthorror.co.uk\/#organization"},"alternateName":"Mad About Horror Limited","potentialAction":[{"@type":"SearchAction","target":{"@type":"EntryPoint","urlTemplate":"https:\/\/madabouthorror.co.uk\/?s={search_term_string}"},"query-input":{"@type":"PropertyValueSpecification","valueRequired":true,"valueName":"search_term_string"}}],"inLanguage":"de"},{"@type":"Organization","@id":"https:\/\/madabouthorror.co.uk\/#organization","name":"Verr\u00fcckt nach Horror","url":"https:\/\/madabouthorror.co.uk\/","logo":{"@type":"ImageObject","inLanguage":"de","@id":"https:\/\/madabouthorror.co.uk\/#\/schema\/logo\/image\/","url":"https:\/\/madabouthorror.co.uk\/wp-content\/uploads\/2024\/02\/cropped-Logo.png","contentUrl":"https:\/\/madabouthorror.co.uk\/wp-content\/uploads\/2024\/02\/cropped-Logo.png","width":240,"height":88,"caption":"Mad About Horror"},"image":{"@id":"https:\/\/madabouthorror.co.uk\/#\/schema\/logo\/image\/"},"sameAs":["https:\/\/www.facebook.com\/madabouthorror\/","https:\/\/www.instagram.com\/madabouthorror\/","https:\/\/www.pinterest.co.uk\/madabouthorror\/","https:\/\/www.youtube.com\/channel\/UCBooLOIxjoQ89dj6T5lWm_w","https:\/\/www.tiktok.com\/@weremadabouthorror"]}]}},"df_price":34.33,"df_sale_price":"","df_regular_price":34.33,"df_image_link":"https:\/\/madabouthorror.co.uk\/wp-content\/uploads\/2022\/04\/scream_ghostface_slayer_kit_fun_world-300x300.jpg","_links":{"self":[{"href":"https:\/\/madabouthorror.co.uk\/de\/wp-json\/wp\/v2\/product\/52612","targetHints":{"allow":["GET"]}}],"collection":[{"href":"https:\/\/madabouthorror.co.uk\/de\/wp-json\/wp\/v2\/product"}],"about":[{"href":"https:\/\/madabouthorror.co.uk\/de\/wp-json\/wp\/v2\/types\/product"}],"replies":[{"embeddable":true,"href":"https:\/\/madabouthorror.co.uk\/de\/wp-json\/wp\/v2\/comments?post=52612"}],"wp:featuredmedia":[{"embeddable":true,"href":"https:\/\/madabouthorror.co.uk\/de\/wp-json\/wp\/v2\/media\/52611"}],"wp:attachment":[{"href":"https:\/\/madabouthorror.co.uk\/de\/wp-json\/wp\/v2\/media?parent=52612"}],"wp:term":[{"taxonomy":"product_brand","embeddable":true,"href":"https:\/\/madabouthorror.co.uk\/de\/wp-json\/wp\/v2\/product_brand?post=52612"},{"taxonomy":"product_cat","embeddable":true,"href":"https:\/\/madabouthorror.co.uk\/de\/wp-json\/wp\/v2\/product_cat?post=52612"},{"taxonomy":"product_tag","embeddable":true,"href":"https:\/\/madabouthorror.co.uk\/de\/wp-json\/wp\/v2\/product_tag?post=52612"}],"curies":[{"name":"wp","href":"https:\/\/api.w.org\/{rel}","templated":true}]}}