{"id":526852,"date":"2025-02-25T12:46:50","date_gmt":"2025-02-25T12:46:50","guid":{"rendered":"https:\/\/madabouthorror.co.uk\/?post_type=product&#038;p=526852"},"modified":"2026-04-20T15:40:29","modified_gmt":"2026-04-20T14:40:29","slug":"ghostbusters-toasted-stay-puft-mask","status":"publish","type":"product","link":"https:\/\/madabouthorror.co.uk\/de\/product\/ghostbusters-toasted-stay-puft-mask\/","title":{"rendered":"Geisterj\u00e4ger - Getoastete Stay Puft Maske"},"content":{"rendered":"<p data-start=\"136\" data-end=\"481\">\u201cW\u00e4hle die Form deines Zerst\u00f6rers!\u201d Feiere eine der ikonischsten Figuren in <em data-start=\"221\" data-end=\"235\">Geisterj\u00e4ger<\/em> mit der Toasted Stay Puft Marshmallow Man Maske von Trick or Treat Studios. Diese Vollkopfmaske f\u00e4ngt perfekt den erschreckenden und doch skurrilen Look des Stay Puft Marshmallow Man ein und ist damit ein Muss f\u00fcr Sammler und Fans gleicherma\u00dfen.<\/p>\n<p data-start=\"483\" data-end=\"755\">Hergestellt aus hochwertigem Vinyl, besticht diese detailreiche Maske durch echte Bandapplikationen f\u00fcr einen zus\u00e4tzlichen Hauch von Authentizit\u00e4t. Egal, ob Sie sie zu Ihrer <em data-start=\"633\" data-end=\"647\">Geisterj\u00e4ger<\/em> Egal ob zum Ausstellen oder als Herzst\u00fcck eines preisgekr\u00f6nten Halloween-Kost\u00fcms, diese Maske wird mit Sicherheit beeindrucken.<\/p>\n<p data-start=\"757\" data-end=\"776\"><strong data-start=\"757\" data-end=\"769\">Material<\/strong>Vinyl<\/p>\n<p data-start=\"778\" data-end=\"906\">F\u00fcgen Sie dieses ikonische hinzu <em data-start=\"794\" data-end=\"808\">Geisterj\u00e4ger<\/em> ...ische Sammlung und erleben Sie den nostalgischen Schrecken und Spa\u00df des Stay Puft Marshmallow Man!<\/p>","protected":false},"excerpt":{"rendered":"<p>\u201cW\u00e4hle die Form deines Zerst\u00f6rers!\u201d Feiere eine der ikonischsten Figuren aus Ghostbusters mit der Toasted Stay Puft Marshmallow Man Maske von Trick or Treat Studios. Diese Ganzkopfmaske f\u00e4ngt den furchterregenden und doch skurrilen Look des Stay Puft Marshmallow Man perfekt ein und macht sie zu einem Muss f\u00fcr Sammler und Fans gleicherma\u00dfen. Gefertigt [\u2026]<\/p>","protected":false},"featured_media":549279,"comment_status":"closed","ping_status":"closed","template":"","meta":{"_acf_changed":false},"product_brand":[],"product_cat":[6580,10038,6541,6656,6792],"product_tag":[],"class_list":{"0":"post-526852","1":"product","2":"type-product","3":"status-publish","4":"has-post-thumbnail","6":"product_cat-movie-tv","7":"product_cat-horror-gifts","8":"product_cat-masks","9":"product_cat-ghostbusters","10":"product_cat-trick-or-treat-studios","12":"first","13":"onbackorder","14":"taxable","15":"shipping-taxable","16":"purchasable","17":"product-type-simple"},"supplier_id":467429,"supplier_sku":"TTSP124","barcode":"810116284368","atum_controlled":true,"out_stock_date":"2025-12-10 01:53:55","out_stock_threshold":null,"inheritable":false,"inbound_stock":4,"stock_on_hold":0,"sold_today":0,"sales_last_days":0,"reserved_stock":0,"customer_returns":0,"warehouse_damage":0,"lost_in_post":0,"other_logs":0,"out_stock_days":140,"lost_sales":1599,"has_location":false,"update_date":"2026-04-29T02:06:25","atum_locations":[],"atum_stock_status":"onbackorder","restock_status":false,"low_stock_amount":2,"sales_update_date":"2026-04-29T02:06:24","calc_backorders":0,"acf":[],"yoast_head":"<!-- This site is optimized with the Yoast SEO plugin v27.5 - https:\/\/yoast.com\/product\/yoast-seo-wordpress\/ -->\n<title>Ghostbusters - Toasted Stay Puft Mask | Mad About Horror<\/title>\n<meta name=\"description\" content=\"Ghostbusters - Toasted Stay Puft Mask.\" \/>\n<meta name=\"robots\" content=\"index, follow, max-snippet:-1, max-image-preview:large, max-video-preview:-1\" \/>\n<link rel=\"canonical\" href=\"https:\/\/madabouthorror.co.uk\/de\/product\/ghostbusters-toasted-stay-puft-mask\/\" \/>\n<meta property=\"og:locale\" content=\"de_DE\" \/>\n<meta property=\"og:type\" content=\"article\" \/>\n<meta property=\"og:title\" content=\"Ghostbusters - Toasted Stay Puft Mask | Mad About Horror\" \/>\n<meta property=\"og:description\" content=\"Ghostbusters - Toasted Stay Puft Mask.\" \/>\n<meta property=\"og:url\" content=\"https:\/\/madabouthorror.co.uk\/de\/product\/ghostbusters-toasted-stay-puft-mask\/\" \/>\n<meta property=\"og:site_name\" content=\"Mad About Horror\" \/>\n<meta property=\"article:publisher\" content=\"https:\/\/www.facebook.com\/madabouthorror\/\" \/>\n<meta property=\"article:modified_time\" content=\"2026-04-20T14:40:29+00:00\" \/>\n<meta property=\"og:image\" content=\"https:\/\/madabouthorror.co.uk\/wp-content\/uploads\/2025\/02\/3-5.png\" \/>\n\t<meta property=\"og:image:width\" content=\"1500\" \/>\n\t<meta property=\"og:image:height\" content=\"1500\" \/>\n\t<meta property=\"og:image:type\" content=\"image\/png\" \/>\n<meta name=\"twitter:card\" content=\"summary_large_image\" \/>\n<meta name=\"twitter:label1\" content=\"Gesch\u00e4tzte Lesezeit\" \/>\n\t<meta name=\"twitter:data1\" content=\"1\u00a0Minute\" \/>\n<script type=\"application\/ld+json\" class=\"yoast-schema-graph\">{\"@context\":\"https:\\\/\\\/schema.org\",\"@graph\":[{\"@type\":[\"WebPage\",\"ItemPage\"],\"@id\":\"https:\\\/\\\/madabouthorror.co.uk\\\/product\\\/ghostbusters-toasted-stay-puft-mask\\\/\",\"url\":\"https:\\\/\\\/madabouthorror.co.uk\\\/product\\\/ghostbusters-toasted-stay-puft-mask\\\/\",\"name\":\"Ghostbusters - Toasted Stay Puft Mask | Mad About Horror\",\"isPartOf\":{\"@id\":\"https:\\\/\\\/madabouthorror.co.uk\\\/#website\"},\"primaryImageOfPage\":{\"@id\":\"https:\\\/\\\/madabouthorror.co.uk\\\/product\\\/ghostbusters-toasted-stay-puft-mask\\\/#primaryimage\"},\"image\":{\"@id\":\"https:\\\/\\\/madabouthorror.co.uk\\\/product\\\/ghostbusters-toasted-stay-puft-mask\\\/#primaryimage\"},\"thumbnailUrl\":\"https:\\\/\\\/madabouthorror.co.uk\\\/wp-content\\\/uploads\\\/2025\\\/02\\\/3-5.png\",\"datePublished\":\"2025-02-25T12:46:50+00:00\",\"dateModified\":\"2026-04-20T14:40:29+00:00\",\"description\":\"Ghostbusters - Toasted Stay Puft Mask.\",\"breadcrumb\":{\"@id\":\"https:\\\/\\\/madabouthorror.co.uk\\\/product\\\/ghostbusters-toasted-stay-puft-mask\\\/#breadcrumb\"},\"inLanguage\":\"de\",\"potentialAction\":[{\"@type\":\"ReadAction\",\"target\":[\"https:\\\/\\\/madabouthorror.co.uk\\\/product\\\/ghostbusters-toasted-stay-puft-mask\\\/\"]}]},{\"@type\":\"ImageObject\",\"inLanguage\":\"de\",\"@id\":\"https:\\\/\\\/madabouthorror.co.uk\\\/product\\\/ghostbusters-toasted-stay-puft-mask\\\/#primaryimage\",\"url\":\"https:\\\/\\\/madabouthorror.co.uk\\\/wp-content\\\/uploads\\\/2025\\\/02\\\/3-5.png\",\"contentUrl\":\"https:\\\/\\\/madabouthorror.co.uk\\\/wp-content\\\/uploads\\\/2025\\\/02\\\/3-5.png\",\"width\":1500,\"height\":1500,\"caption\":\"Ghostbusters - Toasted Stay Puft Mask\"},{\"@type\":\"BreadcrumbList\",\"@id\":\"https:\\\/\\\/madabouthorror.co.uk\\\/product\\\/ghostbusters-toasted-stay-puft-mask\\\/#breadcrumb\",\"itemListElement\":[{\"@type\":\"ListItem\",\"position\":1,\"name\":\"Shop\",\"item\":\"https:\\\/\\\/madabouthorror.co.uk\\\/shop\\\/\"},{\"@type\":\"ListItem\",\"position\":2,\"name\":\"Ghostbusters &#8211; Toasted Stay Puft Mask\"}]},{\"@type\":\"WebSite\",\"@id\":\"https:\\\/\\\/madabouthorror.co.uk\\\/#website\",\"url\":\"https:\\\/\\\/madabouthorror.co.uk\\\/\",\"name\":\"Mad About Horror\",\"description\":\"\",\"publisher\":{\"@id\":\"https:\\\/\\\/madabouthorror.co.uk\\\/#organization\"},\"alternateName\":\"Mad About Horror Limited\",\"potentialAction\":[{\"@type\":\"SearchAction\",\"target\":{\"@type\":\"EntryPoint\",\"urlTemplate\":\"https:\\\/\\\/madabouthorror.co.uk\\\/?s={search_term_string}\"},\"query-input\":{\"@type\":\"PropertyValueSpecification\",\"valueRequired\":true,\"valueName\":\"search_term_string\"}}],\"inLanguage\":\"de\"},{\"@type\":\"Organization\",\"@id\":\"https:\\\/\\\/madabouthorror.co.uk\\\/#organization\",\"name\":\"Mad About Horror\",\"url\":\"https:\\\/\\\/madabouthorror.co.uk\\\/\",\"logo\":{\"@type\":\"ImageObject\",\"inLanguage\":\"de\",\"@id\":\"https:\\\/\\\/madabouthorror.co.uk\\\/#\\\/schema\\\/logo\\\/image\\\/\",\"url\":\"https:\\\/\\\/madabouthorror.co.uk\\\/wp-content\\\/uploads\\\/2024\\\/02\\\/cropped-Logo.png\",\"contentUrl\":\"https:\\\/\\\/madabouthorror.co.uk\\\/wp-content\\\/uploads\\\/2024\\\/02\\\/cropped-Logo.png\",\"width\":240,\"height\":88,\"caption\":\"Mad About Horror\"},\"image\":{\"@id\":\"https:\\\/\\\/madabouthorror.co.uk\\\/#\\\/schema\\\/logo\\\/image\\\/\"},\"sameAs\":[\"https:\\\/\\\/www.facebook.com\\\/madabouthorror\\\/\",\"https:\\\/\\\/www.instagram.com\\\/madabouthorror\\\/\",\"https:\\\/\\\/www.pinterest.co.uk\\\/madabouthorror\\\/\",\"https:\\\/\\\/www.youtube.com\\\/channel\\\/UCBooLOIxjoQ89dj6T5lWm_w\",\"https:\\\/\\\/www.tiktok.com\\\/@weremadabouthorror\"]}]}<\/script>\n<!-- \/ Yoast SEO plugin. -->","yoast_head_json":{"title":"Ghostbusters - Toasted Stay Puft Maske | Mad About Horror","description":"Ghostbusters - Ger\u00f6stete Stay Puft Maske.","robots":{"index":"index","follow":"follow","max-snippet":"max-snippet:-1","max-image-preview":"max-image-preview:large","max-video-preview":"max-video-preview:-1"},"canonical":"https:\/\/madabouthorror.co.uk\/de\/product\/ghostbusters-toasted-stay-puft-mask\/","og_locale":"de_DE","og_type":"article","og_title":"Ghostbusters - Toasted Stay Puft Mask | Mad About Horror","og_description":"Ghostbusters - Toasted Stay Puft Mask.","og_url":"https:\/\/madabouthorror.co.uk\/de\/product\/ghostbusters-toasted-stay-puft-mask\/","og_site_name":"Mad About Horror","article_publisher":"https:\/\/www.facebook.com\/madabouthorror\/","article_modified_time":"2026-04-20T14:40:29+00:00","og_image":[{"width":1500,"height":1500,"url":"https:\/\/madabouthorror.co.uk\/wp-content\/uploads\/2025\/02\/3-5.png","type":"image\/png"}],"twitter_card":"summary_large_image","twitter_misc":{"Gesch\u00e4tzte Lesezeit":"1\u00a0Minute"},"schema":{"@context":"https:\/\/schema.org","@graph":[{"@type":["WebPage","ItemPage"],"@id":"https:\/\/madabouthorror.co.uk\/product\/ghostbusters-toasted-stay-puft-mask\/","url":"https:\/\/madabouthorror.co.uk\/product\/ghostbusters-toasted-stay-puft-mask\/","name":"Ghostbusters - Toasted Stay Puft Maske | Mad About Horror","isPartOf":{"@id":"https:\/\/madabouthorror.co.uk\/#website"},"primaryImageOfPage":{"@id":"https:\/\/madabouthorror.co.uk\/product\/ghostbusters-toasted-stay-puft-mask\/#primaryimage"},"image":{"@id":"https:\/\/madabouthorror.co.uk\/product\/ghostbusters-toasted-stay-puft-mask\/#primaryimage"},"thumbnailUrl":"https:\/\/madabouthorror.co.uk\/wp-content\/uploads\/2025\/02\/3-5.png","datePublished":"2025-02-25T12:46:50+00:00","dateModified":"2026-04-20T14:40:29+00:00","description":"Ghostbusters - Ger\u00f6stete Stay Puft Maske.","breadcrumb":{"@id":"https:\/\/madabouthorror.co.uk\/product\/ghostbusters-toasted-stay-puft-mask\/#breadcrumb"},"inLanguage":"de","potentialAction":[{"@type":"ReadAction","target":["https:\/\/madabouthorror.co.uk\/product\/ghostbusters-toasted-stay-puft-mask\/"]}]},{"@type":"ImageObject","inLanguage":"de","@id":"https:\/\/madabouthorror.co.uk\/product\/ghostbusters-toasted-stay-puft-mask\/#primaryimage","url":"https:\/\/madabouthorror.co.uk\/wp-content\/uploads\/2025\/02\/3-5.png","contentUrl":"https:\/\/madabouthorror.co.uk\/wp-content\/uploads\/2025\/02\/3-5.png","width":1500,"height":1500,"caption":"Ghostbusters - Toasted Stay Puft Mask"},{"@type":"BreadcrumbList","@id":"https:\/\/madabouthorror.co.uk\/product\/ghostbusters-toasted-stay-puft-mask\/#breadcrumb","itemListElement":[{"@type":"ListItem","position":1,"name":"Shop","item":"https:\/\/madabouthorror.co.uk\/shop\/"},{"@type":"ListItem","position":2,"name":"Ghostbusters &#8211; Toasted Stay Puft Mask"}]},{"@type":"WebSite","@id":"https:\/\/madabouthorror.co.uk\/#website","url":"https:\/\/madabouthorror.co.uk\/","name":"Verr\u00fcckt nach Horror","description":"","publisher":{"@id":"https:\/\/madabouthorror.co.uk\/#organization"},"alternateName":"Mad About Horror Limited","potentialAction":[{"@type":"SearchAction","target":{"@type":"EntryPoint","urlTemplate":"https:\/\/madabouthorror.co.uk\/?s={search_term_string}"},"query-input":{"@type":"PropertyValueSpecification","valueRequired":true,"valueName":"search_term_string"}}],"inLanguage":"de"},{"@type":"Organization","@id":"https:\/\/madabouthorror.co.uk\/#organization","name":"Verr\u00fcckt nach Horror","url":"https:\/\/madabouthorror.co.uk\/","logo":{"@type":"ImageObject","inLanguage":"de","@id":"https:\/\/madabouthorror.co.uk\/#\/schema\/logo\/image\/","url":"https:\/\/madabouthorror.co.uk\/wp-content\/uploads\/2024\/02\/cropped-Logo.png","contentUrl":"https:\/\/madabouthorror.co.uk\/wp-content\/uploads\/2024\/02\/cropped-Logo.png","width":240,"height":88,"caption":"Mad About Horror"},"image":{"@id":"https:\/\/madabouthorror.co.uk\/#\/schema\/logo\/image\/"},"sameAs":["https:\/\/www.facebook.com\/madabouthorror\/","https:\/\/www.instagram.com\/madabouthorror\/","https:\/\/www.pinterest.co.uk\/madabouthorror\/","https:\/\/www.youtube.com\/channel\/UCBooLOIxjoQ89dj6T5lWm_w","https:\/\/www.tiktok.com\/@weremadabouthorror"]}]}},"df_price":79.95,"df_sale_price":"","df_regular_price":79.95,"df_image_link":"https:\/\/madabouthorror.co.uk\/wp-content\/uploads\/2025\/02\/3-5-300x300.png","_links":{"self":[{"href":"https:\/\/madabouthorror.co.uk\/de\/wp-json\/wp\/v2\/product\/526852","targetHints":{"allow":["GET"]}}],"collection":[{"href":"https:\/\/madabouthorror.co.uk\/de\/wp-json\/wp\/v2\/product"}],"about":[{"href":"https:\/\/madabouthorror.co.uk\/de\/wp-json\/wp\/v2\/types\/product"}],"replies":[{"embeddable":true,"href":"https:\/\/madabouthorror.co.uk\/de\/wp-json\/wp\/v2\/comments?post=526852"}],"wp:featuredmedia":[{"embeddable":true,"href":"https:\/\/madabouthorror.co.uk\/de\/wp-json\/wp\/v2\/media\/549279"}],"wp:attachment":[{"href":"https:\/\/madabouthorror.co.uk\/de\/wp-json\/wp\/v2\/media?parent=526852"}],"wp:term":[{"taxonomy":"product_brand","embeddable":true,"href":"https:\/\/madabouthorror.co.uk\/de\/wp-json\/wp\/v2\/product_brand?post=526852"},{"taxonomy":"product_cat","embeddable":true,"href":"https:\/\/madabouthorror.co.uk\/de\/wp-json\/wp\/v2\/product_cat?post=526852"},{"taxonomy":"product_tag","embeddable":true,"href":"https:\/\/madabouthorror.co.uk\/de\/wp-json\/wp\/v2\/product_tag?post=526852"}],"curies":[{"name":"wp","href":"https:\/\/api.w.org\/{rel}","templated":true}]}}