{"id":53111,"date":"2022-05-30T10:58:27","date_gmt":"2022-05-30T09:58:27","guid":{"rendered":"https:\/\/mah.6bdv.ws\/product\/captain-spaulding-costume\/"},"modified":"2026-04-02T09:52:43","modified_gmt":"2026-04-02T08:52:43","slug":"captain-spaulding-costume","status":"publish","type":"product","link":"https:\/\/madabouthorror.co.uk\/de\/product\/captain-spaulding-costume\/","title":{"rendered":"Kapit\u00e4n Spaulding Kost\u00fcm"},"content":{"rendered":"<p>Trick or Treat Studios, Global Merchandising Services und Rob Zombie sind stolz, das offizielle Captain Spaulding-Kost\u00fcm aus Rob Zombie\uff92s Kultklassiker Haus der 1.000 Leichen zu pr\u00e4sentieren.<\/p>\n<p>Auf der Grundlage von Hunderten von Fotos hinter den Kulissen haben unsere Kost\u00fcmdesigner das originalgetreueste Captain Spaulding-Kost\u00fcm hergestellt, das je produziert wurde.<\/p>\n<p>Das Kost\u00fcm besteht aus Hemd, Hose und Fliege mit Totenkopf.<\/p>\n<p>Die Maske ist separat erh\u00e4ltlich - siehe verwandte Produkte.<\/p>","protected":false},"excerpt":{"rendered":"<p>Trick or Treat Studios, Global Merchandising Services und Rob Zombie sind stolz darauf, das offizielle Captain Spaulding-Kost\u00fcm aus Rob Zombie\uff92s Kultklassiker Haus der 1.000 Leichen zu pr\u00e4sentieren. Basierend auf hunderten von Fotos, die hinter den Kulissen entstanden sind, haben unsere Kost\u00fcmbildner das originalgetreueste Captain Spaulding Kost\u00fcm hergestellt, das je produziert wurde. Das Kost\u00fcm besteht aus Hemd, Hose und [...]<\/p>","protected":false},"featured_media":464580,"comment_status":"closed","ping_status":"closed","template":"","meta":{"_acf_changed":false},"product_brand":[],"product_cat":[10074,7091,6551,10038,6780,6792,6667],"product_tag":[],"class_list":{"0":"post-53111","1":"product","2":"type-product","3":"status-publish","4":"has-post-thumbnail","6":"product_cat-costumes-trick-or-treat-studios","7":"product_cat-tv-movie","8":"product_cat-costumes","9":"product_cat-horror-gifts","10":"product_cat-brand","11":"product_cat-trick-or-treat-studios","12":"product_cat-houseof1000corpses","14":"first","15":"outofstock","16":"taxable","17":"shipping-taxable","18":"purchasable","19":"product-type-variable"},"supplier_id":471029,"supplier_sku":"","barcode":"854146005968","atum_controlled":true,"out_stock_date":"2023-12-21 11:52:50","out_stock_threshold":null,"inheritable":true,"inbound_stock":10,"stock_on_hold":0,"sold_today":0,"sales_last_days":0,"reserved_stock":0,"customer_returns":0,"warehouse_damage":0,"lost_in_post":0,"other_logs":0,"out_stock_days":847,"lost_sales":0,"has_location":false,"update_date":"2026-04-17T01:16:52","atum_locations":[],"atum_stock_status":"outofstock","restock_status":false,"low_stock_amount":"","sales_update_date":"2026-04-17T01:16:50","calc_backorders":null,"acf":[],"yoast_head":"<!-- This site is optimized with the Yoast SEO plugin v27.4 - https:\/\/yoast.com\/product\/yoast-seo-wordpress\/ -->\n<title>Captain Spaulding Costume - Mad About Horror<\/title>\n<meta name=\"description\" content=\"Mad About Horror, official UK stockist of Trick or Treat Studios latex masks and collectibles. Huge range available from UK stock.\" \/>\n<meta name=\"robots\" content=\"index, follow, max-snippet:-1, max-image-preview:large, max-video-preview:-1\" \/>\n<link rel=\"canonical\" href=\"https:\/\/madabouthorror.co.uk\/de\/product\/captain-spaulding-costume\/\" \/>\n<meta property=\"og:locale\" content=\"de_DE\" \/>\n<meta property=\"og:type\" content=\"article\" \/>\n<meta property=\"og:title\" content=\"Captain Spaulding Costume - Mad About Horror\" \/>\n<meta property=\"og:description\" content=\"Mad About Horror, official UK stockist of Trick or Treat Studios latex masks and collectibles. Huge range available from UK stock.\" \/>\n<meta property=\"og:url\" content=\"https:\/\/madabouthorror.co.uk\/de\/product\/captain-spaulding-costume\/\" \/>\n<meta property=\"og:site_name\" content=\"Mad About Horror\" \/>\n<meta property=\"article:publisher\" content=\"https:\/\/www.facebook.com\/madabouthorror\/\" \/>\n<meta property=\"article:modified_time\" content=\"2026-04-02T08:52:43+00:00\" \/>\n<meta property=\"og:image\" content=\"https:\/\/madabouthorror.co.uk\/wp-content\/uploads\/2022\/05\/trick-or-treat-studios-captain-spauldling-halloween-costume.jpg\" \/>\n\t<meta property=\"og:image:width\" content=\"1500\" \/>\n\t<meta property=\"og:image:height\" content=\"1500\" \/>\n\t<meta property=\"og:image:type\" content=\"image\/jpeg\" \/>\n<meta name=\"twitter:card\" content=\"summary_large_image\" \/>\n<meta name=\"twitter:label1\" content=\"Gesch\u00e4tzte Lesezeit\" \/>\n\t<meta name=\"twitter:data1\" content=\"1\u00a0Minute\" \/>\n<script type=\"application\/ld+json\" class=\"yoast-schema-graph\">{\"@context\":\"https:\\\/\\\/schema.org\",\"@graph\":[{\"@type\":[\"WebPage\",\"ItemPage\"],\"@id\":\"https:\\\/\\\/madabouthorror.co.uk\\\/product\\\/captain-spaulding-costume\\\/\",\"url\":\"https:\\\/\\\/madabouthorror.co.uk\\\/product\\\/captain-spaulding-costume\\\/\",\"name\":\"Captain Spaulding Costume - Mad About Horror\",\"isPartOf\":{\"@id\":\"https:\\\/\\\/madabouthorror.co.uk\\\/#website\"},\"primaryImageOfPage\":{\"@id\":\"https:\\\/\\\/madabouthorror.co.uk\\\/product\\\/captain-spaulding-costume\\\/#primaryimage\"},\"image\":{\"@id\":\"https:\\\/\\\/madabouthorror.co.uk\\\/product\\\/captain-spaulding-costume\\\/#primaryimage\"},\"thumbnailUrl\":\"https:\\\/\\\/madabouthorror.co.uk\\\/wp-content\\\/uploads\\\/2022\\\/05\\\/trick-or-treat-studios-captain-spauldling-halloween-costume.jpg\",\"datePublished\":\"2022-05-30T09:58:27+00:00\",\"dateModified\":\"2026-04-02T08:52:43+00:00\",\"description\":\"Mad About Horror, official UK stockist of Trick or Treat Studios latex masks and collectibles. Huge range available from UK stock.\",\"breadcrumb\":{\"@id\":\"https:\\\/\\\/madabouthorror.co.uk\\\/product\\\/captain-spaulding-costume\\\/#breadcrumb\"},\"inLanguage\":\"de\",\"potentialAction\":[{\"@type\":\"ReadAction\",\"target\":[\"https:\\\/\\\/madabouthorror.co.uk\\\/product\\\/captain-spaulding-costume\\\/\"]}]},{\"@type\":\"ImageObject\",\"inLanguage\":\"de\",\"@id\":\"https:\\\/\\\/madabouthorror.co.uk\\\/product\\\/captain-spaulding-costume\\\/#primaryimage\",\"url\":\"https:\\\/\\\/madabouthorror.co.uk\\\/wp-content\\\/uploads\\\/2022\\\/05\\\/trick-or-treat-studios-captain-spauldling-halloween-costume.jpg\",\"contentUrl\":\"https:\\\/\\\/madabouthorror.co.uk\\\/wp-content\\\/uploads\\\/2022\\\/05\\\/trick-or-treat-studios-captain-spauldling-halloween-costume.jpg\",\"width\":1500,\"height\":1500,\"caption\":\"captain Spaulding halloween costume\"},{\"@type\":\"BreadcrumbList\",\"@id\":\"https:\\\/\\\/madabouthorror.co.uk\\\/product\\\/captain-spaulding-costume\\\/#breadcrumb\",\"itemListElement\":[{\"@type\":\"ListItem\",\"position\":1,\"name\":\"Shop\",\"item\":\"https:\\\/\\\/madabouthorror.co.uk\\\/shop\\\/\"},{\"@type\":\"ListItem\",\"position\":2,\"name\":\"Captain Spaulding Costume\"}]},{\"@type\":\"WebSite\",\"@id\":\"https:\\\/\\\/madabouthorror.co.uk\\\/#website\",\"url\":\"https:\\\/\\\/madabouthorror.co.uk\\\/\",\"name\":\"Mad About Horror\",\"description\":\"\",\"publisher\":{\"@id\":\"https:\\\/\\\/madabouthorror.co.uk\\\/#organization\"},\"alternateName\":\"Mad About Horror Limited\",\"potentialAction\":[{\"@type\":\"SearchAction\",\"target\":{\"@type\":\"EntryPoint\",\"urlTemplate\":\"https:\\\/\\\/madabouthorror.co.uk\\\/?s={search_term_string}\"},\"query-input\":{\"@type\":\"PropertyValueSpecification\",\"valueRequired\":true,\"valueName\":\"search_term_string\"}}],\"inLanguage\":\"de\"},{\"@type\":\"Organization\",\"@id\":\"https:\\\/\\\/madabouthorror.co.uk\\\/#organization\",\"name\":\"Mad About Horror\",\"url\":\"https:\\\/\\\/madabouthorror.co.uk\\\/\",\"logo\":{\"@type\":\"ImageObject\",\"inLanguage\":\"de\",\"@id\":\"https:\\\/\\\/madabouthorror.co.uk\\\/#\\\/schema\\\/logo\\\/image\\\/\",\"url\":\"https:\\\/\\\/madabouthorror.co.uk\\\/wp-content\\\/uploads\\\/2024\\\/02\\\/cropped-Logo.png\",\"contentUrl\":\"https:\\\/\\\/madabouthorror.co.uk\\\/wp-content\\\/uploads\\\/2024\\\/02\\\/cropped-Logo.png\",\"width\":240,\"height\":88,\"caption\":\"Mad About Horror\"},\"image\":{\"@id\":\"https:\\\/\\\/madabouthorror.co.uk\\\/#\\\/schema\\\/logo\\\/image\\\/\"},\"sameAs\":[\"https:\\\/\\\/www.facebook.com\\\/madabouthorror\\\/\",\"https:\\\/\\\/www.instagram.com\\\/madabouthorror\\\/\",\"https:\\\/\\\/www.pinterest.co.uk\\\/madabouthorror\\\/\",\"https:\\\/\\\/www.youtube.com\\\/channel\\\/UCBooLOIxjoQ89dj6T5lWm_w\",\"https:\\\/\\\/www.tiktok.com\\\/@weremadabouthorror\"]}]}<\/script>\n<!-- \/ Yoast SEO plugin. -->","yoast_head_json":{"title":"Kapit\u00e4n Spaulding Kost\u00fcm - Mad About Horror","description":"Mad About Horror, offizieller britischer Fachh\u00e4ndler f\u00fcr Latexmasken und Sammlerst\u00fccke von Trick or Treat Studios. Riesige Auswahl ab Lager in Gro\u00dfbritannien verf\u00fcgbar.","robots":{"index":"index","follow":"follow","max-snippet":"max-snippet:-1","max-image-preview":"max-image-preview:large","max-video-preview":"max-video-preview:-1"},"canonical":"https:\/\/madabouthorror.co.uk\/de\/product\/captain-spaulding-costume\/","og_locale":"de_DE","og_type":"article","og_title":"Captain Spaulding Costume - Mad About Horror","og_description":"Mad About Horror, official UK stockist of Trick or Treat Studios latex masks and collectibles. Huge range available from UK stock.","og_url":"https:\/\/madabouthorror.co.uk\/de\/product\/captain-spaulding-costume\/","og_site_name":"Mad About Horror","article_publisher":"https:\/\/www.facebook.com\/madabouthorror\/","article_modified_time":"2026-04-02T08:52:43+00:00","og_image":[{"width":1500,"height":1500,"url":"https:\/\/madabouthorror.co.uk\/wp-content\/uploads\/2022\/05\/trick-or-treat-studios-captain-spauldling-halloween-costume.jpg","type":"image\/jpeg"}],"twitter_card":"summary_large_image","twitter_misc":{"Gesch\u00e4tzte Lesezeit":"1\u00a0Minute"},"schema":{"@context":"https:\/\/schema.org","@graph":[{"@type":["WebPage","ItemPage"],"@id":"https:\/\/madabouthorror.co.uk\/product\/captain-spaulding-costume\/","url":"https:\/\/madabouthorror.co.uk\/product\/captain-spaulding-costume\/","name":"Kapit\u00e4n Spaulding Kost\u00fcm - Mad About Horror","isPartOf":{"@id":"https:\/\/madabouthorror.co.uk\/#website"},"primaryImageOfPage":{"@id":"https:\/\/madabouthorror.co.uk\/product\/captain-spaulding-costume\/#primaryimage"},"image":{"@id":"https:\/\/madabouthorror.co.uk\/product\/captain-spaulding-costume\/#primaryimage"},"thumbnailUrl":"https:\/\/madabouthorror.co.uk\/wp-content\/uploads\/2022\/05\/trick-or-treat-studios-captain-spauldling-halloween-costume.jpg","datePublished":"2022-05-30T09:58:27+00:00","dateModified":"2026-04-02T08:52:43+00:00","description":"Mad About Horror, offizieller britischer Fachh\u00e4ndler f\u00fcr Latexmasken und Sammlerst\u00fccke von Trick or Treat Studios. Riesige Auswahl ab Lager in Gro\u00dfbritannien verf\u00fcgbar.","breadcrumb":{"@id":"https:\/\/madabouthorror.co.uk\/product\/captain-spaulding-costume\/#breadcrumb"},"inLanguage":"de","potentialAction":[{"@type":"ReadAction","target":["https:\/\/madabouthorror.co.uk\/product\/captain-spaulding-costume\/"]}]},{"@type":"ImageObject","inLanguage":"de","@id":"https:\/\/madabouthorror.co.uk\/product\/captain-spaulding-costume\/#primaryimage","url":"https:\/\/madabouthorror.co.uk\/wp-content\/uploads\/2022\/05\/trick-or-treat-studios-captain-spauldling-halloween-costume.jpg","contentUrl":"https:\/\/madabouthorror.co.uk\/wp-content\/uploads\/2022\/05\/trick-or-treat-studios-captain-spauldling-halloween-costume.jpg","width":1500,"height":1500,"caption":"captain Spaulding halloween costume"},{"@type":"BreadcrumbList","@id":"https:\/\/madabouthorror.co.uk\/product\/captain-spaulding-costume\/#breadcrumb","itemListElement":[{"@type":"ListItem","position":1,"name":"Shop","item":"https:\/\/madabouthorror.co.uk\/shop\/"},{"@type":"ListItem","position":2,"name":"Captain Spaulding Costume"}]},{"@type":"WebSite","@id":"https:\/\/madabouthorror.co.uk\/#website","url":"https:\/\/madabouthorror.co.uk\/","name":"Verr\u00fcckt nach Horror","description":"","publisher":{"@id":"https:\/\/madabouthorror.co.uk\/#organization"},"alternateName":"Mad About Horror Limited","potentialAction":[{"@type":"SearchAction","target":{"@type":"EntryPoint","urlTemplate":"https:\/\/madabouthorror.co.uk\/?s={search_term_string}"},"query-input":{"@type":"PropertyValueSpecification","valueRequired":true,"valueName":"search_term_string"}}],"inLanguage":"de"},{"@type":"Organization","@id":"https:\/\/madabouthorror.co.uk\/#organization","name":"Verr\u00fcckt nach Horror","url":"https:\/\/madabouthorror.co.uk\/","logo":{"@type":"ImageObject","inLanguage":"de","@id":"https:\/\/madabouthorror.co.uk\/#\/schema\/logo\/image\/","url":"https:\/\/madabouthorror.co.uk\/wp-content\/uploads\/2024\/02\/cropped-Logo.png","contentUrl":"https:\/\/madabouthorror.co.uk\/wp-content\/uploads\/2024\/02\/cropped-Logo.png","width":240,"height":88,"caption":"Mad About Horror"},"image":{"@id":"https:\/\/madabouthorror.co.uk\/#\/schema\/logo\/image\/"},"sameAs":["https:\/\/www.facebook.com\/madabouthorror\/","https:\/\/www.instagram.com\/madabouthorror\/","https:\/\/www.pinterest.co.uk\/madabouthorror\/","https:\/\/www.youtube.com\/channel\/UCBooLOIxjoQ89dj6T5lWm_w","https:\/\/www.tiktok.com\/@weremadabouthorror"]}]}},"df_price":72.87,"df_sale_price":"","df_regular_price":72.87,"df_image_link":"https:\/\/madabouthorror.co.uk\/wp-content\/uploads\/2022\/05\/trick-or-treat-studios-captain-spauldling-halloween-costume-300x300.jpg","_links":{"self":[{"href":"https:\/\/madabouthorror.co.uk\/de\/wp-json\/wp\/v2\/product\/53111","targetHints":{"allow":["GET"]}}],"collection":[{"href":"https:\/\/madabouthorror.co.uk\/de\/wp-json\/wp\/v2\/product"}],"about":[{"href":"https:\/\/madabouthorror.co.uk\/de\/wp-json\/wp\/v2\/types\/product"}],"replies":[{"embeddable":true,"href":"https:\/\/madabouthorror.co.uk\/de\/wp-json\/wp\/v2\/comments?post=53111"}],"wp:featuredmedia":[{"embeddable":true,"href":"https:\/\/madabouthorror.co.uk\/de\/wp-json\/wp\/v2\/media\/464580"}],"wp:attachment":[{"href":"https:\/\/madabouthorror.co.uk\/de\/wp-json\/wp\/v2\/media?parent=53111"}],"wp:term":[{"taxonomy":"product_brand","embeddable":true,"href":"https:\/\/madabouthorror.co.uk\/de\/wp-json\/wp\/v2\/product_brand?post=53111"},{"taxonomy":"product_cat","embeddable":true,"href":"https:\/\/madabouthorror.co.uk\/de\/wp-json\/wp\/v2\/product_cat?post=53111"},{"taxonomy":"product_tag","embeddable":true,"href":"https:\/\/madabouthorror.co.uk\/de\/wp-json\/wp\/v2\/product_tag?post=53111"}],"curies":[{"name":"wp","href":"https:\/\/api.w.org\/{rel}","templated":true}]}}