{"id":531943,"date":"2025-04-10T11:29:42","date_gmt":"2025-04-10T10:29:42","guid":{"rendered":"https:\/\/madabouthorror.co.uk\/?post_type=product&#038;p=531943"},"modified":"2026-04-14T21:32:18","modified_gmt":"2026-04-14T20:32:18","slug":"death-silicone-mask","status":"publish","type":"product","link":"https:\/\/madabouthorror.co.uk\/de\/product\/death-silicone-mask\/","title":{"rendered":"Silikonmaske \"Tod\""},"content":{"rendered":"<p class=\"\" data-start=\"0\" data-end=\"499\">Vorstellung von \u2018<em>Tod<\/em>\u2018Realistische Horror-Maske, ein blutgetr\u00e4nkter Albtraum, der mit verst\u00f6rendem Realismus zum Leben erweckt wird. Jede Maske wird von professionellen K\u00fcnstlern im US-Maskenstudio Shattered FX sorgf\u00e4ltig von Hand bemalt, um jedes grausame Detail einzufangen, vom zerrissenen Fleisch bis zu den rohen, freiliegenden Z\u00fcgen, was einen Look schafft, der sowohl entsetzlich als auch unvergesslich ist. Dieser Handwerksgrad macht sie perfekt f\u00fcr Horrorfilme, Spukh\u00e4user, Grusel-Darsteller oder jeden, der entschlossen ist, das schrecklichste Kost\u00fcm der Saison zu liefern.<\/p>\n<p class=\"\" data-start=\"501\" data-end=\"824\">Hergestellt aus hochwertigem, hautweichem Silikon bewegt sich die Todesmaske nat\u00fcrlich mit Ihrem Gesicht und erm\u00f6glicht ausdrucksstarke, lebensechte Darstellungen, die die Grenze zwischen Darsteller und Monster verschwimmen lassen. An den hoch beanspruchten Stellen verst\u00e4rkt f\u00fcr dauerhafte Haltbarkeit, ist sie so konzipiert, dass sie den Anforderungen des wiederholten Einsatzes in intensiven Gruselumgebungen standh\u00e4lt.<\/p>\n<p class=\"\" data-start=\"826\" data-end=\"994\">Egal, ob Sie ein Spukhaus unsicher machen oder in einer Horrorproduktion mitspielen, diese realistische Horrormaske garantiert eine gruselige Pr\u00e4senz, die niemand so schnell vergessen wird. . . oder \u00fcberleben wird!<\/p>\n<p>Da die Masken handgefertigt sind, kann die Farbgebung leicht von den Fotos abweichen.<\/p>\n<p>Gr\u00f6\u00dfe: Passt jedem mit einem Umfang von 21 - 23,5 Zoll um die Augenbrauen<\/p>\n<p>Auf der Suche nach mehr <a href=\"https:\/\/madabouthorror.co.uk\/de\/c\/masks\/silicone-masks\/\">Gruselige Silikonmasken<\/a>Hier einkaufen.<\/p>","protected":false},"excerpt":{"rendered":"<p>Vorstellung der realistischen Horrormaske \u2018Death\u2018, ein blutgetr\u00e4nkter Albtraum, der mit verst\u00f6rendem Realismus zum Leben erweckt wird. Jede Maske wird von professionellen K\u00fcnstlern im US-Maskenstudio Shattered FX akribisch handbemalt, um jedes grausame Detail einzufangen, vom zerrissenen Fleisch bis zu den rohen, freiliegenden Z\u00fcgen, was einen Look schafft, der sowohl entsetzlich als auch unvergesslich ist. Dieses Ma\u00df an Handwerkskunst macht [\u2026]<\/p>","protected":false},"featured_media":534417,"comment_status":"closed","ping_status":"closed","template":"","meta":{"_acf_changed":false},"product_brand":[],"product_cat":[8732,6542,8733,6541,7098,6543,6824],"product_tag":[],"class_list":{"0":"post-531943","1":"product","2":"type-product","3":"status-publish","4":"has-post-thumbnail","6":"product_cat-professional-range-silicone-masks","7":"product_cat-premium-masks","8":"product_cat-silicone-masks","9":"product_cat-masks","10":"product_cat-butchers-shop","11":"product_cat-professional","12":"product_cat-professional-masks","14":"first","15":"outofstock","16":"taxable","17":"shipping-taxable","18":"purchasable","19":"product-type-simple"},"supplier_id":534260,"supplier_sku":"","barcode":null,"atum_controlled":true,"out_stock_date":"2025-10-08 16:53:03","out_stock_threshold":null,"inheritable":false,"inbound_stock":1,"stock_on_hold":0,"sold_today":0,"sales_last_days":0,"reserved_stock":0,"customer_returns":0,"warehouse_damage":0,"lost_in_post":0,"other_logs":0,"out_stock_days":200,"lost_sales":19857,"has_location":false,"update_date":"2026-04-27T02:01:14","atum_locations":[],"atum_stock_status":"outofstock","restock_status":false,"low_stock_amount":"","sales_update_date":"2026-04-27T02:01:12","calc_backorders":null,"acf":[],"yoast_head":"<!-- This site is optimized with the Yoast SEO plugin v27.4 - https:\/\/yoast.com\/product\/yoast-seo-wordpress\/ -->\n<title>&quot;Death&quot; Silicone Mask | Mad About Horror<\/title>\n<meta name=\"description\" content=\"&quot;Death&quot; silicone realistic horror mask. Professional masks costumes and props available from Madabouthorror, Europe&#039;s leading horror specialist.\" \/>\n<meta name=\"robots\" content=\"index, follow, max-snippet:-1, max-image-preview:large, max-video-preview:-1\" \/>\n<link rel=\"canonical\" href=\"https:\/\/madabouthorror.co.uk\/de\/product\/death-silicone-mask\/\" \/>\n<meta property=\"og:locale\" content=\"de_DE\" \/>\n<meta property=\"og:type\" content=\"article\" \/>\n<meta property=\"og:title\" content=\"&quot;Death&quot; Silicone Mask | Mad About Horror\" \/>\n<meta property=\"og:description\" content=\"&quot;Death&quot; silicone realistic horror mask. Professional masks costumes and props available from Madabouthorror, Europe&#039;s leading horror specialist.\" \/>\n<meta property=\"og:url\" content=\"https:\/\/madabouthorror.co.uk\/de\/product\/death-silicone-mask\/\" \/>\n<meta property=\"og:site_name\" content=\"Mad About Horror\" \/>\n<meta property=\"article:publisher\" content=\"https:\/\/www.facebook.com\/madabouthorror\/\" \/>\n<meta property=\"article:modified_time\" content=\"2026-04-14T20:32:18+00:00\" \/>\n<meta property=\"og:image\" content=\"https:\/\/madabouthorror.co.uk\/wp-content\/uploads\/2025\/04\/shattered-fx-death-skeleton-silicone-mask.jpg\" \/>\n\t<meta property=\"og:image:width\" content=\"1500\" \/>\n\t<meta property=\"og:image:height\" content=\"1500\" \/>\n\t<meta property=\"og:image:type\" content=\"image\/jpeg\" \/>\n<meta name=\"twitter:card\" content=\"summary_large_image\" \/>\n<meta name=\"twitter:label1\" content=\"Gesch\u00e4tzte Lesezeit\" \/>\n\t<meta name=\"twitter:data1\" content=\"2\u00a0Minuten\" \/>\n<script type=\"application\/ld+json\" class=\"yoast-schema-graph\">{\"@context\":\"https:\\\/\\\/schema.org\",\"@graph\":[{\"@type\":[\"WebPage\",\"ItemPage\"],\"@id\":\"https:\\\/\\\/madabouthorror.co.uk\\\/product\\\/death-silicone-mask\\\/\",\"url\":\"https:\\\/\\\/madabouthorror.co.uk\\\/product\\\/death-silicone-mask\\\/\",\"name\":\"\\\"Death\\\" Silicone Mask | Mad About Horror\",\"isPartOf\":{\"@id\":\"https:\\\/\\\/madabouthorror.co.uk\\\/#website\"},\"primaryImageOfPage\":{\"@id\":\"https:\\\/\\\/madabouthorror.co.uk\\\/product\\\/death-silicone-mask\\\/#primaryimage\"},\"image\":{\"@id\":\"https:\\\/\\\/madabouthorror.co.uk\\\/product\\\/death-silicone-mask\\\/#primaryimage\"},\"thumbnailUrl\":\"https:\\\/\\\/madabouthorror.co.uk\\\/wp-content\\\/uploads\\\/2025\\\/04\\\/shattered-fx-death-skeleton-silicone-mask.jpg\",\"datePublished\":\"2025-04-10T10:29:42+00:00\",\"dateModified\":\"2026-04-14T20:32:18+00:00\",\"description\":\"\\\"Death\\\" silicone realistic horror mask. Professional masks costumes and props available from Madabouthorror, Europe's leading horror specialist.\",\"breadcrumb\":{\"@id\":\"https:\\\/\\\/madabouthorror.co.uk\\\/product\\\/death-silicone-mask\\\/#breadcrumb\"},\"inLanguage\":\"de\",\"potentialAction\":[{\"@type\":\"ReadAction\",\"target\":[\"https:\\\/\\\/madabouthorror.co.uk\\\/product\\\/death-silicone-mask\\\/\"]}]},{\"@type\":\"ImageObject\",\"inLanguage\":\"de\",\"@id\":\"https:\\\/\\\/madabouthorror.co.uk\\\/product\\\/death-silicone-mask\\\/#primaryimage\",\"url\":\"https:\\\/\\\/madabouthorror.co.uk\\\/wp-content\\\/uploads\\\/2025\\\/04\\\/shattered-fx-death-skeleton-silicone-mask.jpg\",\"contentUrl\":\"https:\\\/\\\/madabouthorror.co.uk\\\/wp-content\\\/uploads\\\/2025\\\/04\\\/shattered-fx-death-skeleton-silicone-mask.jpg\",\"width\":1500,\"height\":1500,\"caption\":\"shattered fx death skeleton silicone mask\"},{\"@type\":\"BreadcrumbList\",\"@id\":\"https:\\\/\\\/madabouthorror.co.uk\\\/product\\\/death-silicone-mask\\\/#breadcrumb\",\"itemListElement\":[{\"@type\":\"ListItem\",\"position\":1,\"name\":\"Shop\",\"item\":\"https:\\\/\\\/madabouthorror.co.uk\\\/shop\\\/\"},{\"@type\":\"ListItem\",\"position\":2,\"name\":\"&#8220;Death&#8221; Silicone Mask\"}]},{\"@type\":\"WebSite\",\"@id\":\"https:\\\/\\\/madabouthorror.co.uk\\\/#website\",\"url\":\"https:\\\/\\\/madabouthorror.co.uk\\\/\",\"name\":\"Mad About Horror\",\"description\":\"\",\"publisher\":{\"@id\":\"https:\\\/\\\/madabouthorror.co.uk\\\/#organization\"},\"alternateName\":\"Mad About Horror Limited\",\"potentialAction\":[{\"@type\":\"SearchAction\",\"target\":{\"@type\":\"EntryPoint\",\"urlTemplate\":\"https:\\\/\\\/madabouthorror.co.uk\\\/?s={search_term_string}\"},\"query-input\":{\"@type\":\"PropertyValueSpecification\",\"valueRequired\":true,\"valueName\":\"search_term_string\"}}],\"inLanguage\":\"de\"},{\"@type\":\"Organization\",\"@id\":\"https:\\\/\\\/madabouthorror.co.uk\\\/#organization\",\"name\":\"Mad About Horror\",\"url\":\"https:\\\/\\\/madabouthorror.co.uk\\\/\",\"logo\":{\"@type\":\"ImageObject\",\"inLanguage\":\"de\",\"@id\":\"https:\\\/\\\/madabouthorror.co.uk\\\/#\\\/schema\\\/logo\\\/image\\\/\",\"url\":\"https:\\\/\\\/madabouthorror.co.uk\\\/wp-content\\\/uploads\\\/2024\\\/02\\\/cropped-Logo.png\",\"contentUrl\":\"https:\\\/\\\/madabouthorror.co.uk\\\/wp-content\\\/uploads\\\/2024\\\/02\\\/cropped-Logo.png\",\"width\":240,\"height\":88,\"caption\":\"Mad About Horror\"},\"image\":{\"@id\":\"https:\\\/\\\/madabouthorror.co.uk\\\/#\\\/schema\\\/logo\\\/image\\\/\"},\"sameAs\":[\"https:\\\/\\\/www.facebook.com\\\/madabouthorror\\\/\",\"https:\\\/\\\/www.instagram.com\\\/madabouthorror\\\/\",\"https:\\\/\\\/www.pinterest.co.uk\\\/madabouthorror\\\/\",\"https:\\\/\\\/www.youtube.com\\\/channel\\\/UCBooLOIxjoQ89dj6T5lWm_w\",\"https:\\\/\\\/www.tiktok.com\\\/@weremadabouthorror\"]}]}<\/script>\n<!-- \/ Yoast SEO plugin. -->","yoast_head_json":{"title":"\"Tod\" Silikonmaske | Mad About Horror","description":"\"Tod\" Silikon realistische Horror-Maske. Professionelle Masken, Kost\u00fcme und Requisiten erh\u00e4ltlich bei Madabouthorror, Europas f\u00fchrendem Horror-Spezialisten.","robots":{"index":"index","follow":"follow","max-snippet":"max-snippet:-1","max-image-preview":"max-image-preview:large","max-video-preview":"max-video-preview:-1"},"canonical":"https:\/\/madabouthorror.co.uk\/de\/product\/death-silicone-mask\/","og_locale":"de_DE","og_type":"article","og_title":"\"Death\" Silicone Mask | Mad About Horror","og_description":"\"Death\" silicone realistic horror mask. Professional masks costumes and props available from Madabouthorror, Europe's leading horror specialist.","og_url":"https:\/\/madabouthorror.co.uk\/de\/product\/death-silicone-mask\/","og_site_name":"Mad About Horror","article_publisher":"https:\/\/www.facebook.com\/madabouthorror\/","article_modified_time":"2026-04-14T20:32:18+00:00","og_image":[{"width":1500,"height":1500,"url":"https:\/\/madabouthorror.co.uk\/wp-content\/uploads\/2025\/04\/shattered-fx-death-skeleton-silicone-mask.jpg","type":"image\/jpeg"}],"twitter_card":"summary_large_image","twitter_misc":{"Gesch\u00e4tzte Lesezeit":"2\u00a0Minuten"},"schema":{"@context":"https:\/\/schema.org","@graph":[{"@type":["WebPage","ItemPage"],"@id":"https:\/\/madabouthorror.co.uk\/product\/death-silicone-mask\/","url":"https:\/\/madabouthorror.co.uk\/product\/death-silicone-mask\/","name":"\"Tod\" Silikonmaske | Mad About Horror","isPartOf":{"@id":"https:\/\/madabouthorror.co.uk\/#website"},"primaryImageOfPage":{"@id":"https:\/\/madabouthorror.co.uk\/product\/death-silicone-mask\/#primaryimage"},"image":{"@id":"https:\/\/madabouthorror.co.uk\/product\/death-silicone-mask\/#primaryimage"},"thumbnailUrl":"https:\/\/madabouthorror.co.uk\/wp-content\/uploads\/2025\/04\/shattered-fx-death-skeleton-silicone-mask.jpg","datePublished":"2025-04-10T10:29:42+00:00","dateModified":"2026-04-14T20:32:18+00:00","description":"\"Tod\" Silikon realistische Horror-Maske. Professionelle Masken, Kost\u00fcme und Requisiten erh\u00e4ltlich bei Madabouthorror, Europas f\u00fchrendem Horror-Spezialisten.","breadcrumb":{"@id":"https:\/\/madabouthorror.co.uk\/product\/death-silicone-mask\/#breadcrumb"},"inLanguage":"de","potentialAction":[{"@type":"ReadAction","target":["https:\/\/madabouthorror.co.uk\/product\/death-silicone-mask\/"]}]},{"@type":"ImageObject","inLanguage":"de","@id":"https:\/\/madabouthorror.co.uk\/product\/death-silicone-mask\/#primaryimage","url":"https:\/\/madabouthorror.co.uk\/wp-content\/uploads\/2025\/04\/shattered-fx-death-skeleton-silicone-mask.jpg","contentUrl":"https:\/\/madabouthorror.co.uk\/wp-content\/uploads\/2025\/04\/shattered-fx-death-skeleton-silicone-mask.jpg","width":1500,"height":1500,"caption":"shattered fx death skeleton silicone mask"},{"@type":"BreadcrumbList","@id":"https:\/\/madabouthorror.co.uk\/product\/death-silicone-mask\/#breadcrumb","itemListElement":[{"@type":"ListItem","position":1,"name":"Shop","item":"https:\/\/madabouthorror.co.uk\/shop\/"},{"@type":"ListItem","position":2,"name":"&#8220;Death&#8221; Silicone Mask"}]},{"@type":"WebSite","@id":"https:\/\/madabouthorror.co.uk\/#website","url":"https:\/\/madabouthorror.co.uk\/","name":"Verr\u00fcckt nach Horror","description":"","publisher":{"@id":"https:\/\/madabouthorror.co.uk\/#organization"},"alternateName":"Mad About Horror Limited","potentialAction":[{"@type":"SearchAction","target":{"@type":"EntryPoint","urlTemplate":"https:\/\/madabouthorror.co.uk\/?s={search_term_string}"},"query-input":{"@type":"PropertyValueSpecification","valueRequired":true,"valueName":"search_term_string"}}],"inLanguage":"de"},{"@type":"Organization","@id":"https:\/\/madabouthorror.co.uk\/#organization","name":"Verr\u00fcckt nach Horror","url":"https:\/\/madabouthorror.co.uk\/","logo":{"@type":"ImageObject","inLanguage":"de","@id":"https:\/\/madabouthorror.co.uk\/#\/schema\/logo\/image\/","url":"https:\/\/madabouthorror.co.uk\/wp-content\/uploads\/2024\/02\/cropped-Logo.png","contentUrl":"https:\/\/madabouthorror.co.uk\/wp-content\/uploads\/2024\/02\/cropped-Logo.png","width":240,"height":88,"caption":"Mad About Horror"},"image":{"@id":"https:\/\/madabouthorror.co.uk\/#\/schema\/logo\/image\/"},"sameAs":["https:\/\/www.facebook.com\/madabouthorror\/","https:\/\/www.instagram.com\/madabouthorror\/","https:\/\/www.pinterest.co.uk\/madabouthorror\/","https:\/\/www.youtube.com\/channel\/UCBooLOIxjoQ89dj6T5lWm_w","https:\/\/www.tiktok.com\/@weremadabouthorror"]}]}},"df_price":723.96,"df_sale_price":"","df_regular_price":723.96,"df_image_link":"https:\/\/madabouthorror.co.uk\/wp-content\/uploads\/2025\/04\/shattered-fx-death-skeleton-silicone-mask-300x300.jpg","_links":{"self":[{"href":"https:\/\/madabouthorror.co.uk\/de\/wp-json\/wp\/v2\/product\/531943","targetHints":{"allow":["GET"]}}],"collection":[{"href":"https:\/\/madabouthorror.co.uk\/de\/wp-json\/wp\/v2\/product"}],"about":[{"href":"https:\/\/madabouthorror.co.uk\/de\/wp-json\/wp\/v2\/types\/product"}],"replies":[{"embeddable":true,"href":"https:\/\/madabouthorror.co.uk\/de\/wp-json\/wp\/v2\/comments?post=531943"}],"wp:featuredmedia":[{"embeddable":true,"href":"https:\/\/madabouthorror.co.uk\/de\/wp-json\/wp\/v2\/media\/534417"}],"wp:attachment":[{"href":"https:\/\/madabouthorror.co.uk\/de\/wp-json\/wp\/v2\/media?parent=531943"}],"wp:term":[{"taxonomy":"product_brand","embeddable":true,"href":"https:\/\/madabouthorror.co.uk\/de\/wp-json\/wp\/v2\/product_brand?post=531943"},{"taxonomy":"product_cat","embeddable":true,"href":"https:\/\/madabouthorror.co.uk\/de\/wp-json\/wp\/v2\/product_cat?post=531943"},{"taxonomy":"product_tag","embeddable":true,"href":"https:\/\/madabouthorror.co.uk\/de\/wp-json\/wp\/v2\/product_tag?post=531943"}],"curies":[{"name":"wp","href":"https:\/\/api.w.org\/{rel}","templated":true}]}}