{"id":531960,"date":"2025-04-10T12:16:38","date_gmt":"2025-04-10T11:16:38","guid":{"rendered":"https:\/\/madabouthorror.co.uk\/?post_type=product&#038;p=531960"},"modified":"2026-04-14T21:32:09","modified_gmt":"2026-04-14T20:32:09","slug":"brutus-the-clown-silicone-mask","status":"publish","type":"product","link":"https:\/\/madabouthorror.co.uk\/de\/product\/brutus-the-clown-silicone-mask\/","title":{"rendered":"\"Brutus\" der Clown Silikonmaske"},"content":{"rendered":"<p class=\"\" data-start=\"0\" data-end=\"321\">Einf\u00fchrung \u201c<em>Brutus\u201d<\/em>, Brutus ist eine Silikonclown-Maske, die eine brutale, verst\u00f6rende Version des Zirkusklassikers darstellt und mit jedem noch so verdrehten Detail f\u00fcr Angst und Schrecken sorgen soll. Mit seinem furchteinfl\u00f6\u00dfenden L\u00e4cheln und seinem blutigen Gesicht, das Gewalt unter der Oberfl\u00e4che erahnen l\u00e4sst, ist Brutus nicht hier, um dich zum Lachen zu bringen - er ist hier, um dich in die Flucht zu schlagen.<\/p>\n<p class=\"\" data-start=\"323\" data-end=\"750\">Jede Maske wird von erfahrenen K\u00fcnstlern von Hand bemalt, um ihren grotesken Realismus zu unterstreichen, von den abgenutzten und blutigen Texturen bis hin zum bedrohlichen Grinsen, das direkt durch die Menge geht. Die Maske ist aus hochwertigem Silikon gefertigt, passt sich wie eine zweite Haut an und bewegt sich mit Ihrer Mimik, um einen \u00fcberzeugenden, voll animierten Look zu erzielen. Verst\u00e4rkte Belastungspunkte bieten Haltbarkeit f\u00fcr den wiederholten Einsatz in intensiven Haunt-Umgebungen.<\/p>\n<p class=\"\" data-start=\"752\" data-end=\"885\">Treten Sie mit dieser hochwertigen Clownsmaske aus Silikon ins Rampenlicht oder in den Schatten und werden Sie zum Albtraum, den niemand kommen sieht, bevor es zu sp\u00e4t ist!<\/p>\n<p>Die Farbgebung kann aufgrund der Handarbeit der Masken leicht von den Fotos abweichen.<\/p>\n<p>Gr\u00f6\u00dfe: Passt jedem mit einem Umfang von 21 - 23,5 Zoll um die Stirn.<\/p>","protected":false},"excerpt":{"rendered":"<p>Wir stellen vor: \u201cBrutus\u201d, eine Silikon-Clownmaske, die eine brutale, unberechenbare Neuinterpretation des Zirkusklassikers darstellt und mit jedem verdrehten Detail darauf ausgelegt ist, Angst und Schrecken zu verbreiten. Mit einem furchterregenden L\u00e4cheln und einem blutigen Gesicht, das Gewalt knapp unter der Oberfl\u00e4che andeutet, ist Brutus nicht hier, um dich zum Lachen zu bringen \u2013 er ist hier, um dich zur Flucht zu bringen. Jede Maske wird von erfahrenen [\u2026] handbemalt.<\/p>","protected":false},"featured_media":534996,"comment_status":"closed","ping_status":"closed","template":"","meta":{"_acf_changed":false},"product_brand":[],"product_cat":[8732,7093,6542,7094,8733,6546,6541,6543,6824,6588],"product_tag":[],"class_list":{"0":"post-531960","1":"product","2":"type-product","3":"status-publish","4":"has-post-thumbnail","6":"product_cat-professional-range-silicone-masks","7":"product_cat-killer-clowns","8":"product_cat-premium-masks","9":"product_cat-zombie-masks","10":"product_cat-silicone-masks","11":"product_cat-masks-clown","12":"product_cat-masks","13":"product_cat-professional","14":"product_cat-professional-masks","15":"product_cat-masks-zombies","17":"first","18":"outofstock","19":"taxable","20":"shipping-taxable","21":"purchasable","22":"product-type-simple"},"supplier_id":534260,"supplier_sku":"","barcode":null,"atum_controlled":true,"out_stock_date":"2026-04-07 21:48:25","out_stock_threshold":null,"inheritable":false,"inbound_stock":0,"stock_on_hold":0,"sold_today":0,"sales_last_days":1,"reserved_stock":0,"customer_returns":0,"warehouse_damage":0,"lost_in_post":0,"other_logs":0,"out_stock_days":16,"lost_sales":1588,"has_location":false,"update_date":"2026-04-24T01:36:07","atum_locations":[],"atum_stock_status":"outofstock","restock_status":false,"low_stock_amount":"","sales_update_date":"2026-04-24T01:36:05","calc_backorders":null,"acf":[],"yoast_head":"<!-- This site is optimized with the Yoast SEO plugin v27.4 - https:\/\/yoast.com\/product\/yoast-seo-wordpress\/ -->\n<title>&quot;Brutus&quot; the Clown Silicone Mask | Mad About Horror<\/title>\n<meta name=\"description\" content=\"Brutus Silicone Clown Mask. Professional masks costumes and props available from Madabouthorror, Europe&#039;s leading horror specialist.\" \/>\n<meta name=\"robots\" content=\"index, follow, max-snippet:-1, max-image-preview:large, max-video-preview:-1\" \/>\n<link rel=\"canonical\" href=\"https:\/\/madabouthorror.co.uk\/de\/product\/brutus-the-clown-silicone-mask\/\" \/>\n<meta property=\"og:locale\" content=\"de_DE\" \/>\n<meta property=\"og:type\" content=\"article\" \/>\n<meta property=\"og:title\" content=\"&quot;Brutus&quot; the Clown Silicone Mask | Mad About Horror\" \/>\n<meta property=\"og:description\" content=\"Brutus Silicone Clown Mask. Professional masks costumes and props available from Madabouthorror, Europe&#039;s leading horror specialist.\" \/>\n<meta property=\"og:url\" content=\"https:\/\/madabouthorror.co.uk\/de\/product\/brutus-the-clown-silicone-mask\/\" \/>\n<meta property=\"og:site_name\" content=\"Mad About Horror\" \/>\n<meta property=\"article:publisher\" content=\"https:\/\/www.facebook.com\/madabouthorror\/\" \/>\n<meta property=\"article:modified_time\" content=\"2026-04-14T20:32:09+00:00\" \/>\n<meta property=\"og:image\" content=\"https:\/\/madabouthorror.co.uk\/wp-content\/uploads\/2025\/04\/Brutus-clown-realistic-silicone-scary-mask.jpg\" \/>\n\t<meta property=\"og:image:width\" content=\"1500\" \/>\n\t<meta property=\"og:image:height\" content=\"1500\" \/>\n\t<meta property=\"og:image:type\" content=\"image\/jpeg\" \/>\n<meta name=\"twitter:card\" content=\"summary_large_image\" \/>\n<meta name=\"twitter:label1\" content=\"Gesch\u00e4tzte Lesezeit\" \/>\n\t<meta name=\"twitter:data1\" content=\"1\u00a0Minute\" \/>\n<script type=\"application\/ld+json\" class=\"yoast-schema-graph\">{\"@context\":\"https:\\\/\\\/schema.org\",\"@graph\":[{\"@type\":[\"WebPage\",\"ItemPage\"],\"@id\":\"https:\\\/\\\/madabouthorror.co.uk\\\/product\\\/brutus-the-clown-silicone-mask\\\/\",\"url\":\"https:\\\/\\\/madabouthorror.co.uk\\\/product\\\/brutus-the-clown-silicone-mask\\\/\",\"name\":\"\\\"Brutus\\\" the Clown Silicone Mask | Mad About Horror\",\"isPartOf\":{\"@id\":\"https:\\\/\\\/madabouthorror.co.uk\\\/#website\"},\"primaryImageOfPage\":{\"@id\":\"https:\\\/\\\/madabouthorror.co.uk\\\/product\\\/brutus-the-clown-silicone-mask\\\/#primaryimage\"},\"image\":{\"@id\":\"https:\\\/\\\/madabouthorror.co.uk\\\/product\\\/brutus-the-clown-silicone-mask\\\/#primaryimage\"},\"thumbnailUrl\":\"https:\\\/\\\/madabouthorror.co.uk\\\/wp-content\\\/uploads\\\/2025\\\/04\\\/Brutus-clown-realistic-silicone-scary-mask.jpg\",\"datePublished\":\"2025-04-10T11:16:38+00:00\",\"dateModified\":\"2026-04-14T20:32:09+00:00\",\"description\":\"Brutus Silicone Clown Mask. Professional masks costumes and props available from Madabouthorror, Europe's leading horror specialist.\",\"breadcrumb\":{\"@id\":\"https:\\\/\\\/madabouthorror.co.uk\\\/product\\\/brutus-the-clown-silicone-mask\\\/#breadcrumb\"},\"inLanguage\":\"de\",\"potentialAction\":[{\"@type\":\"ReadAction\",\"target\":[\"https:\\\/\\\/madabouthorror.co.uk\\\/product\\\/brutus-the-clown-silicone-mask\\\/\"]}]},{\"@type\":\"ImageObject\",\"inLanguage\":\"de\",\"@id\":\"https:\\\/\\\/madabouthorror.co.uk\\\/product\\\/brutus-the-clown-silicone-mask\\\/#primaryimage\",\"url\":\"https:\\\/\\\/madabouthorror.co.uk\\\/wp-content\\\/uploads\\\/2025\\\/04\\\/Brutus-clown-realistic-silicone-scary-mask.jpg\",\"contentUrl\":\"https:\\\/\\\/madabouthorror.co.uk\\\/wp-content\\\/uploads\\\/2025\\\/04\\\/Brutus-clown-realistic-silicone-scary-mask.jpg\",\"width\":1500,\"height\":1500,\"caption\":\"Brutus clown realistic silicone scary mask\"},{\"@type\":\"BreadcrumbList\",\"@id\":\"https:\\\/\\\/madabouthorror.co.uk\\\/product\\\/brutus-the-clown-silicone-mask\\\/#breadcrumb\",\"itemListElement\":[{\"@type\":\"ListItem\",\"position\":1,\"name\":\"Shop\",\"item\":\"https:\\\/\\\/madabouthorror.co.uk\\\/shop\\\/\"},{\"@type\":\"ListItem\",\"position\":2,\"name\":\"&#8220;Brutus&#8221; the Clown Silicone Mask\"}]},{\"@type\":\"WebSite\",\"@id\":\"https:\\\/\\\/madabouthorror.co.uk\\\/#website\",\"url\":\"https:\\\/\\\/madabouthorror.co.uk\\\/\",\"name\":\"Mad About Horror\",\"description\":\"\",\"publisher\":{\"@id\":\"https:\\\/\\\/madabouthorror.co.uk\\\/#organization\"},\"alternateName\":\"Mad About Horror Limited\",\"potentialAction\":[{\"@type\":\"SearchAction\",\"target\":{\"@type\":\"EntryPoint\",\"urlTemplate\":\"https:\\\/\\\/madabouthorror.co.uk\\\/?s={search_term_string}\"},\"query-input\":{\"@type\":\"PropertyValueSpecification\",\"valueRequired\":true,\"valueName\":\"search_term_string\"}}],\"inLanguage\":\"de\"},{\"@type\":\"Organization\",\"@id\":\"https:\\\/\\\/madabouthorror.co.uk\\\/#organization\",\"name\":\"Mad About Horror\",\"url\":\"https:\\\/\\\/madabouthorror.co.uk\\\/\",\"logo\":{\"@type\":\"ImageObject\",\"inLanguage\":\"de\",\"@id\":\"https:\\\/\\\/madabouthorror.co.uk\\\/#\\\/schema\\\/logo\\\/image\\\/\",\"url\":\"https:\\\/\\\/madabouthorror.co.uk\\\/wp-content\\\/uploads\\\/2024\\\/02\\\/cropped-Logo.png\",\"contentUrl\":\"https:\\\/\\\/madabouthorror.co.uk\\\/wp-content\\\/uploads\\\/2024\\\/02\\\/cropped-Logo.png\",\"width\":240,\"height\":88,\"caption\":\"Mad About Horror\"},\"image\":{\"@id\":\"https:\\\/\\\/madabouthorror.co.uk\\\/#\\\/schema\\\/logo\\\/image\\\/\"},\"sameAs\":[\"https:\\\/\\\/www.facebook.com\\\/madabouthorror\\\/\",\"https:\\\/\\\/www.instagram.com\\\/madabouthorror\\\/\",\"https:\\\/\\\/www.pinterest.co.uk\\\/madabouthorror\\\/\",\"https:\\\/\\\/www.youtube.com\\\/channel\\\/UCBooLOIxjoQ89dj6T5lWm_w\",\"https:\\\/\\\/www.tiktok.com\\\/@weremadabouthorror\"]}]}<\/script>\n<!-- \/ Yoast SEO plugin. -->","yoast_head_json":{"title":"\"Brutus\" Clown-Silikonmaske | Mad About Horror","description":"Brutus Silikon-Clownmaske. Professionelle Masken, Kost\u00fcme und Requisiten erh\u00e4ltlich bei Madabouthorror, Europas f\u00fchrendem Horror-Spezialisten.","robots":{"index":"index","follow":"follow","max-snippet":"max-snippet:-1","max-image-preview":"max-image-preview:large","max-video-preview":"max-video-preview:-1"},"canonical":"https:\/\/madabouthorror.co.uk\/de\/product\/brutus-the-clown-silicone-mask\/","og_locale":"de_DE","og_type":"article","og_title":"\"Brutus\" the Clown Silicone Mask | Mad About Horror","og_description":"Brutus Silicone Clown Mask. Professional masks costumes and props available from Madabouthorror, Europe's leading horror specialist.","og_url":"https:\/\/madabouthorror.co.uk\/de\/product\/brutus-the-clown-silicone-mask\/","og_site_name":"Mad About Horror","article_publisher":"https:\/\/www.facebook.com\/madabouthorror\/","article_modified_time":"2026-04-14T20:32:09+00:00","og_image":[{"width":1500,"height":1500,"url":"https:\/\/madabouthorror.co.uk\/wp-content\/uploads\/2025\/04\/Brutus-clown-realistic-silicone-scary-mask.jpg","type":"image\/jpeg"}],"twitter_card":"summary_large_image","twitter_misc":{"Gesch\u00e4tzte Lesezeit":"1\u00a0Minute"},"schema":{"@context":"https:\/\/schema.org","@graph":[{"@type":["WebPage","ItemPage"],"@id":"https:\/\/madabouthorror.co.uk\/product\/brutus-the-clown-silicone-mask\/","url":"https:\/\/madabouthorror.co.uk\/product\/brutus-the-clown-silicone-mask\/","name":"\"Brutus\" Clown-Silikonmaske | Mad About Horror","isPartOf":{"@id":"https:\/\/madabouthorror.co.uk\/#website"},"primaryImageOfPage":{"@id":"https:\/\/madabouthorror.co.uk\/product\/brutus-the-clown-silicone-mask\/#primaryimage"},"image":{"@id":"https:\/\/madabouthorror.co.uk\/product\/brutus-the-clown-silicone-mask\/#primaryimage"},"thumbnailUrl":"https:\/\/madabouthorror.co.uk\/wp-content\/uploads\/2025\/04\/Brutus-clown-realistic-silicone-scary-mask.jpg","datePublished":"2025-04-10T11:16:38+00:00","dateModified":"2026-04-14T20:32:09+00:00","description":"Brutus Silikon-Clownmaske. Professionelle Masken, Kost\u00fcme und Requisiten erh\u00e4ltlich bei Madabouthorror, Europas f\u00fchrendem Horror-Spezialisten.","breadcrumb":{"@id":"https:\/\/madabouthorror.co.uk\/product\/brutus-the-clown-silicone-mask\/#breadcrumb"},"inLanguage":"de","potentialAction":[{"@type":"ReadAction","target":["https:\/\/madabouthorror.co.uk\/product\/brutus-the-clown-silicone-mask\/"]}]},{"@type":"ImageObject","inLanguage":"de","@id":"https:\/\/madabouthorror.co.uk\/product\/brutus-the-clown-silicone-mask\/#primaryimage","url":"https:\/\/madabouthorror.co.uk\/wp-content\/uploads\/2025\/04\/Brutus-clown-realistic-silicone-scary-mask.jpg","contentUrl":"https:\/\/madabouthorror.co.uk\/wp-content\/uploads\/2025\/04\/Brutus-clown-realistic-silicone-scary-mask.jpg","width":1500,"height":1500,"caption":"Brutus clown realistic silicone scary mask"},{"@type":"BreadcrumbList","@id":"https:\/\/madabouthorror.co.uk\/product\/brutus-the-clown-silicone-mask\/#breadcrumb","itemListElement":[{"@type":"ListItem","position":1,"name":"Shop","item":"https:\/\/madabouthorror.co.uk\/shop\/"},{"@type":"ListItem","position":2,"name":"&#8220;Brutus&#8221; the Clown Silicone Mask"}]},{"@type":"WebSite","@id":"https:\/\/madabouthorror.co.uk\/#website","url":"https:\/\/madabouthorror.co.uk\/","name":"Verr\u00fcckt nach Horror","description":"","publisher":{"@id":"https:\/\/madabouthorror.co.uk\/#organization"},"alternateName":"Mad About Horror Limited","potentialAction":[{"@type":"SearchAction","target":{"@type":"EntryPoint","urlTemplate":"https:\/\/madabouthorror.co.uk\/?s={search_term_string}"},"query-input":{"@type":"PropertyValueSpecification","valueRequired":true,"valueName":"search_term_string"}}],"inLanguage":"de"},{"@type":"Organization","@id":"https:\/\/madabouthorror.co.uk\/#organization","name":"Verr\u00fcckt nach Horror","url":"https:\/\/madabouthorror.co.uk\/","logo":{"@type":"ImageObject","inLanguage":"de","@id":"https:\/\/madabouthorror.co.uk\/#\/schema\/logo\/image\/","url":"https:\/\/madabouthorror.co.uk\/wp-content\/uploads\/2024\/02\/cropped-Logo.png","contentUrl":"https:\/\/madabouthorror.co.uk\/wp-content\/uploads\/2024\/02\/cropped-Logo.png","width":240,"height":88,"caption":"Mad About Horror"},"image":{"@id":"https:\/\/madabouthorror.co.uk\/#\/schema\/logo\/image\/"},"sameAs":["https:\/\/www.facebook.com\/madabouthorror\/","https:\/\/www.instagram.com\/madabouthorror\/","https:\/\/www.pinterest.co.uk\/madabouthorror\/","https:\/\/www.youtube.com\/channel\/UCBooLOIxjoQ89dj6T5lWm_w","https:\/\/www.tiktok.com\/@weremadabouthorror"]}]}},"df_price":723.96,"df_sale_price":"","df_regular_price":723.96,"df_image_link":"https:\/\/madabouthorror.co.uk\/wp-content\/uploads\/2025\/04\/Brutus-clown-realistic-silicone-scary-mask-300x300.jpg","_links":{"self":[{"href":"https:\/\/madabouthorror.co.uk\/de\/wp-json\/wp\/v2\/product\/531960","targetHints":{"allow":["GET"]}}],"collection":[{"href":"https:\/\/madabouthorror.co.uk\/de\/wp-json\/wp\/v2\/product"}],"about":[{"href":"https:\/\/madabouthorror.co.uk\/de\/wp-json\/wp\/v2\/types\/product"}],"replies":[{"embeddable":true,"href":"https:\/\/madabouthorror.co.uk\/de\/wp-json\/wp\/v2\/comments?post=531960"}],"wp:featuredmedia":[{"embeddable":true,"href":"https:\/\/madabouthorror.co.uk\/de\/wp-json\/wp\/v2\/media\/534996"}],"wp:attachment":[{"href":"https:\/\/madabouthorror.co.uk\/de\/wp-json\/wp\/v2\/media?parent=531960"}],"wp:term":[{"taxonomy":"product_brand","embeddable":true,"href":"https:\/\/madabouthorror.co.uk\/de\/wp-json\/wp\/v2\/product_brand?post=531960"},{"taxonomy":"product_cat","embeddable":true,"href":"https:\/\/madabouthorror.co.uk\/de\/wp-json\/wp\/v2\/product_cat?post=531960"},{"taxonomy":"product_tag","embeddable":true,"href":"https:\/\/madabouthorror.co.uk\/de\/wp-json\/wp\/v2\/product_tag?post=531960"}],"curies":[{"name":"wp","href":"https:\/\/api.w.org\/{rel}","templated":true}]}}