{"id":532805,"date":"2025-04-16T14:39:50","date_gmt":"2025-04-16T13:39:50","guid":{"rendered":"https:\/\/madabouthorror.co.uk\/?post_type=product&#038;p=532805"},"modified":"2025-11-20T12:49:34","modified_gmt":"2025-11-20T12:49:34","slug":"giant-pumpkin-skeleton-grave-breaker","status":"publish","type":"product","link":"https:\/\/madabouthorror.co.uk\/de\/product\/giant-pumpkin-skeleton-grave-breaker\/","title":{"rendered":"1,2 m gro\u00dfer K\u00fcrbis-Skelett-Grabbrecher"},"content":{"rendered":"<p class=\"\" data-start=\"0\" data-end=\"266\">Verleihen Sie Ihrer Halloween-Dekoration einen Hauch von schaurigem Charme mit diesem riesigen K\u00fcrbis-Skelett-Grabbrecher. Mit einer H\u00f6he von 1,2 Metern sieht diese auff\u00e4llige Requisite aus, als w\u00fcrde sie aus dem Boden brechen und ist somit eine tolle Erg\u00e4nzung f\u00fcr Rasenfl\u00e4chen, Blumenbeete oder Themenlandschaften.<\/p>\n<p class=\"\" data-start=\"268\" data-end=\"505\">Die Figur mit k\u00fcrbisartigem Kopf und skelettartigem Rahmen verf\u00fcgt \u00fcber bewegliche Arme, sodass Sie ihre Position an Ihre Aufstellung anpassen k\u00f6nnen. Ob neben einem Grabstein oder entlang eines Gartenwegs platziert, sie hilft, eine lustige und unheimliche Atmosph\u00e4re zu schaffen.<\/p>\n<p class=\"\" data-start=\"507\" data-end=\"689\">Ideal f\u00fcr Halloween-Partys oder saisonale Gartendekorationen, ist dieser Grabsteinbrecher eine einfache M\u00f6glichkeit, Ihrem Au\u00dfenbereich etwas Charakter und saisonalen Geist zu verleihen.<\/p>\n<p data-start=\"507\" data-end=\"689\">Gr\u00f6\u00dfe: 1,2 m<\/p>","protected":false},"excerpt":{"rendered":"<p>Verleihen Sie Ihrer Halloween-Dekoration einen Hauch von gruseligem Charme mit diesem Riesen-K\u00fcrbisskelett-Grabr\u00e4umer. Mit einer H\u00f6he von 1,2 Metern sieht diese auff\u00e4llige Requisite so aus, als w\u00fcrde sie aus dem Boden auftauchen, was sie zu einer gro\u00dfartigen Erg\u00e4nzung f\u00fcr Rasenfl\u00e4chen, Blumenbeete oder themenbezogene Szenen macht. Mit einem k\u00fcrbisf\u00f6rmigen Kopf und einem Skelettrahmen kommt die Figur mit [\u2026]<\/p>","protected":false},"featured_media":540177,"comment_status":"closed","ping_status":"closed","template":"","meta":{"_acf_changed":false},"product_brand":[],"product_cat":[10068,10131,10113,10110,10094,6550,6547,6548,9840,10065,6963,6597],"product_tag":[],"class_list":{"0":"post-532805","1":"product","2":"type-product","3":"status-publish","4":"has-post-thumbnail","6":"product_cat-halloween-decorations-2025","7":"product_cat-halloween-gifts","8":"product_cat-scarecrow-pumpkin-animatronics","9":"product_cat-us-imports","10":"product_cat-outdoor-halloween-decorations","11":"product_cat-graveyard-decorations","12":"product_cat-decorations","13":"product_cat-skeleton-decorations","14":"product_cat-giant","15":"product_cat-halloween","16":"product_cat-animatronics","17":"product_cat-pumpkins","19":"first","20":"outofstock","21":"taxable","22":"shipping-taxable","23":"purchasable","24":"product-type-simple"},"supplier_id":467907,"supplier_sku":"6607K","barcode":"071765165334","atum_controlled":true,"out_stock_date":"2025-10-26 12:25:23","out_stock_threshold":null,"inheritable":false,"inbound_stock":30,"stock_on_hold":0,"sold_today":0,"sales_last_days":0,"reserved_stock":0,"customer_returns":0,"warehouse_damage":0,"lost_in_post":0,"other_logs":0,"out_stock_days":192,"lost_sales":22213,"has_location":false,"update_date":"2026-05-07T01:35:01","atum_locations":[],"atum_stock_status":"outofstock","restock_status":false,"low_stock_amount":"","sales_update_date":"2026-05-07T01:34:59","calc_backorders":null,"acf":[],"yoast_head":"<!-- This site is optimized with the Yoast SEO plugin v27.5 - https:\/\/yoast.com\/product\/yoast-seo-wordpress\/ -->\n<title>1.2m Giant Pumpkin Skeleton Grave Breaker | Mad About Horror<\/title>\n<meta name=\"description\" content=\"Giant Pumpkin Skeleton Grave Breaker. Horror collectibles and Halloween props available from Madabouthorror, Europe\u2019s leading horror specialist.\" \/>\n<meta name=\"robots\" content=\"index, follow, max-snippet:-1, max-image-preview:large, max-video-preview:-1\" \/>\n<link rel=\"canonical\" href=\"https:\/\/madabouthorror.co.uk\/de\/product\/giant-pumpkin-skeleton-grave-breaker\/\" \/>\n<meta property=\"og:locale\" content=\"de_DE\" \/>\n<meta property=\"og:type\" content=\"article\" \/>\n<meta property=\"og:title\" content=\"1.2m Giant Pumpkin Skeleton Grave Breaker | Mad About Horror\" \/>\n<meta property=\"og:description\" content=\"Giant Pumpkin Skeleton Grave Breaker. Horror collectibles and Halloween props available from Madabouthorror, Europe\u2019s leading horror specialist.\" \/>\n<meta property=\"og:url\" content=\"https:\/\/madabouthorror.co.uk\/de\/product\/giant-pumpkin-skeleton-grave-breaker\/\" \/>\n<meta property=\"og:site_name\" content=\"Mad About Horror\" \/>\n<meta property=\"article:publisher\" content=\"https:\/\/www.facebook.com\/madabouthorror\/\" \/>\n<meta property=\"article:modified_time\" content=\"2025-11-20T12:49:34+00:00\" \/>\n<meta property=\"og:image\" content=\"https:\/\/madabouthorror.co.uk\/wp-content\/uploads\/2025\/04\/giant-pumpkin-halloween-grave-breaker.jpg\" \/>\n\t<meta property=\"og:image:width\" content=\"1500\" \/>\n\t<meta property=\"og:image:height\" content=\"1500\" \/>\n\t<meta property=\"og:image:type\" content=\"image\/jpeg\" \/>\n<meta name=\"twitter:card\" content=\"summary_large_image\" \/>\n<meta name=\"twitter:label1\" content=\"Gesch\u00e4tzte Lesezeit\" \/>\n\t<meta name=\"twitter:data1\" content=\"1\u00a0Minute\" \/>\n<script type=\"application\/ld+json\" class=\"yoast-schema-graph\">{\"@context\":\"https:\\\/\\\/schema.org\",\"@graph\":[{\"@type\":[\"WebPage\",\"ItemPage\"],\"@id\":\"https:\\\/\\\/madabouthorror.co.uk\\\/product\\\/giant-pumpkin-skeleton-grave-breaker\\\/\",\"url\":\"https:\\\/\\\/madabouthorror.co.uk\\\/product\\\/giant-pumpkin-skeleton-grave-breaker\\\/\",\"name\":\"1.2m Giant Pumpkin Skeleton Grave Breaker | Mad About Horror\",\"isPartOf\":{\"@id\":\"https:\\\/\\\/madabouthorror.co.uk\\\/#website\"},\"primaryImageOfPage\":{\"@id\":\"https:\\\/\\\/madabouthorror.co.uk\\\/product\\\/giant-pumpkin-skeleton-grave-breaker\\\/#primaryimage\"},\"image\":{\"@id\":\"https:\\\/\\\/madabouthorror.co.uk\\\/product\\\/giant-pumpkin-skeleton-grave-breaker\\\/#primaryimage\"},\"thumbnailUrl\":\"https:\\\/\\\/madabouthorror.co.uk\\\/wp-content\\\/uploads\\\/2025\\\/04\\\/giant-pumpkin-halloween-grave-breaker.jpg\",\"datePublished\":\"2025-04-16T13:39:50+00:00\",\"dateModified\":\"2025-11-20T12:49:34+00:00\",\"description\":\"Giant Pumpkin Skeleton Grave Breaker. Horror collectibles and Halloween props available from Madabouthorror, Europe\u2019s leading horror specialist.\",\"breadcrumb\":{\"@id\":\"https:\\\/\\\/madabouthorror.co.uk\\\/product\\\/giant-pumpkin-skeleton-grave-breaker\\\/#breadcrumb\"},\"inLanguage\":\"de\",\"potentialAction\":[{\"@type\":\"ReadAction\",\"target\":[\"https:\\\/\\\/madabouthorror.co.uk\\\/product\\\/giant-pumpkin-skeleton-grave-breaker\\\/\"]}]},{\"@type\":\"ImageObject\",\"inLanguage\":\"de\",\"@id\":\"https:\\\/\\\/madabouthorror.co.uk\\\/product\\\/giant-pumpkin-skeleton-grave-breaker\\\/#primaryimage\",\"url\":\"https:\\\/\\\/madabouthorror.co.uk\\\/wp-content\\\/uploads\\\/2025\\\/04\\\/giant-pumpkin-halloween-grave-breaker.jpg\",\"contentUrl\":\"https:\\\/\\\/madabouthorror.co.uk\\\/wp-content\\\/uploads\\\/2025\\\/04\\\/giant-pumpkin-halloween-grave-breaker.jpg\",\"width\":1500,\"height\":1500,\"caption\":\"giant pumpkin halloween grave breaker\"},{\"@type\":\"BreadcrumbList\",\"@id\":\"https:\\\/\\\/madabouthorror.co.uk\\\/product\\\/giant-pumpkin-skeleton-grave-breaker\\\/#breadcrumb\",\"itemListElement\":[{\"@type\":\"ListItem\",\"position\":1,\"name\":\"Shop\",\"item\":\"https:\\\/\\\/madabouthorror.co.uk\\\/shop\\\/\"},{\"@type\":\"ListItem\",\"position\":2,\"name\":\"1.2m Giant Pumpkin Skeleton Grave Breaker\"}]},{\"@type\":\"WebSite\",\"@id\":\"https:\\\/\\\/madabouthorror.co.uk\\\/#website\",\"url\":\"https:\\\/\\\/madabouthorror.co.uk\\\/\",\"name\":\"Mad About Horror\",\"description\":\"\",\"publisher\":{\"@id\":\"https:\\\/\\\/madabouthorror.co.uk\\\/#organization\"},\"alternateName\":\"Mad About Horror Limited\",\"potentialAction\":[{\"@type\":\"SearchAction\",\"target\":{\"@type\":\"EntryPoint\",\"urlTemplate\":\"https:\\\/\\\/madabouthorror.co.uk\\\/?s={search_term_string}\"},\"query-input\":{\"@type\":\"PropertyValueSpecification\",\"valueRequired\":true,\"valueName\":\"search_term_string\"}}],\"inLanguage\":\"de\"},{\"@type\":\"Organization\",\"@id\":\"https:\\\/\\\/madabouthorror.co.uk\\\/#organization\",\"name\":\"Mad About Horror\",\"url\":\"https:\\\/\\\/madabouthorror.co.uk\\\/\",\"logo\":{\"@type\":\"ImageObject\",\"inLanguage\":\"de\",\"@id\":\"https:\\\/\\\/madabouthorror.co.uk\\\/#\\\/schema\\\/logo\\\/image\\\/\",\"url\":\"https:\\\/\\\/madabouthorror.co.uk\\\/wp-content\\\/uploads\\\/2024\\\/02\\\/cropped-Logo.png\",\"contentUrl\":\"https:\\\/\\\/madabouthorror.co.uk\\\/wp-content\\\/uploads\\\/2024\\\/02\\\/cropped-Logo.png\",\"width\":240,\"height\":88,\"caption\":\"Mad About Horror\"},\"image\":{\"@id\":\"https:\\\/\\\/madabouthorror.co.uk\\\/#\\\/schema\\\/logo\\\/image\\\/\"},\"sameAs\":[\"https:\\\/\\\/www.facebook.com\\\/madabouthorror\\\/\",\"https:\\\/\\\/www.instagram.com\\\/madabouthorror\\\/\",\"https:\\\/\\\/www.pinterest.co.uk\\\/madabouthorror\\\/\",\"https:\\\/\\\/www.youtube.com\\\/channel\\\/UCBooLOIxjoQ89dj6T5lWm_w\",\"https:\\\/\\\/www.tiktok.com\\\/@weremadabouthorror\"]}]}<\/script>\n<!-- \/ Yoast SEO plugin. -->","yoast_head_json":{"title":"1,2m Riesen-K\u00fcrbis-Skelett Grabr\u00e4uber | Mad About Horror","description":"Riesen K\u00fcrbis Skelett Grab Brecher. Horror-Sammlerst\u00fccke und Halloween-Requisiten erh\u00e4ltlich bei Madabouthorror, Europas f\u00fchrendem Horrorspezialisten.","robots":{"index":"index","follow":"follow","max-snippet":"max-snippet:-1","max-image-preview":"max-image-preview:large","max-video-preview":"max-video-preview:-1"},"canonical":"https:\/\/madabouthorror.co.uk\/de\/product\/giant-pumpkin-skeleton-grave-breaker\/","og_locale":"de_DE","og_type":"article","og_title":"1.2m Giant Pumpkin Skeleton Grave Breaker | Mad About Horror","og_description":"Giant Pumpkin Skeleton Grave Breaker. Horror collectibles and Halloween props available from Madabouthorror, Europe\u2019s leading horror specialist.","og_url":"https:\/\/madabouthorror.co.uk\/de\/product\/giant-pumpkin-skeleton-grave-breaker\/","og_site_name":"Mad About Horror","article_publisher":"https:\/\/www.facebook.com\/madabouthorror\/","article_modified_time":"2025-11-20T12:49:34+00:00","og_image":[{"width":1500,"height":1500,"url":"https:\/\/madabouthorror.co.uk\/wp-content\/uploads\/2025\/04\/giant-pumpkin-halloween-grave-breaker.jpg","type":"image\/jpeg"}],"twitter_card":"summary_large_image","twitter_misc":{"Gesch\u00e4tzte Lesezeit":"1\u00a0Minute"},"schema":{"@context":"https:\/\/schema.org","@graph":[{"@type":["WebPage","ItemPage"],"@id":"https:\/\/madabouthorror.co.uk\/product\/giant-pumpkin-skeleton-grave-breaker\/","url":"https:\/\/madabouthorror.co.uk\/product\/giant-pumpkin-skeleton-grave-breaker\/","name":"1,2m Riesen-K\u00fcrbis-Skelett Grabr\u00e4uber | Mad About Horror","isPartOf":{"@id":"https:\/\/madabouthorror.co.uk\/#website"},"primaryImageOfPage":{"@id":"https:\/\/madabouthorror.co.uk\/product\/giant-pumpkin-skeleton-grave-breaker\/#primaryimage"},"image":{"@id":"https:\/\/madabouthorror.co.uk\/product\/giant-pumpkin-skeleton-grave-breaker\/#primaryimage"},"thumbnailUrl":"https:\/\/madabouthorror.co.uk\/wp-content\/uploads\/2025\/04\/giant-pumpkin-halloween-grave-breaker.jpg","datePublished":"2025-04-16T13:39:50+00:00","dateModified":"2025-11-20T12:49:34+00:00","description":"Riesen K\u00fcrbis Skelett Grab Brecher. Horror-Sammlerst\u00fccke und Halloween-Requisiten erh\u00e4ltlich bei Madabouthorror, Europas f\u00fchrendem Horrorspezialisten.","breadcrumb":{"@id":"https:\/\/madabouthorror.co.uk\/product\/giant-pumpkin-skeleton-grave-breaker\/#breadcrumb"},"inLanguage":"de","potentialAction":[{"@type":"ReadAction","target":["https:\/\/madabouthorror.co.uk\/product\/giant-pumpkin-skeleton-grave-breaker\/"]}]},{"@type":"ImageObject","inLanguage":"de","@id":"https:\/\/madabouthorror.co.uk\/product\/giant-pumpkin-skeleton-grave-breaker\/#primaryimage","url":"https:\/\/madabouthorror.co.uk\/wp-content\/uploads\/2025\/04\/giant-pumpkin-halloween-grave-breaker.jpg","contentUrl":"https:\/\/madabouthorror.co.uk\/wp-content\/uploads\/2025\/04\/giant-pumpkin-halloween-grave-breaker.jpg","width":1500,"height":1500,"caption":"giant pumpkin halloween grave breaker"},{"@type":"BreadcrumbList","@id":"https:\/\/madabouthorror.co.uk\/product\/giant-pumpkin-skeleton-grave-breaker\/#breadcrumb","itemListElement":[{"@type":"ListItem","position":1,"name":"Shop","item":"https:\/\/madabouthorror.co.uk\/shop\/"},{"@type":"ListItem","position":2,"name":"1.2m Giant Pumpkin Skeleton Grave Breaker"}]},{"@type":"WebSite","@id":"https:\/\/madabouthorror.co.uk\/#website","url":"https:\/\/madabouthorror.co.uk\/","name":"Verr\u00fcckt nach Horror","description":"","publisher":{"@id":"https:\/\/madabouthorror.co.uk\/#organization"},"alternateName":"Mad About Horror Limited","potentialAction":[{"@type":"SearchAction","target":{"@type":"EntryPoint","urlTemplate":"https:\/\/madabouthorror.co.uk\/?s={search_term_string}"},"query-input":{"@type":"PropertyValueSpecification","valueRequired":true,"valueName":"search_term_string"}}],"inLanguage":"de"},{"@type":"Organization","@id":"https:\/\/madabouthorror.co.uk\/#organization","name":"Verr\u00fcckt nach Horror","url":"https:\/\/madabouthorror.co.uk\/","logo":{"@type":"ImageObject","inLanguage":"de","@id":"https:\/\/madabouthorror.co.uk\/#\/schema\/logo\/image\/","url":"https:\/\/madabouthorror.co.uk\/wp-content\/uploads\/2024\/02\/cropped-Logo.png","contentUrl":"https:\/\/madabouthorror.co.uk\/wp-content\/uploads\/2024\/02\/cropped-Logo.png","width":240,"height":88,"caption":"Mad About Horror"},"image":{"@id":"https:\/\/madabouthorror.co.uk\/#\/schema\/logo\/image\/"},"sameAs":["https:\/\/www.facebook.com\/madabouthorror\/","https:\/\/www.instagram.com\/madabouthorror\/","https:\/\/www.pinterest.co.uk\/madabouthorror\/","https:\/\/www.youtube.com\/channel\/UCBooLOIxjoQ89dj6T5lWm_w","https:\/\/www.tiktok.com\/@weremadabouthorror"]}]}},"df_price":269.95,"df_sale_price":"","df_regular_price":269.95,"df_image_link":"https:\/\/madabouthorror.co.uk\/wp-content\/uploads\/2025\/04\/giant-pumpkin-halloween-grave-breaker-300x300.jpg","_links":{"self":[{"href":"https:\/\/madabouthorror.co.uk\/de\/wp-json\/wp\/v2\/product\/532805","targetHints":{"allow":["GET"]}}],"collection":[{"href":"https:\/\/madabouthorror.co.uk\/de\/wp-json\/wp\/v2\/product"}],"about":[{"href":"https:\/\/madabouthorror.co.uk\/de\/wp-json\/wp\/v2\/types\/product"}],"replies":[{"embeddable":true,"href":"https:\/\/madabouthorror.co.uk\/de\/wp-json\/wp\/v2\/comments?post=532805"}],"wp:featuredmedia":[{"embeddable":true,"href":"https:\/\/madabouthorror.co.uk\/de\/wp-json\/wp\/v2\/media\/540177"}],"wp:attachment":[{"href":"https:\/\/madabouthorror.co.uk\/de\/wp-json\/wp\/v2\/media?parent=532805"}],"wp:term":[{"taxonomy":"product_brand","embeddable":true,"href":"https:\/\/madabouthorror.co.uk\/de\/wp-json\/wp\/v2\/product_brand?post=532805"},{"taxonomy":"product_cat","embeddable":true,"href":"https:\/\/madabouthorror.co.uk\/de\/wp-json\/wp\/v2\/product_cat?post=532805"},{"taxonomy":"product_tag","embeddable":true,"href":"https:\/\/madabouthorror.co.uk\/de\/wp-json\/wp\/v2\/product_tag?post=532805"}],"curies":[{"name":"wp","href":"https:\/\/api.w.org\/{rel}","templated":true}]}}