{"id":53299,"date":"2022-06-15T12:37:01","date_gmt":"2022-06-15T11:37:01","guid":{"rendered":"https:\/\/mah.6bdv.ws\/product\/trick-r-treat-light-up-pumpkin\/"},"modified":"2026-04-02T09:37:16","modified_gmt":"2026-04-02T08:37:16","slug":"trick-r-treat-light-up-pumpkin","status":"publish","type":"product","link":"https:\/\/madabouthorror.co.uk\/de\/product\/trick-r-treat-light-up-pumpkin\/","title":{"rendered":"Trick R Treat - Leuchtender K\u00fcrbis"},"content":{"rendered":"<p>Trick or Treat Studios und Legendary sind stolz darauf, die Trick r Treat Light Up Pumpkin Prop zu pr\u00e4sentieren!<\/p>\n<p>Dieser K\u00fcrbis, der von den Meistern der Trick or Treat Studios modelliert wurde, ist eine exakte Version von Sams ikonischer Jack O'Lantern.<\/p>\n<p>Dieser sch\u00f6ne K\u00fcrbis ist aus massivem, blasgeformtem Kunststoff gefertigt und wird mit einem weichen Teelicht geliefert, Batterien sind nicht enthalten.<\/p>\n<p>Die Ma\u00dfe des K\u00fcrbisses sind 30\u2033 im Umfang und 10\u2033 hoch.<\/p>\n<p>Bestelle also jetzt deinen offiziellen Trick r Treat Light Up K\u00fcrbis und erleuchte deine Nachbarschaft!<\/p>\n<p><em>\u00a9 Trick r Treat; 2022 Legendary Alle Rechte vorbehalten.<\/em><\/p>","protected":false},"excerpt":{"rendered":"<p>Trick or Treat Studios und Legendary sind stolz, die Trick r Treat Light Up Pumpkin Prop zu pr\u00e4sentieren! Dieser K\u00fcrbis, der von den Meistern der Trick or Treat Studios geformt wurde, ist eine exakte Version von Sams ikonischer Jack o'Lantern. Dieser wundersch\u00f6ne K\u00fcrbis ist aus massivem, blasgeformtem Kunststoff gefertigt und wird mit einem weichen Tee [...]<\/p>","protected":false},"featured_media":53296,"comment_status":"closed","ping_status":"closed","template":"","meta":{"_acf_changed":false},"product_brand":[],"product_cat":[10118,10076,6537,10038,6547,6597,9967,6792,6716],"product_tag":[],"class_list":{"0":"post-53299","1":"product","2":"type-product","3":"status-publish","4":"has-post-thumbnail","6":"product_cat-light-up-pumpkins","7":"product_cat-replica-dolls-props","8":"product_cat-collectibles","9":"product_cat-horror-gifts","10":"product_cat-decorations","11":"product_cat-pumpkins","12":"product_cat-replica-props","13":"product_cat-trick-or-treat-studios","14":"product_cat-trickrtreat","15":"product_shipping_class-small-parcel-economy-3-5-business-days","17":"first","18":"outofstock","19":"taxable","20":"shipping-taxable","21":"purchasable","22":"product-type-simple"},"supplier_id":471030,"supplier_sku":"TTLE115","barcode":"811501039228","atum_controlled":true,"out_stock_date":"2025-09-30 15:08:33","out_stock_threshold":null,"inheritable":false,"inbound_stock":0,"stock_on_hold":0,"sold_today":0,"sales_last_days":0,"reserved_stock":0,"customer_returns":0,"warehouse_damage":0,"lost_in_post":0,"other_logs":0,"out_stock_days":189,"lost_sales":808,"has_location":false,"update_date":"2026-04-08T01:28:50","atum_locations":[],"atum_stock_status":"outofstock","restock_status":false,"low_stock_amount":2,"sales_update_date":"2026-04-08T01:28:48","calc_backorders":null,"acf":[],"yoast_head":"<!-- This site is optimized with the Yoast SEO plugin v27.3 - https:\/\/yoast.com\/product\/yoast-seo-wordpress\/ -->\n<title>Trick R Treat - Light Up Pumpkin<\/title>\n<meta name=\"description\" content=\"Officially licensed Horror Masks &amp; Collectibles - huge range of Trick or Treat Studios masks &amp; collectibles. Available from the official UK stockist.\" \/>\n<meta name=\"robots\" content=\"index, follow, max-snippet:-1, max-image-preview:large, max-video-preview:-1\" \/>\n<link rel=\"canonical\" href=\"https:\/\/madabouthorror.co.uk\/de\/product\/trick-r-treat-light-up-pumpkin\/\" \/>\n<meta property=\"og:locale\" content=\"de_DE\" \/>\n<meta property=\"og:type\" content=\"article\" \/>\n<meta property=\"og:title\" content=\"Trick R Treat - Light Up Pumpkin\" \/>\n<meta property=\"og:description\" content=\"Officially licensed Horror Masks &amp; Collectibles - huge range of Trick or Treat Studios masks &amp; collectibles. Available from the official UK stockist.\" \/>\n<meta property=\"og:url\" content=\"https:\/\/madabouthorror.co.uk\/de\/product\/trick-r-treat-light-up-pumpkin\/\" \/>\n<meta property=\"og:site_name\" content=\"Mad About Horror\" \/>\n<meta property=\"article:publisher\" content=\"https:\/\/www.facebook.com\/madabouthorror\/\" \/>\n<meta property=\"article:modified_time\" content=\"2026-04-02T08:37:16+00:00\" \/>\n<meta property=\"og:image\" content=\"https:\/\/madabouthorror.co.uk\/wp-content\/uploads\/2022\/06\/3_tots_trick_r_treat_light_up_pumpkin.jpg\" \/>\n\t<meta property=\"og:image:width\" content=\"650\" \/>\n\t<meta property=\"og:image:height\" content=\"650\" \/>\n\t<meta property=\"og:image:type\" content=\"image\/jpeg\" \/>\n<meta name=\"twitter:card\" content=\"summary_large_image\" \/>\n<meta name=\"twitter:label1\" content=\"Gesch\u00e4tzte Lesezeit\" \/>\n\t<meta name=\"twitter:data1\" content=\"1\u00a0Minute\" \/>\n<script type=\"application\/ld+json\" class=\"yoast-schema-graph\">{\"@context\":\"https:\\\/\\\/schema.org\",\"@graph\":[{\"@type\":[\"WebPage\",\"ItemPage\"],\"@id\":\"https:\\\/\\\/madabouthorror.co.uk\\\/product\\\/trick-r-treat-light-up-pumpkin\\\/\",\"url\":\"https:\\\/\\\/madabouthorror.co.uk\\\/product\\\/trick-r-treat-light-up-pumpkin\\\/\",\"name\":\"Trick R Treat - Light Up Pumpkin\",\"isPartOf\":{\"@id\":\"https:\\\/\\\/madabouthorror.co.uk\\\/#website\"},\"primaryImageOfPage\":{\"@id\":\"https:\\\/\\\/madabouthorror.co.uk\\\/product\\\/trick-r-treat-light-up-pumpkin\\\/#primaryimage\"},\"image\":{\"@id\":\"https:\\\/\\\/madabouthorror.co.uk\\\/product\\\/trick-r-treat-light-up-pumpkin\\\/#primaryimage\"},\"thumbnailUrl\":\"https:\\\/\\\/madabouthorror.co.uk\\\/wp-content\\\/uploads\\\/2022\\\/06\\\/3_tots_trick_r_treat_light_up_pumpkin.jpg\",\"datePublished\":\"2022-06-15T11:37:01+00:00\",\"dateModified\":\"2026-04-02T08:37:16+00:00\",\"description\":\"Officially licensed Horror Masks & Collectibles - huge range of Trick or Treat Studios masks & collectibles. Available from the official UK stockist.\",\"breadcrumb\":{\"@id\":\"https:\\\/\\\/madabouthorror.co.uk\\\/product\\\/trick-r-treat-light-up-pumpkin\\\/#breadcrumb\"},\"inLanguage\":\"de\",\"potentialAction\":[{\"@type\":\"ReadAction\",\"target\":[\"https:\\\/\\\/madabouthorror.co.uk\\\/product\\\/trick-r-treat-light-up-pumpkin\\\/\"]}]},{\"@type\":\"ImageObject\",\"inLanguage\":\"de\",\"@id\":\"https:\\\/\\\/madabouthorror.co.uk\\\/product\\\/trick-r-treat-light-up-pumpkin\\\/#primaryimage\",\"url\":\"https:\\\/\\\/madabouthorror.co.uk\\\/wp-content\\\/uploads\\\/2022\\\/06\\\/3_tots_trick_r_treat_light_up_pumpkin.jpg\",\"contentUrl\":\"https:\\\/\\\/madabouthorror.co.uk\\\/wp-content\\\/uploads\\\/2022\\\/06\\\/3_tots_trick_r_treat_light_up_pumpkin.jpg\",\"width\":650,\"height\":650,\"caption\":\"Trick R Treat - Light Up Pumpkin\"},{\"@type\":\"BreadcrumbList\",\"@id\":\"https:\\\/\\\/madabouthorror.co.uk\\\/product\\\/trick-r-treat-light-up-pumpkin\\\/#breadcrumb\",\"itemListElement\":[{\"@type\":\"ListItem\",\"position\":1,\"name\":\"Shop\",\"item\":\"https:\\\/\\\/madabouthorror.co.uk\\\/shop\\\/\"},{\"@type\":\"ListItem\",\"position\":2,\"name\":\"Trick R Treat &#8211; Light Up Pumpkin\"}]},{\"@type\":\"WebSite\",\"@id\":\"https:\\\/\\\/madabouthorror.co.uk\\\/#website\",\"url\":\"https:\\\/\\\/madabouthorror.co.uk\\\/\",\"name\":\"Mad About Horror\",\"description\":\"\",\"publisher\":{\"@id\":\"https:\\\/\\\/madabouthorror.co.uk\\\/#organization\"},\"alternateName\":\"Mad About Horror Limited\",\"potentialAction\":[{\"@type\":\"SearchAction\",\"target\":{\"@type\":\"EntryPoint\",\"urlTemplate\":\"https:\\\/\\\/madabouthorror.co.uk\\\/?s={search_term_string}\"},\"query-input\":{\"@type\":\"PropertyValueSpecification\",\"valueRequired\":true,\"valueName\":\"search_term_string\"}}],\"inLanguage\":\"de\"},{\"@type\":\"Organization\",\"@id\":\"https:\\\/\\\/madabouthorror.co.uk\\\/#organization\",\"name\":\"Mad About Horror\",\"url\":\"https:\\\/\\\/madabouthorror.co.uk\\\/\",\"logo\":{\"@type\":\"ImageObject\",\"inLanguage\":\"de\",\"@id\":\"https:\\\/\\\/madabouthorror.co.uk\\\/#\\\/schema\\\/logo\\\/image\\\/\",\"url\":\"https:\\\/\\\/madabouthorror.co.uk\\\/wp-content\\\/uploads\\\/2024\\\/02\\\/cropped-Logo.png\",\"contentUrl\":\"https:\\\/\\\/madabouthorror.co.uk\\\/wp-content\\\/uploads\\\/2024\\\/02\\\/cropped-Logo.png\",\"width\":240,\"height\":88,\"caption\":\"Mad About Horror\"},\"image\":{\"@id\":\"https:\\\/\\\/madabouthorror.co.uk\\\/#\\\/schema\\\/logo\\\/image\\\/\"},\"sameAs\":[\"https:\\\/\\\/www.facebook.com\\\/madabouthorror\\\/\",\"https:\\\/\\\/www.instagram.com\\\/madabouthorror\\\/\",\"https:\\\/\\\/www.pinterest.co.uk\\\/madabouthorror\\\/\",\"https:\\\/\\\/www.youtube.com\\\/channel\\\/UCBooLOIxjoQ89dj6T5lWm_w\",\"https:\\\/\\\/www.tiktok.com\\\/@weremadabouthorror\"]}]}<\/script>\n<!-- \/ Yoast SEO plugin. -->","yoast_head_json":{"title":"Trick R Treat - Leuchtender K\u00fcrbis","description":"Offiziell lizenzierte Horrormasken und Sammlerst\u00fccke - gro\u00dfe Auswahl an Trick or Treat Studios Masken und Sammlerst\u00fccken. Erh\u00e4ltlich beim offiziellen UK-Fachh\u00e4ndler.","robots":{"index":"index","follow":"follow","max-snippet":"max-snippet:-1","max-image-preview":"max-image-preview:large","max-video-preview":"max-video-preview:-1"},"canonical":"https:\/\/madabouthorror.co.uk\/de\/product\/trick-r-treat-light-up-pumpkin\/","og_locale":"de_DE","og_type":"article","og_title":"Trick R Treat - Light Up Pumpkin","og_description":"Officially licensed Horror Masks & Collectibles - huge range of Trick or Treat Studios masks & collectibles. Available from the official UK stockist.","og_url":"https:\/\/madabouthorror.co.uk\/de\/product\/trick-r-treat-light-up-pumpkin\/","og_site_name":"Mad About Horror","article_publisher":"https:\/\/www.facebook.com\/madabouthorror\/","article_modified_time":"2026-04-02T08:37:16+00:00","og_image":[{"width":650,"height":650,"url":"https:\/\/madabouthorror.co.uk\/wp-content\/uploads\/2022\/06\/3_tots_trick_r_treat_light_up_pumpkin.jpg","type":"image\/jpeg"}],"twitter_card":"summary_large_image","twitter_misc":{"Gesch\u00e4tzte Lesezeit":"1\u00a0Minute"},"schema":{"@context":"https:\/\/schema.org","@graph":[{"@type":["WebPage","ItemPage"],"@id":"https:\/\/madabouthorror.co.uk\/product\/trick-r-treat-light-up-pumpkin\/","url":"https:\/\/madabouthorror.co.uk\/product\/trick-r-treat-light-up-pumpkin\/","name":"Trick R Treat - Leuchtender K\u00fcrbis","isPartOf":{"@id":"https:\/\/madabouthorror.co.uk\/#website"},"primaryImageOfPage":{"@id":"https:\/\/madabouthorror.co.uk\/product\/trick-r-treat-light-up-pumpkin\/#primaryimage"},"image":{"@id":"https:\/\/madabouthorror.co.uk\/product\/trick-r-treat-light-up-pumpkin\/#primaryimage"},"thumbnailUrl":"https:\/\/madabouthorror.co.uk\/wp-content\/uploads\/2022\/06\/3_tots_trick_r_treat_light_up_pumpkin.jpg","datePublished":"2022-06-15T11:37:01+00:00","dateModified":"2026-04-02T08:37:16+00:00","description":"Offiziell lizenzierte Horrormasken und Sammlerst\u00fccke - gro\u00dfe Auswahl an Trick or Treat Studios Masken und Sammlerst\u00fccken. Erh\u00e4ltlich beim offiziellen UK-Fachh\u00e4ndler.","breadcrumb":{"@id":"https:\/\/madabouthorror.co.uk\/product\/trick-r-treat-light-up-pumpkin\/#breadcrumb"},"inLanguage":"de","potentialAction":[{"@type":"ReadAction","target":["https:\/\/madabouthorror.co.uk\/product\/trick-r-treat-light-up-pumpkin\/"]}]},{"@type":"ImageObject","inLanguage":"de","@id":"https:\/\/madabouthorror.co.uk\/product\/trick-r-treat-light-up-pumpkin\/#primaryimage","url":"https:\/\/madabouthorror.co.uk\/wp-content\/uploads\/2022\/06\/3_tots_trick_r_treat_light_up_pumpkin.jpg","contentUrl":"https:\/\/madabouthorror.co.uk\/wp-content\/uploads\/2022\/06\/3_tots_trick_r_treat_light_up_pumpkin.jpg","width":650,"height":650,"caption":"Trick R Treat - Light Up Pumpkin"},{"@type":"BreadcrumbList","@id":"https:\/\/madabouthorror.co.uk\/product\/trick-r-treat-light-up-pumpkin\/#breadcrumb","itemListElement":[{"@type":"ListItem","position":1,"name":"Shop","item":"https:\/\/madabouthorror.co.uk\/shop\/"},{"@type":"ListItem","position":2,"name":"Trick R Treat &#8211; Light Up Pumpkin"}]},{"@type":"WebSite","@id":"https:\/\/madabouthorror.co.uk\/#website","url":"https:\/\/madabouthorror.co.uk\/","name":"Verr\u00fcckt nach Horror","description":"","publisher":{"@id":"https:\/\/madabouthorror.co.uk\/#organization"},"alternateName":"Mad About Horror Limited","potentialAction":[{"@type":"SearchAction","target":{"@type":"EntryPoint","urlTemplate":"https:\/\/madabouthorror.co.uk\/?s={search_term_string}"},"query-input":{"@type":"PropertyValueSpecification","valueRequired":true,"valueName":"search_term_string"}}],"inLanguage":"de"},{"@type":"Organization","@id":"https:\/\/madabouthorror.co.uk\/#organization","name":"Verr\u00fcckt nach Horror","url":"https:\/\/madabouthorror.co.uk\/","logo":{"@type":"ImageObject","inLanguage":"de","@id":"https:\/\/madabouthorror.co.uk\/#\/schema\/logo\/image\/","url":"https:\/\/madabouthorror.co.uk\/wp-content\/uploads\/2024\/02\/cropped-Logo.png","contentUrl":"https:\/\/madabouthorror.co.uk\/wp-content\/uploads\/2024\/02\/cropped-Logo.png","width":240,"height":88,"caption":"Mad About Horror"},"image":{"@id":"https:\/\/madabouthorror.co.uk\/#\/schema\/logo\/image\/"},"sameAs":["https:\/\/www.facebook.com\/madabouthorror\/","https:\/\/www.instagram.com\/madabouthorror\/","https:\/\/www.pinterest.co.uk\/madabouthorror\/","https:\/\/www.youtube.com\/channel\/UCBooLOIxjoQ89dj6T5lWm_w","https:\/\/www.tiktok.com\/@weremadabouthorror"]}]}},"df_price":31.2,"df_sale_price":"","df_regular_price":31.2,"df_image_link":"https:\/\/madabouthorror.co.uk\/wp-content\/uploads\/2022\/06\/3_tots_trick_r_treat_light_up_pumpkin-300x300.jpg","_links":{"self":[{"href":"https:\/\/madabouthorror.co.uk\/de\/wp-json\/wp\/v2\/product\/53299","targetHints":{"allow":["GET"]}}],"collection":[{"href":"https:\/\/madabouthorror.co.uk\/de\/wp-json\/wp\/v2\/product"}],"about":[{"href":"https:\/\/madabouthorror.co.uk\/de\/wp-json\/wp\/v2\/types\/product"}],"replies":[{"embeddable":true,"href":"https:\/\/madabouthorror.co.uk\/de\/wp-json\/wp\/v2\/comments?post=53299"}],"wp:featuredmedia":[{"embeddable":true,"href":"https:\/\/madabouthorror.co.uk\/de\/wp-json\/wp\/v2\/media\/53296"}],"wp:attachment":[{"href":"https:\/\/madabouthorror.co.uk\/de\/wp-json\/wp\/v2\/media?parent=53299"}],"wp:term":[{"taxonomy":"product_brand","embeddable":true,"href":"https:\/\/madabouthorror.co.uk\/de\/wp-json\/wp\/v2\/product_brand?post=53299"},{"taxonomy":"product_cat","embeddable":true,"href":"https:\/\/madabouthorror.co.uk\/de\/wp-json\/wp\/v2\/product_cat?post=53299"},{"taxonomy":"product_tag","embeddable":true,"href":"https:\/\/madabouthorror.co.uk\/de\/wp-json\/wp\/v2\/product_tag?post=53299"}],"curies":[{"name":"wp","href":"https:\/\/api.w.org\/{rel}","templated":true}]}}