{"id":53629,"date":"2022-06-27T13:10:37","date_gmt":"2022-06-27T12:10:37","guid":{"rendered":"https:\/\/mah.6bdv.ws\/product\/creepshow-tv-series-the-creep-hanging-prop\/"},"modified":"2026-04-02T09:37:21","modified_gmt":"2026-04-02T08:37:21","slug":"creepshow-tv-series-the-creep-hanging-prop","status":"publish","type":"product","link":"https:\/\/madabouthorror.co.uk\/de\/product\/creepshow-tv-series-the-creep-hanging-prop\/","title":{"rendered":"Creepshow (TV-Serie) - Die gruselige H\u00e4ngerequisite"},"content":{"rendered":"<p>Geformt von KNB EFX Group<\/p>\n<p>Trick or Treat Studios und Cartel Entertainment sind stolz, The Creep Hanging Prop zu pr\u00e4sentieren, den Moderator der erfolgreichen Fernsehserie Creepshow!<\/p>\n<p>Creepshow ist eine Anthologie-Horrorserie, die auf dem Film von 1982 basiert und Vignetten enth\u00e4lt, die sich mit Terror, Mord, \u00dcbernat\u00fcrlichem und Unerkl\u00e4rlichem besch\u00e4ftigen. Jetzt hast du die Chance, den Creep selbst als h\u00e4ngende Requisite zu besitzen!<\/p>\n<p>Die KNB EFX Group stellte die Werkzeuge f\u00fcr diesen Kopf zur Verf\u00fcgung, die direkt aus den in der Serie verwendeten Formen stammen, wodurch dieser Kopf dem Creep selbst am n\u00e4chsten kommt.<\/p>\n<p><strong>Die St\u00fctze ist 38\u2033 hoch und 28\u2033 breit.<\/strong><\/p>\n<p>Bestellen Sie also jetzt Ihre Creep Hanging Prop und veranstalten Sie eine Halloween-Nacht des Schreckens!<\/p>\n<p><em>\u00a9 2022 Cartel Entertainment.<\/em><\/p>","protected":false},"excerpt":{"rendered":"<p>Sculpted by KNB EFX Group Trick or Treat Studios und Cartel Entertainment sind stolz darauf, die Creep Hanging Requisite zu pr\u00e4sentieren, den Gastgeber der erfolgreichen Fernsehserie Creepshow! Creepshow ist eine Anthologie-Horrorserie, die auf dem Film von 1982 basiert und Vignetten zeigt, die Terror, Mord, das \u00dcbernat\u00fcrliche und das Unerkl\u00e4rliche erforschen. Jetzt hast du die Chance, [...]<\/p>","protected":false},"featured_media":53627,"comment_status":"closed","ping_status":"closed","template":"","meta":{"_acf_changed":false},"product_brand":[],"product_cat":[10129,10076,10093,6537,10107,10038,6547,9967,9924,8802,6640,6792],"product_tag":[],"class_list":{"0":"post-53629","1":"product","2":"type-product","3":"status-publish","4":"has-post-thumbnail","6":"product_cat-main-gift","7":"product_cat-replica-dolls-props","8":"product_cat-indoor-halloween-decorations","9":"product_cat-collectibles","10":"product_cat-licensed-halloween-decorations","11":"product_cat-horror-gifts","12":"product_cat-decorations","13":"product_cat-replica-props","14":"product_cat-trick-or-treat-studios-last-chance","15":"product_cat-sale","16":"product_cat-creepshow","17":"product_cat-trick-or-treat-studios","19":"first","20":"instock","21":"sale","22":"taxable","23":"shipping-taxable","24":"purchasable","25":"product-type-simple"},"supplier_id":471030,"supplier_sku":"TTSE104-S2","barcode":"811501037514","atum_controlled":true,"out_stock_date":null,"out_stock_threshold":null,"inheritable":false,"inbound_stock":0,"stock_on_hold":0,"sold_today":0,"sales_last_days":1,"reserved_stock":0,"customer_returns":0,"warehouse_damage":0,"lost_in_post":0,"other_logs":0,"out_stock_days":0,"lost_sales":0,"has_location":false,"update_date":"2026-04-07T01:23:45","atum_locations":[],"atum_stock_status":"instock","restock_status":false,"low_stock_amount":0,"sales_update_date":"2026-04-07T01:23:44","calc_backorders":null,"acf":[],"yoast_head":"<!-- This site is optimized with the Yoast SEO plugin v27.3 - https:\/\/yoast.com\/product\/yoast-seo-wordpress\/ -->\n<title>Creepshow (TV Series) - The Creep Hanging Prop<\/title>\n<meta name=\"description\" content=\"Masks, Collectibles &amp; Merchandise from the UK&#039;s horror specialist Mad About Horror. Huge range of NECA, Mezco, Treat Studios and many more great brands. Fast delivery, UK stock.\" \/>\n<meta name=\"robots\" content=\"index, follow, max-snippet:-1, max-image-preview:large, max-video-preview:-1\" \/>\n<link rel=\"canonical\" href=\"https:\/\/madabouthorror.co.uk\/de\/product\/creepshow-tv-series-the-creep-hanging-prop\/\" \/>\n<meta property=\"og:locale\" content=\"de_DE\" \/>\n<meta property=\"og:type\" content=\"article\" \/>\n<meta property=\"og:title\" content=\"Creepshow (TV Series) - The Creep Hanging Prop\" \/>\n<meta property=\"og:description\" content=\"Masks, Collectibles &amp; Merchandise from the UK&#039;s horror specialist Mad About Horror. Huge range of NECA, Mezco, Treat Studios and many more great brands. Fast delivery, UK stock.\" \/>\n<meta property=\"og:url\" content=\"https:\/\/madabouthorror.co.uk\/de\/product\/creepshow-tv-series-the-creep-hanging-prop\/\" \/>\n<meta property=\"og:site_name\" content=\"Mad About Horror\" \/>\n<meta property=\"article:publisher\" content=\"https:\/\/www.facebook.com\/madabouthorror\/\" \/>\n<meta property=\"article:modified_time\" content=\"2026-04-02T08:37:21+00:00\" \/>\n<meta property=\"og:image\" content=\"https:\/\/madabouthorror.co.uk\/wp-content\/uploads\/2022\/06\/tt_creepshow_creep_hanging_prop.jpg\" \/>\n\t<meta property=\"og:image:width\" content=\"650\" \/>\n\t<meta property=\"og:image:height\" content=\"650\" \/>\n\t<meta property=\"og:image:type\" content=\"image\/jpeg\" \/>\n<meta name=\"twitter:card\" content=\"summary_large_image\" \/>\n<meta name=\"twitter:label1\" content=\"Gesch\u00e4tzte Lesezeit\" \/>\n\t<meta name=\"twitter:data1\" content=\"1\u00a0Minute\" \/>\n<script type=\"application\/ld+json\" class=\"yoast-schema-graph\">{\"@context\":\"https:\\\/\\\/schema.org\",\"@graph\":[{\"@type\":[\"WebPage\",\"ItemPage\"],\"@id\":\"https:\\\/\\\/madabouthorror.co.uk\\\/product\\\/creepshow-tv-series-the-creep-hanging-prop\\\/\",\"url\":\"https:\\\/\\\/madabouthorror.co.uk\\\/product\\\/creepshow-tv-series-the-creep-hanging-prop\\\/\",\"name\":\"Creepshow (TV Series) - The Creep Hanging Prop\",\"isPartOf\":{\"@id\":\"https:\\\/\\\/madabouthorror.co.uk\\\/#website\"},\"primaryImageOfPage\":{\"@id\":\"https:\\\/\\\/madabouthorror.co.uk\\\/product\\\/creepshow-tv-series-the-creep-hanging-prop\\\/#primaryimage\"},\"image\":{\"@id\":\"https:\\\/\\\/madabouthorror.co.uk\\\/product\\\/creepshow-tv-series-the-creep-hanging-prop\\\/#primaryimage\"},\"thumbnailUrl\":\"https:\\\/\\\/madabouthorror.co.uk\\\/wp-content\\\/uploads\\\/2022\\\/06\\\/tt_creepshow_creep_hanging_prop.jpg\",\"datePublished\":\"2022-06-27T12:10:37+00:00\",\"dateModified\":\"2026-04-02T08:37:21+00:00\",\"description\":\"Masks, Collectibles & Merchandise from the UK's horror specialist Mad About Horror. Huge range of NECA, Mezco, Treat Studios and many more great brands. Fast delivery, UK stock.\",\"breadcrumb\":{\"@id\":\"https:\\\/\\\/madabouthorror.co.uk\\\/product\\\/creepshow-tv-series-the-creep-hanging-prop\\\/#breadcrumb\"},\"inLanguage\":\"de\",\"potentialAction\":[{\"@type\":\"ReadAction\",\"target\":[\"https:\\\/\\\/madabouthorror.co.uk\\\/product\\\/creepshow-tv-series-the-creep-hanging-prop\\\/\"]}]},{\"@type\":\"ImageObject\",\"inLanguage\":\"de\",\"@id\":\"https:\\\/\\\/madabouthorror.co.uk\\\/product\\\/creepshow-tv-series-the-creep-hanging-prop\\\/#primaryimage\",\"url\":\"https:\\\/\\\/madabouthorror.co.uk\\\/wp-content\\\/uploads\\\/2022\\\/06\\\/tt_creepshow_creep_hanging_prop.jpg\",\"contentUrl\":\"https:\\\/\\\/madabouthorror.co.uk\\\/wp-content\\\/uploads\\\/2022\\\/06\\\/tt_creepshow_creep_hanging_prop.jpg\",\"width\":650,\"height\":650,\"caption\":\"Creepshow (TV Series) - The Creep Hanging Prop\"},{\"@type\":\"BreadcrumbList\",\"@id\":\"https:\\\/\\\/madabouthorror.co.uk\\\/product\\\/creepshow-tv-series-the-creep-hanging-prop\\\/#breadcrumb\",\"itemListElement\":[{\"@type\":\"ListItem\",\"position\":1,\"name\":\"Shop\",\"item\":\"https:\\\/\\\/madabouthorror.co.uk\\\/shop\\\/\"},{\"@type\":\"ListItem\",\"position\":2,\"name\":\"Creepshow (TV Series) &#8211; The Creep Hanging Prop\"}]},{\"@type\":\"WebSite\",\"@id\":\"https:\\\/\\\/madabouthorror.co.uk\\\/#website\",\"url\":\"https:\\\/\\\/madabouthorror.co.uk\\\/\",\"name\":\"Mad About Horror\",\"description\":\"\",\"publisher\":{\"@id\":\"https:\\\/\\\/madabouthorror.co.uk\\\/#organization\"},\"alternateName\":\"Mad About Horror Limited\",\"potentialAction\":[{\"@type\":\"SearchAction\",\"target\":{\"@type\":\"EntryPoint\",\"urlTemplate\":\"https:\\\/\\\/madabouthorror.co.uk\\\/?s={search_term_string}\"},\"query-input\":{\"@type\":\"PropertyValueSpecification\",\"valueRequired\":true,\"valueName\":\"search_term_string\"}}],\"inLanguage\":\"de\"},{\"@type\":\"Organization\",\"@id\":\"https:\\\/\\\/madabouthorror.co.uk\\\/#organization\",\"name\":\"Mad About Horror\",\"url\":\"https:\\\/\\\/madabouthorror.co.uk\\\/\",\"logo\":{\"@type\":\"ImageObject\",\"inLanguage\":\"de\",\"@id\":\"https:\\\/\\\/madabouthorror.co.uk\\\/#\\\/schema\\\/logo\\\/image\\\/\",\"url\":\"https:\\\/\\\/madabouthorror.co.uk\\\/wp-content\\\/uploads\\\/2024\\\/02\\\/cropped-Logo.png\",\"contentUrl\":\"https:\\\/\\\/madabouthorror.co.uk\\\/wp-content\\\/uploads\\\/2024\\\/02\\\/cropped-Logo.png\",\"width\":240,\"height\":88,\"caption\":\"Mad About Horror\"},\"image\":{\"@id\":\"https:\\\/\\\/madabouthorror.co.uk\\\/#\\\/schema\\\/logo\\\/image\\\/\"},\"sameAs\":[\"https:\\\/\\\/www.facebook.com\\\/madabouthorror\\\/\",\"https:\\\/\\\/www.instagram.com\\\/madabouthorror\\\/\",\"https:\\\/\\\/www.pinterest.co.uk\\\/madabouthorror\\\/\",\"https:\\\/\\\/www.youtube.com\\\/channel\\\/UCBooLOIxjoQ89dj6T5lWm_w\",\"https:\\\/\\\/www.tiktok.com\\\/@weremadabouthorror\"]}]}<\/script>\n<!-- \/ Yoast SEO plugin. -->","yoast_head_json":{"title":"Creepshow (TV-Serie) - Die gruselige H\u00e4ngerequisite","description":"Masken, Sammlerst\u00fccke &amp; Merchandise vom britischen Horror-Spezialisten Mad About Horror. Riesige Auswahl an NECA, Mezco, Treat Studios und vielen anderen tollen Marken. Schnelle Lieferung, UK Lager.","robots":{"index":"index","follow":"follow","max-snippet":"max-snippet:-1","max-image-preview":"max-image-preview:large","max-video-preview":"max-video-preview:-1"},"canonical":"https:\/\/madabouthorror.co.uk\/de\/product\/creepshow-tv-series-the-creep-hanging-prop\/","og_locale":"de_DE","og_type":"article","og_title":"Creepshow (TV Series) - The Creep Hanging Prop","og_description":"Masks, Collectibles & Merchandise from the UK's horror specialist Mad About Horror. Huge range of NECA, Mezco, Treat Studios and many more great brands. Fast delivery, UK stock.","og_url":"https:\/\/madabouthorror.co.uk\/de\/product\/creepshow-tv-series-the-creep-hanging-prop\/","og_site_name":"Mad About Horror","article_publisher":"https:\/\/www.facebook.com\/madabouthorror\/","article_modified_time":"2026-04-02T08:37:21+00:00","og_image":[{"width":650,"height":650,"url":"https:\/\/madabouthorror.co.uk\/wp-content\/uploads\/2022\/06\/tt_creepshow_creep_hanging_prop.jpg","type":"image\/jpeg"}],"twitter_card":"summary_large_image","twitter_misc":{"Gesch\u00e4tzte Lesezeit":"1\u00a0Minute"},"schema":{"@context":"https:\/\/schema.org","@graph":[{"@type":["WebPage","ItemPage"],"@id":"https:\/\/madabouthorror.co.uk\/product\/creepshow-tv-series-the-creep-hanging-prop\/","url":"https:\/\/madabouthorror.co.uk\/product\/creepshow-tv-series-the-creep-hanging-prop\/","name":"Creepshow (TV-Serie) - Die gruselige H\u00e4ngerequisite","isPartOf":{"@id":"https:\/\/madabouthorror.co.uk\/#website"},"primaryImageOfPage":{"@id":"https:\/\/madabouthorror.co.uk\/product\/creepshow-tv-series-the-creep-hanging-prop\/#primaryimage"},"image":{"@id":"https:\/\/madabouthorror.co.uk\/product\/creepshow-tv-series-the-creep-hanging-prop\/#primaryimage"},"thumbnailUrl":"https:\/\/madabouthorror.co.uk\/wp-content\/uploads\/2022\/06\/tt_creepshow_creep_hanging_prop.jpg","datePublished":"2022-06-27T12:10:37+00:00","dateModified":"2026-04-02T08:37:21+00:00","description":"Masken, Sammlerst\u00fccke &amp; Merchandise vom britischen Horror-Spezialisten Mad About Horror. Riesige Auswahl an NECA, Mezco, Treat Studios und vielen anderen tollen Marken. Schnelle Lieferung, UK Lager.","breadcrumb":{"@id":"https:\/\/madabouthorror.co.uk\/product\/creepshow-tv-series-the-creep-hanging-prop\/#breadcrumb"},"inLanguage":"de","potentialAction":[{"@type":"ReadAction","target":["https:\/\/madabouthorror.co.uk\/product\/creepshow-tv-series-the-creep-hanging-prop\/"]}]},{"@type":"ImageObject","inLanguage":"de","@id":"https:\/\/madabouthorror.co.uk\/product\/creepshow-tv-series-the-creep-hanging-prop\/#primaryimage","url":"https:\/\/madabouthorror.co.uk\/wp-content\/uploads\/2022\/06\/tt_creepshow_creep_hanging_prop.jpg","contentUrl":"https:\/\/madabouthorror.co.uk\/wp-content\/uploads\/2022\/06\/tt_creepshow_creep_hanging_prop.jpg","width":650,"height":650,"caption":"Creepshow (TV Series) - The Creep Hanging Prop"},{"@type":"BreadcrumbList","@id":"https:\/\/madabouthorror.co.uk\/product\/creepshow-tv-series-the-creep-hanging-prop\/#breadcrumb","itemListElement":[{"@type":"ListItem","position":1,"name":"Shop","item":"https:\/\/madabouthorror.co.uk\/shop\/"},{"@type":"ListItem","position":2,"name":"Creepshow (TV Series) &#8211; The Creep Hanging Prop"}]},{"@type":"WebSite","@id":"https:\/\/madabouthorror.co.uk\/#website","url":"https:\/\/madabouthorror.co.uk\/","name":"Verr\u00fcckt nach Horror","description":"","publisher":{"@id":"https:\/\/madabouthorror.co.uk\/#organization"},"alternateName":"Mad About Horror Limited","potentialAction":[{"@type":"SearchAction","target":{"@type":"EntryPoint","urlTemplate":"https:\/\/madabouthorror.co.uk\/?s={search_term_string}"},"query-input":{"@type":"PropertyValueSpecification","valueRequired":true,"valueName":"search_term_string"}}],"inLanguage":"de"},{"@type":"Organization","@id":"https:\/\/madabouthorror.co.uk\/#organization","name":"Verr\u00fcckt nach Horror","url":"https:\/\/madabouthorror.co.uk\/","logo":{"@type":"ImageObject","inLanguage":"de","@id":"https:\/\/madabouthorror.co.uk\/#\/schema\/logo\/image\/","url":"https:\/\/madabouthorror.co.uk\/wp-content\/uploads\/2024\/02\/cropped-Logo.png","contentUrl":"https:\/\/madabouthorror.co.uk\/wp-content\/uploads\/2024\/02\/cropped-Logo.png","width":240,"height":88,"caption":"Mad About Horror"},"image":{"@id":"https:\/\/madabouthorror.co.uk\/#\/schema\/logo\/image\/"},"sameAs":["https:\/\/www.facebook.com\/madabouthorror\/","https:\/\/www.instagram.com\/madabouthorror\/","https:\/\/www.pinterest.co.uk\/madabouthorror\/","https:\/\/www.youtube.com\/channel\/UCBooLOIxjoQ89dj6T5lWm_w","https:\/\/www.tiktok.com\/@weremadabouthorror"]}]}},"df_price":104.12,"df_sale_price":104.12,"df_regular_price":208.28,"df_image_link":"https:\/\/madabouthorror.co.uk\/wp-content\/uploads\/2022\/06\/tt_creepshow_creep_hanging_prop-300x300.jpg","_links":{"self":[{"href":"https:\/\/madabouthorror.co.uk\/de\/wp-json\/wp\/v2\/product\/53629","targetHints":{"allow":["GET"]}}],"collection":[{"href":"https:\/\/madabouthorror.co.uk\/de\/wp-json\/wp\/v2\/product"}],"about":[{"href":"https:\/\/madabouthorror.co.uk\/de\/wp-json\/wp\/v2\/types\/product"}],"replies":[{"embeddable":true,"href":"https:\/\/madabouthorror.co.uk\/de\/wp-json\/wp\/v2\/comments?post=53629"}],"wp:featuredmedia":[{"embeddable":true,"href":"https:\/\/madabouthorror.co.uk\/de\/wp-json\/wp\/v2\/media\/53627"}],"wp:attachment":[{"href":"https:\/\/madabouthorror.co.uk\/de\/wp-json\/wp\/v2\/media?parent=53629"}],"wp:term":[{"taxonomy":"product_brand","embeddable":true,"href":"https:\/\/madabouthorror.co.uk\/de\/wp-json\/wp\/v2\/product_brand?post=53629"},{"taxonomy":"product_cat","embeddable":true,"href":"https:\/\/madabouthorror.co.uk\/de\/wp-json\/wp\/v2\/product_cat?post=53629"},{"taxonomy":"product_tag","embeddable":true,"href":"https:\/\/madabouthorror.co.uk\/de\/wp-json\/wp\/v2\/product_tag?post=53629"}],"curies":[{"name":"wp","href":"https:\/\/api.w.org\/{rel}","templated":true}]}}