{"id":53744,"date":"2022-07-06T11:08:55","date_gmt":"2022-07-06T10:08:55","guid":{"rendered":"https:\/\/mah.6bdv.ws\/product\/7ft-prowling-jack-animated-halloween-prop-pre-order\/"},"modified":"2026-02-06T15:13:25","modified_gmt":"2026-02-06T15:13:25","slug":"7ft-prowling-jack-animated-halloween-prop","status":"publish","type":"product","link":"https:\/\/madabouthorror.co.uk\/de\/product\/7ft-prowling-jack-animated-halloween-prop\/","title":{"rendered":"7ft Prowling Jack Animierte Halloween Requisite"},"content":{"rendered":"<p>Dieser Prowling Jack Animatronic ist eine riesige Skelettkreatur, die in verrottende, zerlumpte, altert\u00fcmlich aussehende Kleidung geh\u00fcllt ist, w\u00e4hrend er mit bedrohlicher, rauer Stimme spricht. In seiner rechten Hand h\u00e4lt er einen leuchtend orangefarbenen K\u00fcrbis mit einem inneren Projektionslicht, das sein Jack-O-Lantern-Gesicht mit animierten Z\u00fcgen beleuchtet, w\u00e4hrend er spricht!<\/p>\n<p>Gemeinsam lachen sie und tauschen gruselig-am\u00fcsante Scherze aus. Prowling Jacks Augen und Brust leuchten auf und sein Kiefer bewegt sich, w\u00e4hrend er spricht, und sein linker Arm bewegt sich hin und her. Dieser Prowling Jack Animatronic kann entweder durch einen Infrarot-Bewegungssensor oder ein Step-Here-Pad aktiviert werden und kann auch auf Dauerbetrieb eingestellt werden! Er spricht mehrere S\u00e4tze, um Aufmerksamkeit zu erregen und die Menschen in seine N\u00e4he zu bringen, ein perfekter Blickfang f\u00fcr Spukh\u00e4user oder Schaufenster. Die Montage ist schnell und einfach. Alles, was Sie f\u00fcr den Aufbau ben\u00f6tigen, ist in einem Paket enthalten. Schieben Sie einfach die Schnellverbindungsstangen zusammen, stecken Sie die elektrischen Anschl\u00fcsse zusammen und schlie\u00dfen Sie sie an die Wand an. Und schon kann es losgehen!<\/p>\n<p>Satz #1: \"Ahhh, da kommt wieder ein Narr, der glaubt, es sei sicher, uns so nahe zu kommen!\"  \"Ha ha, ja, die sind wohl nicht sehr schlau! Na ja, egal, ich bin sicher, sie haben mehr zu bieten als nur K\u00f6pfchen\" \"Stimmt, ich sp\u00fcre irgendwo da drin eine k\u00f6stliche Seele... Ich habe ein paar Ideen, wie wir sie herausholen k\u00f6nnen! (beide lachen) ha ha ha!<\/p>\n<p>Satz #2: \"Man kann nicht vorsichtig genug sein, heute Nacht scheinen viele Gruselgestalten unterwegs zu sein!\" \"Ja, da ist einer direkt hinter dir! ......(beide lachen) Ha ha ha!  Ich habe dich gesehen! Ein Wort an die Lebenden, Kumpel: Wir sind diejenigen, denen du nicht den R\u00fccken zudrehen willst!\"<\/p>\n<p>Satz #3: \"Ich liebe die feuchte, d\u00fcstere Nacht, wenn die bitteren Winde die Seele knacken lassen und alle unsere teuflischen Freunde aus ihren Verstecken kriechen, um neue Opfer zu terrorisieren!\"<\/p>\n<p>Und mehr!<\/p>\n<p><b>Wird mit einem UK-Netzadapter geliefert<\/b>. <i>Verwenden Sie nur den mitgelieferten Netzadapter, da falsche Netzadapter Sch\u00e4den verursachen k\u00f6nnen.<\/i><\/p>\n<div>\n<div><b>F\u00fcr die \u00fcberdachte Veranda oder f\u00fcr den Innenbereich.<\/b> <i>Bei Verwendung im Freien vor Witterungseinfl\u00fcssen sch\u00fctzen und nicht \u00fcber einen l\u00e4ngeren Zeitraum im Freien stehen lassen.<\/i><\/div>\n<div><\/div>\n<div><b>Bitte beachten:<\/b><i> Diese Requisiten sind nicht f\u00fcr den intensiven kommerziellen Gebrauch geeignet, d. h. sie sollten nicht \u00fcber l\u00e4ngere Zeitr\u00e4ume, z. B. tagelang, betrieben werden. Sie sind f\u00fcr die Verwendung an Halloween gedacht. Wenn Sie Fragen dazu haben, fragen Sie bitte.<\/i><\/div>\n<\/div>","protected":false},"excerpt":{"rendered":"<p>Dieser Prowling Jack Animatronic ist eine riesige Skelettkreatur, die in verrottende, zerlumpte, altert\u00fcmlich aussehende Kleidung geh\u00fcllt ist, w\u00e4hrend er mit bedrohlicher, rauer Stimme spricht. In seiner rechten Hand h\u00e4lt er einen leuchtend orangefarbenen K\u00fcrbis mit einem inneren Projektionslicht, das sein Jack-O-Lantern-Gesicht mit animierten Z\u00fcgen beleuchtet, w\u00e4hrend er spricht! Gemeinsam lachen sie und tauschen [...]<\/p>","protected":false},"featured_media":52506,"comment_status":"closed","ping_status":"closed","template":"","meta":{"_acf_changed":false},"product_brand":[],"product_cat":[10068,10131,10108,10113,10093,10094,6550,6547,6549,6548,6963,6597,7047,7050,7051],"product_tag":[10000],"class_list":{"0":"post-53744","1":"product","2":"type-product","3":"status-publish","4":"has-post-thumbnail","6":"product_cat-halloween-decorations-2025","7":"product_cat-halloween-gifts","8":"product_cat-light-up-halloween-decorations","9":"product_cat-scarecrow-pumpkin-animatronics","10":"product_cat-indoor-halloween-decorations","11":"product_cat-outdoor-halloween-decorations","12":"product_cat-graveyard-decorations","13":"product_cat-decorations","14":"product_cat-haunted-house","15":"product_cat-skeleton-decorations","16":"product_cat-animatronics","17":"product_cat-pumpkins","18":"product_cat-skeletons-reapers","19":"product_cat-haunted-house-animatronics","20":"product_cat-graveyard-animatronics","21":"product_tag-evil-pumpkin-patch-animatronics","22":"product_shipping_class-eu-bulky-prop","24":"first","25":"instock","26":"taxable","27":"shipping-taxable","28":"purchasable","29":"product-type-simple"},"supplier_id":467908,"supplier_sku":"MR124920","barcode":"842445146390","atum_controlled":true,"out_stock_date":null,"out_stock_threshold":null,"inheritable":false,"inbound_stock":5,"stock_on_hold":0,"sold_today":0,"sales_last_days":0,"reserved_stock":0,"customer_returns":0,"warehouse_damage":0,"lost_in_post":0,"other_logs":0,"out_stock_days":0,"lost_sales":0,"has_location":false,"update_date":"2026-04-28T01:17:35","atum_locations":[],"atum_stock_status":"instock","restock_status":false,"low_stock_amount":"","sales_update_date":"2026-04-28T01:17:33","calc_backorders":null,"acf":[],"yoast_head":"<!-- This site is optimized with the Yoast SEO plugin v27.5 - https:\/\/yoast.com\/product\/yoast-seo-wordpress\/ -->\n<title>Mad About Horror | 7ft Prowling Jack Animated Halloween Prop<\/title>\n<meta name=\"description\" content=\"Can you hear that menacing raspsy voice? That&#039;s the sound of Prowling Jack. Featuring three unique phrases, the Prowling Jack Animated Halloween Prop from Mad About Horror is sure to make his vicitims jump out of their skin!\" \/>\n<meta name=\"robots\" content=\"index, follow, max-snippet:-1, max-image-preview:large, max-video-preview:-1\" \/>\n<link rel=\"canonical\" href=\"https:\/\/madabouthorror.co.uk\/de\/product\/7ft-prowling-jack-animated-halloween-prop\/\" \/>\n<meta property=\"og:locale\" content=\"de_DE\" \/>\n<meta property=\"og:type\" content=\"article\" \/>\n<meta property=\"og:title\" content=\"Mad About Horror | 7ft Prowling Jack Animated Halloween Prop\" \/>\n<meta property=\"og:description\" content=\"Can you hear that menacing raspsy voice? That&#039;s the sound of Prowling Jack. Featuring three unique phrases, the Prowling Jack Animated Halloween Prop from Mad About Horror is sure to make his vicitims jump out of their skin!\" \/>\n<meta property=\"og:url\" content=\"https:\/\/madabouthorror.co.uk\/de\/product\/7ft-prowling-jack-animated-halloween-prop\/\" \/>\n<meta property=\"og:site_name\" content=\"Mad About Horror\" \/>\n<meta property=\"article:publisher\" content=\"https:\/\/www.facebook.com\/madabouthorror\/\" \/>\n<meta property=\"article:modified_time\" content=\"2026-02-06T15:13:25+00:00\" \/>\n<meta property=\"og:image\" content=\"https:\/\/madabouthorror.co.uk\/wp-content\/uploads\/2022\/04\/7ft_jack_stalker_animated_halloween_prop.jpg\" \/>\n\t<meta property=\"og:image:width\" content=\"650\" \/>\n\t<meta property=\"og:image:height\" content=\"650\" \/>\n\t<meta property=\"og:image:type\" content=\"image\/jpeg\" \/>\n<meta name=\"twitter:card\" content=\"summary_large_image\" \/>\n<meta name=\"twitter:label1\" content=\"Gesch\u00e4tzte Lesezeit\" \/>\n\t<meta name=\"twitter:data1\" content=\"2\u00a0Minuten\" \/>\n<script type=\"application\/ld+json\" class=\"yoast-schema-graph\">{\"@context\":\"https:\\\/\\\/schema.org\",\"@graph\":[{\"@type\":[\"WebPage\",\"ItemPage\"],\"@id\":\"https:\\\/\\\/madabouthorror.co.uk\\\/product\\\/7ft-prowling-jack-animated-halloween-prop\\\/\",\"url\":\"https:\\\/\\\/madabouthorror.co.uk\\\/product\\\/7ft-prowling-jack-animated-halloween-prop\\\/\",\"name\":\"Mad About Horror | 7ft Prowling Jack Animated Halloween Prop\",\"isPartOf\":{\"@id\":\"https:\\\/\\\/madabouthorror.co.uk\\\/#website\"},\"primaryImageOfPage\":{\"@id\":\"https:\\\/\\\/madabouthorror.co.uk\\\/product\\\/7ft-prowling-jack-animated-halloween-prop\\\/#primaryimage\"},\"image\":{\"@id\":\"https:\\\/\\\/madabouthorror.co.uk\\\/product\\\/7ft-prowling-jack-animated-halloween-prop\\\/#primaryimage\"},\"thumbnailUrl\":\"https:\\\/\\\/madabouthorror.co.uk\\\/wp-content\\\/uploads\\\/2022\\\/04\\\/7ft_jack_stalker_animated_halloween_prop.jpg\",\"datePublished\":\"2022-07-06T10:08:55+00:00\",\"dateModified\":\"2026-02-06T15:13:25+00:00\",\"description\":\"Can you hear that menacing raspsy voice? That's the sound of Prowling Jack. Featuring three unique phrases, the Prowling Jack Animated Halloween Prop from Mad About Horror is sure to make his vicitims jump out of their skin!\",\"breadcrumb\":{\"@id\":\"https:\\\/\\\/madabouthorror.co.uk\\\/product\\\/7ft-prowling-jack-animated-halloween-prop\\\/#breadcrumb\"},\"inLanguage\":\"de\",\"potentialAction\":[{\"@type\":\"ReadAction\",\"target\":[\"https:\\\/\\\/madabouthorror.co.uk\\\/product\\\/7ft-prowling-jack-animated-halloween-prop\\\/\"]}]},{\"@type\":\"ImageObject\",\"inLanguage\":\"de\",\"@id\":\"https:\\\/\\\/madabouthorror.co.uk\\\/product\\\/7ft-prowling-jack-animated-halloween-prop\\\/#primaryimage\",\"url\":\"https:\\\/\\\/madabouthorror.co.uk\\\/wp-content\\\/uploads\\\/2022\\\/04\\\/7ft_jack_stalker_animated_halloween_prop.jpg\",\"contentUrl\":\"https:\\\/\\\/madabouthorror.co.uk\\\/wp-content\\\/uploads\\\/2022\\\/04\\\/7ft_jack_stalker_animated_halloween_prop.jpg\",\"width\":650,\"height\":650,\"caption\":\"7ft Jack Stalker Animated Halloween Prop\"},{\"@type\":\"BreadcrumbList\",\"@id\":\"https:\\\/\\\/madabouthorror.co.uk\\\/product\\\/7ft-prowling-jack-animated-halloween-prop\\\/#breadcrumb\",\"itemListElement\":[{\"@type\":\"ListItem\",\"position\":1,\"name\":\"Shop\",\"item\":\"https:\\\/\\\/madabouthorror.co.uk\\\/shop\\\/\"},{\"@type\":\"ListItem\",\"position\":2,\"name\":\"7ft Prowling Jack Animated Halloween Prop\"}]},{\"@type\":\"WebSite\",\"@id\":\"https:\\\/\\\/madabouthorror.co.uk\\\/#website\",\"url\":\"https:\\\/\\\/madabouthorror.co.uk\\\/\",\"name\":\"Mad About Horror\",\"description\":\"\",\"publisher\":{\"@id\":\"https:\\\/\\\/madabouthorror.co.uk\\\/#organization\"},\"alternateName\":\"Mad About Horror Limited\",\"potentialAction\":[{\"@type\":\"SearchAction\",\"target\":{\"@type\":\"EntryPoint\",\"urlTemplate\":\"https:\\\/\\\/madabouthorror.co.uk\\\/?s={search_term_string}\"},\"query-input\":{\"@type\":\"PropertyValueSpecification\",\"valueRequired\":true,\"valueName\":\"search_term_string\"}}],\"inLanguage\":\"de\"},{\"@type\":\"Organization\",\"@id\":\"https:\\\/\\\/madabouthorror.co.uk\\\/#organization\",\"name\":\"Mad About Horror\",\"url\":\"https:\\\/\\\/madabouthorror.co.uk\\\/\",\"logo\":{\"@type\":\"ImageObject\",\"inLanguage\":\"de\",\"@id\":\"https:\\\/\\\/madabouthorror.co.uk\\\/#\\\/schema\\\/logo\\\/image\\\/\",\"url\":\"https:\\\/\\\/madabouthorror.co.uk\\\/wp-content\\\/uploads\\\/2024\\\/02\\\/cropped-Logo.png\",\"contentUrl\":\"https:\\\/\\\/madabouthorror.co.uk\\\/wp-content\\\/uploads\\\/2024\\\/02\\\/cropped-Logo.png\",\"width\":240,\"height\":88,\"caption\":\"Mad About Horror\"},\"image\":{\"@id\":\"https:\\\/\\\/madabouthorror.co.uk\\\/#\\\/schema\\\/logo\\\/image\\\/\"},\"sameAs\":[\"https:\\\/\\\/www.facebook.com\\\/madabouthorror\\\/\",\"https:\\\/\\\/www.instagram.com\\\/madabouthorror\\\/\",\"https:\\\/\\\/www.pinterest.co.uk\\\/madabouthorror\\\/\",\"https:\\\/\\\/www.youtube.com\\\/channel\\\/UCBooLOIxjoQ89dj6T5lWm_w\",\"https:\\\/\\\/www.tiktok.com\\\/@weremadabouthorror\"]}]}<\/script>\n<!-- \/ Yoast SEO plugin. -->","yoast_head_json":{"title":"Verr\u00fcckt nach Horror | 7ft Prowling Jack Animierte Halloween Requisite","description":"H\u00f6rst du diese bedrohliche, rasselnde Stimme? Das ist der Klang von Prowling Jack. Die Prowling Jack Animated Halloween Requisite von Mad About Horror ist mit drei einzigartigen Spr\u00fcchen ausgestattet und l\u00e4sst seine Opfer garantiert aus der Haut fahren!","robots":{"index":"index","follow":"follow","max-snippet":"max-snippet:-1","max-image-preview":"max-image-preview:large","max-video-preview":"max-video-preview:-1"},"canonical":"https:\/\/madabouthorror.co.uk\/de\/product\/7ft-prowling-jack-animated-halloween-prop\/","og_locale":"de_DE","og_type":"article","og_title":"Mad About Horror | 7ft Prowling Jack Animated Halloween Prop","og_description":"Can you hear that menacing raspsy voice? That's the sound of Prowling Jack. Featuring three unique phrases, the Prowling Jack Animated Halloween Prop from Mad About Horror is sure to make his vicitims jump out of their skin!","og_url":"https:\/\/madabouthorror.co.uk\/de\/product\/7ft-prowling-jack-animated-halloween-prop\/","og_site_name":"Mad About Horror","article_publisher":"https:\/\/www.facebook.com\/madabouthorror\/","article_modified_time":"2026-02-06T15:13:25+00:00","og_image":[{"width":650,"height":650,"url":"https:\/\/madabouthorror.co.uk\/wp-content\/uploads\/2022\/04\/7ft_jack_stalker_animated_halloween_prop.jpg","type":"image\/jpeg"}],"twitter_card":"summary_large_image","twitter_misc":{"Gesch\u00e4tzte Lesezeit":"2\u00a0Minuten"},"schema":{"@context":"https:\/\/schema.org","@graph":[{"@type":["WebPage","ItemPage"],"@id":"https:\/\/madabouthorror.co.uk\/product\/7ft-prowling-jack-animated-halloween-prop\/","url":"https:\/\/madabouthorror.co.uk\/product\/7ft-prowling-jack-animated-halloween-prop\/","name":"Verr\u00fcckt nach Horror | 7ft Prowling Jack Animierte Halloween Requisite","isPartOf":{"@id":"https:\/\/madabouthorror.co.uk\/#website"},"primaryImageOfPage":{"@id":"https:\/\/madabouthorror.co.uk\/product\/7ft-prowling-jack-animated-halloween-prop\/#primaryimage"},"image":{"@id":"https:\/\/madabouthorror.co.uk\/product\/7ft-prowling-jack-animated-halloween-prop\/#primaryimage"},"thumbnailUrl":"https:\/\/madabouthorror.co.uk\/wp-content\/uploads\/2022\/04\/7ft_jack_stalker_animated_halloween_prop.jpg","datePublished":"2022-07-06T10:08:55+00:00","dateModified":"2026-02-06T15:13:25+00:00","description":"H\u00f6rst du diese bedrohliche, rasselnde Stimme? Das ist der Klang von Prowling Jack. Die Prowling Jack Animated Halloween Requisite von Mad About Horror ist mit drei einzigartigen Spr\u00fcchen ausgestattet und l\u00e4sst seine Opfer garantiert aus der Haut fahren!","breadcrumb":{"@id":"https:\/\/madabouthorror.co.uk\/product\/7ft-prowling-jack-animated-halloween-prop\/#breadcrumb"},"inLanguage":"de","potentialAction":[{"@type":"ReadAction","target":["https:\/\/madabouthorror.co.uk\/product\/7ft-prowling-jack-animated-halloween-prop\/"]}]},{"@type":"ImageObject","inLanguage":"de","@id":"https:\/\/madabouthorror.co.uk\/product\/7ft-prowling-jack-animated-halloween-prop\/#primaryimage","url":"https:\/\/madabouthorror.co.uk\/wp-content\/uploads\/2022\/04\/7ft_jack_stalker_animated_halloween_prop.jpg","contentUrl":"https:\/\/madabouthorror.co.uk\/wp-content\/uploads\/2022\/04\/7ft_jack_stalker_animated_halloween_prop.jpg","width":650,"height":650,"caption":"7ft Jack Stalker Animated Halloween Prop"},{"@type":"BreadcrumbList","@id":"https:\/\/madabouthorror.co.uk\/product\/7ft-prowling-jack-animated-halloween-prop\/#breadcrumb","itemListElement":[{"@type":"ListItem","position":1,"name":"Shop","item":"https:\/\/madabouthorror.co.uk\/shop\/"},{"@type":"ListItem","position":2,"name":"7ft Prowling Jack Animated Halloween Prop"}]},{"@type":"WebSite","@id":"https:\/\/madabouthorror.co.uk\/#website","url":"https:\/\/madabouthorror.co.uk\/","name":"Verr\u00fcckt nach Horror","description":"","publisher":{"@id":"https:\/\/madabouthorror.co.uk\/#organization"},"alternateName":"Mad About Horror Limited","potentialAction":[{"@type":"SearchAction","target":{"@type":"EntryPoint","urlTemplate":"https:\/\/madabouthorror.co.uk\/?s={search_term_string}"},"query-input":{"@type":"PropertyValueSpecification","valueRequired":true,"valueName":"search_term_string"}}],"inLanguage":"de"},{"@type":"Organization","@id":"https:\/\/madabouthorror.co.uk\/#organization","name":"Verr\u00fcckt nach Horror","url":"https:\/\/madabouthorror.co.uk\/","logo":{"@type":"ImageObject","inLanguage":"de","@id":"https:\/\/madabouthorror.co.uk\/#\/schema\/logo\/image\/","url":"https:\/\/madabouthorror.co.uk\/wp-content\/uploads\/2024\/02\/cropped-Logo.png","contentUrl":"https:\/\/madabouthorror.co.uk\/wp-content\/uploads\/2024\/02\/cropped-Logo.png","width":240,"height":88,"caption":"Mad About Horror"},"image":{"@id":"https:\/\/madabouthorror.co.uk\/#\/schema\/logo\/image\/"},"sameAs":["https:\/\/www.facebook.com\/madabouthorror\/","https:\/\/www.instagram.com\/madabouthorror\/","https:\/\/www.pinterest.co.uk\/madabouthorror\/","https:\/\/www.youtube.com\/channel\/UCBooLOIxjoQ89dj6T5lWm_w","https:\/\/www.tiktok.com\/@weremadabouthorror"]}]}},"df_price":549.95,"df_sale_price":"","df_regular_price":549.95,"df_image_link":"https:\/\/madabouthorror.co.uk\/wp-content\/uploads\/2022\/04\/7ft_jack_stalker_animated_halloween_prop-300x300.jpg","_links":{"self":[{"href":"https:\/\/madabouthorror.co.uk\/de\/wp-json\/wp\/v2\/product\/53744","targetHints":{"allow":["GET"]}}],"collection":[{"href":"https:\/\/madabouthorror.co.uk\/de\/wp-json\/wp\/v2\/product"}],"about":[{"href":"https:\/\/madabouthorror.co.uk\/de\/wp-json\/wp\/v2\/types\/product"}],"replies":[{"embeddable":true,"href":"https:\/\/madabouthorror.co.uk\/de\/wp-json\/wp\/v2\/comments?post=53744"}],"wp:featuredmedia":[{"embeddable":true,"href":"https:\/\/madabouthorror.co.uk\/de\/wp-json\/wp\/v2\/media\/52506"}],"wp:attachment":[{"href":"https:\/\/madabouthorror.co.uk\/de\/wp-json\/wp\/v2\/media?parent=53744"}],"wp:term":[{"taxonomy":"product_brand","embeddable":true,"href":"https:\/\/madabouthorror.co.uk\/de\/wp-json\/wp\/v2\/product_brand?post=53744"},{"taxonomy":"product_cat","embeddable":true,"href":"https:\/\/madabouthorror.co.uk\/de\/wp-json\/wp\/v2\/product_cat?post=53744"},{"taxonomy":"product_tag","embeddable":true,"href":"https:\/\/madabouthorror.co.uk\/de\/wp-json\/wp\/v2\/product_tag?post=53744"}],"curies":[{"name":"wp","href":"https:\/\/api.w.org\/{rel}","templated":true}]}}