{"id":538679,"date":"2025-06-02T13:47:07","date_gmt":"2025-06-02T12:47:07","guid":{"rendered":"https:\/\/madabouthorror.co.uk\/?post_type=product&#038;p=538679"},"modified":"2026-02-06T15:17:53","modified_gmt":"2026-02-06T15:17:53","slug":"rocking-ducky-doll-animated-halloween-prop","status":"publish","type":"product","link":"https:\/\/madabouthorror.co.uk\/de\/product\/rocking-ducky-doll-animated-halloween-prop\/","title":{"rendered":"Rocking Ducky Puppe Animierte Halloween Requisite"},"content":{"rendered":"<p data-start=\"307\" data-end=\"616\">Verleihen Sie Ihrer Halloween-Dekoration einen Hauch unheimlicher Unschuld mit der Rocking Ducky Doll Animated Prop \u2013 einer nostalgischen und doch gruseligen Animatronic, die die Grenze zwischen s\u00fc\u00df und unheilvoll verwischt. Dieses Requisit wurde entwickelt, um gleicherma\u00dfen zu bezaubern und zu erschrecken, und sorgt mit jeder beunruhigenden Bewegung f\u00fcr unvergessliche Schrecken.<\/p>\n<p data-start=\"618\" data-end=\"1012\">Dieses skurrile Arrangement mit einer an Vintage erinnernden Quietscheente und einer klassischen Puppe in altmodischer Kleidung birgt eine gruselige \u00dcberraschung. Wenn Bewegung erkannt wird, wippt die Ente hin und her, der Kopf der Puppe dreht sich langsam und ihre Augen leuchten geisterhaft. Dazu kommen gruselige Kicherger\u00e4usche und unheimliche Umgebungsger\u00e4usche, und Sie haben die perfekte Mischung aus s\u00fc\u00df und gruselig.<\/p>\n<p data-start=\"618\" data-end=\"1012\">Gr\u00f6\u00dfe \u2013 2,8 Fu\u00df<\/p>\n<p data-start=\"1014\" data-end=\"1031\">Wesentliche Merkmale:<\/p>\n<ul data-start=\"1032\" data-end=\"1487\">\n<li data-start=\"1032\" data-end=\"1105\">\n<p data-start=\"1034\" data-end=\"1105\">Animiertes Halloween-Requisit mit einer alten Quietschentenfigur und einer Puppe<\/p>\n<\/li>\n<li data-start=\"1106\" data-end=\"1175\">\n<p data-start=\"1108\" data-end=\"1175\">Puppenkopf dreht sich und Augen leuchten mit beunruhigendem LED-Licht<\/p>\n<\/li>\n<li data-start=\"1176\" data-end=\"1233\">\n<p data-start=\"1178\" data-end=\"1233\">Die Ente wippt vor und zur\u00fcck, wenn eine Bewegung erkannt wird<\/p>\n<\/li>\n<li data-start=\"1234\" data-end=\"1308\">\n<p data-start=\"1236\" data-end=\"1308\">Bewegungsaktivierte Soundeffekte: unheimliches Lachen und gruselige Atmosph\u00e4re<\/p>\n<\/li>\n<li data-start=\"1309\" data-end=\"1387\">\n<p data-start=\"1311\" data-end=\"1387\">Schafft einen schaurigen Blickfang in Spukh\u00e4usern oder Halloween-Dekorationen<\/p>\n<\/li>\n<\/ul>\n<p class=\"\" data-start=\"578\" data-end=\"781\"><b>Wird mit einem UK-Netzadapter geliefert<\/b>. <i>Verwenden Sie nur den mitgelieferten Netzadapter, da falsche Netzadapter Sch\u00e4den verursachen k\u00f6nnen.<\/i><\/p>\n<div>\n<div><b>F\u00fcr die \u00fcberdachte Veranda oder f\u00fcr den Innenbereich.<\/b> <i>Bei Verwendung im Freien vor Witterungseinfl\u00fcssen sch\u00fctzen und nicht \u00fcber einen l\u00e4ngeren Zeitraum im Freien stehen lassen.<\/i><\/div>\n<div><\/div>\n<div><b>Bitte beachten:<\/b><i> Diese Requisiten sind nicht f\u00fcr den intensiven kommerziellen Gebrauch geeignet, d. h. sie sollten nicht \u00fcber l\u00e4ngere Zeitr\u00e4ume, z. B. tagelang, betrieben werden. Sie sind f\u00fcr die Verwendung an Halloween gedacht. Wenn Sie Fragen dazu haben, fragen Sie bitte.<\/i><\/div>\n<\/div>","protected":false},"excerpt":{"rendered":"<p>Verleihen Sie Ihren Halloween-Dekorationen einen Hauch von unheimlicher Unschuld mit dem animierten Requisit Rocking Ducky Doll \u2013 einer nostalgischen und doch gruseligen Animatronic, die die Grenze zwischen s\u00fc\u00df und finster verwischt. Dieses Requisit wurde entwickelt, um gleicherma\u00dfen zu bezaubern und zu erschrecken, und sorgt mit jeder beunruhigenden Bewegung f\u00fcr unvergessliche Schrecken. Mit einer nach Vintage-Vorbild gestalteten schaukelnden Ente und einer klassischen Puppe [\u2026]<\/p>","protected":false},"featured_media":564715,"comment_status":"closed","ping_status":"closed","template":"","meta":{"_acf_changed":false},"product_brand":[],"product_cat":[10068,10131,10108,10093,10094,6547,6549,6963,7049,7050],"product_tag":[],"class_list":{"0":"post-538679","1":"product","2":"type-product","3":"status-publish","4":"has-post-thumbnail","6":"product_cat-halloween-decorations-2025","7":"product_cat-halloween-gifts","8":"product_cat-light-up-halloween-decorations","9":"product_cat-indoor-halloween-decorations","10":"product_cat-outdoor-halloween-decorations","11":"product_cat-decorations","12":"product_cat-haunted-house","13":"product_cat-animatronics","14":"product_cat-dolls","15":"product_cat-haunted-house-animatronics","16":"product_shipping_class-props","18":"first","19":"outofstock","20":"taxable","21":"shipping-taxable","22":"purchasable","23":"product-type-simple"},"supplier_id":538712,"supplier_sku":"LA25-068","barcode":null,"atum_controlled":true,"out_stock_date":"2025-10-25 17:17:32","out_stock_threshold":null,"inheritable":false,"inbound_stock":0,"stock_on_hold":0,"sold_today":0,"sales_last_days":0,"reserved_stock":0,"customer_returns":0,"warehouse_damage":0,"lost_in_post":0,"other_logs":0,"out_stock_days":180,"lost_sales":17739,"has_location":false,"update_date":"2026-04-24T00:32:30","atum_locations":[],"atum_stock_status":"outofstock","restock_status":false,"low_stock_amount":"","sales_update_date":"2026-04-24T00:32:29","calc_backorders":null,"acf":[],"yoast_head":"<!-- This site is optimized with the Yoast SEO plugin v27.4 - https:\/\/yoast.com\/product\/yoast-seo-wordpress\/ -->\n<title>Rocking Ducky Doll Animated Halloween Prop | UK Stock<\/title>\n<meta name=\"description\" content=\"Rocking Ducky Doll Prop.Animated Halloween Prop \/ Animatronic. Buy from the UK &amp; Europe&#039;s leading horror and Halloween specialist.\u00a0\" \/>\n<meta name=\"robots\" content=\"index, follow, max-snippet:-1, max-image-preview:large, max-video-preview:-1\" \/>\n<link rel=\"canonical\" href=\"https:\/\/madabouthorror.co.uk\/de\/product\/rocking-ducky-doll-animated-halloween-prop\/\" \/>\n<meta property=\"og:locale\" content=\"de_DE\" \/>\n<meta property=\"og:type\" content=\"article\" \/>\n<meta property=\"og:title\" content=\"Rocking Ducky Doll Animated Halloween Prop | UK Stock\" \/>\n<meta property=\"og:description\" content=\"Rocking Ducky Doll Prop.Animated Halloween Prop \/ Animatronic. Buy from the UK &amp; Europe&#039;s leading horror and Halloween specialist.\u00a0\" \/>\n<meta property=\"og:url\" content=\"https:\/\/madabouthorror.co.uk\/de\/product\/rocking-ducky-doll-animated-halloween-prop\/\" \/>\n<meta property=\"og:site_name\" content=\"Mad About Horror\" \/>\n<meta property=\"article:publisher\" content=\"https:\/\/www.facebook.com\/madabouthorror\/\" \/>\n<meta property=\"article:modified_time\" content=\"2026-02-06T15:17:53+00:00\" \/>\n<meta property=\"og:image\" content=\"https:\/\/madabouthorror.co.uk\/wp-content\/uploads\/2025\/06\/DOLL-1.jpg\" \/>\n\t<meta property=\"og:image:width\" content=\"1500\" \/>\n\t<meta property=\"og:image:height\" content=\"1500\" \/>\n\t<meta property=\"og:image:type\" content=\"image\/jpeg\" \/>\n<meta name=\"twitter:card\" content=\"summary_large_image\" \/>\n<meta name=\"twitter:label1\" content=\"Gesch\u00e4tzte Lesezeit\" \/>\n\t<meta name=\"twitter:data1\" content=\"2\u00a0Minuten\" \/>\n<script type=\"application\/ld+json\" class=\"yoast-schema-graph\">{\"@context\":\"https:\\\/\\\/schema.org\",\"@graph\":[{\"@type\":[\"WebPage\",\"ItemPage\"],\"@id\":\"https:\\\/\\\/madabouthorror.co.uk\\\/product\\\/rocking-ducky-doll-animated-halloween-prop\\\/\",\"url\":\"https:\\\/\\\/madabouthorror.co.uk\\\/product\\\/rocking-ducky-doll-animated-halloween-prop\\\/\",\"name\":\"Rocking Ducky Doll Animated Halloween Prop | UK Stock\",\"isPartOf\":{\"@id\":\"https:\\\/\\\/madabouthorror.co.uk\\\/#website\"},\"primaryImageOfPage\":{\"@id\":\"https:\\\/\\\/madabouthorror.co.uk\\\/product\\\/rocking-ducky-doll-animated-halloween-prop\\\/#primaryimage\"},\"image\":{\"@id\":\"https:\\\/\\\/madabouthorror.co.uk\\\/product\\\/rocking-ducky-doll-animated-halloween-prop\\\/#primaryimage\"},\"thumbnailUrl\":\"https:\\\/\\\/madabouthorror.co.uk\\\/wp-content\\\/uploads\\\/2025\\\/06\\\/DOLL-1.jpg\",\"datePublished\":\"2025-06-02T12:47:07+00:00\",\"dateModified\":\"2026-02-06T15:17:53+00:00\",\"description\":\"Rocking Ducky Doll Prop.Animated Halloween Prop \\\/ Animatronic. Buy from the UK & Europe's leading horror and Halloween specialist.\u00a0\",\"breadcrumb\":{\"@id\":\"https:\\\/\\\/madabouthorror.co.uk\\\/product\\\/rocking-ducky-doll-animated-halloween-prop\\\/#breadcrumb\"},\"inLanguage\":\"de\",\"potentialAction\":[{\"@type\":\"ReadAction\",\"target\":[\"https:\\\/\\\/madabouthorror.co.uk\\\/product\\\/rocking-ducky-doll-animated-halloween-prop\\\/\"]}]},{\"@type\":\"ImageObject\",\"inLanguage\":\"de\",\"@id\":\"https:\\\/\\\/madabouthorror.co.uk\\\/product\\\/rocking-ducky-doll-animated-halloween-prop\\\/#primaryimage\",\"url\":\"https:\\\/\\\/madabouthorror.co.uk\\\/wp-content\\\/uploads\\\/2025\\\/06\\\/DOLL-1.jpg\",\"contentUrl\":\"https:\\\/\\\/madabouthorror.co.uk\\\/wp-content\\\/uploads\\\/2025\\\/06\\\/DOLL-1.jpg\",\"width\":1500,\"height\":1500,\"caption\":\"Rocking Ducky Doll Animated Halloween Prop\"},{\"@type\":\"BreadcrumbList\",\"@id\":\"https:\\\/\\\/madabouthorror.co.uk\\\/product\\\/rocking-ducky-doll-animated-halloween-prop\\\/#breadcrumb\",\"itemListElement\":[{\"@type\":\"ListItem\",\"position\":1,\"name\":\"Shop\",\"item\":\"https:\\\/\\\/madabouthorror.co.uk\\\/shop\\\/\"},{\"@type\":\"ListItem\",\"position\":2,\"name\":\"Rocking Ducky Doll Animated Halloween Prop\"}]},{\"@type\":\"WebSite\",\"@id\":\"https:\\\/\\\/madabouthorror.co.uk\\\/#website\",\"url\":\"https:\\\/\\\/madabouthorror.co.uk\\\/\",\"name\":\"Mad About Horror\",\"description\":\"\",\"publisher\":{\"@id\":\"https:\\\/\\\/madabouthorror.co.uk\\\/#organization\"},\"alternateName\":\"Mad About Horror Limited\",\"potentialAction\":[{\"@type\":\"SearchAction\",\"target\":{\"@type\":\"EntryPoint\",\"urlTemplate\":\"https:\\\/\\\/madabouthorror.co.uk\\\/?s={search_term_string}\"},\"query-input\":{\"@type\":\"PropertyValueSpecification\",\"valueRequired\":true,\"valueName\":\"search_term_string\"}}],\"inLanguage\":\"de\"},{\"@type\":\"Organization\",\"@id\":\"https:\\\/\\\/madabouthorror.co.uk\\\/#organization\",\"name\":\"Mad About Horror\",\"url\":\"https:\\\/\\\/madabouthorror.co.uk\\\/\",\"logo\":{\"@type\":\"ImageObject\",\"inLanguage\":\"de\",\"@id\":\"https:\\\/\\\/madabouthorror.co.uk\\\/#\\\/schema\\\/logo\\\/image\\\/\",\"url\":\"https:\\\/\\\/madabouthorror.co.uk\\\/wp-content\\\/uploads\\\/2024\\\/02\\\/cropped-Logo.png\",\"contentUrl\":\"https:\\\/\\\/madabouthorror.co.uk\\\/wp-content\\\/uploads\\\/2024\\\/02\\\/cropped-Logo.png\",\"width\":240,\"height\":88,\"caption\":\"Mad About Horror\"},\"image\":{\"@id\":\"https:\\\/\\\/madabouthorror.co.uk\\\/#\\\/schema\\\/logo\\\/image\\\/\"},\"sameAs\":[\"https:\\\/\\\/www.facebook.com\\\/madabouthorror\\\/\",\"https:\\\/\\\/www.instagram.com\\\/madabouthorror\\\/\",\"https:\\\/\\\/www.pinterest.co.uk\\\/madabouthorror\\\/\",\"https:\\\/\\\/www.youtube.com\\\/channel\\\/UCBooLOIxjoQ89dj6T5lWm_w\",\"https:\\\/\\\/www.tiktok.com\\\/@weremadabouthorror\"]}]}<\/script>\n<!-- \/ Yoast SEO plugin. -->","yoast_head_json":{"title":"Schaukelnde Entenpuppen-Requisite f\u00fcr Halloween mit Animation | UK Stock","description":"Rocking Ducky Doll Requisite. Animierte Halloween-Requisite \/ Animatronic. Kaufen Sie vom f\u00fchrenden Spezialisten f\u00fcr Horror und Halloween in Gro\u00dfbritannien und Europa.\u00a0","robots":{"index":"index","follow":"follow","max-snippet":"max-snippet:-1","max-image-preview":"max-image-preview:large","max-video-preview":"max-video-preview:-1"},"canonical":"https:\/\/madabouthorror.co.uk\/de\/product\/rocking-ducky-doll-animated-halloween-prop\/","og_locale":"de_DE","og_type":"article","og_title":"Rocking Ducky Doll Animated Halloween Prop | UK Stock","og_description":"Rocking Ducky Doll Prop.Animated Halloween Prop \/ Animatronic. Buy from the UK & Europe's leading horror and Halloween specialist.\u00a0","og_url":"https:\/\/madabouthorror.co.uk\/de\/product\/rocking-ducky-doll-animated-halloween-prop\/","og_site_name":"Mad About Horror","article_publisher":"https:\/\/www.facebook.com\/madabouthorror\/","article_modified_time":"2026-02-06T15:17:53+00:00","og_image":[{"width":1500,"height":1500,"url":"https:\/\/madabouthorror.co.uk\/wp-content\/uploads\/2025\/06\/DOLL-1.jpg","type":"image\/jpeg"}],"twitter_card":"summary_large_image","twitter_misc":{"Gesch\u00e4tzte Lesezeit":"2\u00a0Minuten"},"schema":{"@context":"https:\/\/schema.org","@graph":[{"@type":["WebPage","ItemPage"],"@id":"https:\/\/madabouthorror.co.uk\/product\/rocking-ducky-doll-animated-halloween-prop\/","url":"https:\/\/madabouthorror.co.uk\/product\/rocking-ducky-doll-animated-halloween-prop\/","name":"Schaukelnde Entenpuppen-Requisite f\u00fcr Halloween mit Animation | UK Stock","isPartOf":{"@id":"https:\/\/madabouthorror.co.uk\/#website"},"primaryImageOfPage":{"@id":"https:\/\/madabouthorror.co.uk\/product\/rocking-ducky-doll-animated-halloween-prop\/#primaryimage"},"image":{"@id":"https:\/\/madabouthorror.co.uk\/product\/rocking-ducky-doll-animated-halloween-prop\/#primaryimage"},"thumbnailUrl":"https:\/\/madabouthorror.co.uk\/wp-content\/uploads\/2025\/06\/DOLL-1.jpg","datePublished":"2025-06-02T12:47:07+00:00","dateModified":"2026-02-06T15:17:53+00:00","description":"Rocking Ducky Doll Requisite. Animierte Halloween-Requisite \/ Animatronic. Kaufen Sie vom f\u00fchrenden Spezialisten f\u00fcr Horror und Halloween in Gro\u00dfbritannien und Europa.\u00a0","breadcrumb":{"@id":"https:\/\/madabouthorror.co.uk\/product\/rocking-ducky-doll-animated-halloween-prop\/#breadcrumb"},"inLanguage":"de","potentialAction":[{"@type":"ReadAction","target":["https:\/\/madabouthorror.co.uk\/product\/rocking-ducky-doll-animated-halloween-prop\/"]}]},{"@type":"ImageObject","inLanguage":"de","@id":"https:\/\/madabouthorror.co.uk\/product\/rocking-ducky-doll-animated-halloween-prop\/#primaryimage","url":"https:\/\/madabouthorror.co.uk\/wp-content\/uploads\/2025\/06\/DOLL-1.jpg","contentUrl":"https:\/\/madabouthorror.co.uk\/wp-content\/uploads\/2025\/06\/DOLL-1.jpg","width":1500,"height":1500,"caption":"Rocking Ducky Doll Animated Halloween Prop"},{"@type":"BreadcrumbList","@id":"https:\/\/madabouthorror.co.uk\/product\/rocking-ducky-doll-animated-halloween-prop\/#breadcrumb","itemListElement":[{"@type":"ListItem","position":1,"name":"Shop","item":"https:\/\/madabouthorror.co.uk\/shop\/"},{"@type":"ListItem","position":2,"name":"Rocking Ducky Doll Animated Halloween Prop"}]},{"@type":"WebSite","@id":"https:\/\/madabouthorror.co.uk\/#website","url":"https:\/\/madabouthorror.co.uk\/","name":"Verr\u00fcckt nach Horror","description":"","publisher":{"@id":"https:\/\/madabouthorror.co.uk\/#organization"},"alternateName":"Mad About Horror Limited","potentialAction":[{"@type":"SearchAction","target":{"@type":"EntryPoint","urlTemplate":"https:\/\/madabouthorror.co.uk\/?s={search_term_string}"},"query-input":{"@type":"PropertyValueSpecification","valueRequired":true,"valueName":"search_term_string"}}],"inLanguage":"de"},{"@type":"Organization","@id":"https:\/\/madabouthorror.co.uk\/#organization","name":"Verr\u00fcckt nach Horror","url":"https:\/\/madabouthorror.co.uk\/","logo":{"@type":"ImageObject","inLanguage":"de","@id":"https:\/\/madabouthorror.co.uk\/#\/schema\/logo\/image\/","url":"https:\/\/madabouthorror.co.uk\/wp-content\/uploads\/2024\/02\/cropped-Logo.png","contentUrl":"https:\/\/madabouthorror.co.uk\/wp-content\/uploads\/2024\/02\/cropped-Logo.png","width":240,"height":88,"caption":"Mad About Horror"},"image":{"@id":"https:\/\/madabouthorror.co.uk\/#\/schema\/logo\/image\/"},"sameAs":["https:\/\/www.facebook.com\/madabouthorror\/","https:\/\/www.instagram.com\/madabouthorror\/","https:\/\/www.pinterest.co.uk\/madabouthorror\/","https:\/\/www.youtube.com\/channel\/UCBooLOIxjoQ89dj6T5lWm_w","https:\/\/www.tiktok.com\/@weremadabouthorror"]}]}},"df_price":239.53,"df_sale_price":"","df_regular_price":239.53,"df_image_link":"https:\/\/madabouthorror.co.uk\/wp-content\/uploads\/2025\/06\/DOLL-1-300x300.jpg","_links":{"self":[{"href":"https:\/\/madabouthorror.co.uk\/de\/wp-json\/wp\/v2\/product\/538679","targetHints":{"allow":["GET"]}}],"collection":[{"href":"https:\/\/madabouthorror.co.uk\/de\/wp-json\/wp\/v2\/product"}],"about":[{"href":"https:\/\/madabouthorror.co.uk\/de\/wp-json\/wp\/v2\/types\/product"}],"replies":[{"embeddable":true,"href":"https:\/\/madabouthorror.co.uk\/de\/wp-json\/wp\/v2\/comments?post=538679"}],"wp:featuredmedia":[{"embeddable":true,"href":"https:\/\/madabouthorror.co.uk\/de\/wp-json\/wp\/v2\/media\/564715"}],"wp:attachment":[{"href":"https:\/\/madabouthorror.co.uk\/de\/wp-json\/wp\/v2\/media?parent=538679"}],"wp:term":[{"taxonomy":"product_brand","embeddable":true,"href":"https:\/\/madabouthorror.co.uk\/de\/wp-json\/wp\/v2\/product_brand?post=538679"},{"taxonomy":"product_cat","embeddable":true,"href":"https:\/\/madabouthorror.co.uk\/de\/wp-json\/wp\/v2\/product_cat?post=538679"},{"taxonomy":"product_tag","embeddable":true,"href":"https:\/\/madabouthorror.co.uk\/de\/wp-json\/wp\/v2\/product_tag?post=538679"}],"curies":[{"name":"wp","href":"https:\/\/api.w.org\/{rel}","templated":true}]}}