{"id":538708,"date":"2025-06-02T14:30:23","date_gmt":"2025-06-02T13:30:23","guid":{"rendered":"https:\/\/madabouthorror.co.uk\/?post_type=product&#038;p=538708"},"modified":"2026-02-06T15:16:58","modified_gmt":"2026-02-06T15:16:58","slug":"zombie-brains-animated-halloween-prop","status":"publish","type":"product","link":"https:\/\/madabouthorror.co.uk\/de\/product\/zombie-brains-animated-halloween-prop\/","title":{"rendered":"6,5ft Lunging Zombie Gehirne Animierte Halloween Requisite"},"content":{"rendered":"<p data-start=\"188\" data-end=\"411\">Erwecken Sie Ihr Spukhaus mit dem animierten Halloween-Requisit \"Zombie-Gehirne\" zum Leben. Dieses gruselige Animatronic neigt sich pl\u00f6tzlich vor, schreit und spielt verst\u00f6rende Musik ab \u2013 ein perfekter Jump-Scare f\u00fcr Halloween-N\u00e4chte.<\/p>\n<p data-start=\"413\" data-end=\"585\">Gehirn und verrottende Haut des Zombies verleihen schockierende Details. W\u00e4hrend die Musik spielt, sorgen seine gruseligen Bewegungen und k\u00fchlen Kl\u00e4nge f\u00fcr ein furchterregendes Erlebnis f\u00fcr die G\u00e4ste.<\/p>\n<p data-start=\"413\" data-end=\"585\">Gr\u00f6\u00dfe: 6,5 Fu\u00df<\/p>\n<p><em>Wird mit einem UK-Netzadapter geliefert. Verwenden Sie nur den mitgelieferten Netzadapter, da falsche Netzadapter Sch\u00e4den verursachen k\u00f6nnen.<\/em><\/p>\n<p><em>F\u00fcr die \u00fcberdachte Veranda oder f\u00fcr den Innenbereich. Bei Verwendung im Freien vor Witterungseinfl\u00fcssen sch\u00fctzen und nicht \u00fcber einen l\u00e4ngeren Zeitraum im Freien stehen lassen.<\/em><\/p>\n<p><em>Bitte beachten Sie: Diese Requisiten sind nicht f\u00fcr den intensiven kommerziellen Gebrauch geeignet, d.h. sie sollten nicht \u00fcber l\u00e4ngere Zeitr\u00e4ume, z.B. tagelang, betrieben werden. Sie sind f\u00fcr die Verwendung an Halloween gedacht. Wenn Sie Fragen dazu haben, fragen Sie bitte.<\/em><\/p>","protected":false},"excerpt":{"rendered":"<p>Erwecken Sie Ihr Spukhaus mit dem Zombie-Gehirn-Halloween-Animatronik zum Leben. Dieses grausame Animatronic lehnt sich pl\u00f6tzlich nach vorne, schreit und spielt gruselige Musik ab \u2013 eine perfekte Schrecksekunde f\u00fcr Halloween-N\u00e4chte. Das freiliegende Gehirn und die verrottende Haut des Zombies sorgen f\u00fcr schockierende Details. W\u00e4hrend die Musik spielt, sorgen seine unheimlichen Bewegungen und erschreckenden Ger\u00e4usche f\u00fcr ein furchterregendes Erlebnis f\u00fcr [\u2026]<\/p>","protected":false},"featured_media":558469,"comment_status":"closed","ping_status":"closed","template":"","meta":{"_acf_changed":false},"product_brand":[],"product_cat":[10068,10131,10108,10093,10033,10094,6547,6963,7053],"product_tag":[],"class_list":{"0":"post-538708","1":"product","2":"type-product","3":"status-publish","4":"has-post-thumbnail","6":"product_cat-halloween-decorations-2025","7":"product_cat-halloween-gifts","8":"product_cat-light-up-halloween-decorations","9":"product_cat-indoor-halloween-decorations","10":"product_cat-jump-scare","11":"product_cat-outdoor-halloween-decorations","12":"product_cat-decorations","13":"product_cat-animatronics","14":"product_cat-animated-props-zombies","15":"product_shipping_class-props","17":"first","18":"outofstock","19":"taxable","20":"shipping-taxable","21":"purchasable","22":"product-type-simple"},"supplier_id":538712,"supplier_sku":"LA25-076","barcode":null,"atum_controlled":true,"out_stock_date":"2025-10-24 22:50:47","out_stock_threshold":null,"inheritable":false,"inbound_stock":0,"stock_on_hold":0,"sold_today":0,"sales_last_days":0,"reserved_stock":0,"customer_returns":0,"warehouse_damage":0,"lost_in_post":0,"other_logs":0,"out_stock_days":189,"lost_sales":24295,"has_location":false,"update_date":"2026-05-02T00:41:18","atum_locations":[],"atum_stock_status":"outofstock","restock_status":false,"low_stock_amount":"","sales_update_date":"2026-05-02T00:41:17","calc_backorders":null,"acf":[],"yoast_head":"<!-- This site is optimized with the Yoast SEO plugin v27.5 - https:\/\/yoast.com\/product\/yoast-seo-wordpress\/ -->\n<title>6.5ft Lunging Zombie Brains Animated Halloween Prop | Mad About Horror | UK Stock<\/title>\n<meta name=\"description\" content=\"Zombie Brains Animated Halloween Prop. Huge range of quality Halloween props. Buy from the UK &amp; Europe&#039;s leading horror and Halloween specialist.\u00a0\" \/>\n<meta name=\"robots\" content=\"index, follow, max-snippet:-1, max-image-preview:large, max-video-preview:-1\" \/>\n<link rel=\"canonical\" href=\"https:\/\/madabouthorror.co.uk\/de\/product\/zombie-brains-animated-halloween-prop\/\" \/>\n<meta property=\"og:locale\" content=\"de_DE\" \/>\n<meta property=\"og:type\" content=\"article\" \/>\n<meta property=\"og:title\" content=\"6.5ft Lunging Zombie Brains Animated Halloween Prop | Mad About Horror | UK Stock\" \/>\n<meta property=\"og:description\" content=\"Zombie Brains Animated Halloween Prop. Huge range of quality Halloween props. Buy from the UK &amp; Europe&#039;s leading horror and Halloween specialist.\u00a0\" \/>\n<meta property=\"og:url\" content=\"https:\/\/madabouthorror.co.uk\/de\/product\/zombie-brains-animated-halloween-prop\/\" \/>\n<meta property=\"og:site_name\" content=\"Mad About Horror\" \/>\n<meta property=\"article:publisher\" content=\"https:\/\/www.facebook.com\/madabouthorror\/\" \/>\n<meta property=\"article:modified_time\" content=\"2026-02-06T15:16:58+00:00\" \/>\n<meta property=\"og:image\" content=\"https:\/\/madabouthorror.co.uk\/wp-content\/uploads\/2025\/06\/zombie.png\" \/>\n\t<meta property=\"og:image:width\" content=\"1500\" \/>\n\t<meta property=\"og:image:height\" content=\"1500\" \/>\n\t<meta property=\"og:image:type\" content=\"image\/png\" \/>\n<meta name=\"twitter:card\" content=\"summary_large_image\" \/>\n<meta name=\"twitter:label1\" content=\"Gesch\u00e4tzte Lesezeit\" \/>\n\t<meta name=\"twitter:data1\" content=\"1\u00a0Minute\" \/>\n<script type=\"application\/ld+json\" class=\"yoast-schema-graph\">{\"@context\":\"https:\\\/\\\/schema.org\",\"@graph\":[{\"@type\":[\"WebPage\",\"ItemPage\"],\"@id\":\"https:\\\/\\\/madabouthorror.co.uk\\\/product\\\/zombie-brains-animated-halloween-prop\\\/\",\"url\":\"https:\\\/\\\/madabouthorror.co.uk\\\/product\\\/zombie-brains-animated-halloween-prop\\\/\",\"name\":\"6.5ft Lunging Zombie Brains Animated Halloween Prop | Mad About Horror | UK Stock\",\"isPartOf\":{\"@id\":\"https:\\\/\\\/madabouthorror.co.uk\\\/#website\"},\"primaryImageOfPage\":{\"@id\":\"https:\\\/\\\/madabouthorror.co.uk\\\/product\\\/zombie-brains-animated-halloween-prop\\\/#primaryimage\"},\"image\":{\"@id\":\"https:\\\/\\\/madabouthorror.co.uk\\\/product\\\/zombie-brains-animated-halloween-prop\\\/#primaryimage\"},\"thumbnailUrl\":\"https:\\\/\\\/madabouthorror.co.uk\\\/wp-content\\\/uploads\\\/2025\\\/06\\\/zombie.png\",\"datePublished\":\"2025-06-02T13:30:23+00:00\",\"dateModified\":\"2026-02-06T15:16:58+00:00\",\"description\":\"Zombie Brains Animated Halloween Prop. Huge range of quality Halloween props. Buy from the UK & Europe's leading horror and Halloween specialist.\u00a0\",\"breadcrumb\":{\"@id\":\"https:\\\/\\\/madabouthorror.co.uk\\\/product\\\/zombie-brains-animated-halloween-prop\\\/#breadcrumb\"},\"inLanguage\":\"de\",\"potentialAction\":[{\"@type\":\"ReadAction\",\"target\":[\"https:\\\/\\\/madabouthorror.co.uk\\\/product\\\/zombie-brains-animated-halloween-prop\\\/\"]}]},{\"@type\":\"ImageObject\",\"inLanguage\":\"de\",\"@id\":\"https:\\\/\\\/madabouthorror.co.uk\\\/product\\\/zombie-brains-animated-halloween-prop\\\/#primaryimage\",\"url\":\"https:\\\/\\\/madabouthorror.co.uk\\\/wp-content\\\/uploads\\\/2025\\\/06\\\/zombie.png\",\"contentUrl\":\"https:\\\/\\\/madabouthorror.co.uk\\\/wp-content\\\/uploads\\\/2025\\\/06\\\/zombie.png\",\"width\":1500,\"height\":1500,\"caption\":\"Zombie Animated Halloween Prop\"},{\"@type\":\"BreadcrumbList\",\"@id\":\"https:\\\/\\\/madabouthorror.co.uk\\\/product\\\/zombie-brains-animated-halloween-prop\\\/#breadcrumb\",\"itemListElement\":[{\"@type\":\"ListItem\",\"position\":1,\"name\":\"Shop\",\"item\":\"https:\\\/\\\/madabouthorror.co.uk\\\/shop\\\/\"},{\"@type\":\"ListItem\",\"position\":2,\"name\":\"6.5ft Lunging Zombie Brains Animated Halloween Prop\"}]},{\"@type\":\"WebSite\",\"@id\":\"https:\\\/\\\/madabouthorror.co.uk\\\/#website\",\"url\":\"https:\\\/\\\/madabouthorror.co.uk\\\/\",\"name\":\"Mad About Horror\",\"description\":\"\",\"publisher\":{\"@id\":\"https:\\\/\\\/madabouthorror.co.uk\\\/#organization\"},\"alternateName\":\"Mad About Horror Limited\",\"potentialAction\":[{\"@type\":\"SearchAction\",\"target\":{\"@type\":\"EntryPoint\",\"urlTemplate\":\"https:\\\/\\\/madabouthorror.co.uk\\\/?s={search_term_string}\"},\"query-input\":{\"@type\":\"PropertyValueSpecification\",\"valueRequired\":true,\"valueName\":\"search_term_string\"}}],\"inLanguage\":\"de\"},{\"@type\":\"Organization\",\"@id\":\"https:\\\/\\\/madabouthorror.co.uk\\\/#organization\",\"name\":\"Mad About Horror\",\"url\":\"https:\\\/\\\/madabouthorror.co.uk\\\/\",\"logo\":{\"@type\":\"ImageObject\",\"inLanguage\":\"de\",\"@id\":\"https:\\\/\\\/madabouthorror.co.uk\\\/#\\\/schema\\\/logo\\\/image\\\/\",\"url\":\"https:\\\/\\\/madabouthorror.co.uk\\\/wp-content\\\/uploads\\\/2024\\\/02\\\/cropped-Logo.png\",\"contentUrl\":\"https:\\\/\\\/madabouthorror.co.uk\\\/wp-content\\\/uploads\\\/2024\\\/02\\\/cropped-Logo.png\",\"width\":240,\"height\":88,\"caption\":\"Mad About Horror\"},\"image\":{\"@id\":\"https:\\\/\\\/madabouthorror.co.uk\\\/#\\\/schema\\\/logo\\\/image\\\/\"},\"sameAs\":[\"https:\\\/\\\/www.facebook.com\\\/madabouthorror\\\/\",\"https:\\\/\\\/www.instagram.com\\\/madabouthorror\\\/\",\"https:\\\/\\\/www.pinterest.co.uk\\\/madabouthorror\\\/\",\"https:\\\/\\\/www.youtube.com\\\/channel\\\/UCBooLOIxjoQ89dj6T5lWm_w\",\"https:\\\/\\\/www.tiktok.com\\\/@weremadabouthorror\"]}]}<\/script>\n<!-- \/ Yoast SEO plugin. -->","yoast_head_json":{"title":"6,5 Fu\u00df gro\u00dfe Lunging Zombie Brains animiertes Halloween-Requisit | Mad About Horror | UK Lager","description":"Zombie-Gehirn-Animiertes Halloween-Requisit. Riesige Auswahl an hochwertigen Halloween-Requisiten. Kaufen Sie vom f\u00fchrenden Horror- und Halloween-Spezialisten Gro\u00dfbritanniens und Europas.\u00a0","robots":{"index":"index","follow":"follow","max-snippet":"max-snippet:-1","max-image-preview":"max-image-preview:large","max-video-preview":"max-video-preview:-1"},"canonical":"https:\/\/madabouthorror.co.uk\/de\/product\/zombie-brains-animated-halloween-prop\/","og_locale":"de_DE","og_type":"article","og_title":"6.5ft Lunging Zombie Brains Animated Halloween Prop | Mad About Horror | UK Stock","og_description":"Zombie Brains Animated Halloween Prop. Huge range of quality Halloween props. Buy from the UK & Europe's leading horror and Halloween specialist.\u00a0","og_url":"https:\/\/madabouthorror.co.uk\/de\/product\/zombie-brains-animated-halloween-prop\/","og_site_name":"Mad About Horror","article_publisher":"https:\/\/www.facebook.com\/madabouthorror\/","article_modified_time":"2026-02-06T15:16:58+00:00","og_image":[{"width":1500,"height":1500,"url":"https:\/\/madabouthorror.co.uk\/wp-content\/uploads\/2025\/06\/zombie.png","type":"image\/png"}],"twitter_card":"summary_large_image","twitter_misc":{"Gesch\u00e4tzte Lesezeit":"1\u00a0Minute"},"schema":{"@context":"https:\/\/schema.org","@graph":[{"@type":["WebPage","ItemPage"],"@id":"https:\/\/madabouthorror.co.uk\/product\/zombie-brains-animated-halloween-prop\/","url":"https:\/\/madabouthorror.co.uk\/product\/zombie-brains-animated-halloween-prop\/","name":"6,5 Fu\u00df gro\u00dfe Lunging Zombie Brains animiertes Halloween-Requisit | Mad About Horror | UK Lager","isPartOf":{"@id":"https:\/\/madabouthorror.co.uk\/#website"},"primaryImageOfPage":{"@id":"https:\/\/madabouthorror.co.uk\/product\/zombie-brains-animated-halloween-prop\/#primaryimage"},"image":{"@id":"https:\/\/madabouthorror.co.uk\/product\/zombie-brains-animated-halloween-prop\/#primaryimage"},"thumbnailUrl":"https:\/\/madabouthorror.co.uk\/wp-content\/uploads\/2025\/06\/zombie.png","datePublished":"2025-06-02T13:30:23+00:00","dateModified":"2026-02-06T15:16:58+00:00","description":"Zombie-Gehirn-Animiertes Halloween-Requisit. Riesige Auswahl an hochwertigen Halloween-Requisiten. Kaufen Sie vom f\u00fchrenden Horror- und Halloween-Spezialisten Gro\u00dfbritanniens und Europas.\u00a0","breadcrumb":{"@id":"https:\/\/madabouthorror.co.uk\/product\/zombie-brains-animated-halloween-prop\/#breadcrumb"},"inLanguage":"de","potentialAction":[{"@type":"ReadAction","target":["https:\/\/madabouthorror.co.uk\/product\/zombie-brains-animated-halloween-prop\/"]}]},{"@type":"ImageObject","inLanguage":"de","@id":"https:\/\/madabouthorror.co.uk\/product\/zombie-brains-animated-halloween-prop\/#primaryimage","url":"https:\/\/madabouthorror.co.uk\/wp-content\/uploads\/2025\/06\/zombie.png","contentUrl":"https:\/\/madabouthorror.co.uk\/wp-content\/uploads\/2025\/06\/zombie.png","width":1500,"height":1500,"caption":"Zombie Animated Halloween Prop"},{"@type":"BreadcrumbList","@id":"https:\/\/madabouthorror.co.uk\/product\/zombie-brains-animated-halloween-prop\/#breadcrumb","itemListElement":[{"@type":"ListItem","position":1,"name":"Shop","item":"https:\/\/madabouthorror.co.uk\/shop\/"},{"@type":"ListItem","position":2,"name":"6.5ft Lunging Zombie Brains Animated Halloween Prop"}]},{"@type":"WebSite","@id":"https:\/\/madabouthorror.co.uk\/#website","url":"https:\/\/madabouthorror.co.uk\/","name":"Verr\u00fcckt nach Horror","description":"","publisher":{"@id":"https:\/\/madabouthorror.co.uk\/#organization"},"alternateName":"Mad About Horror Limited","potentialAction":[{"@type":"SearchAction","target":{"@type":"EntryPoint","urlTemplate":"https:\/\/madabouthorror.co.uk\/?s={search_term_string}"},"query-input":{"@type":"PropertyValueSpecification","valueRequired":true,"valueName":"search_term_string"}}],"inLanguage":"de"},{"@type":"Organization","@id":"https:\/\/madabouthorror.co.uk\/#organization","name":"Verr\u00fcckt nach Horror","url":"https:\/\/madabouthorror.co.uk\/","logo":{"@type":"ImageObject","inLanguage":"de","@id":"https:\/\/madabouthorror.co.uk\/#\/schema\/logo\/image\/","url":"https:\/\/madabouthorror.co.uk\/wp-content\/uploads\/2024\/02\/cropped-Logo.png","contentUrl":"https:\/\/madabouthorror.co.uk\/wp-content\/uploads\/2024\/02\/cropped-Logo.png","width":240,"height":88,"caption":"Mad About Horror"},"image":{"@id":"https:\/\/madabouthorror.co.uk\/#\/schema\/logo\/image\/"},"sameAs":["https:\/\/www.facebook.com\/madabouthorror\/","https:\/\/www.instagram.com\/madabouthorror\/","https:\/\/www.pinterest.co.uk\/madabouthorror\/","https:\/\/www.youtube.com\/channel\/UCBooLOIxjoQ89dj6T5lWm_w","https:\/\/www.tiktok.com\/@weremadabouthorror"]}]}},"df_price":299.95,"df_sale_price":"","df_regular_price":299.95,"df_image_link":"https:\/\/madabouthorror.co.uk\/wp-content\/uploads\/2025\/06\/zombie-300x300.png","_links":{"self":[{"href":"https:\/\/madabouthorror.co.uk\/de\/wp-json\/wp\/v2\/product\/538708","targetHints":{"allow":["GET"]}}],"collection":[{"href":"https:\/\/madabouthorror.co.uk\/de\/wp-json\/wp\/v2\/product"}],"about":[{"href":"https:\/\/madabouthorror.co.uk\/de\/wp-json\/wp\/v2\/types\/product"}],"replies":[{"embeddable":true,"href":"https:\/\/madabouthorror.co.uk\/de\/wp-json\/wp\/v2\/comments?post=538708"}],"wp:featuredmedia":[{"embeddable":true,"href":"https:\/\/madabouthorror.co.uk\/de\/wp-json\/wp\/v2\/media\/558469"}],"wp:attachment":[{"href":"https:\/\/madabouthorror.co.uk\/de\/wp-json\/wp\/v2\/media?parent=538708"}],"wp:term":[{"taxonomy":"product_brand","embeddable":true,"href":"https:\/\/madabouthorror.co.uk\/de\/wp-json\/wp\/v2\/product_brand?post=538708"},{"taxonomy":"product_cat","embeddable":true,"href":"https:\/\/madabouthorror.co.uk\/de\/wp-json\/wp\/v2\/product_cat?post=538708"},{"taxonomy":"product_tag","embeddable":true,"href":"https:\/\/madabouthorror.co.uk\/de\/wp-json\/wp\/v2\/product_tag?post=538708"}],"curies":[{"name":"wp","href":"https:\/\/api.w.org\/{rel}","templated":true}]}}