{"id":539977,"date":"2025-06-10T16:56:35","date_gmt":"2025-06-10T15:56:35","guid":{"rendered":"https:\/\/madabouthorror.co.uk\/?post_type=product&#038;p=539977"},"modified":"2026-04-29T15:42:58","modified_gmt":"2026-04-29T14:42:58","slug":"animated-clown-halloween-prop","status":"publish","type":"product","link":"https:\/\/madabouthorror.co.uk\/de\/product\/animated-clown-halloween-prop\/","title":{"rendered":"Teddyb\u00e4r-Clown Halloween Animatronic mit Lungenfl\u00fcgeln"},"content":{"rendered":"<p data-start=\"256\" data-end=\"567\">Erschrecken Sie Ihre G\u00e4ste mit der Halloween-Requisite Animierter Clown - ein lebendig gewordener Alptraum. Dieser verdrehte Clown st\u00fcrzt sich ohne Vorwarnung nach vorne und sorgt f\u00fcr einen brutalen Schreck, der jeden in die Flucht schlagen wird. W\u00e4hrend er sich bewegt, spricht der Clown gespenstische Phrasen mit einer schaurigen Stimme, die durch die Nacht hallt.<\/p>\n<p data-start=\"569\" data-end=\"782\">Gekleidet in zerfledderte Zirkuskleidung und mit einem rosa Teddyb\u00e4r in der Hand, der ein Messer h\u00e4lt, verbindet diese Animatronic kindliche Unschuld mit purem Horror. Der Kontrast macht sie noch verst\u00f6render - und unvergesslich.<\/p>\n<p data-start=\"784\" data-end=\"994\">Dieser gruselige Halloween-Clown eignet sich perfekt f\u00fcr Spukh\u00e4user und Ausstellungen, bei denen Schock, Schreie und unvergesslicher Schrecken gefragt sind. Aktivieren Sie ihn mit Ton oder Bewegung und lassen Sie die Schreie beginnen.<\/p>\n<p>Wird mit einem UK-Netzadapter geliefert. Verwenden Sie nur den mitgelieferten Netzadapter, da falsche Netzadapter Sch\u00e4den verursachen k\u00f6nnen.<\/p>\n<p>F\u00fcr die \u00fcberdachte Veranda oder f\u00fcr den Innenbereich. Bei Verwendung im Freien vor Witterungseinfl\u00fcssen sch\u00fctzen und nicht \u00fcber einen l\u00e4ngeren Zeitraum im Freien stehen lassen.<\/p>\n<p>Bitte beachten Sie: Diese Requisiten sind nicht f\u00fcr den intensiven kommerziellen Gebrauch geeignet, d.h. sie sollten nicht \u00fcber l\u00e4ngere Zeitr\u00e4ume, z.B. tagelang, betrieben werden. Sie sind f\u00fcr die Verwendung an Halloween gedacht. Wenn Sie Fragen dazu haben, fragen Sie bitte.<\/p>\n<p>Abmessungen:<\/p>\n<ul class=\"disc\">\n<li>Gr\u00f6\u00dfe: 25\u2033 x 21\u2033 x 48\u2033<\/li>\n<\/ul>","protected":false},"excerpt":{"rendered":"<p>Bieten Sie Ihren G\u00e4sten Horror mit der animierten Clown-Halloween-Requisite \u2013 einem Albtraum, der zum Leben erwacht. Dieser verdrehte Clown springt ohne Vorwarnung nach vorne und liefert einen brutalen Schreck, der jeden zur Flucht bringen wird. W\u00e4hrend er sich bewegt, spricht der Clown unheimliche Phrasen mit einer eisigen Stimme, die durch die Nacht hallt. Gekleidet in zerrissene Zirkuskleidung und mit [\u2026]<\/p>","protected":false},"featured_media":558481,"comment_status":"closed","ping_status":"closed","template":"","meta":{"_acf_changed":false},"product_brand":[],"product_cat":[10109,10068,10131,10158,10108,10093,10033,10094,6547,6963,6967],"product_tag":[],"class_list":{"0":"post-539977","1":"product","2":"type-product","3":"status-publish","4":"has-post-thumbnail","6":"product_cat-clown-decorations","7":"product_cat-halloween-decorations-2025","8":"product_cat-halloween-gifts","9":"product_cat-in-stock-animatronics","10":"product_cat-light-up-halloween-decorations","11":"product_cat-indoor-halloween-decorations","12":"product_cat-jump-scare","13":"product_cat-outdoor-halloween-decorations","14":"product_cat-decorations","15":"product_cat-animatronics","16":"product_cat-clown-animatronics","17":"product_shipping_class-props","19":"first","20":"instock","21":"taxable","22":"shipping-taxable","23":"purchasable","24":"product-type-simple"},"supplier_id":467908,"supplier_sku":"mr5121144","barcode":null,"atum_controlled":true,"out_stock_date":null,"out_stock_threshold":null,"inheritable":false,"inbound_stock":0,"stock_on_hold":0,"sold_today":0,"sales_last_days":0,"reserved_stock":0,"customer_returns":0,"warehouse_damage":0,"lost_in_post":0,"other_logs":0,"out_stock_days":0,"lost_sales":0,"has_location":false,"update_date":"2026-05-04T01:21:24","atum_locations":[],"atum_stock_status":"instock","restock_status":false,"low_stock_amount":"","sales_update_date":"2026-05-04T01:21:23","calc_backorders":null,"acf":[],"yoast_head":"<!-- This site is optimized with the Yoast SEO plugin v27.5 - https:\/\/yoast.com\/product\/yoast-seo-wordpress\/ -->\n<title>Lunging Teddy Bear Clown Halloween Animatronic | Mad About Horror<\/title>\n<meta name=\"description\" content=\"Lunging Clown Halloween Animatronic. Huge range of quality Halloween props, masks and accessories. Buy from the UK&#039;s leading Halloween specialist.\u00a0\" \/>\n<meta name=\"robots\" content=\"index, follow, max-snippet:-1, max-image-preview:large, max-video-preview:-1\" \/>\n<link rel=\"canonical\" href=\"https:\/\/madabouthorror.co.uk\/de\/product\/animated-clown-halloween-prop\/\" \/>\n<meta property=\"og:locale\" content=\"de_DE\" \/>\n<meta property=\"og:type\" content=\"article\" \/>\n<meta property=\"og:title\" content=\"Lunging Teddy Bear Clown Halloween Animatronic | Mad About Horror\" \/>\n<meta property=\"og:description\" content=\"Lunging Clown Halloween Animatronic. Huge range of quality Halloween props, masks and accessories. Buy from the UK&#039;s leading Halloween specialist.\u00a0\" \/>\n<meta property=\"og:url\" content=\"https:\/\/madabouthorror.co.uk\/de\/product\/animated-clown-halloween-prop\/\" \/>\n<meta property=\"og:site_name\" content=\"Mad About Horror\" \/>\n<meta property=\"article:publisher\" content=\"https:\/\/www.facebook.com\/madabouthorror\/\" \/>\n<meta property=\"article:modified_time\" content=\"2026-04-29T14:42:58+00:00\" \/>\n<meta property=\"og:image\" content=\"https:\/\/madabouthorror.co.uk\/wp-content\/uploads\/2025\/06\/clown-1-1024x1024.png\" \/>\n\t<meta property=\"og:image:width\" content=\"1024\" \/>\n\t<meta property=\"og:image:height\" content=\"1024\" \/>\n\t<meta property=\"og:image:type\" content=\"image\/png\" \/>\n<meta name=\"twitter:card\" content=\"summary_large_image\" \/>\n<meta name=\"twitter:label1\" content=\"Gesch\u00e4tzte Lesezeit\" \/>\n\t<meta name=\"twitter:data1\" content=\"2\u00a0Minuten\" \/>\n<script type=\"application\/ld+json\" class=\"yoast-schema-graph\">{\"@context\":\"https:\\\/\\\/schema.org\",\"@graph\":[{\"@type\":[\"WebPage\",\"ItemPage\"],\"@id\":\"https:\\\/\\\/madabouthorror.co.uk\\\/product\\\/animated-clown-halloween-prop\\\/\",\"url\":\"https:\\\/\\\/madabouthorror.co.uk\\\/product\\\/animated-clown-halloween-prop\\\/\",\"name\":\"Lunging Teddy Bear Clown Halloween Animatronic | Mad About Horror\",\"isPartOf\":{\"@id\":\"https:\\\/\\\/madabouthorror.co.uk\\\/#website\"},\"primaryImageOfPage\":{\"@id\":\"https:\\\/\\\/madabouthorror.co.uk\\\/product\\\/animated-clown-halloween-prop\\\/#primaryimage\"},\"image\":{\"@id\":\"https:\\\/\\\/madabouthorror.co.uk\\\/product\\\/animated-clown-halloween-prop\\\/#primaryimage\"},\"thumbnailUrl\":\"https:\\\/\\\/madabouthorror.co.uk\\\/wp-content\\\/uploads\\\/2025\\\/06\\\/clown-1.png\",\"datePublished\":\"2025-06-10T15:56:35+00:00\",\"dateModified\":\"2026-04-29T14:42:58+00:00\",\"description\":\"Lunging Clown Halloween Animatronic. Huge range of quality Halloween props, masks and accessories. Buy from the UK's leading Halloween specialist.\u00a0\",\"breadcrumb\":{\"@id\":\"https:\\\/\\\/madabouthorror.co.uk\\\/product\\\/animated-clown-halloween-prop\\\/#breadcrumb\"},\"inLanguage\":\"de\",\"potentialAction\":[{\"@type\":\"ReadAction\",\"target\":[\"https:\\\/\\\/madabouthorror.co.uk\\\/product\\\/animated-clown-halloween-prop\\\/\"]}]},{\"@type\":\"ImageObject\",\"inLanguage\":\"de\",\"@id\":\"https:\\\/\\\/madabouthorror.co.uk\\\/product\\\/animated-clown-halloween-prop\\\/#primaryimage\",\"url\":\"https:\\\/\\\/madabouthorror.co.uk\\\/wp-content\\\/uploads\\\/2025\\\/06\\\/clown-1.png\",\"contentUrl\":\"https:\\\/\\\/madabouthorror.co.uk\\\/wp-content\\\/uploads\\\/2025\\\/06\\\/clown-1.png\",\"width\":1500,\"height\":1500,\"caption\":\"Lunging Clown Halloween Animatronic\"},{\"@type\":\"BreadcrumbList\",\"@id\":\"https:\\\/\\\/madabouthorror.co.uk\\\/product\\\/animated-clown-halloween-prop\\\/#breadcrumb\",\"itemListElement\":[{\"@type\":\"ListItem\",\"position\":1,\"name\":\"Shop\",\"item\":\"https:\\\/\\\/madabouthorror.co.uk\\\/shop\\\/\"},{\"@type\":\"ListItem\",\"position\":2,\"name\":\"Lunging Teddy Bear Clown Halloween Animatronic\"}]},{\"@type\":\"WebSite\",\"@id\":\"https:\\\/\\\/madabouthorror.co.uk\\\/#website\",\"url\":\"https:\\\/\\\/madabouthorror.co.uk\\\/\",\"name\":\"Mad About Horror\",\"description\":\"\",\"publisher\":{\"@id\":\"https:\\\/\\\/madabouthorror.co.uk\\\/#organization\"},\"alternateName\":\"Mad About Horror Limited\",\"potentialAction\":[{\"@type\":\"SearchAction\",\"target\":{\"@type\":\"EntryPoint\",\"urlTemplate\":\"https:\\\/\\\/madabouthorror.co.uk\\\/?s={search_term_string}\"},\"query-input\":{\"@type\":\"PropertyValueSpecification\",\"valueRequired\":true,\"valueName\":\"search_term_string\"}}],\"inLanguage\":\"de\"},{\"@type\":\"Organization\",\"@id\":\"https:\\\/\\\/madabouthorror.co.uk\\\/#organization\",\"name\":\"Mad About Horror\",\"url\":\"https:\\\/\\\/madabouthorror.co.uk\\\/\",\"logo\":{\"@type\":\"ImageObject\",\"inLanguage\":\"de\",\"@id\":\"https:\\\/\\\/madabouthorror.co.uk\\\/#\\\/schema\\\/logo\\\/image\\\/\",\"url\":\"https:\\\/\\\/madabouthorror.co.uk\\\/wp-content\\\/uploads\\\/2024\\\/02\\\/cropped-Logo.png\",\"contentUrl\":\"https:\\\/\\\/madabouthorror.co.uk\\\/wp-content\\\/uploads\\\/2024\\\/02\\\/cropped-Logo.png\",\"width\":240,\"height\":88,\"caption\":\"Mad About Horror\"},\"image\":{\"@id\":\"https:\\\/\\\/madabouthorror.co.uk\\\/#\\\/schema\\\/logo\\\/image\\\/\"},\"sameAs\":[\"https:\\\/\\\/www.facebook.com\\\/madabouthorror\\\/\",\"https:\\\/\\\/www.instagram.com\\\/madabouthorror\\\/\",\"https:\\\/\\\/www.pinterest.co.uk\\\/madabouthorror\\\/\",\"https:\\\/\\\/www.youtube.com\\\/channel\\\/UCBooLOIxjoQ89dj6T5lWm_w\",\"https:\\\/\\\/www.tiktok.com\\\/@weremadabouthorror\"]}]}<\/script>\n<!-- \/ Yoast SEO plugin. -->","yoast_head_json":{"title":"Ausfallender Teddyb\u00e4r-Clown Halloween-Animatronic | Mad About Horror","description":"Springender Clown Halloween-Animatronic. Riesige Auswahl an hochwertigen Halloween-Requisiten, Masken und Accessoires. Kaufen Sie beim f\u00fchrenden Halloween-Spezialisten des Vereinigten K\u00f6nigreichs.\u00a0","robots":{"index":"index","follow":"follow","max-snippet":"max-snippet:-1","max-image-preview":"max-image-preview:large","max-video-preview":"max-video-preview:-1"},"canonical":"https:\/\/madabouthorror.co.uk\/de\/product\/animated-clown-halloween-prop\/","og_locale":"de_DE","og_type":"article","og_title":"Lunging Teddy Bear Clown Halloween Animatronic | Mad About Horror","og_description":"Lunging Clown Halloween Animatronic. Huge range of quality Halloween props, masks and accessories. Buy from the UK's leading Halloween specialist.\u00a0","og_url":"https:\/\/madabouthorror.co.uk\/de\/product\/animated-clown-halloween-prop\/","og_site_name":"Mad About Horror","article_publisher":"https:\/\/www.facebook.com\/madabouthorror\/","article_modified_time":"2026-04-29T14:42:58+00:00","og_image":[{"width":1024,"height":1024,"url":"https:\/\/madabouthorror.co.uk\/wp-content\/uploads\/2025\/06\/clown-1-1024x1024.png","type":"image\/png"}],"twitter_card":"summary_large_image","twitter_misc":{"Gesch\u00e4tzte Lesezeit":"2\u00a0Minuten"},"schema":{"@context":"https:\/\/schema.org","@graph":[{"@type":["WebPage","ItemPage"],"@id":"https:\/\/madabouthorror.co.uk\/product\/animated-clown-halloween-prop\/","url":"https:\/\/madabouthorror.co.uk\/product\/animated-clown-halloween-prop\/","name":"Ausfallender Teddyb\u00e4r-Clown Halloween-Animatronic | Mad About Horror","isPartOf":{"@id":"https:\/\/madabouthorror.co.uk\/#website"},"primaryImageOfPage":{"@id":"https:\/\/madabouthorror.co.uk\/product\/animated-clown-halloween-prop\/#primaryimage"},"image":{"@id":"https:\/\/madabouthorror.co.uk\/product\/animated-clown-halloween-prop\/#primaryimage"},"thumbnailUrl":"https:\/\/madabouthorror.co.uk\/wp-content\/uploads\/2025\/06\/clown-1.png","datePublished":"2025-06-10T15:56:35+00:00","dateModified":"2026-04-29T14:42:58+00:00","description":"Springender Clown Halloween-Animatronic. Riesige Auswahl an hochwertigen Halloween-Requisiten, Masken und Accessoires. Kaufen Sie beim f\u00fchrenden Halloween-Spezialisten des Vereinigten K\u00f6nigreichs.\u00a0","breadcrumb":{"@id":"https:\/\/madabouthorror.co.uk\/product\/animated-clown-halloween-prop\/#breadcrumb"},"inLanguage":"de","potentialAction":[{"@type":"ReadAction","target":["https:\/\/madabouthorror.co.uk\/product\/animated-clown-halloween-prop\/"]}]},{"@type":"ImageObject","inLanguage":"de","@id":"https:\/\/madabouthorror.co.uk\/product\/animated-clown-halloween-prop\/#primaryimage","url":"https:\/\/madabouthorror.co.uk\/wp-content\/uploads\/2025\/06\/clown-1.png","contentUrl":"https:\/\/madabouthorror.co.uk\/wp-content\/uploads\/2025\/06\/clown-1.png","width":1500,"height":1500,"caption":"Lunging Clown Halloween Animatronic"},{"@type":"BreadcrumbList","@id":"https:\/\/madabouthorror.co.uk\/product\/animated-clown-halloween-prop\/#breadcrumb","itemListElement":[{"@type":"ListItem","position":1,"name":"Shop","item":"https:\/\/madabouthorror.co.uk\/shop\/"},{"@type":"ListItem","position":2,"name":"Lunging Teddy Bear Clown Halloween Animatronic"}]},{"@type":"WebSite","@id":"https:\/\/madabouthorror.co.uk\/#website","url":"https:\/\/madabouthorror.co.uk\/","name":"Verr\u00fcckt nach Horror","description":"","publisher":{"@id":"https:\/\/madabouthorror.co.uk\/#organization"},"alternateName":"Mad About Horror Limited","potentialAction":[{"@type":"SearchAction","target":{"@type":"EntryPoint","urlTemplate":"https:\/\/madabouthorror.co.uk\/?s={search_term_string}"},"query-input":{"@type":"PropertyValueSpecification","valueRequired":true,"valueName":"search_term_string"}}],"inLanguage":"de"},{"@type":"Organization","@id":"https:\/\/madabouthorror.co.uk\/#organization","name":"Verr\u00fcckt nach Horror","url":"https:\/\/madabouthorror.co.uk\/","logo":{"@type":"ImageObject","inLanguage":"de","@id":"https:\/\/madabouthorror.co.uk\/#\/schema\/logo\/image\/","url":"https:\/\/madabouthorror.co.uk\/wp-content\/uploads\/2024\/02\/cropped-Logo.png","contentUrl":"https:\/\/madabouthorror.co.uk\/wp-content\/uploads\/2024\/02\/cropped-Logo.png","width":240,"height":88,"caption":"Mad About Horror"},"image":{"@id":"https:\/\/madabouthorror.co.uk\/#\/schema\/logo\/image\/"},"sameAs":["https:\/\/www.facebook.com\/madabouthorror\/","https:\/\/www.instagram.com\/madabouthorror\/","https:\/\/www.pinterest.co.uk\/madabouthorror\/","https:\/\/www.youtube.com\/channel\/UCBooLOIxjoQ89dj6T5lWm_w","https:\/\/www.tiktok.com\/@weremadabouthorror"]}]}},"df_price":249.95,"df_sale_price":"","df_regular_price":249.95,"df_image_link":"https:\/\/madabouthorror.co.uk\/wp-content\/uploads\/2025\/06\/clown-1-300x300.png","_links":{"self":[{"href":"https:\/\/madabouthorror.co.uk\/de\/wp-json\/wp\/v2\/product\/539977","targetHints":{"allow":["GET"]}}],"collection":[{"href":"https:\/\/madabouthorror.co.uk\/de\/wp-json\/wp\/v2\/product"}],"about":[{"href":"https:\/\/madabouthorror.co.uk\/de\/wp-json\/wp\/v2\/types\/product"}],"replies":[{"embeddable":true,"href":"https:\/\/madabouthorror.co.uk\/de\/wp-json\/wp\/v2\/comments?post=539977"}],"wp:featuredmedia":[{"embeddable":true,"href":"https:\/\/madabouthorror.co.uk\/de\/wp-json\/wp\/v2\/media\/558481"}],"wp:attachment":[{"href":"https:\/\/madabouthorror.co.uk\/de\/wp-json\/wp\/v2\/media?parent=539977"}],"wp:term":[{"taxonomy":"product_brand","embeddable":true,"href":"https:\/\/madabouthorror.co.uk\/de\/wp-json\/wp\/v2\/product_brand?post=539977"},{"taxonomy":"product_cat","embeddable":true,"href":"https:\/\/madabouthorror.co.uk\/de\/wp-json\/wp\/v2\/product_cat?post=539977"},{"taxonomy":"product_tag","embeddable":true,"href":"https:\/\/madabouthorror.co.uk\/de\/wp-json\/wp\/v2\/product_tag?post=539977"}],"curies":[{"name":"wp","href":"https:\/\/api.w.org\/{rel}","templated":true}]}}