{"id":54225,"date":"2022-07-28T17:58:17","date_gmt":"2022-07-28T16:58:17","guid":{"rendered":"https:\/\/mah.6bdv.ws\/product\/auz-hockey-mask-part-4-end-scene\/"},"modified":"2026-04-02T12:05:36","modified_gmt":"2026-04-02T11:05:36","slug":"auz-hockey-mask-part-4-end-scene","status":"publish","type":"product","link":"https:\/\/madabouthorror.co.uk\/de\/product\/auz-hockey-mask-part-4-end-scene\/","title":{"rendered":"AUZ Teil 4 \u2013 Endszene Jason Hockeymaske"},"content":{"rendered":"<h4>AUZ Hockey-Maske Teil 4 End-Szene<\/h4>\n<p>Dies ist eine bildschirmgenaue Nachbildung der AUZ Hockey Mask Teil 4 (Schlussszene), handgefertigt in den USA vom Maskenbildner und K\u00fcnstler Justin Williams, auch bekannt als AUZ, und ist jetzt im Vereinigten K\u00f6nigreich erh\u00e4ltlich. AUZ ist weltweit als hoch angesehener und f\u00e4higer K\u00fcnstler bekannt und wir sind stolz darauf, seine Arbeit pr\u00e4sentieren zu k\u00f6nnen.<\/p>\n<p>Dies ist die \"Endszenen\"-Version von Teil 4 Hock und ist absolut filmgetreu.<\/p>\n<p>Diese Hockeymaske ist aus 0,060 Zoll klarem PETG gefertigt. Ein Must-Have f\u00fcr jeden Horror-Sammler. Sie macht sich wundersch\u00f6n als Ausstellungsst\u00fcck, ist aber auch tragbar, eine unglaublich detaillierte Hockeymaske.<\/p>\n<p>Kommt mit einem verstellbaren Gummiband. Ein erstaunlicher Artikel f\u00fcr Sammler, alles an dieser Maske schreit Qualit\u00e4t.<\/p>\n<p>&nbsp;<\/p>","protected":false},"excerpt":{"rendered":"<p>AUZ Hockey Mask Teil 4 Endszene Dies ist eine bildschirmgenaue Nachbildung der AUZ Hockey Mask Teil 4 (Endszene), handgefertigt in den USA vom Maskenbildner und K\u00fcnstler Justin Williams, alias AUZ und ist jetzt in Gro\u00dfbritannien erh\u00e4ltlich. AUZ ist weltweit als hoch angesehener und talentierter K\u00fcnstler bekannt und wir sind [...]<\/p>","protected":false},"featured_media":54222,"comment_status":"closed","ping_status":"closed","template":"","meta":{"_acf_changed":false},"product_brand":[],"product_cat":[10095,6580,10129,7115,6783,6542,10038,6541,6543,6824,6652],"product_tag":[],"class_list":{"0":"post-54225","1":"product","2":"type-product","3":"status-publish","4":"has-post-thumbnail","6":"product_cat-hockey-masks","7":"product_cat-movie-tv","8":"product_cat-main-gift","9":"product_cat-auz","10":"product_cat-jason-voorhees","11":"product_cat-premium-masks","12":"product_cat-horror-gifts","13":"product_cat-masks","14":"product_cat-professional","15":"product_cat-professional-masks","16":"product_cat-friday-the-13th","17":"pa_brand-auz","18":"pa_character-fridaythe13thjasonvoorhees","19":"pa_google_tax-e4-clothingaccessoriescostume","21":"first","22":"outofstock","23":"taxable","24":"shipping-taxable","25":"purchasable","26":"product-type-simple"},"supplier_id":467912,"supplier_sku":"","barcode":"","atum_controlled":true,"out_stock_date":"2025-11-08 14:50:31","out_stock_threshold":null,"inheritable":false,"inbound_stock":0,"stock_on_hold":0,"sold_today":0,"sales_last_days":0,"reserved_stock":0,"customer_returns":0,"warehouse_damage":0,"lost_in_post":0,"other_logs":0,"out_stock_days":171,"lost_sales":5130,"has_location":false,"update_date":"2026-04-29T01:10:41","atum_locations":[],"atum_stock_status":"outofstock","restock_status":false,"low_stock_amount":1,"sales_update_date":"2026-04-29T01:10:40","calc_backorders":null,"acf":[],"yoast_head":"<!-- This site is optimized with the Yoast SEO plugin v27.5 - https:\/\/yoast.com\/product\/yoast-seo-wordpress\/ -->\n<title>AUZ Part 4 - End Scene Jason Hockey Mask<\/title>\n<meta name=\"description\" content=\"The AUZ Hockey Mask Part 4 End Scene from Mad About Horror is the perfect gift for any horror fanatic looking to add to their collection. Hand crafted by artist and sculptor Justin Williams, everything about this mask screams quality.\" \/>\n<meta name=\"robots\" content=\"index, follow, max-snippet:-1, max-image-preview:large, max-video-preview:-1\" \/>\n<link rel=\"canonical\" href=\"https:\/\/madabouthorror.co.uk\/de\/product\/auz-hockey-mask-part-4-end-scene\/\" \/>\n<meta property=\"og:locale\" content=\"de_DE\" \/>\n<meta property=\"og:type\" content=\"article\" \/>\n<meta property=\"og:title\" content=\"AUZ Part 4 - End Scene Jason Hockey Mask\" \/>\n<meta property=\"og:description\" content=\"The AUZ Hockey Mask Part 4 End Scene from Mad About Horror is the perfect gift for any horror fanatic looking to add to their collection. Hand crafted by artist and sculptor Justin Williams, everything about this mask screams quality.\" \/>\n<meta property=\"og:url\" content=\"https:\/\/madabouthorror.co.uk\/de\/product\/auz-hockey-mask-part-4-end-scene\/\" \/>\n<meta property=\"og:site_name\" content=\"Mad About Horror\" \/>\n<meta property=\"article:publisher\" content=\"https:\/\/www.facebook.com\/madabouthorror\/\" \/>\n<meta property=\"article:modified_time\" content=\"2026-04-02T11:05:36+00:00\" \/>\n<meta property=\"og:image\" content=\"https:\/\/madabouthorror.co.uk\/wp-content\/uploads\/2022\/07\/auz_part_4_end_scene.jpg\" \/>\n\t<meta property=\"og:image:width\" content=\"650\" \/>\n\t<meta property=\"og:image:height\" content=\"650\" \/>\n\t<meta property=\"og:image:type\" content=\"image\/jpeg\" \/>\n<meta name=\"twitter:card\" content=\"summary_large_image\" \/>\n<meta name=\"twitter:label1\" content=\"Gesch\u00e4tzte Lesezeit\" \/>\n\t<meta name=\"twitter:data1\" content=\"1\u00a0Minute\" \/>\n<script type=\"application\/ld+json\" class=\"yoast-schema-graph\">{\"@context\":\"https:\\\/\\\/schema.org\",\"@graph\":[{\"@type\":[\"WebPage\",\"ItemPage\"],\"@id\":\"https:\\\/\\\/madabouthorror.co.uk\\\/product\\\/auz-hockey-mask-part-4-end-scene\\\/\",\"url\":\"https:\\\/\\\/madabouthorror.co.uk\\\/product\\\/auz-hockey-mask-part-4-end-scene\\\/\",\"name\":\"AUZ Part 4 - End Scene Jason Hockey Mask\",\"isPartOf\":{\"@id\":\"https:\\\/\\\/madabouthorror.co.uk\\\/#website\"},\"primaryImageOfPage\":{\"@id\":\"https:\\\/\\\/madabouthorror.co.uk\\\/product\\\/auz-hockey-mask-part-4-end-scene\\\/#primaryimage\"},\"image\":{\"@id\":\"https:\\\/\\\/madabouthorror.co.uk\\\/product\\\/auz-hockey-mask-part-4-end-scene\\\/#primaryimage\"},\"thumbnailUrl\":\"https:\\\/\\\/madabouthorror.co.uk\\\/wp-content\\\/uploads\\\/2022\\\/07\\\/auz_part_4_end_scene.jpg\",\"datePublished\":\"2022-07-28T16:58:17+00:00\",\"dateModified\":\"2026-04-02T11:05:36+00:00\",\"description\":\"The AUZ Hockey Mask Part 4 End Scene from Mad About Horror is the perfect gift for any horror fanatic looking to add to their collection. Hand crafted by artist and sculptor Justin Williams, everything about this mask screams quality.\",\"breadcrumb\":{\"@id\":\"https:\\\/\\\/madabouthorror.co.uk\\\/product\\\/auz-hockey-mask-part-4-end-scene\\\/#breadcrumb\"},\"inLanguage\":\"de\",\"potentialAction\":[{\"@type\":\"ReadAction\",\"target\":[\"https:\\\/\\\/madabouthorror.co.uk\\\/product\\\/auz-hockey-mask-part-4-end-scene\\\/\"]}]},{\"@type\":\"ImageObject\",\"inLanguage\":\"de\",\"@id\":\"https:\\\/\\\/madabouthorror.co.uk\\\/product\\\/auz-hockey-mask-part-4-end-scene\\\/#primaryimage\",\"url\":\"https:\\\/\\\/madabouthorror.co.uk\\\/wp-content\\\/uploads\\\/2022\\\/07\\\/auz_part_4_end_scene.jpg\",\"contentUrl\":\"https:\\\/\\\/madabouthorror.co.uk\\\/wp-content\\\/uploads\\\/2022\\\/07\\\/auz_part_4_end_scene.jpg\",\"width\":650,\"height\":650,\"caption\":\"AUZ Hockey Mask Part 4 End Scene\"},{\"@type\":\"BreadcrumbList\",\"@id\":\"https:\\\/\\\/madabouthorror.co.uk\\\/product\\\/auz-hockey-mask-part-4-end-scene\\\/#breadcrumb\",\"itemListElement\":[{\"@type\":\"ListItem\",\"position\":1,\"name\":\"Shop\",\"item\":\"https:\\\/\\\/madabouthorror.co.uk\\\/shop\\\/\"},{\"@type\":\"ListItem\",\"position\":2,\"name\":\"AUZ Part 4 &#8211; End Scene Jason Hockey Mask\"}]},{\"@type\":\"WebSite\",\"@id\":\"https:\\\/\\\/madabouthorror.co.uk\\\/#website\",\"url\":\"https:\\\/\\\/madabouthorror.co.uk\\\/\",\"name\":\"Mad About Horror\",\"description\":\"\",\"publisher\":{\"@id\":\"https:\\\/\\\/madabouthorror.co.uk\\\/#organization\"},\"alternateName\":\"Mad About Horror Limited\",\"potentialAction\":[{\"@type\":\"SearchAction\",\"target\":{\"@type\":\"EntryPoint\",\"urlTemplate\":\"https:\\\/\\\/madabouthorror.co.uk\\\/?s={search_term_string}\"},\"query-input\":{\"@type\":\"PropertyValueSpecification\",\"valueRequired\":true,\"valueName\":\"search_term_string\"}}],\"inLanguage\":\"de\"},{\"@type\":\"Organization\",\"@id\":\"https:\\\/\\\/madabouthorror.co.uk\\\/#organization\",\"name\":\"Mad About Horror\",\"url\":\"https:\\\/\\\/madabouthorror.co.uk\\\/\",\"logo\":{\"@type\":\"ImageObject\",\"inLanguage\":\"de\",\"@id\":\"https:\\\/\\\/madabouthorror.co.uk\\\/#\\\/schema\\\/logo\\\/image\\\/\",\"url\":\"https:\\\/\\\/madabouthorror.co.uk\\\/wp-content\\\/uploads\\\/2024\\\/02\\\/cropped-Logo.png\",\"contentUrl\":\"https:\\\/\\\/madabouthorror.co.uk\\\/wp-content\\\/uploads\\\/2024\\\/02\\\/cropped-Logo.png\",\"width\":240,\"height\":88,\"caption\":\"Mad About Horror\"},\"image\":{\"@id\":\"https:\\\/\\\/madabouthorror.co.uk\\\/#\\\/schema\\\/logo\\\/image\\\/\"},\"sameAs\":[\"https:\\\/\\\/www.facebook.com\\\/madabouthorror\\\/\",\"https:\\\/\\\/www.instagram.com\\\/madabouthorror\\\/\",\"https:\\\/\\\/www.pinterest.co.uk\\\/madabouthorror\\\/\",\"https:\\\/\\\/www.youtube.com\\\/channel\\\/UCBooLOIxjoQ89dj6T5lWm_w\",\"https:\\\/\\\/www.tiktok.com\\\/@weremadabouthorror\"]}]}<\/script>\n<!-- \/ Yoast SEO plugin. -->","yoast_head_json":{"title":"AUZ Teil 4 - Endszene Jason Hockeymaske","description":"Die AUZ Hockey Maske Part 4 End Scene von Mad About Horror ist das perfekte Geschenk f\u00fcr jeden Horror-Fan, der seine Sammlung erweitern m\u00f6chte. Handgefertigt von K\u00fcnstler und Bildhauer Justin Williams, alles an dieser Maske schreit nach Qualit\u00e4t.","robots":{"index":"index","follow":"follow","max-snippet":"max-snippet:-1","max-image-preview":"max-image-preview:large","max-video-preview":"max-video-preview:-1"},"canonical":"https:\/\/madabouthorror.co.uk\/de\/product\/auz-hockey-mask-part-4-end-scene\/","og_locale":"de_DE","og_type":"article","og_title":"AUZ Part 4 - End Scene Jason Hockey Mask","og_description":"The AUZ Hockey Mask Part 4 End Scene from Mad About Horror is the perfect gift for any horror fanatic looking to add to their collection. Hand crafted by artist and sculptor Justin Williams, everything about this mask screams quality.","og_url":"https:\/\/madabouthorror.co.uk\/de\/product\/auz-hockey-mask-part-4-end-scene\/","og_site_name":"Mad About Horror","article_publisher":"https:\/\/www.facebook.com\/madabouthorror\/","article_modified_time":"2026-04-02T11:05:36+00:00","og_image":[{"width":650,"height":650,"url":"https:\/\/madabouthorror.co.uk\/wp-content\/uploads\/2022\/07\/auz_part_4_end_scene.jpg","type":"image\/jpeg"}],"twitter_card":"summary_large_image","twitter_misc":{"Gesch\u00e4tzte Lesezeit":"1\u00a0Minute"},"schema":{"@context":"https:\/\/schema.org","@graph":[{"@type":["WebPage","ItemPage"],"@id":"https:\/\/madabouthorror.co.uk\/product\/auz-hockey-mask-part-4-end-scene\/","url":"https:\/\/madabouthorror.co.uk\/product\/auz-hockey-mask-part-4-end-scene\/","name":"AUZ Teil 4 - Endszene Jason Hockeymaske","isPartOf":{"@id":"https:\/\/madabouthorror.co.uk\/#website"},"primaryImageOfPage":{"@id":"https:\/\/madabouthorror.co.uk\/product\/auz-hockey-mask-part-4-end-scene\/#primaryimage"},"image":{"@id":"https:\/\/madabouthorror.co.uk\/product\/auz-hockey-mask-part-4-end-scene\/#primaryimage"},"thumbnailUrl":"https:\/\/madabouthorror.co.uk\/wp-content\/uploads\/2022\/07\/auz_part_4_end_scene.jpg","datePublished":"2022-07-28T16:58:17+00:00","dateModified":"2026-04-02T11:05:36+00:00","description":"Die AUZ Hockey Maske Part 4 End Scene von Mad About Horror ist das perfekte Geschenk f\u00fcr jeden Horror-Fan, der seine Sammlung erweitern m\u00f6chte. Handgefertigt von K\u00fcnstler und Bildhauer Justin Williams, alles an dieser Maske schreit nach Qualit\u00e4t.","breadcrumb":{"@id":"https:\/\/madabouthorror.co.uk\/product\/auz-hockey-mask-part-4-end-scene\/#breadcrumb"},"inLanguage":"de","potentialAction":[{"@type":"ReadAction","target":["https:\/\/madabouthorror.co.uk\/product\/auz-hockey-mask-part-4-end-scene\/"]}]},{"@type":"ImageObject","inLanguage":"de","@id":"https:\/\/madabouthorror.co.uk\/product\/auz-hockey-mask-part-4-end-scene\/#primaryimage","url":"https:\/\/madabouthorror.co.uk\/wp-content\/uploads\/2022\/07\/auz_part_4_end_scene.jpg","contentUrl":"https:\/\/madabouthorror.co.uk\/wp-content\/uploads\/2022\/07\/auz_part_4_end_scene.jpg","width":650,"height":650,"caption":"AUZ Hockey Mask Part 4 End Scene"},{"@type":"BreadcrumbList","@id":"https:\/\/madabouthorror.co.uk\/product\/auz-hockey-mask-part-4-end-scene\/#breadcrumb","itemListElement":[{"@type":"ListItem","position":1,"name":"Shop","item":"https:\/\/madabouthorror.co.uk\/shop\/"},{"@type":"ListItem","position":2,"name":"AUZ Part 4 &#8211; End Scene Jason Hockey Mask"}]},{"@type":"WebSite","@id":"https:\/\/madabouthorror.co.uk\/#website","url":"https:\/\/madabouthorror.co.uk\/","name":"Verr\u00fcckt nach Horror","description":"","publisher":{"@id":"https:\/\/madabouthorror.co.uk\/#organization"},"alternateName":"Mad About Horror Limited","potentialAction":[{"@type":"SearchAction","target":{"@type":"EntryPoint","urlTemplate":"https:\/\/madabouthorror.co.uk\/?s={search_term_string}"},"query-input":{"@type":"PropertyValueSpecification","valueRequired":true,"valueName":"search_term_string"}}],"inLanguage":"de"},{"@type":"Organization","@id":"https:\/\/madabouthorror.co.uk\/#organization","name":"Verr\u00fcckt nach Horror","url":"https:\/\/madabouthorror.co.uk\/","logo":{"@type":"ImageObject","inLanguage":"de","@id":"https:\/\/madabouthorror.co.uk\/#\/schema\/logo\/image\/","url":"https:\/\/madabouthorror.co.uk\/wp-content\/uploads\/2024\/02\/cropped-Logo.png","contentUrl":"https:\/\/madabouthorror.co.uk\/wp-content\/uploads\/2024\/02\/cropped-Logo.png","width":240,"height":88,"caption":"Mad About Horror"},"image":{"@id":"https:\/\/madabouthorror.co.uk\/#\/schema\/logo\/image\/"},"sameAs":["https:\/\/www.facebook.com\/madabouthorror\/","https:\/\/www.instagram.com\/madabouthorror\/","https:\/\/www.pinterest.co.uk\/madabouthorror\/","https:\/\/www.youtube.com\/channel\/UCBooLOIxjoQ89dj6T5lWm_w","https:\/\/www.tiktok.com\/@weremadabouthorror"]}]}},"df_price":210,"df_sale_price":"","df_regular_price":210,"df_image_link":"https:\/\/madabouthorror.co.uk\/wp-content\/uploads\/2022\/07\/auz_part_4_end_scene-300x300.jpg","_links":{"self":[{"href":"https:\/\/madabouthorror.co.uk\/de\/wp-json\/wp\/v2\/product\/54225","targetHints":{"allow":["GET"]}}],"collection":[{"href":"https:\/\/madabouthorror.co.uk\/de\/wp-json\/wp\/v2\/product"}],"about":[{"href":"https:\/\/madabouthorror.co.uk\/de\/wp-json\/wp\/v2\/types\/product"}],"replies":[{"embeddable":true,"href":"https:\/\/madabouthorror.co.uk\/de\/wp-json\/wp\/v2\/comments?post=54225"}],"wp:featuredmedia":[{"embeddable":true,"href":"https:\/\/madabouthorror.co.uk\/de\/wp-json\/wp\/v2\/media\/54222"}],"wp:attachment":[{"href":"https:\/\/madabouthorror.co.uk\/de\/wp-json\/wp\/v2\/media?parent=54225"}],"wp:term":[{"taxonomy":"product_brand","embeddable":true,"href":"https:\/\/madabouthorror.co.uk\/de\/wp-json\/wp\/v2\/product_brand?post=54225"},{"taxonomy":"product_cat","embeddable":true,"href":"https:\/\/madabouthorror.co.uk\/de\/wp-json\/wp\/v2\/product_cat?post=54225"},{"taxonomy":"product_tag","embeddable":true,"href":"https:\/\/madabouthorror.co.uk\/de\/wp-json\/wp\/v2\/product_tag?post=54225"}],"curies":[{"name":"wp","href":"https:\/\/api.w.org\/{rel}","templated":true}]}}