{"id":54483,"date":"2025-01-27T12:32:59","date_gmt":"2025-01-27T12:32:59","guid":{"rendered":"https:\/\/mah.6bdv.ws\/product\/giant-light-up-black-spider-pre-order\/"},"modified":"2025-08-13T10:17:37","modified_gmt":"2025-08-13T09:17:37","slug":"giant-light-up-black-spider","status":"publish","type":"product","link":"https:\/\/madabouthorror.co.uk\/de\/product\/giant-light-up-black-spider\/","title":{"rendered":"Riesige leuchtende schwarze Spinne"},"content":{"rendered":"<p>Verleihen Sie Ihrer Halloween-Dekoration mit dieser riesigen, beleuchteten schwarzen Spinne einen gruseligen Touch. Mit einer Spannweite von 53 Zoll, pelzigen B\u00fcscheln an den Knien, einem runden, flauschigen K\u00f6rper und gl\u00fchenden roten Augen ist sie darauf ausgelegt, Aufmerksamkeit zu erregen und Besucher zu beunruhigen. Die Spinne verf\u00fcgt au\u00dferdem \u00fcber unheimliche Mundwerkzeuge und eine Schlaufe zum einfachen Aufh\u00e4ngen an T\u00fcren, W\u00e4nden oder Decken. Ob als Teil einer Spukdekoration oder als Begr\u00fc\u00dfung f\u00fcr S\u00fc\u00dfigkeiten-Sucher, diese riesige beleuchtete Spinne wird den G\u00e4sten sicher einen Schrecken einjagen.<\/p>\n<p>Pr\u00fcfen Sie unsere mehr <a href=\"https:\/\/madabouthorror.co.uk\/de\/c\/halloween\/decorations\/creatures-spiders-decorations\/\">Spinnendekorationen<\/a> hier!<\/p>","protected":false},"excerpt":{"rendered":"<p>Verleihe deinem Halloween-Setup mit dieser riesigen, beleuchteten schwarzen Spinne einen gruseligen Touch. Mit einer Spannweite von 53 Zoll, pelzigen B\u00fcscheln an den Knien, einem runden, flauschigen K\u00f6rper und rot leuchtenden Augen ist sie darauf ausgelegt, Aufmerksamkeit zu erregen und Besucher zu beunruhigen. Die Spinne verf\u00fcgt au\u00dferdem \u00fcber unheimliche Mundwerkzeuge und eine Schlaufe zum einfachen Aufh\u00e4ngen an T\u00fcren, [\u2026]<\/p>","protected":false},"featured_media":54479,"comment_status":"closed","ping_status":"closed","template":"","meta":{"_acf_changed":false},"product_brand":[],"product_cat":[10108,6550,6547,6549],"product_tag":[],"class_list":{"0":"post-54483","1":"product","2":"type-product","3":"status-publish","4":"has-post-thumbnail","6":"product_cat-light-up-halloween-decorations","7":"product_cat-graveyard-decorations","8":"product_cat-decorations","9":"product_cat-haunted-house","11":"first","12":"instock","13":"taxable","14":"shipping-taxable","15":"purchasable","16":"product-type-simple"},"supplier_id":467908,"supplier_sku":"AR-MR123288","barcode":"842445111879","atum_controlled":true,"out_stock_date":null,"out_stock_threshold":null,"inheritable":false,"inbound_stock":0,"stock_on_hold":0,"sold_today":0,"sales_last_days":0,"reserved_stock":0,"customer_returns":0,"warehouse_damage":0,"lost_in_post":0,"other_logs":0,"out_stock_days":0,"lost_sales":0,"has_location":false,"update_date":"2026-04-24T00:35:19","atum_locations":[],"atum_stock_status":"instock","restock_status":false,"low_stock_amount":"","sales_update_date":"2026-04-24T00:35:17","calc_backorders":null,"acf":[],"yoast_head":"<!-- This site is optimized with the Yoast SEO plugin v27.4 - https:\/\/yoast.com\/product\/yoast-seo-wordpress\/ -->\n<title>Giant Light Up Black Spider - Halloween Prop<\/title>\n<meta name=\"description\" content=\"Giant Light Up Black Spider. Horror collectibles and Halloween props available from Madabouthorror, Europe\u2019s leading horror specialist.\" \/>\n<meta name=\"robots\" content=\"index, follow, max-snippet:-1, max-image-preview:large, max-video-preview:-1\" \/>\n<link rel=\"canonical\" href=\"https:\/\/madabouthorror.co.uk\/de\/product\/giant-light-up-black-spider\/\" \/>\n<meta property=\"og:locale\" content=\"de_DE\" \/>\n<meta property=\"og:type\" content=\"article\" \/>\n<meta property=\"og:title\" content=\"Giant Light Up Black Spider - Halloween Prop\" \/>\n<meta property=\"og:description\" content=\"Giant Light Up Black Spider. Horror collectibles and Halloween props available from Madabouthorror, Europe\u2019s leading horror specialist.\" \/>\n<meta property=\"og:url\" content=\"https:\/\/madabouthorror.co.uk\/de\/product\/giant-light-up-black-spider\/\" \/>\n<meta property=\"og:site_name\" content=\"Mad About Horror\" \/>\n<meta property=\"article:publisher\" content=\"https:\/\/www.facebook.com\/madabouthorror\/\" \/>\n<meta property=\"article:modified_time\" content=\"2025-08-13T09:17:37+00:00\" \/>\n<meta property=\"og:image\" content=\"https:\/\/madabouthorror.co.uk\/wp-content\/uploads\/2022\/08\/giant_black_spider_halloween_prop.jpg\" \/>\n\t<meta property=\"og:image:width\" content=\"670\" \/>\n\t<meta property=\"og:image:height\" content=\"670\" \/>\n\t<meta property=\"og:image:type\" content=\"image\/jpeg\" \/>\n<meta name=\"twitter:card\" content=\"summary_large_image\" \/>\n<meta name=\"twitter:label1\" content=\"Gesch\u00e4tzte Lesezeit\" \/>\n\t<meta name=\"twitter:data1\" content=\"1\u00a0Minute\" \/>\n<script type=\"application\/ld+json\" class=\"yoast-schema-graph\">{\"@context\":\"https:\\\/\\\/schema.org\",\"@graph\":[{\"@type\":[\"WebPage\",\"ItemPage\"],\"@id\":\"https:\\\/\\\/madabouthorror.co.uk\\\/product\\\/giant-light-up-black-spider\\\/\",\"url\":\"https:\\\/\\\/madabouthorror.co.uk\\\/product\\\/giant-light-up-black-spider\\\/\",\"name\":\"Giant Light Up Black Spider - Halloween Prop\",\"isPartOf\":{\"@id\":\"https:\\\/\\\/madabouthorror.co.uk\\\/#website\"},\"primaryImageOfPage\":{\"@id\":\"https:\\\/\\\/madabouthorror.co.uk\\\/product\\\/giant-light-up-black-spider\\\/#primaryimage\"},\"image\":{\"@id\":\"https:\\\/\\\/madabouthorror.co.uk\\\/product\\\/giant-light-up-black-spider\\\/#primaryimage\"},\"thumbnailUrl\":\"https:\\\/\\\/madabouthorror.co.uk\\\/wp-content\\\/uploads\\\/2022\\\/08\\\/giant_black_spider_halloween_prop.jpg\",\"datePublished\":\"2025-01-27T12:32:59+00:00\",\"dateModified\":\"2025-08-13T09:17:37+00:00\",\"description\":\"Giant Light Up Black Spider. Horror collectibles and Halloween props available from Madabouthorror, Europe\u2019s leading horror specialist.\",\"breadcrumb\":{\"@id\":\"https:\\\/\\\/madabouthorror.co.uk\\\/product\\\/giant-light-up-black-spider\\\/#breadcrumb\"},\"inLanguage\":\"de\",\"potentialAction\":[{\"@type\":\"ReadAction\",\"target\":[\"https:\\\/\\\/madabouthorror.co.uk\\\/product\\\/giant-light-up-black-spider\\\/\"]}]},{\"@type\":\"ImageObject\",\"inLanguage\":\"de\",\"@id\":\"https:\\\/\\\/madabouthorror.co.uk\\\/product\\\/giant-light-up-black-spider\\\/#primaryimage\",\"url\":\"https:\\\/\\\/madabouthorror.co.uk\\\/wp-content\\\/uploads\\\/2022\\\/08\\\/giant_black_spider_halloween_prop.jpg\",\"contentUrl\":\"https:\\\/\\\/madabouthorror.co.uk\\\/wp-content\\\/uploads\\\/2022\\\/08\\\/giant_black_spider_halloween_prop.jpg\",\"width\":670,\"height\":670,\"caption\":\"Giant Light Up Black Spider - Halloween Decoration\"},{\"@type\":\"BreadcrumbList\",\"@id\":\"https:\\\/\\\/madabouthorror.co.uk\\\/product\\\/giant-light-up-black-spider\\\/#breadcrumb\",\"itemListElement\":[{\"@type\":\"ListItem\",\"position\":1,\"name\":\"Shop\",\"item\":\"https:\\\/\\\/madabouthorror.co.uk\\\/shop\\\/\"},{\"@type\":\"ListItem\",\"position\":2,\"name\":\"Giant Light Up Black Spider\"}]},{\"@type\":\"WebSite\",\"@id\":\"https:\\\/\\\/madabouthorror.co.uk\\\/#website\",\"url\":\"https:\\\/\\\/madabouthorror.co.uk\\\/\",\"name\":\"Mad About Horror\",\"description\":\"\",\"publisher\":{\"@id\":\"https:\\\/\\\/madabouthorror.co.uk\\\/#organization\"},\"alternateName\":\"Mad About Horror Limited\",\"potentialAction\":[{\"@type\":\"SearchAction\",\"target\":{\"@type\":\"EntryPoint\",\"urlTemplate\":\"https:\\\/\\\/madabouthorror.co.uk\\\/?s={search_term_string}\"},\"query-input\":{\"@type\":\"PropertyValueSpecification\",\"valueRequired\":true,\"valueName\":\"search_term_string\"}}],\"inLanguage\":\"de\"},{\"@type\":\"Organization\",\"@id\":\"https:\\\/\\\/madabouthorror.co.uk\\\/#organization\",\"name\":\"Mad About Horror\",\"url\":\"https:\\\/\\\/madabouthorror.co.uk\\\/\",\"logo\":{\"@type\":\"ImageObject\",\"inLanguage\":\"de\",\"@id\":\"https:\\\/\\\/madabouthorror.co.uk\\\/#\\\/schema\\\/logo\\\/image\\\/\",\"url\":\"https:\\\/\\\/madabouthorror.co.uk\\\/wp-content\\\/uploads\\\/2024\\\/02\\\/cropped-Logo.png\",\"contentUrl\":\"https:\\\/\\\/madabouthorror.co.uk\\\/wp-content\\\/uploads\\\/2024\\\/02\\\/cropped-Logo.png\",\"width\":240,\"height\":88,\"caption\":\"Mad About Horror\"},\"image\":{\"@id\":\"https:\\\/\\\/madabouthorror.co.uk\\\/#\\\/schema\\\/logo\\\/image\\\/\"},\"sameAs\":[\"https:\\\/\\\/www.facebook.com\\\/madabouthorror\\\/\",\"https:\\\/\\\/www.instagram.com\\\/madabouthorror\\\/\",\"https:\\\/\\\/www.pinterest.co.uk\\\/madabouthorror\\\/\",\"https:\\\/\\\/www.youtube.com\\\/channel\\\/UCBooLOIxjoQ89dj6T5lWm_w\",\"https:\\\/\\\/www.tiktok.com\\\/@weremadabouthorror\"]}]}<\/script>\n<!-- \/ Yoast SEO plugin. -->","yoast_head_json":{"title":"Riesige beleuchtete schwarze Spinne - Halloween-Requisite","description":"Riesige leuchtende schwarze Spinne. Horror-Sammlerst\u00fccke und Halloween-Requisiten erh\u00e4ltlich bei Madabouthorror, Europas f\u00fchrendem Horrorspezialisten.","robots":{"index":"index","follow":"follow","max-snippet":"max-snippet:-1","max-image-preview":"max-image-preview:large","max-video-preview":"max-video-preview:-1"},"canonical":"https:\/\/madabouthorror.co.uk\/de\/product\/giant-light-up-black-spider\/","og_locale":"de_DE","og_type":"article","og_title":"Giant Light Up Black Spider - Halloween Prop","og_description":"Giant Light Up Black Spider. Horror collectibles and Halloween props available from Madabouthorror, Europe\u2019s leading horror specialist.","og_url":"https:\/\/madabouthorror.co.uk\/de\/product\/giant-light-up-black-spider\/","og_site_name":"Mad About Horror","article_publisher":"https:\/\/www.facebook.com\/madabouthorror\/","article_modified_time":"2025-08-13T09:17:37+00:00","og_image":[{"width":670,"height":670,"url":"https:\/\/madabouthorror.co.uk\/wp-content\/uploads\/2022\/08\/giant_black_spider_halloween_prop.jpg","type":"image\/jpeg"}],"twitter_card":"summary_large_image","twitter_misc":{"Gesch\u00e4tzte Lesezeit":"1\u00a0Minute"},"schema":{"@context":"https:\/\/schema.org","@graph":[{"@type":["WebPage","ItemPage"],"@id":"https:\/\/madabouthorror.co.uk\/product\/giant-light-up-black-spider\/","url":"https:\/\/madabouthorror.co.uk\/product\/giant-light-up-black-spider\/","name":"Riesige beleuchtete schwarze Spinne - Halloween-Requisite","isPartOf":{"@id":"https:\/\/madabouthorror.co.uk\/#website"},"primaryImageOfPage":{"@id":"https:\/\/madabouthorror.co.uk\/product\/giant-light-up-black-spider\/#primaryimage"},"image":{"@id":"https:\/\/madabouthorror.co.uk\/product\/giant-light-up-black-spider\/#primaryimage"},"thumbnailUrl":"https:\/\/madabouthorror.co.uk\/wp-content\/uploads\/2022\/08\/giant_black_spider_halloween_prop.jpg","datePublished":"2025-01-27T12:32:59+00:00","dateModified":"2025-08-13T09:17:37+00:00","description":"Riesige leuchtende schwarze Spinne. Horror-Sammlerst\u00fccke und Halloween-Requisiten erh\u00e4ltlich bei Madabouthorror, Europas f\u00fchrendem Horrorspezialisten.","breadcrumb":{"@id":"https:\/\/madabouthorror.co.uk\/product\/giant-light-up-black-spider\/#breadcrumb"},"inLanguage":"de","potentialAction":[{"@type":"ReadAction","target":["https:\/\/madabouthorror.co.uk\/product\/giant-light-up-black-spider\/"]}]},{"@type":"ImageObject","inLanguage":"de","@id":"https:\/\/madabouthorror.co.uk\/product\/giant-light-up-black-spider\/#primaryimage","url":"https:\/\/madabouthorror.co.uk\/wp-content\/uploads\/2022\/08\/giant_black_spider_halloween_prop.jpg","contentUrl":"https:\/\/madabouthorror.co.uk\/wp-content\/uploads\/2022\/08\/giant_black_spider_halloween_prop.jpg","width":670,"height":670,"caption":"Giant Light Up Black Spider - Halloween Decoration"},{"@type":"BreadcrumbList","@id":"https:\/\/madabouthorror.co.uk\/product\/giant-light-up-black-spider\/#breadcrumb","itemListElement":[{"@type":"ListItem","position":1,"name":"Shop","item":"https:\/\/madabouthorror.co.uk\/shop\/"},{"@type":"ListItem","position":2,"name":"Giant Light Up Black Spider"}]},{"@type":"WebSite","@id":"https:\/\/madabouthorror.co.uk\/#website","url":"https:\/\/madabouthorror.co.uk\/","name":"Verr\u00fcckt nach Horror","description":"","publisher":{"@id":"https:\/\/madabouthorror.co.uk\/#organization"},"alternateName":"Mad About Horror Limited","potentialAction":[{"@type":"SearchAction","target":{"@type":"EntryPoint","urlTemplate":"https:\/\/madabouthorror.co.uk\/?s={search_term_string}"},"query-input":{"@type":"PropertyValueSpecification","valueRequired":true,"valueName":"search_term_string"}}],"inLanguage":"de"},{"@type":"Organization","@id":"https:\/\/madabouthorror.co.uk\/#organization","name":"Verr\u00fcckt nach Horror","url":"https:\/\/madabouthorror.co.uk\/","logo":{"@type":"ImageObject","inLanguage":"de","@id":"https:\/\/madabouthorror.co.uk\/#\/schema\/logo\/image\/","url":"https:\/\/madabouthorror.co.uk\/wp-content\/uploads\/2024\/02\/cropped-Logo.png","contentUrl":"https:\/\/madabouthorror.co.uk\/wp-content\/uploads\/2024\/02\/cropped-Logo.png","width":240,"height":88,"caption":"Mad About Horror"},"image":{"@id":"https:\/\/madabouthorror.co.uk\/#\/schema\/logo\/image\/"},"sameAs":["https:\/\/www.facebook.com\/madabouthorror\/","https:\/\/www.instagram.com\/madabouthorror\/","https:\/\/www.pinterest.co.uk\/madabouthorror\/","https:\/\/www.youtube.com\/channel\/UCBooLOIxjoQ89dj6T5lWm_w","https:\/\/www.tiktok.com\/@weremadabouthorror"]}]}},"df_price":145.78,"df_sale_price":"","df_regular_price":145.78,"df_image_link":"https:\/\/madabouthorror.co.uk\/wp-content\/uploads\/2022\/08\/giant_black_spider_halloween_prop-300x300.jpg","_links":{"self":[{"href":"https:\/\/madabouthorror.co.uk\/de\/wp-json\/wp\/v2\/product\/54483","targetHints":{"allow":["GET"]}}],"collection":[{"href":"https:\/\/madabouthorror.co.uk\/de\/wp-json\/wp\/v2\/product"}],"about":[{"href":"https:\/\/madabouthorror.co.uk\/de\/wp-json\/wp\/v2\/types\/product"}],"replies":[{"embeddable":true,"href":"https:\/\/madabouthorror.co.uk\/de\/wp-json\/wp\/v2\/comments?post=54483"}],"wp:featuredmedia":[{"embeddable":true,"href":"https:\/\/madabouthorror.co.uk\/de\/wp-json\/wp\/v2\/media\/54479"}],"wp:attachment":[{"href":"https:\/\/madabouthorror.co.uk\/de\/wp-json\/wp\/v2\/media?parent=54483"}],"wp:term":[{"taxonomy":"product_brand","embeddable":true,"href":"https:\/\/madabouthorror.co.uk\/de\/wp-json\/wp\/v2\/product_brand?post=54483"},{"taxonomy":"product_cat","embeddable":true,"href":"https:\/\/madabouthorror.co.uk\/de\/wp-json\/wp\/v2\/product_cat?post=54483"},{"taxonomy":"product_tag","embeddable":true,"href":"https:\/\/madabouthorror.co.uk\/de\/wp-json\/wp\/v2\/product_tag?post=54483"}],"curies":[{"name":"wp","href":"https:\/\/api.w.org\/{rel}","templated":true}]}}