{"id":545083,"date":"2025-07-10T16:44:03","date_gmt":"2025-07-10T15:44:03","guid":{"rendered":"https:\/\/madabouthorror.co.uk\/?post_type=product&#038;p=545083"},"modified":"2026-02-06T15:14:08","modified_gmt":"2026-02-06T15:14:08","slug":"bobby-strings","status":"publish","type":"product","link":"https:\/\/madabouthorror.co.uk\/de\/product\/bobby-strings\/","title":{"rendered":"7.7ft Bobby Strings Animatronic (Spirit Halloween)"},"content":{"rendered":"<p data-start=\"366\" data-end=\"725\">Vorstellung des Bobby Strings Puppen-Animatronics von Spirit Halloween!<\/p>\n<p data-start=\"366\" data-end=\"725\">Nenn ihn keinen Idioten\u2026 es sei denn, du willst dich seiner verdrehten Vorstellung anschlie\u00dfen. Bobby Strings wurde f\u00fcr die B\u00fchne geboren, aber seine Tanztr\u00e4ume nahmen eine dunkle Wendung. Nachdem ein mysteri\u00f6ser Ausbilder ihn in eine menschliche Marionette verwandelt hatte, wurde Bobby gezwungen, Nacht f\u00fcr Nacht unter dem verfluchten Scheinwerferlicht aufzutreten. Jetzt ist er bereit, seine unheimliche Vorstellung in deine Halloween-Dekoration zu bringen.<\/p>\n<p data-start=\"727\" data-end=\"1053\">Bobby Strings, der mit beeindruckenden 2,35 Metern Gr\u00f6\u00dfe aufwartet, bewegt sich, als w\u00fcrde er von einem Marionettenspieler gesteuert \u2013 seine Gliedma\u00dfen ragen bis zu 20 Zentimeter heraus und schwingen auf und ab wie eine lebendig gewordene Marionette. Seine leuchtenden Augen flackern auf, als er sechs gruselige S\u00e4tze in einer Mischung aus monotonen T\u00f6nen, verdrehten Kichern und geschichteten d\u00e4monischen Stimmen von sich gibt.<\/p>\n<p data-start=\"1055\" data-end=\"1246\">Ganz gleich, ob Sie ein Spukhaus bauen oder einfach nur S\u00fc\u00dfigkeiten-Sammler auf die bestm\u00f6gliche Weise erschrecken wollen, dieser Bobby Strings Puppen-Animatronic sorgt f\u00fcr gro\u00dfe Schrecken und eine Theaterpr\u00e4senz in Ihrer Halloween-Dekoration.<\/p>\n<p data-start=\"1248\" data-end=\"1261\">","protected":false},"excerpt":{"rendered":"<p>Wir stellen die Bobby Strings Puppen-Animatronik von Spirit Halloween vor! Nennen Sie ihn keinen Dummkopf ... es sei denn, Sie m\u00f6chten an seiner verdrehten Vorstellung teilnehmen. Bobby Strings wurde f\u00fcr die B\u00fchne geboren, aber seine Tanztr\u00e4ume nahmen eine dunkle Wendung. Nachdem ihn ein mysteri\u00f6ser Lehrer in eine menschliche Marionette verwandelt hatte, musste Bobby Nacht f\u00fcr Nacht auftreten [...]<\/p>","protected":false},"featured_media":547951,"comment_status":"closed","ping_status":"closed","template":"","meta":{"_acf_changed":false},"product_brand":[],"product_cat":[10131,10110,6963,9839,7049,7050,6797],"product_tag":[],"class_list":{"0":"post-545083","1":"product","2":"type-product","3":"status-publish","4":"has-post-thumbnail","6":"product_cat-halloween-gifts","7":"product_cat-us-imports","8":"product_cat-animatronics","9":"product_cat-spirit-halloween-animatronics","10":"product_cat-dolls","11":"product_cat-haunted-house-animatronics","12":"product_cat-spirit-halloween-uk-stockist","13":"product_shipping_class-props","15":"first","16":"outofstock","17":"taxable","18":"shipping-taxable","19":"purchasable","20":"product-type-simple"},"supplier_id":538712,"supplier_sku":"LA25-085","barcode":null,"atum_controlled":true,"out_stock_date":"2025-10-23 15:07:20","out_stock_threshold":null,"inheritable":false,"inbound_stock":0,"stock_on_hold":0,"sold_today":0,"sales_last_days":0,"reserved_stock":0,"customer_returns":0,"warehouse_damage":0,"lost_in_post":0,"other_logs":0,"out_stock_days":192,"lost_sales":10970,"has_location":false,"update_date":"2026-05-04T00:46:14","atum_locations":[],"atum_stock_status":"outofstock","restock_status":false,"low_stock_amount":"","sales_update_date":"2026-05-04T00:46:13","calc_backorders":null,"acf":[],"yoast_head":"<!-- This site is optimized with the Yoast SEO plugin v27.5 - https:\/\/yoast.com\/product\/yoast-seo-wordpress\/ -->\n<title>7.7ft Bobby Strings Animatronic (Spirit Halloween) | Mad About Horror<\/title>\n<meta name=\"description\" content=\"Bobby Strings Animatronic Puppet. Shop Horror collectibles and Halloween props. Europe&#039;s leading horror collectibles specialist.\" \/>\n<meta name=\"robots\" content=\"index, follow, max-snippet:-1, max-image-preview:large, max-video-preview:-1\" \/>\n<link rel=\"canonical\" href=\"https:\/\/madabouthorror.co.uk\/de\/product\/bobby-strings\/\" \/>\n<meta property=\"og:locale\" content=\"de_DE\" \/>\n<meta property=\"og:type\" content=\"article\" \/>\n<meta property=\"og:title\" content=\"7.7ft Bobby Strings Animatronic (Spirit Halloween) | Mad About Horror\" \/>\n<meta property=\"og:description\" content=\"Bobby Strings Animatronic Puppet. Shop Horror collectibles and Halloween props. Europe&#039;s leading horror collectibles specialist.\" \/>\n<meta property=\"og:url\" content=\"https:\/\/madabouthorror.co.uk\/de\/product\/bobby-strings\/\" \/>\n<meta property=\"og:site_name\" content=\"Mad About Horror\" \/>\n<meta property=\"article:publisher\" content=\"https:\/\/www.facebook.com\/madabouthorror\/\" \/>\n<meta property=\"article:modified_time\" content=\"2026-02-06T15:14:08+00:00\" \/>\n<meta property=\"og:image\" content=\"https:\/\/madabouthorror.co.uk\/wp-content\/uploads\/2025\/07\/Untitled-1-2.jpg\" \/>\n\t<meta property=\"og:image:width\" content=\"1772\" \/>\n\t<meta property=\"og:image:height\" content=\"1772\" \/>\n\t<meta property=\"og:image:type\" content=\"image\/jpeg\" \/>\n<meta name=\"twitter:card\" content=\"summary_large_image\" \/>\n<meta name=\"twitter:label1\" content=\"Gesch\u00e4tzte Lesezeit\" \/>\n\t<meta name=\"twitter:data1\" content=\"1\u00a0Minute\" \/>\n<script type=\"application\/ld+json\" class=\"yoast-schema-graph\">{\"@context\":\"https:\\\/\\\/schema.org\",\"@graph\":[{\"@type\":[\"WebPage\",\"ItemPage\"],\"@id\":\"https:\\\/\\\/madabouthorror.co.uk\\\/product\\\/bobby-strings\\\/\",\"url\":\"https:\\\/\\\/madabouthorror.co.uk\\\/product\\\/bobby-strings\\\/\",\"name\":\"7.7ft Bobby Strings Animatronic (Spirit Halloween) | Mad About Horror\",\"isPartOf\":{\"@id\":\"https:\\\/\\\/madabouthorror.co.uk\\\/#website\"},\"primaryImageOfPage\":{\"@id\":\"https:\\\/\\\/madabouthorror.co.uk\\\/product\\\/bobby-strings\\\/#primaryimage\"},\"image\":{\"@id\":\"https:\\\/\\\/madabouthorror.co.uk\\\/product\\\/bobby-strings\\\/#primaryimage\"},\"thumbnailUrl\":\"https:\\\/\\\/madabouthorror.co.uk\\\/wp-content\\\/uploads\\\/2025\\\/07\\\/Untitled-1-2.jpg\",\"datePublished\":\"2025-07-10T15:44:03+00:00\",\"dateModified\":\"2026-02-06T15:14:08+00:00\",\"description\":\"Bobby Strings Animatronic Puppet. Shop Horror collectibles and Halloween props. Europe's leading horror collectibles specialist.\",\"breadcrumb\":{\"@id\":\"https:\\\/\\\/madabouthorror.co.uk\\\/product\\\/bobby-strings\\\/#breadcrumb\"},\"inLanguage\":\"de\",\"potentialAction\":[{\"@type\":\"ReadAction\",\"target\":[\"https:\\\/\\\/madabouthorror.co.uk\\\/product\\\/bobby-strings\\\/\"]}]},{\"@type\":\"ImageObject\",\"inLanguage\":\"de\",\"@id\":\"https:\\\/\\\/madabouthorror.co.uk\\\/product\\\/bobby-strings\\\/#primaryimage\",\"url\":\"https:\\\/\\\/madabouthorror.co.uk\\\/wp-content\\\/uploads\\\/2025\\\/07\\\/Untitled-1-2.jpg\",\"contentUrl\":\"https:\\\/\\\/madabouthorror.co.uk\\\/wp-content\\\/uploads\\\/2025\\\/07\\\/Untitled-1-2.jpg\",\"width\":1772,\"height\":1772,\"caption\":\"Bobby Strings Animatronic Puppet\"},{\"@type\":\"BreadcrumbList\",\"@id\":\"https:\\\/\\\/madabouthorror.co.uk\\\/product\\\/bobby-strings\\\/#breadcrumb\",\"itemListElement\":[{\"@type\":\"ListItem\",\"position\":1,\"name\":\"Shop\",\"item\":\"https:\\\/\\\/madabouthorror.co.uk\\\/shop\\\/\"},{\"@type\":\"ListItem\",\"position\":2,\"name\":\"7.7ft Bobby Strings Animatronic (Spirit Halloween)\"}]},{\"@type\":\"WebSite\",\"@id\":\"https:\\\/\\\/madabouthorror.co.uk\\\/#website\",\"url\":\"https:\\\/\\\/madabouthorror.co.uk\\\/\",\"name\":\"Mad About Horror\",\"description\":\"\",\"publisher\":{\"@id\":\"https:\\\/\\\/madabouthorror.co.uk\\\/#organization\"},\"alternateName\":\"Mad About Horror Limited\",\"potentialAction\":[{\"@type\":\"SearchAction\",\"target\":{\"@type\":\"EntryPoint\",\"urlTemplate\":\"https:\\\/\\\/madabouthorror.co.uk\\\/?s={search_term_string}\"},\"query-input\":{\"@type\":\"PropertyValueSpecification\",\"valueRequired\":true,\"valueName\":\"search_term_string\"}}],\"inLanguage\":\"de\"},{\"@type\":\"Organization\",\"@id\":\"https:\\\/\\\/madabouthorror.co.uk\\\/#organization\",\"name\":\"Mad About Horror\",\"url\":\"https:\\\/\\\/madabouthorror.co.uk\\\/\",\"logo\":{\"@type\":\"ImageObject\",\"inLanguage\":\"de\",\"@id\":\"https:\\\/\\\/madabouthorror.co.uk\\\/#\\\/schema\\\/logo\\\/image\\\/\",\"url\":\"https:\\\/\\\/madabouthorror.co.uk\\\/wp-content\\\/uploads\\\/2024\\\/02\\\/cropped-Logo.png\",\"contentUrl\":\"https:\\\/\\\/madabouthorror.co.uk\\\/wp-content\\\/uploads\\\/2024\\\/02\\\/cropped-Logo.png\",\"width\":240,\"height\":88,\"caption\":\"Mad About Horror\"},\"image\":{\"@id\":\"https:\\\/\\\/madabouthorror.co.uk\\\/#\\\/schema\\\/logo\\\/image\\\/\"},\"sameAs\":[\"https:\\\/\\\/www.facebook.com\\\/madabouthorror\\\/\",\"https:\\\/\\\/www.instagram.com\\\/madabouthorror\\\/\",\"https:\\\/\\\/www.pinterest.co.uk\\\/madabouthorror\\\/\",\"https:\\\/\\\/www.youtube.com\\\/channel\\\/UCBooLOIxjoQ89dj6T5lWm_w\",\"https:\\\/\\\/www.tiktok.com\\\/@weremadabouthorror\"]}]}<\/script>\n<!-- \/ Yoast SEO plugin. -->","yoast_head_json":{"title":"7,7 ft Bobby Strings Animatronic (Spirit Halloween) | Mad About Horror","description":"Bobby Strings Animatronic Puppe. Kaufen Sie Horror-Sammlerst\u00fccke und Halloween-Requisiten. Europas f\u00fchrender Spezialist f\u00fcr Horror-Sammlerst\u00fccke.","robots":{"index":"index","follow":"follow","max-snippet":"max-snippet:-1","max-image-preview":"max-image-preview:large","max-video-preview":"max-video-preview:-1"},"canonical":"https:\/\/madabouthorror.co.uk\/de\/product\/bobby-strings\/","og_locale":"de_DE","og_type":"article","og_title":"7.7ft Bobby Strings Animatronic (Spirit Halloween) | Mad About Horror","og_description":"Bobby Strings Animatronic Puppet. Shop Horror collectibles and Halloween props. Europe's leading horror collectibles specialist.","og_url":"https:\/\/madabouthorror.co.uk\/de\/product\/bobby-strings\/","og_site_name":"Mad About Horror","article_publisher":"https:\/\/www.facebook.com\/madabouthorror\/","article_modified_time":"2026-02-06T15:14:08+00:00","og_image":[{"width":1772,"height":1772,"url":"https:\/\/madabouthorror.co.uk\/wp-content\/uploads\/2025\/07\/Untitled-1-2.jpg","type":"image\/jpeg"}],"twitter_card":"summary_large_image","twitter_misc":{"Gesch\u00e4tzte Lesezeit":"1\u00a0Minute"},"schema":{"@context":"https:\/\/schema.org","@graph":[{"@type":["WebPage","ItemPage"],"@id":"https:\/\/madabouthorror.co.uk\/product\/bobby-strings\/","url":"https:\/\/madabouthorror.co.uk\/product\/bobby-strings\/","name":"7,7 ft Bobby Strings Animatronic (Spirit Halloween) | Mad About Horror","isPartOf":{"@id":"https:\/\/madabouthorror.co.uk\/#website"},"primaryImageOfPage":{"@id":"https:\/\/madabouthorror.co.uk\/product\/bobby-strings\/#primaryimage"},"image":{"@id":"https:\/\/madabouthorror.co.uk\/product\/bobby-strings\/#primaryimage"},"thumbnailUrl":"https:\/\/madabouthorror.co.uk\/wp-content\/uploads\/2025\/07\/Untitled-1-2.jpg","datePublished":"2025-07-10T15:44:03+00:00","dateModified":"2026-02-06T15:14:08+00:00","description":"Bobby Strings Animatronic Puppe. Kaufen Sie Horror-Sammlerst\u00fccke und Halloween-Requisiten. Europas f\u00fchrender Spezialist f\u00fcr Horror-Sammlerst\u00fccke.","breadcrumb":{"@id":"https:\/\/madabouthorror.co.uk\/product\/bobby-strings\/#breadcrumb"},"inLanguage":"de","potentialAction":[{"@type":"ReadAction","target":["https:\/\/madabouthorror.co.uk\/product\/bobby-strings\/"]}]},{"@type":"ImageObject","inLanguage":"de","@id":"https:\/\/madabouthorror.co.uk\/product\/bobby-strings\/#primaryimage","url":"https:\/\/madabouthorror.co.uk\/wp-content\/uploads\/2025\/07\/Untitled-1-2.jpg","contentUrl":"https:\/\/madabouthorror.co.uk\/wp-content\/uploads\/2025\/07\/Untitled-1-2.jpg","width":1772,"height":1772,"caption":"Bobby Strings Animatronic Puppet"},{"@type":"BreadcrumbList","@id":"https:\/\/madabouthorror.co.uk\/product\/bobby-strings\/#breadcrumb","itemListElement":[{"@type":"ListItem","position":1,"name":"Shop","item":"https:\/\/madabouthorror.co.uk\/shop\/"},{"@type":"ListItem","position":2,"name":"7.7ft Bobby Strings Animatronic (Spirit Halloween)"}]},{"@type":"WebSite","@id":"https:\/\/madabouthorror.co.uk\/#website","url":"https:\/\/madabouthorror.co.uk\/","name":"Verr\u00fcckt nach Horror","description":"","publisher":{"@id":"https:\/\/madabouthorror.co.uk\/#organization"},"alternateName":"Mad About Horror Limited","potentialAction":[{"@type":"SearchAction","target":{"@type":"EntryPoint","urlTemplate":"https:\/\/madabouthorror.co.uk\/?s={search_term_string}"},"query-input":{"@type":"PropertyValueSpecification","valueRequired":true,"valueName":"search_term_string"}}],"inLanguage":"de"},{"@type":"Organization","@id":"https:\/\/madabouthorror.co.uk\/#organization","name":"Verr\u00fcckt nach Horror","url":"https:\/\/madabouthorror.co.uk\/","logo":{"@type":"ImageObject","inLanguage":"de","@id":"https:\/\/madabouthorror.co.uk\/#\/schema\/logo\/image\/","url":"https:\/\/madabouthorror.co.uk\/wp-content\/uploads\/2024\/02\/cropped-Logo.png","contentUrl":"https:\/\/madabouthorror.co.uk\/wp-content\/uploads\/2024\/02\/cropped-Logo.png","width":240,"height":88,"caption":"Mad About Horror"},"image":{"@id":"https:\/\/madabouthorror.co.uk\/#\/schema\/logo\/image\/"},"sameAs":["https:\/\/www.facebook.com\/madabouthorror\/","https:\/\/www.instagram.com\/madabouthorror\/","https:\/\/www.pinterest.co.uk\/madabouthorror\/","https:\/\/www.youtube.com\/channel\/UCBooLOIxjoQ89dj6T5lWm_w","https:\/\/www.tiktok.com\/@weremadabouthorror"]}]}},"df_price":399.95,"df_sale_price":"","df_regular_price":399.95,"df_image_link":"https:\/\/madabouthorror.co.uk\/wp-content\/uploads\/2025\/07\/Untitled-1-2-300x300.jpg","_links":{"self":[{"href":"https:\/\/madabouthorror.co.uk\/de\/wp-json\/wp\/v2\/product\/545083","targetHints":{"allow":["GET"]}}],"collection":[{"href":"https:\/\/madabouthorror.co.uk\/de\/wp-json\/wp\/v2\/product"}],"about":[{"href":"https:\/\/madabouthorror.co.uk\/de\/wp-json\/wp\/v2\/types\/product"}],"replies":[{"embeddable":true,"href":"https:\/\/madabouthorror.co.uk\/de\/wp-json\/wp\/v2\/comments?post=545083"}],"wp:featuredmedia":[{"embeddable":true,"href":"https:\/\/madabouthorror.co.uk\/de\/wp-json\/wp\/v2\/media\/547951"}],"wp:attachment":[{"href":"https:\/\/madabouthorror.co.uk\/de\/wp-json\/wp\/v2\/media?parent=545083"}],"wp:term":[{"taxonomy":"product_brand","embeddable":true,"href":"https:\/\/madabouthorror.co.uk\/de\/wp-json\/wp\/v2\/product_brand?post=545083"},{"taxonomy":"product_cat","embeddable":true,"href":"https:\/\/madabouthorror.co.uk\/de\/wp-json\/wp\/v2\/product_cat?post=545083"},{"taxonomy":"product_tag","embeddable":true,"href":"https:\/\/madabouthorror.co.uk\/de\/wp-json\/wp\/v2\/product_tag?post=545083"}],"curies":[{"name":"wp","href":"https:\/\/api.w.org\/{rel}","templated":true}]}}