{"id":545120,"date":"2025-07-11T10:26:04","date_gmt":"2025-07-11T09:26:04","guid":{"rendered":"https:\/\/madabouthorror.co.uk\/?post_type=product&#038;p=545120"},"modified":"2026-04-29T19:59:43","modified_gmt":"2026-04-29T18:59:43","slug":"5-8ft-valak-the-nun-halloween-animatronic","status":"publish","type":"product","link":"https:\/\/madabouthorror.co.uk\/de\/product\/5-8ft-valak-the-nun-halloween-animatronic\/","title":{"rendered":"5,8ft Valak The Nun Halloween Animatronic (Spirit Halloween)"},"content":{"rendered":"<p data-start=\"249\" data-end=\"529\">Direkt von <em data-start=\"263\" data-end=\"287\">Das Universum der Beschw\u00f6rungen<\/em>Valak nimmt als diese schaurige, offiziell lizenzierte Animatronic eine neue, erschreckende Form an. Die Nonne ist fast 1,80 m gro\u00df und erwacht mit einer pl\u00f6tzlichen Bewegung zum Leben, indem sie ihre Arme ausbreitet und ihren Kopf mit erschreckender Geschwindigkeit anhebt.<\/p>\n<p data-start=\"531\" data-end=\"769\">Ausgel\u00f6st durch einen Infrarotsensor, st\u00fcrzt sich Valak mit einem Scherenmechanismus nach vorne, der einen realistischen Sprungschreck erzeugt. Unheimliche Glocken, knarrende T\u00fcren und Schreie ert\u00f6nen, wenn sie zuschl\u00e4gt - garantiert, dass es einem kalt den R\u00fccken runterl\u00e4uft. Importierte animierte Halloween-Requisite von Spirit Halloween.<\/p>\n<p data-start=\"776\" data-end=\"793\">Merkmale:<\/p>\n<ul data-start=\"794\" data-end=\"1154\">\n<li data-start=\"794\" data-end=\"857\">\n<p data-start=\"796\" data-end=\"857\">Schneller Ausfallschritt mit Heben des Kopfes und \u00d6ffnen der Arme<\/p>\n<\/li>\n<li data-start=\"858\" data-end=\"912\">\n<p data-start=\"860\" data-end=\"912\">IR-Sensor aktiviert f\u00fcr sofortige Schreckreaktion<\/p>\n<\/li>\n<li data-start=\"913\" data-end=\"983\">\n<p data-start=\"915\" data-end=\"983\">Spielt gespenstische Kl\u00e4nge: Glockenl\u00e4uten, knarrende T\u00fcren und Schreie<\/p>\n<\/li>\n<li data-start=\"984\" data-end=\"1043\">\n<p data-start=\"986\" data-end=\"1043\">Kompatibel mit externen Triggern (separat erh\u00e4ltlich)<\/p>\n<\/li>\n<li data-start=\"1044\" data-end=\"1108\">\n<p data-start=\"1046\" data-end=\"1108\">Lautst\u00e4rkeregler + Anschluss f\u00fcr externe Lautsprecher zur individuellen Anpassung<\/p>\n<\/li>\n<li data-start=\"1109\" data-end=\"1154\">\n<p data-start=\"1111\" data-end=\"1154\">Inklusive 3 Sands\u00e4cke f\u00fcr zus\u00e4tzliche Stabilit\u00e4t<\/p>\n<\/li>\n<\/ul>\n<p data-start=\"1330\" data-end=\"1344\">Technische Daten:<\/p>\n<ul data-start=\"1345\" data-end=\"1734\">\n<li data-start=\"1345\" data-end=\"1383\">\n<p data-start=\"1347\" data-end=\"1383\">H\u00f6he: 66,5\u2033 (erweiterbar auf 68\u2033)<\/p>\n<\/li>\n<li data-start=\"1384\" data-end=\"1420\">\n<p data-start=\"1386\" data-end=\"1420\">L\u00e4nge: 42\u2033 (erweiterbar auf 56\u2033)<\/p>\n<\/li>\n<li data-start=\"1421\" data-end=\"1460\">\n<p data-start=\"1423\" data-end=\"1460\">Breite: 21,5\u2033 (erweiterbar auf 31,5\u2033)<\/p>\n<\/li>\n<li data-start=\"1461\" data-end=\"1488\">\n<p data-start=\"1463\" data-end=\"1488\">Kabell\u00e4nge: 7 Fu\u00df<\/p>\n<\/li>\n<li data-start=\"1489\" data-end=\"1512\">\n<p data-start=\"1491\" data-end=\"1512\">Gewicht: ~37 lbs<\/p>\n<\/li>\n<li data-start=\"1513\" data-end=\"1566\">\n<p data-start=\"1515\" data-end=\"1566\">Material: Kunststoff, Stoff, Metall, Elektronik<\/p>\n<\/li>\n<li data-start=\"1567\" data-end=\"1596\">\n<p data-start=\"1569\" data-end=\"1596\">Pflege: Nur punktuell reinigen<\/p>\n<\/li>\n<li data-start=\"1597\" data-end=\"1651\">\n<p data-start=\"1599\" data-end=\"1651\">Box Abmessungen: 20,67\u2033 H x 27,17\u2033 L x 15,55\u2033 W<\/p>\n<\/li>\n<\/ul>\n<div><b>Wird mit einem UK-Netzadapter geliefert<\/b>. <i>Verwenden Sie nur den mitgelieferten Netzadapter, da falsche Netzadapter Sch\u00e4den verursachen k\u00f6nnen.<\/i><\/div>\n<div><\/div>\n<div>\n<div><b>F\u00fcr die \u00fcberdachte Veranda oder f\u00fcr den Innenbereich.<\/b> <i>Bei Verwendung im Freien vor Witterungseinfl\u00fcssen sch\u00fctzen und nicht \u00fcber einen l\u00e4ngeren Zeitraum im Freien stehen lassen.<\/i><\/div>\n<div><\/div>\n<div><b>Bitte beachten:<\/b><i> Diese Requisiten sind nicht f\u00fcr den intensiven kommerziellen Gebrauch geeignet, d. h. sie sollten nicht \u00fcber l\u00e4ngere Zeitr\u00e4ume, z. B. tagelang, betrieben werden. Sie sind f\u00fcr die Verwendung an Halloween gedacht. Wenn Sie Fragen dazu haben, fragen Sie bitte.<\/i><\/div>\n<\/div>","protected":false},"excerpt":{"rendered":"<p>Direkt aus dem Universum von The Conjuring nimmt Valak als diese schaurige, offiziell lizenzierte Animatronic eine neue, erschreckende Form an. Die Nonne ist fast 1,80 m gro\u00df und erwacht mit einer pl\u00f6tzlichen Bewegung zum Leben, wobei sie ihre Arme ausbreitet und ihren Kopf mit erschreckender Geschwindigkeit hebt. Ausgel\u00f6st durch einen Infrarotsensor, st\u00fcrzt sich Valak mit einem Scherenmechanismus nach vorne, der [...]<\/p>","protected":false},"featured_media":545148,"comment_status":"closed","ping_status":"closed","template":"","meta":{"_acf_changed":false},"product_brand":[],"product_cat":[10068,10131,10158,10108,10110,10093,10033,10107,10094,6547,6549,6963,9839,7050,6571,7054,7058],"product_tag":[],"class_list":{"0":"post-545120","1":"product","2":"type-product","3":"status-publish","4":"has-post-thumbnail","6":"product_cat-halloween-decorations-2025","7":"product_cat-halloween-gifts","8":"product_cat-in-stock-animatronics","9":"product_cat-light-up-halloween-decorations","10":"product_cat-us-imports","11":"product_cat-indoor-halloween-decorations","12":"product_cat-jump-scare","13":"product_cat-licensed-halloween-decorations","14":"product_cat-outdoor-halloween-decorations","15":"product_cat-decorations","16":"product_cat-haunted-house","17":"product_cat-animatronics","18":"product_cat-spirit-halloween-animatronics","19":"product_cat-haunted-house-animatronics","20":"product_cat-just-arrived","21":"product_cat-movie-tv-props","22":"product_cat-ghosts-demons","23":"product_shipping_class-props","25":"first","26":"instock","27":"taxable","28":"shipping-taxable","29":"purchasable","30":"product-type-simple"},"supplier_id":471382,"supplier_sku":"01776533","barcode":null,"atum_controlled":true,"out_stock_date":null,"out_stock_threshold":null,"inheritable":false,"inbound_stock":0,"stock_on_hold":1,"sold_today":0,"sales_last_days":1,"reserved_stock":0,"customer_returns":0,"warehouse_damage":0,"lost_in_post":0,"other_logs":0,"out_stock_days":0,"lost_sales":0,"has_location":false,"update_date":"2026-04-30T02:12:15","atum_locations":[],"atum_stock_status":"instock","restock_status":true,"low_stock_amount":"","sales_update_date":"2026-04-30T02:12:14","calc_backorders":null,"acf":[],"yoast_head":"<!-- This site is optimized with the Yoast SEO plugin v27.5 - https:\/\/yoast.com\/product\/yoast-seo-wordpress\/ -->\n<title>5.8ft Valak The Nun Halloween Animatronic (Spirit Halloween) | UK<\/title>\n<meta name=\"description\" content=\"The Nun Halloween Animatronic - Valak. Official UK Stockist of Spirit Halloween. Shop Horror collectibles and Halloween props. UK Stock\" \/>\n<meta name=\"robots\" content=\"index, follow, max-snippet:-1, max-image-preview:large, max-video-preview:-1\" \/>\n<link rel=\"canonical\" href=\"https:\/\/madabouthorror.co.uk\/de\/product\/5-8ft-valak-the-nun-halloween-animatronic\/\" \/>\n<meta property=\"og:locale\" content=\"de_DE\" \/>\n<meta property=\"og:type\" content=\"article\" \/>\n<meta property=\"og:title\" content=\"5.8ft Valak The Nun Halloween Animatronic (Spirit Halloween) | UK\" \/>\n<meta property=\"og:description\" content=\"The Nun Halloween Animatronic - Valak. Official UK Stockist of Spirit Halloween. Shop Horror collectibles and Halloween props. UK Stock\" \/>\n<meta property=\"og:url\" content=\"https:\/\/madabouthorror.co.uk\/de\/product\/5-8ft-valak-the-nun-halloween-animatronic\/\" \/>\n<meta property=\"og:site_name\" content=\"Mad About Horror\" \/>\n<meta property=\"article:publisher\" content=\"https:\/\/www.facebook.com\/madabouthorror\/\" \/>\n<meta property=\"article:modified_time\" content=\"2026-04-29T18:59:43+00:00\" \/>\n<meta property=\"og:image\" content=\"https:\/\/madabouthorror.co.uk\/wp-content\/uploads\/2025\/07\/02.jpg\" \/>\n\t<meta property=\"og:image:width\" content=\"1500\" \/>\n\t<meta property=\"og:image:height\" content=\"1500\" \/>\n\t<meta property=\"og:image:type\" content=\"image\/jpeg\" \/>\n<meta name=\"twitter:card\" content=\"summary_large_image\" \/>\n<meta name=\"twitter:label1\" content=\"Gesch\u00e4tzte Lesezeit\" \/>\n\t<meta name=\"twitter:data1\" content=\"2\u00a0Minuten\" \/>\n<script type=\"application\/ld+json\" class=\"yoast-schema-graph\">{\"@context\":\"https:\\\/\\\/schema.org\",\"@graph\":[{\"@type\":[\"WebPage\",\"ItemPage\"],\"@id\":\"https:\\\/\\\/madabouthorror.co.uk\\\/product\\\/5-8ft-valak-the-nun-halloween-animatronic\\\/\",\"url\":\"https:\\\/\\\/madabouthorror.co.uk\\\/product\\\/5-8ft-valak-the-nun-halloween-animatronic\\\/\",\"name\":\"5.8ft Valak The Nun Halloween Animatronic (Spirit Halloween) | UK\",\"isPartOf\":{\"@id\":\"https:\\\/\\\/madabouthorror.co.uk\\\/#website\"},\"primaryImageOfPage\":{\"@id\":\"https:\\\/\\\/madabouthorror.co.uk\\\/product\\\/5-8ft-valak-the-nun-halloween-animatronic\\\/#primaryimage\"},\"image\":{\"@id\":\"https:\\\/\\\/madabouthorror.co.uk\\\/product\\\/5-8ft-valak-the-nun-halloween-animatronic\\\/#primaryimage\"},\"thumbnailUrl\":\"https:\\\/\\\/madabouthorror.co.uk\\\/wp-content\\\/uploads\\\/2025\\\/07\\\/02.jpg\",\"datePublished\":\"2025-07-11T09:26:04+00:00\",\"dateModified\":\"2026-04-29T18:59:43+00:00\",\"description\":\"The Nun Halloween Animatronic - Valak. Official UK Stockist of Spirit Halloween. Shop Horror collectibles and Halloween props. UK Stock\",\"breadcrumb\":{\"@id\":\"https:\\\/\\\/madabouthorror.co.uk\\\/product\\\/5-8ft-valak-the-nun-halloween-animatronic\\\/#breadcrumb\"},\"inLanguage\":\"de\",\"potentialAction\":[{\"@type\":\"ReadAction\",\"target\":[\"https:\\\/\\\/madabouthorror.co.uk\\\/product\\\/5-8ft-valak-the-nun-halloween-animatronic\\\/\"]}]},{\"@type\":\"ImageObject\",\"inLanguage\":\"de\",\"@id\":\"https:\\\/\\\/madabouthorror.co.uk\\\/product\\\/5-8ft-valak-the-nun-halloween-animatronic\\\/#primaryimage\",\"url\":\"https:\\\/\\\/madabouthorror.co.uk\\\/wp-content\\\/uploads\\\/2025\\\/07\\\/02.jpg\",\"contentUrl\":\"https:\\\/\\\/madabouthorror.co.uk\\\/wp-content\\\/uploads\\\/2025\\\/07\\\/02.jpg\",\"width\":1500,\"height\":1500,\"caption\":\"The Nun Halloween Animatronic\"},{\"@type\":\"BreadcrumbList\",\"@id\":\"https:\\\/\\\/madabouthorror.co.uk\\\/product\\\/5-8ft-valak-the-nun-halloween-animatronic\\\/#breadcrumb\",\"itemListElement\":[{\"@type\":\"ListItem\",\"position\":1,\"name\":\"Shop\",\"item\":\"https:\\\/\\\/madabouthorror.co.uk\\\/shop\\\/\"},{\"@type\":\"ListItem\",\"position\":2,\"name\":\"5.8ft Valak The Nun Halloween Animatronic (Spirit Halloween)\"}]},{\"@type\":\"WebSite\",\"@id\":\"https:\\\/\\\/madabouthorror.co.uk\\\/#website\",\"url\":\"https:\\\/\\\/madabouthorror.co.uk\\\/\",\"name\":\"Mad About Horror\",\"description\":\"\",\"publisher\":{\"@id\":\"https:\\\/\\\/madabouthorror.co.uk\\\/#organization\"},\"alternateName\":\"Mad About Horror Limited\",\"potentialAction\":[{\"@type\":\"SearchAction\",\"target\":{\"@type\":\"EntryPoint\",\"urlTemplate\":\"https:\\\/\\\/madabouthorror.co.uk\\\/?s={search_term_string}\"},\"query-input\":{\"@type\":\"PropertyValueSpecification\",\"valueRequired\":true,\"valueName\":\"search_term_string\"}}],\"inLanguage\":\"de\"},{\"@type\":\"Organization\",\"@id\":\"https:\\\/\\\/madabouthorror.co.uk\\\/#organization\",\"name\":\"Mad About Horror\",\"url\":\"https:\\\/\\\/madabouthorror.co.uk\\\/\",\"logo\":{\"@type\":\"ImageObject\",\"inLanguage\":\"de\",\"@id\":\"https:\\\/\\\/madabouthorror.co.uk\\\/#\\\/schema\\\/logo\\\/image\\\/\",\"url\":\"https:\\\/\\\/madabouthorror.co.uk\\\/wp-content\\\/uploads\\\/2024\\\/02\\\/cropped-Logo.png\",\"contentUrl\":\"https:\\\/\\\/madabouthorror.co.uk\\\/wp-content\\\/uploads\\\/2024\\\/02\\\/cropped-Logo.png\",\"width\":240,\"height\":88,\"caption\":\"Mad About Horror\"},\"image\":{\"@id\":\"https:\\\/\\\/madabouthorror.co.uk\\\/#\\\/schema\\\/logo\\\/image\\\/\"},\"sameAs\":[\"https:\\\/\\\/www.facebook.com\\\/madabouthorror\\\/\",\"https:\\\/\\\/www.instagram.com\\\/madabouthorror\\\/\",\"https:\\\/\\\/www.pinterest.co.uk\\\/madabouthorror\\\/\",\"https:\\\/\\\/www.youtube.com\\\/channel\\\/UCBooLOIxjoQ89dj6T5lWm_w\",\"https:\\\/\\\/www.tiktok.com\\\/@weremadabouthorror\"]}]}<\/script>\n<!-- \/ Yoast SEO plugin. -->","yoast_head_json":{"title":"5,8ft Valak The Nun Halloween Animatronic (Spirit Halloween) | UK","description":"Die Nonne Halloween Animatronic - Valak. Offizieller UK-H\u00e4ndler von Spirit Halloween. Shop Horror Sammlerst\u00fccke und Halloween Requisiten. UK Lager","robots":{"index":"index","follow":"follow","max-snippet":"max-snippet:-1","max-image-preview":"max-image-preview:large","max-video-preview":"max-video-preview:-1"},"canonical":"https:\/\/madabouthorror.co.uk\/de\/product\/5-8ft-valak-the-nun-halloween-animatronic\/","og_locale":"de_DE","og_type":"article","og_title":"5.8ft Valak The Nun Halloween Animatronic (Spirit Halloween) | UK","og_description":"The Nun Halloween Animatronic - Valak. Official UK Stockist of Spirit Halloween. Shop Horror collectibles and Halloween props. UK Stock","og_url":"https:\/\/madabouthorror.co.uk\/de\/product\/5-8ft-valak-the-nun-halloween-animatronic\/","og_site_name":"Mad About Horror","article_publisher":"https:\/\/www.facebook.com\/madabouthorror\/","article_modified_time":"2026-04-29T18:59:43+00:00","og_image":[{"width":1500,"height":1500,"url":"https:\/\/madabouthorror.co.uk\/wp-content\/uploads\/2025\/07\/02.jpg","type":"image\/jpeg"}],"twitter_card":"summary_large_image","twitter_misc":{"Gesch\u00e4tzte Lesezeit":"2\u00a0Minuten"},"schema":{"@context":"https:\/\/schema.org","@graph":[{"@type":["WebPage","ItemPage"],"@id":"https:\/\/madabouthorror.co.uk\/product\/5-8ft-valak-the-nun-halloween-animatronic\/","url":"https:\/\/madabouthorror.co.uk\/product\/5-8ft-valak-the-nun-halloween-animatronic\/","name":"5,8ft Valak The Nun Halloween Animatronic (Spirit Halloween) | UK","isPartOf":{"@id":"https:\/\/madabouthorror.co.uk\/#website"},"primaryImageOfPage":{"@id":"https:\/\/madabouthorror.co.uk\/product\/5-8ft-valak-the-nun-halloween-animatronic\/#primaryimage"},"image":{"@id":"https:\/\/madabouthorror.co.uk\/product\/5-8ft-valak-the-nun-halloween-animatronic\/#primaryimage"},"thumbnailUrl":"https:\/\/madabouthorror.co.uk\/wp-content\/uploads\/2025\/07\/02.jpg","datePublished":"2025-07-11T09:26:04+00:00","dateModified":"2026-04-29T18:59:43+00:00","description":"Die Nonne Halloween Animatronic - Valak. Offizieller UK-H\u00e4ndler von Spirit Halloween. Shop Horror Sammlerst\u00fccke und Halloween Requisiten. UK Lager","breadcrumb":{"@id":"https:\/\/madabouthorror.co.uk\/product\/5-8ft-valak-the-nun-halloween-animatronic\/#breadcrumb"},"inLanguage":"de","potentialAction":[{"@type":"ReadAction","target":["https:\/\/madabouthorror.co.uk\/product\/5-8ft-valak-the-nun-halloween-animatronic\/"]}]},{"@type":"ImageObject","inLanguage":"de","@id":"https:\/\/madabouthorror.co.uk\/product\/5-8ft-valak-the-nun-halloween-animatronic\/#primaryimage","url":"https:\/\/madabouthorror.co.uk\/wp-content\/uploads\/2025\/07\/02.jpg","contentUrl":"https:\/\/madabouthorror.co.uk\/wp-content\/uploads\/2025\/07\/02.jpg","width":1500,"height":1500,"caption":"The Nun Halloween Animatronic"},{"@type":"BreadcrumbList","@id":"https:\/\/madabouthorror.co.uk\/product\/5-8ft-valak-the-nun-halloween-animatronic\/#breadcrumb","itemListElement":[{"@type":"ListItem","position":1,"name":"Shop","item":"https:\/\/madabouthorror.co.uk\/shop\/"},{"@type":"ListItem","position":2,"name":"5.8ft Valak The Nun Halloween Animatronic (Spirit Halloween)"}]},{"@type":"WebSite","@id":"https:\/\/madabouthorror.co.uk\/#website","url":"https:\/\/madabouthorror.co.uk\/","name":"Verr\u00fcckt nach Horror","description":"","publisher":{"@id":"https:\/\/madabouthorror.co.uk\/#organization"},"alternateName":"Mad About Horror Limited","potentialAction":[{"@type":"SearchAction","target":{"@type":"EntryPoint","urlTemplate":"https:\/\/madabouthorror.co.uk\/?s={search_term_string}"},"query-input":{"@type":"PropertyValueSpecification","valueRequired":true,"valueName":"search_term_string"}}],"inLanguage":"de"},{"@type":"Organization","@id":"https:\/\/madabouthorror.co.uk\/#organization","name":"Verr\u00fcckt nach Horror","url":"https:\/\/madabouthorror.co.uk\/","logo":{"@type":"ImageObject","inLanguage":"de","@id":"https:\/\/madabouthorror.co.uk\/#\/schema\/logo\/image\/","url":"https:\/\/madabouthorror.co.uk\/wp-content\/uploads\/2024\/02\/cropped-Logo.png","contentUrl":"https:\/\/madabouthorror.co.uk\/wp-content\/uploads\/2024\/02\/cropped-Logo.png","width":240,"height":88,"caption":"Mad About Horror"},"image":{"@id":"https:\/\/madabouthorror.co.uk\/#\/schema\/logo\/image\/"},"sameAs":["https:\/\/www.facebook.com\/madabouthorror\/","https:\/\/www.instagram.com\/madabouthorror\/","https:\/\/www.pinterest.co.uk\/madabouthorror\/","https:\/\/www.youtube.com\/channel\/UCBooLOIxjoQ89dj6T5lWm_w","https:\/\/www.tiktok.com\/@weremadabouthorror"]}]}},"df_price":599.95,"df_sale_price":"","df_regular_price":599.95,"df_image_link":"https:\/\/madabouthorror.co.uk\/wp-content\/uploads\/2025\/07\/02-300x300.jpg","_links":{"self":[{"href":"https:\/\/madabouthorror.co.uk\/de\/wp-json\/wp\/v2\/product\/545120","targetHints":{"allow":["GET"]}}],"collection":[{"href":"https:\/\/madabouthorror.co.uk\/de\/wp-json\/wp\/v2\/product"}],"about":[{"href":"https:\/\/madabouthorror.co.uk\/de\/wp-json\/wp\/v2\/types\/product"}],"replies":[{"embeddable":true,"href":"https:\/\/madabouthorror.co.uk\/de\/wp-json\/wp\/v2\/comments?post=545120"}],"wp:featuredmedia":[{"embeddable":true,"href":"https:\/\/madabouthorror.co.uk\/de\/wp-json\/wp\/v2\/media\/545148"}],"wp:attachment":[{"href":"https:\/\/madabouthorror.co.uk\/de\/wp-json\/wp\/v2\/media?parent=545120"}],"wp:term":[{"taxonomy":"product_brand","embeddable":true,"href":"https:\/\/madabouthorror.co.uk\/de\/wp-json\/wp\/v2\/product_brand?post=545120"},{"taxonomy":"product_cat","embeddable":true,"href":"https:\/\/madabouthorror.co.uk\/de\/wp-json\/wp\/v2\/product_cat?post=545120"},{"taxonomy":"product_tag","embeddable":true,"href":"https:\/\/madabouthorror.co.uk\/de\/wp-json\/wp\/v2\/product_tag?post=545120"}],"curies":[{"name":"wp","href":"https:\/\/api.w.org\/{rel}","templated":true}]}}