{"id":545144,"date":"2025-07-11T11:12:44","date_gmt":"2025-07-11T10:12:44","guid":{"rendered":"https:\/\/madabouthorror.co.uk\/?post_type=product&#038;p=545144"},"modified":"2026-04-28T07:16:31","modified_gmt":"2026-04-28T06:16:31","slug":"electrified-corpse-halloween-animatronic","status":"publish","type":"product","link":"https:\/\/madabouthorror.co.uk\/de\/product\/electrified-corpse-halloween-animatronic\/","title":{"rendered":"Elektrifizierte Leiche Halloween Animatronic (Spirit Halloween)"},"content":{"rendered":"<p data-start=\"173\" data-end=\"214\">Stromsto\u00df... aus dem Jenseits. Er hat nur seinen Job gemacht - bis 10.000 Volt ihn in eine menschliche Z\u00fcndschnur verwandelt haben. Jetzt zuckt der elektrifizierte Leichnam endlos, versengt und schreiend, f\u00fcr immer gefangen in den Stromkreisen einer verfluchten U-Bahn-Linie.<\/p>\n<p data-start=\"426\" data-end=\"702\">Dieser Hochspannungs-Horror h\u00e4ngt 3 Fu\u00df 6 Zoll lang und zuckt heftig und leuchtet mit schockierenden gelben LEDs in seinen Augen, seinem Mund und den freiliegenden Kabeln. Sein K\u00f6rper zuckt bei jeder Ersch\u00fctterung, w\u00e4hrend qualvolle Schreie und Stromschlagger\u00e4usche durch die Dunkelheit hallen. Importierte animierte Halloween-Requisite von Spirit Halloween.<\/p>\n<p data-start=\"709\" data-end=\"726\">Merkmale:<\/p>\n<ul data-start=\"727\" data-end=\"981\">\n<li data-start=\"727\" data-end=\"757\">\n<p data-start=\"729\" data-end=\"757\">Heftige Sch\u00fcttelbewegung<\/p>\n<\/li>\n<li data-start=\"758\" data-end=\"809\">\n<p data-start=\"760\" data-end=\"809\">Gelbe LED-Leuchten in Augen, Mund und Dr\u00e4hten<\/p>\n<\/li>\n<li data-start=\"810\" data-end=\"864\">\n<p data-start=\"812\" data-end=\"864\">Realistische Schreie und elektrische Soundeffekte<\/p>\n<\/li>\n<li data-start=\"865\" data-end=\"924\">\n<p data-start=\"867\" data-end=\"924\">Grausiger, halber K\u00f6rperausschnitt mit verkohltem unteren Torso<\/p>\n<\/li>\n<li data-start=\"925\" data-end=\"981\">\n<p data-start=\"927\" data-end=\"981\">Perfekt f\u00fcr Szenen in der U-Bahn, im Irrenhaus oder in der Folterkammer<\/p>\n<\/li>\n<\/ul>\n<p><b>Wird mit einem UK-Netzadapter geliefert<\/b>. <i>Verwenden Sie nur den mitgelieferten Netzadapter, da falsche Netzadapter Sch\u00e4den verursachen k\u00f6nnen.<\/i><\/p>\n<div>\n<div><b>F\u00fcr die \u00fcberdachte Veranda oder f\u00fcr den Innenbereich.<\/b> <i>Bei Verwendung im Freien vor Witterungseinfl\u00fcssen sch\u00fctzen und nicht \u00fcber einen l\u00e4ngeren Zeitraum im Freien stehen lassen.<\/i><\/div>\n<div><\/div>\n<div><b>Bitte beachten:<\/b><i> Diese Requisiten sind nicht f\u00fcr den intensiven kommerziellen Gebrauch geeignet, d. h. sie sollten nicht \u00fcber l\u00e4ngere Zeitr\u00e4ume, z. B. tagelang, betrieben werden. Sie sind f\u00fcr die Verwendung an Halloween gedacht. Wenn Sie Fragen dazu haben, fragen Sie bitte.<\/i><\/div>\n<\/div>","protected":false},"excerpt":{"rendered":"<p>\u00dcberspannung\u2026 aus dem Jenseits. Er tat nur seinen Dienst \u2013 bis 10.000 Volt ihn in eine menschliche Sicherung verwandelten. Jetzt zuckt die elektrisierte Leiche endlos, versengt und schreiend, f\u00fcr immer gefangen in den Schaltkreisen einer verfluchten U-Bahn-Linie. Dieser Hochspannungs-Horror ist 3 Fu\u00df und 6 Zoll lang und kr\u00fcmmt sich heftig, erhellt sich mit schockierenden [\u2026]<\/p>","protected":false},"featured_media":545779,"comment_status":"closed","ping_status":"closed","template":"","meta":{"_acf_changed":false},"product_brand":[],"product_cat":[10068,10131,10108,10110,10093,10094,6547,6963,9839,7053,6571],"product_tag":[],"class_list":{"0":"post-545144","1":"product","2":"type-product","3":"status-publish","4":"has-post-thumbnail","6":"product_cat-halloween-decorations-2025","7":"product_cat-halloween-gifts","8":"product_cat-light-up-halloween-decorations","9":"product_cat-us-imports","10":"product_cat-indoor-halloween-decorations","11":"product_cat-outdoor-halloween-decorations","12":"product_cat-decorations","13":"product_cat-animatronics","14":"product_cat-spirit-halloween-animatronics","15":"product_cat-animated-props-zombies","16":"product_cat-just-arrived","17":"product_shipping_class-props","19":"first","20":"instock","21":"taxable","22":"shipping-taxable","23":"purchasable","24":"product-type-simple"},"supplier_id":471382,"supplier_sku":"","barcode":null,"atum_controlled":true,"out_stock_date":null,"out_stock_threshold":null,"inheritable":false,"inbound_stock":0,"stock_on_hold":0,"sold_today":1,"sales_last_days":1,"reserved_stock":0,"customer_returns":0,"warehouse_damage":0,"lost_in_post":0,"other_logs":0,"out_stock_days":0,"lost_sales":0,"has_location":false,"update_date":"2026-04-28T08:36:03","atum_locations":[],"atum_stock_status":"instock","restock_status":false,"low_stock_amount":"","sales_update_date":"2026-04-28T08:36:00","calc_backorders":null,"acf":[],"yoast_head":"<!-- This site is optimized with the Yoast SEO plugin v27.5 - https:\/\/yoast.com\/product\/yoast-seo-wordpress\/ -->\n<title>Electrified Corpse Halloween Animatronic (Spirit Halloween) | Mad About Horror<\/title>\n<meta name=\"description\" content=\"Electrified Corpse Halloween Animatronic. Animated Halloween Prop. Official UK Stockist of Spirit Halloween. Shop Horror collectibles, UK Stock.\" \/>\n<meta name=\"robots\" content=\"index, follow, max-snippet:-1, max-image-preview:large, max-video-preview:-1\" \/>\n<link rel=\"canonical\" href=\"https:\/\/madabouthorror.co.uk\/de\/product\/electrified-corpse-halloween-animatronic\/\" \/>\n<meta property=\"og:locale\" content=\"de_DE\" \/>\n<meta property=\"og:type\" content=\"article\" \/>\n<meta property=\"og:title\" content=\"Electrified Corpse Halloween Animatronic (Spirit Halloween) | Mad About Horror\" \/>\n<meta property=\"og:description\" content=\"Electrified Corpse Halloween Animatronic. Animated Halloween Prop. Official UK Stockist of Spirit Halloween. Shop Horror collectibles, UK Stock.\" \/>\n<meta property=\"og:url\" content=\"https:\/\/madabouthorror.co.uk\/de\/product\/electrified-corpse-halloween-animatronic\/\" \/>\n<meta property=\"og:site_name\" content=\"Mad About Horror\" \/>\n<meta property=\"article:publisher\" content=\"https:\/\/www.facebook.com\/madabouthorror\/\" \/>\n<meta property=\"article:modified_time\" content=\"2026-04-28T06:16:31+00:00\" \/>\n<meta property=\"og:image\" content=\"https:\/\/madabouthorror.co.uk\/wp-content\/uploads\/2025\/07\/1-12-1024x1024.png\" \/>\n\t<meta property=\"og:image:width\" content=\"1024\" \/>\n\t<meta property=\"og:image:height\" content=\"1024\" \/>\n\t<meta property=\"og:image:type\" content=\"image\/png\" \/>\n<meta name=\"twitter:card\" content=\"summary_large_image\" \/>\n<meta name=\"twitter:label1\" content=\"Gesch\u00e4tzte Lesezeit\" \/>\n\t<meta name=\"twitter:data1\" content=\"2\u00a0Minuten\" \/>\n<script type=\"application\/ld+json\" class=\"yoast-schema-graph\">{\"@context\":\"https:\\\/\\\/schema.org\",\"@graph\":[{\"@type\":[\"WebPage\",\"ItemPage\"],\"@id\":\"https:\\\/\\\/madabouthorror.co.uk\\\/product\\\/electrified-corpse-halloween-animatronic\\\/\",\"url\":\"https:\\\/\\\/madabouthorror.co.uk\\\/product\\\/electrified-corpse-halloween-animatronic\\\/\",\"name\":\"Electrified Corpse Halloween Animatronic (Spirit Halloween) | Mad About Horror\",\"isPartOf\":{\"@id\":\"https:\\\/\\\/madabouthorror.co.uk\\\/#website\"},\"primaryImageOfPage\":{\"@id\":\"https:\\\/\\\/madabouthorror.co.uk\\\/product\\\/electrified-corpse-halloween-animatronic\\\/#primaryimage\"},\"image\":{\"@id\":\"https:\\\/\\\/madabouthorror.co.uk\\\/product\\\/electrified-corpse-halloween-animatronic\\\/#primaryimage\"},\"thumbnailUrl\":\"https:\\\/\\\/madabouthorror.co.uk\\\/wp-content\\\/uploads\\\/2025\\\/07\\\/1-12.png\",\"datePublished\":\"2025-07-11T10:12:44+00:00\",\"dateModified\":\"2026-04-28T06:16:31+00:00\",\"description\":\"Electrified Corpse Halloween Animatronic. Animated Halloween Prop. Official UK Stockist of Spirit Halloween. Shop Horror collectibles, UK Stock.\",\"breadcrumb\":{\"@id\":\"https:\\\/\\\/madabouthorror.co.uk\\\/product\\\/electrified-corpse-halloween-animatronic\\\/#breadcrumb\"},\"inLanguage\":\"de\",\"potentialAction\":[{\"@type\":\"ReadAction\",\"target\":[\"https:\\\/\\\/madabouthorror.co.uk\\\/product\\\/electrified-corpse-halloween-animatronic\\\/\"]}]},{\"@type\":\"ImageObject\",\"inLanguage\":\"de\",\"@id\":\"https:\\\/\\\/madabouthorror.co.uk\\\/product\\\/electrified-corpse-halloween-animatronic\\\/#primaryimage\",\"url\":\"https:\\\/\\\/madabouthorror.co.uk\\\/wp-content\\\/uploads\\\/2025\\\/07\\\/1-12.png\",\"contentUrl\":\"https:\\\/\\\/madabouthorror.co.uk\\\/wp-content\\\/uploads\\\/2025\\\/07\\\/1-12.png\",\"width\":1500,\"height\":1500,\"caption\":\"Electrified Corpse Halloween Animatronic\"},{\"@type\":\"BreadcrumbList\",\"@id\":\"https:\\\/\\\/madabouthorror.co.uk\\\/product\\\/electrified-corpse-halloween-animatronic\\\/#breadcrumb\",\"itemListElement\":[{\"@type\":\"ListItem\",\"position\":1,\"name\":\"Shop\",\"item\":\"https:\\\/\\\/madabouthorror.co.uk\\\/shop\\\/\"},{\"@type\":\"ListItem\",\"position\":2,\"name\":\"Electrified Corpse Halloween Animatronic (Spirit Halloween)\"}]},{\"@type\":\"WebSite\",\"@id\":\"https:\\\/\\\/madabouthorror.co.uk\\\/#website\",\"url\":\"https:\\\/\\\/madabouthorror.co.uk\\\/\",\"name\":\"Mad About Horror\",\"description\":\"\",\"publisher\":{\"@id\":\"https:\\\/\\\/madabouthorror.co.uk\\\/#organization\"},\"alternateName\":\"Mad About Horror Limited\",\"potentialAction\":[{\"@type\":\"SearchAction\",\"target\":{\"@type\":\"EntryPoint\",\"urlTemplate\":\"https:\\\/\\\/madabouthorror.co.uk\\\/?s={search_term_string}\"},\"query-input\":{\"@type\":\"PropertyValueSpecification\",\"valueRequired\":true,\"valueName\":\"search_term_string\"}}],\"inLanguage\":\"de\"},{\"@type\":\"Organization\",\"@id\":\"https:\\\/\\\/madabouthorror.co.uk\\\/#organization\",\"name\":\"Mad About Horror\",\"url\":\"https:\\\/\\\/madabouthorror.co.uk\\\/\",\"logo\":{\"@type\":\"ImageObject\",\"inLanguage\":\"de\",\"@id\":\"https:\\\/\\\/madabouthorror.co.uk\\\/#\\\/schema\\\/logo\\\/image\\\/\",\"url\":\"https:\\\/\\\/madabouthorror.co.uk\\\/wp-content\\\/uploads\\\/2024\\\/02\\\/cropped-Logo.png\",\"contentUrl\":\"https:\\\/\\\/madabouthorror.co.uk\\\/wp-content\\\/uploads\\\/2024\\\/02\\\/cropped-Logo.png\",\"width\":240,\"height\":88,\"caption\":\"Mad About Horror\"},\"image\":{\"@id\":\"https:\\\/\\\/madabouthorror.co.uk\\\/#\\\/schema\\\/logo\\\/image\\\/\"},\"sameAs\":[\"https:\\\/\\\/www.facebook.com\\\/madabouthorror\\\/\",\"https:\\\/\\\/www.instagram.com\\\/madabouthorror\\\/\",\"https:\\\/\\\/www.pinterest.co.uk\\\/madabouthorror\\\/\",\"https:\\\/\\\/www.youtube.com\\\/channel\\\/UCBooLOIxjoQ89dj6T5lWm_w\",\"https:\\\/\\\/www.tiktok.com\\\/@weremadabouthorror\"]}]}<\/script>\n<!-- \/ Yoast SEO plugin. -->","yoast_head_json":{"title":"Elektrischer Leichen Halloween Animatronic (Spirit Halloween) | Mad About Horror","description":"Elektrische Leiche Halloween-Animatronic. Animiertes Halloween-Requisit. Offizieller britischer H\u00e4ndler von Spirit Halloween. Kaufe Horror-Sammlerst\u00fccke, UK-Lagerbestand.","robots":{"index":"index","follow":"follow","max-snippet":"max-snippet:-1","max-image-preview":"max-image-preview:large","max-video-preview":"max-video-preview:-1"},"canonical":"https:\/\/madabouthorror.co.uk\/de\/product\/electrified-corpse-halloween-animatronic\/","og_locale":"de_DE","og_type":"article","og_title":"Electrified Corpse Halloween Animatronic (Spirit Halloween) | Mad About Horror","og_description":"Electrified Corpse Halloween Animatronic. Animated Halloween Prop. Official UK Stockist of Spirit Halloween. Shop Horror collectibles, UK Stock.","og_url":"https:\/\/madabouthorror.co.uk\/de\/product\/electrified-corpse-halloween-animatronic\/","og_site_name":"Mad About Horror","article_publisher":"https:\/\/www.facebook.com\/madabouthorror\/","article_modified_time":"2026-04-28T06:16:31+00:00","og_image":[{"width":1024,"height":1024,"url":"https:\/\/madabouthorror.co.uk\/wp-content\/uploads\/2025\/07\/1-12-1024x1024.png","type":"image\/png"}],"twitter_card":"summary_large_image","twitter_misc":{"Gesch\u00e4tzte Lesezeit":"2\u00a0Minuten"},"schema":{"@context":"https:\/\/schema.org","@graph":[{"@type":["WebPage","ItemPage"],"@id":"https:\/\/madabouthorror.co.uk\/product\/electrified-corpse-halloween-animatronic\/","url":"https:\/\/madabouthorror.co.uk\/product\/electrified-corpse-halloween-animatronic\/","name":"Elektrischer Leichen Halloween Animatronic (Spirit Halloween) | Mad About Horror","isPartOf":{"@id":"https:\/\/madabouthorror.co.uk\/#website"},"primaryImageOfPage":{"@id":"https:\/\/madabouthorror.co.uk\/product\/electrified-corpse-halloween-animatronic\/#primaryimage"},"image":{"@id":"https:\/\/madabouthorror.co.uk\/product\/electrified-corpse-halloween-animatronic\/#primaryimage"},"thumbnailUrl":"https:\/\/madabouthorror.co.uk\/wp-content\/uploads\/2025\/07\/1-12.png","datePublished":"2025-07-11T10:12:44+00:00","dateModified":"2026-04-28T06:16:31+00:00","description":"Elektrische Leiche Halloween-Animatronic. Animiertes Halloween-Requisit. Offizieller britischer H\u00e4ndler von Spirit Halloween. Kaufe Horror-Sammlerst\u00fccke, UK-Lagerbestand.","breadcrumb":{"@id":"https:\/\/madabouthorror.co.uk\/product\/electrified-corpse-halloween-animatronic\/#breadcrumb"},"inLanguage":"de","potentialAction":[{"@type":"ReadAction","target":["https:\/\/madabouthorror.co.uk\/product\/electrified-corpse-halloween-animatronic\/"]}]},{"@type":"ImageObject","inLanguage":"de","@id":"https:\/\/madabouthorror.co.uk\/product\/electrified-corpse-halloween-animatronic\/#primaryimage","url":"https:\/\/madabouthorror.co.uk\/wp-content\/uploads\/2025\/07\/1-12.png","contentUrl":"https:\/\/madabouthorror.co.uk\/wp-content\/uploads\/2025\/07\/1-12.png","width":1500,"height":1500,"caption":"Electrified Corpse Halloween Animatronic"},{"@type":"BreadcrumbList","@id":"https:\/\/madabouthorror.co.uk\/product\/electrified-corpse-halloween-animatronic\/#breadcrumb","itemListElement":[{"@type":"ListItem","position":1,"name":"Shop","item":"https:\/\/madabouthorror.co.uk\/shop\/"},{"@type":"ListItem","position":2,"name":"Electrified Corpse Halloween Animatronic (Spirit Halloween)"}]},{"@type":"WebSite","@id":"https:\/\/madabouthorror.co.uk\/#website","url":"https:\/\/madabouthorror.co.uk\/","name":"Verr\u00fcckt nach Horror","description":"","publisher":{"@id":"https:\/\/madabouthorror.co.uk\/#organization"},"alternateName":"Mad About Horror Limited","potentialAction":[{"@type":"SearchAction","target":{"@type":"EntryPoint","urlTemplate":"https:\/\/madabouthorror.co.uk\/?s={search_term_string}"},"query-input":{"@type":"PropertyValueSpecification","valueRequired":true,"valueName":"search_term_string"}}],"inLanguage":"de"},{"@type":"Organization","@id":"https:\/\/madabouthorror.co.uk\/#organization","name":"Verr\u00fcckt nach Horror","url":"https:\/\/madabouthorror.co.uk\/","logo":{"@type":"ImageObject","inLanguage":"de","@id":"https:\/\/madabouthorror.co.uk\/#\/schema\/logo\/image\/","url":"https:\/\/madabouthorror.co.uk\/wp-content\/uploads\/2024\/02\/cropped-Logo.png","contentUrl":"https:\/\/madabouthorror.co.uk\/wp-content\/uploads\/2024\/02\/cropped-Logo.png","width":240,"height":88,"caption":"Mad About Horror"},"image":{"@id":"https:\/\/madabouthorror.co.uk\/#\/schema\/logo\/image\/"},"sameAs":["https:\/\/www.facebook.com\/madabouthorror\/","https:\/\/www.instagram.com\/madabouthorror\/","https:\/\/www.pinterest.co.uk\/madabouthorror\/","https:\/\/www.youtube.com\/channel\/UCBooLOIxjoQ89dj6T5lWm_w","https:\/\/www.tiktok.com\/@weremadabouthorror"]}]}},"df_price":299.95,"df_sale_price":"","df_regular_price":299.95,"df_image_link":"https:\/\/madabouthorror.co.uk\/wp-content\/uploads\/2025\/07\/1-12-300x300.png","_links":{"self":[{"href":"https:\/\/madabouthorror.co.uk\/de\/wp-json\/wp\/v2\/product\/545144","targetHints":{"allow":["GET"]}}],"collection":[{"href":"https:\/\/madabouthorror.co.uk\/de\/wp-json\/wp\/v2\/product"}],"about":[{"href":"https:\/\/madabouthorror.co.uk\/de\/wp-json\/wp\/v2\/types\/product"}],"replies":[{"embeddable":true,"href":"https:\/\/madabouthorror.co.uk\/de\/wp-json\/wp\/v2\/comments?post=545144"}],"wp:featuredmedia":[{"embeddable":true,"href":"https:\/\/madabouthorror.co.uk\/de\/wp-json\/wp\/v2\/media\/545779"}],"wp:attachment":[{"href":"https:\/\/madabouthorror.co.uk\/de\/wp-json\/wp\/v2\/media?parent=545144"}],"wp:term":[{"taxonomy":"product_brand","embeddable":true,"href":"https:\/\/madabouthorror.co.uk\/de\/wp-json\/wp\/v2\/product_brand?post=545144"},{"taxonomy":"product_cat","embeddable":true,"href":"https:\/\/madabouthorror.co.uk\/de\/wp-json\/wp\/v2\/product_cat?post=545144"},{"taxonomy":"product_tag","embeddable":true,"href":"https:\/\/madabouthorror.co.uk\/de\/wp-json\/wp\/v2\/product_tag?post=545144"}],"curies":[{"name":"wp","href":"https:\/\/api.w.org\/{rel}","templated":true}]}}