{"id":545598,"date":"2025-07-16T11:20:55","date_gmt":"2025-07-16T10:20:55","guid":{"rendered":"https:\/\/madabouthorror.co.uk\/?post_type=product&#038;p=545598"},"modified":"2026-02-06T15:14:01","modified_gmt":"2026-02-06T15:14:01","slug":"twisted-grandma-animated-prop-spirit-halloween","status":"publish","type":"product","link":"https:\/\/madabouthorror.co.uk\/de\/product\/twisted-grandma-animated-prop-spirit-halloween\/","title":{"rendered":"Verdrehte Oma Animierte Requisite (Spirit Halloween)"},"content":{"rendered":"<p data-start=\"59\" data-end=\"394\">Lassen Sie sich nicht von ihrem Nachthemd und ihren Hausschuhen t\u00e4uschen, Twisted Grandma verteilt keine Kekse mehr. Mit einer Gr\u00f6\u00dfe von 1,80 m ist diese gruselige Animatronic von Spirit Halloween bereit, jeden zu erschrecken, der ihr zu nahe kommt. Ihre leuchtend orangefarbenen Augen leuchten mit unheimlicher Intensit\u00e4t, und ihr Kopf dreht sich im Kreis, w\u00e4hrend sie zuckt und sich verrenkt.<\/p>\n<p data-start=\"59\" data-end=\"394\">Sie spricht drei beunruhigende S\u00e4tze, die jeweils mit boshaftem Lachen und unheimlichem Charme vorgetragen werden. Knochenknackende Soundeffekte und unvorhersehbare Bewegungen machen sie zu einer herausragenden Erg\u00e4nzung f\u00fcr jede Geisterausstellung. Ob sie in einem Flur lauert oder auf der Veranda wartet, Twisted Grandma ist alles andere als s\u00fc\u00df.<\/p>\n<p data-start=\"59\" data-end=\"394\">Bestellen Sie noch heute und f\u00fcgen Sie diese gruselige Animatronic zu Ihrer diesj\u00e4hrigen Halloween-Dekoration hinzu! Importiert von Spirit Halloween.<\/p>\n<div><b>Wird mit einem UK-Netzadapter geliefert<\/b>. <i>Verwenden Sie nur den mitgelieferten Netzadapter, da falsche Netzadapter Sch\u00e4den verursachen k\u00f6nnen.<\/i><\/div>\n<div><\/div>\n<div>\n<div><b>F\u00fcr die \u00fcberdachte Veranda oder f\u00fcr den Innenbereich.<\/b> <i>Bei Verwendung im Freien vor Witterungseinfl\u00fcssen sch\u00fctzen und nicht \u00fcber einen l\u00e4ngeren Zeitraum im Freien stehen lassen.<\/i><\/div>\n<div><\/div>\n<div><b>Bitte beachten:<\/b><i> Diese Requisiten sind nicht f\u00fcr den intensiven kommerziellen Gebrauch geeignet, d. h. sie sollten nicht \u00fcber l\u00e4ngere Zeitr\u00e4ume, z. B. tagelang, betrieben werden. Sie sind f\u00fcr die Verwendung an Halloween gedacht. Wenn Sie Fragen dazu haben, fragen Sie bitte.<\/i><\/div>\n<\/div>","protected":false},"excerpt":{"rendered":"<p>Lassen Sie sich nicht von ihrem Nachthemd und ihren Hausschuhen t\u00e4uschen, die Verwirrte Oma verteilt keine Kekse mehr. Diese gruselige Animatronik von Spirit Halloween, die 1,73 m gro\u00df ist, ist bereit, jeden zu erschrecken, der zu nahe kommt. Ihre leuchtend orangefarbenen Augen leuchten mit unheimlicher Intensit\u00e4t, und ihr Kopf dreht sich im Kreis, w\u00e4hrend sie ruckelt und sich verdreht. [\u2026]<\/p>","protected":false},"featured_media":545599,"comment_status":"closed","ping_status":"closed","template":"","meta":{"_acf_changed":false},"product_brand":[],"product_cat":[10131,10110,6547,10065,6963,9839,7050,7058],"product_tag":[],"class_list":{"0":"post-545598","1":"product","2":"type-product","3":"status-publish","4":"has-post-thumbnail","6":"product_cat-halloween-gifts","7":"product_cat-us-imports","8":"product_cat-decorations","9":"product_cat-halloween","10":"product_cat-animatronics","11":"product_cat-spirit-halloween-animatronics","12":"product_cat-haunted-house-animatronics","13":"product_cat-ghosts-demons","14":"product_shipping_class-props","16":"first","17":"instock","18":"taxable","19":"shipping-taxable","20":"purchasable","21":"product-type-simple"},"supplier_id":471382,"supplier_sku":"01802081","barcode":null,"atum_controlled":true,"out_stock_date":null,"out_stock_threshold":null,"inheritable":false,"inbound_stock":0,"stock_on_hold":0,"sold_today":0,"sales_last_days":0,"reserved_stock":0,"customer_returns":0,"warehouse_damage":0,"lost_in_post":0,"other_logs":0,"out_stock_days":0,"lost_sales":0,"has_location":false,"update_date":"2026-05-07T01:03:49","atum_locations":[],"atum_stock_status":"instock","restock_status":false,"low_stock_amount":"","sales_update_date":"2026-05-07T01:03:47","calc_backorders":null,"acf":[],"yoast_head":"<!-- This site is optimized with the Yoast SEO plugin v27.5 - https:\/\/yoast.com\/product\/yoast-seo-wordpress\/ -->\n<title>Twisted Grandma Animated Prop (Spirit Halloween) | Mad About Horror<\/title>\n<meta name=\"description\" content=\"Twisted Grandma Animatronic. Imported from Spirit Halloween. Huge range of quality Halloween props, masks and accessories. UK Stock.\" \/>\n<meta name=\"robots\" content=\"index, follow, max-snippet:-1, max-image-preview:large, max-video-preview:-1\" \/>\n<link rel=\"canonical\" href=\"https:\/\/madabouthorror.co.uk\/de\/product\/twisted-grandma-animated-prop-spirit-halloween\/\" \/>\n<meta property=\"og:locale\" content=\"de_DE\" \/>\n<meta property=\"og:type\" content=\"article\" \/>\n<meta property=\"og:title\" content=\"Twisted Grandma Animated Prop (Spirit Halloween) | Mad About Horror\" \/>\n<meta property=\"og:description\" content=\"Twisted Grandma Animatronic. Imported from Spirit Halloween. Huge range of quality Halloween props, masks and accessories. UK Stock.\" \/>\n<meta property=\"og:url\" content=\"https:\/\/madabouthorror.co.uk\/de\/product\/twisted-grandma-animated-prop-spirit-halloween\/\" \/>\n<meta property=\"og:site_name\" content=\"Mad About Horror\" \/>\n<meta property=\"article:publisher\" content=\"https:\/\/www.facebook.com\/madabouthorror\/\" \/>\n<meta property=\"article:modified_time\" content=\"2026-02-06T15:14:01+00:00\" \/>\n<meta property=\"og:image\" content=\"https:\/\/madabouthorror.co.uk\/wp-content\/uploads\/2025\/07\/cover-2.jpg\" \/>\n\t<meta property=\"og:image:width\" content=\"1772\" \/>\n\t<meta property=\"og:image:height\" content=\"1772\" \/>\n\t<meta property=\"og:image:type\" content=\"image\/jpeg\" \/>\n<meta name=\"twitter:card\" content=\"summary_large_image\" \/>\n<meta name=\"twitter:label1\" content=\"Gesch\u00e4tzte Lesezeit\" \/>\n\t<meta name=\"twitter:data1\" content=\"2\u00a0Minuten\" \/>\n<script type=\"application\/ld+json\" class=\"yoast-schema-graph\">{\"@context\":\"https:\\\/\\\/schema.org\",\"@graph\":[{\"@type\":[\"WebPage\",\"ItemPage\"],\"@id\":\"https:\\\/\\\/madabouthorror.co.uk\\\/product\\\/twisted-grandma-animated-prop-spirit-halloween\\\/\",\"url\":\"https:\\\/\\\/madabouthorror.co.uk\\\/product\\\/twisted-grandma-animated-prop-spirit-halloween\\\/\",\"name\":\"Twisted Grandma Animated Prop (Spirit Halloween) | Mad About Horror\",\"isPartOf\":{\"@id\":\"https:\\\/\\\/madabouthorror.co.uk\\\/#website\"},\"primaryImageOfPage\":{\"@id\":\"https:\\\/\\\/madabouthorror.co.uk\\\/product\\\/twisted-grandma-animated-prop-spirit-halloween\\\/#primaryimage\"},\"image\":{\"@id\":\"https:\\\/\\\/madabouthorror.co.uk\\\/product\\\/twisted-grandma-animated-prop-spirit-halloween\\\/#primaryimage\"},\"thumbnailUrl\":\"https:\\\/\\\/madabouthorror.co.uk\\\/wp-content\\\/uploads\\\/2025\\\/07\\\/cover-2.jpg\",\"datePublished\":\"2025-07-16T10:20:55+00:00\",\"dateModified\":\"2026-02-06T15:14:01+00:00\",\"description\":\"Twisted Grandma Animatronic. Imported from Spirit Halloween. Huge range of quality Halloween props, masks and accessories. UK Stock.\",\"breadcrumb\":{\"@id\":\"https:\\\/\\\/madabouthorror.co.uk\\\/product\\\/twisted-grandma-animated-prop-spirit-halloween\\\/#breadcrumb\"},\"inLanguage\":\"de\",\"potentialAction\":[{\"@type\":\"ReadAction\",\"target\":[\"https:\\\/\\\/madabouthorror.co.uk\\\/product\\\/twisted-grandma-animated-prop-spirit-halloween\\\/\"]}]},{\"@type\":\"ImageObject\",\"inLanguage\":\"de\",\"@id\":\"https:\\\/\\\/madabouthorror.co.uk\\\/product\\\/twisted-grandma-animated-prop-spirit-halloween\\\/#primaryimage\",\"url\":\"https:\\\/\\\/madabouthorror.co.uk\\\/wp-content\\\/uploads\\\/2025\\\/07\\\/cover-2.jpg\",\"contentUrl\":\"https:\\\/\\\/madabouthorror.co.uk\\\/wp-content\\\/uploads\\\/2025\\\/07\\\/cover-2.jpg\",\"width\":1772,\"height\":1772,\"caption\":\"Twisted Grandma - Creepy Halloween Animatronic\"},{\"@type\":\"BreadcrumbList\",\"@id\":\"https:\\\/\\\/madabouthorror.co.uk\\\/product\\\/twisted-grandma-animated-prop-spirit-halloween\\\/#breadcrumb\",\"itemListElement\":[{\"@type\":\"ListItem\",\"position\":1,\"name\":\"Shop\",\"item\":\"https:\\\/\\\/madabouthorror.co.uk\\\/shop\\\/\"},{\"@type\":\"ListItem\",\"position\":2,\"name\":\"Twisted Grandma Animated Prop (Spirit Halloween)\"}]},{\"@type\":\"WebSite\",\"@id\":\"https:\\\/\\\/madabouthorror.co.uk\\\/#website\",\"url\":\"https:\\\/\\\/madabouthorror.co.uk\\\/\",\"name\":\"Mad About Horror\",\"description\":\"\",\"publisher\":{\"@id\":\"https:\\\/\\\/madabouthorror.co.uk\\\/#organization\"},\"alternateName\":\"Mad About Horror Limited\",\"potentialAction\":[{\"@type\":\"SearchAction\",\"target\":{\"@type\":\"EntryPoint\",\"urlTemplate\":\"https:\\\/\\\/madabouthorror.co.uk\\\/?s={search_term_string}\"},\"query-input\":{\"@type\":\"PropertyValueSpecification\",\"valueRequired\":true,\"valueName\":\"search_term_string\"}}],\"inLanguage\":\"de\"},{\"@type\":\"Organization\",\"@id\":\"https:\\\/\\\/madabouthorror.co.uk\\\/#organization\",\"name\":\"Mad About Horror\",\"url\":\"https:\\\/\\\/madabouthorror.co.uk\\\/\",\"logo\":{\"@type\":\"ImageObject\",\"inLanguage\":\"de\",\"@id\":\"https:\\\/\\\/madabouthorror.co.uk\\\/#\\\/schema\\\/logo\\\/image\\\/\",\"url\":\"https:\\\/\\\/madabouthorror.co.uk\\\/wp-content\\\/uploads\\\/2024\\\/02\\\/cropped-Logo.png\",\"contentUrl\":\"https:\\\/\\\/madabouthorror.co.uk\\\/wp-content\\\/uploads\\\/2024\\\/02\\\/cropped-Logo.png\",\"width\":240,\"height\":88,\"caption\":\"Mad About Horror\"},\"image\":{\"@id\":\"https:\\\/\\\/madabouthorror.co.uk\\\/#\\\/schema\\\/logo\\\/image\\\/\"},\"sameAs\":[\"https:\\\/\\\/www.facebook.com\\\/madabouthorror\\\/\",\"https:\\\/\\\/www.instagram.com\\\/madabouthorror\\\/\",\"https:\\\/\\\/www.pinterest.co.uk\\\/madabouthorror\\\/\",\"https:\\\/\\\/www.youtube.com\\\/channel\\\/UCBooLOIxjoQ89dj6T5lWm_w\",\"https:\\\/\\\/www.tiktok.com\\\/@weremadabouthorror\"]}]}<\/script>\n<!-- \/ Yoast SEO plugin. -->","yoast_head_json":{"title":"Gedrehter Prop Oma (Spirit Halloween) | Mad About Horror","description":"Verdrehte Gro\u00dfmutter-Animatronic. Importiert von Spirit Halloween. Riesige Auswahl an hochwertigen Halloween-Requisiten, Masken und Accessoires. UK-Lagerbestand.","robots":{"index":"index","follow":"follow","max-snippet":"max-snippet:-1","max-image-preview":"max-image-preview:large","max-video-preview":"max-video-preview:-1"},"canonical":"https:\/\/madabouthorror.co.uk\/de\/product\/twisted-grandma-animated-prop-spirit-halloween\/","og_locale":"de_DE","og_type":"article","og_title":"Twisted Grandma Animated Prop (Spirit Halloween) | Mad About Horror","og_description":"Twisted Grandma Animatronic. Imported from Spirit Halloween. Huge range of quality Halloween props, masks and accessories. UK Stock.","og_url":"https:\/\/madabouthorror.co.uk\/de\/product\/twisted-grandma-animated-prop-spirit-halloween\/","og_site_name":"Mad About Horror","article_publisher":"https:\/\/www.facebook.com\/madabouthorror\/","article_modified_time":"2026-02-06T15:14:01+00:00","og_image":[{"width":1772,"height":1772,"url":"https:\/\/madabouthorror.co.uk\/wp-content\/uploads\/2025\/07\/cover-2.jpg","type":"image\/jpeg"}],"twitter_card":"summary_large_image","twitter_misc":{"Gesch\u00e4tzte Lesezeit":"2\u00a0Minuten"},"schema":{"@context":"https:\/\/schema.org","@graph":[{"@type":["WebPage","ItemPage"],"@id":"https:\/\/madabouthorror.co.uk\/product\/twisted-grandma-animated-prop-spirit-halloween\/","url":"https:\/\/madabouthorror.co.uk\/product\/twisted-grandma-animated-prop-spirit-halloween\/","name":"Gedrehter Prop Oma (Spirit Halloween) | Mad About Horror","isPartOf":{"@id":"https:\/\/madabouthorror.co.uk\/#website"},"primaryImageOfPage":{"@id":"https:\/\/madabouthorror.co.uk\/product\/twisted-grandma-animated-prop-spirit-halloween\/#primaryimage"},"image":{"@id":"https:\/\/madabouthorror.co.uk\/product\/twisted-grandma-animated-prop-spirit-halloween\/#primaryimage"},"thumbnailUrl":"https:\/\/madabouthorror.co.uk\/wp-content\/uploads\/2025\/07\/cover-2.jpg","datePublished":"2025-07-16T10:20:55+00:00","dateModified":"2026-02-06T15:14:01+00:00","description":"Verdrehte Gro\u00dfmutter-Animatronic. Importiert von Spirit Halloween. Riesige Auswahl an hochwertigen Halloween-Requisiten, Masken und Accessoires. UK-Lagerbestand.","breadcrumb":{"@id":"https:\/\/madabouthorror.co.uk\/product\/twisted-grandma-animated-prop-spirit-halloween\/#breadcrumb"},"inLanguage":"de","potentialAction":[{"@type":"ReadAction","target":["https:\/\/madabouthorror.co.uk\/product\/twisted-grandma-animated-prop-spirit-halloween\/"]}]},{"@type":"ImageObject","inLanguage":"de","@id":"https:\/\/madabouthorror.co.uk\/product\/twisted-grandma-animated-prop-spirit-halloween\/#primaryimage","url":"https:\/\/madabouthorror.co.uk\/wp-content\/uploads\/2025\/07\/cover-2.jpg","contentUrl":"https:\/\/madabouthorror.co.uk\/wp-content\/uploads\/2025\/07\/cover-2.jpg","width":1772,"height":1772,"caption":"Twisted Grandma - Creepy Halloween Animatronic"},{"@type":"BreadcrumbList","@id":"https:\/\/madabouthorror.co.uk\/product\/twisted-grandma-animated-prop-spirit-halloween\/#breadcrumb","itemListElement":[{"@type":"ListItem","position":1,"name":"Shop","item":"https:\/\/madabouthorror.co.uk\/shop\/"},{"@type":"ListItem","position":2,"name":"Twisted Grandma Animated Prop (Spirit Halloween)"}]},{"@type":"WebSite","@id":"https:\/\/madabouthorror.co.uk\/#website","url":"https:\/\/madabouthorror.co.uk\/","name":"Verr\u00fcckt nach Horror","description":"","publisher":{"@id":"https:\/\/madabouthorror.co.uk\/#organization"},"alternateName":"Mad About Horror Limited","potentialAction":[{"@type":"SearchAction","target":{"@type":"EntryPoint","urlTemplate":"https:\/\/madabouthorror.co.uk\/?s={search_term_string}"},"query-input":{"@type":"PropertyValueSpecification","valueRequired":true,"valueName":"search_term_string"}}],"inLanguage":"de"},{"@type":"Organization","@id":"https:\/\/madabouthorror.co.uk\/#organization","name":"Verr\u00fcckt nach Horror","url":"https:\/\/madabouthorror.co.uk\/","logo":{"@type":"ImageObject","inLanguage":"de","@id":"https:\/\/madabouthorror.co.uk\/#\/schema\/logo\/image\/","url":"https:\/\/madabouthorror.co.uk\/wp-content\/uploads\/2024\/02\/cropped-Logo.png","contentUrl":"https:\/\/madabouthorror.co.uk\/wp-content\/uploads\/2024\/02\/cropped-Logo.png","width":240,"height":88,"caption":"Mad About Horror"},"image":{"@id":"https:\/\/madabouthorror.co.uk\/#\/schema\/logo\/image\/"},"sameAs":["https:\/\/www.facebook.com\/madabouthorror\/","https:\/\/www.instagram.com\/madabouthorror\/","https:\/\/www.pinterest.co.uk\/madabouthorror\/","https:\/\/www.youtube.com\/channel\/UCBooLOIxjoQ89dj6T5lWm_w","https:\/\/www.tiktok.com\/@weremadabouthorror"]}]}},"df_price":419.95,"df_sale_price":"","df_regular_price":419.95,"df_image_link":"https:\/\/madabouthorror.co.uk\/wp-content\/uploads\/2025\/07\/cover-2-300x300.jpg","_links":{"self":[{"href":"https:\/\/madabouthorror.co.uk\/de\/wp-json\/wp\/v2\/product\/545598","targetHints":{"allow":["GET"]}}],"collection":[{"href":"https:\/\/madabouthorror.co.uk\/de\/wp-json\/wp\/v2\/product"}],"about":[{"href":"https:\/\/madabouthorror.co.uk\/de\/wp-json\/wp\/v2\/types\/product"}],"replies":[{"embeddable":true,"href":"https:\/\/madabouthorror.co.uk\/de\/wp-json\/wp\/v2\/comments?post=545598"}],"wp:featuredmedia":[{"embeddable":true,"href":"https:\/\/madabouthorror.co.uk\/de\/wp-json\/wp\/v2\/media\/545599"}],"wp:attachment":[{"href":"https:\/\/madabouthorror.co.uk\/de\/wp-json\/wp\/v2\/media?parent=545598"}],"wp:term":[{"taxonomy":"product_brand","embeddable":true,"href":"https:\/\/madabouthorror.co.uk\/de\/wp-json\/wp\/v2\/product_brand?post=545598"},{"taxonomy":"product_cat","embeddable":true,"href":"https:\/\/madabouthorror.co.uk\/de\/wp-json\/wp\/v2\/product_cat?post=545598"},{"taxonomy":"product_tag","embeddable":true,"href":"https:\/\/madabouthorror.co.uk\/de\/wp-json\/wp\/v2\/product_tag?post=545598"}],"curies":[{"name":"wp","href":"https:\/\/api.w.org\/{rel}","templated":true}]}}