{"id":547977,"date":"2025-08-04T14:13:31","date_gmt":"2025-08-04T13:13:31","guid":{"rendered":"https:\/\/madabouthorror.co.uk\/?post_type=product&#038;p=547977"},"modified":"2026-04-29T16:23:18","modified_gmt":"2026-04-29T15:23:18","slug":"3-5ft-tiffany-valentine-animatronic","status":"publish","type":"product","link":"https:\/\/madabouthorror.co.uk\/de\/product\/3-5ft-tiffany-valentine-animatronic\/","title":{"rendered":"3,5ft Tiffany Valentine Halloween Animatronic"},"content":{"rendered":"<p data-start=\"274\" data-end=\"536\">Die Liebe stirbt nie - vor allem, wenn man aus Plastik ist und es auf Blut abgesehen hat. Die 3,5 ft Animated Tiffany Valentine Doll von <em data-start=\"404\" data-end=\"421\">Die Braut von Chucky<\/em> ist da und bringt Schrecken, Charme und eine ganze Menge Haltung in Ihre Halloween-Ausstellung. Importiert von Home Depot.<\/p>\n<p data-start=\"538\" data-end=\"900\">Diese offiziell lizenzierte Animatronic verf\u00fcgt \u00fcber Servomotor-Augen, die blinzeln und den Raum abtasten, einen beweglichen Kopf und K\u00f6rper sowie eine motorisierte Messerhand, die bereit f\u00fcr ihr n\u00e4chstes Opfer ist. Mit Bewegungssensoraktivierung erwacht Tiffany mit f\u00fcnf ikonischen Spr\u00fcchen aus den Filmen zum Leben und ist damit ein Muss f\u00fcr Horrorfans und Halloween-Liebhaber gleicherma\u00dfen.<\/p>\n<p data-start=\"902\" data-end=\"1100\">Nur f\u00fcr den Innenbereich geeignet, ist sie die perfekte Erg\u00e4nzung f\u00fcr jedes Spukhaus oder Horror-Themenzimmer - und sie passt perfekt zur 3,5 Fu\u00df gro\u00dfen Animated Scarred Chucky Doll, um das Killerpaar zu vervollst\u00e4ndigen.<\/p>\n<p data-start=\"1102\" data-end=\"1138\" data-is-last-node=\"\" data-is-only-node=\"\">Tiffany ist bereit zum T\u00f6ten - bist du es auch?<\/p>\n<p><b>Wird mit einem UK-Netzadapter geliefert<\/b>. <i>Verwenden Sie nur den mitgelieferten Netzadapter, da falsche Netzadapter Sch\u00e4den verursachen k\u00f6nnen.<\/i><i><\/i><\/p>\n<p><b>F\u00fcr die \u00fcberdachte Veranda oder f\u00fcr den Innenbereich.<\/b> <i>Bei Verwendung im Freien vor Witterungseinfl\u00fcssen sch\u00fctzen und nicht \u00fcber einen l\u00e4ngeren Zeitraum im Freien stehen lassen.<\/i><i><\/i><\/p>\n<p><b>Bitte beachten:<\/b><i> Diese Requisiten sind nicht f\u00fcr den intensiven kommerziellen Gebrauch geeignet, d. h. sie sollten nicht \u00fcber l\u00e4ngere Zeitr\u00e4ume, z. B. tagelang, betrieben werden. Sie sind f\u00fcr die Verwendung an Halloween gedacht. Wenn Sie Fragen dazu haben, fragen Sie bitte.<\/i><\/p>","protected":false},"excerpt":{"rendered":"<p>Liebe stirbt niemals \u2013 schon gar nicht, wenn man aus Plastik ist und auf Blut aus ist. Die 107 cm gro\u00dfe animierte Tiffany Valentine Puppe aus \u201eBride of Chucky\u201c ist da und bringt Horror, Charme und jede Menge Haltung in Ihre Halloween-Auslage. Importiert von Home Depot. Diese offiziell lizenzierte Animatronic-Puppe verf\u00fcgt \u00fcber Servo-Motor-Augen, die blinken und scannen [\u2026]<\/p>","protected":false},"featured_media":547987,"comment_status":"closed","ping_status":"closed","template":"","meta":{"_acf_changed":false},"product_brand":[],"product_cat":[10131,10158,10110,9946,6537,10107,9842,6547,6963,9841,6728,6571,7054,6638],"product_tag":[],"class_list":{"0":"post-547977","1":"product","2":"type-product","3":"status-publish","4":"has-post-thumbnail","6":"product_cat-halloween-gifts","7":"product_cat-in-stock-animatronics","8":"product_cat-us-imports","9":"product_cat-replica-dolls","10":"product_cat-collectibles","11":"product_cat-licensed-halloween-decorations","12":"product_cat-just-arrived-props","13":"product_cat-decorations","14":"product_cat-animatronics","15":"product_cat-home-depot-animatronics","16":"product_cat-premium","17":"product_cat-just-arrived","18":"product_cat-movie-tv-props","19":"product_cat-childsplaychucky","20":"product_shipping_class-props","22":"first","23":"instock","24":"taxable","25":"shipping-taxable","26":"purchasable","27":"product-type-simple"},"supplier_id":527920,"supplier_sku":"","barcode":null,"atum_controlled":true,"out_stock_date":null,"out_stock_threshold":null,"inheritable":false,"inbound_stock":0,"stock_on_hold":0,"sold_today":0,"sales_last_days":1,"reserved_stock":0,"customer_returns":0,"warehouse_damage":0,"lost_in_post":0,"other_logs":0,"out_stock_days":0,"lost_sales":0,"has_location":false,"update_date":"2026-05-07T02:14:38","atum_locations":[],"atum_stock_status":"instock","restock_status":false,"low_stock_amount":"","sales_update_date":"2026-05-07T02:14:37","calc_backorders":null,"acf":[],"yoast_head":"<!-- This site is optimized with the Yoast SEO plugin v27.5 - https:\/\/yoast.com\/product\/yoast-seo-wordpress\/ -->\n<title>3.5ft Tiffany Valentine Halloween Animatronic | Mad About Horror<\/title>\n<meta name=\"description\" content=\"Tiffany Home Depot Halloween Animatronic. 3.5ft Animated Prop. Huge range of quality Halloween props, masks and accessories. UK Stock.\" \/>\n<meta name=\"robots\" content=\"index, follow, max-snippet:-1, max-image-preview:large, max-video-preview:-1\" \/>\n<link rel=\"canonical\" href=\"https:\/\/madabouthorror.co.uk\/de\/product\/3-5ft-tiffany-valentine-animatronic\/\" \/>\n<meta property=\"og:locale\" content=\"de_DE\" \/>\n<meta property=\"og:type\" content=\"article\" \/>\n<meta property=\"og:title\" content=\"3.5ft Tiffany Valentine Halloween Animatronic | Mad About Horror\" \/>\n<meta property=\"og:description\" content=\"Tiffany Home Depot Halloween Animatronic. 3.5ft Animated Prop. Huge range of quality Halloween props, masks and accessories. UK Stock.\" \/>\n<meta property=\"og:url\" content=\"https:\/\/madabouthorror.co.uk\/de\/product\/3-5ft-tiffany-valentine-animatronic\/\" \/>\n<meta property=\"og:site_name\" content=\"Mad About Horror\" \/>\n<meta property=\"article:publisher\" content=\"https:\/\/www.facebook.com\/madabouthorror\/\" \/>\n<meta property=\"article:modified_time\" content=\"2026-04-29T15:23:18+00:00\" \/>\n<meta property=\"og:image\" content=\"https:\/\/madabouthorror.co.uk\/wp-content\/uploads\/2025\/08\/1-4.png\" \/>\n\t<meta property=\"og:image:width\" content=\"1500\" \/>\n\t<meta property=\"og:image:height\" content=\"1500\" \/>\n\t<meta property=\"og:image:type\" content=\"image\/png\" \/>\n<meta name=\"twitter:card\" content=\"summary_large_image\" \/>\n<meta name=\"twitter:label1\" content=\"Gesch\u00e4tzte Lesezeit\" \/>\n\t<meta name=\"twitter:data1\" content=\"2\u00a0Minuten\" \/>\n<script type=\"application\/ld+json\" class=\"yoast-schema-graph\">{\"@context\":\"https:\\\/\\\/schema.org\",\"@graph\":[{\"@type\":[\"WebPage\",\"ItemPage\"],\"@id\":\"https:\\\/\\\/madabouthorror.co.uk\\\/product\\\/3-5ft-tiffany-valentine-animatronic\\\/\",\"url\":\"https:\\\/\\\/madabouthorror.co.uk\\\/product\\\/3-5ft-tiffany-valentine-animatronic\\\/\",\"name\":\"3.5ft Tiffany Valentine Halloween Animatronic | Mad About Horror\",\"isPartOf\":{\"@id\":\"https:\\\/\\\/madabouthorror.co.uk\\\/#website\"},\"primaryImageOfPage\":{\"@id\":\"https:\\\/\\\/madabouthorror.co.uk\\\/product\\\/3-5ft-tiffany-valentine-animatronic\\\/#primaryimage\"},\"image\":{\"@id\":\"https:\\\/\\\/madabouthorror.co.uk\\\/product\\\/3-5ft-tiffany-valentine-animatronic\\\/#primaryimage\"},\"thumbnailUrl\":\"https:\\\/\\\/madabouthorror.co.uk\\\/wp-content\\\/uploads\\\/2025\\\/08\\\/1-4.png\",\"datePublished\":\"2025-08-04T13:13:31+00:00\",\"dateModified\":\"2026-04-29T15:23:18+00:00\",\"description\":\"Tiffany Home Depot Halloween Animatronic. 3.5ft Animated Prop. Huge range of quality Halloween props, masks and accessories. UK Stock.\",\"breadcrumb\":{\"@id\":\"https:\\\/\\\/madabouthorror.co.uk\\\/product\\\/3-5ft-tiffany-valentine-animatronic\\\/#breadcrumb\"},\"inLanguage\":\"de\",\"potentialAction\":[{\"@type\":\"ReadAction\",\"target\":[\"https:\\\/\\\/madabouthorror.co.uk\\\/product\\\/3-5ft-tiffany-valentine-animatronic\\\/\"]}]},{\"@type\":\"ImageObject\",\"inLanguage\":\"de\",\"@id\":\"https:\\\/\\\/madabouthorror.co.uk\\\/product\\\/3-5ft-tiffany-valentine-animatronic\\\/#primaryimage\",\"url\":\"https:\\\/\\\/madabouthorror.co.uk\\\/wp-content\\\/uploads\\\/2025\\\/08\\\/1-4.png\",\"contentUrl\":\"https:\\\/\\\/madabouthorror.co.uk\\\/wp-content\\\/uploads\\\/2025\\\/08\\\/1-4.png\",\"width\":1500,\"height\":1500,\"caption\":\"Tiffany Home Depot Animatronic\"},{\"@type\":\"BreadcrumbList\",\"@id\":\"https:\\\/\\\/madabouthorror.co.uk\\\/product\\\/3-5ft-tiffany-valentine-animatronic\\\/#breadcrumb\",\"itemListElement\":[{\"@type\":\"ListItem\",\"position\":1,\"name\":\"Shop\",\"item\":\"https:\\\/\\\/madabouthorror.co.uk\\\/shop\\\/\"},{\"@type\":\"ListItem\",\"position\":2,\"name\":\"3.5ft Tiffany Valentine Halloween Animatronic\"}]},{\"@type\":\"WebSite\",\"@id\":\"https:\\\/\\\/madabouthorror.co.uk\\\/#website\",\"url\":\"https:\\\/\\\/madabouthorror.co.uk\\\/\",\"name\":\"Mad About Horror\",\"description\":\"\",\"publisher\":{\"@id\":\"https:\\\/\\\/madabouthorror.co.uk\\\/#organization\"},\"alternateName\":\"Mad About Horror Limited\",\"potentialAction\":[{\"@type\":\"SearchAction\",\"target\":{\"@type\":\"EntryPoint\",\"urlTemplate\":\"https:\\\/\\\/madabouthorror.co.uk\\\/?s={search_term_string}\"},\"query-input\":{\"@type\":\"PropertyValueSpecification\",\"valueRequired\":true,\"valueName\":\"search_term_string\"}}],\"inLanguage\":\"de\"},{\"@type\":\"Organization\",\"@id\":\"https:\\\/\\\/madabouthorror.co.uk\\\/#organization\",\"name\":\"Mad About Horror\",\"url\":\"https:\\\/\\\/madabouthorror.co.uk\\\/\",\"logo\":{\"@type\":\"ImageObject\",\"inLanguage\":\"de\",\"@id\":\"https:\\\/\\\/madabouthorror.co.uk\\\/#\\\/schema\\\/logo\\\/image\\\/\",\"url\":\"https:\\\/\\\/madabouthorror.co.uk\\\/wp-content\\\/uploads\\\/2024\\\/02\\\/cropped-Logo.png\",\"contentUrl\":\"https:\\\/\\\/madabouthorror.co.uk\\\/wp-content\\\/uploads\\\/2024\\\/02\\\/cropped-Logo.png\",\"width\":240,\"height\":88,\"caption\":\"Mad About Horror\"},\"image\":{\"@id\":\"https:\\\/\\\/madabouthorror.co.uk\\\/#\\\/schema\\\/logo\\\/image\\\/\"},\"sameAs\":[\"https:\\\/\\\/www.facebook.com\\\/madabouthorror\\\/\",\"https:\\\/\\\/www.instagram.com\\\/madabouthorror\\\/\",\"https:\\\/\\\/www.pinterest.co.uk\\\/madabouthorror\\\/\",\"https:\\\/\\\/www.youtube.com\\\/channel\\\/UCBooLOIxjoQ89dj6T5lWm_w\",\"https:\\\/\\\/www.tiktok.com\\\/@weremadabouthorror\"]}]}<\/script>\n<!-- \/ Yoast SEO plugin. -->","yoast_head_json":{"title":"3,5 Fu\u00df Tiffany Valentine Halloween Animatronic | Mad About Horror","description":"Tiffany Home Depot Halloween Animatronic. 1,07 m animiertes Requisit. Riesige Auswahl an hochwertigen Halloween-Requisiten, Masken und Accessoires. UK-Lagerbestand.","robots":{"index":"index","follow":"follow","max-snippet":"max-snippet:-1","max-image-preview":"max-image-preview:large","max-video-preview":"max-video-preview:-1"},"canonical":"https:\/\/madabouthorror.co.uk\/de\/product\/3-5ft-tiffany-valentine-animatronic\/","og_locale":"de_DE","og_type":"article","og_title":"3.5ft Tiffany Valentine Halloween Animatronic | Mad About Horror","og_description":"Tiffany Home Depot Halloween Animatronic. 3.5ft Animated Prop. Huge range of quality Halloween props, masks and accessories. UK Stock.","og_url":"https:\/\/madabouthorror.co.uk\/de\/product\/3-5ft-tiffany-valentine-animatronic\/","og_site_name":"Mad About Horror","article_publisher":"https:\/\/www.facebook.com\/madabouthorror\/","article_modified_time":"2026-04-29T15:23:18+00:00","og_image":[{"width":1500,"height":1500,"url":"https:\/\/madabouthorror.co.uk\/wp-content\/uploads\/2025\/08\/1-4.png","type":"image\/png"}],"twitter_card":"summary_large_image","twitter_misc":{"Gesch\u00e4tzte Lesezeit":"2\u00a0Minuten"},"schema":{"@context":"https:\/\/schema.org","@graph":[{"@type":["WebPage","ItemPage"],"@id":"https:\/\/madabouthorror.co.uk\/product\/3-5ft-tiffany-valentine-animatronic\/","url":"https:\/\/madabouthorror.co.uk\/product\/3-5ft-tiffany-valentine-animatronic\/","name":"3,5 Fu\u00df Tiffany Valentine Halloween Animatronic | Mad About Horror","isPartOf":{"@id":"https:\/\/madabouthorror.co.uk\/#website"},"primaryImageOfPage":{"@id":"https:\/\/madabouthorror.co.uk\/product\/3-5ft-tiffany-valentine-animatronic\/#primaryimage"},"image":{"@id":"https:\/\/madabouthorror.co.uk\/product\/3-5ft-tiffany-valentine-animatronic\/#primaryimage"},"thumbnailUrl":"https:\/\/madabouthorror.co.uk\/wp-content\/uploads\/2025\/08\/1-4.png","datePublished":"2025-08-04T13:13:31+00:00","dateModified":"2026-04-29T15:23:18+00:00","description":"Tiffany Home Depot Halloween Animatronic. 1,07 m animiertes Requisit. Riesige Auswahl an hochwertigen Halloween-Requisiten, Masken und Accessoires. UK-Lagerbestand.","breadcrumb":{"@id":"https:\/\/madabouthorror.co.uk\/product\/3-5ft-tiffany-valentine-animatronic\/#breadcrumb"},"inLanguage":"de","potentialAction":[{"@type":"ReadAction","target":["https:\/\/madabouthorror.co.uk\/product\/3-5ft-tiffany-valentine-animatronic\/"]}]},{"@type":"ImageObject","inLanguage":"de","@id":"https:\/\/madabouthorror.co.uk\/product\/3-5ft-tiffany-valentine-animatronic\/#primaryimage","url":"https:\/\/madabouthorror.co.uk\/wp-content\/uploads\/2025\/08\/1-4.png","contentUrl":"https:\/\/madabouthorror.co.uk\/wp-content\/uploads\/2025\/08\/1-4.png","width":1500,"height":1500,"caption":"Tiffany Home Depot Animatronic"},{"@type":"BreadcrumbList","@id":"https:\/\/madabouthorror.co.uk\/product\/3-5ft-tiffany-valentine-animatronic\/#breadcrumb","itemListElement":[{"@type":"ListItem","position":1,"name":"Shop","item":"https:\/\/madabouthorror.co.uk\/shop\/"},{"@type":"ListItem","position":2,"name":"3.5ft Tiffany Valentine Halloween Animatronic"}]},{"@type":"WebSite","@id":"https:\/\/madabouthorror.co.uk\/#website","url":"https:\/\/madabouthorror.co.uk\/","name":"Verr\u00fcckt nach Horror","description":"","publisher":{"@id":"https:\/\/madabouthorror.co.uk\/#organization"},"alternateName":"Mad About Horror Limited","potentialAction":[{"@type":"SearchAction","target":{"@type":"EntryPoint","urlTemplate":"https:\/\/madabouthorror.co.uk\/?s={search_term_string}"},"query-input":{"@type":"PropertyValueSpecification","valueRequired":true,"valueName":"search_term_string"}}],"inLanguage":"de"},{"@type":"Organization","@id":"https:\/\/madabouthorror.co.uk\/#organization","name":"Verr\u00fcckt nach Horror","url":"https:\/\/madabouthorror.co.uk\/","logo":{"@type":"ImageObject","inLanguage":"de","@id":"https:\/\/madabouthorror.co.uk\/#\/schema\/logo\/image\/","url":"https:\/\/madabouthorror.co.uk\/wp-content\/uploads\/2024\/02\/cropped-Logo.png","contentUrl":"https:\/\/madabouthorror.co.uk\/wp-content\/uploads\/2024\/02\/cropped-Logo.png","width":240,"height":88,"caption":"Mad About Horror"},"image":{"@id":"https:\/\/madabouthorror.co.uk\/#\/schema\/logo\/image\/"},"sameAs":["https:\/\/www.facebook.com\/madabouthorror\/","https:\/\/www.instagram.com\/madabouthorror\/","https:\/\/www.pinterest.co.uk\/madabouthorror\/","https:\/\/www.youtube.com\/channel\/UCBooLOIxjoQ89dj6T5lWm_w","https:\/\/www.tiktok.com\/@weremadabouthorror"]}]}},"df_price":449.95,"df_sale_price":"","df_regular_price":449.95,"df_image_link":"https:\/\/madabouthorror.co.uk\/wp-content\/uploads\/2025\/08\/1-4-300x300.png","_links":{"self":[{"href":"https:\/\/madabouthorror.co.uk\/de\/wp-json\/wp\/v2\/product\/547977","targetHints":{"allow":["GET"]}}],"collection":[{"href":"https:\/\/madabouthorror.co.uk\/de\/wp-json\/wp\/v2\/product"}],"about":[{"href":"https:\/\/madabouthorror.co.uk\/de\/wp-json\/wp\/v2\/types\/product"}],"replies":[{"embeddable":true,"href":"https:\/\/madabouthorror.co.uk\/de\/wp-json\/wp\/v2\/comments?post=547977"}],"wp:featuredmedia":[{"embeddable":true,"href":"https:\/\/madabouthorror.co.uk\/de\/wp-json\/wp\/v2\/media\/547987"}],"wp:attachment":[{"href":"https:\/\/madabouthorror.co.uk\/de\/wp-json\/wp\/v2\/media?parent=547977"}],"wp:term":[{"taxonomy":"product_brand","embeddable":true,"href":"https:\/\/madabouthorror.co.uk\/de\/wp-json\/wp\/v2\/product_brand?post=547977"},{"taxonomy":"product_cat","embeddable":true,"href":"https:\/\/madabouthorror.co.uk\/de\/wp-json\/wp\/v2\/product_cat?post=547977"},{"taxonomy":"product_tag","embeddable":true,"href":"https:\/\/madabouthorror.co.uk\/de\/wp-json\/wp\/v2\/product_tag?post=547977"}],"curies":[{"name":"wp","href":"https:\/\/api.w.org\/{rel}","templated":true}]}}