{"id":548470,"date":"2025-08-06T16:25:17","date_gmt":"2025-08-06T15:25:17","guid":{"rendered":"https:\/\/madabouthorror.co.uk\/?post_type=product&#038;p=548470"},"modified":"2025-11-20T12:40:28","modified_gmt":"2025-11-20T12:40:28","slug":"6-5ft-maleficent-animatronic","status":"publish","type":"product","link":"https:\/\/madabouthorror.co.uk\/de\/product\/6-5ft-maleficent-animatronic\/","title":{"rendered":"6,5ft Maleficent Animatronic"},"content":{"rendered":"<p>Die Herrin allen \u00dcbels ist eingetroffen, um ihren Schatten \u00fcber Ihre Halloween-Ausstellung zu werfen. Mit einer beeindruckenden Gr\u00f6\u00dfe von 1,98 Metern erweckt die beleuchtete Maleficent-Animatronic von The Home Depot Disneys ikonische Schurkin mit dramatischer Detailtreue und unheimlicher Eleganz zum Leben. Ihr leuchtender gr\u00fcner LED-Stab pulsiert mit dunkler Magie, w\u00e4hrend ihre durchdringenden, leuchtenden Augen ahnungslose Besucher verfolgen. Durch einen Bewegungsmelder ausgel\u00f6st, spricht Maleficent mehrere klassische Phrasen, w\u00e4hrend sich Kopf, Mund und Stab synchron bewegen \u2013 zusammen mit dem animierten Raben, der an ihrer Seite sitzt.<\/p>\n<p>Sie ist auf Wirkung ausgelegt und beeindruckt durch ihr Design, sie ist ebenso anmutig wie bedrohlich und somit das perfekte Herzst\u00fcck f\u00fcr Halloween-Szenen im Innenbereich, Disney-Dekorationen oder zauberhafte Ausstellungen, die b\u00f6sen Charme mit dunkler Fantasie verbinden. Ob Sie eine boshafte Atmosph\u00e4re schaffen wollen oder einfach Ihre Liebe zu einer der ikonischsten Disney-Figuren feiern m\u00f6chten, diese Maleficent-Animatronik sorgt daf\u00fcr, dass Ihr Halloween unvergesslich wird.<\/p>\n<p><b>Wird mit einem UK-Netzadapter geliefert<\/b>. <i>Verwenden Sie nur den mitgelieferten Netzadapter, da falsche Netzadapter Sch\u00e4den verursachen k\u00f6nnen.<\/i><i><\/i><\/p>\n<p><b>F\u00fcr die \u00fcberdachte Veranda oder f\u00fcr den Innenbereich.<\/b> <i>Bei Verwendung im Freien vor Witterungseinfl\u00fcssen sch\u00fctzen und nicht \u00fcber einen l\u00e4ngeren Zeitraum im Freien stehen lassen.<\/i><i><\/i><\/p>\n<p><b>Bitte beachten:<\/b><i> Diese Requisiten sind nicht f\u00fcr den intensiven kommerziellen Gebrauch geeignet, d. h. sie sollten nicht \u00fcber l\u00e4ngere Zeitr\u00e4ume, z. B. tagelang, betrieben werden. Sie sind f\u00fcr die Verwendung an Halloween gedacht. Wenn Sie Fragen dazu haben, fragen Sie bitte.<\/i><\/p>","protected":false},"excerpt":{"rendered":"<p>Die Herrin allen \u00dcbels ist angekommen, um ihren Schatten \u00fcber Ihre Halloween-Dekoration zu werfen. Mit einer beeindruckenden Gr\u00f6\u00dfe von 1,98 Metern erweckt die LED-Animatronik Malefizent von The Home Depot die ikonische Disney-Schurkin mit dramatischen Details und unheimlicher Eleganz zum Leben. Ihr leuchtender, gr\u00fcner LED-Stab pulsiert mit dunkler Magie, w\u00e4hrend ihre durchdringenden leuchtenden Augen [\u2026]<\/p>","protected":false},"featured_media":548482,"comment_status":"closed","ping_status":"closed","template":"","meta":{"_acf_changed":false},"product_brand":[],"product_cat":[10131,10110,10107,6547,6963,9841,7054,7055],"product_tag":[],"class_list":{"0":"post-548470","1":"product","2":"type-product","3":"status-publish","4":"has-post-thumbnail","6":"product_cat-halloween-gifts","7":"product_cat-us-imports","8":"product_cat-licensed-halloween-decorations","9":"product_cat-decorations","10":"product_cat-animatronics","11":"product_cat-home-depot-animatronics","12":"product_cat-movie-tv-props","13":"product_cat-animated-props-witches","15":"first","16":"outofstock","17":"taxable","18":"shipping-taxable","19":"purchasable","20":"product-type-simple"},"supplier_id":527920,"supplier_sku":"333780190","barcode":null,"atum_controlled":true,"out_stock_date":"2025-10-01 16:07:10","out_stock_threshold":null,"inheritable":false,"inbound_stock":0,"stock_on_hold":0,"sold_today":0,"sales_last_days":0,"reserved_stock":0,"customer_returns":0,"warehouse_damage":0,"lost_in_post":0,"other_logs":0,"out_stock_days":215,"lost_sales":0,"has_location":false,"update_date":"2026-05-05T00:40:01","atum_locations":[],"atum_stock_status":"outofstock","restock_status":false,"low_stock_amount":"","sales_update_date":"2026-05-05T00:40:00","calc_backorders":null,"acf":[],"yoast_head":"<!-- This site is optimized with the Yoast SEO plugin v27.5 - https:\/\/yoast.com\/product\/yoast-seo-wordpress\/ -->\n<title>6.5ft Maleficent Animatronic | Mad About Horror<\/title>\n<meta name=\"description\" content=\"Home Depot Maleficent Animatronic. Shop Horror collectibles and Halloween props. Europe&#039;s leading horror collectibles specialist.\" \/>\n<meta name=\"robots\" content=\"index, follow, max-snippet:-1, max-image-preview:large, max-video-preview:-1\" \/>\n<link rel=\"canonical\" href=\"https:\/\/madabouthorror.co.uk\/de\/product\/6-5ft-maleficent-animatronic\/\" \/>\n<meta property=\"og:locale\" content=\"de_DE\" \/>\n<meta property=\"og:type\" content=\"article\" \/>\n<meta property=\"og:title\" content=\"6.5ft Maleficent Animatronic | Mad About Horror\" \/>\n<meta property=\"og:description\" content=\"Home Depot Maleficent Animatronic. Shop Horror collectibles and Halloween props. Europe&#039;s leading horror collectibles specialist.\" \/>\n<meta property=\"og:url\" content=\"https:\/\/madabouthorror.co.uk\/de\/product\/6-5ft-maleficent-animatronic\/\" \/>\n<meta property=\"og:site_name\" content=\"Mad About Horror\" \/>\n<meta property=\"article:publisher\" content=\"https:\/\/www.facebook.com\/madabouthorror\/\" \/>\n<meta property=\"article:modified_time\" content=\"2025-11-20T12:40:28+00:00\" \/>\n<meta name=\"twitter:card\" content=\"summary_large_image\" \/>\n<meta name=\"twitter:label1\" content=\"Gesch\u00e4tzte Lesezeit\" \/>\n\t<meta name=\"twitter:data1\" content=\"2\u00a0Minuten\" \/>\n<script type=\"application\/ld+json\" class=\"yoast-schema-graph\">{\"@context\":\"https:\\\/\\\/schema.org\",\"@graph\":[{\"@type\":[\"WebPage\",\"ItemPage\"],\"@id\":\"https:\\\/\\\/madabouthorror.co.uk\\\/product\\\/6-5ft-maleficent-animatronic\\\/\",\"url\":\"https:\\\/\\\/madabouthorror.co.uk\\\/product\\\/6-5ft-maleficent-animatronic\\\/\",\"name\":\"6.5ft Maleficent Animatronic | Mad About Horror\",\"isPartOf\":{\"@id\":\"https:\\\/\\\/madabouthorror.co.uk\\\/#website\"},\"primaryImageOfPage\":{\"@id\":\"https:\\\/\\\/madabouthorror.co.uk\\\/product\\\/6-5ft-maleficent-animatronic\\\/#primaryimage\"},\"image\":{\"@id\":\"https:\\\/\\\/madabouthorror.co.uk\\\/product\\\/6-5ft-maleficent-animatronic\\\/#primaryimage\"},\"thumbnailUrl\":\"https:\\\/\\\/madabouthorror.co.uk\\\/wp-content\\\/uploads\\\/2025\\\/08\\\/disney-halloween-animatronics-and-giants-25sv24406-e1_1000.avif\",\"datePublished\":\"2025-08-06T15:25:17+00:00\",\"dateModified\":\"2025-11-20T12:40:28+00:00\",\"description\":\"Home Depot Maleficent Animatronic. Shop Horror collectibles and Halloween props. Europe's leading horror collectibles specialist.\",\"breadcrumb\":{\"@id\":\"https:\\\/\\\/madabouthorror.co.uk\\\/product\\\/6-5ft-maleficent-animatronic\\\/#breadcrumb\"},\"inLanguage\":\"de\",\"potentialAction\":[{\"@type\":\"ReadAction\",\"target\":[\"https:\\\/\\\/madabouthorror.co.uk\\\/product\\\/6-5ft-maleficent-animatronic\\\/\"]}]},{\"@type\":\"ImageObject\",\"inLanguage\":\"de\",\"@id\":\"https:\\\/\\\/madabouthorror.co.uk\\\/product\\\/6-5ft-maleficent-animatronic\\\/#primaryimage\",\"url\":\"https:\\\/\\\/madabouthorror.co.uk\\\/wp-content\\\/uploads\\\/2025\\\/08\\\/disney-halloween-animatronics-and-giants-25sv24406-e1_1000.avif\",\"contentUrl\":\"https:\\\/\\\/madabouthorror.co.uk\\\/wp-content\\\/uploads\\\/2025\\\/08\\\/disney-halloween-animatronics-and-giants-25sv24406-e1_1000.avif\",\"width\":1000,\"height\":1000,\"caption\":\"Home Depot - Disney Maleficent Animatronic\"},{\"@type\":\"BreadcrumbList\",\"@id\":\"https:\\\/\\\/madabouthorror.co.uk\\\/product\\\/6-5ft-maleficent-animatronic\\\/#breadcrumb\",\"itemListElement\":[{\"@type\":\"ListItem\",\"position\":1,\"name\":\"Shop\",\"item\":\"https:\\\/\\\/madabouthorror.co.uk\\\/shop\\\/\"},{\"@type\":\"ListItem\",\"position\":2,\"name\":\"6.5ft Maleficent Animatronic\"}]},{\"@type\":\"WebSite\",\"@id\":\"https:\\\/\\\/madabouthorror.co.uk\\\/#website\",\"url\":\"https:\\\/\\\/madabouthorror.co.uk\\\/\",\"name\":\"Mad About Horror\",\"description\":\"\",\"publisher\":{\"@id\":\"https:\\\/\\\/madabouthorror.co.uk\\\/#organization\"},\"alternateName\":\"Mad About Horror Limited\",\"potentialAction\":[{\"@type\":\"SearchAction\",\"target\":{\"@type\":\"EntryPoint\",\"urlTemplate\":\"https:\\\/\\\/madabouthorror.co.uk\\\/?s={search_term_string}\"},\"query-input\":{\"@type\":\"PropertyValueSpecification\",\"valueRequired\":true,\"valueName\":\"search_term_string\"}}],\"inLanguage\":\"de\"},{\"@type\":\"Organization\",\"@id\":\"https:\\\/\\\/madabouthorror.co.uk\\\/#organization\",\"name\":\"Mad About Horror\",\"url\":\"https:\\\/\\\/madabouthorror.co.uk\\\/\",\"logo\":{\"@type\":\"ImageObject\",\"inLanguage\":\"de\",\"@id\":\"https:\\\/\\\/madabouthorror.co.uk\\\/#\\\/schema\\\/logo\\\/image\\\/\",\"url\":\"https:\\\/\\\/madabouthorror.co.uk\\\/wp-content\\\/uploads\\\/2024\\\/02\\\/cropped-Logo.png\",\"contentUrl\":\"https:\\\/\\\/madabouthorror.co.uk\\\/wp-content\\\/uploads\\\/2024\\\/02\\\/cropped-Logo.png\",\"width\":240,\"height\":88,\"caption\":\"Mad About Horror\"},\"image\":{\"@id\":\"https:\\\/\\\/madabouthorror.co.uk\\\/#\\\/schema\\\/logo\\\/image\\\/\"},\"sameAs\":[\"https:\\\/\\\/www.facebook.com\\\/madabouthorror\\\/\",\"https:\\\/\\\/www.instagram.com\\\/madabouthorror\\\/\",\"https:\\\/\\\/www.pinterest.co.uk\\\/madabouthorror\\\/\",\"https:\\\/\\\/www.youtube.com\\\/channel\\\/UCBooLOIxjoQ89dj6T5lWm_w\",\"https:\\\/\\\/www.tiktok.com\\\/@weremadabouthorror\"]}]}<\/script>\n<!-- \/ Yoast SEO plugin. -->","yoast_head_json":{"title":"6,5 Fu\u00df gro\u00dfe Malefiz-Animatronik | Mad About Horror","description":"Home Depot Malificent Animatronic. Horror-Sammlerst\u00fccke und Halloween-Requisiten kaufen. Europas f\u00fchrender Spezialist f\u00fcr Horror-Sammlerst\u00fccke.","robots":{"index":"index","follow":"follow","max-snippet":"max-snippet:-1","max-image-preview":"max-image-preview:large","max-video-preview":"max-video-preview:-1"},"canonical":"https:\/\/madabouthorror.co.uk\/de\/product\/6-5ft-maleficent-animatronic\/","og_locale":"de_DE","og_type":"article","og_title":"6.5ft Maleficent Animatronic | Mad About Horror","og_description":"Home Depot Maleficent Animatronic. Shop Horror collectibles and Halloween props. Europe's leading horror collectibles specialist.","og_url":"https:\/\/madabouthorror.co.uk\/de\/product\/6-5ft-maleficent-animatronic\/","og_site_name":"Mad About Horror","article_publisher":"https:\/\/www.facebook.com\/madabouthorror\/","article_modified_time":"2025-11-20T12:40:28+00:00","twitter_card":"summary_large_image","twitter_misc":{"Gesch\u00e4tzte Lesezeit":"2\u00a0Minuten"},"schema":{"@context":"https:\/\/schema.org","@graph":[{"@type":["WebPage","ItemPage"],"@id":"https:\/\/madabouthorror.co.uk\/product\/6-5ft-maleficent-animatronic\/","url":"https:\/\/madabouthorror.co.uk\/product\/6-5ft-maleficent-animatronic\/","name":"6,5 Fu\u00df gro\u00dfe Malefiz-Animatronik | Mad About Horror","isPartOf":{"@id":"https:\/\/madabouthorror.co.uk\/#website"},"primaryImageOfPage":{"@id":"https:\/\/madabouthorror.co.uk\/product\/6-5ft-maleficent-animatronic\/#primaryimage"},"image":{"@id":"https:\/\/madabouthorror.co.uk\/product\/6-5ft-maleficent-animatronic\/#primaryimage"},"thumbnailUrl":"https:\/\/madabouthorror.co.uk\/wp-content\/uploads\/2025\/08\/disney-halloween-animatronics-and-giants-25sv24406-e1_1000.avif","datePublished":"2025-08-06T15:25:17+00:00","dateModified":"2025-11-20T12:40:28+00:00","description":"Home Depot Malificent Animatronic. Horror-Sammlerst\u00fccke und Halloween-Requisiten kaufen. Europas f\u00fchrender Spezialist f\u00fcr Horror-Sammlerst\u00fccke.","breadcrumb":{"@id":"https:\/\/madabouthorror.co.uk\/product\/6-5ft-maleficent-animatronic\/#breadcrumb"},"inLanguage":"de","potentialAction":[{"@type":"ReadAction","target":["https:\/\/madabouthorror.co.uk\/product\/6-5ft-maleficent-animatronic\/"]}]},{"@type":"ImageObject","inLanguage":"de","@id":"https:\/\/madabouthorror.co.uk\/product\/6-5ft-maleficent-animatronic\/#primaryimage","url":"https:\/\/madabouthorror.co.uk\/wp-content\/uploads\/2025\/08\/disney-halloween-animatronics-and-giants-25sv24406-e1_1000.avif","contentUrl":"https:\/\/madabouthorror.co.uk\/wp-content\/uploads\/2025\/08\/disney-halloween-animatronics-and-giants-25sv24406-e1_1000.avif","width":1000,"height":1000,"caption":"Home Depot - Disney Maleficent Animatronic"},{"@type":"BreadcrumbList","@id":"https:\/\/madabouthorror.co.uk\/product\/6-5ft-maleficent-animatronic\/#breadcrumb","itemListElement":[{"@type":"ListItem","position":1,"name":"Shop","item":"https:\/\/madabouthorror.co.uk\/shop\/"},{"@type":"ListItem","position":2,"name":"6.5ft Maleficent Animatronic"}]},{"@type":"WebSite","@id":"https:\/\/madabouthorror.co.uk\/#website","url":"https:\/\/madabouthorror.co.uk\/","name":"Verr\u00fcckt nach Horror","description":"","publisher":{"@id":"https:\/\/madabouthorror.co.uk\/#organization"},"alternateName":"Mad About Horror Limited","potentialAction":[{"@type":"SearchAction","target":{"@type":"EntryPoint","urlTemplate":"https:\/\/madabouthorror.co.uk\/?s={search_term_string}"},"query-input":{"@type":"PropertyValueSpecification","valueRequired":true,"valueName":"search_term_string"}}],"inLanguage":"de"},{"@type":"Organization","@id":"https:\/\/madabouthorror.co.uk\/#organization","name":"Verr\u00fcckt nach Horror","url":"https:\/\/madabouthorror.co.uk\/","logo":{"@type":"ImageObject","inLanguage":"de","@id":"https:\/\/madabouthorror.co.uk\/#\/schema\/logo\/image\/","url":"https:\/\/madabouthorror.co.uk\/wp-content\/uploads\/2024\/02\/cropped-Logo.png","contentUrl":"https:\/\/madabouthorror.co.uk\/wp-content\/uploads\/2024\/02\/cropped-Logo.png","width":240,"height":88,"caption":"Mad About Horror"},"image":{"@id":"https:\/\/madabouthorror.co.uk\/#\/schema\/logo\/image\/"},"sameAs":["https:\/\/www.facebook.com\/madabouthorror\/","https:\/\/www.instagram.com\/madabouthorror\/","https:\/\/www.pinterest.co.uk\/madabouthorror\/","https:\/\/www.youtube.com\/channel\/UCBooLOIxjoQ89dj6T5lWm_w","https:\/\/www.tiktok.com\/@weremadabouthorror"]}]}},"df_price":549.95,"df_sale_price":"","df_regular_price":549.95,"df_image_link":"https:\/\/madabouthorror.co.uk\/wp-content\/uploads\/2025\/08\/disney-halloween-animatronics-and-giants-25sv24406-e1_1000-300x300.avif","_links":{"self":[{"href":"https:\/\/madabouthorror.co.uk\/de\/wp-json\/wp\/v2\/product\/548470","targetHints":{"allow":["GET"]}}],"collection":[{"href":"https:\/\/madabouthorror.co.uk\/de\/wp-json\/wp\/v2\/product"}],"about":[{"href":"https:\/\/madabouthorror.co.uk\/de\/wp-json\/wp\/v2\/types\/product"}],"replies":[{"embeddable":true,"href":"https:\/\/madabouthorror.co.uk\/de\/wp-json\/wp\/v2\/comments?post=548470"}],"wp:featuredmedia":[{"embeddable":true,"href":"https:\/\/madabouthorror.co.uk\/de\/wp-json\/wp\/v2\/media\/548482"}],"wp:attachment":[{"href":"https:\/\/madabouthorror.co.uk\/de\/wp-json\/wp\/v2\/media?parent=548470"}],"wp:term":[{"taxonomy":"product_brand","embeddable":true,"href":"https:\/\/madabouthorror.co.uk\/de\/wp-json\/wp\/v2\/product_brand?post=548470"},{"taxonomy":"product_cat","embeddable":true,"href":"https:\/\/madabouthorror.co.uk\/de\/wp-json\/wp\/v2\/product_cat?post=548470"},{"taxonomy":"product_tag","embeddable":true,"href":"https:\/\/madabouthorror.co.uk\/de\/wp-json\/wp\/v2\/product_tag?post=548470"}],"curies":[{"name":"wp","href":"https:\/\/api.w.org\/{rel}","templated":true}]}}