{"id":54871,"date":"2022-09-07T16:03:17","date_gmt":"2022-09-07T15:03:17","guid":{"rendered":"https:\/\/mah.6bdv.ws\/product\/spiral-clown-costume-stab\/"},"modified":"2026-02-10T12:19:19","modified_gmt":"2026-02-10T12:19:19","slug":"spiral-clown-costume-stab","status":"publish","type":"product","link":"https:\/\/madabouthorror.co.uk\/de\/product\/spiral-clown-costume-stab\/","title":{"rendered":"Spirale Clown-Kost\u00fcm - STAB"},"content":{"rendered":"<p>Mad About Horror, von unserem eigenen Kost\u00fcmdesigner entworfen, bietet Ihnen eine eigene neue Reihe professioneller Clownskost\u00fcme f\u00fcr die Grusel-, Halloween- und Horror-Event-Branche.<\/p>\n<p>Enth\u00e4lt:<\/p>\n<ul>\n<li>T-Shirt mit STAB-Motiv<\/li>\n<li>Langarm-T-Shirt<\/li>\n<li>Clown-Halsband<\/li>\n<li>Gefleckte Clownshose<\/li>\n<li>Handschuhe<\/li>\n<li>Socken<\/li>\n<li>Optionale Sackmaske (siehe Dropdown-Men\u00fc)<\/li>\n<\/ul>\n<p>Alles professionell verwittert und gealtert, hochwertiges Material.<\/p>\n<p>Stiefel nicht inbegriffen.<\/p>\n<p>Gr\u00f6\u00dfen: Standard &amp; X Gro\u00df<\/p>","protected":false},"excerpt":{"rendered":"<p>Mad About Horror hat eine eigene Kost\u00fcmbildnerin, die eine neue Reihe professioneller Clownskost\u00fcme f\u00fcr die Grusel-, Halloween- und Horror-Event-Branche entworfen hat. Beinhaltet: T-Shirt mit STAB-Motiv Langarm unter T-Shirt Clown-Kragen Gepunktete Clown-Hose Handschuhe Socken Optionale Sackmaske (siehe Dropdown-Men\u00fc) Alle professionell verwittert und notleidend, hochwertiges Material. [...]<\/p>","protected":false},"featured_media":54866,"comment_status":"closed","ping_status":"closed","template":"","meta":{"_acf_changed":false},"product_brand":[],"product_cat":[6969,6551,6543,6829],"product_tag":[],"class_list":{"0":"post-54871","1":"product","2":"type-product","3":"status-publish","4":"has-post-thumbnail","6":"product_cat-professional-costumes","7":"product_cat-costumes","8":"product_cat-professional","9":"product_cat-professional-range-costumes","10":"pa_brand-madabouthorror","11":"pa_character-other","13":"first","14":"instock","15":"taxable","16":"shipping-taxable","17":"purchasable","18":"product-type-variable"},"supplier_id":467463,"supplier_sku":"","barcode":"","atum_controlled":true,"out_stock_date":null,"out_stock_threshold":null,"inheritable":true,"inbound_stock":0,"stock_on_hold":0,"sold_today":0,"sales_last_days":0,"reserved_stock":0,"customer_returns":0,"warehouse_damage":0,"lost_in_post":0,"other_logs":0,"out_stock_days":0,"lost_sales":0,"has_location":false,"update_date":"2026-04-10T00:32:26","atum_locations":[],"atum_stock_status":"instock","restock_status":false,"low_stock_amount":"","sales_update_date":"2026-04-10T00:32:25","calc_backorders":null,"acf":[],"yoast_head":"<!-- This site is optimized with the Yoast SEO plugin v27.3 - https:\/\/yoast.com\/product\/yoast-seo-wordpress\/ -->\n<title>Spiral Clown Costume - Professional Halloween<\/title>\n<meta name=\"description\" content=\"Professional range of Scare \/ Haunt Costumes for the entertainment industry. High quality, hand made costumes for Halloween. UK stock, fast delivery. Customisation available.\" \/>\n<meta name=\"robots\" content=\"index, follow, max-snippet:-1, max-image-preview:large, max-video-preview:-1\" \/>\n<link rel=\"canonical\" href=\"https:\/\/madabouthorror.co.uk\/de\/product\/spiral-clown-costume-stab\/\" \/>\n<meta property=\"og:locale\" content=\"de_DE\" \/>\n<meta property=\"og:type\" content=\"article\" \/>\n<meta property=\"og:title\" content=\"Spiral Clown Costume - Professional Halloween\" \/>\n<meta property=\"og:description\" content=\"Professional range of Scare \/ Haunt Costumes for the entertainment industry. High quality, hand made costumes for Halloween. UK stock, fast delivery. Customisation available.\" \/>\n<meta property=\"og:url\" content=\"https:\/\/madabouthorror.co.uk\/de\/product\/spiral-clown-costume-stab\/\" \/>\n<meta property=\"og:site_name\" content=\"Mad About Horror\" \/>\n<meta property=\"article:publisher\" content=\"https:\/\/www.facebook.com\/madabouthorror\/\" \/>\n<meta property=\"article:modified_time\" content=\"2026-02-10T12:19:19+00:00\" \/>\n<meta property=\"og:image\" content=\"http:\/\/madabouthorror.co.uk\/wp-content\/uploads\/2022\/09\/stab_spiral_clown_halloween_costume.jpg\" \/>\n\t<meta property=\"og:image:width\" content=\"670\" \/>\n\t<meta property=\"og:image:height\" content=\"670\" \/>\n\t<meta property=\"og:image:type\" content=\"image\/jpeg\" \/>\n<meta name=\"twitter:card\" content=\"summary_large_image\" \/>\n<meta name=\"twitter:label1\" content=\"Gesch\u00e4tzte Lesezeit\" \/>\n\t<meta name=\"twitter:data1\" content=\"1\u00a0Minute\" \/>\n<script type=\"application\/ld+json\" class=\"yoast-schema-graph\">{\"@context\":\"https:\\\/\\\/schema.org\",\"@graph\":[{\"@type\":[\"WebPage\",\"ItemPage\"],\"@id\":\"https:\\\/\\\/madabouthorror.co.uk\\\/product\\\/spiral-clown-costume-stab\\\/\",\"url\":\"https:\\\/\\\/madabouthorror.co.uk\\\/product\\\/spiral-clown-costume-stab\\\/\",\"name\":\"Spiral Clown Costume - Professional Halloween\",\"isPartOf\":{\"@id\":\"https:\\\/\\\/madabouthorror.co.uk\\\/#website\"},\"primaryImageOfPage\":{\"@id\":\"https:\\\/\\\/madabouthorror.co.uk\\\/product\\\/spiral-clown-costume-stab\\\/#primaryimage\"},\"image\":{\"@id\":\"https:\\\/\\\/madabouthorror.co.uk\\\/product\\\/spiral-clown-costume-stab\\\/#primaryimage\"},\"thumbnailUrl\":\"https:\\\/\\\/madabouthorror.co.uk\\\/wp-content\\\/uploads\\\/2022\\\/09\\\/stab_spiral_clown_halloween_costume.jpg\",\"datePublished\":\"2022-09-07T15:03:17+00:00\",\"dateModified\":\"2026-02-10T12:19:19+00:00\",\"description\":\"Professional range of Scare \\\/ Haunt Costumes for the entertainment industry. High quality, hand made costumes for Halloween. UK stock, fast delivery. Customisation available.\",\"breadcrumb\":{\"@id\":\"https:\\\/\\\/madabouthorror.co.uk\\\/product\\\/spiral-clown-costume-stab\\\/#breadcrumb\"},\"inLanguage\":\"de\",\"potentialAction\":[{\"@type\":\"ReadAction\",\"target\":[\"https:\\\/\\\/madabouthorror.co.uk\\\/product\\\/spiral-clown-costume-stab\\\/\"]}]},{\"@type\":\"ImageObject\",\"inLanguage\":\"de\",\"@id\":\"https:\\\/\\\/madabouthorror.co.uk\\\/product\\\/spiral-clown-costume-stab\\\/#primaryimage\",\"url\":\"https:\\\/\\\/madabouthorror.co.uk\\\/wp-content\\\/uploads\\\/2022\\\/09\\\/stab_spiral_clown_halloween_costume.jpg\",\"contentUrl\":\"https:\\\/\\\/madabouthorror.co.uk\\\/wp-content\\\/uploads\\\/2022\\\/09\\\/stab_spiral_clown_halloween_costume.jpg\",\"width\":670,\"height\":670,\"caption\":\"professional Halloween costume - spiral clown\"},{\"@type\":\"BreadcrumbList\",\"@id\":\"https:\\\/\\\/madabouthorror.co.uk\\\/product\\\/spiral-clown-costume-stab\\\/#breadcrumb\",\"itemListElement\":[{\"@type\":\"ListItem\",\"position\":1,\"name\":\"Shop\",\"item\":\"https:\\\/\\\/madabouthorror.co.uk\\\/shop\\\/\"},{\"@type\":\"ListItem\",\"position\":2,\"name\":\"Spiral Clown Costume &#8211; STAB\"}]},{\"@type\":\"WebSite\",\"@id\":\"https:\\\/\\\/madabouthorror.co.uk\\\/#website\",\"url\":\"https:\\\/\\\/madabouthorror.co.uk\\\/\",\"name\":\"Mad About Horror\",\"description\":\"\",\"publisher\":{\"@id\":\"https:\\\/\\\/madabouthorror.co.uk\\\/#organization\"},\"alternateName\":\"Mad About Horror Limited\",\"potentialAction\":[{\"@type\":\"SearchAction\",\"target\":{\"@type\":\"EntryPoint\",\"urlTemplate\":\"https:\\\/\\\/madabouthorror.co.uk\\\/?s={search_term_string}\"},\"query-input\":{\"@type\":\"PropertyValueSpecification\",\"valueRequired\":true,\"valueName\":\"search_term_string\"}}],\"inLanguage\":\"de\"},{\"@type\":\"Organization\",\"@id\":\"https:\\\/\\\/madabouthorror.co.uk\\\/#organization\",\"name\":\"Mad About Horror\",\"url\":\"https:\\\/\\\/madabouthorror.co.uk\\\/\",\"logo\":{\"@type\":\"ImageObject\",\"inLanguage\":\"de\",\"@id\":\"https:\\\/\\\/madabouthorror.co.uk\\\/#\\\/schema\\\/logo\\\/image\\\/\",\"url\":\"https:\\\/\\\/madabouthorror.co.uk\\\/wp-content\\\/uploads\\\/2024\\\/02\\\/cropped-Logo.png\",\"contentUrl\":\"https:\\\/\\\/madabouthorror.co.uk\\\/wp-content\\\/uploads\\\/2024\\\/02\\\/cropped-Logo.png\",\"width\":240,\"height\":88,\"caption\":\"Mad About Horror\"},\"image\":{\"@id\":\"https:\\\/\\\/madabouthorror.co.uk\\\/#\\\/schema\\\/logo\\\/image\\\/\"},\"sameAs\":[\"https:\\\/\\\/www.facebook.com\\\/madabouthorror\\\/\",\"https:\\\/\\\/www.instagram.com\\\/madabouthorror\\\/\",\"https:\\\/\\\/www.pinterest.co.uk\\\/madabouthorror\\\/\",\"https:\\\/\\\/www.youtube.com\\\/channel\\\/UCBooLOIxjoQ89dj6T5lWm_w\",\"https:\\\/\\\/www.tiktok.com\\\/@weremadabouthorror\"]}]}<\/script>\n<!-- \/ Yoast SEO plugin. -->","yoast_head_json":{"title":"Spirale Clown Kost\u00fcm - Professionelles Halloween","description":"Professionelles Angebot an Scare \/ Haunt Kost\u00fcmen f\u00fcr die Unterhaltungsindustrie. Hochwertige, handgefertigte Kost\u00fcme f\u00fcr Halloween. UK Lager, schnelle Lieferung. Individuelle Anpassung m\u00f6glich.","robots":{"index":"index","follow":"follow","max-snippet":"max-snippet:-1","max-image-preview":"max-image-preview:large","max-video-preview":"max-video-preview:-1"},"canonical":"https:\/\/madabouthorror.co.uk\/de\/product\/spiral-clown-costume-stab\/","og_locale":"de_DE","og_type":"article","og_title":"Spiral Clown Costume - Professional Halloween","og_description":"Professional range of Scare \/ Haunt Costumes for the entertainment industry. High quality, hand made costumes for Halloween. UK stock, fast delivery. Customisation available.","og_url":"https:\/\/madabouthorror.co.uk\/de\/product\/spiral-clown-costume-stab\/","og_site_name":"Mad About Horror","article_publisher":"https:\/\/www.facebook.com\/madabouthorror\/","article_modified_time":"2026-02-10T12:19:19+00:00","og_image":[{"width":670,"height":670,"url":"http:\/\/madabouthorror.co.uk\/wp-content\/uploads\/2022\/09\/stab_spiral_clown_halloween_costume.jpg","type":"image\/jpeg"}],"twitter_card":"summary_large_image","twitter_misc":{"Gesch\u00e4tzte Lesezeit":"1\u00a0Minute"},"schema":{"@context":"https:\/\/schema.org","@graph":[{"@type":["WebPage","ItemPage"],"@id":"https:\/\/madabouthorror.co.uk\/product\/spiral-clown-costume-stab\/","url":"https:\/\/madabouthorror.co.uk\/product\/spiral-clown-costume-stab\/","name":"Spirale Clown Kost\u00fcm - Professionelles Halloween","isPartOf":{"@id":"https:\/\/madabouthorror.co.uk\/#website"},"primaryImageOfPage":{"@id":"https:\/\/madabouthorror.co.uk\/product\/spiral-clown-costume-stab\/#primaryimage"},"image":{"@id":"https:\/\/madabouthorror.co.uk\/product\/spiral-clown-costume-stab\/#primaryimage"},"thumbnailUrl":"https:\/\/madabouthorror.co.uk\/wp-content\/uploads\/2022\/09\/stab_spiral_clown_halloween_costume.jpg","datePublished":"2022-09-07T15:03:17+00:00","dateModified":"2026-02-10T12:19:19+00:00","description":"Professionelles Angebot an Scare \/ Haunt Kost\u00fcmen f\u00fcr die Unterhaltungsindustrie. Hochwertige, handgefertigte Kost\u00fcme f\u00fcr Halloween. UK Lager, schnelle Lieferung. Individuelle Anpassung m\u00f6glich.","breadcrumb":{"@id":"https:\/\/madabouthorror.co.uk\/product\/spiral-clown-costume-stab\/#breadcrumb"},"inLanguage":"de","potentialAction":[{"@type":"ReadAction","target":["https:\/\/madabouthorror.co.uk\/product\/spiral-clown-costume-stab\/"]}]},{"@type":"ImageObject","inLanguage":"de","@id":"https:\/\/madabouthorror.co.uk\/product\/spiral-clown-costume-stab\/#primaryimage","url":"https:\/\/madabouthorror.co.uk\/wp-content\/uploads\/2022\/09\/stab_spiral_clown_halloween_costume.jpg","contentUrl":"https:\/\/madabouthorror.co.uk\/wp-content\/uploads\/2022\/09\/stab_spiral_clown_halloween_costume.jpg","width":670,"height":670,"caption":"professional Halloween costume - spiral clown"},{"@type":"BreadcrumbList","@id":"https:\/\/madabouthorror.co.uk\/product\/spiral-clown-costume-stab\/#breadcrumb","itemListElement":[{"@type":"ListItem","position":1,"name":"Shop","item":"https:\/\/madabouthorror.co.uk\/shop\/"},{"@type":"ListItem","position":2,"name":"Spiral Clown Costume &#8211; STAB"}]},{"@type":"WebSite","@id":"https:\/\/madabouthorror.co.uk\/#website","url":"https:\/\/madabouthorror.co.uk\/","name":"Verr\u00fcckt nach Horror","description":"","publisher":{"@id":"https:\/\/madabouthorror.co.uk\/#organization"},"alternateName":"Mad About Horror Limited","potentialAction":[{"@type":"SearchAction","target":{"@type":"EntryPoint","urlTemplate":"https:\/\/madabouthorror.co.uk\/?s={search_term_string}"},"query-input":{"@type":"PropertyValueSpecification","valueRequired":true,"valueName":"search_term_string"}}],"inLanguage":"de"},{"@type":"Organization","@id":"https:\/\/madabouthorror.co.uk\/#organization","name":"Verr\u00fcckt nach Horror","url":"https:\/\/madabouthorror.co.uk\/","logo":{"@type":"ImageObject","inLanguage":"de","@id":"https:\/\/madabouthorror.co.uk\/#\/schema\/logo\/image\/","url":"https:\/\/madabouthorror.co.uk\/wp-content\/uploads\/2024\/02\/cropped-Logo.png","contentUrl":"https:\/\/madabouthorror.co.uk\/wp-content\/uploads\/2024\/02\/cropped-Logo.png","width":240,"height":88,"caption":"Mad About Horror"},"image":{"@id":"https:\/\/madabouthorror.co.uk\/#\/schema\/logo\/image\/"},"sameAs":["https:\/\/www.facebook.com\/madabouthorror\/","https:\/\/www.instagram.com\/madabouthorror\/","https:\/\/www.pinterest.co.uk\/madabouthorror\/","https:\/\/www.youtube.com\/channel\/UCBooLOIxjoQ89dj6T5lWm_w","https:\/\/www.tiktok.com\/@weremadabouthorror"]}]}},"df_price":145.78,"df_sale_price":"","df_regular_price":145.78,"df_image_link":"https:\/\/madabouthorror.co.uk\/wp-content\/uploads\/2022\/09\/stab_spiral_clown_halloween_costume-300x300.jpg","_links":{"self":[{"href":"https:\/\/madabouthorror.co.uk\/de\/wp-json\/wp\/v2\/product\/54871","targetHints":{"allow":["GET"]}}],"collection":[{"href":"https:\/\/madabouthorror.co.uk\/de\/wp-json\/wp\/v2\/product"}],"about":[{"href":"https:\/\/madabouthorror.co.uk\/de\/wp-json\/wp\/v2\/types\/product"}],"replies":[{"embeddable":true,"href":"https:\/\/madabouthorror.co.uk\/de\/wp-json\/wp\/v2\/comments?post=54871"}],"wp:featuredmedia":[{"embeddable":true,"href":"https:\/\/madabouthorror.co.uk\/de\/wp-json\/wp\/v2\/media\/54866"}],"wp:attachment":[{"href":"https:\/\/madabouthorror.co.uk\/de\/wp-json\/wp\/v2\/media?parent=54871"}],"wp:term":[{"taxonomy":"product_brand","embeddable":true,"href":"https:\/\/madabouthorror.co.uk\/de\/wp-json\/wp\/v2\/product_brand?post=54871"},{"taxonomy":"product_cat","embeddable":true,"href":"https:\/\/madabouthorror.co.uk\/de\/wp-json\/wp\/v2\/product_cat?post=54871"},{"taxonomy":"product_tag","embeddable":true,"href":"https:\/\/madabouthorror.co.uk\/de\/wp-json\/wp\/v2\/product_tag?post=54871"}],"curies":[{"name":"wp","href":"https:\/\/api.w.org\/{rel}","templated":true}]}}