{"id":549998,"date":"2025-08-18T11:39:53","date_gmt":"2025-08-18T10:39:53","guid":{"rendered":"https:\/\/madabouthorror.co.uk\/?post_type=product&#038;p=549998"},"modified":"2026-04-02T09:48:21","modified_gmt":"2026-04-02T08:48:21","slug":"scream-greats-halloween-2007-michael-myers-8-figure","status":"publish","type":"product","link":"https:\/\/madabouthorror.co.uk\/de\/product\/scream-greats-halloween-2007-michael-myers-8-figure\/","title":{"rendered":"Scream Greats - Halloween (2007 Rob Zombie) - Michael Myers 8\u2033 Figur"},"content":{"rendered":"<p data-start=\"0\" data-end=\"345\">Wir pr\u00e4sentieren die offiziell lizenzierte Halloween (2007) \u2013 Michael Myers Actionfigur von Trick or Treat Studios, Teil der Scream Greats Serie 2 Kollektion. Diese hochdetaillierte Figur f\u00e4ngt die bedrohliche Pr\u00e4senz von Rob Zombies neu interpretiertem Shape ein und erweckt den furchterregenden Killer im perfekten Display-Ma\u00dfstab f\u00fcr Fans und Sammler zum Leben.<\/p>\n<p data-start=\"347\" data-end=\"715\">Diese offizielle Scream Greats Michael Myers Figur ist mit unglaublichem Detailreichtum gestaltet und wird mit einem austauschbaren rechten Arm geliefert, mit dem Sie ihn mit seinem ikonischen Messer in der Hand pr\u00e4sentieren k\u00f6nnen. Auf einer klassischen Kartenr\u00fcckseite mit Blisterverpackung pr\u00e4sentiert, ist sie sowohl ein auff\u00e4lliges Sammlerst\u00fcck als auch ein nostalgischer R\u00fcckblick auf Vintage-Horrorfiguren.<\/p>\n<p data-start=\"717\" data-end=\"840\" data-is-last-node=\"\" data-is-only-node=\"\">Enth\u00e4lt: 20 cm gro\u00dfe Michael Myers Figur, austauschbarer rechter Arm mit handhaltendem Messer und Messer.<\/p>","protected":false},"excerpt":{"rendered":"<p>Vorstellung der offiziell lizenzierten Halloween (2007) \u2013 Michael Myers Actionfigur von Trick or Treat Studios, Teil der Scream Greats Serie 2 Kollektion. Diese detailreiche Figur f\u00e4ngt die bedrohliche Pr\u00e4senz von Rob Zombies neu interpretiertem Shape ein und erweckt den furchterregenden Killer in perfekter Display-Gr\u00f6\u00dfe f\u00fcr Fans und Sammler zum Leben. Diese Scream Greats Michael [\u2026]<\/p>","protected":false},"featured_media":550000,"comment_status":"closed","ping_status":"closed","template":"","meta":{"_acf_changed":false},"product_brand":[],"product_cat":[10075,6538,10132,10126,6537,6784,6571,6792,6660],"product_tag":[],"class_list":{"0":"post-549998","1":"product","2":"type-product","3":"status-publish","4":"has-post-thumbnail","6":"product_cat-action-figures","7":"product_cat-figures","8":"product_cat-masks-collectibles","9":"product_cat-scream-greats","10":"product_cat-collectibles","11":"product_cat-michael-myers","12":"product_cat-just-arrived","13":"product_cat-trick-or-treat-studios","14":"product_cat-halloweenmichaelmyers","15":"product_shipping_class-small-parcel-economy-3-5-business-days","17":"first","18":"instock","19":"taxable","20":"shipping-taxable","21":"purchasable","22":"product-type-simple"},"supplier_id":null,"supplier_sku":"TTLG130","barcode":"810116284344","atum_controlled":true,"out_stock_date":null,"out_stock_threshold":null,"inheritable":false,"inbound_stock":0,"stock_on_hold":0,"sold_today":0,"sales_last_days":0,"reserved_stock":0,"customer_returns":0,"warehouse_damage":0,"lost_in_post":0,"other_logs":0,"out_stock_days":0,"lost_sales":0,"has_location":false,"update_date":"2026-05-04T01:24:02","atum_locations":[],"atum_stock_status":"instock","restock_status":false,"low_stock_amount":"","sales_update_date":"2026-05-04T01:24:01","calc_backorders":null,"acf":[],"yoast_head":"<!-- This site is optimized with the Yoast SEO plugin v27.5 - https:\/\/yoast.com\/product\/yoast-seo-wordpress\/ -->\n<title>Scream Greats - Halloween (2007 Rob Zombie) - Michael Myers 8&quot; Figure | Mad About Horror<\/title>\n<meta name=\"description\" content=\"Scream Greats - Michael Myers Figure. Shop Horror collectibles and Halloween props. Europe&#039;s leading horror collectibles specialist.\" \/>\n<meta name=\"robots\" content=\"index, follow, max-snippet:-1, max-image-preview:large, max-video-preview:-1\" \/>\n<link rel=\"canonical\" href=\"https:\/\/madabouthorror.co.uk\/de\/product\/scream-greats-halloween-2007-michael-myers-8-figure\/\" \/>\n<meta property=\"og:locale\" content=\"de_DE\" \/>\n<meta property=\"og:type\" content=\"article\" \/>\n<meta property=\"og:title\" content=\"Scream Greats - Halloween (2007 Rob Zombie) - Michael Myers 8&quot; Figure | Mad About Horror\" \/>\n<meta property=\"og:description\" content=\"Scream Greats - Michael Myers Figure. Shop Horror collectibles and Halloween props. Europe&#039;s leading horror collectibles specialist.\" \/>\n<meta property=\"og:url\" content=\"https:\/\/madabouthorror.co.uk\/de\/product\/scream-greats-halloween-2007-michael-myers-8-figure\/\" \/>\n<meta property=\"og:site_name\" content=\"Mad About Horror\" \/>\n<meta property=\"article:publisher\" content=\"https:\/\/www.facebook.com\/madabouthorror\/\" \/>\n<meta property=\"article:modified_time\" content=\"2026-04-02T08:48:21+00:00\" \/>\n<meta property=\"og:image\" content=\"https:\/\/madabouthorror.co.uk\/wp-content\/uploads\/2025\/08\/screamgreats-halloween2007-myers-glam_2048x.jpg.webp\" \/>\n\t<meta property=\"og:image:width\" content=\"1500\" \/>\n\t<meta property=\"og:image:height\" content=\"1500\" \/>\n\t<meta property=\"og:image:type\" content=\"image\/webp\" \/>\n<meta name=\"twitter:card\" content=\"summary_large_image\" \/>\n<meta name=\"twitter:label1\" content=\"Gesch\u00e4tzte Lesezeit\" \/>\n\t<meta name=\"twitter:data1\" content=\"1\u00a0Minute\" \/>\n<script type=\"application\/ld+json\" class=\"yoast-schema-graph\">{\"@context\":\"https:\\\/\\\/schema.org\",\"@graph\":[{\"@type\":[\"WebPage\",\"ItemPage\"],\"@id\":\"https:\\\/\\\/madabouthorror.co.uk\\\/product\\\/scream-greats-halloween-2007-michael-myers-8-figure\\\/\",\"url\":\"https:\\\/\\\/madabouthorror.co.uk\\\/product\\\/scream-greats-halloween-2007-michael-myers-8-figure\\\/\",\"name\":\"Scream Greats - Halloween (2007 Rob Zombie) - Michael Myers 8\\\" Figure | Mad About Horror\",\"isPartOf\":{\"@id\":\"https:\\\/\\\/madabouthorror.co.uk\\\/#website\"},\"primaryImageOfPage\":{\"@id\":\"https:\\\/\\\/madabouthorror.co.uk\\\/product\\\/scream-greats-halloween-2007-michael-myers-8-figure\\\/#primaryimage\"},\"image\":{\"@id\":\"https:\\\/\\\/madabouthorror.co.uk\\\/product\\\/scream-greats-halloween-2007-michael-myers-8-figure\\\/#primaryimage\"},\"thumbnailUrl\":\"https:\\\/\\\/madabouthorror.co.uk\\\/wp-content\\\/uploads\\\/2025\\\/08\\\/screamgreats-halloween2007-myers-glam_2048x.jpg.webp\",\"datePublished\":\"2025-08-18T10:39:53+00:00\",\"dateModified\":\"2026-04-02T08:48:21+00:00\",\"description\":\"Scream Greats - Michael Myers Figure. Shop Horror collectibles and Halloween props. Europe's leading horror collectibles specialist.\",\"breadcrumb\":{\"@id\":\"https:\\\/\\\/madabouthorror.co.uk\\\/product\\\/scream-greats-halloween-2007-michael-myers-8-figure\\\/#breadcrumb\"},\"inLanguage\":\"de\",\"potentialAction\":[{\"@type\":\"ReadAction\",\"target\":[\"https:\\\/\\\/madabouthorror.co.uk\\\/product\\\/scream-greats-halloween-2007-michael-myers-8-figure\\\/\"]}]},{\"@type\":\"ImageObject\",\"inLanguage\":\"de\",\"@id\":\"https:\\\/\\\/madabouthorror.co.uk\\\/product\\\/scream-greats-halloween-2007-michael-myers-8-figure\\\/#primaryimage\",\"url\":\"https:\\\/\\\/madabouthorror.co.uk\\\/wp-content\\\/uploads\\\/2025\\\/08\\\/screamgreats-halloween2007-myers-glam_2048x.jpg.webp\",\"contentUrl\":\"https:\\\/\\\/madabouthorror.co.uk\\\/wp-content\\\/uploads\\\/2025\\\/08\\\/screamgreats-halloween2007-myers-glam_2048x.jpg.webp\",\"width\":1500,\"height\":1500,\"caption\":\"Scream Greats - Michael Myers Figure\"},{\"@type\":\"BreadcrumbList\",\"@id\":\"https:\\\/\\\/madabouthorror.co.uk\\\/product\\\/scream-greats-halloween-2007-michael-myers-8-figure\\\/#breadcrumb\",\"itemListElement\":[{\"@type\":\"ListItem\",\"position\":1,\"name\":\"Shop\",\"item\":\"https:\\\/\\\/madabouthorror.co.uk\\\/shop\\\/\"},{\"@type\":\"ListItem\",\"position\":2,\"name\":\"Scream Greats &#8211; Halloween (2007 Rob Zombie) &#8211; Michael Myers 8&#8243; Figure\"}]},{\"@type\":\"WebSite\",\"@id\":\"https:\\\/\\\/madabouthorror.co.uk\\\/#website\",\"url\":\"https:\\\/\\\/madabouthorror.co.uk\\\/\",\"name\":\"Mad About Horror\",\"description\":\"\",\"publisher\":{\"@id\":\"https:\\\/\\\/madabouthorror.co.uk\\\/#organization\"},\"alternateName\":\"Mad About Horror Limited\",\"potentialAction\":[{\"@type\":\"SearchAction\",\"target\":{\"@type\":\"EntryPoint\",\"urlTemplate\":\"https:\\\/\\\/madabouthorror.co.uk\\\/?s={search_term_string}\"},\"query-input\":{\"@type\":\"PropertyValueSpecification\",\"valueRequired\":true,\"valueName\":\"search_term_string\"}}],\"inLanguage\":\"de\"},{\"@type\":\"Organization\",\"@id\":\"https:\\\/\\\/madabouthorror.co.uk\\\/#organization\",\"name\":\"Mad About Horror\",\"url\":\"https:\\\/\\\/madabouthorror.co.uk\\\/\",\"logo\":{\"@type\":\"ImageObject\",\"inLanguage\":\"de\",\"@id\":\"https:\\\/\\\/madabouthorror.co.uk\\\/#\\\/schema\\\/logo\\\/image\\\/\",\"url\":\"https:\\\/\\\/madabouthorror.co.uk\\\/wp-content\\\/uploads\\\/2024\\\/02\\\/cropped-Logo.png\",\"contentUrl\":\"https:\\\/\\\/madabouthorror.co.uk\\\/wp-content\\\/uploads\\\/2024\\\/02\\\/cropped-Logo.png\",\"width\":240,\"height\":88,\"caption\":\"Mad About Horror\"},\"image\":{\"@id\":\"https:\\\/\\\/madabouthorror.co.uk\\\/#\\\/schema\\\/logo\\\/image\\\/\"},\"sameAs\":[\"https:\\\/\\\/www.facebook.com\\\/madabouthorror\\\/\",\"https:\\\/\\\/www.instagram.com\\\/madabouthorror\\\/\",\"https:\\\/\\\/www.pinterest.co.uk\\\/madabouthorror\\\/\",\"https:\\\/\\\/www.youtube.com\\\/channel\\\/UCBooLOIxjoQ89dj6T5lWm_w\",\"https:\\\/\\\/www.tiktok.com\\\/@weremadabouthorror\"]}]}<\/script>\n<!-- \/ Yoast SEO plugin. -->","yoast_head_json":{"title":"Scream Greats - Halloween (2007 Rob Zombie) - Michael Myers 8\" Figur | Mad About Horror","description":"Scream Greats - Michael Myers Figur. Kaufe Horror-Sammlerst\u00fccke und Halloween-Requisiten. Europas f\u00fchrender Spezialist f\u00fcr Horror-Sammlerst\u00fccke.","robots":{"index":"index","follow":"follow","max-snippet":"max-snippet:-1","max-image-preview":"max-image-preview:large","max-video-preview":"max-video-preview:-1"},"canonical":"https:\/\/madabouthorror.co.uk\/de\/product\/scream-greats-halloween-2007-michael-myers-8-figure\/","og_locale":"de_DE","og_type":"article","og_title":"Scream Greats - Halloween (2007 Rob Zombie) - Michael Myers 8\" Figure | Mad About Horror","og_description":"Scream Greats - Michael Myers Figure. Shop Horror collectibles and Halloween props. Europe's leading horror collectibles specialist.","og_url":"https:\/\/madabouthorror.co.uk\/de\/product\/scream-greats-halloween-2007-michael-myers-8-figure\/","og_site_name":"Mad About Horror","article_publisher":"https:\/\/www.facebook.com\/madabouthorror\/","article_modified_time":"2026-04-02T08:48:21+00:00","og_image":[{"width":1500,"height":1500,"url":"https:\/\/madabouthorror.co.uk\/wp-content\/uploads\/2025\/08\/screamgreats-halloween2007-myers-glam_2048x.jpg.webp","type":"image\/webp"}],"twitter_card":"summary_large_image","twitter_misc":{"Gesch\u00e4tzte Lesezeit":"1\u00a0Minute"},"schema":{"@context":"https:\/\/schema.org","@graph":[{"@type":["WebPage","ItemPage"],"@id":"https:\/\/madabouthorror.co.uk\/product\/scream-greats-halloween-2007-michael-myers-8-figure\/","url":"https:\/\/madabouthorror.co.uk\/product\/scream-greats-halloween-2007-michael-myers-8-figure\/","name":"Scream Greats - Halloween (2007 Rob Zombie) - Michael Myers 8\" Figur | Mad About Horror","isPartOf":{"@id":"https:\/\/madabouthorror.co.uk\/#website"},"primaryImageOfPage":{"@id":"https:\/\/madabouthorror.co.uk\/product\/scream-greats-halloween-2007-michael-myers-8-figure\/#primaryimage"},"image":{"@id":"https:\/\/madabouthorror.co.uk\/product\/scream-greats-halloween-2007-michael-myers-8-figure\/#primaryimage"},"thumbnailUrl":"https:\/\/madabouthorror.co.uk\/wp-content\/uploads\/2025\/08\/screamgreats-halloween2007-myers-glam_2048x.jpg.webp","datePublished":"2025-08-18T10:39:53+00:00","dateModified":"2026-04-02T08:48:21+00:00","description":"Scream Greats - Michael Myers Figur. Kaufe Horror-Sammlerst\u00fccke und Halloween-Requisiten. Europas f\u00fchrender Spezialist f\u00fcr Horror-Sammlerst\u00fccke.","breadcrumb":{"@id":"https:\/\/madabouthorror.co.uk\/product\/scream-greats-halloween-2007-michael-myers-8-figure\/#breadcrumb"},"inLanguage":"de","potentialAction":[{"@type":"ReadAction","target":["https:\/\/madabouthorror.co.uk\/product\/scream-greats-halloween-2007-michael-myers-8-figure\/"]}]},{"@type":"ImageObject","inLanguage":"de","@id":"https:\/\/madabouthorror.co.uk\/product\/scream-greats-halloween-2007-michael-myers-8-figure\/#primaryimage","url":"https:\/\/madabouthorror.co.uk\/wp-content\/uploads\/2025\/08\/screamgreats-halloween2007-myers-glam_2048x.jpg.webp","contentUrl":"https:\/\/madabouthorror.co.uk\/wp-content\/uploads\/2025\/08\/screamgreats-halloween2007-myers-glam_2048x.jpg.webp","width":1500,"height":1500,"caption":"Scream Greats - Michael Myers Figure"},{"@type":"BreadcrumbList","@id":"https:\/\/madabouthorror.co.uk\/product\/scream-greats-halloween-2007-michael-myers-8-figure\/#breadcrumb","itemListElement":[{"@type":"ListItem","position":1,"name":"Shop","item":"https:\/\/madabouthorror.co.uk\/shop\/"},{"@type":"ListItem","position":2,"name":"Scream Greats &#8211; Halloween (2007 Rob Zombie) &#8211; Michael Myers 8&#8243; Figure"}]},{"@type":"WebSite","@id":"https:\/\/madabouthorror.co.uk\/#website","url":"https:\/\/madabouthorror.co.uk\/","name":"Verr\u00fcckt nach Horror","description":"","publisher":{"@id":"https:\/\/madabouthorror.co.uk\/#organization"},"alternateName":"Mad About Horror Limited","potentialAction":[{"@type":"SearchAction","target":{"@type":"EntryPoint","urlTemplate":"https:\/\/madabouthorror.co.uk\/?s={search_term_string}"},"query-input":{"@type":"PropertyValueSpecification","valueRequired":true,"valueName":"search_term_string"}}],"inLanguage":"de"},{"@type":"Organization","@id":"https:\/\/madabouthorror.co.uk\/#organization","name":"Verr\u00fcckt nach Horror","url":"https:\/\/madabouthorror.co.uk\/","logo":{"@type":"ImageObject","inLanguage":"de","@id":"https:\/\/madabouthorror.co.uk\/#\/schema\/logo\/image\/","url":"https:\/\/madabouthorror.co.uk\/wp-content\/uploads\/2024\/02\/cropped-Logo.png","contentUrl":"https:\/\/madabouthorror.co.uk\/wp-content\/uploads\/2024\/02\/cropped-Logo.png","width":240,"height":88,"caption":"Mad About Horror"},"image":{"@id":"https:\/\/madabouthorror.co.uk\/#\/schema\/logo\/image\/"},"sameAs":["https:\/\/www.facebook.com\/madabouthorror\/","https:\/\/www.instagram.com\/madabouthorror\/","https:\/\/www.pinterest.co.uk\/madabouthorror\/","https:\/\/www.youtube.com\/channel\/UCBooLOIxjoQ89dj6T5lWm_w","https:\/\/www.tiktok.com\/@weremadabouthorror"]}]}},"df_price":42.95,"df_sale_price":"","df_regular_price":42.95,"df_image_link":"https:\/\/madabouthorror.co.uk\/wp-content\/uploads\/2025\/08\/screamgreats-halloween2007-myers-glam_2048x.jpg-300x300.webp","_links":{"self":[{"href":"https:\/\/madabouthorror.co.uk\/de\/wp-json\/wp\/v2\/product\/549998","targetHints":{"allow":["GET"]}}],"collection":[{"href":"https:\/\/madabouthorror.co.uk\/de\/wp-json\/wp\/v2\/product"}],"about":[{"href":"https:\/\/madabouthorror.co.uk\/de\/wp-json\/wp\/v2\/types\/product"}],"replies":[{"embeddable":true,"href":"https:\/\/madabouthorror.co.uk\/de\/wp-json\/wp\/v2\/comments?post=549998"}],"wp:featuredmedia":[{"embeddable":true,"href":"https:\/\/madabouthorror.co.uk\/de\/wp-json\/wp\/v2\/media\/550000"}],"wp:attachment":[{"href":"https:\/\/madabouthorror.co.uk\/de\/wp-json\/wp\/v2\/media?parent=549998"}],"wp:term":[{"taxonomy":"product_brand","embeddable":true,"href":"https:\/\/madabouthorror.co.uk\/de\/wp-json\/wp\/v2\/product_brand?post=549998"},{"taxonomy":"product_cat","embeddable":true,"href":"https:\/\/madabouthorror.co.uk\/de\/wp-json\/wp\/v2\/product_cat?post=549998"},{"taxonomy":"product_tag","embeddable":true,"href":"https:\/\/madabouthorror.co.uk\/de\/wp-json\/wp\/v2\/product_tag?post=549998"}],"curies":[{"name":"wp","href":"https:\/\/api.w.org\/{rel}","templated":true}]}}