{"id":55218,"date":"2022-09-13T17:30:06","date_gmt":"2022-09-13T16:30:06","guid":{"rendered":"https:\/\/mah.6bdv.ws\/product\/halloween-ends-michael-myers-mask\/"},"modified":"2026-04-30T15:35:35","modified_gmt":"2026-04-30T14:35:35","slug":"halloween-ends-michael-myers-mask","status":"publish","type":"product","link":"https:\/\/madabouthorror.co.uk\/de\/product\/halloween-ends-michael-myers-mask\/","title":{"rendered":"Halloween endet - Michael Myers Maske"},"content":{"rendered":"<p>Hier kommt die offiziell lizenzierte Halloween Ends Michael Myers Maske von Trick or Treat Studios.<\/p>\n<p>Enth\u00fclle den Schrecken mit dieser offiziell lizenzierten Maske, die von Christopher Nelson und Vincent Van Dyke gestaltet wurde. Stolz pr\u00e4sentiert von Trick or Treat Studios, ist diese Maske eine direkte Kreation des Filmmeisters und f\u00e4ngt die Essenz von Michael Myers im letzten Teil der Blumhouse-Trilogie (2022), Halloween Ends, ein. Tauchen Sie ein in das Grauen mit extremen Verwitterungsdetails, einschlie\u00dflich eines gruseligen Schimmelbildungseffekts, da Sie eine authentische Replik der kultigen Maske besitzen, die von Michael Myers in Halloween Ends getragen wird!<\/p>\n<p><strong>Einzelheiten:<\/strong><\/p>\n<ul>\n<li>Ma\u00dfnahmen etwa 26\u2033 um an der Stirn<\/li>\n<li>Echter Schimmel-Effekt<\/li>\n<li>Latex und Kunsthaar<\/li>\n<li>Offiziell lizenziert von Trick or Treat Studios<\/li>\n<li>Halloween 2022<\/li>\n<\/ul>\n<p>Brauchen Sie Hilfe beim Haarstyling? Besuchen Sie unser <a href=\"https:\/\/www.youtube.com\/watch?v=pzCUkb0Wn68\">Lehrgang<\/a>, Brauchen Sie Hilfe bei der Gr\u00f6\u00dfenbestimmung? Sehen Sie sich unser <a href=\"https:\/\/www.youtube.com\/watch?v=HzLa4zcB3J4&amp;t=3s\">Leitfaden.<\/a><\/p>\n<p>Mehr wollen <a href=\"https:\/\/madabouthorror.co.uk\/de\/c\/character\/michael-myers\/\">Michael Myers Masken<\/a>? Suchen Sie nicht weiter.<\/p>\n<p>Sehen Sie sich unser gesamtes Angebot an <a href=\"https:\/\/madabouthorror.co.uk\/de\/c\/movie\/halloweenmichaelmyers\/\">Halloween Michael Myers Merchandise<\/a>.<\/p>","protected":false},"excerpt":{"rendered":"<p>Hier kommt die offiziell lizenzierte Halloween Ends Michael Myers Maske von Trick or Treat Studios. Enth\u00fclle den Schrecken mit dieser offiziell lizenzierten Maske, die von Christopher Nelson und Vincent Van Dyke gestaltet wurde. Stolz pr\u00e4sentiert von Trick or Treat Studios, ist diese Maske eine direkte Sch\u00f6pfung aus dem Film-Meister, die das Wesen von Michael Myers in der letzten Tranche einf\u00e4ngt [...]<\/p>","protected":false},"featured_media":55213,"comment_status":"closed","ping_status":"closed","template":"","meta":{"_acf_changed":false},"product_brand":[],"product_cat":[6580,10100,10132,9978,10040,7091,6551,10038,6784,9962,6541,6792,6660],"product_tag":[],"class_list":{"0":"post-55218","1":"product","2":"type-product","3":"status-publish","4":"has-post-thumbnail","6":"product_cat-movie-tv","7":"product_cat-latex-masks","8":"product_cat-masks-collectibles","9":"product_cat-michael-myers-costumes","10":"product_cat-gifts-under-100","11":"product_cat-tv-movie","12":"product_cat-costumes","13":"product_cat-horror-gifts","14":"product_cat-michael-myers","15":"product_cat-trick-or-treat-studios-masks","16":"product_cat-masks","17":"product_cat-trick-or-treat-studios","18":"product_cat-halloweenmichaelmyers","20":"first","21":"instock","22":"taxable","23":"shipping-taxable","24":"purchasable","25":"product-type-simple"},"supplier_id":467429,"supplier_sku":"CNMF106","barcode":"811501039419","atum_controlled":true,"out_stock_date":null,"out_stock_threshold":null,"inheritable":false,"inbound_stock":41,"stock_on_hold":0,"sold_today":0,"sales_last_days":4,"reserved_stock":0,"customer_returns":0,"warehouse_damage":0,"lost_in_post":0,"other_logs":0,"out_stock_days":0,"lost_sales":0,"has_location":false,"update_date":"2026-05-04T02:16:06","atum_locations":[],"atum_stock_status":"instock","restock_status":false,"low_stock_amount":37,"sales_update_date":"2026-05-04T02:16:05","calc_backorders":null,"acf":[],"yoast_head":"<!-- This site is optimized with the Yoast SEO plugin v27.5 - https:\/\/yoast.com\/product\/yoast-seo-wordpress\/ -->\n<title>Halloween Ends Michael Myers Mask | UK Stock, Mad About Horror<\/title>\n<meta name=\"description\" content=\"Halloween Ends Michael Myers Mask. Official UK Stockist of Trick or Treat Studios. Shop Horror collectibles and Halloween props. UK Stock\" \/>\n<meta name=\"robots\" content=\"index, follow, max-snippet:-1, max-image-preview:large, max-video-preview:-1\" \/>\n<link rel=\"canonical\" href=\"https:\/\/madabouthorror.co.uk\/de\/product\/halloween-ends-michael-myers-mask\/\" \/>\n<meta property=\"og:locale\" content=\"de_DE\" \/>\n<meta property=\"og:type\" content=\"article\" \/>\n<meta property=\"og:title\" content=\"Halloween Ends Michael Myers Mask | UK Stock, Mad About Horror\" \/>\n<meta property=\"og:description\" content=\"Halloween Ends Michael Myers Mask. Official UK Stockist of Trick or Treat Studios. Shop Horror collectibles and Halloween props. UK Stock\" \/>\n<meta property=\"og:url\" content=\"https:\/\/madabouthorror.co.uk\/de\/product\/halloween-ends-michael-myers-mask\/\" \/>\n<meta property=\"og:site_name\" content=\"Mad About Horror\" \/>\n<meta property=\"article:publisher\" content=\"https:\/\/www.facebook.com\/madabouthorror\/\" \/>\n<meta property=\"article:modified_time\" content=\"2026-04-30T14:35:35+00:00\" \/>\n<meta property=\"og:image\" content=\"https:\/\/madabouthorror.co.uk\/wp-content\/uploads\/2022\/09\/trick_or_treat_studios_halloween_ends_mask.jpg\" \/>\n\t<meta property=\"og:image:width\" content=\"670\" \/>\n\t<meta property=\"og:image:height\" content=\"670\" \/>\n\t<meta property=\"og:image:type\" content=\"image\/jpeg\" \/>\n<meta name=\"twitter:card\" content=\"summary_large_image\" \/>\n<meta name=\"twitter:label1\" content=\"Gesch\u00e4tzte Lesezeit\" \/>\n\t<meta name=\"twitter:data1\" content=\"1\u00a0Minute\" \/>\n<script type=\"application\/ld+json\" class=\"yoast-schema-graph\">{\"@context\":\"https:\\\/\\\/schema.org\",\"@graph\":[{\"@type\":[\"WebPage\",\"ItemPage\"],\"@id\":\"https:\\\/\\\/madabouthorror.co.uk\\\/product\\\/halloween-ends-michael-myers-mask\\\/\",\"url\":\"https:\\\/\\\/madabouthorror.co.uk\\\/product\\\/halloween-ends-michael-myers-mask\\\/\",\"name\":\"Halloween Ends Michael Myers Mask | UK Stock, Mad About Horror\",\"isPartOf\":{\"@id\":\"https:\\\/\\\/madabouthorror.co.uk\\\/#website\"},\"primaryImageOfPage\":{\"@id\":\"https:\\\/\\\/madabouthorror.co.uk\\\/product\\\/halloween-ends-michael-myers-mask\\\/#primaryimage\"},\"image\":{\"@id\":\"https:\\\/\\\/madabouthorror.co.uk\\\/product\\\/halloween-ends-michael-myers-mask\\\/#primaryimage\"},\"thumbnailUrl\":\"https:\\\/\\\/madabouthorror.co.uk\\\/wp-content\\\/uploads\\\/2022\\\/09\\\/trick_or_treat_studios_halloween_ends_mask.jpg\",\"datePublished\":\"2022-09-13T16:30:06+00:00\",\"dateModified\":\"2026-04-30T14:35:35+00:00\",\"description\":\"Halloween Ends Michael Myers Mask. Official UK Stockist of Trick or Treat Studios. Shop Horror collectibles and Halloween props. UK Stock\",\"breadcrumb\":{\"@id\":\"https:\\\/\\\/madabouthorror.co.uk\\\/product\\\/halloween-ends-michael-myers-mask\\\/#breadcrumb\"},\"inLanguage\":\"de\",\"potentialAction\":[{\"@type\":\"ReadAction\",\"target\":[\"https:\\\/\\\/madabouthorror.co.uk\\\/product\\\/halloween-ends-michael-myers-mask\\\/\"]}]},{\"@type\":\"ImageObject\",\"inLanguage\":\"de\",\"@id\":\"https:\\\/\\\/madabouthorror.co.uk\\\/product\\\/halloween-ends-michael-myers-mask\\\/#primaryimage\",\"url\":\"https:\\\/\\\/madabouthorror.co.uk\\\/wp-content\\\/uploads\\\/2022\\\/09\\\/trick_or_treat_studios_halloween_ends_mask.jpg\",\"contentUrl\":\"https:\\\/\\\/madabouthorror.co.uk\\\/wp-content\\\/uploads\\\/2022\\\/09\\\/trick_or_treat_studios_halloween_ends_mask.jpg\",\"width\":670,\"height\":670,\"caption\":\"Halloween Ends - Michael Myers Mask - Trick or Treat Studios\"},{\"@type\":\"BreadcrumbList\",\"@id\":\"https:\\\/\\\/madabouthorror.co.uk\\\/product\\\/halloween-ends-michael-myers-mask\\\/#breadcrumb\",\"itemListElement\":[{\"@type\":\"ListItem\",\"position\":1,\"name\":\"Shop\",\"item\":\"https:\\\/\\\/madabouthorror.co.uk\\\/shop\\\/\"},{\"@type\":\"ListItem\",\"position\":2,\"name\":\"Halloween Ends &#8211; Michael Myers Mask\"}]},{\"@type\":\"WebSite\",\"@id\":\"https:\\\/\\\/madabouthorror.co.uk\\\/#website\",\"url\":\"https:\\\/\\\/madabouthorror.co.uk\\\/\",\"name\":\"Mad About Horror\",\"description\":\"\",\"publisher\":{\"@id\":\"https:\\\/\\\/madabouthorror.co.uk\\\/#organization\"},\"alternateName\":\"Mad About Horror Limited\",\"potentialAction\":[{\"@type\":\"SearchAction\",\"target\":{\"@type\":\"EntryPoint\",\"urlTemplate\":\"https:\\\/\\\/madabouthorror.co.uk\\\/?s={search_term_string}\"},\"query-input\":{\"@type\":\"PropertyValueSpecification\",\"valueRequired\":true,\"valueName\":\"search_term_string\"}}],\"inLanguage\":\"de\"},{\"@type\":\"Organization\",\"@id\":\"https:\\\/\\\/madabouthorror.co.uk\\\/#organization\",\"name\":\"Mad About Horror\",\"url\":\"https:\\\/\\\/madabouthorror.co.uk\\\/\",\"logo\":{\"@type\":\"ImageObject\",\"inLanguage\":\"de\",\"@id\":\"https:\\\/\\\/madabouthorror.co.uk\\\/#\\\/schema\\\/logo\\\/image\\\/\",\"url\":\"https:\\\/\\\/madabouthorror.co.uk\\\/wp-content\\\/uploads\\\/2024\\\/02\\\/cropped-Logo.png\",\"contentUrl\":\"https:\\\/\\\/madabouthorror.co.uk\\\/wp-content\\\/uploads\\\/2024\\\/02\\\/cropped-Logo.png\",\"width\":240,\"height\":88,\"caption\":\"Mad About Horror\"},\"image\":{\"@id\":\"https:\\\/\\\/madabouthorror.co.uk\\\/#\\\/schema\\\/logo\\\/image\\\/\"},\"sameAs\":[\"https:\\\/\\\/www.facebook.com\\\/madabouthorror\\\/\",\"https:\\\/\\\/www.instagram.com\\\/madabouthorror\\\/\",\"https:\\\/\\\/www.pinterest.co.uk\\\/madabouthorror\\\/\",\"https:\\\/\\\/www.youtube.com\\\/channel\\\/UCBooLOIxjoQ89dj6T5lWm_w\",\"https:\\\/\\\/www.tiktok.com\\\/@weremadabouthorror\"]}]}<\/script>\n<!-- \/ Yoast SEO plugin. -->","yoast_head_json":{"title":"Halloween Endet Michael Myers Maske | UK Lager, Mad About Horror","description":"Halloween endet mit der Michael Myers Maske. Offizieller UK-H\u00e4ndler von Trick or Treat Studios. Shop Horror Sammlerst\u00fccke und Halloween Requisiten. UK Lager","robots":{"index":"index","follow":"follow","max-snippet":"max-snippet:-1","max-image-preview":"max-image-preview:large","max-video-preview":"max-video-preview:-1"},"canonical":"https:\/\/madabouthorror.co.uk\/de\/product\/halloween-ends-michael-myers-mask\/","og_locale":"de_DE","og_type":"article","og_title":"Halloween Ends Michael Myers Mask | UK Stock, Mad About Horror","og_description":"Halloween Ends Michael Myers Mask. Official UK Stockist of Trick or Treat Studios. Shop Horror collectibles and Halloween props. UK Stock","og_url":"https:\/\/madabouthorror.co.uk\/de\/product\/halloween-ends-michael-myers-mask\/","og_site_name":"Mad About Horror","article_publisher":"https:\/\/www.facebook.com\/madabouthorror\/","article_modified_time":"2026-04-30T14:35:35+00:00","og_image":[{"width":670,"height":670,"url":"https:\/\/madabouthorror.co.uk\/wp-content\/uploads\/2022\/09\/trick_or_treat_studios_halloween_ends_mask.jpg","type":"image\/jpeg"}],"twitter_card":"summary_large_image","twitter_misc":{"Gesch\u00e4tzte Lesezeit":"1\u00a0Minute"},"schema":{"@context":"https:\/\/schema.org","@graph":[{"@type":["WebPage","ItemPage"],"@id":"https:\/\/madabouthorror.co.uk\/product\/halloween-ends-michael-myers-mask\/","url":"https:\/\/madabouthorror.co.uk\/product\/halloween-ends-michael-myers-mask\/","name":"Halloween Endet Michael Myers Maske | UK Lager, Mad About Horror","isPartOf":{"@id":"https:\/\/madabouthorror.co.uk\/#website"},"primaryImageOfPage":{"@id":"https:\/\/madabouthorror.co.uk\/product\/halloween-ends-michael-myers-mask\/#primaryimage"},"image":{"@id":"https:\/\/madabouthorror.co.uk\/product\/halloween-ends-michael-myers-mask\/#primaryimage"},"thumbnailUrl":"https:\/\/madabouthorror.co.uk\/wp-content\/uploads\/2022\/09\/trick_or_treat_studios_halloween_ends_mask.jpg","datePublished":"2022-09-13T16:30:06+00:00","dateModified":"2026-04-30T14:35:35+00:00","description":"Halloween endet mit der Michael Myers Maske. Offizieller UK-H\u00e4ndler von Trick or Treat Studios. Shop Horror Sammlerst\u00fccke und Halloween Requisiten. UK Lager","breadcrumb":{"@id":"https:\/\/madabouthorror.co.uk\/product\/halloween-ends-michael-myers-mask\/#breadcrumb"},"inLanguage":"de","potentialAction":[{"@type":"ReadAction","target":["https:\/\/madabouthorror.co.uk\/product\/halloween-ends-michael-myers-mask\/"]}]},{"@type":"ImageObject","inLanguage":"de","@id":"https:\/\/madabouthorror.co.uk\/product\/halloween-ends-michael-myers-mask\/#primaryimage","url":"https:\/\/madabouthorror.co.uk\/wp-content\/uploads\/2022\/09\/trick_or_treat_studios_halloween_ends_mask.jpg","contentUrl":"https:\/\/madabouthorror.co.uk\/wp-content\/uploads\/2022\/09\/trick_or_treat_studios_halloween_ends_mask.jpg","width":670,"height":670,"caption":"Halloween Ends - Michael Myers Mask - Trick or Treat Studios"},{"@type":"BreadcrumbList","@id":"https:\/\/madabouthorror.co.uk\/product\/halloween-ends-michael-myers-mask\/#breadcrumb","itemListElement":[{"@type":"ListItem","position":1,"name":"Shop","item":"https:\/\/madabouthorror.co.uk\/shop\/"},{"@type":"ListItem","position":2,"name":"Halloween Ends &#8211; Michael Myers Mask"}]},{"@type":"WebSite","@id":"https:\/\/madabouthorror.co.uk\/#website","url":"https:\/\/madabouthorror.co.uk\/","name":"Verr\u00fcckt nach Horror","description":"","publisher":{"@id":"https:\/\/madabouthorror.co.uk\/#organization"},"alternateName":"Mad About Horror Limited","potentialAction":[{"@type":"SearchAction","target":{"@type":"EntryPoint","urlTemplate":"https:\/\/madabouthorror.co.uk\/?s={search_term_string}"},"query-input":{"@type":"PropertyValueSpecification","valueRequired":true,"valueName":"search_term_string"}}],"inLanguage":"de"},{"@type":"Organization","@id":"https:\/\/madabouthorror.co.uk\/#organization","name":"Verr\u00fcckt nach Horror","url":"https:\/\/madabouthorror.co.uk\/","logo":{"@type":"ImageObject","inLanguage":"de","@id":"https:\/\/madabouthorror.co.uk\/#\/schema\/logo\/image\/","url":"https:\/\/madabouthorror.co.uk\/wp-content\/uploads\/2024\/02\/cropped-Logo.png","contentUrl":"https:\/\/madabouthorror.co.uk\/wp-content\/uploads\/2024\/02\/cropped-Logo.png","width":240,"height":88,"caption":"Mad About Horror"},"image":{"@id":"https:\/\/madabouthorror.co.uk\/#\/schema\/logo\/image\/"},"sameAs":["https:\/\/www.facebook.com\/madabouthorror\/","https:\/\/www.instagram.com\/madabouthorror\/","https:\/\/www.pinterest.co.uk\/madabouthorror\/","https:\/\/www.youtube.com\/channel\/UCBooLOIxjoQ89dj6T5lWm_w","https:\/\/www.tiktok.com\/@weremadabouthorror"]}]}},"df_price":64.95,"df_sale_price":"","df_regular_price":64.95,"df_image_link":"https:\/\/madabouthorror.co.uk\/wp-content\/uploads\/2022\/09\/trick_or_treat_studios_halloween_ends_mask-300x300.jpg","_links":{"self":[{"href":"https:\/\/madabouthorror.co.uk\/de\/wp-json\/wp\/v2\/product\/55218","targetHints":{"allow":["GET"]}}],"collection":[{"href":"https:\/\/madabouthorror.co.uk\/de\/wp-json\/wp\/v2\/product"}],"about":[{"href":"https:\/\/madabouthorror.co.uk\/de\/wp-json\/wp\/v2\/types\/product"}],"replies":[{"embeddable":true,"href":"https:\/\/madabouthorror.co.uk\/de\/wp-json\/wp\/v2\/comments?post=55218"}],"wp:featuredmedia":[{"embeddable":true,"href":"https:\/\/madabouthorror.co.uk\/de\/wp-json\/wp\/v2\/media\/55213"}],"wp:attachment":[{"href":"https:\/\/madabouthorror.co.uk\/de\/wp-json\/wp\/v2\/media?parent=55218"}],"wp:term":[{"taxonomy":"product_brand","embeddable":true,"href":"https:\/\/madabouthorror.co.uk\/de\/wp-json\/wp\/v2\/product_brand?post=55218"},{"taxonomy":"product_cat","embeddable":true,"href":"https:\/\/madabouthorror.co.uk\/de\/wp-json\/wp\/v2\/product_cat?post=55218"},{"taxonomy":"product_tag","embeddable":true,"href":"https:\/\/madabouthorror.co.uk\/de\/wp-json\/wp\/v2\/product_tag?post=55218"}],"curies":[{"name":"wp","href":"https:\/\/api.w.org\/{rel}","templated":true}]}}