{"id":55227,"date":"2022-09-20T16:29:27","date_gmt":"2022-09-20T15:29:27","guid":{"rendered":"https:\/\/mah.6bdv.ws\/product\/hidden-screamer\/"},"modified":"2026-02-10T12:50:20","modified_gmt":"2026-02-10T12:50:20","slug":"hidden-screamer","status":"publish","type":"product","link":"https:\/\/madabouthorror.co.uk\/de\/product\/hidden-screamer\/","title":{"rendered":"Versteckter Schreihals"},"content":{"rendered":"<h4>Versteckter Schreihals<\/h4>\n<p>Mit diesen lustigen versteckten Schreih\u00e4lsen kannst du Freunden und Verwandten an Halloween einen furchterregenden Streich spielen! Wir erkl\u00e4ren dir, wie diese kleinen Monster funktionieren.&nbsp;<\/p>\n<p>Verstecken Sie sie einfach an einem dunklen Ort, z. B. in einer Schublade, einem Schrank oder einem K\u00fchlschrank, und wenn das Licht auf sie trifft, sto\u00dfen sie einen markersch\u00fctternden Schrei aus, der jeden zu Tode erschreckt!<\/p>\n<ul>\n<li>Inklusive 3 AG13\/357-Batterien (von Kindern fernhalten)<\/li>\n<li>Jeder Hidden Screamer hat einen Saugnapf zur einfachen Befestigung an glatten, ebenen Oberfl\u00e4chen<\/li>\n<\/ul>\n<p class=\"recommended-age\">&nbsp;<\/p>","protected":false},"excerpt":{"rendered":"<p>Versteckter Schreihals Mit diesen lustigen versteckten Schreih\u00e4lsen kannst du Freunden und Verwandten an Halloween einen furchterregenden Streich spielen! Wir erkl\u00e4ren dir, wie diese kleinen Monster funktionieren.  Verstecke sie einfach an einem dunklen Ort, z. B. in einer Schublade, einem Schrank oder einem K\u00fchlschrank, und wenn das Licht auf sie f\u00e4llt, sto\u00dfen sie einen markersch\u00fctternden Schrei aus, der [...]<\/p>","protected":false},"featured_media":55225,"comment_status":"closed","ping_status":"closed","template":"","meta":{"_acf_changed":false},"product_brand":[],"product_cat":[10068,10117,10131,10093,10094,6547,6963,6597,9899],"product_tag":[9994],"class_list":{"0":"post-55227","1":"product","2":"type-product","3":"status-publish","4":"has-post-thumbnail","6":"product_cat-halloween-decorations-2025","7":"product_cat-halloween-essentials","8":"product_cat-halloween-gifts","9":"product_cat-indoor-halloween-decorations","10":"product_cat-outdoor-halloween-decorations","11":"product_cat-decorations","12":"product_cat-animatronics","13":"product_cat-pumpkins","14":"product_cat-tekky-toys","15":"product_tag-evil-pumpkin-patch","16":"product_shipping_class-small-parcel-economy-3-5-business-days","18":"first","19":"instock","20":"taxable","21":"shipping-taxable","22":"purchasable","23":"product-type-simple"},"supplier_id":467901,"supplier_sku":"","barcode":"669703520002","atum_controlled":true,"out_stock_date":null,"out_stock_threshold":null,"inheritable":false,"inbound_stock":0,"stock_on_hold":0,"sold_today":0,"sales_last_days":0,"reserved_stock":0,"customer_returns":0,"warehouse_damage":0,"lost_in_post":0,"other_logs":0,"out_stock_days":0,"lost_sales":0,"has_location":false,"update_date":"2026-04-21T00:42:19","atum_locations":[],"atum_stock_status":"instock","restock_status":false,"low_stock_amount":"","sales_update_date":"2026-04-21T00:42:18","calc_backorders":null,"acf":[],"yoast_head":"<!-- This site is optimized with the Yoast SEO plugin v27.4 - https:\/\/yoast.com\/product\/yoast-seo-wordpress\/ -->\n<title>Mad About Horror | Hidden Screamer<\/title>\n<meta name=\"description\" content=\"Horror as a genre is all about delivering the unexpected; it&#039;s about taking a step out of your comfort zone and being open to the possibility of being frightened. So why not play a petrifying prank on your guests with the Hidden Screamer from Mad About Horror?\" \/>\n<meta name=\"robots\" content=\"index, follow, max-snippet:-1, max-image-preview:large, max-video-preview:-1\" \/>\n<link rel=\"canonical\" href=\"https:\/\/madabouthorror.co.uk\/de\/product\/hidden-screamer\/\" \/>\n<meta property=\"og:locale\" content=\"de_DE\" \/>\n<meta property=\"og:type\" content=\"article\" \/>\n<meta property=\"og:title\" content=\"Mad About Horror | Hidden Screamer\" \/>\n<meta property=\"og:description\" content=\"Horror as a genre is all about delivering the unexpected; it&#039;s about taking a step out of your comfort zone and being open to the possibility of being frightened. So why not play a petrifying prank on your guests with the Hidden Screamer from Mad About Horror?\" \/>\n<meta property=\"og:url\" content=\"https:\/\/madabouthorror.co.uk\/de\/product\/hidden-screamer\/\" \/>\n<meta property=\"og:site_name\" content=\"Mad About Horror\" \/>\n<meta property=\"article:publisher\" content=\"https:\/\/www.facebook.com\/madabouthorror\/\" \/>\n<meta property=\"article:modified_time\" content=\"2026-02-10T12:50:20+00:00\" \/>\n<meta property=\"og:image\" content=\"https:\/\/madabouthorror.co.uk\/wp-content\/uploads\/2022\/09\/pumpkin_hidden_screamer_halloween_joke.jpg\" \/>\n\t<meta property=\"og:image:width\" content=\"670\" \/>\n\t<meta property=\"og:image:height\" content=\"670\" \/>\n\t<meta property=\"og:image:type\" content=\"image\/jpeg\" \/>\n<meta name=\"twitter:card\" content=\"summary_large_image\" \/>\n<script type=\"application\/ld+json\" class=\"yoast-schema-graph\">{\"@context\":\"https:\\\/\\\/schema.org\",\"@graph\":[{\"@type\":[\"WebPage\",\"ItemPage\"],\"@id\":\"https:\\\/\\\/madabouthorror.co.uk\\\/product\\\/hidden-screamer\\\/\",\"url\":\"https:\\\/\\\/madabouthorror.co.uk\\\/product\\\/hidden-screamer\\\/\",\"name\":\"Mad About Horror | Hidden Screamer\",\"isPartOf\":{\"@id\":\"https:\\\/\\\/madabouthorror.co.uk\\\/#website\"},\"primaryImageOfPage\":{\"@id\":\"https:\\\/\\\/madabouthorror.co.uk\\\/product\\\/hidden-screamer\\\/#primaryimage\"},\"image\":{\"@id\":\"https:\\\/\\\/madabouthorror.co.uk\\\/product\\\/hidden-screamer\\\/#primaryimage\"},\"thumbnailUrl\":\"https:\\\/\\\/madabouthorror.co.uk\\\/wp-content\\\/uploads\\\/2022\\\/09\\\/pumpkin_hidden_screamer_halloween_joke.jpg\",\"datePublished\":\"2022-09-20T15:29:27+00:00\",\"dateModified\":\"2026-02-10T12:50:20+00:00\",\"description\":\"Horror as a genre is all about delivering the unexpected; it's about taking a step out of your comfort zone and being open to the possibility of being frightened. So why not play a petrifying prank on your guests with the Hidden Screamer from Mad About Horror?\",\"breadcrumb\":{\"@id\":\"https:\\\/\\\/madabouthorror.co.uk\\\/product\\\/hidden-screamer\\\/#breadcrumb\"},\"inLanguage\":\"de\",\"potentialAction\":[{\"@type\":\"ReadAction\",\"target\":[\"https:\\\/\\\/madabouthorror.co.uk\\\/product\\\/hidden-screamer\\\/\"]}]},{\"@type\":\"ImageObject\",\"inLanguage\":\"de\",\"@id\":\"https:\\\/\\\/madabouthorror.co.uk\\\/product\\\/hidden-screamer\\\/#primaryimage\",\"url\":\"https:\\\/\\\/madabouthorror.co.uk\\\/wp-content\\\/uploads\\\/2022\\\/09\\\/pumpkin_hidden_screamer_halloween_joke.jpg\",\"contentUrl\":\"https:\\\/\\\/madabouthorror.co.uk\\\/wp-content\\\/uploads\\\/2022\\\/09\\\/pumpkin_hidden_screamer_halloween_joke.jpg\",\"width\":670,\"height\":670,\"caption\":\"Hidden Screamer-0\"},{\"@type\":\"BreadcrumbList\",\"@id\":\"https:\\\/\\\/madabouthorror.co.uk\\\/product\\\/hidden-screamer\\\/#breadcrumb\",\"itemListElement\":[{\"@type\":\"ListItem\",\"position\":1,\"name\":\"Shop\",\"item\":\"https:\\\/\\\/madabouthorror.co.uk\\\/shop\\\/\"},{\"@type\":\"ListItem\",\"position\":2,\"name\":\"Hidden Screamer\"}]},{\"@type\":\"WebSite\",\"@id\":\"https:\\\/\\\/madabouthorror.co.uk\\\/#website\",\"url\":\"https:\\\/\\\/madabouthorror.co.uk\\\/\",\"name\":\"Mad About Horror\",\"description\":\"\",\"publisher\":{\"@id\":\"https:\\\/\\\/madabouthorror.co.uk\\\/#organization\"},\"alternateName\":\"Mad About Horror Limited\",\"potentialAction\":[{\"@type\":\"SearchAction\",\"target\":{\"@type\":\"EntryPoint\",\"urlTemplate\":\"https:\\\/\\\/madabouthorror.co.uk\\\/?s={search_term_string}\"},\"query-input\":{\"@type\":\"PropertyValueSpecification\",\"valueRequired\":true,\"valueName\":\"search_term_string\"}}],\"inLanguage\":\"de\"},{\"@type\":\"Organization\",\"@id\":\"https:\\\/\\\/madabouthorror.co.uk\\\/#organization\",\"name\":\"Mad About Horror\",\"url\":\"https:\\\/\\\/madabouthorror.co.uk\\\/\",\"logo\":{\"@type\":\"ImageObject\",\"inLanguage\":\"de\",\"@id\":\"https:\\\/\\\/madabouthorror.co.uk\\\/#\\\/schema\\\/logo\\\/image\\\/\",\"url\":\"https:\\\/\\\/madabouthorror.co.uk\\\/wp-content\\\/uploads\\\/2024\\\/02\\\/cropped-Logo.png\",\"contentUrl\":\"https:\\\/\\\/madabouthorror.co.uk\\\/wp-content\\\/uploads\\\/2024\\\/02\\\/cropped-Logo.png\",\"width\":240,\"height\":88,\"caption\":\"Mad About Horror\"},\"image\":{\"@id\":\"https:\\\/\\\/madabouthorror.co.uk\\\/#\\\/schema\\\/logo\\\/image\\\/\"},\"sameAs\":[\"https:\\\/\\\/www.facebook.com\\\/madabouthorror\\\/\",\"https:\\\/\\\/www.instagram.com\\\/madabouthorror\\\/\",\"https:\\\/\\\/www.pinterest.co.uk\\\/madabouthorror\\\/\",\"https:\\\/\\\/www.youtube.com\\\/channel\\\/UCBooLOIxjoQ89dj6T5lWm_w\",\"https:\\\/\\\/www.tiktok.com\\\/@weremadabouthorror\"]}]}<\/script>\n<!-- \/ Yoast SEO plugin. -->","yoast_head_json":{"title":"Verr\u00fcckt nach Horror | Versteckter Schreihals","description":"Beim Genre Horror geht es darum, das Unerwartete zu bieten; es geht darum, einen Schritt aus der eigenen Komfortzone zu machen und offen f\u00fcr die M\u00f6glichkeit zu sein, sich zu erschrecken. Warum also nicht mit dem Hidden Screamer von Mad About Horror Ihren G\u00e4sten einen gruseligen Streich spielen?","robots":{"index":"index","follow":"follow","max-snippet":"max-snippet:-1","max-image-preview":"max-image-preview:large","max-video-preview":"max-video-preview:-1"},"canonical":"https:\/\/madabouthorror.co.uk\/de\/product\/hidden-screamer\/","og_locale":"de_DE","og_type":"article","og_title":"Mad About Horror | Hidden Screamer","og_description":"Horror as a genre is all about delivering the unexpected; it's about taking a step out of your comfort zone and being open to the possibility of being frightened. So why not play a petrifying prank on your guests with the Hidden Screamer from Mad About Horror?","og_url":"https:\/\/madabouthorror.co.uk\/de\/product\/hidden-screamer\/","og_site_name":"Mad About Horror","article_publisher":"https:\/\/www.facebook.com\/madabouthorror\/","article_modified_time":"2026-02-10T12:50:20+00:00","og_image":[{"width":670,"height":670,"url":"https:\/\/madabouthorror.co.uk\/wp-content\/uploads\/2022\/09\/pumpkin_hidden_screamer_halloween_joke.jpg","type":"image\/jpeg"}],"twitter_card":"summary_large_image","schema":{"@context":"https:\/\/schema.org","@graph":[{"@type":["WebPage","ItemPage"],"@id":"https:\/\/madabouthorror.co.uk\/product\/hidden-screamer\/","url":"https:\/\/madabouthorror.co.uk\/product\/hidden-screamer\/","name":"Verr\u00fcckt nach Horror | Versteckter Schreihals","isPartOf":{"@id":"https:\/\/madabouthorror.co.uk\/#website"},"primaryImageOfPage":{"@id":"https:\/\/madabouthorror.co.uk\/product\/hidden-screamer\/#primaryimage"},"image":{"@id":"https:\/\/madabouthorror.co.uk\/product\/hidden-screamer\/#primaryimage"},"thumbnailUrl":"https:\/\/madabouthorror.co.uk\/wp-content\/uploads\/2022\/09\/pumpkin_hidden_screamer_halloween_joke.jpg","datePublished":"2022-09-20T15:29:27+00:00","dateModified":"2026-02-10T12:50:20+00:00","description":"Beim Genre Horror geht es darum, das Unerwartete zu bieten; es geht darum, einen Schritt aus der eigenen Komfortzone zu machen und offen f\u00fcr die M\u00f6glichkeit zu sein, sich zu erschrecken. Warum also nicht mit dem Hidden Screamer von Mad About Horror Ihren G\u00e4sten einen gruseligen Streich spielen?","breadcrumb":{"@id":"https:\/\/madabouthorror.co.uk\/product\/hidden-screamer\/#breadcrumb"},"inLanguage":"de","potentialAction":[{"@type":"ReadAction","target":["https:\/\/madabouthorror.co.uk\/product\/hidden-screamer\/"]}]},{"@type":"ImageObject","inLanguage":"de","@id":"https:\/\/madabouthorror.co.uk\/product\/hidden-screamer\/#primaryimage","url":"https:\/\/madabouthorror.co.uk\/wp-content\/uploads\/2022\/09\/pumpkin_hidden_screamer_halloween_joke.jpg","contentUrl":"https:\/\/madabouthorror.co.uk\/wp-content\/uploads\/2022\/09\/pumpkin_hidden_screamer_halloween_joke.jpg","width":670,"height":670,"caption":"Hidden Screamer-0"},{"@type":"BreadcrumbList","@id":"https:\/\/madabouthorror.co.uk\/product\/hidden-screamer\/#breadcrumb","itemListElement":[{"@type":"ListItem","position":1,"name":"Shop","item":"https:\/\/madabouthorror.co.uk\/shop\/"},{"@type":"ListItem","position":2,"name":"Hidden Screamer"}]},{"@type":"WebSite","@id":"https:\/\/madabouthorror.co.uk\/#website","url":"https:\/\/madabouthorror.co.uk\/","name":"Verr\u00fcckt nach Horror","description":"","publisher":{"@id":"https:\/\/madabouthorror.co.uk\/#organization"},"alternateName":"Mad About Horror Limited","potentialAction":[{"@type":"SearchAction","target":{"@type":"EntryPoint","urlTemplate":"https:\/\/madabouthorror.co.uk\/?s={search_term_string}"},"query-input":{"@type":"PropertyValueSpecification","valueRequired":true,"valueName":"search_term_string"}}],"inLanguage":"de"},{"@type":"Organization","@id":"https:\/\/madabouthorror.co.uk\/#organization","name":"Verr\u00fcckt nach Horror","url":"https:\/\/madabouthorror.co.uk\/","logo":{"@type":"ImageObject","inLanguage":"de","@id":"https:\/\/madabouthorror.co.uk\/#\/schema\/logo\/image\/","url":"https:\/\/madabouthorror.co.uk\/wp-content\/uploads\/2024\/02\/cropped-Logo.png","contentUrl":"https:\/\/madabouthorror.co.uk\/wp-content\/uploads\/2024\/02\/cropped-Logo.png","width":240,"height":88,"caption":"Mad About Horror"},"image":{"@id":"https:\/\/madabouthorror.co.uk\/#\/schema\/logo\/image\/"},"sameAs":["https:\/\/www.facebook.com\/madabouthorror\/","https:\/\/www.instagram.com\/madabouthorror\/","https:\/\/www.pinterest.co.uk\/madabouthorror\/","https:\/\/www.youtube.com\/channel\/UCBooLOIxjoQ89dj6T5lWm_w","https:\/\/www.tiktok.com\/@weremadabouthorror"]}]}},"df_price":9.33,"df_sale_price":"","df_regular_price":9.33,"df_image_link":"https:\/\/madabouthorror.co.uk\/wp-content\/uploads\/2022\/09\/pumpkin_hidden_screamer_halloween_joke-300x300.jpg","_links":{"self":[{"href":"https:\/\/madabouthorror.co.uk\/de\/wp-json\/wp\/v2\/product\/55227","targetHints":{"allow":["GET"]}}],"collection":[{"href":"https:\/\/madabouthorror.co.uk\/de\/wp-json\/wp\/v2\/product"}],"about":[{"href":"https:\/\/madabouthorror.co.uk\/de\/wp-json\/wp\/v2\/types\/product"}],"replies":[{"embeddable":true,"href":"https:\/\/madabouthorror.co.uk\/de\/wp-json\/wp\/v2\/comments?post=55227"}],"wp:featuredmedia":[{"embeddable":true,"href":"https:\/\/madabouthorror.co.uk\/de\/wp-json\/wp\/v2\/media\/55225"}],"wp:attachment":[{"href":"https:\/\/madabouthorror.co.uk\/de\/wp-json\/wp\/v2\/media?parent=55227"}],"wp:term":[{"taxonomy":"product_brand","embeddable":true,"href":"https:\/\/madabouthorror.co.uk\/de\/wp-json\/wp\/v2\/product_brand?post=55227"},{"taxonomy":"product_cat","embeddable":true,"href":"https:\/\/madabouthorror.co.uk\/de\/wp-json\/wp\/v2\/product_cat?post=55227"},{"taxonomy":"product_tag","embeddable":true,"href":"https:\/\/madabouthorror.co.uk\/de\/wp-json\/wp\/v2\/product_tag?post=55227"}],"curies":[{"name":"wp","href":"https:\/\/api.w.org\/{rel}","templated":true}]}}