{"id":55468,"date":"2022-10-07T00:31:34","date_gmt":"2022-10-06T23:31:34","guid":{"rendered":"https:\/\/mah.6bdv.ws\/product\/trick-r-treat-deluxe-1-6-scale-sam-action-figure\/"},"modified":"2026-04-20T14:53:55","modified_gmt":"2026-04-20T13:53:55","slug":"trick-r-treat-deluxe-1-6-scale-sam-action-figure","status":"publish","type":"product","link":"https:\/\/madabouthorror.co.uk\/de\/product\/trick-r-treat-deluxe-1-6-scale-sam-action-figure\/","title":{"rendered":"Trick 'r' Treat Sam Deluxe 1\/6 Ma\u00dfstab Action Figur"},"content":{"rendered":"<p data-start=\"0\" data-end=\"240\">Wir stellen die offiziell lizenzierte Trick 'r Treat Deluxe 1:6 Scale Sam Figur von Trick or Treat Studios vor! Mit einer Gr\u00f6\u00dfe von ca. 10\u2033 verf\u00fcgt diese Figur \u00fcber mehr als 30 Gelenkpunkte, die ein dynamisches Posing und eine perfekte Pr\u00e4sentation erm\u00f6glichen.<\/p>\n<p data-start=\"242\" data-end=\"583\">Die Figur tr\u00e4gt ein originalgetreues Kost\u00fcm mit einem weichen Fleece-Onesie mit Patchwork-Details sowie Maskenmaterialien aus Sackleinen und Seilen. Der Sockel auf dem B\u00fcrgersteig zeigt Kunstgras und Details des Sturmgitters und misst 7,5\u2033 tief und 5,5\u2033 breit. Das Paket enth\u00e4lt auch eine sch\u00f6ne Collector's Box mit einem Flip-Back-Fenster Display.<\/p>\n<p data-start=\"585\" data-end=\"605\">Die Figur umfasst:<\/p>\n<ul data-start=\"607\" data-end=\"812\">\n<li data-start=\"607\" data-end=\"627\">Sackleinen Kopf<\/li>\n<li data-start=\"628\" data-end=\"645\">Unmaskierter Kopf<\/li>\n<li data-start=\"646\" data-end=\"678\">4 zus\u00e4tzliche H\u00e4nde (6 insgesamt)<\/li>\n<li data-start=\"679\" data-end=\"702\">Hollie-Ho Bar-Rasierer<\/li>\n<li data-start=\"703\" data-end=\"715\">Lollipop<\/li>\n<li data-start=\"716\" data-end=\"735\" data-is-only-node=\"\">Gebissener Lutscher<\/li>\n<li data-start=\"736\" data-end=\"758\">Trick or Treat Tasche<\/li>\n<li data-start=\"759\" data-end=\"794\">Flammender Jack-O-Lantern zum Aufleuchten<\/li>\n<li data-start=\"795\" data-end=\"812\">B\u00fcrgersteig Basis<\/li>\n<\/ul>\n<p data-start=\"814\" data-end=\"942\">Diese Trick 'r Treat Sam Actionfigur ist das ultimative Sammlerst\u00fcck. Bestellen Sie jetzt und f\u00fcgen Sie diese kultige Figur Ihrer Sammlung hinzu!<\/p>\n<p data-start=\"944\" data-end=\"1137\" data-is-last-node=\"\" data-is-only-node=\"\"><strong data-start=\"944\" data-end=\"960\">Bitte beachten:<\/strong> Viele Figuren im Ma\u00dfstab 1:6 sind etwa 12\u2033 gro\u00df, um Erwachsene von etwa 6\u2032 Gr\u00f6\u00dfe darzustellen. Sam, der im Film die Gr\u00f6\u00dfe eines Kindes hat, ist etwa 10\u2033 gro\u00df, um diesen Ma\u00dfstab widerzuspiegeln.<\/p>\n<p>Sehen Sie sich alle unsere <a href=\"https:\/\/madabouthorror.co.uk\/de\/c\/collectibles\/figures\/1-6-scale-figures\/\">Figuren im Ma\u00dfstab 1\/6 jetzt<\/a>.<\/p>","protected":false},"excerpt":{"rendered":"<p>Wir stellen die offiziell lizenzierte Trick 'r Treat Deluxe 1:6 Scale Sam Figur von Trick or Treat Studios vor! Mit einer Gr\u00f6\u00dfe von ca. 10\u2033 verf\u00fcgt diese Figur \u00fcber 30 Gelenkpunkte, die ein dynamisches Posing und eine perfekte Pr\u00e4sentation erm\u00f6glichen. Die Figur ist in einem originalgetreuen Kost\u00fcm gekleidet, das einen weichen Fleece-Onesie mit Patchwork-Details und eine [...]<\/p>","protected":false},"featured_media":55457,"comment_status":"closed","ping_status":"closed","template":"","meta":{"_acf_changed":false},"product_brand":[],"product_cat":[9938,10075,6538,10129,10112,10038,6728,6792,6716],"product_tag":[],"class_list":{"0":"post-55468","1":"product","2":"type-product","3":"status-publish","4":"has-post-thumbnail","6":"product_cat-1-6-scale-figures","7":"product_cat-action-figures","8":"product_cat-figures","9":"product_cat-main-gift","10":"product_cat-premium-figures","11":"product_cat-horror-gifts","12":"product_cat-premium","13":"product_cat-trick-or-treat-studios","14":"product_cat-trickrtreat","16":"first","17":"instock","18":"taxable","19":"shipping-taxable","20":"purchasable","21":"product-type-simple"},"supplier_id":471030,"supplier_sku":"TTLE109","barcode":"811501037705","atum_controlled":true,"out_stock_date":null,"out_stock_threshold":null,"inheritable":false,"inbound_stock":4,"stock_on_hold":0,"sold_today":0,"sales_last_days":0,"reserved_stock":0,"customer_returns":0,"warehouse_damage":0,"lost_in_post":0,"other_logs":0,"out_stock_days":0,"lost_sales":0,"has_location":false,"update_date":"2026-04-28T01:50:12","atum_locations":[],"atum_stock_status":"instock","restock_status":false,"low_stock_amount":5,"sales_update_date":"2026-04-28T01:50:10","calc_backorders":null,"acf":[],"yoast_head":"<!-- This site is optimized with the Yoast SEO plugin v27.4 - https:\/\/yoast.com\/product\/yoast-seo-wordpress\/ -->\n<title>Trick &#039;r&#039; Treat - Deluxe 1\/6 Scale Sam Action Figure | UK Stock<\/title>\n<meta name=\"description\" content=\"Trick &#039;r&#039; Treat Sam Deluxe 1\/6 Scale Action Figure. Official UK Stockist of Trick or Treat Studios. Shop Horror collectibles and Halloween props. UK Stock.\" \/>\n<meta name=\"robots\" content=\"index, follow, max-snippet:-1, max-image-preview:large, max-video-preview:-1\" \/>\n<link rel=\"canonical\" href=\"https:\/\/madabouthorror.co.uk\/de\/product\/trick-r-treat-deluxe-1-6-scale-sam-action-figure\/\" \/>\n<meta property=\"og:locale\" content=\"de_DE\" \/>\n<meta property=\"og:type\" content=\"article\" \/>\n<meta property=\"og:title\" content=\"Trick &#039;r&#039; Treat - Deluxe 1\/6 Scale Sam Action Figure | UK Stock\" \/>\n<meta property=\"og:description\" content=\"Trick &#039;r&#039; Treat Sam Deluxe 1\/6 Scale Action Figure. Official UK Stockist of Trick or Treat Studios. Shop Horror collectibles and Halloween props. UK Stock.\" \/>\n<meta property=\"og:url\" content=\"https:\/\/madabouthorror.co.uk\/de\/product\/trick-r-treat-deluxe-1-6-scale-sam-action-figure\/\" \/>\n<meta property=\"og:site_name\" content=\"Mad About Horror\" \/>\n<meta property=\"article:publisher\" content=\"https:\/\/www.facebook.com\/madabouthorror\/\" \/>\n<meta property=\"article:modified_time\" content=\"2026-04-20T13:53:55+00:00\" \/>\n<meta property=\"og:image\" content=\"https:\/\/madabouthorror.co.uk\/wp-content\/uploads\/2022\/10\/trt_sam_1-6.jpg\" \/>\n\t<meta property=\"og:image:width\" content=\"650\" \/>\n\t<meta property=\"og:image:height\" content=\"650\" \/>\n\t<meta property=\"og:image:type\" content=\"image\/jpeg\" \/>\n<meta name=\"twitter:card\" content=\"summary_large_image\" \/>\n<meta name=\"twitter:label1\" content=\"Gesch\u00e4tzte Lesezeit\" \/>\n\t<meta name=\"twitter:data1\" content=\"1\u00a0Minute\" \/>\n<script type=\"application\/ld+json\" class=\"yoast-schema-graph\">{\"@context\":\"https:\\\/\\\/schema.org\",\"@graph\":[{\"@type\":[\"WebPage\",\"ItemPage\"],\"@id\":\"https:\\\/\\\/madabouthorror.co.uk\\\/product\\\/trick-r-treat-deluxe-1-6-scale-sam-action-figure\\\/\",\"url\":\"https:\\\/\\\/madabouthorror.co.uk\\\/product\\\/trick-r-treat-deluxe-1-6-scale-sam-action-figure\\\/\",\"name\":\"Trick 'r' Treat - Deluxe 1\\\/6 Scale Sam Action Figure | UK Stock\",\"isPartOf\":{\"@id\":\"https:\\\/\\\/madabouthorror.co.uk\\\/#website\"},\"primaryImageOfPage\":{\"@id\":\"https:\\\/\\\/madabouthorror.co.uk\\\/product\\\/trick-r-treat-deluxe-1-6-scale-sam-action-figure\\\/#primaryimage\"},\"image\":{\"@id\":\"https:\\\/\\\/madabouthorror.co.uk\\\/product\\\/trick-r-treat-deluxe-1-6-scale-sam-action-figure\\\/#primaryimage\"},\"thumbnailUrl\":\"https:\\\/\\\/madabouthorror.co.uk\\\/wp-content\\\/uploads\\\/2022\\\/10\\\/trt_sam_1-6.jpg\",\"datePublished\":\"2022-10-06T23:31:34+00:00\",\"dateModified\":\"2026-04-20T13:53:55+00:00\",\"description\":\"Trick 'r' Treat Sam Deluxe 1\\\/6 Scale Action Figure. Official UK Stockist of Trick or Treat Studios. Shop Horror collectibles and Halloween props. UK Stock.\",\"breadcrumb\":{\"@id\":\"https:\\\/\\\/madabouthorror.co.uk\\\/product\\\/trick-r-treat-deluxe-1-6-scale-sam-action-figure\\\/#breadcrumb\"},\"inLanguage\":\"de\",\"potentialAction\":[{\"@type\":\"ReadAction\",\"target\":[\"https:\\\/\\\/madabouthorror.co.uk\\\/product\\\/trick-r-treat-deluxe-1-6-scale-sam-action-figure\\\/\"]}]},{\"@type\":\"ImageObject\",\"inLanguage\":\"de\",\"@id\":\"https:\\\/\\\/madabouthorror.co.uk\\\/product\\\/trick-r-treat-deluxe-1-6-scale-sam-action-figure\\\/#primaryimage\",\"url\":\"https:\\\/\\\/madabouthorror.co.uk\\\/wp-content\\\/uploads\\\/2022\\\/10\\\/trt_sam_1-6.jpg\",\"contentUrl\":\"https:\\\/\\\/madabouthorror.co.uk\\\/wp-content\\\/uploads\\\/2022\\\/10\\\/trt_sam_1-6.jpg\",\"width\":650,\"height\":650,\"caption\":\"Trick 'r' Treat Deluxe Sam Action Figure\"},{\"@type\":\"BreadcrumbList\",\"@id\":\"https:\\\/\\\/madabouthorror.co.uk\\\/product\\\/trick-r-treat-deluxe-1-6-scale-sam-action-figure\\\/#breadcrumb\",\"itemListElement\":[{\"@type\":\"ListItem\",\"position\":1,\"name\":\"Shop\",\"item\":\"https:\\\/\\\/madabouthorror.co.uk\\\/shop\\\/\"},{\"@type\":\"ListItem\",\"position\":2,\"name\":\"Trick &#8216;r&#8217; Treat Sam Deluxe 1\\\/6 Scale Action Figure\"}]},{\"@type\":\"WebSite\",\"@id\":\"https:\\\/\\\/madabouthorror.co.uk\\\/#website\",\"url\":\"https:\\\/\\\/madabouthorror.co.uk\\\/\",\"name\":\"Mad About Horror\",\"description\":\"\",\"publisher\":{\"@id\":\"https:\\\/\\\/madabouthorror.co.uk\\\/#organization\"},\"alternateName\":\"Mad About Horror Limited\",\"potentialAction\":[{\"@type\":\"SearchAction\",\"target\":{\"@type\":\"EntryPoint\",\"urlTemplate\":\"https:\\\/\\\/madabouthorror.co.uk\\\/?s={search_term_string}\"},\"query-input\":{\"@type\":\"PropertyValueSpecification\",\"valueRequired\":true,\"valueName\":\"search_term_string\"}}],\"inLanguage\":\"de\"},{\"@type\":\"Organization\",\"@id\":\"https:\\\/\\\/madabouthorror.co.uk\\\/#organization\",\"name\":\"Mad About Horror\",\"url\":\"https:\\\/\\\/madabouthorror.co.uk\\\/\",\"logo\":{\"@type\":\"ImageObject\",\"inLanguage\":\"de\",\"@id\":\"https:\\\/\\\/madabouthorror.co.uk\\\/#\\\/schema\\\/logo\\\/image\\\/\",\"url\":\"https:\\\/\\\/madabouthorror.co.uk\\\/wp-content\\\/uploads\\\/2024\\\/02\\\/cropped-Logo.png\",\"contentUrl\":\"https:\\\/\\\/madabouthorror.co.uk\\\/wp-content\\\/uploads\\\/2024\\\/02\\\/cropped-Logo.png\",\"width\":240,\"height\":88,\"caption\":\"Mad About Horror\"},\"image\":{\"@id\":\"https:\\\/\\\/madabouthorror.co.uk\\\/#\\\/schema\\\/logo\\\/image\\\/\"},\"sameAs\":[\"https:\\\/\\\/www.facebook.com\\\/madabouthorror\\\/\",\"https:\\\/\\\/www.instagram.com\\\/madabouthorror\\\/\",\"https:\\\/\\\/www.pinterest.co.uk\\\/madabouthorror\\\/\",\"https:\\\/\\\/www.youtube.com\\\/channel\\\/UCBooLOIxjoQ89dj6T5lWm_w\",\"https:\\\/\\\/www.tiktok.com\\\/@weremadabouthorror\"]}]}<\/script>\n<!-- \/ Yoast SEO plugin. -->","yoast_head_json":{"title":"Trick 'r' Treat - Deluxe 1\/6 Scale Sam Action Figur | UK Stock","description":"Trick 'r' Treat Sam Deluxe 1\/6 Scale Action Figur. Offizieller UK-H\u00e4ndler von Trick or Treat Studios. Shop Horror Sammlerst\u00fccke und Halloween Requisiten. UK Lager.","robots":{"index":"index","follow":"follow","max-snippet":"max-snippet:-1","max-image-preview":"max-image-preview:large","max-video-preview":"max-video-preview:-1"},"canonical":"https:\/\/madabouthorror.co.uk\/de\/product\/trick-r-treat-deluxe-1-6-scale-sam-action-figure\/","og_locale":"de_DE","og_type":"article","og_title":"Trick 'r' Treat - Deluxe 1\/6 Scale Sam Action Figure | UK Stock","og_description":"Trick 'r' Treat Sam Deluxe 1\/6 Scale Action Figure. Official UK Stockist of Trick or Treat Studios. Shop Horror collectibles and Halloween props. UK Stock.","og_url":"https:\/\/madabouthorror.co.uk\/de\/product\/trick-r-treat-deluxe-1-6-scale-sam-action-figure\/","og_site_name":"Mad About Horror","article_publisher":"https:\/\/www.facebook.com\/madabouthorror\/","article_modified_time":"2026-04-20T13:53:55+00:00","og_image":[{"width":650,"height":650,"url":"https:\/\/madabouthorror.co.uk\/wp-content\/uploads\/2022\/10\/trt_sam_1-6.jpg","type":"image\/jpeg"}],"twitter_card":"summary_large_image","twitter_misc":{"Gesch\u00e4tzte Lesezeit":"1\u00a0Minute"},"schema":{"@context":"https:\/\/schema.org","@graph":[{"@type":["WebPage","ItemPage"],"@id":"https:\/\/madabouthorror.co.uk\/product\/trick-r-treat-deluxe-1-6-scale-sam-action-figure\/","url":"https:\/\/madabouthorror.co.uk\/product\/trick-r-treat-deluxe-1-6-scale-sam-action-figure\/","name":"Trick 'r' Treat - Deluxe 1\/6 Scale Sam Action Figur | UK Stock","isPartOf":{"@id":"https:\/\/madabouthorror.co.uk\/#website"},"primaryImageOfPage":{"@id":"https:\/\/madabouthorror.co.uk\/product\/trick-r-treat-deluxe-1-6-scale-sam-action-figure\/#primaryimage"},"image":{"@id":"https:\/\/madabouthorror.co.uk\/product\/trick-r-treat-deluxe-1-6-scale-sam-action-figure\/#primaryimage"},"thumbnailUrl":"https:\/\/madabouthorror.co.uk\/wp-content\/uploads\/2022\/10\/trt_sam_1-6.jpg","datePublished":"2022-10-06T23:31:34+00:00","dateModified":"2026-04-20T13:53:55+00:00","description":"Trick 'r' Treat Sam Deluxe 1\/6 Scale Action Figur. Offizieller UK-H\u00e4ndler von Trick or Treat Studios. Shop Horror Sammlerst\u00fccke und Halloween Requisiten. UK Lager.","breadcrumb":{"@id":"https:\/\/madabouthorror.co.uk\/product\/trick-r-treat-deluxe-1-6-scale-sam-action-figure\/#breadcrumb"},"inLanguage":"de","potentialAction":[{"@type":"ReadAction","target":["https:\/\/madabouthorror.co.uk\/product\/trick-r-treat-deluxe-1-6-scale-sam-action-figure\/"]}]},{"@type":"ImageObject","inLanguage":"de","@id":"https:\/\/madabouthorror.co.uk\/product\/trick-r-treat-deluxe-1-6-scale-sam-action-figure\/#primaryimage","url":"https:\/\/madabouthorror.co.uk\/wp-content\/uploads\/2022\/10\/trt_sam_1-6.jpg","contentUrl":"https:\/\/madabouthorror.co.uk\/wp-content\/uploads\/2022\/10\/trt_sam_1-6.jpg","width":650,"height":650,"caption":"Trick 'r' Treat Deluxe Sam Action Figure"},{"@type":"BreadcrumbList","@id":"https:\/\/madabouthorror.co.uk\/product\/trick-r-treat-deluxe-1-6-scale-sam-action-figure\/#breadcrumb","itemListElement":[{"@type":"ListItem","position":1,"name":"Shop","item":"https:\/\/madabouthorror.co.uk\/shop\/"},{"@type":"ListItem","position":2,"name":"Trick &#8216;r&#8217; Treat Sam Deluxe 1\/6 Scale Action Figure"}]},{"@type":"WebSite","@id":"https:\/\/madabouthorror.co.uk\/#website","url":"https:\/\/madabouthorror.co.uk\/","name":"Verr\u00fcckt nach Horror","description":"","publisher":{"@id":"https:\/\/madabouthorror.co.uk\/#organization"},"alternateName":"Mad About Horror Limited","potentialAction":[{"@type":"SearchAction","target":{"@type":"EntryPoint","urlTemplate":"https:\/\/madabouthorror.co.uk\/?s={search_term_string}"},"query-input":{"@type":"PropertyValueSpecification","valueRequired":true,"valueName":"search_term_string"}}],"inLanguage":"de"},{"@type":"Organization","@id":"https:\/\/madabouthorror.co.uk\/#organization","name":"Verr\u00fcckt nach Horror","url":"https:\/\/madabouthorror.co.uk\/","logo":{"@type":"ImageObject","inLanguage":"de","@id":"https:\/\/madabouthorror.co.uk\/#\/schema\/logo\/image\/","url":"https:\/\/madabouthorror.co.uk\/wp-content\/uploads\/2024\/02\/cropped-Logo.png","contentUrl":"https:\/\/madabouthorror.co.uk\/wp-content\/uploads\/2024\/02\/cropped-Logo.png","width":240,"height":88,"caption":"Mad About Horror"},"image":{"@id":"https:\/\/madabouthorror.co.uk\/#\/schema\/logo\/image\/"},"sameAs":["https:\/\/www.facebook.com\/madabouthorror\/","https:\/\/www.instagram.com\/madabouthorror\/","https:\/\/www.pinterest.co.uk\/madabouthorror\/","https:\/\/www.youtube.com\/channel\/UCBooLOIxjoQ89dj6T5lWm_w","https:\/\/www.tiktok.com\/@weremadabouthorror"]}]}},"df_price":179.95,"df_sale_price":"","df_regular_price":179.95,"df_image_link":"https:\/\/madabouthorror.co.uk\/wp-content\/uploads\/2022\/10\/trt_sam_1-6-300x300.jpg","_links":{"self":[{"href":"https:\/\/madabouthorror.co.uk\/de\/wp-json\/wp\/v2\/product\/55468","targetHints":{"allow":["GET"]}}],"collection":[{"href":"https:\/\/madabouthorror.co.uk\/de\/wp-json\/wp\/v2\/product"}],"about":[{"href":"https:\/\/madabouthorror.co.uk\/de\/wp-json\/wp\/v2\/types\/product"}],"replies":[{"embeddable":true,"href":"https:\/\/madabouthorror.co.uk\/de\/wp-json\/wp\/v2\/comments?post=55468"}],"wp:featuredmedia":[{"embeddable":true,"href":"https:\/\/madabouthorror.co.uk\/de\/wp-json\/wp\/v2\/media\/55457"}],"wp:attachment":[{"href":"https:\/\/madabouthorror.co.uk\/de\/wp-json\/wp\/v2\/media?parent=55468"}],"wp:term":[{"taxonomy":"product_brand","embeddable":true,"href":"https:\/\/madabouthorror.co.uk\/de\/wp-json\/wp\/v2\/product_brand?post=55468"},{"taxonomy":"product_cat","embeddable":true,"href":"https:\/\/madabouthorror.co.uk\/de\/wp-json\/wp\/v2\/product_cat?post=55468"},{"taxonomy":"product_tag","embeddable":true,"href":"https:\/\/madabouthorror.co.uk\/de\/wp-json\/wp\/v2\/product_tag?post=55468"}],"curies":[{"name":"wp","href":"https:\/\/api.w.org\/{rel}","templated":true}]}}