{"id":555405,"date":"2025-09-16T13:19:44","date_gmt":"2025-09-16T12:19:44","guid":{"rendered":"https:\/\/madabouthorror.co.uk\/?post_type=product&#038;p=555405"},"modified":"2026-02-06T15:17:27","modified_gmt":"2026-02-06T15:17:27","slug":"rising-ghost-woman-halloween-animatronic","status":"publish","type":"product","link":"https:\/\/madabouthorror.co.uk\/de\/product\/rising-ghost-woman-halloween-animatronic\/","title":{"rendered":"5ft Rising Ghost Woman Halloween Animatronic"},"content":{"rendered":"<p data-start=\"160\" data-end=\"394\">Beschw\u00f6re diesen Halloween puren Terror mit der animierten aufsteigenden Geisterfrau. Diese erschreckende Animatronic schafft eine unvergessliche Spukszene, w\u00e4hrend sie sich nach oben hebt, sich langsam dreht und das unheimliche Geheul eines ruhelosen Phantoms freisetzt.<\/p>\n<p data-start=\"396\" data-end=\"669\">Diese eindrucksvolle, 40\u2033 x 64\u2033 (101,6 x 162,6 cm) gro\u00dfe, ger\u00e4uschaktivierte Geisterfigur reagiert auf Ger\u00e4usche in ihrer N\u00e4he und sorgt daf\u00fcr, dass kein Gast ihrer furchterregenden Pr\u00e4senz entkommt. Angetrieben von 4 AA-Batterien (separat erh\u00e4ltlich) l\u00e4sst sie sich \u00fcberall in Ihrem Zuhause oder Ihrer unheimlichen Ausstellung aufstellen.<\/p>\n<p data-start=\"671\" data-end=\"796\">Perfekt f\u00fcr Halloween-Partys, Spukh\u00e4user oder Erschrecken an der T\u00fcr, dieser aufsteigende Geist garantiert gruselige Schreckmomente.<\/p>\n<div>\n<p><strong>Bitte beachten:<\/strong> Diese Requisiten werden im Vereinigten K\u00f6nigreich als batteriebetriebene Artikel verkauft.<\/p>\n<p>Ein UK\/EU Style Power Adapter kann hier erworben werden <a href=\"https:\/\/madabouthorror.co.uk\/product\/power-supply-for-tekky-toys-props\/\">https:\/\/madabouthorror.co.uk\/product\/power-supply-for-tekky-toys-props\/<\/a><\/p>\n<p style=\"font-weight: 400;\"><em>F\u00fcr die \u00fcberdachte Veranda oder f\u00fcr den Innenbereich. Bei Verwendung im Freien vor Witterungseinfl\u00fcssen sch\u00fctzen und nicht \u00fcber einen l\u00e4ngeren Zeitraum im Freien stehen lassen.<\/em><\/p>\n<p style=\"font-weight: 400;\"><em>Bitte beachten Sie: Diese Requisiten sind nicht f\u00fcr den intensiven kommerziellen Gebrauch geeignet, d.h. sie sollten nicht \u00fcber l\u00e4ngere Zeitr\u00e4ume, z.B. tagelang, betrieben werden. Sie sind f\u00fcr die Verwendung an Halloween gedacht. Wenn Sie Fragen dazu haben, fragen Sie bitte.<\/em><\/p>\n<p style=\"font-weight: 400;\">\n<\/div>","protected":false},"excerpt":{"rendered":"<p>Beschw\u00f6re diesen Halloween-Geist mit der lebensechten \"Animated Rising Ghost Woman\". Diese erschreckende Animatronic-Figur sorgt f\u00fcr eine unvergessliche Gruselszene, wenn sie sich nach oben erhebt, sich langsam dreht und die unheimlichen Schreie eines ruhelosen Geistes ausst\u00f6\u00dft. Mit einer beeindruckenden Gr\u00f6\u00dfe von 40\u2033 x 64\u2033 (101,6 x 162,6 cm) reagiert dieser ger\u00e4uschaktivierte Geist auf Umgebungsger\u00e4usche und sorgt daf\u00fcr, dass kein Gast entkommt [...]<\/p>","protected":false},"featured_media":562304,"comment_status":"closed","ping_status":"closed","template":"","meta":{"_acf_changed":false},"product_brand":[],"product_cat":[10131,6547,10065,6963,7050,7051,7058],"product_tag":[],"class_list":{"0":"post-555405","1":"product","2":"type-product","3":"status-publish","4":"has-post-thumbnail","6":"product_cat-halloween-gifts","7":"product_cat-decorations","8":"product_cat-halloween","9":"product_cat-animatronics","10":"product_cat-haunted-house-animatronics","11":"product_cat-graveyard-animatronics","12":"product_cat-ghosts-demons","13":"product_shipping_class-props","15":"first","16":"outofstock","17":"taxable","18":"shipping-taxable","19":"purchasable","20":"product-type-simple"},"supplier_id":555399,"supplier_sku":"","barcode":null,"atum_controlled":true,"out_stock_date":"2025-10-16 22:20:03","out_stock_threshold":null,"inheritable":false,"inbound_stock":0,"stock_on_hold":0,"sold_today":0,"sales_last_days":0,"reserved_stock":0,"customer_returns":0,"warehouse_damage":0,"lost_in_post":0,"other_logs":0,"out_stock_days":200,"lost_sales":24852,"has_location":false,"update_date":"2026-05-05T00:39:22","atum_locations":[],"atum_stock_status":"outofstock","restock_status":false,"low_stock_amount":"","sales_update_date":"2026-05-05T00:39:21","calc_backorders":null,"acf":[],"yoast_head":"<!-- This site is optimized with the Yoast SEO plugin v27.5 - https:\/\/yoast.com\/product\/yoast-seo-wordpress\/ -->\n<title>5ft Rising Ghost Woman Halloween Animatronic | Mad About Horror<\/title>\n<meta name=\"description\" content=\"Rising Ghost Woman Animatronic - Halloween Prop. Huge range of incredible quality Halloween props, masks and accessories.\" \/>\n<meta name=\"robots\" content=\"index, follow, max-snippet:-1, max-image-preview:large, max-video-preview:-1\" \/>\n<link rel=\"canonical\" href=\"https:\/\/madabouthorror.co.uk\/de\/product\/rising-ghost-woman-halloween-animatronic\/\" \/>\n<meta property=\"og:locale\" content=\"de_DE\" \/>\n<meta property=\"og:type\" content=\"article\" \/>\n<meta property=\"og:title\" content=\"5ft Rising Ghost Woman Halloween Animatronic | Mad About Horror\" \/>\n<meta property=\"og:description\" content=\"Rising Ghost Woman Animatronic - Halloween Prop. Huge range of incredible quality Halloween props, masks and accessories.\" \/>\n<meta property=\"og:url\" content=\"https:\/\/madabouthorror.co.uk\/de\/product\/rising-ghost-woman-halloween-animatronic\/\" \/>\n<meta property=\"og:site_name\" content=\"Mad About Horror\" \/>\n<meta property=\"article:publisher\" content=\"https:\/\/www.facebook.com\/madabouthorror\/\" \/>\n<meta property=\"article:modified_time\" content=\"2026-02-06T15:17:27+00:00\" \/>\n<meta property=\"og:image\" content=\"https:\/\/madabouthorror.co.uk\/wp-content\/uploads\/2025\/09\/ghoat-woman_.jpg\" \/>\n\t<meta property=\"og:image:width\" content=\"1500\" \/>\n\t<meta property=\"og:image:height\" content=\"1500\" \/>\n\t<meta property=\"og:image:type\" content=\"image\/jpeg\" \/>\n<meta name=\"twitter:card\" content=\"summary_large_image\" \/>\n<meta name=\"twitter:label1\" content=\"Gesch\u00e4tzte Lesezeit\" \/>\n\t<meta name=\"twitter:data1\" content=\"1\u00a0Minute\" \/>\n<script type=\"application\/ld+json\" class=\"yoast-schema-graph\">{\"@context\":\"https:\\\/\\\/schema.org\",\"@graph\":[{\"@type\":[\"WebPage\",\"ItemPage\"],\"@id\":\"https:\\\/\\\/madabouthorror.co.uk\\\/product\\\/rising-ghost-woman-halloween-animatronic\\\/\",\"url\":\"https:\\\/\\\/madabouthorror.co.uk\\\/product\\\/rising-ghost-woman-halloween-animatronic\\\/\",\"name\":\"5ft Rising Ghost Woman Halloween Animatronic | Mad About Horror\",\"isPartOf\":{\"@id\":\"https:\\\/\\\/madabouthorror.co.uk\\\/#website\"},\"primaryImageOfPage\":{\"@id\":\"https:\\\/\\\/madabouthorror.co.uk\\\/product\\\/rising-ghost-woman-halloween-animatronic\\\/#primaryimage\"},\"image\":{\"@id\":\"https:\\\/\\\/madabouthorror.co.uk\\\/product\\\/rising-ghost-woman-halloween-animatronic\\\/#primaryimage\"},\"thumbnailUrl\":\"https:\\\/\\\/madabouthorror.co.uk\\\/wp-content\\\/uploads\\\/2025\\\/09\\\/ghoat-woman_.jpg\",\"datePublished\":\"2025-09-16T12:19:44+00:00\",\"dateModified\":\"2026-02-06T15:17:27+00:00\",\"description\":\"Rising Ghost Woman Animatronic - Halloween Prop. Huge range of incredible quality Halloween props, masks and accessories.\",\"breadcrumb\":{\"@id\":\"https:\\\/\\\/madabouthorror.co.uk\\\/product\\\/rising-ghost-woman-halloween-animatronic\\\/#breadcrumb\"},\"inLanguage\":\"de\",\"potentialAction\":[{\"@type\":\"ReadAction\",\"target\":[\"https:\\\/\\\/madabouthorror.co.uk\\\/product\\\/rising-ghost-woman-halloween-animatronic\\\/\"]}]},{\"@type\":\"ImageObject\",\"inLanguage\":\"de\",\"@id\":\"https:\\\/\\\/madabouthorror.co.uk\\\/product\\\/rising-ghost-woman-halloween-animatronic\\\/#primaryimage\",\"url\":\"https:\\\/\\\/madabouthorror.co.uk\\\/wp-content\\\/uploads\\\/2025\\\/09\\\/ghoat-woman_.jpg\",\"contentUrl\":\"https:\\\/\\\/madabouthorror.co.uk\\\/wp-content\\\/uploads\\\/2025\\\/09\\\/ghoat-woman_.jpg\",\"width\":1500,\"height\":1500,\"caption\":\"5ft Rising Ghost Woman Halloween Animatronic\"},{\"@type\":\"BreadcrumbList\",\"@id\":\"https:\\\/\\\/madabouthorror.co.uk\\\/product\\\/rising-ghost-woman-halloween-animatronic\\\/#breadcrumb\",\"itemListElement\":[{\"@type\":\"ListItem\",\"position\":1,\"name\":\"Shop\",\"item\":\"https:\\\/\\\/madabouthorror.co.uk\\\/shop\\\/\"},{\"@type\":\"ListItem\",\"position\":2,\"name\":\"5ft Rising Ghost Woman Halloween Animatronic\"}]},{\"@type\":\"WebSite\",\"@id\":\"https:\\\/\\\/madabouthorror.co.uk\\\/#website\",\"url\":\"https:\\\/\\\/madabouthorror.co.uk\\\/\",\"name\":\"Mad About Horror\",\"description\":\"\",\"publisher\":{\"@id\":\"https:\\\/\\\/madabouthorror.co.uk\\\/#organization\"},\"alternateName\":\"Mad About Horror Limited\",\"potentialAction\":[{\"@type\":\"SearchAction\",\"target\":{\"@type\":\"EntryPoint\",\"urlTemplate\":\"https:\\\/\\\/madabouthorror.co.uk\\\/?s={search_term_string}\"},\"query-input\":{\"@type\":\"PropertyValueSpecification\",\"valueRequired\":true,\"valueName\":\"search_term_string\"}}],\"inLanguage\":\"de\"},{\"@type\":\"Organization\",\"@id\":\"https:\\\/\\\/madabouthorror.co.uk\\\/#organization\",\"name\":\"Mad About Horror\",\"url\":\"https:\\\/\\\/madabouthorror.co.uk\\\/\",\"logo\":{\"@type\":\"ImageObject\",\"inLanguage\":\"de\",\"@id\":\"https:\\\/\\\/madabouthorror.co.uk\\\/#\\\/schema\\\/logo\\\/image\\\/\",\"url\":\"https:\\\/\\\/madabouthorror.co.uk\\\/wp-content\\\/uploads\\\/2024\\\/02\\\/cropped-Logo.png\",\"contentUrl\":\"https:\\\/\\\/madabouthorror.co.uk\\\/wp-content\\\/uploads\\\/2024\\\/02\\\/cropped-Logo.png\",\"width\":240,\"height\":88,\"caption\":\"Mad About Horror\"},\"image\":{\"@id\":\"https:\\\/\\\/madabouthorror.co.uk\\\/#\\\/schema\\\/logo\\\/image\\\/\"},\"sameAs\":[\"https:\\\/\\\/www.facebook.com\\\/madabouthorror\\\/\",\"https:\\\/\\\/www.instagram.com\\\/madabouthorror\\\/\",\"https:\\\/\\\/www.pinterest.co.uk\\\/madabouthorror\\\/\",\"https:\\\/\\\/www.youtube.com\\\/channel\\\/UCBooLOIxjoQ89dj6T5lWm_w\",\"https:\\\/\\\/www.tiktok.com\\\/@weremadabouthorror\"]}]}<\/script>\n<!-- \/ Yoast SEO plugin. -->","yoast_head_json":{"title":"5 Fu\u00df gro\u00dfe Geisterfrau-Halloween-Animatronik mit aufsteigender Bewegung | Mad About Horror","description":"Steigende Geisterfrau-Animatronik - Halloween-Requisite. Riesige Auswahl an Halloween-Requisiten, Masken und Accessoires von unglaublicher Qualit\u00e4t.","robots":{"index":"index","follow":"follow","max-snippet":"max-snippet:-1","max-image-preview":"max-image-preview:large","max-video-preview":"max-video-preview:-1"},"canonical":"https:\/\/madabouthorror.co.uk\/de\/product\/rising-ghost-woman-halloween-animatronic\/","og_locale":"de_DE","og_type":"article","og_title":"5ft Rising Ghost Woman Halloween Animatronic | Mad About Horror","og_description":"Rising Ghost Woman Animatronic - Halloween Prop. Huge range of incredible quality Halloween props, masks and accessories.","og_url":"https:\/\/madabouthorror.co.uk\/de\/product\/rising-ghost-woman-halloween-animatronic\/","og_site_name":"Mad About Horror","article_publisher":"https:\/\/www.facebook.com\/madabouthorror\/","article_modified_time":"2026-02-06T15:17:27+00:00","og_image":[{"width":1500,"height":1500,"url":"https:\/\/madabouthorror.co.uk\/wp-content\/uploads\/2025\/09\/ghoat-woman_.jpg","type":"image\/jpeg"}],"twitter_card":"summary_large_image","twitter_misc":{"Gesch\u00e4tzte Lesezeit":"1\u00a0Minute"},"schema":{"@context":"https:\/\/schema.org","@graph":[{"@type":["WebPage","ItemPage"],"@id":"https:\/\/madabouthorror.co.uk\/product\/rising-ghost-woman-halloween-animatronic\/","url":"https:\/\/madabouthorror.co.uk\/product\/rising-ghost-woman-halloween-animatronic\/","name":"5 Fu\u00df gro\u00dfe Geisterfrau-Halloween-Animatronik mit aufsteigender Bewegung | Mad About Horror","isPartOf":{"@id":"https:\/\/madabouthorror.co.uk\/#website"},"primaryImageOfPage":{"@id":"https:\/\/madabouthorror.co.uk\/product\/rising-ghost-woman-halloween-animatronic\/#primaryimage"},"image":{"@id":"https:\/\/madabouthorror.co.uk\/product\/rising-ghost-woman-halloween-animatronic\/#primaryimage"},"thumbnailUrl":"https:\/\/madabouthorror.co.uk\/wp-content\/uploads\/2025\/09\/ghoat-woman_.jpg","datePublished":"2025-09-16T12:19:44+00:00","dateModified":"2026-02-06T15:17:27+00:00","description":"Steigende Geisterfrau-Animatronik - Halloween-Requisite. Riesige Auswahl an Halloween-Requisiten, Masken und Accessoires von unglaublicher Qualit\u00e4t.","breadcrumb":{"@id":"https:\/\/madabouthorror.co.uk\/product\/rising-ghost-woman-halloween-animatronic\/#breadcrumb"},"inLanguage":"de","potentialAction":[{"@type":"ReadAction","target":["https:\/\/madabouthorror.co.uk\/product\/rising-ghost-woman-halloween-animatronic\/"]}]},{"@type":"ImageObject","inLanguage":"de","@id":"https:\/\/madabouthorror.co.uk\/product\/rising-ghost-woman-halloween-animatronic\/#primaryimage","url":"https:\/\/madabouthorror.co.uk\/wp-content\/uploads\/2025\/09\/ghoat-woman_.jpg","contentUrl":"https:\/\/madabouthorror.co.uk\/wp-content\/uploads\/2025\/09\/ghoat-woman_.jpg","width":1500,"height":1500,"caption":"5ft Rising Ghost Woman Halloween Animatronic"},{"@type":"BreadcrumbList","@id":"https:\/\/madabouthorror.co.uk\/product\/rising-ghost-woman-halloween-animatronic\/#breadcrumb","itemListElement":[{"@type":"ListItem","position":1,"name":"Shop","item":"https:\/\/madabouthorror.co.uk\/shop\/"},{"@type":"ListItem","position":2,"name":"5ft Rising Ghost Woman Halloween Animatronic"}]},{"@type":"WebSite","@id":"https:\/\/madabouthorror.co.uk\/#website","url":"https:\/\/madabouthorror.co.uk\/","name":"Verr\u00fcckt nach Horror","description":"","publisher":{"@id":"https:\/\/madabouthorror.co.uk\/#organization"},"alternateName":"Mad About Horror Limited","potentialAction":[{"@type":"SearchAction","target":{"@type":"EntryPoint","urlTemplate":"https:\/\/madabouthorror.co.uk\/?s={search_term_string}"},"query-input":{"@type":"PropertyValueSpecification","valueRequired":true,"valueName":"search_term_string"}}],"inLanguage":"de"},{"@type":"Organization","@id":"https:\/\/madabouthorror.co.uk\/#organization","name":"Verr\u00fcckt nach Horror","url":"https:\/\/madabouthorror.co.uk\/","logo":{"@type":"ImageObject","inLanguage":"de","@id":"https:\/\/madabouthorror.co.uk\/#\/schema\/logo\/image\/","url":"https:\/\/madabouthorror.co.uk\/wp-content\/uploads\/2024\/02\/cropped-Logo.png","contentUrl":"https:\/\/madabouthorror.co.uk\/wp-content\/uploads\/2024\/02\/cropped-Logo.png","width":240,"height":88,"caption":"Mad About Horror"},"image":{"@id":"https:\/\/madabouthorror.co.uk\/#\/schema\/logo\/image\/"},"sameAs":["https:\/\/www.facebook.com\/madabouthorror\/","https:\/\/www.instagram.com\/madabouthorror\/","https:\/\/www.pinterest.co.uk\/madabouthorror\/","https:\/\/www.youtube.com\/channel\/UCBooLOIxjoQ89dj6T5lWm_w","https:\/\/www.tiktok.com\/@weremadabouthorror"]}]}},"df_price":289.95,"df_sale_price":"","df_regular_price":289.95,"df_image_link":"https:\/\/madabouthorror.co.uk\/wp-content\/uploads\/2025\/09\/ghoat-woman_-300x300.jpg","_links":{"self":[{"href":"https:\/\/madabouthorror.co.uk\/de\/wp-json\/wp\/v2\/product\/555405","targetHints":{"allow":["GET"]}}],"collection":[{"href":"https:\/\/madabouthorror.co.uk\/de\/wp-json\/wp\/v2\/product"}],"about":[{"href":"https:\/\/madabouthorror.co.uk\/de\/wp-json\/wp\/v2\/types\/product"}],"replies":[{"embeddable":true,"href":"https:\/\/madabouthorror.co.uk\/de\/wp-json\/wp\/v2\/comments?post=555405"}],"wp:featuredmedia":[{"embeddable":true,"href":"https:\/\/madabouthorror.co.uk\/de\/wp-json\/wp\/v2\/media\/562304"}],"wp:attachment":[{"href":"https:\/\/madabouthorror.co.uk\/de\/wp-json\/wp\/v2\/media?parent=555405"}],"wp:term":[{"taxonomy":"product_brand","embeddable":true,"href":"https:\/\/madabouthorror.co.uk\/de\/wp-json\/wp\/v2\/product_brand?post=555405"},{"taxonomy":"product_cat","embeddable":true,"href":"https:\/\/madabouthorror.co.uk\/de\/wp-json\/wp\/v2\/product_cat?post=555405"},{"taxonomy":"product_tag","embeddable":true,"href":"https:\/\/madabouthorror.co.uk\/de\/wp-json\/wp\/v2\/product_tag?post=555405"}],"curies":[{"name":"wp","href":"https:\/\/api.w.org\/{rel}","templated":true}]}}