{"id":55575,"date":"2022-10-26T14:17:00","date_gmt":"2022-10-26T13:17:00","guid":{"rendered":"https:\/\/mah.6bdv.ws\/product\/halloween-2-michael-myers-costume-coveralls\/"},"modified":"2026-04-02T09:38:31","modified_gmt":"2026-04-02T08:38:31","slug":"halloween-2-michael-myers-costume-coveralls","status":"publish","type":"product","link":"https:\/\/madabouthorror.co.uk\/de\/product\/halloween-2-michael-myers-costume-coveralls\/","title":{"rendered":"Halloween 2 Michael Myers Kost\u00fcm Schutzanzug"},"content":{"rendered":"<p>Maske NICHT INBEGRIFFEN.<\/p>\n<p>Trick or Treat Studios und Universal Studios sind stolz, die offizielle <em>Halloween II<\/em> Overalls!<\/p>\n<p>Unser Pr\u00e4sident, Chris Zephro, und Art Director, Justin Mabry, opferten ihre auf dem Bildschirm verwendeten Halloween-II-Overalls, um ein absolut akkurates Muster f\u00fcr diese Overalls zu entwerfen, um sicherzustellen, dass sie in jeder Hinsicht perfekt sind!<\/p>\n<p>Jede Tasche, jede Naht, jeder Knopf, jeder Rei\u00dfverschluss der im Film verwendeten Overalls ist vertreten. Die gr\u00f6\u00dfte Besonderheit von allen, schlie\u00dflich, zum ersten Mal \u00fcberhaupt, diese Halloween II Overalls, die ausschlie\u00dflich in der genauen Farbe von denen von Dick Warlock in Halloween II, Spruce Green getragen erh\u00e4ltlich sind.<\/p>\n<p><strong>Maske und Messer sind separat erh\u00e4ltlich.<\/strong><\/p>","protected":false},"excerpt":{"rendered":"<p>Maske NICHT INBEGRIFFEN. Trick or Treat Studios und Universal Studios sind stolz, die offiziellen Halloween II Overalls zu pr\u00e4sentieren! Unser eigener Pr\u00e4sident, Chris Zephro, und Art Director, Justin Mabry, opferten ihre Leinwand-verwendeten Halloween II Overalls, um ein absolut akkurates Muster f\u00fcr diese Overalls zu erstellen, alles, um sicherzustellen, dass sie in jeder Hinsicht perfekt [...]<\/p>","protected":false},"featured_media":55573,"comment_status":"closed","ping_status":"closed","template":"","meta":{"_acf_changed":false},"product_brand":[],"product_cat":[10074,10132,7091,6551,10038,6784,9924,6792,6660],"product_tag":[],"class_list":{"0":"post-55575","1":"product","2":"type-product","3":"status-publish","4":"has-post-thumbnail","6":"product_cat-costumes-trick-or-treat-studios","7":"product_cat-masks-collectibles","8":"product_cat-tv-movie","9":"product_cat-costumes","10":"product_cat-horror-gifts","11":"product_cat-michael-myers","12":"product_cat-trick-or-treat-studios-last-chance","13":"product_cat-trick-or-treat-studios","14":"product_cat-halloweenmichaelmyers","16":"first","17":"instock","18":"taxable","19":"shipping-taxable","20":"purchasable","21":"product-type-simple"},"supplier_id":471030,"supplier_sku":"TTUS100-D","barcode":"853270003727","atum_controlled":true,"out_stock_date":null,"out_stock_threshold":null,"inheritable":false,"inbound_stock":0,"stock_on_hold":0,"sold_today":0,"sales_last_days":0,"reserved_stock":0,"customer_returns":0,"warehouse_damage":0,"lost_in_post":0,"other_logs":0,"out_stock_days":0,"lost_sales":0,"has_location":false,"update_date":"2026-04-14T01:26:29","atum_locations":[],"atum_stock_status":"instock","restock_status":false,"low_stock_amount":"","sales_update_date":"2026-04-14T01:26:28","calc_backorders":null,"acf":[],"yoast_head":"<!-- This site is optimized with the Yoast SEO plugin v27.4 - https:\/\/yoast.com\/product\/yoast-seo-wordpress\/ -->\n<title>Halloween 2 - Michael Myers Coveralls - Mad About Horror<\/title>\n<meta name=\"description\" content=\"Officially licensed Halloween Michael Myers Coveralls by Trick or Treat Studios. Available to buy in the UK from Mad About Horror- Call 01482 935936\" \/>\n<meta name=\"robots\" content=\"index, follow, max-snippet:-1, max-image-preview:large, max-video-preview:-1\" \/>\n<link rel=\"canonical\" href=\"https:\/\/madabouthorror.co.uk\/de\/product\/halloween-2-michael-myers-costume-coveralls\/\" \/>\n<meta property=\"og:locale\" content=\"de_DE\" \/>\n<meta property=\"og:type\" content=\"article\" \/>\n<meta property=\"og:title\" content=\"Halloween 2 - Michael Myers Coveralls - Mad About Horror\" \/>\n<meta property=\"og:description\" content=\"Officially licensed Halloween Michael Myers Coveralls by Trick or Treat Studios. Available to buy in the UK from Mad About Horror- Call 01482 935936\" \/>\n<meta property=\"og:url\" content=\"https:\/\/madabouthorror.co.uk\/de\/product\/halloween-2-michael-myers-costume-coveralls\/\" \/>\n<meta property=\"og:site_name\" content=\"Mad About Horror\" \/>\n<meta property=\"article:publisher\" content=\"https:\/\/www.facebook.com\/madabouthorror\/\" \/>\n<meta property=\"article:modified_time\" content=\"2026-04-02T08:38:31+00:00\" \/>\n<meta property=\"og:image\" content=\"https:\/\/madabouthorror.co.uk\/wp-content\/uploads\/2022\/10\/halloween_2_michael_myers_coveralls.jpg\" \/>\n\t<meta property=\"og:image:width\" content=\"670\" \/>\n\t<meta property=\"og:image:height\" content=\"670\" \/>\n\t<meta property=\"og:image:type\" content=\"image\/jpeg\" \/>\n<meta name=\"twitter:card\" content=\"summary_large_image\" \/>\n<meta name=\"twitter:label1\" content=\"Gesch\u00e4tzte Lesezeit\" \/>\n\t<meta name=\"twitter:data1\" content=\"1\u00a0Minute\" \/>\n<script type=\"application\/ld+json\" class=\"yoast-schema-graph\">{\"@context\":\"https:\\\/\\\/schema.org\",\"@graph\":[{\"@type\":[\"WebPage\",\"ItemPage\"],\"@id\":\"https:\\\/\\\/madabouthorror.co.uk\\\/product\\\/halloween-2-michael-myers-costume-coveralls\\\/\",\"url\":\"https:\\\/\\\/madabouthorror.co.uk\\\/product\\\/halloween-2-michael-myers-costume-coveralls\\\/\",\"name\":\"Halloween 2 - Michael Myers Coveralls - Mad About Horror\",\"isPartOf\":{\"@id\":\"https:\\\/\\\/madabouthorror.co.uk\\\/#website\"},\"primaryImageOfPage\":{\"@id\":\"https:\\\/\\\/madabouthorror.co.uk\\\/product\\\/halloween-2-michael-myers-costume-coveralls\\\/#primaryimage\"},\"image\":{\"@id\":\"https:\\\/\\\/madabouthorror.co.uk\\\/product\\\/halloween-2-michael-myers-costume-coveralls\\\/#primaryimage\"},\"thumbnailUrl\":\"https:\\\/\\\/madabouthorror.co.uk\\\/wp-content\\\/uploads\\\/2022\\\/10\\\/halloween_2_michael_myers_coveralls.jpg\",\"datePublished\":\"2022-10-26T13:17:00+00:00\",\"dateModified\":\"2026-04-02T08:38:31+00:00\",\"description\":\"Officially licensed Halloween Michael Myers Coveralls by Trick or Treat Studios. Available to buy in the UK from Mad About Horror- Call 01482 935936\",\"breadcrumb\":{\"@id\":\"https:\\\/\\\/madabouthorror.co.uk\\\/product\\\/halloween-2-michael-myers-costume-coveralls\\\/#breadcrumb\"},\"inLanguage\":\"de\",\"potentialAction\":[{\"@type\":\"ReadAction\",\"target\":[\"https:\\\/\\\/madabouthorror.co.uk\\\/product\\\/halloween-2-michael-myers-costume-coveralls\\\/\"]}]},{\"@type\":\"ImageObject\",\"inLanguage\":\"de\",\"@id\":\"https:\\\/\\\/madabouthorror.co.uk\\\/product\\\/halloween-2-michael-myers-costume-coveralls\\\/#primaryimage\",\"url\":\"https:\\\/\\\/madabouthorror.co.uk\\\/wp-content\\\/uploads\\\/2022\\\/10\\\/halloween_2_michael_myers_coveralls.jpg\",\"contentUrl\":\"https:\\\/\\\/madabouthorror.co.uk\\\/wp-content\\\/uploads\\\/2022\\\/10\\\/halloween_2_michael_myers_coveralls.jpg\",\"width\":670,\"height\":670,\"caption\":\"H2 coveralls Michael Myers\"},{\"@type\":\"BreadcrumbList\",\"@id\":\"https:\\\/\\\/madabouthorror.co.uk\\\/product\\\/halloween-2-michael-myers-costume-coveralls\\\/#breadcrumb\",\"itemListElement\":[{\"@type\":\"ListItem\",\"position\":1,\"name\":\"Shop\",\"item\":\"https:\\\/\\\/madabouthorror.co.uk\\\/shop\\\/\"},{\"@type\":\"ListItem\",\"position\":2,\"name\":\"Halloween 2 Michael Myers Costume Coveralls\"}]},{\"@type\":\"WebSite\",\"@id\":\"https:\\\/\\\/madabouthorror.co.uk\\\/#website\",\"url\":\"https:\\\/\\\/madabouthorror.co.uk\\\/\",\"name\":\"Mad About Horror\",\"description\":\"\",\"publisher\":{\"@id\":\"https:\\\/\\\/madabouthorror.co.uk\\\/#organization\"},\"alternateName\":\"Mad About Horror Limited\",\"potentialAction\":[{\"@type\":\"SearchAction\",\"target\":{\"@type\":\"EntryPoint\",\"urlTemplate\":\"https:\\\/\\\/madabouthorror.co.uk\\\/?s={search_term_string}\"},\"query-input\":{\"@type\":\"PropertyValueSpecification\",\"valueRequired\":true,\"valueName\":\"search_term_string\"}}],\"inLanguage\":\"de\"},{\"@type\":\"Organization\",\"@id\":\"https:\\\/\\\/madabouthorror.co.uk\\\/#organization\",\"name\":\"Mad About Horror\",\"url\":\"https:\\\/\\\/madabouthorror.co.uk\\\/\",\"logo\":{\"@type\":\"ImageObject\",\"inLanguage\":\"de\",\"@id\":\"https:\\\/\\\/madabouthorror.co.uk\\\/#\\\/schema\\\/logo\\\/image\\\/\",\"url\":\"https:\\\/\\\/madabouthorror.co.uk\\\/wp-content\\\/uploads\\\/2024\\\/02\\\/cropped-Logo.png\",\"contentUrl\":\"https:\\\/\\\/madabouthorror.co.uk\\\/wp-content\\\/uploads\\\/2024\\\/02\\\/cropped-Logo.png\",\"width\":240,\"height\":88,\"caption\":\"Mad About Horror\"},\"image\":{\"@id\":\"https:\\\/\\\/madabouthorror.co.uk\\\/#\\\/schema\\\/logo\\\/image\\\/\"},\"sameAs\":[\"https:\\\/\\\/www.facebook.com\\\/madabouthorror\\\/\",\"https:\\\/\\\/www.instagram.com\\\/madabouthorror\\\/\",\"https:\\\/\\\/www.pinterest.co.uk\\\/madabouthorror\\\/\",\"https:\\\/\\\/www.youtube.com\\\/channel\\\/UCBooLOIxjoQ89dj6T5lWm_w\",\"https:\\\/\\\/www.tiktok.com\\\/@weremadabouthorror\"]}]}<\/script>\n<!-- \/ Yoast SEO plugin. -->","yoast_head_json":{"title":"Halloween 2 - Michael Myers Schutzanz\u00fcge - Mad About Horror","description":"Offiziell lizenzierte Halloween Michael Myers Overalls von Trick or Treat Studios. Erh\u00e4ltlich im Vereinigten K\u00f6nigreich von Mad About Horror- Rufen Sie 01482 935936","robots":{"index":"index","follow":"follow","max-snippet":"max-snippet:-1","max-image-preview":"max-image-preview:large","max-video-preview":"max-video-preview:-1"},"canonical":"https:\/\/madabouthorror.co.uk\/de\/product\/halloween-2-michael-myers-costume-coveralls\/","og_locale":"de_DE","og_type":"article","og_title":"Halloween 2 - Michael Myers Coveralls - Mad About Horror","og_description":"Officially licensed Halloween Michael Myers Coveralls by Trick or Treat Studios. Available to buy in the UK from Mad About Horror- Call 01482 935936","og_url":"https:\/\/madabouthorror.co.uk\/de\/product\/halloween-2-michael-myers-costume-coveralls\/","og_site_name":"Mad About Horror","article_publisher":"https:\/\/www.facebook.com\/madabouthorror\/","article_modified_time":"2026-04-02T08:38:31+00:00","og_image":[{"width":670,"height":670,"url":"https:\/\/madabouthorror.co.uk\/wp-content\/uploads\/2022\/10\/halloween_2_michael_myers_coveralls.jpg","type":"image\/jpeg"}],"twitter_card":"summary_large_image","twitter_misc":{"Gesch\u00e4tzte Lesezeit":"1\u00a0Minute"},"schema":{"@context":"https:\/\/schema.org","@graph":[{"@type":["WebPage","ItemPage"],"@id":"https:\/\/madabouthorror.co.uk\/product\/halloween-2-michael-myers-costume-coveralls\/","url":"https:\/\/madabouthorror.co.uk\/product\/halloween-2-michael-myers-costume-coveralls\/","name":"Halloween 2 - Michael Myers Schutzanz\u00fcge - Mad About Horror","isPartOf":{"@id":"https:\/\/madabouthorror.co.uk\/#website"},"primaryImageOfPage":{"@id":"https:\/\/madabouthorror.co.uk\/product\/halloween-2-michael-myers-costume-coveralls\/#primaryimage"},"image":{"@id":"https:\/\/madabouthorror.co.uk\/product\/halloween-2-michael-myers-costume-coveralls\/#primaryimage"},"thumbnailUrl":"https:\/\/madabouthorror.co.uk\/wp-content\/uploads\/2022\/10\/halloween_2_michael_myers_coveralls.jpg","datePublished":"2022-10-26T13:17:00+00:00","dateModified":"2026-04-02T08:38:31+00:00","description":"Offiziell lizenzierte Halloween Michael Myers Overalls von Trick or Treat Studios. Erh\u00e4ltlich im Vereinigten K\u00f6nigreich von Mad About Horror- Rufen Sie 01482 935936","breadcrumb":{"@id":"https:\/\/madabouthorror.co.uk\/product\/halloween-2-michael-myers-costume-coveralls\/#breadcrumb"},"inLanguage":"de","potentialAction":[{"@type":"ReadAction","target":["https:\/\/madabouthorror.co.uk\/product\/halloween-2-michael-myers-costume-coveralls\/"]}]},{"@type":"ImageObject","inLanguage":"de","@id":"https:\/\/madabouthorror.co.uk\/product\/halloween-2-michael-myers-costume-coveralls\/#primaryimage","url":"https:\/\/madabouthorror.co.uk\/wp-content\/uploads\/2022\/10\/halloween_2_michael_myers_coveralls.jpg","contentUrl":"https:\/\/madabouthorror.co.uk\/wp-content\/uploads\/2022\/10\/halloween_2_michael_myers_coveralls.jpg","width":670,"height":670,"caption":"H2 coveralls Michael Myers"},{"@type":"BreadcrumbList","@id":"https:\/\/madabouthorror.co.uk\/product\/halloween-2-michael-myers-costume-coveralls\/#breadcrumb","itemListElement":[{"@type":"ListItem","position":1,"name":"Shop","item":"https:\/\/madabouthorror.co.uk\/shop\/"},{"@type":"ListItem","position":2,"name":"Halloween 2 Michael Myers Costume Coveralls"}]},{"@type":"WebSite","@id":"https:\/\/madabouthorror.co.uk\/#website","url":"https:\/\/madabouthorror.co.uk\/","name":"Verr\u00fcckt nach Horror","description":"","publisher":{"@id":"https:\/\/madabouthorror.co.uk\/#organization"},"alternateName":"Mad About Horror Limited","potentialAction":[{"@type":"SearchAction","target":{"@type":"EntryPoint","urlTemplate":"https:\/\/madabouthorror.co.uk\/?s={search_term_string}"},"query-input":{"@type":"PropertyValueSpecification","valueRequired":true,"valueName":"search_term_string"}}],"inLanguage":"de"},{"@type":"Organization","@id":"https:\/\/madabouthorror.co.uk\/#organization","name":"Verr\u00fcckt nach Horror","url":"https:\/\/madabouthorror.co.uk\/","logo":{"@type":"ImageObject","inLanguage":"de","@id":"https:\/\/madabouthorror.co.uk\/#\/schema\/logo\/image\/","url":"https:\/\/madabouthorror.co.uk\/wp-content\/uploads\/2024\/02\/cropped-Logo.png","contentUrl":"https:\/\/madabouthorror.co.uk\/wp-content\/uploads\/2024\/02\/cropped-Logo.png","width":240,"height":88,"caption":"Mad About Horror"},"image":{"@id":"https:\/\/madabouthorror.co.uk\/#\/schema\/logo\/image\/"},"sameAs":["https:\/\/www.facebook.com\/madabouthorror\/","https:\/\/www.instagram.com\/madabouthorror\/","https:\/\/www.pinterest.co.uk\/madabouthorror\/","https:\/\/www.youtube.com\/channel\/UCBooLOIxjoQ89dj6T5lWm_w","https:\/\/www.tiktok.com\/@weremadabouthorror"]}]}},"df_price":72.87,"df_sale_price":"","df_regular_price":72.87,"df_image_link":"https:\/\/madabouthorror.co.uk\/wp-content\/uploads\/2022\/10\/halloween_2_michael_myers_coveralls-300x300.jpg","_links":{"self":[{"href":"https:\/\/madabouthorror.co.uk\/de\/wp-json\/wp\/v2\/product\/55575","targetHints":{"allow":["GET"]}}],"collection":[{"href":"https:\/\/madabouthorror.co.uk\/de\/wp-json\/wp\/v2\/product"}],"about":[{"href":"https:\/\/madabouthorror.co.uk\/de\/wp-json\/wp\/v2\/types\/product"}],"replies":[{"embeddable":true,"href":"https:\/\/madabouthorror.co.uk\/de\/wp-json\/wp\/v2\/comments?post=55575"}],"wp:featuredmedia":[{"embeddable":true,"href":"https:\/\/madabouthorror.co.uk\/de\/wp-json\/wp\/v2\/media\/55573"}],"wp:attachment":[{"href":"https:\/\/madabouthorror.co.uk\/de\/wp-json\/wp\/v2\/media?parent=55575"}],"wp:term":[{"taxonomy":"product_brand","embeddable":true,"href":"https:\/\/madabouthorror.co.uk\/de\/wp-json\/wp\/v2\/product_brand?post=55575"},{"taxonomy":"product_cat","embeddable":true,"href":"https:\/\/madabouthorror.co.uk\/de\/wp-json\/wp\/v2\/product_cat?post=55575"},{"taxonomy":"product_tag","embeddable":true,"href":"https:\/\/madabouthorror.co.uk\/de\/wp-json\/wp\/v2\/product_tag?post=55575"}],"curies":[{"name":"wp","href":"https:\/\/api.w.org\/{rel}","templated":true}]}}