{"id":555866,"date":"2025-09-18T13:58:05","date_gmt":"2025-09-18T12:58:05","guid":{"rendered":"https:\/\/madabouthorror.co.uk\/?post_type=product&#038;p=555866"},"modified":"2026-04-29T15:43:18","modified_gmt":"2026-04-29T14:43:18","slug":"9ft-animated-hovering-witch","status":"publish","type":"product","link":"https:\/\/madabouthorror.co.uk\/de\/product\/9ft-animated-hovering-witch\/","title":{"rendered":"9ft Riesige animierte schwebende Hexe"},"content":{"rendered":"<p>Diese 9 Fu\u00df gro\u00dfe, schwebende, animierte Hexe wird w\u00e4hrend der Halloween-Feierlichkeiten \u00fcber den Trick- oder Leckerbissenfans schweben. Die lebensgro\u00dfe Hexenfigur scheint in der Luft zu schweben, um Ihre G\u00e4ste zu erschrecken. Ihre unheimliche, leuchtende Pr\u00e4senz, ihr schiefes Grinsen und ihre LED-gl\u00fchenden Augen werden den S\u00fc\u00dfes-oder-Saures-G\u00e4sten sicher einen Schauer \u00fcber den R\u00fccken jagen. Die realistischen Bewegungen, das gackernde Lachen und die unheimlichen Soundeffekte verst\u00e4rken den gruseligen Effekt. Diese 9 Fu\u00df gro\u00dfe, schwebende, animierte Hexe ist f\u00fcr den Au\u00dfenbereich geeignet und der perfekte Blickfang f\u00fcr jede Halloween-Party.<\/p>\n<div class=\"grid bullet-list-wrapper\">\n<ul class=\"bullet-list bullet-list--margin list list--type-square\">\n<li class=\"list__item\">Die H\u00f6he von 9 Fu\u00df verbessert die Sichtbarkeit und wird Ihre G\u00e4ste und Nachbarn sicher beeindrucken.<\/li>\n<li>5 gruselige Spr\u00fcche<\/li>\n<li class=\"list__item\">Die lebensgro\u00dfe Hexenfigur sorgt f\u00fcr eine gespenstische Wirkung bei gruseligen Anl\u00e4ssen<\/li>\n<li class=\"list__item\">Entwickelt f\u00fcr den Einsatz im Freien, um ein unvergessliches Halloween-Erlebnis zu bieten<\/li>\n<li class=\"list__item\">LED-Augen starren lange und intensiv, um Ihre G\u00e4ste zu verunsichern<\/li>\n<li class=\"list__item\">An eine Stromquelle anschlie\u00dfen und S\u00fc\u00dfes-oder-Saures-Kinder stundenlang terrorisieren<\/li>\n<li class=\"list__item\">Bewegungsaktiviertes gackerndes Lachen und gruselige Spr\u00fcche verwandeln Ihr Zuhause in ein Spukhaus<\/li>\n<\/ul>\n<div>Gr\u00f6\u00dfe: Vom Zylinder bis zum Boden: 2,8 m.<\/div>\n<div>Sockel: 2m x 2m<\/div>\n<div><\/div>\n<div><em><strong>BITTE BEACHTEN<\/strong>: Dies ist eine 9-Fu\u00df-Version der 12-Fu\u00df-Hexe von Home Depot mit einigen Unterschieden: Der Kopf ist aus Latex und nicht aus Plastik, die Hand, die den Besen h\u00e4lt, hat kein Licht, die Augen leuchten anstelle von Digiteyes, die Farbe der Kleidung ist leicht ver\u00e4ndert.\u00a0<\/em><\/div>\n<div><\/div>\n<\/div>\n<div><b>VERSAND NUR AUF DEM BRITISCHEN FESTLAND <\/b>-<i>\u00a0F\u00fcr die Highlands und die Inseln erfragen Sie bitte die Versandpreise.<\/i><\/div>\n<div><\/div>\n<div><b>Sicherheit<\/b><i>. Bitte stellen Sie sicher, dass Sie es mit den mitgelieferten Erdn\u00e4geln sichern und bei starkem Wind abbauen.<\/i><\/div>\n<div><\/div>\n<div><b>Wird mit einem UK-Netzadapter geliefert<\/b>. <i>Verwenden Sie nur den mitgelieferten Netzadapter, da falsche Netzadapter Sch\u00e4den verursachen k\u00f6nnen.<\/i><\/div>\n<div><\/div>\n<div>\n<div><b>F\u00fcr die \u00fcberdachte Veranda oder f\u00fcr den Innenbereich.<\/b> <i>Bei Verwendung im Freien vor Witterungseinfl\u00fcssen sch\u00fctzen und nicht \u00fcber einen l\u00e4ngeren Zeitraum im Freien stehen lassen.<\/i><\/div>\n<div><\/div>\n<div><b>Bitte beachten:<\/b><i> Diese Requisiten sind nicht f\u00fcr den intensiven kommerziellen Gebrauch geeignet, d. h. sie sollten nicht \u00fcber l\u00e4ngere Zeitr\u00e4ume, z. B. tagelang, betrieben werden. Sie sind f\u00fcr die Verwendung an Halloween gedacht. Wenn Sie Fragen dazu haben, fragen Sie bitte.<\/i><\/div>\n<\/div>\n<div>\n<div><\/div>\n<\/div>","protected":false},"excerpt":{"rendered":"<p>Diese 2,7 Meter hohe schwebende Hexenfigur wird w\u00e4hrend der Halloween-Feierlichkeiten \u00fcber die S\u00fc\u00dfigkeiten-Sammler aufragen. Mit ihrem lebensgro\u00dfen Design scheint diese Hexenfigur in der Luft zu schweben, um Ihre G\u00e4ste zu erschrecken. Ihre unheimliche leuchtende Pr\u00e4senz, ihr verdrehtes Grinsen und ihre leuchtenden LED-Augen werden den S\u00fc\u00dfigkeiten-Sammlern sicher einen Schauer \u00fcber den R\u00fccken jagen. Realistische Bewegungen, schallendes Gel\u00e4chter [\u2026]<\/p>","protected":false},"featured_media":457144,"comment_status":"closed","ping_status":"closed","template":"","meta":{"_acf_changed":false},"product_brand":[],"product_cat":[10068,10131,10158,10108,10110,10093,10094,6547,9840,6963,6596,7055],"product_tag":[9993],"class_list":{"0":"post-555866","1":"product","2":"type-product","3":"status-publish","4":"has-post-thumbnail","6":"product_cat-halloween-decorations-2025","7":"product_cat-halloween-gifts","8":"product_cat-in-stock-animatronics","9":"product_cat-light-up-halloween-decorations","10":"product_cat-us-imports","11":"product_cat-indoor-halloween-decorations","12":"product_cat-outdoor-halloween-decorations","13":"product_cat-decorations","14":"product_cat-giant","15":"product_cat-animatronics","16":"product_cat-witch-decorations","17":"product_cat-animated-props-witches","18":"product_tag-animatronics-imports","19":"product_shipping_class-eu-bulky-prop","21":"first","22":"instock","23":"taxable","24":"shipping-taxable","25":"purchasable","26":"product-type-simple"},"supplier_id":538712,"supplier_sku":"","barcode":null,"atum_controlled":true,"out_stock_date":null,"out_stock_threshold":null,"inheritable":false,"inbound_stock":0,"stock_on_hold":0,"sold_today":0,"sales_last_days":0,"reserved_stock":0,"customer_returns":0,"warehouse_damage":0,"lost_in_post":0,"other_logs":0,"out_stock_days":0,"lost_sales":0,"has_location":false,"update_date":"2026-05-07T01:43:44","atum_locations":[],"atum_stock_status":"instock","restock_status":false,"low_stock_amount":"","sales_update_date":"2026-05-07T01:43:43","calc_backorders":null,"acf":[],"yoast_head":"<!-- This site is optimized with the Yoast SEO plugin v27.5 - https:\/\/yoast.com\/product\/yoast-seo-wordpress\/ -->\n<title>9ft Giant Animated Hovering Witch | Mad About Horror<\/title>\n<meta name=\"description\" content=\"Huge range of animated Halloween props. Spirit Halloween, Home Depot, Lowes and more! The UK &amp; Europe&#039;s leading horror &amp; Halloween specialist\" \/>\n<meta name=\"robots\" content=\"index, follow, max-snippet:-1, max-image-preview:large, max-video-preview:-1\" \/>\n<link rel=\"canonical\" href=\"https:\/\/madabouthorror.co.uk\/de\/product\/9ft-animated-hovering-witch\/\" \/>\n<meta property=\"og:locale\" content=\"de_DE\" \/>\n<meta property=\"og:type\" content=\"article\" \/>\n<meta property=\"og:title\" content=\"9ft Giant Animated Hovering Witch | Mad About Horror\" \/>\n<meta property=\"og:description\" content=\"Huge range of animated Halloween props. Spirit Halloween, Home Depot, Lowes and more! The UK &amp; Europe&#039;s leading horror &amp; Halloween specialist\" \/>\n<meta property=\"og:url\" content=\"https:\/\/madabouthorror.co.uk\/de\/product\/9ft-animated-hovering-witch\/\" \/>\n<meta property=\"og:site_name\" content=\"Mad About Horror\" \/>\n<meta property=\"article:publisher\" content=\"https:\/\/www.facebook.com\/madabouthorror\/\" \/>\n<meta property=\"article:modified_time\" content=\"2026-04-29T14:43:18+00:00\" \/>\n<meta property=\"og:image\" content=\"https:\/\/madabouthorror.co.uk\/wp-content\/uploads\/2023\/09\/81jpTwScRoL.jpg\" \/>\n\t<meta property=\"og:image:width\" content=\"2000\" \/>\n\t<meta property=\"og:image:height\" content=\"2000\" \/>\n\t<meta property=\"og:image:type\" content=\"image\/jpeg\" \/>\n<meta name=\"twitter:card\" content=\"summary_large_image\" \/>\n<meta name=\"twitter:label1\" content=\"Gesch\u00e4tzte Lesezeit\" \/>\n\t<meta name=\"twitter:data1\" content=\"2\u00a0Minuten\" \/>\n<script type=\"application\/ld+json\" class=\"yoast-schema-graph\">{\"@context\":\"https:\\\/\\\/schema.org\",\"@graph\":[{\"@type\":[\"WebPage\",\"ItemPage\"],\"@id\":\"https:\\\/\\\/madabouthorror.co.uk\\\/product\\\/9ft-animated-hovering-witch\\\/\",\"url\":\"https:\\\/\\\/madabouthorror.co.uk\\\/product\\\/9ft-animated-hovering-witch\\\/\",\"name\":\"9ft Giant Animated Hovering Witch | Mad About Horror\",\"isPartOf\":{\"@id\":\"https:\\\/\\\/madabouthorror.co.uk\\\/#website\"},\"primaryImageOfPage\":{\"@id\":\"https:\\\/\\\/madabouthorror.co.uk\\\/product\\\/9ft-animated-hovering-witch\\\/#primaryimage\"},\"image\":{\"@id\":\"https:\\\/\\\/madabouthorror.co.uk\\\/product\\\/9ft-animated-hovering-witch\\\/#primaryimage\"},\"thumbnailUrl\":\"https:\\\/\\\/madabouthorror.co.uk\\\/wp-content\\\/uploads\\\/2023\\\/09\\\/81jpTwScRoL.jpg\",\"datePublished\":\"2025-09-18T12:58:05+00:00\",\"dateModified\":\"2026-04-29T14:43:18+00:00\",\"description\":\"Huge range of animated Halloween props. Spirit Halloween, Home Depot, Lowes and more! The UK & Europe's leading horror & Halloween specialist\",\"breadcrumb\":{\"@id\":\"https:\\\/\\\/madabouthorror.co.uk\\\/product\\\/9ft-animated-hovering-witch\\\/#breadcrumb\"},\"inLanguage\":\"de\",\"potentialAction\":[{\"@type\":\"ReadAction\",\"target\":[\"https:\\\/\\\/madabouthorror.co.uk\\\/product\\\/9ft-animated-hovering-witch\\\/\"]}]},{\"@type\":\"ImageObject\",\"inLanguage\":\"de\",\"@id\":\"https:\\\/\\\/madabouthorror.co.uk\\\/product\\\/9ft-animated-hovering-witch\\\/#primaryimage\",\"url\":\"https:\\\/\\\/madabouthorror.co.uk\\\/wp-content\\\/uploads\\\/2023\\\/09\\\/81jpTwScRoL.jpg\",\"contentUrl\":\"https:\\\/\\\/madabouthorror.co.uk\\\/wp-content\\\/uploads\\\/2023\\\/09\\\/81jpTwScRoL.jpg\",\"width\":2000,\"height\":2000,\"caption\":\"12ft hovering witch animatronic Home Depot\"},{\"@type\":\"BreadcrumbList\",\"@id\":\"https:\\\/\\\/madabouthorror.co.uk\\\/product\\\/9ft-animated-hovering-witch\\\/#breadcrumb\",\"itemListElement\":[{\"@type\":\"ListItem\",\"position\":1,\"name\":\"Shop\",\"item\":\"https:\\\/\\\/madabouthorror.co.uk\\\/shop\\\/\"},{\"@type\":\"ListItem\",\"position\":2,\"name\":\"9ft Giant Animated Hovering Witch\"}]},{\"@type\":\"WebSite\",\"@id\":\"https:\\\/\\\/madabouthorror.co.uk\\\/#website\",\"url\":\"https:\\\/\\\/madabouthorror.co.uk\\\/\",\"name\":\"Mad About Horror\",\"description\":\"\",\"publisher\":{\"@id\":\"https:\\\/\\\/madabouthorror.co.uk\\\/#organization\"},\"alternateName\":\"Mad About Horror Limited\",\"potentialAction\":[{\"@type\":\"SearchAction\",\"target\":{\"@type\":\"EntryPoint\",\"urlTemplate\":\"https:\\\/\\\/madabouthorror.co.uk\\\/?s={search_term_string}\"},\"query-input\":{\"@type\":\"PropertyValueSpecification\",\"valueRequired\":true,\"valueName\":\"search_term_string\"}}],\"inLanguage\":\"de\"},{\"@type\":\"Organization\",\"@id\":\"https:\\\/\\\/madabouthorror.co.uk\\\/#organization\",\"name\":\"Mad About Horror\",\"url\":\"https:\\\/\\\/madabouthorror.co.uk\\\/\",\"logo\":{\"@type\":\"ImageObject\",\"inLanguage\":\"de\",\"@id\":\"https:\\\/\\\/madabouthorror.co.uk\\\/#\\\/schema\\\/logo\\\/image\\\/\",\"url\":\"https:\\\/\\\/madabouthorror.co.uk\\\/wp-content\\\/uploads\\\/2024\\\/02\\\/cropped-Logo.png\",\"contentUrl\":\"https:\\\/\\\/madabouthorror.co.uk\\\/wp-content\\\/uploads\\\/2024\\\/02\\\/cropped-Logo.png\",\"width\":240,\"height\":88,\"caption\":\"Mad About Horror\"},\"image\":{\"@id\":\"https:\\\/\\\/madabouthorror.co.uk\\\/#\\\/schema\\\/logo\\\/image\\\/\"},\"sameAs\":[\"https:\\\/\\\/www.facebook.com\\\/madabouthorror\\\/\",\"https:\\\/\\\/www.instagram.com\\\/madabouthorror\\\/\",\"https:\\\/\\\/www.pinterest.co.uk\\\/madabouthorror\\\/\",\"https:\\\/\\\/www.youtube.com\\\/channel\\\/UCBooLOIxjoQ89dj6T5lWm_w\",\"https:\\\/\\\/www.tiktok.com\\\/@weremadabouthorror\"]}]}<\/script>\n<!-- \/ Yoast SEO plugin. -->","yoast_head_json":{"title":"9 Fu\u00df riesige animierte schwebende Hexe | Mad About Horror","description":"Riesige Auswahl an animierten Halloween-Requisiten. Spirit Halloween, Home Depot, Lowes und mehr! Europas f\u00fchrender Spezialist f\u00fcr Horror &amp; Halloween","robots":{"index":"index","follow":"follow","max-snippet":"max-snippet:-1","max-image-preview":"max-image-preview:large","max-video-preview":"max-video-preview:-1"},"canonical":"https:\/\/madabouthorror.co.uk\/de\/product\/9ft-animated-hovering-witch\/","og_locale":"de_DE","og_type":"article","og_title":"9ft Giant Animated Hovering Witch | Mad About Horror","og_description":"Huge range of animated Halloween props. Spirit Halloween, Home Depot, Lowes and more! The UK & Europe's leading horror & Halloween specialist","og_url":"https:\/\/madabouthorror.co.uk\/de\/product\/9ft-animated-hovering-witch\/","og_site_name":"Mad About Horror","article_publisher":"https:\/\/www.facebook.com\/madabouthorror\/","article_modified_time":"2026-04-29T14:43:18+00:00","og_image":[{"width":2000,"height":2000,"url":"https:\/\/madabouthorror.co.uk\/wp-content\/uploads\/2023\/09\/81jpTwScRoL.jpg","type":"image\/jpeg"}],"twitter_card":"summary_large_image","twitter_misc":{"Gesch\u00e4tzte Lesezeit":"2\u00a0Minuten"},"schema":{"@context":"https:\/\/schema.org","@graph":[{"@type":["WebPage","ItemPage"],"@id":"https:\/\/madabouthorror.co.uk\/product\/9ft-animated-hovering-witch\/","url":"https:\/\/madabouthorror.co.uk\/product\/9ft-animated-hovering-witch\/","name":"9 Fu\u00df riesige animierte schwebende Hexe | Mad About Horror","isPartOf":{"@id":"https:\/\/madabouthorror.co.uk\/#website"},"primaryImageOfPage":{"@id":"https:\/\/madabouthorror.co.uk\/product\/9ft-animated-hovering-witch\/#primaryimage"},"image":{"@id":"https:\/\/madabouthorror.co.uk\/product\/9ft-animated-hovering-witch\/#primaryimage"},"thumbnailUrl":"https:\/\/madabouthorror.co.uk\/wp-content\/uploads\/2023\/09\/81jpTwScRoL.jpg","datePublished":"2025-09-18T12:58:05+00:00","dateModified":"2026-04-29T14:43:18+00:00","description":"Riesige Auswahl an animierten Halloween-Requisiten. Spirit Halloween, Home Depot, Lowes und mehr! Europas f\u00fchrender Spezialist f\u00fcr Horror &amp; Halloween","breadcrumb":{"@id":"https:\/\/madabouthorror.co.uk\/product\/9ft-animated-hovering-witch\/#breadcrumb"},"inLanguage":"de","potentialAction":[{"@type":"ReadAction","target":["https:\/\/madabouthorror.co.uk\/product\/9ft-animated-hovering-witch\/"]}]},{"@type":"ImageObject","inLanguage":"de","@id":"https:\/\/madabouthorror.co.uk\/product\/9ft-animated-hovering-witch\/#primaryimage","url":"https:\/\/madabouthorror.co.uk\/wp-content\/uploads\/2023\/09\/81jpTwScRoL.jpg","contentUrl":"https:\/\/madabouthorror.co.uk\/wp-content\/uploads\/2023\/09\/81jpTwScRoL.jpg","width":2000,"height":2000,"caption":"12ft hovering witch animatronic Home Depot"},{"@type":"BreadcrumbList","@id":"https:\/\/madabouthorror.co.uk\/product\/9ft-animated-hovering-witch\/#breadcrumb","itemListElement":[{"@type":"ListItem","position":1,"name":"Shop","item":"https:\/\/madabouthorror.co.uk\/shop\/"},{"@type":"ListItem","position":2,"name":"9ft Giant Animated Hovering Witch"}]},{"@type":"WebSite","@id":"https:\/\/madabouthorror.co.uk\/#website","url":"https:\/\/madabouthorror.co.uk\/","name":"Verr\u00fcckt nach Horror","description":"","publisher":{"@id":"https:\/\/madabouthorror.co.uk\/#organization"},"alternateName":"Mad About Horror Limited","potentialAction":[{"@type":"SearchAction","target":{"@type":"EntryPoint","urlTemplate":"https:\/\/madabouthorror.co.uk\/?s={search_term_string}"},"query-input":{"@type":"PropertyValueSpecification","valueRequired":true,"valueName":"search_term_string"}}],"inLanguage":"de"},{"@type":"Organization","@id":"https:\/\/madabouthorror.co.uk\/#organization","name":"Verr\u00fcckt nach Horror","url":"https:\/\/madabouthorror.co.uk\/","logo":{"@type":"ImageObject","inLanguage":"de","@id":"https:\/\/madabouthorror.co.uk\/#\/schema\/logo\/image\/","url":"https:\/\/madabouthorror.co.uk\/wp-content\/uploads\/2024\/02\/cropped-Logo.png","contentUrl":"https:\/\/madabouthorror.co.uk\/wp-content\/uploads\/2024\/02\/cropped-Logo.png","width":240,"height":88,"caption":"Mad About Horror"},"image":{"@id":"https:\/\/madabouthorror.co.uk\/#\/schema\/logo\/image\/"},"sameAs":["https:\/\/www.facebook.com\/madabouthorror\/","https:\/\/www.instagram.com\/madabouthorror\/","https:\/\/www.pinterest.co.uk\/madabouthorror\/","https:\/\/www.youtube.com\/channel\/UCBooLOIxjoQ89dj6T5lWm_w","https:\/\/www.tiktok.com\/@weremadabouthorror"]}]}},"df_price":549.95,"df_sale_price":"","df_regular_price":549.95,"df_image_link":"https:\/\/madabouthorror.co.uk\/wp-content\/uploads\/2023\/09\/81jpTwScRoL-300x300.jpg","_links":{"self":[{"href":"https:\/\/madabouthorror.co.uk\/de\/wp-json\/wp\/v2\/product\/555866","targetHints":{"allow":["GET"]}}],"collection":[{"href":"https:\/\/madabouthorror.co.uk\/de\/wp-json\/wp\/v2\/product"}],"about":[{"href":"https:\/\/madabouthorror.co.uk\/de\/wp-json\/wp\/v2\/types\/product"}],"replies":[{"embeddable":true,"href":"https:\/\/madabouthorror.co.uk\/de\/wp-json\/wp\/v2\/comments?post=555866"}],"wp:featuredmedia":[{"embeddable":true,"href":"https:\/\/madabouthorror.co.uk\/de\/wp-json\/wp\/v2\/media\/457144"}],"wp:attachment":[{"href":"https:\/\/madabouthorror.co.uk\/de\/wp-json\/wp\/v2\/media?parent=555866"}],"wp:term":[{"taxonomy":"product_brand","embeddable":true,"href":"https:\/\/madabouthorror.co.uk\/de\/wp-json\/wp\/v2\/product_brand?post=555866"},{"taxonomy":"product_cat","embeddable":true,"href":"https:\/\/madabouthorror.co.uk\/de\/wp-json\/wp\/v2\/product_cat?post=555866"},{"taxonomy":"product_tag","embeddable":true,"href":"https:\/\/madabouthorror.co.uk\/de\/wp-json\/wp\/v2\/product_tag?post=555866"}],"curies":[{"name":"wp","href":"https:\/\/api.w.org\/{rel}","templated":true}]}}