{"id":56432,"date":"2022-12-29T20:31:44","date_gmt":"2022-12-29T20:31:44","guid":{"rendered":"https:\/\/mah.6bdv.ws\/product\/haunt-vampire-witch-3-75-figure-2-pack\/"},"modified":"2026-04-02T09:38:48","modified_gmt":"2026-04-02T08:38:48","slug":"haunt-vampire-witch-3-75-figure-2-pack","status":"publish","type":"product","link":"https:\/\/madabouthorror.co.uk\/de\/product\/haunt-vampire-witch-3-75-figure-2-pack\/","title":{"rendered":"Haunt - Vampir &amp; Hexe - 3,75\u2033 Figur 2er Pack"},"content":{"rendered":"<p>Entdecke die schaurige Welt von Eli Roths Haunt mit der offiziell lizenzierten Haunt 3.75\u2033 Figurensammlung von Trick or Treat Studios und eOne Features LLC. Diese von Alexander Ray entworfene Kollektion erweckt die furchterregenden Charaktere aus dem Horrorthriller zum Leben.<\/p>\n<p>Tauchen Sie in der Halloween-Nacht in ein extremes Spukhaus ein, in dem Alptr\u00e4ume wahr werden. Das 2er-Pack enth\u00e4lt verdrehte Figuren - einen Vampir mit Pistolenzubeh\u00f6r und eine Hexe mit hei\u00dfem Pokerzubeh\u00f6r. Sammle alle 3 Figurensets, um dein Ensemble der Lieblingsgeister zu vervollst\u00e4ndigen.<\/p>\n<p>Verpassen Sie nicht die Chance, diese gruseligen Sammelfiguren zu besitzen und den Horror von Eli Roths Haunt noch einmal zu erleben. Bestellen Sie jetzt, um diese gespenstischen Figuren in Ihre Sammlung aufzunehmen!<\/p>\n<p>Enth\u00e4lt:<\/p>\n<ul>\n<li>1 - Vampir-Figur mit Pistolen-Zubeh\u00f6r<\/li>\n<li>1 - Hexenfigur mit Hot-Poker-Zubeh\u00f6r<\/li>\n<li>Verpackt auf einer R\u00fcckwandkarte mit Blister.<\/li>\n<\/ul>","protected":false},"excerpt":{"rendered":"<p>Entdecke die schaurige Welt von Eli Roths Haunt mit der offiziell lizenzierten Haunt 3.75\u2033 Figurensammlung von Trick or Treat Studios und eOne Features LLC. Diese von Alexander Ray gestaltete Kollektion erweckt die furchterregenden Charaktere aus dem Horrorthriller zum Leben. In der Halloween-Nacht tauchen Sie in ein extremes Spukhaus ein, in dem Alptr\u00e4ume wahr werden. Die [...]<\/p>","protected":false},"featured_media":56430,"comment_status":"closed","ping_status":"closed","template":"","meta":{"_acf_changed":false},"product_brand":[],"product_cat":[6538,10075,10039,10041,6537,10038,6792,6735],"product_tag":[],"class_list":{"0":"post-56432","1":"product","2":"type-product","3":"status-publish","4":"has-post-thumbnail","6":"product_cat-figures","7":"product_cat-action-figures","8":"product_cat-stocking-fillers","9":"product_cat-gifts-under-50","10":"product_cat-collectibles","11":"product_cat-horror-gifts","12":"product_cat-trick-or-treat-studios","13":"product_cat-haunt","14":"product_shipping_class-small-parcel-economy-3-5-business-days","16":"first","17":"instock","18":"taxable","19":"shipping-taxable","20":"purchasable","21":"product-type-simple"},"supplier_id":471029,"supplier_sku":"TTEO107","barcode":"810116280513","atum_controlled":true,"out_stock_date":null,"out_stock_threshold":null,"inheritable":false,"inbound_stock":0,"stock_on_hold":0,"sold_today":0,"sales_last_days":0,"reserved_stock":0,"customer_returns":0,"warehouse_damage":0,"lost_in_post":0,"other_logs":0,"out_stock_days":0,"lost_sales":0,"has_location":false,"update_date":"2026-04-23T01:09:43","atum_locations":[],"atum_stock_status":"instock","restock_status":false,"low_stock_amount":1,"sales_update_date":"2026-04-23T01:09:42","calc_backorders":null,"acf":[],"yoast_head":"<!-- This site is optimized with the Yoast SEO plugin v27.4 - https:\/\/yoast.com\/product\/yoast-seo-wordpress\/ -->\n<title>Haunt - Vampire &amp; Witch - 3.75&quot; Figure 2 Pack<\/title>\n<meta name=\"description\" content=\"Officially licensed Haunt Vampire Witch Figures - 3.75&quot; Figure 2 Pack BY Trick or Treat Studios. Available in the UK from Mad About Horror.\" \/>\n<meta name=\"robots\" content=\"index, follow, max-snippet:-1, max-image-preview:large, max-video-preview:-1\" \/>\n<link rel=\"canonical\" href=\"https:\/\/madabouthorror.co.uk\/de\/product\/haunt-vampire-witch-3-75-figure-2-pack\/\" \/>\n<meta property=\"og:locale\" content=\"de_DE\" \/>\n<meta property=\"og:type\" content=\"article\" \/>\n<meta property=\"og:title\" content=\"Haunt - Vampire &amp; Witch - 3.75&quot; Figure 2 Pack\" \/>\n<meta property=\"og:description\" content=\"Officially licensed Haunt Vampire Witch Figures - 3.75&quot; Figure 2 Pack BY Trick or Treat Studios. Available in the UK from Mad About Horror.\" \/>\n<meta property=\"og:url\" content=\"https:\/\/madabouthorror.co.uk\/de\/product\/haunt-vampire-witch-3-75-figure-2-pack\/\" \/>\n<meta property=\"og:site_name\" content=\"Mad About Horror\" \/>\n<meta property=\"article:publisher\" content=\"https:\/\/www.facebook.com\/madabouthorror\/\" \/>\n<meta property=\"article:modified_time\" content=\"2026-04-02T08:38:48+00:00\" \/>\n<meta property=\"og:image\" content=\"https:\/\/madabouthorror.co.uk\/wp-content\/uploads\/2022\/12\/tots_haunt_witch_vampire_figures.jpg\" \/>\n\t<meta property=\"og:image:width\" content=\"650\" \/>\n\t<meta property=\"og:image:height\" content=\"650\" \/>\n\t<meta property=\"og:image:type\" content=\"image\/jpeg\" \/>\n<meta name=\"twitter:card\" content=\"summary_large_image\" \/>\n<meta name=\"twitter:label1\" content=\"Gesch\u00e4tzte Lesezeit\" \/>\n\t<meta name=\"twitter:data1\" content=\"1\u00a0Minute\" \/>\n<script type=\"application\/ld+json\" class=\"yoast-schema-graph\">{\"@context\":\"https:\\\/\\\/schema.org\",\"@graph\":[{\"@type\":[\"WebPage\",\"ItemPage\"],\"@id\":\"https:\\\/\\\/madabouthorror.co.uk\\\/product\\\/haunt-vampire-witch-3-75-figure-2-pack\\\/\",\"url\":\"https:\\\/\\\/madabouthorror.co.uk\\\/product\\\/haunt-vampire-witch-3-75-figure-2-pack\\\/\",\"name\":\"Haunt - Vampire & Witch - 3.75\\\" Figure 2 Pack\",\"isPartOf\":{\"@id\":\"https:\\\/\\\/madabouthorror.co.uk\\\/#website\"},\"primaryImageOfPage\":{\"@id\":\"https:\\\/\\\/madabouthorror.co.uk\\\/product\\\/haunt-vampire-witch-3-75-figure-2-pack\\\/#primaryimage\"},\"image\":{\"@id\":\"https:\\\/\\\/madabouthorror.co.uk\\\/product\\\/haunt-vampire-witch-3-75-figure-2-pack\\\/#primaryimage\"},\"thumbnailUrl\":\"https:\\\/\\\/madabouthorror.co.uk\\\/wp-content\\\/uploads\\\/2022\\\/12\\\/tots_haunt_witch_vampire_figures.jpg\",\"datePublished\":\"2022-12-29T20:31:44+00:00\",\"dateModified\":\"2026-04-02T08:38:48+00:00\",\"description\":\"Officially licensed Haunt Vampire Witch Figures - 3.75\\\" Figure 2 Pack BY Trick or Treat Studios. Available in the UK from Mad About Horror.\",\"breadcrumb\":{\"@id\":\"https:\\\/\\\/madabouthorror.co.uk\\\/product\\\/haunt-vampire-witch-3-75-figure-2-pack\\\/#breadcrumb\"},\"inLanguage\":\"de\",\"potentialAction\":[{\"@type\":\"ReadAction\",\"target\":[\"https:\\\/\\\/madabouthorror.co.uk\\\/product\\\/haunt-vampire-witch-3-75-figure-2-pack\\\/\"]}]},{\"@type\":\"ImageObject\",\"inLanguage\":\"de\",\"@id\":\"https:\\\/\\\/madabouthorror.co.uk\\\/product\\\/haunt-vampire-witch-3-75-figure-2-pack\\\/#primaryimage\",\"url\":\"https:\\\/\\\/madabouthorror.co.uk\\\/wp-content\\\/uploads\\\/2022\\\/12\\\/tots_haunt_witch_vampire_figures.jpg\",\"contentUrl\":\"https:\\\/\\\/madabouthorror.co.uk\\\/wp-content\\\/uploads\\\/2022\\\/12\\\/tots_haunt_witch_vampire_figures.jpg\",\"width\":650,\"height\":650,\"caption\":\"Haunt - Vampire & Witch - 3.75\\\" Figure 2 Pack\"},{\"@type\":\"BreadcrumbList\",\"@id\":\"https:\\\/\\\/madabouthorror.co.uk\\\/product\\\/haunt-vampire-witch-3-75-figure-2-pack\\\/#breadcrumb\",\"itemListElement\":[{\"@type\":\"ListItem\",\"position\":1,\"name\":\"Shop\",\"item\":\"https:\\\/\\\/madabouthorror.co.uk\\\/shop\\\/\"},{\"@type\":\"ListItem\",\"position\":2,\"name\":\"Haunt &#8211; Vampire &#038; Witch &#8211; 3.75&#8243; Figure 2 Pack\"}]},{\"@type\":\"WebSite\",\"@id\":\"https:\\\/\\\/madabouthorror.co.uk\\\/#website\",\"url\":\"https:\\\/\\\/madabouthorror.co.uk\\\/\",\"name\":\"Mad About Horror\",\"description\":\"\",\"publisher\":{\"@id\":\"https:\\\/\\\/madabouthorror.co.uk\\\/#organization\"},\"alternateName\":\"Mad About Horror Limited\",\"potentialAction\":[{\"@type\":\"SearchAction\",\"target\":{\"@type\":\"EntryPoint\",\"urlTemplate\":\"https:\\\/\\\/madabouthorror.co.uk\\\/?s={search_term_string}\"},\"query-input\":{\"@type\":\"PropertyValueSpecification\",\"valueRequired\":true,\"valueName\":\"search_term_string\"}}],\"inLanguage\":\"de\"},{\"@type\":\"Organization\",\"@id\":\"https:\\\/\\\/madabouthorror.co.uk\\\/#organization\",\"name\":\"Mad About Horror\",\"url\":\"https:\\\/\\\/madabouthorror.co.uk\\\/\",\"logo\":{\"@type\":\"ImageObject\",\"inLanguage\":\"de\",\"@id\":\"https:\\\/\\\/madabouthorror.co.uk\\\/#\\\/schema\\\/logo\\\/image\\\/\",\"url\":\"https:\\\/\\\/madabouthorror.co.uk\\\/wp-content\\\/uploads\\\/2024\\\/02\\\/cropped-Logo.png\",\"contentUrl\":\"https:\\\/\\\/madabouthorror.co.uk\\\/wp-content\\\/uploads\\\/2024\\\/02\\\/cropped-Logo.png\",\"width\":240,\"height\":88,\"caption\":\"Mad About Horror\"},\"image\":{\"@id\":\"https:\\\/\\\/madabouthorror.co.uk\\\/#\\\/schema\\\/logo\\\/image\\\/\"},\"sameAs\":[\"https:\\\/\\\/www.facebook.com\\\/madabouthorror\\\/\",\"https:\\\/\\\/www.instagram.com\\\/madabouthorror\\\/\",\"https:\\\/\\\/www.pinterest.co.uk\\\/madabouthorror\\\/\",\"https:\\\/\\\/www.youtube.com\\\/channel\\\/UCBooLOIxjoQ89dj6T5lWm_w\",\"https:\\\/\\\/www.tiktok.com\\\/@weremadabouthorror\"]}]}<\/script>\n<!-- \/ Yoast SEO plugin. -->","yoast_head_json":{"title":"Haunt - Vampir &amp; Hexe - 3,75\" Figur 2er Pack","description":"Offiziell lizenzierte Haunt Vampir-Hexe Figuren - 3,75\" Figur 2 Pack BY Trick or Treat Studios. Erh\u00e4ltlich in Gro\u00dfbritannien von Mad About Horror.","robots":{"index":"index","follow":"follow","max-snippet":"max-snippet:-1","max-image-preview":"max-image-preview:large","max-video-preview":"max-video-preview:-1"},"canonical":"https:\/\/madabouthorror.co.uk\/de\/product\/haunt-vampire-witch-3-75-figure-2-pack\/","og_locale":"de_DE","og_type":"article","og_title":"Haunt - Vampire & Witch - 3.75\" Figure 2 Pack","og_description":"Officially licensed Haunt Vampire Witch Figures - 3.75\" Figure 2 Pack BY Trick or Treat Studios. Available in the UK from Mad About Horror.","og_url":"https:\/\/madabouthorror.co.uk\/de\/product\/haunt-vampire-witch-3-75-figure-2-pack\/","og_site_name":"Mad About Horror","article_publisher":"https:\/\/www.facebook.com\/madabouthorror\/","article_modified_time":"2026-04-02T08:38:48+00:00","og_image":[{"width":650,"height":650,"url":"https:\/\/madabouthorror.co.uk\/wp-content\/uploads\/2022\/12\/tots_haunt_witch_vampire_figures.jpg","type":"image\/jpeg"}],"twitter_card":"summary_large_image","twitter_misc":{"Gesch\u00e4tzte Lesezeit":"1\u00a0Minute"},"schema":{"@context":"https:\/\/schema.org","@graph":[{"@type":["WebPage","ItemPage"],"@id":"https:\/\/madabouthorror.co.uk\/product\/haunt-vampire-witch-3-75-figure-2-pack\/","url":"https:\/\/madabouthorror.co.uk\/product\/haunt-vampire-witch-3-75-figure-2-pack\/","name":"Haunt - Vampir &amp; Hexe - 3,75\" Figur 2er Pack","isPartOf":{"@id":"https:\/\/madabouthorror.co.uk\/#website"},"primaryImageOfPage":{"@id":"https:\/\/madabouthorror.co.uk\/product\/haunt-vampire-witch-3-75-figure-2-pack\/#primaryimage"},"image":{"@id":"https:\/\/madabouthorror.co.uk\/product\/haunt-vampire-witch-3-75-figure-2-pack\/#primaryimage"},"thumbnailUrl":"https:\/\/madabouthorror.co.uk\/wp-content\/uploads\/2022\/12\/tots_haunt_witch_vampire_figures.jpg","datePublished":"2022-12-29T20:31:44+00:00","dateModified":"2026-04-02T08:38:48+00:00","description":"Offiziell lizenzierte Haunt Vampir-Hexe Figuren - 3,75\" Figur 2 Pack BY Trick or Treat Studios. Erh\u00e4ltlich in Gro\u00dfbritannien von Mad About Horror.","breadcrumb":{"@id":"https:\/\/madabouthorror.co.uk\/product\/haunt-vampire-witch-3-75-figure-2-pack\/#breadcrumb"},"inLanguage":"de","potentialAction":[{"@type":"ReadAction","target":["https:\/\/madabouthorror.co.uk\/product\/haunt-vampire-witch-3-75-figure-2-pack\/"]}]},{"@type":"ImageObject","inLanguage":"de","@id":"https:\/\/madabouthorror.co.uk\/product\/haunt-vampire-witch-3-75-figure-2-pack\/#primaryimage","url":"https:\/\/madabouthorror.co.uk\/wp-content\/uploads\/2022\/12\/tots_haunt_witch_vampire_figures.jpg","contentUrl":"https:\/\/madabouthorror.co.uk\/wp-content\/uploads\/2022\/12\/tots_haunt_witch_vampire_figures.jpg","width":650,"height":650,"caption":"Haunt - Vampire & Witch - 3.75\" Figure 2 Pack"},{"@type":"BreadcrumbList","@id":"https:\/\/madabouthorror.co.uk\/product\/haunt-vampire-witch-3-75-figure-2-pack\/#breadcrumb","itemListElement":[{"@type":"ListItem","position":1,"name":"Shop","item":"https:\/\/madabouthorror.co.uk\/shop\/"},{"@type":"ListItem","position":2,"name":"Haunt &#8211; Vampire &#038; Witch &#8211; 3.75&#8243; Figure 2 Pack"}]},{"@type":"WebSite","@id":"https:\/\/madabouthorror.co.uk\/#website","url":"https:\/\/madabouthorror.co.uk\/","name":"Verr\u00fcckt nach Horror","description":"","publisher":{"@id":"https:\/\/madabouthorror.co.uk\/#organization"},"alternateName":"Mad About Horror Limited","potentialAction":[{"@type":"SearchAction","target":{"@type":"EntryPoint","urlTemplate":"https:\/\/madabouthorror.co.uk\/?s={search_term_string}"},"query-input":{"@type":"PropertyValueSpecification","valueRequired":true,"valueName":"search_term_string"}}],"inLanguage":"de"},{"@type":"Organization","@id":"https:\/\/madabouthorror.co.uk\/#organization","name":"Verr\u00fcckt nach Horror","url":"https:\/\/madabouthorror.co.uk\/","logo":{"@type":"ImageObject","inLanguage":"de","@id":"https:\/\/madabouthorror.co.uk\/#\/schema\/logo\/image\/","url":"https:\/\/madabouthorror.co.uk\/wp-content\/uploads\/2024\/02\/cropped-Logo.png","contentUrl":"https:\/\/madabouthorror.co.uk\/wp-content\/uploads\/2024\/02\/cropped-Logo.png","width":240,"height":88,"caption":"Mad About Horror"},"image":{"@id":"https:\/\/madabouthorror.co.uk\/#\/schema\/logo\/image\/"},"sameAs":["https:\/\/www.facebook.com\/madabouthorror\/","https:\/\/www.instagram.com\/madabouthorror\/","https:\/\/www.pinterest.co.uk\/madabouthorror\/","https:\/\/www.youtube.com\/channel\/UCBooLOIxjoQ89dj6T5lWm_w","https:\/\/www.tiktok.com\/@weremadabouthorror"]}]}},"df_price":28.08,"df_sale_price":"","df_regular_price":28.08,"df_image_link":"https:\/\/madabouthorror.co.uk\/wp-content\/uploads\/2022\/12\/tots_haunt_witch_vampire_figures-300x300.jpg","_links":{"self":[{"href":"https:\/\/madabouthorror.co.uk\/de\/wp-json\/wp\/v2\/product\/56432","targetHints":{"allow":["GET"]}}],"collection":[{"href":"https:\/\/madabouthorror.co.uk\/de\/wp-json\/wp\/v2\/product"}],"about":[{"href":"https:\/\/madabouthorror.co.uk\/de\/wp-json\/wp\/v2\/types\/product"}],"replies":[{"embeddable":true,"href":"https:\/\/madabouthorror.co.uk\/de\/wp-json\/wp\/v2\/comments?post=56432"}],"wp:featuredmedia":[{"embeddable":true,"href":"https:\/\/madabouthorror.co.uk\/de\/wp-json\/wp\/v2\/media\/56430"}],"wp:attachment":[{"href":"https:\/\/madabouthorror.co.uk\/de\/wp-json\/wp\/v2\/media?parent=56432"}],"wp:term":[{"taxonomy":"product_brand","embeddable":true,"href":"https:\/\/madabouthorror.co.uk\/de\/wp-json\/wp\/v2\/product_brand?post=56432"},{"taxonomy":"product_cat","embeddable":true,"href":"https:\/\/madabouthorror.co.uk\/de\/wp-json\/wp\/v2\/product_cat?post=56432"},{"taxonomy":"product_tag","embeddable":true,"href":"https:\/\/madabouthorror.co.uk\/de\/wp-json\/wp\/v2\/product_tag?post=56432"}],"curies":[{"name":"wp","href":"https:\/\/api.w.org\/{rel}","templated":true}]}}