{"id":127502,"date":"2023-03-02T11:50:13","date_gmt":"2023-03-02T11:50:13","guid":{"rendered":"https:\/\/mah.6bdv.ws\/product\/texas-chainsaw-massacre-2-leatherface-1-6-scale-action-figure\/"},"modified":"2026-04-02T09:39:27","modified_gmt":"2026-04-02T08:39:27","slug":"texas-chainsaw-massacre-2-leatherface-1-6-scale-action-figure","status":"publish","type":"product","link":"https:\/\/madabouthorror.co.uk\/fr\/product\/texas-chainsaw-massacre-2-leatherface-1-6-scale-action-figure\/","title":{"rendered":"Massacre \u00e0 la tron\u00e7onneuse 2 - Leatherface Figure \u00e0 l'\u00e9chelle 1\/6"},"content":{"rendered":"<p>Voici la figurine Leatherface \u00e0 l'\u00e9chelle 1:6 sous licence officielle, tir\u00e9e de Massacre \u00e0 la tron\u00e7onneuse 2. Sculpt\u00e9e par Alexander Ray, Justin Mabry et Andy Manoloff, cette figurine tr\u00e8s d\u00e9taill\u00e9e mesure environ 13 pouces et comprend quatre mains interchangeables ainsi qu'un accessoire de tron\u00e7onneuse m\u00e9ticuleusement fabriqu\u00e9.<\/p>\n<p>Ajoutez cette figurine embl\u00e9matique de Leatherface \u00e0 votre collection et pr\u00e9sentez la terreur de Massacre \u00e0 la tron\u00e7onneuse 2 dans toute sa gloire !<\/p>\n<p>&nbsp;<\/p>","protected":false},"excerpt":{"rendered":"<p>Voici la figurine Leatherface \u00e0 l'\u00e9chelle 1:6 sous licence officielle, tir\u00e9e de Massacre \u00e0 la tron\u00e7onneuse 2. Sculpt\u00e9e par Alexander Ray, Justin Mabry et Andy Manoloff, cette figurine tr\u00e8s d\u00e9taill\u00e9e mesure environ 13 pouces et comprend quatre mains interchangeables ainsi qu'un accessoire de tron\u00e7onneuse m\u00e9ticuleusement fabriqu\u00e9. Ajoutez cette figurine embl\u00e9matique de Leatherface \u00e0 votre collection et mettez en valeur [...]<\/p>","protected":false},"featured_media":127497,"comment_status":"closed","ping_status":"closed","template":"","meta":{"_acf_changed":false},"product_brand":[],"product_cat":[9938,10075,6538,10129,10112,6537,10038,6728,6789,6792,6675],"product_tag":[],"class_list":{"0":"post-127502","1":"product","2":"type-product","3":"status-publish","4":"has-post-thumbnail","6":"product_cat-1-6-scale-figures","7":"product_cat-action-figures","8":"product_cat-figures","9":"product_cat-main-gift","10":"product_cat-premium-figures","11":"product_cat-collectibles","12":"product_cat-horror-gifts","13":"product_cat-premium","14":"product_cat-leatherface","15":"product_cat-trick-or-treat-studios","16":"product_cat-texaschainsawmassacre","17":"pa_brand-trickortreatstudios","18":"pa_character-0a-texaschainsawmassacreleath","19":"pa_google_tax-ba-artsentertainmenthobbiescr","21":"first","22":"instock","23":"taxable","24":"shipping-taxable","25":"purchasable","26":"product-type-simple"},"supplier_id":471029,"supplier_sku":"TTRL142","barcode":"810116280100","atum_controlled":true,"out_stock_date":null,"out_stock_threshold":null,"inheritable":false,"inbound_stock":4,"stock_on_hold":0,"sold_today":0,"sales_last_days":0,"reserved_stock":0,"customer_returns":0,"warehouse_damage":0,"lost_in_post":0,"other_logs":0,"out_stock_days":0,"lost_sales":0,"has_location":false,"update_date":"2026-04-19T01:58:21","atum_locations":[],"atum_stock_status":"instock","restock_status":false,"low_stock_amount":1,"sales_update_date":"2026-04-19T01:58:19","calc_backorders":null,"acf":[],"yoast_head":"<!-- This site is optimized with the Yoast SEO plugin v27.4 - https:\/\/yoast.com\/product\/yoast-seo-wordpress\/ -->\n<title>Texas Chainsaw Massacre 2 - Leatherface 1\/6 Scale action Figure<\/title>\n<meta name=\"description\" content=\"Texas Chainsaw Massacre 2 - Leatherface 1\/6 Scale Action Figure. Official UK Stockist of Trick or Treat Studios. Shop Horror collectibles, UK Stock.\" \/>\n<meta name=\"robots\" content=\"index, follow, max-snippet:-1, max-image-preview:large, max-video-preview:-1\" \/>\n<link rel=\"canonical\" href=\"https:\/\/madabouthorror.co.uk\/fr\/product\/texas-chainsaw-massacre-2-leatherface-1-6-scale-action-figure\/\" \/>\n<meta property=\"og:locale\" content=\"fr_FR\" \/>\n<meta property=\"og:type\" content=\"article\" \/>\n<meta property=\"og:title\" content=\"Texas Chainsaw Massacre 2 - Leatherface 1\/6 Scale action Figure\" \/>\n<meta property=\"og:description\" content=\"Texas Chainsaw Massacre 2 - Leatherface 1\/6 Scale Action Figure. Official UK Stockist of Trick or Treat Studios. Shop Horror collectibles, UK Stock.\" \/>\n<meta property=\"og:url\" content=\"https:\/\/madabouthorror.co.uk\/fr\/product\/texas-chainsaw-massacre-2-leatherface-1-6-scale-action-figure\/\" \/>\n<meta property=\"og:site_name\" content=\"Mad About Horror\" \/>\n<meta property=\"article:publisher\" content=\"https:\/\/www.facebook.com\/madabouthorror\/\" \/>\n<meta property=\"article:modified_time\" content=\"2026-04-02T08:39:27+00:00\" \/>\n<meta property=\"og:image\" content=\"https:\/\/madabouthorror.co.uk\/wp-content\/uploads\/2023\/03\/texas_chainsaw_2_leatherface_figure_tots.jpg\" \/>\n\t<meta property=\"og:image:width\" content=\"670\" \/>\n\t<meta property=\"og:image:height\" content=\"670\" \/>\n\t<meta property=\"og:image:type\" content=\"image\/jpeg\" \/>\n<meta name=\"twitter:card\" content=\"summary_large_image\" \/>\n<meta name=\"twitter:label1\" content=\"Dur\u00e9e de lecture estim\u00e9e\" \/>\n\t<meta name=\"twitter:data1\" content=\"1 minute\" \/>\n<script type=\"application\/ld+json\" class=\"yoast-schema-graph\">{\"@context\":\"https:\\\/\\\/schema.org\",\"@graph\":[{\"@type\":[\"WebPage\",\"ItemPage\"],\"@id\":\"https:\\\/\\\/madabouthorror.co.uk\\\/product\\\/texas-chainsaw-massacre-2-leatherface-1-6-scale-action-figure\\\/\",\"url\":\"https:\\\/\\\/madabouthorror.co.uk\\\/product\\\/texas-chainsaw-massacre-2-leatherface-1-6-scale-action-figure\\\/\",\"name\":\"Texas Chainsaw Massacre 2 - Leatherface 1\\\/6 Scale action Figure\",\"isPartOf\":{\"@id\":\"https:\\\/\\\/madabouthorror.co.uk\\\/#website\"},\"primaryImageOfPage\":{\"@id\":\"https:\\\/\\\/madabouthorror.co.uk\\\/product\\\/texas-chainsaw-massacre-2-leatherface-1-6-scale-action-figure\\\/#primaryimage\"},\"image\":{\"@id\":\"https:\\\/\\\/madabouthorror.co.uk\\\/product\\\/texas-chainsaw-massacre-2-leatherface-1-6-scale-action-figure\\\/#primaryimage\"},\"thumbnailUrl\":\"https:\\\/\\\/madabouthorror.co.uk\\\/wp-content\\\/uploads\\\/2023\\\/03\\\/texas_chainsaw_2_leatherface_figure_tots.jpg\",\"datePublished\":\"2023-03-02T11:50:13+00:00\",\"dateModified\":\"2026-04-02T08:39:27+00:00\",\"description\":\"Texas Chainsaw Massacre 2 - Leatherface 1\\\/6 Scale Action Figure. Official UK Stockist of Trick or Treat Studios. Shop Horror collectibles, UK Stock.\",\"breadcrumb\":{\"@id\":\"https:\\\/\\\/madabouthorror.co.uk\\\/product\\\/texas-chainsaw-massacre-2-leatherface-1-6-scale-action-figure\\\/#breadcrumb\"},\"inLanguage\":\"fr-FR\",\"potentialAction\":[{\"@type\":\"ReadAction\",\"target\":[\"https:\\\/\\\/madabouthorror.co.uk\\\/product\\\/texas-chainsaw-massacre-2-leatherface-1-6-scale-action-figure\\\/\"]}]},{\"@type\":\"ImageObject\",\"inLanguage\":\"fr-FR\",\"@id\":\"https:\\\/\\\/madabouthorror.co.uk\\\/product\\\/texas-chainsaw-massacre-2-leatherface-1-6-scale-action-figure\\\/#primaryimage\",\"url\":\"https:\\\/\\\/madabouthorror.co.uk\\\/wp-content\\\/uploads\\\/2023\\\/03\\\/texas_chainsaw_2_leatherface_figure_tots.jpg\",\"contentUrl\":\"https:\\\/\\\/madabouthorror.co.uk\\\/wp-content\\\/uploads\\\/2023\\\/03\\\/texas_chainsaw_2_leatherface_figure_tots.jpg\",\"width\":670,\"height\":670,\"caption\":\"Leatherface 1\\\/6 Figure\"},{\"@type\":\"BreadcrumbList\",\"@id\":\"https:\\\/\\\/madabouthorror.co.uk\\\/product\\\/texas-chainsaw-massacre-2-leatherface-1-6-scale-action-figure\\\/#breadcrumb\",\"itemListElement\":[{\"@type\":\"ListItem\",\"position\":1,\"name\":\"Shop\",\"item\":\"https:\\\/\\\/madabouthorror.co.uk\\\/shop\\\/\"},{\"@type\":\"ListItem\",\"position\":2,\"name\":\"Texas Chainsaw Massacre 2 &#8211; Leatherface 1\\\/6 Scale Action Figure\"}]},{\"@type\":\"WebSite\",\"@id\":\"https:\\\/\\\/madabouthorror.co.uk\\\/#website\",\"url\":\"https:\\\/\\\/madabouthorror.co.uk\\\/\",\"name\":\"Mad About Horror\",\"description\":\"\",\"publisher\":{\"@id\":\"https:\\\/\\\/madabouthorror.co.uk\\\/#organization\"},\"alternateName\":\"Mad About Horror Limited\",\"potentialAction\":[{\"@type\":\"SearchAction\",\"target\":{\"@type\":\"EntryPoint\",\"urlTemplate\":\"https:\\\/\\\/madabouthorror.co.uk\\\/?s={search_term_string}\"},\"query-input\":{\"@type\":\"PropertyValueSpecification\",\"valueRequired\":true,\"valueName\":\"search_term_string\"}}],\"inLanguage\":\"fr-FR\"},{\"@type\":\"Organization\",\"@id\":\"https:\\\/\\\/madabouthorror.co.uk\\\/#organization\",\"name\":\"Mad About Horror\",\"url\":\"https:\\\/\\\/madabouthorror.co.uk\\\/\",\"logo\":{\"@type\":\"ImageObject\",\"inLanguage\":\"fr-FR\",\"@id\":\"https:\\\/\\\/madabouthorror.co.uk\\\/#\\\/schema\\\/logo\\\/image\\\/\",\"url\":\"https:\\\/\\\/madabouthorror.co.uk\\\/wp-content\\\/uploads\\\/2024\\\/02\\\/cropped-Logo.png\",\"contentUrl\":\"https:\\\/\\\/madabouthorror.co.uk\\\/wp-content\\\/uploads\\\/2024\\\/02\\\/cropped-Logo.png\",\"width\":240,\"height\":88,\"caption\":\"Mad About Horror\"},\"image\":{\"@id\":\"https:\\\/\\\/madabouthorror.co.uk\\\/#\\\/schema\\\/logo\\\/image\\\/\"},\"sameAs\":[\"https:\\\/\\\/www.facebook.com\\\/madabouthorror\\\/\",\"https:\\\/\\\/www.instagram.com\\\/madabouthorror\\\/\",\"https:\\\/\\\/www.pinterest.co.uk\\\/madabouthorror\\\/\",\"https:\\\/\\\/www.youtube.com\\\/channel\\\/UCBooLOIxjoQ89dj6T5lWm_w\",\"https:\\\/\\\/www.tiktok.com\\\/@weremadabouthorror\"]}]}<\/script>\n<!-- \/ Yoast SEO plugin. -->","yoast_head_json":{"title":"Massacre \u00e0 la tron\u00e7onneuse 2 - Leatherface Figure \u00e0 l'\u00e9chelle 1\/6","description":"Massacre \u00e0 la tron\u00e7onneuse 2 - Leatherface Figure d'action \u00e0 l'\u00e9chelle 1\/6. Stockiste officiel de Trick or Treat Studios au Royaume-Uni. Boutique d'objets de collection d'horreur, stock\u00e9 au Royaume-Uni.","robots":{"index":"index","follow":"follow","max-snippet":"max-snippet:-1","max-image-preview":"max-image-preview:large","max-video-preview":"max-video-preview:-1"},"canonical":"https:\/\/madabouthorror.co.uk\/fr\/product\/texas-chainsaw-massacre-2-leatherface-1-6-scale-action-figure\/","og_locale":"fr_FR","og_type":"article","og_title":"Texas Chainsaw Massacre 2 - Leatherface 1\/6 Scale action Figure","og_description":"Texas Chainsaw Massacre 2 - Leatherface 1\/6 Scale Action Figure. Official UK Stockist of Trick or Treat Studios. Shop Horror collectibles, UK Stock.","og_url":"https:\/\/madabouthorror.co.uk\/fr\/product\/texas-chainsaw-massacre-2-leatherface-1-6-scale-action-figure\/","og_site_name":"Mad About Horror","article_publisher":"https:\/\/www.facebook.com\/madabouthorror\/","article_modified_time":"2026-04-02T08:39:27+00:00","og_image":[{"width":670,"height":670,"url":"https:\/\/madabouthorror.co.uk\/wp-content\/uploads\/2023\/03\/texas_chainsaw_2_leatherface_figure_tots.jpg","type":"image\/jpeg"}],"twitter_card":"summary_large_image","twitter_misc":{"Dur\u00e9e de lecture estim\u00e9e":"1 minute"},"schema":{"@context":"https:\/\/schema.org","@graph":[{"@type":["WebPage","ItemPage"],"@id":"https:\/\/madabouthorror.co.uk\/product\/texas-chainsaw-massacre-2-leatherface-1-6-scale-action-figure\/","url":"https:\/\/madabouthorror.co.uk\/product\/texas-chainsaw-massacre-2-leatherface-1-6-scale-action-figure\/","name":"Massacre \u00e0 la tron\u00e7onneuse 2 - Leatherface Figure \u00e0 l'\u00e9chelle 1\/6","isPartOf":{"@id":"https:\/\/madabouthorror.co.uk\/#website"},"primaryImageOfPage":{"@id":"https:\/\/madabouthorror.co.uk\/product\/texas-chainsaw-massacre-2-leatherface-1-6-scale-action-figure\/#primaryimage"},"image":{"@id":"https:\/\/madabouthorror.co.uk\/product\/texas-chainsaw-massacre-2-leatherface-1-6-scale-action-figure\/#primaryimage"},"thumbnailUrl":"https:\/\/madabouthorror.co.uk\/wp-content\/uploads\/2023\/03\/texas_chainsaw_2_leatherface_figure_tots.jpg","datePublished":"2023-03-02T11:50:13+00:00","dateModified":"2026-04-02T08:39:27+00:00","description":"Massacre \u00e0 la tron\u00e7onneuse 2 - Leatherface Figure d'action \u00e0 l'\u00e9chelle 1\/6. Stockiste officiel de Trick or Treat Studios au Royaume-Uni. Boutique d'objets de collection d'horreur, stock\u00e9 au Royaume-Uni.","breadcrumb":{"@id":"https:\/\/madabouthorror.co.uk\/product\/texas-chainsaw-massacre-2-leatherface-1-6-scale-action-figure\/#breadcrumb"},"inLanguage":"fr-FR","potentialAction":[{"@type":"ReadAction","target":["https:\/\/madabouthorror.co.uk\/product\/texas-chainsaw-massacre-2-leatherface-1-6-scale-action-figure\/"]}]},{"@type":"ImageObject","inLanguage":"fr-FR","@id":"https:\/\/madabouthorror.co.uk\/product\/texas-chainsaw-massacre-2-leatherface-1-6-scale-action-figure\/#primaryimage","url":"https:\/\/madabouthorror.co.uk\/wp-content\/uploads\/2023\/03\/texas_chainsaw_2_leatherface_figure_tots.jpg","contentUrl":"https:\/\/madabouthorror.co.uk\/wp-content\/uploads\/2023\/03\/texas_chainsaw_2_leatherface_figure_tots.jpg","width":670,"height":670,"caption":"Leatherface 1\/6 Figure"},{"@type":"BreadcrumbList","@id":"https:\/\/madabouthorror.co.uk\/product\/texas-chainsaw-massacre-2-leatherface-1-6-scale-action-figure\/#breadcrumb","itemListElement":[{"@type":"ListItem","position":1,"name":"Shop","item":"https:\/\/madabouthorror.co.uk\/shop\/"},{"@type":"ListItem","position":2,"name":"Texas Chainsaw Massacre 2 &#8211; Leatherface 1\/6 Scale Action Figure"}]},{"@type":"WebSite","@id":"https:\/\/madabouthorror.co.uk\/#website","url":"https:\/\/madabouthorror.co.uk\/","name":"L'horreur en folie","description":"","publisher":{"@id":"https:\/\/madabouthorror.co.uk\/#organization"},"alternateName":"Mad About Horror Limited","potentialAction":[{"@type":"SearchAction","target":{"@type":"EntryPoint","urlTemplate":"https:\/\/madabouthorror.co.uk\/?s={search_term_string}"},"query-input":{"@type":"PropertyValueSpecification","valueRequired":true,"valueName":"search_term_string"}}],"inLanguage":"fr-FR"},{"@type":"Organization","@id":"https:\/\/madabouthorror.co.uk\/#organization","name":"L'horreur en folie","url":"https:\/\/madabouthorror.co.uk\/","logo":{"@type":"ImageObject","inLanguage":"fr-FR","@id":"https:\/\/madabouthorror.co.uk\/#\/schema\/logo\/image\/","url":"https:\/\/madabouthorror.co.uk\/wp-content\/uploads\/2024\/02\/cropped-Logo.png","contentUrl":"https:\/\/madabouthorror.co.uk\/wp-content\/uploads\/2024\/02\/cropped-Logo.png","width":240,"height":88,"caption":"Mad About Horror"},"image":{"@id":"https:\/\/madabouthorror.co.uk\/#\/schema\/logo\/image\/"},"sameAs":["https:\/\/www.facebook.com\/madabouthorror\/","https:\/\/www.instagram.com\/madabouthorror\/","https:\/\/www.pinterest.co.uk\/madabouthorror\/","https:\/\/www.youtube.com\/channel\/UCBooLOIxjoQ89dj6T5lWm_w","https:\/\/www.tiktok.com\/@weremadabouthorror"]}]}},"df_price":166.62,"df_sale_price":"","df_regular_price":166.62,"df_image_link":"https:\/\/madabouthorror.co.uk\/wp-content\/uploads\/2023\/03\/texas_chainsaw_2_leatherface_figure_tots-300x300.jpg","_links":{"self":[{"href":"https:\/\/madabouthorror.co.uk\/fr\/wp-json\/wp\/v2\/product\/127502","targetHints":{"allow":["GET"]}}],"collection":[{"href":"https:\/\/madabouthorror.co.uk\/fr\/wp-json\/wp\/v2\/product"}],"about":[{"href":"https:\/\/madabouthorror.co.uk\/fr\/wp-json\/wp\/v2\/types\/product"}],"replies":[{"embeddable":true,"href":"https:\/\/madabouthorror.co.uk\/fr\/wp-json\/wp\/v2\/comments?post=127502"}],"wp:featuredmedia":[{"embeddable":true,"href":"https:\/\/madabouthorror.co.uk\/fr\/wp-json\/wp\/v2\/media\/127497"}],"wp:attachment":[{"href":"https:\/\/madabouthorror.co.uk\/fr\/wp-json\/wp\/v2\/media?parent=127502"}],"wp:term":[{"taxonomy":"product_brand","embeddable":true,"href":"https:\/\/madabouthorror.co.uk\/fr\/wp-json\/wp\/v2\/product_brand?post=127502"},{"taxonomy":"product_cat","embeddable":true,"href":"https:\/\/madabouthorror.co.uk\/fr\/wp-json\/wp\/v2\/product_cat?post=127502"},{"taxonomy":"product_tag","embeddable":true,"href":"https:\/\/madabouthorror.co.uk\/fr\/wp-json\/wp\/v2\/product_tag?post=127502"}],"curies":[{"name":"wp","href":"https:\/\/api.w.org\/{rel}","templated":true}]}}