{"id":127525,"date":"2023-03-03T15:45:32","date_gmt":"2023-03-03T15:45:32","guid":{"rendered":"https:\/\/mah.6bdv.ws\/product\/nightowl-skull-mask-white\/"},"modified":"2026-04-02T09:39:17","modified_gmt":"2026-04-02T08:39:17","slug":"nightowl-skull-mask-white","status":"publish","type":"product","link":"https:\/\/madabouthorror.co.uk\/fr\/product\/nightowl-skull-mask-white\/","title":{"rendered":"Masque de cr\u00e2ne Nightowl - Blanc"},"content":{"rendered":"<p>Sculpt\u00e9e par Justin Mabry.<\/p>\n<p>Un masque de cr\u00e2ne est un must absolu pour toute collection de masques d'Halloween et Trick or Treat Studios a tout ce qu'il vous faut !<\/p>\n<p>Notre cr\u00e2ne Nightowl en blanc, sculpt\u00e9 \u00e0 partir de r\u00e9f\u00e9rences et de dimensions r\u00e9elles de cr\u00e2nes humains et m\u00e9lang\u00e9 aux masques de cr\u00e2ne classiques des studios Don Post des ann\u00e9es 1970, est un r\u00eave pour les collectionneurs.<\/p>\n<p>Chaque d\u00e9tail du cr\u00e2ne humain, y compris la maladie parodontale, la r\u00e9sorption alv\u00e9olaire mod\u00e9r\u00e9e de certaines alv\u00e9oles dentaires, la r\u00e9gion sus-orbitaire et les foramena pro\u00e9minents, la suture m\u00e9topique, le bossage pari\u00e9tal et le rep\u00e8re cr\u00e2nien lambda (situ\u00e9 sur la surface ectocr\u00e2nienne post\u00e9rieure \u00e0 l'intersection entre les sutures sagittale et lamdo\u00efdale), est repr\u00e9sent\u00e9 ici.<\/p>\n<p>Vous voyez, c'est exact !<\/p>","protected":false},"excerpt":{"rendered":"<p>Sculpt\u00e9 par Justin Mabry. Un masque de cr\u00e2ne est un must absolu pour toute collection de masques d'Halloween et Trick or Treat Studios a tout ce qu'il vous faut ! Notre Nightowl Skull en blanc, sculpt\u00e9 \u00e0 partir de r\u00e9f\u00e9rences et de dimensions r\u00e9elles de cr\u00e2nes humains et m\u00e9lang\u00e9 avec les masques de cr\u00e2ne classiques des ann\u00e9es 1970 de Don Post Studios, est un [...]<\/p>","protected":false},"featured_media":127524,"comment_status":"closed","ping_status":"closed","template":"","meta":{"_acf_changed":false},"product_brand":[],"product_cat":[10096,10102,10038,9962,6541,6966,6792],"product_tag":[],"class_list":{"0":"post-127525","1":"product","2":"type-product","3":"status-publish","4":"has-post-thumbnail","6":"product_cat-skeleton-masks","7":"product_cat-skull-masks","8":"product_cat-horror-gifts","9":"product_cat-trick-or-treat-studios-masks","10":"product_cat-masks","11":"product_cat-masks-skeletons-reapers","12":"product_cat-trick-or-treat-studios","14":"first","15":"outofstock","16":"taxable","17":"shipping-taxable","18":"purchasable","19":"product-type-simple"},"supplier_id":467429,"supplier_sku":"JM106","barcode":"853270003703","atum_controlled":true,"out_stock_date":"2025-08-13 14:22:34","out_stock_threshold":null,"inheritable":false,"inbound_stock":5,"stock_on_hold":0,"sold_today":0,"sales_last_days":0,"reserved_stock":0,"customer_returns":0,"warehouse_damage":0,"lost_in_post":0,"other_logs":0,"out_stock_days":234,"lost_sales":2204,"has_location":false,"update_date":"2026-04-05T01:27:11","atum_locations":[],"atum_stock_status":"outofstock","restock_status":false,"low_stock_amount":1,"sales_update_date":"2026-04-05T01:27:10","calc_backorders":null,"acf":[],"yoast_head":"<!-- This site is optimized with the Yoast SEO plugin v27.3 - https:\/\/yoast.com\/product\/yoast-seo-wordpress\/ -->\n<title>Nightowl Bone Skull Mask - Trick or Treat Studios<\/title>\n<meta name=\"description\" content=\"Trick or Treat Studios official UK Stockist - Mad About Horror. Huge range of licensed masks, collectibles and merchandise. Dispatch from UK stock.\" \/>\n<meta name=\"robots\" content=\"index, follow, max-snippet:-1, max-image-preview:large, max-video-preview:-1\" \/>\n<link rel=\"canonical\" href=\"https:\/\/madabouthorror.co.uk\/fr\/product\/nightowl-skull-mask-white\/\" \/>\n<meta property=\"og:locale\" content=\"fr_FR\" \/>\n<meta property=\"og:type\" content=\"article\" \/>\n<meta property=\"og:title\" content=\"Nightowl Bone Skull Mask - Trick or Treat Studios\" \/>\n<meta property=\"og:description\" content=\"Trick or Treat Studios official UK Stockist - Mad About Horror. Huge range of licensed masks, collectibles and merchandise. Dispatch from UK stock.\" \/>\n<meta property=\"og:url\" content=\"https:\/\/madabouthorror.co.uk\/fr\/product\/nightowl-skull-mask-white\/\" \/>\n<meta property=\"og:site_name\" content=\"Mad About Horror\" \/>\n<meta property=\"article:publisher\" content=\"https:\/\/www.facebook.com\/madabouthorror\/\" \/>\n<meta property=\"article:modified_time\" content=\"2026-04-02T08:39:17+00:00\" \/>\n<meta property=\"og:image\" content=\"https:\/\/madabouthorror.co.uk\/wp-content\/uploads\/2023\/03\/tots_nightowl_bone_mask.jpg\" \/>\n\t<meta property=\"og:image:width\" content=\"670\" \/>\n\t<meta property=\"og:image:height\" content=\"670\" \/>\n\t<meta property=\"og:image:type\" content=\"image\/jpeg\" \/>\n<meta name=\"twitter:card\" content=\"summary_large_image\" \/>\n<meta name=\"twitter:label1\" content=\"Dur\u00e9e de lecture estim\u00e9e\" \/>\n\t<meta name=\"twitter:data1\" content=\"1 minute\" \/>\n<script type=\"application\/ld+json\" class=\"yoast-schema-graph\">{\"@context\":\"https:\\\/\\\/schema.org\",\"@graph\":[{\"@type\":[\"WebPage\",\"ItemPage\"],\"@id\":\"https:\\\/\\\/madabouthorror.co.uk\\\/product\\\/nightowl-skull-mask-white\\\/\",\"url\":\"https:\\\/\\\/madabouthorror.co.uk\\\/product\\\/nightowl-skull-mask-white\\\/\",\"name\":\"Nightowl Bone Skull Mask - Trick or Treat Studios\",\"isPartOf\":{\"@id\":\"https:\\\/\\\/madabouthorror.co.uk\\\/#website\"},\"primaryImageOfPage\":{\"@id\":\"https:\\\/\\\/madabouthorror.co.uk\\\/product\\\/nightowl-skull-mask-white\\\/#primaryimage\"},\"image\":{\"@id\":\"https:\\\/\\\/madabouthorror.co.uk\\\/product\\\/nightowl-skull-mask-white\\\/#primaryimage\"},\"thumbnailUrl\":\"https:\\\/\\\/madabouthorror.co.uk\\\/wp-content\\\/uploads\\\/2023\\\/03\\\/tots_nightowl_bone_mask.jpg\",\"datePublished\":\"2023-03-03T15:45:32+00:00\",\"dateModified\":\"2026-04-02T08:39:17+00:00\",\"description\":\"Trick or Treat Studios official UK Stockist - Mad About Horror. Huge range of licensed masks, collectibles and merchandise. Dispatch from UK stock.\",\"breadcrumb\":{\"@id\":\"https:\\\/\\\/madabouthorror.co.uk\\\/product\\\/nightowl-skull-mask-white\\\/#breadcrumb\"},\"inLanguage\":\"fr-FR\",\"potentialAction\":[{\"@type\":\"ReadAction\",\"target\":[\"https:\\\/\\\/madabouthorror.co.uk\\\/product\\\/nightowl-skull-mask-white\\\/\"]}]},{\"@type\":\"ImageObject\",\"inLanguage\":\"fr-FR\",\"@id\":\"https:\\\/\\\/madabouthorror.co.uk\\\/product\\\/nightowl-skull-mask-white\\\/#primaryimage\",\"url\":\"https:\\\/\\\/madabouthorror.co.uk\\\/wp-content\\\/uploads\\\/2023\\\/03\\\/tots_nightowl_bone_mask.jpg\",\"contentUrl\":\"https:\\\/\\\/madabouthorror.co.uk\\\/wp-content\\\/uploads\\\/2023\\\/03\\\/tots_nightowl_bone_mask.jpg\",\"width\":670,\"height\":670,\"caption\":\"Nightowl Bone Skull Mask - Trick or Treat Studios\"},{\"@type\":\"BreadcrumbList\",\"@id\":\"https:\\\/\\\/madabouthorror.co.uk\\\/product\\\/nightowl-skull-mask-white\\\/#breadcrumb\",\"itemListElement\":[{\"@type\":\"ListItem\",\"position\":1,\"name\":\"Shop\",\"item\":\"https:\\\/\\\/madabouthorror.co.uk\\\/shop\\\/\"},{\"@type\":\"ListItem\",\"position\":2,\"name\":\"Nightowl Skull Mask &#8211; White\"}]},{\"@type\":\"WebSite\",\"@id\":\"https:\\\/\\\/madabouthorror.co.uk\\\/#website\",\"url\":\"https:\\\/\\\/madabouthorror.co.uk\\\/\",\"name\":\"Mad About Horror\",\"description\":\"\",\"publisher\":{\"@id\":\"https:\\\/\\\/madabouthorror.co.uk\\\/#organization\"},\"alternateName\":\"Mad About Horror Limited\",\"potentialAction\":[{\"@type\":\"SearchAction\",\"target\":{\"@type\":\"EntryPoint\",\"urlTemplate\":\"https:\\\/\\\/madabouthorror.co.uk\\\/?s={search_term_string}\"},\"query-input\":{\"@type\":\"PropertyValueSpecification\",\"valueRequired\":true,\"valueName\":\"search_term_string\"}}],\"inLanguage\":\"fr-FR\"},{\"@type\":\"Organization\",\"@id\":\"https:\\\/\\\/madabouthorror.co.uk\\\/#organization\",\"name\":\"Mad About Horror\",\"url\":\"https:\\\/\\\/madabouthorror.co.uk\\\/\",\"logo\":{\"@type\":\"ImageObject\",\"inLanguage\":\"fr-FR\",\"@id\":\"https:\\\/\\\/madabouthorror.co.uk\\\/#\\\/schema\\\/logo\\\/image\\\/\",\"url\":\"https:\\\/\\\/madabouthorror.co.uk\\\/wp-content\\\/uploads\\\/2024\\\/02\\\/cropped-Logo.png\",\"contentUrl\":\"https:\\\/\\\/madabouthorror.co.uk\\\/wp-content\\\/uploads\\\/2024\\\/02\\\/cropped-Logo.png\",\"width\":240,\"height\":88,\"caption\":\"Mad About Horror\"},\"image\":{\"@id\":\"https:\\\/\\\/madabouthorror.co.uk\\\/#\\\/schema\\\/logo\\\/image\\\/\"},\"sameAs\":[\"https:\\\/\\\/www.facebook.com\\\/madabouthorror\\\/\",\"https:\\\/\\\/www.instagram.com\\\/madabouthorror\\\/\",\"https:\\\/\\\/www.pinterest.co.uk\\\/madabouthorror\\\/\",\"https:\\\/\\\/www.youtube.com\\\/channel\\\/UCBooLOIxjoQ89dj6T5lWm_w\",\"https:\\\/\\\/www.tiktok.com\\\/@weremadabouthorror\"]}]}<\/script>\n<!-- \/ Yoast SEO plugin. -->","yoast_head_json":{"title":"Masque de cr\u00e2ne osseux Nightowl - Trick or Treat Studios","description":"Trick or Treat Studios est le revendeur officiel au Royaume-Uni - Mad About Horror. Vaste gamme de masques, d'objets de collection et de marchandises sous licence. Exp\u00e9dition \u00e0 partir du stock britannique.","robots":{"index":"index","follow":"follow","max-snippet":"max-snippet:-1","max-image-preview":"max-image-preview:large","max-video-preview":"max-video-preview:-1"},"canonical":"https:\/\/madabouthorror.co.uk\/fr\/product\/nightowl-skull-mask-white\/","og_locale":"fr_FR","og_type":"article","og_title":"Nightowl Bone Skull Mask - Trick or Treat Studios","og_description":"Trick or Treat Studios official UK Stockist - Mad About Horror. Huge range of licensed masks, collectibles and merchandise. Dispatch from UK stock.","og_url":"https:\/\/madabouthorror.co.uk\/fr\/product\/nightowl-skull-mask-white\/","og_site_name":"Mad About Horror","article_publisher":"https:\/\/www.facebook.com\/madabouthorror\/","article_modified_time":"2026-04-02T08:39:17+00:00","og_image":[{"width":670,"height":670,"url":"https:\/\/madabouthorror.co.uk\/wp-content\/uploads\/2023\/03\/tots_nightowl_bone_mask.jpg","type":"image\/jpeg"}],"twitter_card":"summary_large_image","twitter_misc":{"Dur\u00e9e de lecture estim\u00e9e":"1 minute"},"schema":{"@context":"https:\/\/schema.org","@graph":[{"@type":["WebPage","ItemPage"],"@id":"https:\/\/madabouthorror.co.uk\/product\/nightowl-skull-mask-white\/","url":"https:\/\/madabouthorror.co.uk\/product\/nightowl-skull-mask-white\/","name":"Masque de cr\u00e2ne osseux Nightowl - Trick or Treat Studios","isPartOf":{"@id":"https:\/\/madabouthorror.co.uk\/#website"},"primaryImageOfPage":{"@id":"https:\/\/madabouthorror.co.uk\/product\/nightowl-skull-mask-white\/#primaryimage"},"image":{"@id":"https:\/\/madabouthorror.co.uk\/product\/nightowl-skull-mask-white\/#primaryimage"},"thumbnailUrl":"https:\/\/madabouthorror.co.uk\/wp-content\/uploads\/2023\/03\/tots_nightowl_bone_mask.jpg","datePublished":"2023-03-03T15:45:32+00:00","dateModified":"2026-04-02T08:39:17+00:00","description":"Trick or Treat Studios est le revendeur officiel au Royaume-Uni - Mad About Horror. Vaste gamme de masques, d'objets de collection et de marchandises sous licence. Exp\u00e9dition \u00e0 partir du stock britannique.","breadcrumb":{"@id":"https:\/\/madabouthorror.co.uk\/product\/nightowl-skull-mask-white\/#breadcrumb"},"inLanguage":"fr-FR","potentialAction":[{"@type":"ReadAction","target":["https:\/\/madabouthorror.co.uk\/product\/nightowl-skull-mask-white\/"]}]},{"@type":"ImageObject","inLanguage":"fr-FR","@id":"https:\/\/madabouthorror.co.uk\/product\/nightowl-skull-mask-white\/#primaryimage","url":"https:\/\/madabouthorror.co.uk\/wp-content\/uploads\/2023\/03\/tots_nightowl_bone_mask.jpg","contentUrl":"https:\/\/madabouthorror.co.uk\/wp-content\/uploads\/2023\/03\/tots_nightowl_bone_mask.jpg","width":670,"height":670,"caption":"Nightowl Bone Skull Mask - Trick or Treat Studios"},{"@type":"BreadcrumbList","@id":"https:\/\/madabouthorror.co.uk\/product\/nightowl-skull-mask-white\/#breadcrumb","itemListElement":[{"@type":"ListItem","position":1,"name":"Shop","item":"https:\/\/madabouthorror.co.uk\/shop\/"},{"@type":"ListItem","position":2,"name":"Nightowl Skull Mask &#8211; White"}]},{"@type":"WebSite","@id":"https:\/\/madabouthorror.co.uk\/#website","url":"https:\/\/madabouthorror.co.uk\/","name":"L'horreur en folie","description":"","publisher":{"@id":"https:\/\/madabouthorror.co.uk\/#organization"},"alternateName":"Mad About Horror Limited","potentialAction":[{"@type":"SearchAction","target":{"@type":"EntryPoint","urlTemplate":"https:\/\/madabouthorror.co.uk\/?s={search_term_string}"},"query-input":{"@type":"PropertyValueSpecification","valueRequired":true,"valueName":"search_term_string"}}],"inLanguage":"fr-FR"},{"@type":"Organization","@id":"https:\/\/madabouthorror.co.uk\/#organization","name":"L'horreur en folie","url":"https:\/\/madabouthorror.co.uk\/","logo":{"@type":"ImageObject","inLanguage":"fr-FR","@id":"https:\/\/madabouthorror.co.uk\/#\/schema\/logo\/image\/","url":"https:\/\/madabouthorror.co.uk\/wp-content\/uploads\/2024\/02\/cropped-Logo.png","contentUrl":"https:\/\/madabouthorror.co.uk\/wp-content\/uploads\/2024\/02\/cropped-Logo.png","width":240,"height":88,"caption":"Mad About Horror"},"image":{"@id":"https:\/\/madabouthorror.co.uk\/#\/schema\/logo\/image\/"},"sameAs":["https:\/\/www.facebook.com\/madabouthorror\/","https:\/\/www.instagram.com\/madabouthorror\/","https:\/\/www.pinterest.co.uk\/madabouthorror\/","https:\/\/www.youtube.com\/channel\/UCBooLOIxjoQ89dj6T5lWm_w","https:\/\/www.tiktok.com\/@weremadabouthorror"]}]}},"df_price":57.24,"df_sale_price":"","df_regular_price":57.24,"df_image_link":"https:\/\/madabouthorror.co.uk\/wp-content\/uploads\/2023\/03\/tots_nightowl_bone_mask-300x300.jpg","_links":{"self":[{"href":"https:\/\/madabouthorror.co.uk\/fr\/wp-json\/wp\/v2\/product\/127525","targetHints":{"allow":["GET"]}}],"collection":[{"href":"https:\/\/madabouthorror.co.uk\/fr\/wp-json\/wp\/v2\/product"}],"about":[{"href":"https:\/\/madabouthorror.co.uk\/fr\/wp-json\/wp\/v2\/types\/product"}],"replies":[{"embeddable":true,"href":"https:\/\/madabouthorror.co.uk\/fr\/wp-json\/wp\/v2\/comments?post=127525"}],"wp:featuredmedia":[{"embeddable":true,"href":"https:\/\/madabouthorror.co.uk\/fr\/wp-json\/wp\/v2\/media\/127524"}],"wp:attachment":[{"href":"https:\/\/madabouthorror.co.uk\/fr\/wp-json\/wp\/v2\/media?parent=127525"}],"wp:term":[{"taxonomy":"product_brand","embeddable":true,"href":"https:\/\/madabouthorror.co.uk\/fr\/wp-json\/wp\/v2\/product_brand?post=127525"},{"taxonomy":"product_cat","embeddable":true,"href":"https:\/\/madabouthorror.co.uk\/fr\/wp-json\/wp\/v2\/product_cat?post=127525"},{"taxonomy":"product_tag","embeddable":true,"href":"https:\/\/madabouthorror.co.uk\/fr\/wp-json\/wp\/v2\/product_tag?post=127525"}],"curies":[{"name":"wp","href":"https:\/\/api.w.org\/{rel}","templated":true}]}}