{"id":127587,"date":"2023-03-10T10:00:45","date_gmt":"2023-03-10T10:00:45","guid":{"rendered":"https:\/\/mah.6bdv.ws\/product\/toxic-crusaders-toxie-5-action-figure\/"},"modified":"2026-04-02T09:39:34","modified_gmt":"2026-04-02T08:39:34","slug":"toxic-crusaders-toxie-5-action-figure","status":"publish","type":"product","link":"https:\/\/madabouthorror.co.uk\/fr\/product\/toxic-crusaders-toxie-5-action-figure\/","title":{"rendered":"Toxic Crusaders - Toxie 5\u2033 Action Figure"},"content":{"rendered":"<p>D\u00e9velopp\u00e9 par Justin Mabry et Michelle Varner.<\/p>\n<p>Il est temps de devenir Radioactive Ugly ! Les studios Trick or Treat, en association avec Troma Entertainment, sont ravis de vous pr\u00e9senter cette toute nouvelle figurine Toxic Crusaders Toxie 5\u2033 !<\/p>\n<p>Cette figurine de Toxie a \u00e9t\u00e9 d\u00e9velopp\u00e9e avec l'aide de Varner Studios, qui a con\u00e7u la ligne de jouets Toxic Crusaders des ann\u00e9es 90 ! Le sympathique h\u00e9ros \u00e0 t\u00eate grumeleuse Toxie est \u00e9quip\u00e9 d'un bouclier, d'un bandoli\u00e8re toxique, d'un baril de d\u00e9chets toxiques et d'une arme secr\u00e8te \u00e0 l'\u00e9preuve de la lumi\u00e8re, ainsi que de SLIME !<\/p>","protected":false},"excerpt":{"rendered":"<p>D\u00e9velopp\u00e9 par Justin Mabry et Michelle Varner. Il est temps de devenir Radioactive Ugly ! Les studios Trick or Treat, en association avec Troma Entertainment, sont ravis de vous pr\u00e9senter la toute nouvelle figurine Toxic Crusaders Toxie 5\u2033 ! Cette figurine de Toxie a \u00e9t\u00e9 d\u00e9velopp\u00e9e avec l'aide de Varner Studios, qui a con\u00e7u la figurine originale de Toxic Crusaders [...]<\/p>","protected":false},"featured_media":127577,"comment_status":"closed","ping_status":"closed","template":"","meta":{"_acf_changed":false},"product_brand":[],"product_cat":[10043,6538,10075,10039,10041,6537,10038,6792,7005],"product_tag":[],"class_list":{"0":"post-127587","1":"product","2":"type-product","3":"status-publish","4":"has-post-thumbnail","6":"product_cat-5-figures","7":"product_cat-figures","8":"product_cat-action-figures","9":"product_cat-stocking-fillers","10":"product_cat-gifts-under-50","11":"product_cat-collectibles","12":"product_cat-horror-gifts","13":"product_cat-trick-or-treat-studios","14":"product_cat-thetoxicavenger","15":"product_shipping_class-small-parcel-economy-3-5-business-days","16":"pa_brand-trickortreatstudios","17":"pa_character-thetoxicavenger","18":"pa_google_tax-ba-artsentertainmenthobbiescr","20":"first","21":"instock","22":"taxable","23":"shipping-taxable","24":"purchasable","25":"product-type-simple"},"supplier_id":471029,"supplier_sku":"TTTE103","barcode":"810116280872","atum_controlled":true,"out_stock_date":null,"out_stock_threshold":null,"inheritable":false,"inbound_stock":2,"stock_on_hold":0,"sold_today":0,"sales_last_days":0,"reserved_stock":0,"customer_returns":0,"warehouse_damage":0,"lost_in_post":0,"other_logs":0,"out_stock_days":0,"lost_sales":0,"has_location":false,"update_date":"2026-04-14T01:57:46","atum_locations":[],"atum_stock_status":"instock","restock_status":false,"low_stock_amount":2,"sales_update_date":"2026-04-14T01:57:45","calc_backorders":null,"acf":[],"yoast_head":"<!-- This site is optimized with the Yoast SEO plugin v27.3 - https:\/\/yoast.com\/product\/yoast-seo-wordpress\/ -->\n<title>Toxic Crusaders - Toxie 5&quot; Action Figure<\/title>\n<meta name=\"description\" content=\"Officially licensed Horror Masks &amp; Collectibles from the UK&#039;s horror specialist Mad About Horror. Huge range of NECA, Mezco, Treat Studios and many more great brands. Fast delivery, UK stock.\" \/>\n<meta name=\"robots\" content=\"index, follow, max-snippet:-1, max-image-preview:large, max-video-preview:-1\" \/>\n<link rel=\"canonical\" href=\"https:\/\/madabouthorror.co.uk\/fr\/product\/toxic-crusaders-toxie-5-action-figure\/\" \/>\n<meta property=\"og:locale\" content=\"fr_FR\" \/>\n<meta property=\"og:type\" content=\"article\" \/>\n<meta property=\"og:title\" content=\"Toxic Crusaders - Toxie 5&quot; Action Figure\" \/>\n<meta property=\"og:description\" content=\"Officially licensed Horror Masks &amp; Collectibles from the UK&#039;s horror specialist Mad About Horror. Huge range of NECA, Mezco, Treat Studios and many more great brands. Fast delivery, UK stock.\" \/>\n<meta property=\"og:url\" content=\"https:\/\/madabouthorror.co.uk\/fr\/product\/toxic-crusaders-toxie-5-action-figure\/\" \/>\n<meta property=\"og:site_name\" content=\"Mad About Horror\" \/>\n<meta property=\"article:publisher\" content=\"https:\/\/www.facebook.com\/madabouthorror\/\" \/>\n<meta property=\"article:modified_time\" content=\"2026-04-02T08:39:34+00:00\" \/>\n<meta property=\"og:image\" content=\"https:\/\/madabouthorror.co.uk\/wp-content\/uploads\/2023\/03\/tots_toxie_5_22_10.jpg\" \/>\n\t<meta property=\"og:image:width\" content=\"650\" \/>\n\t<meta property=\"og:image:height\" content=\"650\" \/>\n\t<meta property=\"og:image:type\" content=\"image\/jpeg\" \/>\n<meta name=\"twitter:card\" content=\"summary_large_image\" \/>\n<meta name=\"twitter:label1\" content=\"Dur\u00e9e de lecture estim\u00e9e\" \/>\n\t<meta name=\"twitter:data1\" content=\"1 minute\" \/>\n<script type=\"application\/ld+json\" class=\"yoast-schema-graph\">{\"@context\":\"https:\\\/\\\/schema.org\",\"@graph\":[{\"@type\":[\"WebPage\",\"ItemPage\"],\"@id\":\"https:\\\/\\\/madabouthorror.co.uk\\\/product\\\/toxic-crusaders-toxie-5-action-figure\\\/\",\"url\":\"https:\\\/\\\/madabouthorror.co.uk\\\/product\\\/toxic-crusaders-toxie-5-action-figure\\\/\",\"name\":\"Toxic Crusaders - Toxie 5\\\" Action Figure\",\"isPartOf\":{\"@id\":\"https:\\\/\\\/madabouthorror.co.uk\\\/#website\"},\"primaryImageOfPage\":{\"@id\":\"https:\\\/\\\/madabouthorror.co.uk\\\/product\\\/toxic-crusaders-toxie-5-action-figure\\\/#primaryimage\"},\"image\":{\"@id\":\"https:\\\/\\\/madabouthorror.co.uk\\\/product\\\/toxic-crusaders-toxie-5-action-figure\\\/#primaryimage\"},\"thumbnailUrl\":\"https:\\\/\\\/madabouthorror.co.uk\\\/wp-content\\\/uploads\\\/2023\\\/03\\\/tots_toxie_5_22_10.jpg\",\"datePublished\":\"2023-03-10T10:00:45+00:00\",\"dateModified\":\"2026-04-02T08:39:34+00:00\",\"description\":\"Officially licensed Horror Masks & Collectibles from the UK's horror specialist Mad About Horror. Huge range of NECA, Mezco, Treat Studios and many more great brands. Fast delivery, UK stock.\",\"breadcrumb\":{\"@id\":\"https:\\\/\\\/madabouthorror.co.uk\\\/product\\\/toxic-crusaders-toxie-5-action-figure\\\/#breadcrumb\"},\"inLanguage\":\"fr-FR\",\"potentialAction\":[{\"@type\":\"ReadAction\",\"target\":[\"https:\\\/\\\/madabouthorror.co.uk\\\/product\\\/toxic-crusaders-toxie-5-action-figure\\\/\"]}]},{\"@type\":\"ImageObject\",\"inLanguage\":\"fr-FR\",\"@id\":\"https:\\\/\\\/madabouthorror.co.uk\\\/product\\\/toxic-crusaders-toxie-5-action-figure\\\/#primaryimage\",\"url\":\"https:\\\/\\\/madabouthorror.co.uk\\\/wp-content\\\/uploads\\\/2023\\\/03\\\/tots_toxie_5_22_10.jpg\",\"contentUrl\":\"https:\\\/\\\/madabouthorror.co.uk\\\/wp-content\\\/uploads\\\/2023\\\/03\\\/tots_toxie_5_22_10.jpg\",\"width\":650,\"height\":650,\"caption\":\"Toxic Crusaders - Toxie 5\\\" Action Figure\"},{\"@type\":\"BreadcrumbList\",\"@id\":\"https:\\\/\\\/madabouthorror.co.uk\\\/product\\\/toxic-crusaders-toxie-5-action-figure\\\/#breadcrumb\",\"itemListElement\":[{\"@type\":\"ListItem\",\"position\":1,\"name\":\"Shop\",\"item\":\"https:\\\/\\\/madabouthorror.co.uk\\\/shop\\\/\"},{\"@type\":\"ListItem\",\"position\":2,\"name\":\"Toxic Crusaders &#8211; Toxie 5&#8243; Action Figure\"}]},{\"@type\":\"WebSite\",\"@id\":\"https:\\\/\\\/madabouthorror.co.uk\\\/#website\",\"url\":\"https:\\\/\\\/madabouthorror.co.uk\\\/\",\"name\":\"Mad About Horror\",\"description\":\"\",\"publisher\":{\"@id\":\"https:\\\/\\\/madabouthorror.co.uk\\\/#organization\"},\"alternateName\":\"Mad About Horror Limited\",\"potentialAction\":[{\"@type\":\"SearchAction\",\"target\":{\"@type\":\"EntryPoint\",\"urlTemplate\":\"https:\\\/\\\/madabouthorror.co.uk\\\/?s={search_term_string}\"},\"query-input\":{\"@type\":\"PropertyValueSpecification\",\"valueRequired\":true,\"valueName\":\"search_term_string\"}}],\"inLanguage\":\"fr-FR\"},{\"@type\":\"Organization\",\"@id\":\"https:\\\/\\\/madabouthorror.co.uk\\\/#organization\",\"name\":\"Mad About Horror\",\"url\":\"https:\\\/\\\/madabouthorror.co.uk\\\/\",\"logo\":{\"@type\":\"ImageObject\",\"inLanguage\":\"fr-FR\",\"@id\":\"https:\\\/\\\/madabouthorror.co.uk\\\/#\\\/schema\\\/logo\\\/image\\\/\",\"url\":\"https:\\\/\\\/madabouthorror.co.uk\\\/wp-content\\\/uploads\\\/2024\\\/02\\\/cropped-Logo.png\",\"contentUrl\":\"https:\\\/\\\/madabouthorror.co.uk\\\/wp-content\\\/uploads\\\/2024\\\/02\\\/cropped-Logo.png\",\"width\":240,\"height\":88,\"caption\":\"Mad About Horror\"},\"image\":{\"@id\":\"https:\\\/\\\/madabouthorror.co.uk\\\/#\\\/schema\\\/logo\\\/image\\\/\"},\"sameAs\":[\"https:\\\/\\\/www.facebook.com\\\/madabouthorror\\\/\",\"https:\\\/\\\/www.instagram.com\\\/madabouthorror\\\/\",\"https:\\\/\\\/www.pinterest.co.uk\\\/madabouthorror\\\/\",\"https:\\\/\\\/www.youtube.com\\\/channel\\\/UCBooLOIxjoQ89dj6T5lWm_w\",\"https:\\\/\\\/www.tiktok.com\\\/@weremadabouthorror\"]}]}<\/script>\n<!-- \/ Yoast SEO plugin. -->","yoast_head_json":{"title":"Toxic Crusaders - Toxie Figure d'action de 5 pouces","description":"Masques d'horreur et objets de collection sous licence officielle du sp\u00e9cialiste britannique de l'horreur Mad About Horror. Vaste gamme de NECA, Mezco, Treat Studios et beaucoup d'autres grandes marques. Livraison rapide, stock britannique.","robots":{"index":"index","follow":"follow","max-snippet":"max-snippet:-1","max-image-preview":"max-image-preview:large","max-video-preview":"max-video-preview:-1"},"canonical":"https:\/\/madabouthorror.co.uk\/fr\/product\/toxic-crusaders-toxie-5-action-figure\/","og_locale":"fr_FR","og_type":"article","og_title":"Toxic Crusaders - Toxie 5\" Action Figure","og_description":"Officially licensed Horror Masks & Collectibles from the UK's horror specialist Mad About Horror. Huge range of NECA, Mezco, Treat Studios and many more great brands. Fast delivery, UK stock.","og_url":"https:\/\/madabouthorror.co.uk\/fr\/product\/toxic-crusaders-toxie-5-action-figure\/","og_site_name":"Mad About Horror","article_publisher":"https:\/\/www.facebook.com\/madabouthorror\/","article_modified_time":"2026-04-02T08:39:34+00:00","og_image":[{"width":650,"height":650,"url":"https:\/\/madabouthorror.co.uk\/wp-content\/uploads\/2023\/03\/tots_toxie_5_22_10.jpg","type":"image\/jpeg"}],"twitter_card":"summary_large_image","twitter_misc":{"Dur\u00e9e de lecture estim\u00e9e":"1 minute"},"schema":{"@context":"https:\/\/schema.org","@graph":[{"@type":["WebPage","ItemPage"],"@id":"https:\/\/madabouthorror.co.uk\/product\/toxic-crusaders-toxie-5-action-figure\/","url":"https:\/\/madabouthorror.co.uk\/product\/toxic-crusaders-toxie-5-action-figure\/","name":"Toxic Crusaders - Toxie Figure d'action de 5 pouces","isPartOf":{"@id":"https:\/\/madabouthorror.co.uk\/#website"},"primaryImageOfPage":{"@id":"https:\/\/madabouthorror.co.uk\/product\/toxic-crusaders-toxie-5-action-figure\/#primaryimage"},"image":{"@id":"https:\/\/madabouthorror.co.uk\/product\/toxic-crusaders-toxie-5-action-figure\/#primaryimage"},"thumbnailUrl":"https:\/\/madabouthorror.co.uk\/wp-content\/uploads\/2023\/03\/tots_toxie_5_22_10.jpg","datePublished":"2023-03-10T10:00:45+00:00","dateModified":"2026-04-02T08:39:34+00:00","description":"Masques d'horreur et objets de collection sous licence officielle du sp\u00e9cialiste britannique de l'horreur Mad About Horror. Vaste gamme de NECA, Mezco, Treat Studios et beaucoup d'autres grandes marques. Livraison rapide, stock britannique.","breadcrumb":{"@id":"https:\/\/madabouthorror.co.uk\/product\/toxic-crusaders-toxie-5-action-figure\/#breadcrumb"},"inLanguage":"fr-FR","potentialAction":[{"@type":"ReadAction","target":["https:\/\/madabouthorror.co.uk\/product\/toxic-crusaders-toxie-5-action-figure\/"]}]},{"@type":"ImageObject","inLanguage":"fr-FR","@id":"https:\/\/madabouthorror.co.uk\/product\/toxic-crusaders-toxie-5-action-figure\/#primaryimage","url":"https:\/\/madabouthorror.co.uk\/wp-content\/uploads\/2023\/03\/tots_toxie_5_22_10.jpg","contentUrl":"https:\/\/madabouthorror.co.uk\/wp-content\/uploads\/2023\/03\/tots_toxie_5_22_10.jpg","width":650,"height":650,"caption":"Toxic Crusaders - Toxie 5\" Action Figure"},{"@type":"BreadcrumbList","@id":"https:\/\/madabouthorror.co.uk\/product\/toxic-crusaders-toxie-5-action-figure\/#breadcrumb","itemListElement":[{"@type":"ListItem","position":1,"name":"Shop","item":"https:\/\/madabouthorror.co.uk\/shop\/"},{"@type":"ListItem","position":2,"name":"Toxic Crusaders &#8211; Toxie 5&#8243; Action Figure"}]},{"@type":"WebSite","@id":"https:\/\/madabouthorror.co.uk\/#website","url":"https:\/\/madabouthorror.co.uk\/","name":"L'horreur en folie","description":"","publisher":{"@id":"https:\/\/madabouthorror.co.uk\/#organization"},"alternateName":"Mad About Horror Limited","potentialAction":[{"@type":"SearchAction","target":{"@type":"EntryPoint","urlTemplate":"https:\/\/madabouthorror.co.uk\/?s={search_term_string}"},"query-input":{"@type":"PropertyValueSpecification","valueRequired":true,"valueName":"search_term_string"}}],"inLanguage":"fr-FR"},{"@type":"Organization","@id":"https:\/\/madabouthorror.co.uk\/#organization","name":"L'horreur en folie","url":"https:\/\/madabouthorror.co.uk\/","logo":{"@type":"ImageObject","inLanguage":"fr-FR","@id":"https:\/\/madabouthorror.co.uk\/#\/schema\/logo\/image\/","url":"https:\/\/madabouthorror.co.uk\/wp-content\/uploads\/2024\/02\/cropped-Logo.png","contentUrl":"https:\/\/madabouthorror.co.uk\/wp-content\/uploads\/2024\/02\/cropped-Logo.png","width":240,"height":88,"caption":"Mad About Horror"},"image":{"@id":"https:\/\/madabouthorror.co.uk\/#\/schema\/logo\/image\/"},"sameAs":["https:\/\/www.facebook.com\/madabouthorror\/","https:\/\/www.instagram.com\/madabouthorror\/","https:\/\/www.pinterest.co.uk\/madabouthorror\/","https:\/\/www.youtube.com\/channel\/UCBooLOIxjoQ89dj6T5lWm_w","https:\/\/www.tiktok.com\/@weremadabouthorror"]}]}},"df_price":28.08,"df_sale_price":"","df_regular_price":28.08,"df_image_link":"https:\/\/madabouthorror.co.uk\/wp-content\/uploads\/2023\/03\/tots_toxie_5_22_10-300x300.jpg","_links":{"self":[{"href":"https:\/\/madabouthorror.co.uk\/fr\/wp-json\/wp\/v2\/product\/127587","targetHints":{"allow":["GET"]}}],"collection":[{"href":"https:\/\/madabouthorror.co.uk\/fr\/wp-json\/wp\/v2\/product"}],"about":[{"href":"https:\/\/madabouthorror.co.uk\/fr\/wp-json\/wp\/v2\/types\/product"}],"replies":[{"embeddable":true,"href":"https:\/\/madabouthorror.co.uk\/fr\/wp-json\/wp\/v2\/comments?post=127587"}],"wp:featuredmedia":[{"embeddable":true,"href":"https:\/\/madabouthorror.co.uk\/fr\/wp-json\/wp\/v2\/media\/127577"}],"wp:attachment":[{"href":"https:\/\/madabouthorror.co.uk\/fr\/wp-json\/wp\/v2\/media?parent=127587"}],"wp:term":[{"taxonomy":"product_brand","embeddable":true,"href":"https:\/\/madabouthorror.co.uk\/fr\/wp-json\/wp\/v2\/product_brand?post=127587"},{"taxonomy":"product_cat","embeddable":true,"href":"https:\/\/madabouthorror.co.uk\/fr\/wp-json\/wp\/v2\/product_cat?post=127587"},{"taxonomy":"product_tag","embeddable":true,"href":"https:\/\/madabouthorror.co.uk\/fr\/wp-json\/wp\/v2\/product_tag?post=127587"}],"curies":[{"name":"wp","href":"https:\/\/api.w.org\/{rel}","templated":true}]}}