{"id":131048,"date":"2023-04-16T17:02:42","date_gmt":"2023-04-16T16:02:42","guid":{"rendered":"https:\/\/mah.6bdv.ws\/product\/candyman-2021-hook-accessory-pre-order\/"},"modified":"2026-04-02T09:39:43","modified_gmt":"2026-04-02T08:39:43","slug":"candyman-2021-hook-accessory","status":"publish","type":"product","link":"https:\/\/madabouthorror.co.uk\/fr\/product\/candyman-2021-hook-accessory\/","title":{"rendered":"Candyman (2021) - Accessoire Crochet"},"content":{"rendered":"<div class=\"description rte section cf not-in-quickbuy\">\n<p>Sculpt\u00e9 par Anthony Kosar. Trick or Treat Studios est fier de pr\u00e9senter l'accessoire Candyman Hook sous licence officielle, tir\u00e9 de la suite de 2021.<\/p>\n<p>Candyman est devenu une ic\u00f4ne de l'horreur et 30 ans plus tard, cette suite a enthousiasm\u00e9 le public avec une interpr\u00e9tation diff\u00e9rente de la l\u00e9gende de Candyman. D\u00e9velopp\u00e9 directement \u00e0 partir de l'accessoire de production, cet accessoire de crochet pr\u00e9sente le moignon sanglant avec une ceinture de garrot tel qu'on le voit dans la transformation du film.<\/p>\n<p>L'accessoire est en latex avec un support de tuyau rigide dans le crochet et se prolongeant dans la base pour servir de poign\u00e9e.<\/p>\n<\/div>\n<div class=\"rte cf light-inner-row not-in-quickbuy\">\n<p>\u00a9Copyright 2022. MGM Studios Inc.<\/p>\n<\/div>\n<div class=\"rte cf light-inner-row not-in-quickbuy\">\n<p>Environ 21\u2033 de longueur.<\/p>\n<\/div>","protected":false},"excerpt":{"rendered":"<p>Sculpt\u00e9 par Anthony Kosar. Trick or Treat Studios est fier de pr\u00e9senter l'accessoire Candyman Hook sous licence officielle, tir\u00e9 de la suite de 2021. Candyman est devenu une ic\u00f4ne de l'horreur et 30 ans plus tard, cette suite a enthousiasm\u00e9 le public avec une version diff\u00e9rente de la l\u00e9gende de Candyman. D\u00e9velopp\u00e9 directement \u00e0 partir de l'accessoire de production, cet accessoire de crochet pr\u00e9sente le moignon gore avec un [...]<\/p>","protected":false},"featured_media":131047,"comment_status":"closed","ping_status":"closed","template":"","meta":{"_acf_changed":false},"product_brand":[],"product_cat":[10076,6537,10038,9967,6809,6792],"product_tag":[],"class_list":{"0":"post-131048","1":"product","2":"type-product","3":"status-publish","4":"has-post-thumbnail","6":"product_cat-replica-dolls-props","7":"product_cat-collectibles","8":"product_cat-horror-gifts","9":"product_cat-replica-props","10":"product_cat-candyman","11":"product_cat-trick-or-treat-studios","13":"first","14":"instock","15":"taxable","16":"shipping-taxable","17":"purchasable","18":"product-type-simple"},"supplier_id":471030,"supplier_sku":"AKMGM100-D","barcode":"811501036913","atum_controlled":true,"out_stock_date":null,"out_stock_threshold":null,"inheritable":false,"inbound_stock":0,"stock_on_hold":0,"sold_today":0,"sales_last_days":0,"reserved_stock":0,"customer_returns":0,"warehouse_damage":0,"lost_in_post":0,"other_logs":0,"out_stock_days":0,"lost_sales":0,"has_location":false,"update_date":"2026-04-18T01:19:14","atum_locations":[],"atum_stock_status":"instock","restock_status":false,"low_stock_amount":1,"sales_update_date":"2026-04-18T01:19:12","calc_backorders":null,"acf":[],"yoast_head":"<!-- This site is optimized with the Yoast SEO plugin v27.4 - https:\/\/yoast.com\/product\/yoast-seo-wordpress\/ -->\n<title>Candyman (2021) Hook - Collectible Prop<\/title>\n<meta name=\"description\" content=\"MAD ABOUT HORROR - the UK&#039;s &amp; Europe&#039;s official stockist of Trick or Treat Studios masks, costumes and collectibles. Huge range of horror collectibles and merchandise including NECA, MEZCO, Sideshow and PCS. All available from UK stock.\" \/>\n<meta name=\"robots\" content=\"index, follow, max-snippet:-1, max-image-preview:large, max-video-preview:-1\" \/>\n<link rel=\"canonical\" href=\"https:\/\/madabouthorror.co.uk\/fr\/product\/candyman-2021-hook-accessory\/\" \/>\n<meta property=\"og:locale\" content=\"fr_FR\" \/>\n<meta property=\"og:type\" content=\"article\" \/>\n<meta property=\"og:title\" content=\"Candyman (2021) Hook - Collectible Prop\" \/>\n<meta property=\"og:description\" content=\"MAD ABOUT HORROR - the UK&#039;s &amp; Europe&#039;s official stockist of Trick or Treat Studios masks, costumes and collectibles. Huge range of horror collectibles and merchandise including NECA, MEZCO, Sideshow and PCS. All available from UK stock.\" \/>\n<meta property=\"og:url\" content=\"https:\/\/madabouthorror.co.uk\/fr\/product\/candyman-2021-hook-accessory\/\" \/>\n<meta property=\"og:site_name\" content=\"Mad About Horror\" \/>\n<meta property=\"article:publisher\" content=\"https:\/\/www.facebook.com\/madabouthorror\/\" \/>\n<meta property=\"article:modified_time\" content=\"2026-04-02T08:39:43+00:00\" \/>\n<meta property=\"og:image\" content=\"https:\/\/madabouthorror.co.uk\/wp-content\/uploads\/2023\/04\/trick_or_treat_studios_candyman_hook.jpg\" \/>\n\t<meta property=\"og:image:width\" content=\"670\" \/>\n\t<meta property=\"og:image:height\" content=\"670\" \/>\n\t<meta property=\"og:image:type\" content=\"image\/jpeg\" \/>\n<meta name=\"twitter:card\" content=\"summary_large_image\" \/>\n<meta name=\"twitter:label1\" content=\"Dur\u00e9e de lecture estim\u00e9e\" \/>\n\t<meta name=\"twitter:data1\" content=\"1 minute\" \/>\n<script type=\"application\/ld+json\" class=\"yoast-schema-graph\">{\"@context\":\"https:\\\/\\\/schema.org\",\"@graph\":[{\"@type\":[\"WebPage\",\"ItemPage\"],\"@id\":\"https:\\\/\\\/madabouthorror.co.uk\\\/product\\\/candyman-2021-hook-accessory\\\/\",\"url\":\"https:\\\/\\\/madabouthorror.co.uk\\\/product\\\/candyman-2021-hook-accessory\\\/\",\"name\":\"Candyman (2021) Hook - Collectible Prop\",\"isPartOf\":{\"@id\":\"https:\\\/\\\/madabouthorror.co.uk\\\/#website\"},\"primaryImageOfPage\":{\"@id\":\"https:\\\/\\\/madabouthorror.co.uk\\\/product\\\/candyman-2021-hook-accessory\\\/#primaryimage\"},\"image\":{\"@id\":\"https:\\\/\\\/madabouthorror.co.uk\\\/product\\\/candyman-2021-hook-accessory\\\/#primaryimage\"},\"thumbnailUrl\":\"https:\\\/\\\/madabouthorror.co.uk\\\/wp-content\\\/uploads\\\/2023\\\/04\\\/trick_or_treat_studios_candyman_hook.jpg\",\"datePublished\":\"2023-04-16T16:02:42+00:00\",\"dateModified\":\"2026-04-02T08:39:43+00:00\",\"description\":\"MAD ABOUT HORROR - the UK's & Europe's official stockist of Trick or Treat Studios masks, costumes and collectibles. Huge range of horror collectibles and merchandise including NECA, MEZCO, Sideshow and PCS. All available from UK stock.\",\"breadcrumb\":{\"@id\":\"https:\\\/\\\/madabouthorror.co.uk\\\/product\\\/candyman-2021-hook-accessory\\\/#breadcrumb\"},\"inLanguage\":\"fr-FR\",\"potentialAction\":[{\"@type\":\"ReadAction\",\"target\":[\"https:\\\/\\\/madabouthorror.co.uk\\\/product\\\/candyman-2021-hook-accessory\\\/\"]}]},{\"@type\":\"ImageObject\",\"inLanguage\":\"fr-FR\",\"@id\":\"https:\\\/\\\/madabouthorror.co.uk\\\/product\\\/candyman-2021-hook-accessory\\\/#primaryimage\",\"url\":\"https:\\\/\\\/madabouthorror.co.uk\\\/wp-content\\\/uploads\\\/2023\\\/04\\\/trick_or_treat_studios_candyman_hook.jpg\",\"contentUrl\":\"https:\\\/\\\/madabouthorror.co.uk\\\/wp-content\\\/uploads\\\/2023\\\/04\\\/trick_or_treat_studios_candyman_hook.jpg\",\"width\":670,\"height\":670,\"caption\":\"Candyman (2021) - Hook Accessory - PRE ORDER-0\"},{\"@type\":\"BreadcrumbList\",\"@id\":\"https:\\\/\\\/madabouthorror.co.uk\\\/product\\\/candyman-2021-hook-accessory\\\/#breadcrumb\",\"itemListElement\":[{\"@type\":\"ListItem\",\"position\":1,\"name\":\"Shop\",\"item\":\"https:\\\/\\\/madabouthorror.co.uk\\\/shop\\\/\"},{\"@type\":\"ListItem\",\"position\":2,\"name\":\"Candyman (2021) &#8211; Hook Accessory\"}]},{\"@type\":\"WebSite\",\"@id\":\"https:\\\/\\\/madabouthorror.co.uk\\\/#website\",\"url\":\"https:\\\/\\\/madabouthorror.co.uk\\\/\",\"name\":\"Mad About Horror\",\"description\":\"\",\"publisher\":{\"@id\":\"https:\\\/\\\/madabouthorror.co.uk\\\/#organization\"},\"alternateName\":\"Mad About Horror Limited\",\"potentialAction\":[{\"@type\":\"SearchAction\",\"target\":{\"@type\":\"EntryPoint\",\"urlTemplate\":\"https:\\\/\\\/madabouthorror.co.uk\\\/?s={search_term_string}\"},\"query-input\":{\"@type\":\"PropertyValueSpecification\",\"valueRequired\":true,\"valueName\":\"search_term_string\"}}],\"inLanguage\":\"fr-FR\"},{\"@type\":\"Organization\",\"@id\":\"https:\\\/\\\/madabouthorror.co.uk\\\/#organization\",\"name\":\"Mad About Horror\",\"url\":\"https:\\\/\\\/madabouthorror.co.uk\\\/\",\"logo\":{\"@type\":\"ImageObject\",\"inLanguage\":\"fr-FR\",\"@id\":\"https:\\\/\\\/madabouthorror.co.uk\\\/#\\\/schema\\\/logo\\\/image\\\/\",\"url\":\"https:\\\/\\\/madabouthorror.co.uk\\\/wp-content\\\/uploads\\\/2024\\\/02\\\/cropped-Logo.png\",\"contentUrl\":\"https:\\\/\\\/madabouthorror.co.uk\\\/wp-content\\\/uploads\\\/2024\\\/02\\\/cropped-Logo.png\",\"width\":240,\"height\":88,\"caption\":\"Mad About Horror\"},\"image\":{\"@id\":\"https:\\\/\\\/madabouthorror.co.uk\\\/#\\\/schema\\\/logo\\\/image\\\/\"},\"sameAs\":[\"https:\\\/\\\/www.facebook.com\\\/madabouthorror\\\/\",\"https:\\\/\\\/www.instagram.com\\\/madabouthorror\\\/\",\"https:\\\/\\\/www.pinterest.co.uk\\\/madabouthorror\\\/\",\"https:\\\/\\\/www.youtube.com\\\/channel\\\/UCBooLOIxjoQ89dj6T5lWm_w\",\"https:\\\/\\\/www.tiktok.com\\\/@weremadabouthorror\"]}]}<\/script>\n<!-- \/ Yoast SEO plugin. -->","yoast_head_json":{"title":"Candyman (2021) Crochet - Accessoire de collection","description":"MAD ABOUT HORROR - le revendeur officiel au Royaume-Uni et en Europe de masques, de costumes et d'objets de collection Trick or Treat Studios. Vaste gamme d'objets de collection et de marchandises d'horreur, y compris NECA, MEZCO, Sideshow et PCS. Tous les articles sont disponibles en stock au Royaume-Uni.","robots":{"index":"index","follow":"follow","max-snippet":"max-snippet:-1","max-image-preview":"max-image-preview:large","max-video-preview":"max-video-preview:-1"},"canonical":"https:\/\/madabouthorror.co.uk\/fr\/product\/candyman-2021-hook-accessory\/","og_locale":"fr_FR","og_type":"article","og_title":"Candyman (2021) Hook - Collectible Prop","og_description":"MAD ABOUT HORROR - the UK's & Europe's official stockist of Trick or Treat Studios masks, costumes and collectibles. Huge range of horror collectibles and merchandise including NECA, MEZCO, Sideshow and PCS. All available from UK stock.","og_url":"https:\/\/madabouthorror.co.uk\/fr\/product\/candyman-2021-hook-accessory\/","og_site_name":"Mad About Horror","article_publisher":"https:\/\/www.facebook.com\/madabouthorror\/","article_modified_time":"2026-04-02T08:39:43+00:00","og_image":[{"width":670,"height":670,"url":"https:\/\/madabouthorror.co.uk\/wp-content\/uploads\/2023\/04\/trick_or_treat_studios_candyman_hook.jpg","type":"image\/jpeg"}],"twitter_card":"summary_large_image","twitter_misc":{"Dur\u00e9e de lecture estim\u00e9e":"1 minute"},"schema":{"@context":"https:\/\/schema.org","@graph":[{"@type":["WebPage","ItemPage"],"@id":"https:\/\/madabouthorror.co.uk\/product\/candyman-2021-hook-accessory\/","url":"https:\/\/madabouthorror.co.uk\/product\/candyman-2021-hook-accessory\/","name":"Candyman (2021) Crochet - Accessoire de collection","isPartOf":{"@id":"https:\/\/madabouthorror.co.uk\/#website"},"primaryImageOfPage":{"@id":"https:\/\/madabouthorror.co.uk\/product\/candyman-2021-hook-accessory\/#primaryimage"},"image":{"@id":"https:\/\/madabouthorror.co.uk\/product\/candyman-2021-hook-accessory\/#primaryimage"},"thumbnailUrl":"https:\/\/madabouthorror.co.uk\/wp-content\/uploads\/2023\/04\/trick_or_treat_studios_candyman_hook.jpg","datePublished":"2023-04-16T16:02:42+00:00","dateModified":"2026-04-02T08:39:43+00:00","description":"MAD ABOUT HORROR - le revendeur officiel au Royaume-Uni et en Europe de masques, de costumes et d'objets de collection Trick or Treat Studios. Vaste gamme d'objets de collection et de marchandises d'horreur, y compris NECA, MEZCO, Sideshow et PCS. Tous les articles sont disponibles en stock au Royaume-Uni.","breadcrumb":{"@id":"https:\/\/madabouthorror.co.uk\/product\/candyman-2021-hook-accessory\/#breadcrumb"},"inLanguage":"fr-FR","potentialAction":[{"@type":"ReadAction","target":["https:\/\/madabouthorror.co.uk\/product\/candyman-2021-hook-accessory\/"]}]},{"@type":"ImageObject","inLanguage":"fr-FR","@id":"https:\/\/madabouthorror.co.uk\/product\/candyman-2021-hook-accessory\/#primaryimage","url":"https:\/\/madabouthorror.co.uk\/wp-content\/uploads\/2023\/04\/trick_or_treat_studios_candyman_hook.jpg","contentUrl":"https:\/\/madabouthorror.co.uk\/wp-content\/uploads\/2023\/04\/trick_or_treat_studios_candyman_hook.jpg","width":670,"height":670,"caption":"Candyman (2021) - Hook Accessory - PRE ORDER-0"},{"@type":"BreadcrumbList","@id":"https:\/\/madabouthorror.co.uk\/product\/candyman-2021-hook-accessory\/#breadcrumb","itemListElement":[{"@type":"ListItem","position":1,"name":"Shop","item":"https:\/\/madabouthorror.co.uk\/shop\/"},{"@type":"ListItem","position":2,"name":"Candyman (2021) &#8211; Hook Accessory"}]},{"@type":"WebSite","@id":"https:\/\/madabouthorror.co.uk\/#website","url":"https:\/\/madabouthorror.co.uk\/","name":"L'horreur en folie","description":"","publisher":{"@id":"https:\/\/madabouthorror.co.uk\/#organization"},"alternateName":"Mad About Horror Limited","potentialAction":[{"@type":"SearchAction","target":{"@type":"EntryPoint","urlTemplate":"https:\/\/madabouthorror.co.uk\/?s={search_term_string}"},"query-input":{"@type":"PropertyValueSpecification","valueRequired":true,"valueName":"search_term_string"}}],"inLanguage":"fr-FR"},{"@type":"Organization","@id":"https:\/\/madabouthorror.co.uk\/#organization","name":"L'horreur en folie","url":"https:\/\/madabouthorror.co.uk\/","logo":{"@type":"ImageObject","inLanguage":"fr-FR","@id":"https:\/\/madabouthorror.co.uk\/#\/schema\/logo\/image\/","url":"https:\/\/madabouthorror.co.uk\/wp-content\/uploads\/2024\/02\/cropped-Logo.png","contentUrl":"https:\/\/madabouthorror.co.uk\/wp-content\/uploads\/2024\/02\/cropped-Logo.png","width":240,"height":88,"caption":"Mad About Horror"},"image":{"@id":"https:\/\/madabouthorror.co.uk\/#\/schema\/logo\/image\/"},"sameAs":["https:\/\/www.facebook.com\/madabouthorror\/","https:\/\/www.instagram.com\/madabouthorror\/","https:\/\/www.pinterest.co.uk\/madabouthorror\/","https:\/\/www.youtube.com\/channel\/UCBooLOIxjoQ89dj6T5lWm_w","https:\/\/www.tiktok.com\/@weremadabouthorror"]}]}},"df_price":88.49,"df_sale_price":"","df_regular_price":88.49,"df_image_link":"https:\/\/madabouthorror.co.uk\/wp-content\/uploads\/2023\/04\/trick_or_treat_studios_candyman_hook-300x300.jpg","_links":{"self":[{"href":"https:\/\/madabouthorror.co.uk\/fr\/wp-json\/wp\/v2\/product\/131048","targetHints":{"allow":["GET"]}}],"collection":[{"href":"https:\/\/madabouthorror.co.uk\/fr\/wp-json\/wp\/v2\/product"}],"about":[{"href":"https:\/\/madabouthorror.co.uk\/fr\/wp-json\/wp\/v2\/types\/product"}],"replies":[{"embeddable":true,"href":"https:\/\/madabouthorror.co.uk\/fr\/wp-json\/wp\/v2\/comments?post=131048"}],"wp:featuredmedia":[{"embeddable":true,"href":"https:\/\/madabouthorror.co.uk\/fr\/wp-json\/wp\/v2\/media\/131047"}],"wp:attachment":[{"href":"https:\/\/madabouthorror.co.uk\/fr\/wp-json\/wp\/v2\/media?parent=131048"}],"wp:term":[{"taxonomy":"product_brand","embeddable":true,"href":"https:\/\/madabouthorror.co.uk\/fr\/wp-json\/wp\/v2\/product_brand?post=131048"},{"taxonomy":"product_cat","embeddable":true,"href":"https:\/\/madabouthorror.co.uk\/fr\/wp-json\/wp\/v2\/product_cat?post=131048"},{"taxonomy":"product_tag","embeddable":true,"href":"https:\/\/madabouthorror.co.uk\/fr\/wp-json\/wp\/v2\/product_tag?post=131048"}],"curies":[{"name":"wp","href":"https:\/\/api.w.org\/{rel}","templated":true}]}}