{"id":131111,"date":"2023-06-15T13:28:34","date_gmt":"2023-06-15T12:28:34","guid":{"rendered":"https:\/\/mah.6bdv.ws\/?post_type=product&#038;p=131111"},"modified":"2026-04-30T14:59:20","modified_gmt":"2026-04-30T13:59:20","slug":"7-5ft-hulking-werewolf-animated-prop","status":"publish","type":"product","link":"https:\/\/madabouthorror.co.uk\/fr\/product\/7-5ft-hulking-werewolf-animated-prop\/","title":{"rendered":"7.5ft Hulking Werewolf Animated Prop"},"content":{"rendered":"<p>Ce Loup-Garou Hercul\u00e9en grandeur nature de 2,3 m\u00e8tres r\u00f4dera dans votre quartier cet Halloween \u2013 m\u00e9fiez-vous de la lune !<\/p>\n<p>Tenez-vous \u00e0 distance, sinon vous pourriez hurler \u00e0 la lune la prochaine fois\u2026 ses bras bougent de haut en bas, sa t\u00eate de gauche \u00e0 droite et ses yeux brillent et il gronde tandis que sa m\u00e2choire bouge.<\/p>\n<p>Ses LCD DigitEyes r\u00e9alistes ajoutent un mouvement et un impact suppl\u00e9mentaires.<\/p>\n<p>Choix entre capteur infrarouge \/ On \/ Step-pad. Fonctionne sur secteur.<\/p>\n<p><b>Fourni avec un adaptateur secteur britannique<\/b>. <i>N'utilisez que l'adaptateur d'alimentation fourni, car les adaptateurs d'alimentation incorrects peuvent causer des dommages.<\/i><\/p>\n<div>\n<div><b>Pour le porche couvert ou l'int\u00e9rieur.<\/b> <i>Prot\u00e9ger des intemp\u00e9ries en cas d'utilisation \u00e0 l'ext\u00e9rieur et ne pas laisser \u00e0 l'ext\u00e9rieur pendant des p\u00e9riodes prolong\u00e9es.<\/i><\/div>\n<div><\/div>\n<div><b>A noter :<\/b><i> Ces accessoires ne sont pas recommand\u00e9s pour un usage commercial intensif, c'est-\u00e0-dire qu'ils ne doivent pas \u00eatre utilis\u00e9s pendant des p\u00e9riodes prolong\u00e9es, c'est-\u00e0-dire plusieurs jours d'affil\u00e9e. Ils sont con\u00e7us pour \u00eatre utilis\u00e9s \u00e0 l'occasion d'Halloween. Si vous avez des questions \u00e0 ce sujet, n'h\u00e9sitez pas \u00e0 les poser.<\/i><\/div>\n<\/div>","protected":false},"excerpt":{"rendered":"<p>Ce loup-garou massif de taille r\u00e9elle mesure 2,28 m\u00e8tres et r\u00f4dera dans votre quartier ce Halloween \u2013 m\u00e9fiez-vous de la lune ! Restez \u00e0 distance ou vous pourriez \u00eatre en train de hurler \u00e0 la lune la prochaine fois\u2026. ses bras bougent de haut en bas, sa t\u00eate bouge de gauche \u00e0 droite et ses yeux s'illuminent et il grogne pendant que sa m\u00e2choire bouge. Ses yeux LCD r\u00e9alistes DigitEyes ajoutent un extra [\u2026]<\/p>","protected":false},"featured_media":483993,"comment_status":"closed","ping_status":"closed","template":"","meta":{"_acf_changed":false},"product_brand":[],"product_cat":[10068,10131,10108,10093,10094,6550,6547,6963,7051,7053],"product_tag":[],"class_list":{"0":"post-131111","1":"product","2":"type-product","3":"status-publish","4":"has-post-thumbnail","6":"product_cat-halloween-decorations-2025","7":"product_cat-halloween-gifts","8":"product_cat-light-up-halloween-decorations","9":"product_cat-indoor-halloween-decorations","10":"product_cat-outdoor-halloween-decorations","11":"product_cat-graveyard-decorations","12":"product_cat-decorations","13":"product_cat-animatronics","14":"product_cat-graveyard-animatronics","15":"product_cat-animated-props-zombies","16":"product_shipping_class-eu-bulky-prop","18":"first","19":"onbackorder","20":"taxable","21":"shipping-taxable","22":"purchasable","23":"product-type-simple"},"supplier_id":467908,"supplier_sku":"MR124904","barcode":"842445145546","atum_controlled":true,"out_stock_date":"2025-10-23 14:24:03","out_stock_threshold":null,"inheritable":false,"inbound_stock":8,"stock_on_hold":0,"sold_today":0,"sales_last_days":0,"reserved_stock":0,"customer_returns":0,"warehouse_damage":0,"lost_in_post":0,"other_logs":0,"out_stock_days":191,"lost_sales":13368,"has_location":false,"update_date":"2026-05-03T00:23:26","atum_locations":[],"atum_stock_status":"onbackorder","restock_status":false,"low_stock_amount":"","sales_update_date":"2026-05-03T00:23:25","calc_backorders":0,"acf":[],"yoast_head":"<!-- This site is optimized with the Yoast SEO plugin v27.5 - https:\/\/yoast.com\/product\/yoast-seo-wordpress\/ -->\n<title>7.5ft Werewolf - Halloween Animated Prop<\/title>\n<meta name=\"description\" content=\"Hulking Werewolf Animated Prop! Browse our Halloween animated props. BUY from the UK&#039;s leading Halloween &amp; Horror specialist.\" \/>\n<meta name=\"robots\" content=\"index, follow, max-snippet:-1, max-image-preview:large, max-video-preview:-1\" \/>\n<link rel=\"canonical\" href=\"https:\/\/madabouthorror.co.uk\/fr\/product\/7-5ft-hulking-werewolf-animated-prop\/\" \/>\n<meta property=\"og:locale\" content=\"fr_FR\" \/>\n<meta property=\"og:type\" content=\"article\" \/>\n<meta property=\"og:title\" content=\"7.5ft Werewolf - Halloween Animated Prop\" \/>\n<meta property=\"og:description\" content=\"Hulking Werewolf Animated Prop! Browse our Halloween animated props. BUY from the UK&#039;s leading Halloween &amp; Horror specialist.\" \/>\n<meta property=\"og:url\" content=\"https:\/\/madabouthorror.co.uk\/fr\/product\/7-5ft-hulking-werewolf-animated-prop\/\" \/>\n<meta property=\"og:site_name\" content=\"Mad About Horror\" \/>\n<meta property=\"article:publisher\" content=\"https:\/\/www.facebook.com\/madabouthorror\/\" \/>\n<meta property=\"article:modified_time\" content=\"2026-04-30T13:59:20+00:00\" \/>\n<meta property=\"og:image\" content=\"https:\/\/madabouthorror.co.uk\/wp-content\/uploads\/2023\/06\/HULKING-werewolf-animated-halloween-decoration.jpg\" \/>\n\t<meta property=\"og:image:width\" content=\"1500\" \/>\n\t<meta property=\"og:image:height\" content=\"1500\" \/>\n\t<meta property=\"og:image:type\" content=\"image\/jpeg\" \/>\n<meta name=\"twitter:card\" content=\"summary_large_image\" \/>\n<meta name=\"twitter:label1\" content=\"Dur\u00e9e de lecture estim\u00e9e\" \/>\n\t<meta name=\"twitter:data1\" content=\"1 minute\" \/>\n<script type=\"application\/ld+json\" class=\"yoast-schema-graph\">{\"@context\":\"https:\\\/\\\/schema.org\",\"@graph\":[{\"@type\":[\"WebPage\",\"ItemPage\"],\"@id\":\"https:\\\/\\\/madabouthorror.co.uk\\\/product\\\/7-5ft-hulking-werewolf-animated-prop\\\/\",\"url\":\"https:\\\/\\\/madabouthorror.co.uk\\\/product\\\/7-5ft-hulking-werewolf-animated-prop\\\/\",\"name\":\"7.5ft Werewolf - Halloween Animated Prop\",\"isPartOf\":{\"@id\":\"https:\\\/\\\/madabouthorror.co.uk\\\/#website\"},\"primaryImageOfPage\":{\"@id\":\"https:\\\/\\\/madabouthorror.co.uk\\\/product\\\/7-5ft-hulking-werewolf-animated-prop\\\/#primaryimage\"},\"image\":{\"@id\":\"https:\\\/\\\/madabouthorror.co.uk\\\/product\\\/7-5ft-hulking-werewolf-animated-prop\\\/#primaryimage\"},\"thumbnailUrl\":\"https:\\\/\\\/madabouthorror.co.uk\\\/wp-content\\\/uploads\\\/2023\\\/06\\\/HULKING-werewolf-animated-halloween-decoration.jpg\",\"datePublished\":\"2023-06-15T12:28:34+00:00\",\"dateModified\":\"2026-04-30T13:59:20+00:00\",\"description\":\"Hulking Werewolf Animated Prop! Browse our Halloween animated props. BUY from the UK's leading Halloween & Horror specialist.\",\"breadcrumb\":{\"@id\":\"https:\\\/\\\/madabouthorror.co.uk\\\/product\\\/7-5ft-hulking-werewolf-animated-prop\\\/#breadcrumb\"},\"inLanguage\":\"fr-FR\",\"potentialAction\":[{\"@type\":\"ReadAction\",\"target\":[\"https:\\\/\\\/madabouthorror.co.uk\\\/product\\\/7-5ft-hulking-werewolf-animated-prop\\\/\"]}]},{\"@type\":\"ImageObject\",\"inLanguage\":\"fr-FR\",\"@id\":\"https:\\\/\\\/madabouthorror.co.uk\\\/product\\\/7-5ft-hulking-werewolf-animated-prop\\\/#primaryimage\",\"url\":\"https:\\\/\\\/madabouthorror.co.uk\\\/wp-content\\\/uploads\\\/2023\\\/06\\\/HULKING-werewolf-animated-halloween-decoration.jpg\",\"contentUrl\":\"https:\\\/\\\/madabouthorror.co.uk\\\/wp-content\\\/uploads\\\/2023\\\/06\\\/HULKING-werewolf-animated-halloween-decoration.jpg\",\"width\":1500,\"height\":1500,\"caption\":\"HULKING werewolf animated halloween decoration\"},{\"@type\":\"BreadcrumbList\",\"@id\":\"https:\\\/\\\/madabouthorror.co.uk\\\/product\\\/7-5ft-hulking-werewolf-animated-prop\\\/#breadcrumb\",\"itemListElement\":[{\"@type\":\"ListItem\",\"position\":1,\"name\":\"Shop\",\"item\":\"https:\\\/\\\/madabouthorror.co.uk\\\/shop\\\/\"},{\"@type\":\"ListItem\",\"position\":2,\"name\":\"7.5ft Hulking Werewolf Animated Prop\"}]},{\"@type\":\"WebSite\",\"@id\":\"https:\\\/\\\/madabouthorror.co.uk\\\/#website\",\"url\":\"https:\\\/\\\/madabouthorror.co.uk\\\/\",\"name\":\"Mad About Horror\",\"description\":\"\",\"publisher\":{\"@id\":\"https:\\\/\\\/madabouthorror.co.uk\\\/#organization\"},\"alternateName\":\"Mad About Horror Limited\",\"potentialAction\":[{\"@type\":\"SearchAction\",\"target\":{\"@type\":\"EntryPoint\",\"urlTemplate\":\"https:\\\/\\\/madabouthorror.co.uk\\\/?s={search_term_string}\"},\"query-input\":{\"@type\":\"PropertyValueSpecification\",\"valueRequired\":true,\"valueName\":\"search_term_string\"}}],\"inLanguage\":\"fr-FR\"},{\"@type\":\"Organization\",\"@id\":\"https:\\\/\\\/madabouthorror.co.uk\\\/#organization\",\"name\":\"Mad About Horror\",\"url\":\"https:\\\/\\\/madabouthorror.co.uk\\\/\",\"logo\":{\"@type\":\"ImageObject\",\"inLanguage\":\"fr-FR\",\"@id\":\"https:\\\/\\\/madabouthorror.co.uk\\\/#\\\/schema\\\/logo\\\/image\\\/\",\"url\":\"https:\\\/\\\/madabouthorror.co.uk\\\/wp-content\\\/uploads\\\/2024\\\/02\\\/cropped-Logo.png\",\"contentUrl\":\"https:\\\/\\\/madabouthorror.co.uk\\\/wp-content\\\/uploads\\\/2024\\\/02\\\/cropped-Logo.png\",\"width\":240,\"height\":88,\"caption\":\"Mad About Horror\"},\"image\":{\"@id\":\"https:\\\/\\\/madabouthorror.co.uk\\\/#\\\/schema\\\/logo\\\/image\\\/\"},\"sameAs\":[\"https:\\\/\\\/www.facebook.com\\\/madabouthorror\\\/\",\"https:\\\/\\\/www.instagram.com\\\/madabouthorror\\\/\",\"https:\\\/\\\/www.pinterest.co.uk\\\/madabouthorror\\\/\",\"https:\\\/\\\/www.youtube.com\\\/channel\\\/UCBooLOIxjoQ89dj6T5lWm_w\",\"https:\\\/\\\/www.tiktok.com\\\/@weremadabouthorror\"]}]}<\/script>\n<!-- \/ Yoast SEO plugin. -->","yoast_head_json":{"title":"7.5ft Loup-garou - Accessoire anim\u00e9 d'Halloween","description":"Prop anim\u00e9 de loup-garou imposant ! Parcourez nos accessoires anim\u00e9s d'Halloween. Achetez aupr\u00e8s du premier sp\u00e9cialiste britannique d'Halloween et d'horreur.","robots":{"index":"index","follow":"follow","max-snippet":"max-snippet:-1","max-image-preview":"max-image-preview:large","max-video-preview":"max-video-preview:-1"},"canonical":"https:\/\/madabouthorror.co.uk\/fr\/product\/7-5ft-hulking-werewolf-animated-prop\/","og_locale":"fr_FR","og_type":"article","og_title":"7.5ft Werewolf - Halloween Animated Prop","og_description":"Hulking Werewolf Animated Prop! Browse our Halloween animated props. BUY from the UK's leading Halloween & Horror specialist.","og_url":"https:\/\/madabouthorror.co.uk\/fr\/product\/7-5ft-hulking-werewolf-animated-prop\/","og_site_name":"Mad About Horror","article_publisher":"https:\/\/www.facebook.com\/madabouthorror\/","article_modified_time":"2026-04-30T13:59:20+00:00","og_image":[{"width":1500,"height":1500,"url":"https:\/\/madabouthorror.co.uk\/wp-content\/uploads\/2023\/06\/HULKING-werewolf-animated-halloween-decoration.jpg","type":"image\/jpeg"}],"twitter_card":"summary_large_image","twitter_misc":{"Dur\u00e9e de lecture estim\u00e9e":"1 minute"},"schema":{"@context":"https:\/\/schema.org","@graph":[{"@type":["WebPage","ItemPage"],"@id":"https:\/\/madabouthorror.co.uk\/product\/7-5ft-hulking-werewolf-animated-prop\/","url":"https:\/\/madabouthorror.co.uk\/product\/7-5ft-hulking-werewolf-animated-prop\/","name":"7.5ft Loup-garou - Accessoire anim\u00e9 d'Halloween","isPartOf":{"@id":"https:\/\/madabouthorror.co.uk\/#website"},"primaryImageOfPage":{"@id":"https:\/\/madabouthorror.co.uk\/product\/7-5ft-hulking-werewolf-animated-prop\/#primaryimage"},"image":{"@id":"https:\/\/madabouthorror.co.uk\/product\/7-5ft-hulking-werewolf-animated-prop\/#primaryimage"},"thumbnailUrl":"https:\/\/madabouthorror.co.uk\/wp-content\/uploads\/2023\/06\/HULKING-werewolf-animated-halloween-decoration.jpg","datePublished":"2023-06-15T12:28:34+00:00","dateModified":"2026-04-30T13:59:20+00:00","description":"Prop anim\u00e9 de loup-garou imposant ! Parcourez nos accessoires anim\u00e9s d'Halloween. Achetez aupr\u00e8s du premier sp\u00e9cialiste britannique d'Halloween et d'horreur.","breadcrumb":{"@id":"https:\/\/madabouthorror.co.uk\/product\/7-5ft-hulking-werewolf-animated-prop\/#breadcrumb"},"inLanguage":"fr-FR","potentialAction":[{"@type":"ReadAction","target":["https:\/\/madabouthorror.co.uk\/product\/7-5ft-hulking-werewolf-animated-prop\/"]}]},{"@type":"ImageObject","inLanguage":"fr-FR","@id":"https:\/\/madabouthorror.co.uk\/product\/7-5ft-hulking-werewolf-animated-prop\/#primaryimage","url":"https:\/\/madabouthorror.co.uk\/wp-content\/uploads\/2023\/06\/HULKING-werewolf-animated-halloween-decoration.jpg","contentUrl":"https:\/\/madabouthorror.co.uk\/wp-content\/uploads\/2023\/06\/HULKING-werewolf-animated-halloween-decoration.jpg","width":1500,"height":1500,"caption":"HULKING werewolf animated halloween decoration"},{"@type":"BreadcrumbList","@id":"https:\/\/madabouthorror.co.uk\/product\/7-5ft-hulking-werewolf-animated-prop\/#breadcrumb","itemListElement":[{"@type":"ListItem","position":1,"name":"Shop","item":"https:\/\/madabouthorror.co.uk\/shop\/"},{"@type":"ListItem","position":2,"name":"7.5ft Hulking Werewolf Animated Prop"}]},{"@type":"WebSite","@id":"https:\/\/madabouthorror.co.uk\/#website","url":"https:\/\/madabouthorror.co.uk\/","name":"L'horreur en folie","description":"","publisher":{"@id":"https:\/\/madabouthorror.co.uk\/#organization"},"alternateName":"Mad About Horror Limited","potentialAction":[{"@type":"SearchAction","target":{"@type":"EntryPoint","urlTemplate":"https:\/\/madabouthorror.co.uk\/?s={search_term_string}"},"query-input":{"@type":"PropertyValueSpecification","valueRequired":true,"valueName":"search_term_string"}}],"inLanguage":"fr-FR"},{"@type":"Organization","@id":"https:\/\/madabouthorror.co.uk\/#organization","name":"L'horreur en folie","url":"https:\/\/madabouthorror.co.uk\/","logo":{"@type":"ImageObject","inLanguage":"fr-FR","@id":"https:\/\/madabouthorror.co.uk\/#\/schema\/logo\/image\/","url":"https:\/\/madabouthorror.co.uk\/wp-content\/uploads\/2024\/02\/cropped-Logo.png","contentUrl":"https:\/\/madabouthorror.co.uk\/wp-content\/uploads\/2024\/02\/cropped-Logo.png","width":240,"height":88,"caption":"Mad About Horror"},"image":{"@id":"https:\/\/madabouthorror.co.uk\/#\/schema\/logo\/image\/"},"sameAs":["https:\/\/www.facebook.com\/madabouthorror\/","https:\/\/www.instagram.com\/madabouthorror\/","https:\/\/www.pinterest.co.uk\/madabouthorror\/","https:\/\/www.youtube.com\/channel\/UCBooLOIxjoQ89dj6T5lWm_w","https:\/\/www.tiktok.com\/@weremadabouthorror"]}]}},"df_price":489.95,"df_sale_price":"","df_regular_price":489.95,"df_image_link":"https:\/\/madabouthorror.co.uk\/wp-content\/uploads\/2023\/06\/HULKING-werewolf-animated-halloween-decoration-300x300.jpg","_links":{"self":[{"href":"https:\/\/madabouthorror.co.uk\/fr\/wp-json\/wp\/v2\/product\/131111","targetHints":{"allow":["GET"]}}],"collection":[{"href":"https:\/\/madabouthorror.co.uk\/fr\/wp-json\/wp\/v2\/product"}],"about":[{"href":"https:\/\/madabouthorror.co.uk\/fr\/wp-json\/wp\/v2\/types\/product"}],"replies":[{"embeddable":true,"href":"https:\/\/madabouthorror.co.uk\/fr\/wp-json\/wp\/v2\/comments?post=131111"}],"wp:featuredmedia":[{"embeddable":true,"href":"https:\/\/madabouthorror.co.uk\/fr\/wp-json\/wp\/v2\/media\/483993"}],"wp:attachment":[{"href":"https:\/\/madabouthorror.co.uk\/fr\/wp-json\/wp\/v2\/media?parent=131111"}],"wp:term":[{"taxonomy":"product_brand","embeddable":true,"href":"https:\/\/madabouthorror.co.uk\/fr\/wp-json\/wp\/v2\/product_brand?post=131111"},{"taxonomy":"product_cat","embeddable":true,"href":"https:\/\/madabouthorror.co.uk\/fr\/wp-json\/wp\/v2\/product_cat?post=131111"},{"taxonomy":"product_tag","embeddable":true,"href":"https:\/\/madabouthorror.co.uk\/fr\/wp-json\/wp\/v2\/product_tag?post=131111"}],"curies":[{"name":"wp","href":"https:\/\/api.w.org\/{rel}","templated":true}]}}