{"id":131125,"date":"2023-04-18T10:49:18","date_gmt":"2023-04-18T09:49:18","guid":{"rendered":"https:\/\/mah.6bdv.ws\/product\/rob-zombie-s-halloween-2007-michael-myers-mask-pre-order\/"},"modified":"2026-04-20T15:40:12","modified_gmt":"2026-04-20T14:40:12","slug":"rob-zombie-s-halloween-2007-michael-myers-mask","status":"publish","type":"product","link":"https:\/\/madabouthorror.co.uk\/fr\/product\/rob-zombie-s-halloween-2007-michael-myers-mask\/","title":{"rendered":"Halloween de Rob Zombie (2007) - Masque de Michael Myers"},"content":{"rendered":"<p>Sous licence officielle, le masque de Michael Myers pour Halloween (2007) de Rob Zombie donne vie \u00e0 l'horreur ! Fabriqu\u00e9 par Wayne Toth, l'artiste des effets sp\u00e9ciaux de la s\u00e9rie Halloween de Rob Zombie, cette version a \u00e9t\u00e9 port\u00e9e par Michael pendant les \u00e9v\u00e9nements tortueux d'Halloween (2007).<\/p>\n<p>D\u00e9velopp\u00e9e par Trick or Treat Studios, cette version d'Halloween (2007) est m\u00e9ticuleusement fabriqu\u00e9e \u00e0 partir du moule principal utilis\u00e9 pour le film et supervis\u00e9e par l'artiste des effets sp\u00e9ciaux Wayne Toth. Le souci du d\u00e9tail garantit une authenticit\u00e9 in\u00e9gal\u00e9e, ce qui en fait un must pour les amateurs et les collectionneurs de films d'horreur.<\/p>\n<p>Faites entrer la terreur chez vous et incarnez Michael Myers avec notre masque Michael Myers de Rob Zombie pour Halloween (2007), authentique et sous licence officielle. Commandez d\u00e8s maintenant pour d\u00e9couvrir la terreur authentique et la qualit\u00e9 de fabrication qui distinguent ce masque dans le domaine des souvenirs d'horreur.<\/p>\n<div class=\"description rte section cf not-in-quickbuy\">\n<p><strong>D\u00e9tails :<\/strong><\/p>\n<ul>\n<li>Masque du ma\u00eetre-mouleur<\/li>\n<li>Licence officielle<\/li>\n<li>Studios Trick or Treat<\/li>\n<li>Halloween 2007 de Rob Zombie<\/li>\n<\/ul>\n<p>Plus d'informations <a href=\"https:\/\/madabouthorror.co.uk\/fr\/c\/character\/michael-myers\/\">Michael Myers ici<\/a><\/p>\n<p>Besoin d'aide pour la coiffure ? Consultez notre <a href=\"https:\/\/www.youtube.com\/watch?v=pzCUkb0Wn68\">tutoriel<\/a><\/p>\n<p>Besoin d'aide pour la taille ? Consultez notre <a href=\"https:\/\/www.youtube.com\/watch?v=HzLa4zcB3J4&amp;t=3s\">guide<\/a><\/p>\n<\/div>\n<p>&nbsp;<\/p>","protected":false},"excerpt":{"rendered":"<p>Sous licence officielle, le masque de Michael Myers pour Halloween (2007) de Rob Zombie donne vie \u00e0 l'horreur ! Fabriqu\u00e9 par Wayne Toth, l'artiste des effets sp\u00e9ciaux de la s\u00e9rie Halloween de Rob Zombie, cette version a \u00e9t\u00e9 port\u00e9e par Michael pendant les \u00e9v\u00e9nements tortueux d'Halloween (2007). D\u00e9velopp\u00e9e par Trick or Treat Studios, cette version d'Halloween (2007) est m\u00e9ticuleusement fabriqu\u00e9e \u00e0 l'aide de [...]<\/p>","protected":false},"featured_media":131124,"comment_status":"closed","ping_status":"closed","template":"","meta":{"_acf_changed":false},"product_brand":[],"product_cat":[6580,10100,10132,9978,7091,6551,10038,6784,9962,6541,6792,6660],"product_tag":[],"class_list":{"0":"post-131125","1":"product","2":"type-product","3":"status-publish","4":"has-post-thumbnail","6":"product_cat-movie-tv","7":"product_cat-latex-masks","8":"product_cat-masks-collectibles","9":"product_cat-michael-myers-costumes","10":"product_cat-tv-movie","11":"product_cat-costumes","12":"product_cat-horror-gifts","13":"product_cat-michael-myers","14":"product_cat-trick-or-treat-studios-masks","15":"product_cat-masks","16":"product_cat-trick-or-treat-studios","17":"product_cat-halloweenmichaelmyers","19":"first","20":"instock","21":"taxable","22":"shipping-taxable","23":"purchasable","24":"product-type-simple"},"supplier_id":467429,"supplier_sku":"WTLG101","barcode":"811501031796","atum_controlled":true,"out_stock_date":null,"out_stock_threshold":null,"inheritable":false,"inbound_stock":39,"stock_on_hold":0,"sold_today":0,"sales_last_days":2,"reserved_stock":0,"customer_returns":0,"warehouse_damage":0,"lost_in_post":0,"other_logs":0,"out_stock_days":0,"lost_sales":0,"has_location":false,"update_date":"2026-04-25T01:58:15","atum_locations":[],"atum_stock_status":"instock","restock_status":false,"low_stock_amount":19,"sales_update_date":"2026-04-25T01:58:14","calc_backorders":null,"acf":[],"yoast_head":"<!-- This site is optimized with the Yoast SEO plugin v27.4 - https:\/\/yoast.com\/product\/yoast-seo-wordpress\/ -->\n<title>Michael Myers Mask 2007 - Rob Zombie Halloween | Mad About Horror<\/title>\n<meta name=\"description\" content=\"Rob Zombie Myers Mask. Halloween 2007 - Michael Myers. Official UK Stockist of Trick or Treat Studios. Shop Horror collectibles and Halloween props.\" \/>\n<meta name=\"robots\" content=\"index, follow, max-snippet:-1, max-image-preview:large, max-video-preview:-1\" \/>\n<link rel=\"canonical\" href=\"https:\/\/madabouthorror.co.uk\/fr\/product\/rob-zombie-s-halloween-2007-michael-myers-mask\/\" \/>\n<meta property=\"og:locale\" content=\"fr_FR\" \/>\n<meta property=\"og:type\" content=\"article\" \/>\n<meta property=\"og:title\" content=\"Michael Myers Mask 2007 - Rob Zombie Halloween | Mad About Horror\" \/>\n<meta property=\"og:description\" content=\"Rob Zombie Myers Mask. Halloween 2007 - Michael Myers. Official UK Stockist of Trick or Treat Studios. Shop Horror collectibles and Halloween props.\" \/>\n<meta property=\"og:url\" content=\"https:\/\/madabouthorror.co.uk\/fr\/product\/rob-zombie-s-halloween-2007-michael-myers-mask\/\" \/>\n<meta property=\"og:site_name\" content=\"Mad About Horror\" \/>\n<meta property=\"article:publisher\" content=\"https:\/\/www.facebook.com\/madabouthorror\/\" \/>\n<meta property=\"article:modified_time\" content=\"2026-04-20T14:40:12+00:00\" \/>\n<meta property=\"og:image\" content=\"https:\/\/madabouthorror.co.uk\/wp-content\/uploads\/2023\/04\/trick_or_treat_studios_rob_zombie_myers_mask.jpg\" \/>\n\t<meta property=\"og:image:width\" content=\"670\" \/>\n\t<meta property=\"og:image:height\" content=\"670\" \/>\n\t<meta property=\"og:image:type\" content=\"image\/jpeg\" \/>\n<meta name=\"twitter:card\" content=\"summary_large_image\" \/>\n<meta name=\"twitter:label1\" content=\"Dur\u00e9e de lecture estim\u00e9e\" \/>\n\t<meta name=\"twitter:data1\" content=\"1 minute\" \/>\n<script type=\"application\/ld+json\" class=\"yoast-schema-graph\">{\"@context\":\"https:\\\/\\\/schema.org\",\"@graph\":[{\"@type\":[\"WebPage\",\"ItemPage\"],\"@id\":\"https:\\\/\\\/madabouthorror.co.uk\\\/product\\\/rob-zombie-s-halloween-2007-michael-myers-mask\\\/\",\"url\":\"https:\\\/\\\/madabouthorror.co.uk\\\/product\\\/rob-zombie-s-halloween-2007-michael-myers-mask\\\/\",\"name\":\"Michael Myers Mask 2007 - Rob Zombie Halloween | Mad About Horror\",\"isPartOf\":{\"@id\":\"https:\\\/\\\/madabouthorror.co.uk\\\/#website\"},\"primaryImageOfPage\":{\"@id\":\"https:\\\/\\\/madabouthorror.co.uk\\\/product\\\/rob-zombie-s-halloween-2007-michael-myers-mask\\\/#primaryimage\"},\"image\":{\"@id\":\"https:\\\/\\\/madabouthorror.co.uk\\\/product\\\/rob-zombie-s-halloween-2007-michael-myers-mask\\\/#primaryimage\"},\"thumbnailUrl\":\"https:\\\/\\\/madabouthorror.co.uk\\\/wp-content\\\/uploads\\\/2023\\\/04\\\/trick_or_treat_studios_rob_zombie_myers_mask.jpg\",\"datePublished\":\"2023-04-18T09:49:18+00:00\",\"dateModified\":\"2026-04-20T14:40:12+00:00\",\"description\":\"Rob Zombie Myers Mask. Halloween 2007 - Michael Myers. Official UK Stockist of Trick or Treat Studios. Shop Horror collectibles and Halloween props.\",\"breadcrumb\":{\"@id\":\"https:\\\/\\\/madabouthorror.co.uk\\\/product\\\/rob-zombie-s-halloween-2007-michael-myers-mask\\\/#breadcrumb\"},\"inLanguage\":\"fr-FR\",\"potentialAction\":[{\"@type\":\"ReadAction\",\"target\":[\"https:\\\/\\\/madabouthorror.co.uk\\\/product\\\/rob-zombie-s-halloween-2007-michael-myers-mask\\\/\"]}]},{\"@type\":\"ImageObject\",\"inLanguage\":\"fr-FR\",\"@id\":\"https:\\\/\\\/madabouthorror.co.uk\\\/product\\\/rob-zombie-s-halloween-2007-michael-myers-mask\\\/#primaryimage\",\"url\":\"https:\\\/\\\/madabouthorror.co.uk\\\/wp-content\\\/uploads\\\/2023\\\/04\\\/trick_or_treat_studios_rob_zombie_myers_mask.jpg\",\"contentUrl\":\"https:\\\/\\\/madabouthorror.co.uk\\\/wp-content\\\/uploads\\\/2023\\\/04\\\/trick_or_treat_studios_rob_zombie_myers_mask.jpg\",\"width\":670,\"height\":670,\"caption\":\"Rob Zombie's Halloween (2007) - Michael Myers Mask\"},{\"@type\":\"BreadcrumbList\",\"@id\":\"https:\\\/\\\/madabouthorror.co.uk\\\/product\\\/rob-zombie-s-halloween-2007-michael-myers-mask\\\/#breadcrumb\",\"itemListElement\":[{\"@type\":\"ListItem\",\"position\":1,\"name\":\"Shop\",\"item\":\"https:\\\/\\\/madabouthorror.co.uk\\\/shop\\\/\"},{\"@type\":\"ListItem\",\"position\":2,\"name\":\"Rob Zombie&#8217;s Halloween (2007) &#8211; Michael Myers Mask\"}]},{\"@type\":\"WebSite\",\"@id\":\"https:\\\/\\\/madabouthorror.co.uk\\\/#website\",\"url\":\"https:\\\/\\\/madabouthorror.co.uk\\\/\",\"name\":\"Mad About Horror\",\"description\":\"\",\"publisher\":{\"@id\":\"https:\\\/\\\/madabouthorror.co.uk\\\/#organization\"},\"alternateName\":\"Mad About Horror Limited\",\"potentialAction\":[{\"@type\":\"SearchAction\",\"target\":{\"@type\":\"EntryPoint\",\"urlTemplate\":\"https:\\\/\\\/madabouthorror.co.uk\\\/?s={search_term_string}\"},\"query-input\":{\"@type\":\"PropertyValueSpecification\",\"valueRequired\":true,\"valueName\":\"search_term_string\"}}],\"inLanguage\":\"fr-FR\"},{\"@type\":\"Organization\",\"@id\":\"https:\\\/\\\/madabouthorror.co.uk\\\/#organization\",\"name\":\"Mad About Horror\",\"url\":\"https:\\\/\\\/madabouthorror.co.uk\\\/\",\"logo\":{\"@type\":\"ImageObject\",\"inLanguage\":\"fr-FR\",\"@id\":\"https:\\\/\\\/madabouthorror.co.uk\\\/#\\\/schema\\\/logo\\\/image\\\/\",\"url\":\"https:\\\/\\\/madabouthorror.co.uk\\\/wp-content\\\/uploads\\\/2024\\\/02\\\/cropped-Logo.png\",\"contentUrl\":\"https:\\\/\\\/madabouthorror.co.uk\\\/wp-content\\\/uploads\\\/2024\\\/02\\\/cropped-Logo.png\",\"width\":240,\"height\":88,\"caption\":\"Mad About Horror\"},\"image\":{\"@id\":\"https:\\\/\\\/madabouthorror.co.uk\\\/#\\\/schema\\\/logo\\\/image\\\/\"},\"sameAs\":[\"https:\\\/\\\/www.facebook.com\\\/madabouthorror\\\/\",\"https:\\\/\\\/www.instagram.com\\\/madabouthorror\\\/\",\"https:\\\/\\\/www.pinterest.co.uk\\\/madabouthorror\\\/\",\"https:\\\/\\\/www.youtube.com\\\/channel\\\/UCBooLOIxjoQ89dj6T5lWm_w\",\"https:\\\/\\\/www.tiktok.com\\\/@weremadabouthorror\"]}]}<\/script>\n<!-- \/ Yoast SEO plugin. -->","yoast_head_json":{"title":"Masque Michael Myers 2007 - Rob Zombie Halloween | Mad About Horror","description":"Masque de Myers de Rob Zombie. Halloween 2007 - Michael Myers. Stockiste officiel britannique de Trick or Treat Studios. Boutique d'objets de collection d'horreur et d'accessoires d'Halloween.","robots":{"index":"index","follow":"follow","max-snippet":"max-snippet:-1","max-image-preview":"max-image-preview:large","max-video-preview":"max-video-preview:-1"},"canonical":"https:\/\/madabouthorror.co.uk\/fr\/product\/rob-zombie-s-halloween-2007-michael-myers-mask\/","og_locale":"fr_FR","og_type":"article","og_title":"Michael Myers Mask 2007 - Rob Zombie Halloween | Mad About Horror","og_description":"Rob Zombie Myers Mask. Halloween 2007 - Michael Myers. Official UK Stockist of Trick or Treat Studios. Shop Horror collectibles and Halloween props.","og_url":"https:\/\/madabouthorror.co.uk\/fr\/product\/rob-zombie-s-halloween-2007-michael-myers-mask\/","og_site_name":"Mad About Horror","article_publisher":"https:\/\/www.facebook.com\/madabouthorror\/","article_modified_time":"2026-04-20T14:40:12+00:00","og_image":[{"width":670,"height":670,"url":"https:\/\/madabouthorror.co.uk\/wp-content\/uploads\/2023\/04\/trick_or_treat_studios_rob_zombie_myers_mask.jpg","type":"image\/jpeg"}],"twitter_card":"summary_large_image","twitter_misc":{"Dur\u00e9e de lecture estim\u00e9e":"1 minute"},"schema":{"@context":"https:\/\/schema.org","@graph":[{"@type":["WebPage","ItemPage"],"@id":"https:\/\/madabouthorror.co.uk\/product\/rob-zombie-s-halloween-2007-michael-myers-mask\/","url":"https:\/\/madabouthorror.co.uk\/product\/rob-zombie-s-halloween-2007-michael-myers-mask\/","name":"Masque Michael Myers 2007 - Rob Zombie Halloween | Mad About Horror","isPartOf":{"@id":"https:\/\/madabouthorror.co.uk\/#website"},"primaryImageOfPage":{"@id":"https:\/\/madabouthorror.co.uk\/product\/rob-zombie-s-halloween-2007-michael-myers-mask\/#primaryimage"},"image":{"@id":"https:\/\/madabouthorror.co.uk\/product\/rob-zombie-s-halloween-2007-michael-myers-mask\/#primaryimage"},"thumbnailUrl":"https:\/\/madabouthorror.co.uk\/wp-content\/uploads\/2023\/04\/trick_or_treat_studios_rob_zombie_myers_mask.jpg","datePublished":"2023-04-18T09:49:18+00:00","dateModified":"2026-04-20T14:40:12+00:00","description":"Masque de Myers de Rob Zombie. Halloween 2007 - Michael Myers. Stockiste officiel britannique de Trick or Treat Studios. Boutique d'objets de collection d'horreur et d'accessoires d'Halloween.","breadcrumb":{"@id":"https:\/\/madabouthorror.co.uk\/product\/rob-zombie-s-halloween-2007-michael-myers-mask\/#breadcrumb"},"inLanguage":"fr-FR","potentialAction":[{"@type":"ReadAction","target":["https:\/\/madabouthorror.co.uk\/product\/rob-zombie-s-halloween-2007-michael-myers-mask\/"]}]},{"@type":"ImageObject","inLanguage":"fr-FR","@id":"https:\/\/madabouthorror.co.uk\/product\/rob-zombie-s-halloween-2007-michael-myers-mask\/#primaryimage","url":"https:\/\/madabouthorror.co.uk\/wp-content\/uploads\/2023\/04\/trick_or_treat_studios_rob_zombie_myers_mask.jpg","contentUrl":"https:\/\/madabouthorror.co.uk\/wp-content\/uploads\/2023\/04\/trick_or_treat_studios_rob_zombie_myers_mask.jpg","width":670,"height":670,"caption":"Rob Zombie's Halloween (2007) - Michael Myers Mask"},{"@type":"BreadcrumbList","@id":"https:\/\/madabouthorror.co.uk\/product\/rob-zombie-s-halloween-2007-michael-myers-mask\/#breadcrumb","itemListElement":[{"@type":"ListItem","position":1,"name":"Shop","item":"https:\/\/madabouthorror.co.uk\/shop\/"},{"@type":"ListItem","position":2,"name":"Rob Zombie&#8217;s Halloween (2007) &#8211; Michael Myers Mask"}]},{"@type":"WebSite","@id":"https:\/\/madabouthorror.co.uk\/#website","url":"https:\/\/madabouthorror.co.uk\/","name":"L'horreur en folie","description":"","publisher":{"@id":"https:\/\/madabouthorror.co.uk\/#organization"},"alternateName":"Mad About Horror Limited","potentialAction":[{"@type":"SearchAction","target":{"@type":"EntryPoint","urlTemplate":"https:\/\/madabouthorror.co.uk\/?s={search_term_string}"},"query-input":{"@type":"PropertyValueSpecification","valueRequired":true,"valueName":"search_term_string"}}],"inLanguage":"fr-FR"},{"@type":"Organization","@id":"https:\/\/madabouthorror.co.uk\/#organization","name":"L'horreur en folie","url":"https:\/\/madabouthorror.co.uk\/","logo":{"@type":"ImageObject","inLanguage":"fr-FR","@id":"https:\/\/madabouthorror.co.uk\/#\/schema\/logo\/image\/","url":"https:\/\/madabouthorror.co.uk\/wp-content\/uploads\/2024\/02\/cropped-Logo.png","contentUrl":"https:\/\/madabouthorror.co.uk\/wp-content\/uploads\/2024\/02\/cropped-Logo.png","width":240,"height":88,"caption":"Mad About Horror"},"image":{"@id":"https:\/\/madabouthorror.co.uk\/#\/schema\/logo\/image\/"},"sameAs":["https:\/\/www.facebook.com\/madabouthorror\/","https:\/\/www.instagram.com\/madabouthorror\/","https:\/\/www.pinterest.co.uk\/madabouthorror\/","https:\/\/www.youtube.com\/channel\/UCBooLOIxjoQ89dj6T5lWm_w","https:\/\/www.tiktok.com\/@weremadabouthorror"]}]}},"df_price":67.66,"df_sale_price":"","df_regular_price":67.66,"df_image_link":"https:\/\/madabouthorror.co.uk\/wp-content\/uploads\/2023\/04\/trick_or_treat_studios_rob_zombie_myers_mask-300x300.jpg","_links":{"self":[{"href":"https:\/\/madabouthorror.co.uk\/fr\/wp-json\/wp\/v2\/product\/131125","targetHints":{"allow":["GET"]}}],"collection":[{"href":"https:\/\/madabouthorror.co.uk\/fr\/wp-json\/wp\/v2\/product"}],"about":[{"href":"https:\/\/madabouthorror.co.uk\/fr\/wp-json\/wp\/v2\/types\/product"}],"replies":[{"embeddable":true,"href":"https:\/\/madabouthorror.co.uk\/fr\/wp-json\/wp\/v2\/comments?post=131125"}],"wp:featuredmedia":[{"embeddable":true,"href":"https:\/\/madabouthorror.co.uk\/fr\/wp-json\/wp\/v2\/media\/131124"}],"wp:attachment":[{"href":"https:\/\/madabouthorror.co.uk\/fr\/wp-json\/wp\/v2\/media?parent=131125"}],"wp:term":[{"taxonomy":"product_brand","embeddable":true,"href":"https:\/\/madabouthorror.co.uk\/fr\/wp-json\/wp\/v2\/product_brand?post=131125"},{"taxonomy":"product_cat","embeddable":true,"href":"https:\/\/madabouthorror.co.uk\/fr\/wp-json\/wp\/v2\/product_cat?post=131125"},{"taxonomy":"product_tag","embeddable":true,"href":"https:\/\/madabouthorror.co.uk\/fr\/wp-json\/wp\/v2\/product_tag?post=131125"}],"curies":[{"name":"wp","href":"https:\/\/api.w.org\/{rel}","templated":true}]}}