{"id":131129,"date":"2023-04-18T11:38:10","date_gmt":"2023-04-18T10:38:10","guid":{"rendered":"https:\/\/mah.6bdv.ws\/product\/rob-zombie-s-halloween-2007-michael-myers-92-murder-mask-pre-order\/"},"modified":"2026-04-20T15:40:13","modified_gmt":"2026-04-20T14:40:13","slug":"rob-zombie-s-halloween-2007-michael-myers-92-murder-mask","status":"publish","type":"product","link":"https:\/\/madabouthorror.co.uk\/fr\/product\/rob-zombie-s-halloween-2007-michael-myers-92-murder-mask\/","title":{"rendered":"Halloween de Rob Zombie (2007) - Masque de Michael Myers '92"},"content":{"rendered":"<div class=\"description rte section cf not-in-quickbuy\">\n<div class=\"description rte section cf not-in-quickbuy\">\n<div class=\"description rte section cf not-in-quickbuy\">\n<div class=\"description rte section cf not-in-quickbuy\">\n<div class=\"description rte section cf not-in-quickbuy\">\n<div class=\"description rte section cf not-in-quickbuy\">\n<p>Masque de Michael Myers '92 Murder Mask de Rob Zombie (2007) sous licence officielle ! Fabriqu\u00e9 par Wayne Toth, l'artiste des effets sp\u00e9ciaux de la s\u00e9rie Halloween de Rob Zombie. Cette version a \u00e9t\u00e9 port\u00e9e par le jeune Michael pendant les \u00e9v\u00e9nements intenses d'Halloween (2007), alors qu'il traquait et assassinait sa s\u0153ur.<\/p>\n<p>Plongez dans l'univers sinistre de Michael Myers avec le masque sous licence officielle Halloween (2007) '92 Murder Mask de Rob Zombie.<\/p>\n<p>Incarnez Michael Myers avec notre masque authentique sous licence officielle Halloween (2007) Michael Myers '92 Murder Mask de Rob Zombie. Commandez d\u00e8s maintenant pour d\u00e9couvrir la terreur authentique et la qualit\u00e9 de fabrication qui distinguent ce masque dans le domaine des souvenirs d'horreur.<\/p>\n<\/div>\n<\/div>\n<\/div>\n<p><strong>D\u00e9tails :<\/strong><\/p>\n<ul>\n<li>Masque du ma\u00eetre-mouleur<\/li>\n<li>Licence officielle<\/li>\n<li>Studios Trick or Treat<\/li>\n<li>Halloween 2007 de Rob Zombie<\/li>\n<\/ul>\n<p>Besoin d'aide pour la coiffure ? Consultez notre <a href=\"https:\/\/www.youtube.com\/watch?v=pzCUkb0Wn68\">tutoriel<\/a><\/p>\n<p>Besoin d'aide pour la taille ? Consultez notre <a href=\"https:\/\/www.youtube.com\/watch?v=HzLa4zcB3J4&amp;t=3s\">guide<\/a><\/p>\n<\/div>\n<\/div>\n<\/div>","protected":false},"excerpt":{"rendered":"<p>Masque de Michael Myers '92 Murder Mask de Rob Zombie (2007) sous licence officielle ! Fabriqu\u00e9 par Wayne Toth, l'artiste des effets sp\u00e9ciaux de la s\u00e9rie Halloween de Rob Zombie. Cette version a \u00e9t\u00e9 port\u00e9e par le jeune Michael pendant les \u00e9v\u00e9nements intenses d'Halloween (2007), alors qu'il traquait et assassinait sa s\u0153ur. Plongez dans l'univers sinistre de Michael Myers avec [...]<\/p>","protected":false},"featured_media":131128,"comment_status":"closed","ping_status":"closed","template":"","meta":{"_acf_changed":false},"product_brand":[],"product_cat":[6580,10100,10132,9978,10040,7091,6551,10038,6784,9962,6541,6792,6660,6690],"product_tag":[],"class_list":{"0":"post-131129","1":"product","2":"type-product","3":"status-publish","4":"has-post-thumbnail","6":"product_cat-movie-tv","7":"product_cat-latex-masks","8":"product_cat-masks-collectibles","9":"product_cat-michael-myers-costumes","10":"product_cat-gifts-under-100","11":"product_cat-tv-movie","12":"product_cat-costumes","13":"product_cat-horror-gifts","14":"product_cat-michael-myers","15":"product_cat-trick-or-treat-studios-masks","16":"product_cat-masks","17":"product_cat-trick-or-treat-studios","18":"product_cat-halloweenmichaelmyers","19":"product_cat-robzombie","21":"first","22":"outofstock","23":"taxable","24":"shipping-taxable","25":"purchasable","26":"product-type-simple"},"supplier_id":467429,"supplier_sku":"WTLG100","barcode":"811501034278","atum_controlled":true,"out_stock_date":"2025-10-27 17:44:21","out_stock_threshold":null,"inheritable":false,"inbound_stock":40,"stock_on_hold":0,"sold_today":0,"sales_last_days":0,"reserved_stock":0,"customer_returns":0,"warehouse_damage":0,"lost_in_post":0,"other_logs":0,"out_stock_days":189,"lost_sales":10521,"has_location":false,"update_date":"2026-05-05T01:43:21","atum_locations":[],"atum_stock_status":"outofstock","restock_status":false,"low_stock_amount":15,"sales_update_date":"2026-05-05T01:43:19","calc_backorders":null,"acf":[],"yoast_head":"<!-- This site is optimized with the Yoast SEO plugin v27.5 - https:\/\/yoast.com\/product\/yoast-seo-wordpress\/ -->\n<title>Michael Myers &#039;92 Murder Mask - Rob Zombie Halloween 2007<\/title>\n<meta name=\"description\" content=\"Rob Zombie&#039;s Halloween licensed Michael Myers &#039;92 Murder Mask. Trick or Treat Studios official UK stockist. Fast Delivery.\" \/>\n<meta name=\"robots\" content=\"index, follow, max-snippet:-1, max-image-preview:large, max-video-preview:-1\" \/>\n<link rel=\"canonical\" href=\"https:\/\/madabouthorror.co.uk\/fr\/product\/rob-zombie-s-halloween-2007-michael-myers-92-murder-mask\/\" \/>\n<meta property=\"og:locale\" content=\"fr_FR\" \/>\n<meta property=\"og:type\" content=\"article\" \/>\n<meta property=\"og:title\" content=\"Michael Myers &#039;92 Murder Mask - Rob Zombie Halloween 2007\" \/>\n<meta property=\"og:description\" content=\"Rob Zombie&#039;s Halloween licensed Michael Myers &#039;92 Murder Mask. Trick or Treat Studios official UK stockist. Fast Delivery.\" \/>\n<meta property=\"og:url\" content=\"https:\/\/madabouthorror.co.uk\/fr\/product\/rob-zombie-s-halloween-2007-michael-myers-92-murder-mask\/\" \/>\n<meta property=\"og:site_name\" content=\"Mad About Horror\" \/>\n<meta property=\"article:publisher\" content=\"https:\/\/www.facebook.com\/madabouthorror\/\" \/>\n<meta property=\"article:modified_time\" content=\"2026-04-20T14:40:13+00:00\" \/>\n<meta property=\"og:image\" content=\"https:\/\/madabouthorror.co.uk\/wp-content\/uploads\/2023\/04\/trick_or_treat_studios_rob_zombie_halloween_murder_mask.jpg\" \/>\n\t<meta property=\"og:image:width\" content=\"670\" \/>\n\t<meta property=\"og:image:height\" content=\"670\" \/>\n\t<meta property=\"og:image:type\" content=\"image\/jpeg\" \/>\n<meta name=\"twitter:card\" content=\"summary_large_image\" \/>\n<meta name=\"twitter:label1\" content=\"Dur\u00e9e de lecture estim\u00e9e\" \/>\n\t<meta name=\"twitter:data1\" content=\"1 minute\" \/>\n<script type=\"application\/ld+json\" class=\"yoast-schema-graph\">{\"@context\":\"https:\\\/\\\/schema.org\",\"@graph\":[{\"@type\":[\"WebPage\",\"ItemPage\"],\"@id\":\"https:\\\/\\\/madabouthorror.co.uk\\\/product\\\/rob-zombie-s-halloween-2007-michael-myers-92-murder-mask\\\/\",\"url\":\"https:\\\/\\\/madabouthorror.co.uk\\\/product\\\/rob-zombie-s-halloween-2007-michael-myers-92-murder-mask\\\/\",\"name\":\"Michael Myers '92 Murder Mask - Rob Zombie Halloween 2007\",\"isPartOf\":{\"@id\":\"https:\\\/\\\/madabouthorror.co.uk\\\/#website\"},\"primaryImageOfPage\":{\"@id\":\"https:\\\/\\\/madabouthorror.co.uk\\\/product\\\/rob-zombie-s-halloween-2007-michael-myers-92-murder-mask\\\/#primaryimage\"},\"image\":{\"@id\":\"https:\\\/\\\/madabouthorror.co.uk\\\/product\\\/rob-zombie-s-halloween-2007-michael-myers-92-murder-mask\\\/#primaryimage\"},\"thumbnailUrl\":\"https:\\\/\\\/madabouthorror.co.uk\\\/wp-content\\\/uploads\\\/2023\\\/04\\\/trick_or_treat_studios_rob_zombie_halloween_murder_mask.jpg\",\"datePublished\":\"2023-04-18T10:38:10+00:00\",\"dateModified\":\"2026-04-20T14:40:13+00:00\",\"description\":\"Rob Zombie's Halloween licensed Michael Myers '92 Murder Mask. Trick or Treat Studios official UK stockist. Fast Delivery.\",\"breadcrumb\":{\"@id\":\"https:\\\/\\\/madabouthorror.co.uk\\\/product\\\/rob-zombie-s-halloween-2007-michael-myers-92-murder-mask\\\/#breadcrumb\"},\"inLanguage\":\"fr-FR\",\"potentialAction\":[{\"@type\":\"ReadAction\",\"target\":[\"https:\\\/\\\/madabouthorror.co.uk\\\/product\\\/rob-zombie-s-halloween-2007-michael-myers-92-murder-mask\\\/\"]}]},{\"@type\":\"ImageObject\",\"inLanguage\":\"fr-FR\",\"@id\":\"https:\\\/\\\/madabouthorror.co.uk\\\/product\\\/rob-zombie-s-halloween-2007-michael-myers-92-murder-mask\\\/#primaryimage\",\"url\":\"https:\\\/\\\/madabouthorror.co.uk\\\/wp-content\\\/uploads\\\/2023\\\/04\\\/trick_or_treat_studios_rob_zombie_halloween_murder_mask.jpg\",\"contentUrl\":\"https:\\\/\\\/madabouthorror.co.uk\\\/wp-content\\\/uploads\\\/2023\\\/04\\\/trick_or_treat_studios_rob_zombie_halloween_murder_mask.jpg\",\"width\":670,\"height\":670,\"caption\":\"Rob Zombie's Halloween (2007) - Michael Myers '92 Murder Mask - Trick or Treat Studios\"},{\"@type\":\"BreadcrumbList\",\"@id\":\"https:\\\/\\\/madabouthorror.co.uk\\\/product\\\/rob-zombie-s-halloween-2007-michael-myers-92-murder-mask\\\/#breadcrumb\",\"itemListElement\":[{\"@type\":\"ListItem\",\"position\":1,\"name\":\"Shop\",\"item\":\"https:\\\/\\\/madabouthorror.co.uk\\\/shop\\\/\"},{\"@type\":\"ListItem\",\"position\":2,\"name\":\"Rob Zombie&#8217;s Halloween (2007) &#8211; Michael Myers &#8217;92 Murder Mask\"}]},{\"@type\":\"WebSite\",\"@id\":\"https:\\\/\\\/madabouthorror.co.uk\\\/#website\",\"url\":\"https:\\\/\\\/madabouthorror.co.uk\\\/\",\"name\":\"Mad About Horror\",\"description\":\"\",\"publisher\":{\"@id\":\"https:\\\/\\\/madabouthorror.co.uk\\\/#organization\"},\"alternateName\":\"Mad About Horror Limited\",\"potentialAction\":[{\"@type\":\"SearchAction\",\"target\":{\"@type\":\"EntryPoint\",\"urlTemplate\":\"https:\\\/\\\/madabouthorror.co.uk\\\/?s={search_term_string}\"},\"query-input\":{\"@type\":\"PropertyValueSpecification\",\"valueRequired\":true,\"valueName\":\"search_term_string\"}}],\"inLanguage\":\"fr-FR\"},{\"@type\":\"Organization\",\"@id\":\"https:\\\/\\\/madabouthorror.co.uk\\\/#organization\",\"name\":\"Mad About Horror\",\"url\":\"https:\\\/\\\/madabouthorror.co.uk\\\/\",\"logo\":{\"@type\":\"ImageObject\",\"inLanguage\":\"fr-FR\",\"@id\":\"https:\\\/\\\/madabouthorror.co.uk\\\/#\\\/schema\\\/logo\\\/image\\\/\",\"url\":\"https:\\\/\\\/madabouthorror.co.uk\\\/wp-content\\\/uploads\\\/2024\\\/02\\\/cropped-Logo.png\",\"contentUrl\":\"https:\\\/\\\/madabouthorror.co.uk\\\/wp-content\\\/uploads\\\/2024\\\/02\\\/cropped-Logo.png\",\"width\":240,\"height\":88,\"caption\":\"Mad About Horror\"},\"image\":{\"@id\":\"https:\\\/\\\/madabouthorror.co.uk\\\/#\\\/schema\\\/logo\\\/image\\\/\"},\"sameAs\":[\"https:\\\/\\\/www.facebook.com\\\/madabouthorror\\\/\",\"https:\\\/\\\/www.instagram.com\\\/madabouthorror\\\/\",\"https:\\\/\\\/www.pinterest.co.uk\\\/madabouthorror\\\/\",\"https:\\\/\\\/www.youtube.com\\\/channel\\\/UCBooLOIxjoQ89dj6T5lWm_w\",\"https:\\\/\\\/www.tiktok.com\\\/@weremadabouthorror\"]}]}<\/script>\n<!-- \/ Yoast SEO plugin. -->","yoast_head_json":{"title":"Masque de meurtre Michael Myers '92 - Rob Zombie Halloween 2007","description":"Masque Michael Myers '92 Murder Mask, sous licence Halloween de Rob Zombie. Trick or Treat Studios est le revendeur officiel pour le Royaume-Uni. Livraison rapide.","robots":{"index":"index","follow":"follow","max-snippet":"max-snippet:-1","max-image-preview":"max-image-preview:large","max-video-preview":"max-video-preview:-1"},"canonical":"https:\/\/madabouthorror.co.uk\/fr\/product\/rob-zombie-s-halloween-2007-michael-myers-92-murder-mask\/","og_locale":"fr_FR","og_type":"article","og_title":"Michael Myers '92 Murder Mask - Rob Zombie Halloween 2007","og_description":"Rob Zombie's Halloween licensed Michael Myers '92 Murder Mask. Trick or Treat Studios official UK stockist. Fast Delivery.","og_url":"https:\/\/madabouthorror.co.uk\/fr\/product\/rob-zombie-s-halloween-2007-michael-myers-92-murder-mask\/","og_site_name":"Mad About Horror","article_publisher":"https:\/\/www.facebook.com\/madabouthorror\/","article_modified_time":"2026-04-20T14:40:13+00:00","og_image":[{"width":670,"height":670,"url":"https:\/\/madabouthorror.co.uk\/wp-content\/uploads\/2023\/04\/trick_or_treat_studios_rob_zombie_halloween_murder_mask.jpg","type":"image\/jpeg"}],"twitter_card":"summary_large_image","twitter_misc":{"Dur\u00e9e de lecture estim\u00e9e":"1 minute"},"schema":{"@context":"https:\/\/schema.org","@graph":[{"@type":["WebPage","ItemPage"],"@id":"https:\/\/madabouthorror.co.uk\/product\/rob-zombie-s-halloween-2007-michael-myers-92-murder-mask\/","url":"https:\/\/madabouthorror.co.uk\/product\/rob-zombie-s-halloween-2007-michael-myers-92-murder-mask\/","name":"Masque de meurtre Michael Myers '92 - Rob Zombie Halloween 2007","isPartOf":{"@id":"https:\/\/madabouthorror.co.uk\/#website"},"primaryImageOfPage":{"@id":"https:\/\/madabouthorror.co.uk\/product\/rob-zombie-s-halloween-2007-michael-myers-92-murder-mask\/#primaryimage"},"image":{"@id":"https:\/\/madabouthorror.co.uk\/product\/rob-zombie-s-halloween-2007-michael-myers-92-murder-mask\/#primaryimage"},"thumbnailUrl":"https:\/\/madabouthorror.co.uk\/wp-content\/uploads\/2023\/04\/trick_or_treat_studios_rob_zombie_halloween_murder_mask.jpg","datePublished":"2023-04-18T10:38:10+00:00","dateModified":"2026-04-20T14:40:13+00:00","description":"Masque Michael Myers '92 Murder Mask, sous licence Halloween de Rob Zombie. Trick or Treat Studios est le revendeur officiel pour le Royaume-Uni. Livraison rapide.","breadcrumb":{"@id":"https:\/\/madabouthorror.co.uk\/product\/rob-zombie-s-halloween-2007-michael-myers-92-murder-mask\/#breadcrumb"},"inLanguage":"fr-FR","potentialAction":[{"@type":"ReadAction","target":["https:\/\/madabouthorror.co.uk\/product\/rob-zombie-s-halloween-2007-michael-myers-92-murder-mask\/"]}]},{"@type":"ImageObject","inLanguage":"fr-FR","@id":"https:\/\/madabouthorror.co.uk\/product\/rob-zombie-s-halloween-2007-michael-myers-92-murder-mask\/#primaryimage","url":"https:\/\/madabouthorror.co.uk\/wp-content\/uploads\/2023\/04\/trick_or_treat_studios_rob_zombie_halloween_murder_mask.jpg","contentUrl":"https:\/\/madabouthorror.co.uk\/wp-content\/uploads\/2023\/04\/trick_or_treat_studios_rob_zombie_halloween_murder_mask.jpg","width":670,"height":670,"caption":"Rob Zombie's Halloween (2007) - Michael Myers '92 Murder Mask - Trick or Treat Studios"},{"@type":"BreadcrumbList","@id":"https:\/\/madabouthorror.co.uk\/product\/rob-zombie-s-halloween-2007-michael-myers-92-murder-mask\/#breadcrumb","itemListElement":[{"@type":"ListItem","position":1,"name":"Shop","item":"https:\/\/madabouthorror.co.uk\/shop\/"},{"@type":"ListItem","position":2,"name":"Rob Zombie&#8217;s Halloween (2007) &#8211; Michael Myers &#8217;92 Murder Mask"}]},{"@type":"WebSite","@id":"https:\/\/madabouthorror.co.uk\/#website","url":"https:\/\/madabouthorror.co.uk\/","name":"L'horreur en folie","description":"","publisher":{"@id":"https:\/\/madabouthorror.co.uk\/#organization"},"alternateName":"Mad About Horror Limited","potentialAction":[{"@type":"SearchAction","target":{"@type":"EntryPoint","urlTemplate":"https:\/\/madabouthorror.co.uk\/?s={search_term_string}"},"query-input":{"@type":"PropertyValueSpecification","valueRequired":true,"valueName":"search_term_string"}}],"inLanguage":"fr-FR"},{"@type":"Organization","@id":"https:\/\/madabouthorror.co.uk\/#organization","name":"L'horreur en folie","url":"https:\/\/madabouthorror.co.uk\/","logo":{"@type":"ImageObject","inLanguage":"fr-FR","@id":"https:\/\/madabouthorror.co.uk\/#\/schema\/logo\/image\/","url":"https:\/\/madabouthorror.co.uk\/wp-content\/uploads\/2024\/02\/cropped-Logo.png","contentUrl":"https:\/\/madabouthorror.co.uk\/wp-content\/uploads\/2024\/02\/cropped-Logo.png","width":240,"height":88,"caption":"Mad About Horror"},"image":{"@id":"https:\/\/madabouthorror.co.uk\/#\/schema\/logo\/image\/"},"sameAs":["https:\/\/www.facebook.com\/madabouthorror\/","https:\/\/www.instagram.com\/madabouthorror\/","https:\/\/www.pinterest.co.uk\/madabouthorror\/","https:\/\/www.youtube.com\/channel\/UCBooLOIxjoQ89dj6T5lWm_w","https:\/\/www.tiktok.com\/@weremadabouthorror"]}]}},"df_price":64.95,"df_sale_price":"","df_regular_price":64.95,"df_image_link":"https:\/\/madabouthorror.co.uk\/wp-content\/uploads\/2023\/04\/trick_or_treat_studios_rob_zombie_halloween_murder_mask-300x300.jpg","_links":{"self":[{"href":"https:\/\/madabouthorror.co.uk\/fr\/wp-json\/wp\/v2\/product\/131129","targetHints":{"allow":["GET"]}}],"collection":[{"href":"https:\/\/madabouthorror.co.uk\/fr\/wp-json\/wp\/v2\/product"}],"about":[{"href":"https:\/\/madabouthorror.co.uk\/fr\/wp-json\/wp\/v2\/types\/product"}],"replies":[{"embeddable":true,"href":"https:\/\/madabouthorror.co.uk\/fr\/wp-json\/wp\/v2\/comments?post=131129"}],"wp:featuredmedia":[{"embeddable":true,"href":"https:\/\/madabouthorror.co.uk\/fr\/wp-json\/wp\/v2\/media\/131128"}],"wp:attachment":[{"href":"https:\/\/madabouthorror.co.uk\/fr\/wp-json\/wp\/v2\/media?parent=131129"}],"wp:term":[{"taxonomy":"product_brand","embeddable":true,"href":"https:\/\/madabouthorror.co.uk\/fr\/wp-json\/wp\/v2\/product_brand?post=131129"},{"taxonomy":"product_cat","embeddable":true,"href":"https:\/\/madabouthorror.co.uk\/fr\/wp-json\/wp\/v2\/product_cat?post=131129"},{"taxonomy":"product_tag","embeddable":true,"href":"https:\/\/madabouthorror.co.uk\/fr\/wp-json\/wp\/v2\/product_tag?post=131129"}],"curies":[{"name":"wp","href":"https:\/\/api.w.org\/{rel}","templated":true}]}}