{"id":131133,"date":"2023-04-18T11:57:47","date_gmt":"2023-04-18T10:57:47","guid":{"rendered":"https:\/\/mah.6bdv.ws\/product\/rob-zombie-halloween-2-2009-bowie-knife-pre-order\/"},"modified":"2026-04-20T13:42:49","modified_gmt":"2026-04-20T12:42:49","slug":"rob-zombie-halloween-2-2009-bowie-knife","status":"publish","type":"product","link":"https:\/\/madabouthorror.co.uk\/fr\/product\/rob-zombie-halloween-2-2009-bowie-knife\/","title":{"rendered":"Rob Zombie Halloween 2 (2009) - Couteau Bowie"},"content":{"rendered":"<p>De la s\u00e9rie Halloween de Rob Zombie, voici le couteau Bowie sous licence officielle ! Ce couteau de taille imposante est fabriqu\u00e9 en plastique moul\u00e9 par injection et sa lame est macul\u00e9e de sang \u00e0 l'aspect r\u00e9aliste !<\/p>\n<div class=\"description rte section cf not-in-quickbuy\">\n<p>Cet accessoire sous licence a \u00e9t\u00e9 con\u00e7u sur le mod\u00e8le du grand couteau de chasse utilis\u00e9 par Michael Myers dans Halloween II (2009) ! C'est l'accessoire parfait pour votre masque de Michael Myers (vendu s\u00e9par\u00e9ment) et pour les collectionneurs d'Halloween !<\/p>\n<\/div>\n<div class=\"rte cf light-inner-row not-in-quickbuy\">\n<p>\u00ae \u2122 &amp; \u00a9 2023 Lions Gate Entertainment Inc. Tous droits r\u00e9serv\u00e9s.<\/p>\n<\/div>\n<div class=\"rte cf light-inner-row not-in-quickbuy\">\n<p>19\u2033 hors tout, 13\u2033 lame<\/p>\n<\/div>","protected":false},"excerpt":{"rendered":"<p>De la s\u00e9rie Halloween de Rob Zombie, voici le couteau Bowie sous licence officielle ! Ce couteau de taille imposante est fabriqu\u00e9 en plastique moul\u00e9 par injection et sa lame est macul\u00e9e de sang d'apparence r\u00e9aliste ! Cet accessoire sous licence s'inspire du grand couteau de chasse utilis\u00e9 par Michael Myers dans Halloween II (2009) ! C'est l'accessoire parfait pour votre masque de Michael Myers (vendu s\u00e9par\u00e9ment) et pour [...]<\/p>","protected":false},"featured_media":131132,"comment_status":"closed","ping_status":"closed","template":"","meta":{"_acf_changed":false},"product_brand":[],"product_cat":[10105,10078,7091,6551,10038,6552,6554,6792,6660],"product_tag":[],"class_list":{"0":"post-131133","1":"product","2":"type-product","3":"status-publish","4":"has-post-thumbnail","6":"product_cat-replica-knives","7":"product_cat-weapons-trick-or-treat-studios","8":"product_cat-tv-movie","9":"product_cat-costumes","10":"product_cat-horror-gifts","11":"product_cat-accessories","12":"product_cat-weapons","13":"product_cat-trick-or-treat-studios","14":"product_cat-halloweenmichaelmyers","15":"product_shipping_class-small-parcel-economy-3-5-business-days","17":"first","18":"outofstock","19":"taxable","20":"shipping-taxable","21":"purchasable","22":"product-type-simple"},"supplier_id":471029,"supplier_sku":"TTLG128","barcode":"810116281138","atum_controlled":true,"out_stock_date":"2025-07-04 22:03:28","out_stock_threshold":null,"inheritable":false,"inbound_stock":6,"stock_on_hold":0,"sold_today":0,"sales_last_days":0,"reserved_stock":0,"customer_returns":0,"warehouse_damage":0,"lost_in_post":0,"other_logs":0,"out_stock_days":303,"lost_sales":1209,"has_location":false,"update_date":"2026-05-04T01:42:38","atum_locations":[],"atum_stock_status":"outofstock","restock_status":false,"low_stock_amount":3,"sales_update_date":"2026-05-04T01:42:36","calc_backorders":null,"acf":[],"yoast_head":"<!-- This site is optimized with the Yoast SEO plugin v27.5 - https:\/\/yoast.com\/product\/yoast-seo-wordpress\/ -->\n<title>Halloween 2 Bowie knife - Rob Zombie<\/title>\n<meta name=\"description\" content=\"PRE ORDER NOW - Rob Zombie Halloween masks and props. Mad About Horror, official UK stockist of Trick or Treat Studios latex masks and collectibles. Huge range available from UK stock.\" \/>\n<meta name=\"robots\" content=\"index, follow, max-snippet:-1, max-image-preview:large, max-video-preview:-1\" \/>\n<link rel=\"canonical\" href=\"https:\/\/madabouthorror.co.uk\/fr\/product\/rob-zombie-halloween-2-2009-bowie-knife\/\" \/>\n<meta property=\"og:locale\" content=\"fr_FR\" \/>\n<meta property=\"og:type\" content=\"article\" \/>\n<meta property=\"og:title\" content=\"Halloween 2 Bowie knife - Rob Zombie\" \/>\n<meta property=\"og:description\" content=\"PRE ORDER NOW - Rob Zombie Halloween masks and props. Mad About Horror, official UK stockist of Trick or Treat Studios latex masks and collectibles. Huge range available from UK stock.\" \/>\n<meta property=\"og:url\" content=\"https:\/\/madabouthorror.co.uk\/fr\/product\/rob-zombie-halloween-2-2009-bowie-knife\/\" \/>\n<meta property=\"og:site_name\" content=\"Mad About Horror\" \/>\n<meta property=\"article:publisher\" content=\"https:\/\/www.facebook.com\/madabouthorror\/\" \/>\n<meta property=\"article:modified_time\" content=\"2026-04-20T12:42:49+00:00\" \/>\n<meta property=\"og:image\" content=\"https:\/\/madabouthorror.co.uk\/wp-content\/uploads\/2023\/04\/rob_zombie_halloween_2_bowie_knife_tots.jpg\" \/>\n\t<meta property=\"og:image:width\" content=\"670\" \/>\n\t<meta property=\"og:image:height\" content=\"670\" \/>\n\t<meta property=\"og:image:type\" content=\"image\/jpeg\" \/>\n<meta name=\"twitter:card\" content=\"summary_large_image\" \/>\n<meta name=\"twitter:label1\" content=\"Dur\u00e9e de lecture estim\u00e9e\" \/>\n\t<meta name=\"twitter:data1\" content=\"1 minute\" \/>\n<script type=\"application\/ld+json\" class=\"yoast-schema-graph\">{\"@context\":\"https:\\\/\\\/schema.org\",\"@graph\":[{\"@type\":[\"WebPage\",\"ItemPage\"],\"@id\":\"https:\\\/\\\/madabouthorror.co.uk\\\/product\\\/rob-zombie-halloween-2-2009-bowie-knife\\\/\",\"url\":\"https:\\\/\\\/madabouthorror.co.uk\\\/product\\\/rob-zombie-halloween-2-2009-bowie-knife\\\/\",\"name\":\"Halloween 2 Bowie knife - Rob Zombie\",\"isPartOf\":{\"@id\":\"https:\\\/\\\/madabouthorror.co.uk\\\/#website\"},\"primaryImageOfPage\":{\"@id\":\"https:\\\/\\\/madabouthorror.co.uk\\\/product\\\/rob-zombie-halloween-2-2009-bowie-knife\\\/#primaryimage\"},\"image\":{\"@id\":\"https:\\\/\\\/madabouthorror.co.uk\\\/product\\\/rob-zombie-halloween-2-2009-bowie-knife\\\/#primaryimage\"},\"thumbnailUrl\":\"https:\\\/\\\/madabouthorror.co.uk\\\/wp-content\\\/uploads\\\/2023\\\/04\\\/rob_zombie_halloween_2_bowie_knife_tots.jpg\",\"datePublished\":\"2023-04-18T10:57:47+00:00\",\"dateModified\":\"2026-04-20T12:42:49+00:00\",\"description\":\"PRE ORDER NOW - Rob Zombie Halloween masks and props. Mad About Horror, official UK stockist of Trick or Treat Studios latex masks and collectibles. Huge range available from UK stock.\",\"breadcrumb\":{\"@id\":\"https:\\\/\\\/madabouthorror.co.uk\\\/product\\\/rob-zombie-halloween-2-2009-bowie-knife\\\/#breadcrumb\"},\"inLanguage\":\"fr-FR\",\"potentialAction\":[{\"@type\":\"ReadAction\",\"target\":[\"https:\\\/\\\/madabouthorror.co.uk\\\/product\\\/rob-zombie-halloween-2-2009-bowie-knife\\\/\"]}]},{\"@type\":\"ImageObject\",\"inLanguage\":\"fr-FR\",\"@id\":\"https:\\\/\\\/madabouthorror.co.uk\\\/product\\\/rob-zombie-halloween-2-2009-bowie-knife\\\/#primaryimage\",\"url\":\"https:\\\/\\\/madabouthorror.co.uk\\\/wp-content\\\/uploads\\\/2023\\\/04\\\/rob_zombie_halloween_2_bowie_knife_tots.jpg\",\"contentUrl\":\"https:\\\/\\\/madabouthorror.co.uk\\\/wp-content\\\/uploads\\\/2023\\\/04\\\/rob_zombie_halloween_2_bowie_knife_tots.jpg\",\"width\":670,\"height\":670,\"caption\":\"Rob Zombie Halloween 2 (2009) - Bowie Knife - Trick or Treat Studios\"},{\"@type\":\"BreadcrumbList\",\"@id\":\"https:\\\/\\\/madabouthorror.co.uk\\\/product\\\/rob-zombie-halloween-2-2009-bowie-knife\\\/#breadcrumb\",\"itemListElement\":[{\"@type\":\"ListItem\",\"position\":1,\"name\":\"Shop\",\"item\":\"https:\\\/\\\/madabouthorror.co.uk\\\/shop\\\/\"},{\"@type\":\"ListItem\",\"position\":2,\"name\":\"Rob Zombie Halloween 2 (2009) &#8211; Bowie Knife\"}]},{\"@type\":\"WebSite\",\"@id\":\"https:\\\/\\\/madabouthorror.co.uk\\\/#website\",\"url\":\"https:\\\/\\\/madabouthorror.co.uk\\\/\",\"name\":\"Mad About Horror\",\"description\":\"\",\"publisher\":{\"@id\":\"https:\\\/\\\/madabouthorror.co.uk\\\/#organization\"},\"alternateName\":\"Mad About Horror Limited\",\"potentialAction\":[{\"@type\":\"SearchAction\",\"target\":{\"@type\":\"EntryPoint\",\"urlTemplate\":\"https:\\\/\\\/madabouthorror.co.uk\\\/?s={search_term_string}\"},\"query-input\":{\"@type\":\"PropertyValueSpecification\",\"valueRequired\":true,\"valueName\":\"search_term_string\"}}],\"inLanguage\":\"fr-FR\"},{\"@type\":\"Organization\",\"@id\":\"https:\\\/\\\/madabouthorror.co.uk\\\/#organization\",\"name\":\"Mad About Horror\",\"url\":\"https:\\\/\\\/madabouthorror.co.uk\\\/\",\"logo\":{\"@type\":\"ImageObject\",\"inLanguage\":\"fr-FR\",\"@id\":\"https:\\\/\\\/madabouthorror.co.uk\\\/#\\\/schema\\\/logo\\\/image\\\/\",\"url\":\"https:\\\/\\\/madabouthorror.co.uk\\\/wp-content\\\/uploads\\\/2024\\\/02\\\/cropped-Logo.png\",\"contentUrl\":\"https:\\\/\\\/madabouthorror.co.uk\\\/wp-content\\\/uploads\\\/2024\\\/02\\\/cropped-Logo.png\",\"width\":240,\"height\":88,\"caption\":\"Mad About Horror\"},\"image\":{\"@id\":\"https:\\\/\\\/madabouthorror.co.uk\\\/#\\\/schema\\\/logo\\\/image\\\/\"},\"sameAs\":[\"https:\\\/\\\/www.facebook.com\\\/madabouthorror\\\/\",\"https:\\\/\\\/www.instagram.com\\\/madabouthorror\\\/\",\"https:\\\/\\\/www.pinterest.co.uk\\\/madabouthorror\\\/\",\"https:\\\/\\\/www.youtube.com\\\/channel\\\/UCBooLOIxjoQ89dj6T5lWm_w\",\"https:\\\/\\\/www.tiktok.com\\\/@weremadabouthorror\"]}]}<\/script>\n<!-- \/ Yoast SEO plugin. -->","yoast_head_json":{"title":"Couteau Bowie pour Halloween 2 - Rob Zombie","description":"COMMANDEZ MAINTENANT - Masques et accessoires d'Halloween de Rob Zombie. Mad About Horror, revendeur officiel au Royaume-Uni des masques et objets de collection en latex de Trick or Treat Studios. Vaste gamme disponible en stock au Royaume-Uni.","robots":{"index":"index","follow":"follow","max-snippet":"max-snippet:-1","max-image-preview":"max-image-preview:large","max-video-preview":"max-video-preview:-1"},"canonical":"https:\/\/madabouthorror.co.uk\/fr\/product\/rob-zombie-halloween-2-2009-bowie-knife\/","og_locale":"fr_FR","og_type":"article","og_title":"Halloween 2 Bowie knife - Rob Zombie","og_description":"PRE ORDER NOW - Rob Zombie Halloween masks and props. Mad About Horror, official UK stockist of Trick or Treat Studios latex masks and collectibles. Huge range available from UK stock.","og_url":"https:\/\/madabouthorror.co.uk\/fr\/product\/rob-zombie-halloween-2-2009-bowie-knife\/","og_site_name":"Mad About Horror","article_publisher":"https:\/\/www.facebook.com\/madabouthorror\/","article_modified_time":"2026-04-20T12:42:49+00:00","og_image":[{"width":670,"height":670,"url":"https:\/\/madabouthorror.co.uk\/wp-content\/uploads\/2023\/04\/rob_zombie_halloween_2_bowie_knife_tots.jpg","type":"image\/jpeg"}],"twitter_card":"summary_large_image","twitter_misc":{"Dur\u00e9e de lecture estim\u00e9e":"1 minute"},"schema":{"@context":"https:\/\/schema.org","@graph":[{"@type":["WebPage","ItemPage"],"@id":"https:\/\/madabouthorror.co.uk\/product\/rob-zombie-halloween-2-2009-bowie-knife\/","url":"https:\/\/madabouthorror.co.uk\/product\/rob-zombie-halloween-2-2009-bowie-knife\/","name":"Couteau Bowie pour Halloween 2 - Rob Zombie","isPartOf":{"@id":"https:\/\/madabouthorror.co.uk\/#website"},"primaryImageOfPage":{"@id":"https:\/\/madabouthorror.co.uk\/product\/rob-zombie-halloween-2-2009-bowie-knife\/#primaryimage"},"image":{"@id":"https:\/\/madabouthorror.co.uk\/product\/rob-zombie-halloween-2-2009-bowie-knife\/#primaryimage"},"thumbnailUrl":"https:\/\/madabouthorror.co.uk\/wp-content\/uploads\/2023\/04\/rob_zombie_halloween_2_bowie_knife_tots.jpg","datePublished":"2023-04-18T10:57:47+00:00","dateModified":"2026-04-20T12:42:49+00:00","description":"COMMANDEZ MAINTENANT - Masques et accessoires d'Halloween de Rob Zombie. Mad About Horror, revendeur officiel au Royaume-Uni des masques et objets de collection en latex de Trick or Treat Studios. Vaste gamme disponible en stock au Royaume-Uni.","breadcrumb":{"@id":"https:\/\/madabouthorror.co.uk\/product\/rob-zombie-halloween-2-2009-bowie-knife\/#breadcrumb"},"inLanguage":"fr-FR","potentialAction":[{"@type":"ReadAction","target":["https:\/\/madabouthorror.co.uk\/product\/rob-zombie-halloween-2-2009-bowie-knife\/"]}]},{"@type":"ImageObject","inLanguage":"fr-FR","@id":"https:\/\/madabouthorror.co.uk\/product\/rob-zombie-halloween-2-2009-bowie-knife\/#primaryimage","url":"https:\/\/madabouthorror.co.uk\/wp-content\/uploads\/2023\/04\/rob_zombie_halloween_2_bowie_knife_tots.jpg","contentUrl":"https:\/\/madabouthorror.co.uk\/wp-content\/uploads\/2023\/04\/rob_zombie_halloween_2_bowie_knife_tots.jpg","width":670,"height":670,"caption":"Rob Zombie Halloween 2 (2009) - Bowie Knife - Trick or Treat Studios"},{"@type":"BreadcrumbList","@id":"https:\/\/madabouthorror.co.uk\/product\/rob-zombie-halloween-2-2009-bowie-knife\/#breadcrumb","itemListElement":[{"@type":"ListItem","position":1,"name":"Shop","item":"https:\/\/madabouthorror.co.uk\/shop\/"},{"@type":"ListItem","position":2,"name":"Rob Zombie Halloween 2 (2009) &#8211; Bowie Knife"}]},{"@type":"WebSite","@id":"https:\/\/madabouthorror.co.uk\/#website","url":"https:\/\/madabouthorror.co.uk\/","name":"L'horreur en folie","description":"","publisher":{"@id":"https:\/\/madabouthorror.co.uk\/#organization"},"alternateName":"Mad About Horror Limited","potentialAction":[{"@type":"SearchAction","target":{"@type":"EntryPoint","urlTemplate":"https:\/\/madabouthorror.co.uk\/?s={search_term_string}"},"query-input":{"@type":"PropertyValueSpecification","valueRequired":true,"valueName":"search_term_string"}}],"inLanguage":"fr-FR"},{"@type":"Organization","@id":"https:\/\/madabouthorror.co.uk\/#organization","name":"L'horreur en folie","url":"https:\/\/madabouthorror.co.uk\/","logo":{"@type":"ImageObject","inLanguage":"fr-FR","@id":"https:\/\/madabouthorror.co.uk\/#\/schema\/logo\/image\/","url":"https:\/\/madabouthorror.co.uk\/wp-content\/uploads\/2024\/02\/cropped-Logo.png","contentUrl":"https:\/\/madabouthorror.co.uk\/wp-content\/uploads\/2024\/02\/cropped-Logo.png","width":240,"height":88,"caption":"Mad About Horror"},"image":{"@id":"https:\/\/madabouthorror.co.uk\/#\/schema\/logo\/image\/"},"sameAs":["https:\/\/www.facebook.com\/madabouthorror\/","https:\/\/www.instagram.com\/madabouthorror\/","https:\/\/www.pinterest.co.uk\/madabouthorror\/","https:\/\/www.youtube.com\/channel\/UCBooLOIxjoQ89dj6T5lWm_w","https:\/\/www.tiktok.com\/@weremadabouthorror"]}]}},"df_price":27.95,"df_sale_price":"","df_regular_price":27.95,"df_image_link":"https:\/\/madabouthorror.co.uk\/wp-content\/uploads\/2023\/04\/rob_zombie_halloween_2_bowie_knife_tots-300x300.jpg","_links":{"self":[{"href":"https:\/\/madabouthorror.co.uk\/fr\/wp-json\/wp\/v2\/product\/131133","targetHints":{"allow":["GET"]}}],"collection":[{"href":"https:\/\/madabouthorror.co.uk\/fr\/wp-json\/wp\/v2\/product"}],"about":[{"href":"https:\/\/madabouthorror.co.uk\/fr\/wp-json\/wp\/v2\/types\/product"}],"replies":[{"embeddable":true,"href":"https:\/\/madabouthorror.co.uk\/fr\/wp-json\/wp\/v2\/comments?post=131133"}],"wp:featuredmedia":[{"embeddable":true,"href":"https:\/\/madabouthorror.co.uk\/fr\/wp-json\/wp\/v2\/media\/131132"}],"wp:attachment":[{"href":"https:\/\/madabouthorror.co.uk\/fr\/wp-json\/wp\/v2\/media?parent=131133"}],"wp:term":[{"taxonomy":"product_brand","embeddable":true,"href":"https:\/\/madabouthorror.co.uk\/fr\/wp-json\/wp\/v2\/product_brand?post=131133"},{"taxonomy":"product_cat","embeddable":true,"href":"https:\/\/madabouthorror.co.uk\/fr\/wp-json\/wp\/v2\/product_cat?post=131133"},{"taxonomy":"product_tag","embeddable":true,"href":"https:\/\/madabouthorror.co.uk\/fr\/wp-json\/wp\/v2\/product_tag?post=131133"}],"curies":[{"name":"wp","href":"https:\/\/api.w.org\/{rel}","templated":true}]}}