{"id":131166,"date":"2023-06-15T10:45:04","date_gmt":"2023-06-15T09:45:04","guid":{"rendered":"https:\/\/mah.6bdv.ws\/?post_type=product&#038;p=131166"},"modified":"2026-04-06T19:56:25","modified_gmt":"2026-04-06T18:56:25","slug":"ultimate-chucky-tommy-set","status":"publish","type":"product","link":"https:\/\/madabouthorror.co.uk\/fr\/product\/ultimate-chucky-tommy-set\/","title":{"rendered":"Child's Play 2 - Ultimate Chucky 1:1 Replica Doll - Tommy Head &amp; Hands S..."},"content":{"rendered":"<p>Pr\u00e9sentant la t\u00eate de la poup\u00e9e Ultimate Chucky sous licence officielle Universal Studios, cet ensemble de t\u00eate et de mains Good Guy \"Tommy\" est l'extension parfaite de votre collection Ultimate Chucky. Con\u00e7u pour s'adapter parfaitement au corps de la poup\u00e9e Ultimate Chucky, cet ensemble vous permet de transformer votre poup\u00e9e en \"Tommy\", le personnage de Child's Play 2.<\/p>\n<p>D\u00e9velopp\u00e9e par Garrett Zima, la t\u00eate est dot\u00e9e d'yeux mobiles, tout comme la t\u00eate originale de la poup\u00e9e r\u00e9plique \u00e0 l'\u00e9chelle 1:1, ce qui offre des options de personnalisation suppl\u00e9mentaires. Compl\u00e9t\u00e9 par les mains, cet ensemble est pr\u00e9sent\u00e9 dans une bo\u00eete \u00e0 fen\u00eatre, id\u00e9ale pour l'exposition ou le rangement. \u00c9largissez votre collection et am\u00e9liorez votre pr\u00e9sentation avec cet ensemble d'accessoires indispensable.<\/p>\n<div class=\"description rte section cf not-in-quickbuy\">\n<p>Veuillez noter que le corps de la poup\u00e9e n'est pas inclus dans l'ensemble d'accessoires, il doit \u00eatre achet\u00e9 dans le cadre de l'Ultimate Chucky Doll.<\/p>\n<\/div>\n<div class=\"rte cf light-inner-row not-in-quickbuy\">\n<p>Universal City Studios LLC. Tous droits r\u00e9serv\u00e9s.<\/p>\n<\/div>","protected":false},"excerpt":{"rendered":"<p>Pr\u00e9sentant la t\u00eate de la poup\u00e9e Ultimate Chucky sous licence officielle Universal Studios, cet ensemble de t\u00eate et de mains Good Guy \"Tommy\" est l'extension parfaite de votre collection Ultimate Chucky. Con\u00e7u pour s'adapter parfaitement au corps de la poup\u00e9e Ultimate Chucky, cet ensemble vous permet de transformer votre poup\u00e9e en \"Tommy\", le personnage de Child's Play 2. D\u00e9velopp\u00e9 par [...]<\/p>","protected":false},"featured_media":453290,"comment_status":"closed","ping_status":"closed","template":"","meta":{"_acf_changed":false},"product_brand":[],"product_cat":[10133,10129,10134,10076,9946,6537,10038,6728,9924,8802,6792],"product_tag":[],"class_list":{"0":"post-131166","1":"product","2":"type-product","3":"status-publish","4":"has-post-thumbnail","6":"product_cat-chucky-dolls-childs-play","7":"product_cat-main-gift","8":"product_cat-official-replica-dolls-accessories","9":"product_cat-replica-dolls-props","10":"product_cat-replica-dolls","11":"product_cat-collectibles","12":"product_cat-horror-gifts","13":"product_cat-premium","14":"product_cat-trick-or-treat-studios-last-chance","15":"product_cat-sale","16":"product_cat-trick-or-treat-studios","18":"first","19":"instock","20":"sale","21":"taxable","22":"shipping-taxable","23":"purchasable","24":"product-type-simple"},"supplier_id":471029,"supplier_sku":"TTUS196-D","barcode":"811501039556","atum_controlled":true,"out_stock_date":null,"out_stock_threshold":null,"inheritable":false,"inbound_stock":0,"stock_on_hold":0,"sold_today":0,"sales_last_days":3,"reserved_stock":0,"customer_returns":0,"warehouse_damage":0,"lost_in_post":0,"other_logs":0,"out_stock_days":0,"lost_sales":0,"has_location":false,"update_date":"2026-04-08T01:59:25","atum_locations":[],"atum_stock_status":"instock","restock_status":false,"low_stock_amount":21,"sales_update_date":"2026-04-08T01:59:24","calc_backorders":null,"acf":[],"yoast_head":"<!-- This site is optimized with the Yoast SEO plugin v27.3 - https:\/\/yoast.com\/product\/yoast-seo-wordpress\/ -->\n<title>Ultimate Chucky Doll Head - Tommy Set | Mad About Horror<\/title>\n<meta name=\"description\" content=\"PRE ORDER Ultimate Chucky Doll Head - Tommy Set by Trick or Treat Studios. Last chance, item being discontinued soon. Official UK stockist.\" \/>\n<meta name=\"robots\" content=\"index, follow, max-snippet:-1, max-image-preview:large, max-video-preview:-1\" \/>\n<link rel=\"canonical\" href=\"https:\/\/madabouthorror.co.uk\/fr\/product\/ultimate-chucky-tommy-set\/\" \/>\n<meta property=\"og:locale\" content=\"fr_FR\" \/>\n<meta property=\"og:type\" content=\"article\" \/>\n<meta property=\"og:title\" content=\"Ultimate Chucky Doll Head - Tommy Set | Mad About Horror\" \/>\n<meta property=\"og:description\" content=\"PRE ORDER Ultimate Chucky Doll Head - Tommy Set by Trick or Treat Studios. Last chance, item being discontinued soon. Official UK stockist.\" \/>\n<meta property=\"og:url\" content=\"https:\/\/madabouthorror.co.uk\/fr\/product\/ultimate-chucky-tommy-set\/\" \/>\n<meta property=\"og:site_name\" content=\"Mad About Horror\" \/>\n<meta property=\"article:publisher\" content=\"https:\/\/www.facebook.com\/madabouthorror\/\" \/>\n<meta property=\"article:modified_time\" content=\"2026-04-06T18:56:25+00:00\" \/>\n<meta property=\"og:image\" content=\"https:\/\/madabouthorror.co.uk\/wp-content\/uploads\/2023\/06\/chucky-tommy-head-and-hands-set-tots.jpg\" \/>\n\t<meta property=\"og:image:width\" content=\"1500\" \/>\n\t<meta property=\"og:image:height\" content=\"1500\" \/>\n\t<meta property=\"og:image:type\" content=\"image\/jpeg\" \/>\n<meta name=\"twitter:card\" content=\"summary_large_image\" \/>\n<meta name=\"twitter:label1\" content=\"Dur\u00e9e de lecture estim\u00e9e\" \/>\n\t<meta name=\"twitter:data1\" content=\"1 minute\" \/>\n<script type=\"application\/ld+json\" class=\"yoast-schema-graph\">{\"@context\":\"https:\\\/\\\/schema.org\",\"@graph\":[{\"@type\":[\"WebPage\",\"ItemPage\"],\"@id\":\"https:\\\/\\\/madabouthorror.co.uk\\\/product\\\/ultimate-chucky-tommy-set\\\/\",\"url\":\"https:\\\/\\\/madabouthorror.co.uk\\\/product\\\/ultimate-chucky-tommy-set\\\/\",\"name\":\"Ultimate Chucky Doll Head - Tommy Set | Mad About Horror\",\"isPartOf\":{\"@id\":\"https:\\\/\\\/madabouthorror.co.uk\\\/#website\"},\"primaryImageOfPage\":{\"@id\":\"https:\\\/\\\/madabouthorror.co.uk\\\/product\\\/ultimate-chucky-tommy-set\\\/#primaryimage\"},\"image\":{\"@id\":\"https:\\\/\\\/madabouthorror.co.uk\\\/product\\\/ultimate-chucky-tommy-set\\\/#primaryimage\"},\"thumbnailUrl\":\"https:\\\/\\\/madabouthorror.co.uk\\\/wp-content\\\/uploads\\\/2023\\\/06\\\/chucky-tommy-head-and-hands-set-tots.jpg\",\"datePublished\":\"2023-06-15T09:45:04+00:00\",\"dateModified\":\"2026-04-06T18:56:25+00:00\",\"description\":\"PRE ORDER Ultimate Chucky Doll Head - Tommy Set by Trick or Treat Studios. Last chance, item being discontinued soon. Official UK stockist.\",\"breadcrumb\":{\"@id\":\"https:\\\/\\\/madabouthorror.co.uk\\\/product\\\/ultimate-chucky-tommy-set\\\/#breadcrumb\"},\"inLanguage\":\"fr-FR\",\"potentialAction\":[{\"@type\":\"ReadAction\",\"target\":[\"https:\\\/\\\/madabouthorror.co.uk\\\/product\\\/ultimate-chucky-tommy-set\\\/\"]}]},{\"@type\":\"ImageObject\",\"inLanguage\":\"fr-FR\",\"@id\":\"https:\\\/\\\/madabouthorror.co.uk\\\/product\\\/ultimate-chucky-tommy-set\\\/#primaryimage\",\"url\":\"https:\\\/\\\/madabouthorror.co.uk\\\/wp-content\\\/uploads\\\/2023\\\/06\\\/chucky-tommy-head-and-hands-set-tots.jpg\",\"contentUrl\":\"https:\\\/\\\/madabouthorror.co.uk\\\/wp-content\\\/uploads\\\/2023\\\/06\\\/chucky-tommy-head-and-hands-set-tots.jpg\",\"width\":1500,\"height\":1500,\"caption\":\"trick or treat studios Tommy head chucky doll\"},{\"@type\":\"BreadcrumbList\",\"@id\":\"https:\\\/\\\/madabouthorror.co.uk\\\/product\\\/ultimate-chucky-tommy-set\\\/#breadcrumb\",\"itemListElement\":[{\"@type\":\"ListItem\",\"position\":1,\"name\":\"Shop\",\"item\":\"https:\\\/\\\/madabouthorror.co.uk\\\/shop\\\/\"},{\"@type\":\"ListItem\",\"position\":2,\"name\":\"Child&#8217;s Play 2 &#8211; Ultimate Chucky 1:1 Replica Doll &#8211; Tommy Head &#038; Hands S\u2026\"}]},{\"@type\":\"WebSite\",\"@id\":\"https:\\\/\\\/madabouthorror.co.uk\\\/#website\",\"url\":\"https:\\\/\\\/madabouthorror.co.uk\\\/\",\"name\":\"Mad About Horror\",\"description\":\"\",\"publisher\":{\"@id\":\"https:\\\/\\\/madabouthorror.co.uk\\\/#organization\"},\"alternateName\":\"Mad About Horror Limited\",\"potentialAction\":[{\"@type\":\"SearchAction\",\"target\":{\"@type\":\"EntryPoint\",\"urlTemplate\":\"https:\\\/\\\/madabouthorror.co.uk\\\/?s={search_term_string}\"},\"query-input\":{\"@type\":\"PropertyValueSpecification\",\"valueRequired\":true,\"valueName\":\"search_term_string\"}}],\"inLanguage\":\"fr-FR\"},{\"@type\":\"Organization\",\"@id\":\"https:\\\/\\\/madabouthorror.co.uk\\\/#organization\",\"name\":\"Mad About Horror\",\"url\":\"https:\\\/\\\/madabouthorror.co.uk\\\/\",\"logo\":{\"@type\":\"ImageObject\",\"inLanguage\":\"fr-FR\",\"@id\":\"https:\\\/\\\/madabouthorror.co.uk\\\/#\\\/schema\\\/logo\\\/image\\\/\",\"url\":\"https:\\\/\\\/madabouthorror.co.uk\\\/wp-content\\\/uploads\\\/2024\\\/02\\\/cropped-Logo.png\",\"contentUrl\":\"https:\\\/\\\/madabouthorror.co.uk\\\/wp-content\\\/uploads\\\/2024\\\/02\\\/cropped-Logo.png\",\"width\":240,\"height\":88,\"caption\":\"Mad About Horror\"},\"image\":{\"@id\":\"https:\\\/\\\/madabouthorror.co.uk\\\/#\\\/schema\\\/logo\\\/image\\\/\"},\"sameAs\":[\"https:\\\/\\\/www.facebook.com\\\/madabouthorror\\\/\",\"https:\\\/\\\/www.instagram.com\\\/madabouthorror\\\/\",\"https:\\\/\\\/www.pinterest.co.uk\\\/madabouthorror\\\/\",\"https:\\\/\\\/www.youtube.com\\\/channel\\\/UCBooLOIxjoQ89dj6T5lWm_w\",\"https:\\\/\\\/www.tiktok.com\\\/@weremadabouthorror\"]}]}<\/script>\n<!-- \/ Yoast SEO plugin. -->","yoast_head_json":{"title":"T\u00eate de poup\u00e9e Chucky - Tommy Set | Mad About Horror","description":"COMMANDE PR\u00c9ALABLE T\u00eate de poup\u00e9e Chucky - Tommy Set par Trick or Treat Studios. Derni\u00e8re chance, l'article ne sera bient\u00f4t plus disponible. Stockiste officiel au Royaume-Uni.","robots":{"index":"index","follow":"follow","max-snippet":"max-snippet:-1","max-image-preview":"max-image-preview:large","max-video-preview":"max-video-preview:-1"},"canonical":"https:\/\/madabouthorror.co.uk\/fr\/product\/ultimate-chucky-tommy-set\/","og_locale":"fr_FR","og_type":"article","og_title":"Ultimate Chucky Doll Head - Tommy Set | Mad About Horror","og_description":"PRE ORDER Ultimate Chucky Doll Head - Tommy Set by Trick or Treat Studios. Last chance, item being discontinued soon. Official UK stockist.","og_url":"https:\/\/madabouthorror.co.uk\/fr\/product\/ultimate-chucky-tommy-set\/","og_site_name":"Mad About Horror","article_publisher":"https:\/\/www.facebook.com\/madabouthorror\/","article_modified_time":"2026-04-06T18:56:25+00:00","og_image":[{"width":1500,"height":1500,"url":"https:\/\/madabouthorror.co.uk\/wp-content\/uploads\/2023\/06\/chucky-tommy-head-and-hands-set-tots.jpg","type":"image\/jpeg"}],"twitter_card":"summary_large_image","twitter_misc":{"Dur\u00e9e de lecture estim\u00e9e":"1 minute"},"schema":{"@context":"https:\/\/schema.org","@graph":[{"@type":["WebPage","ItemPage"],"@id":"https:\/\/madabouthorror.co.uk\/product\/ultimate-chucky-tommy-set\/","url":"https:\/\/madabouthorror.co.uk\/product\/ultimate-chucky-tommy-set\/","name":"T\u00eate de poup\u00e9e Chucky - Tommy Set | Mad About Horror","isPartOf":{"@id":"https:\/\/madabouthorror.co.uk\/#website"},"primaryImageOfPage":{"@id":"https:\/\/madabouthorror.co.uk\/product\/ultimate-chucky-tommy-set\/#primaryimage"},"image":{"@id":"https:\/\/madabouthorror.co.uk\/product\/ultimate-chucky-tommy-set\/#primaryimage"},"thumbnailUrl":"https:\/\/madabouthorror.co.uk\/wp-content\/uploads\/2023\/06\/chucky-tommy-head-and-hands-set-tots.jpg","datePublished":"2023-06-15T09:45:04+00:00","dateModified":"2026-04-06T18:56:25+00:00","description":"COMMANDE PR\u00c9ALABLE T\u00eate de poup\u00e9e Chucky - Tommy Set par Trick or Treat Studios. Derni\u00e8re chance, l'article ne sera bient\u00f4t plus disponible. Stockiste officiel au Royaume-Uni.","breadcrumb":{"@id":"https:\/\/madabouthorror.co.uk\/product\/ultimate-chucky-tommy-set\/#breadcrumb"},"inLanguage":"fr-FR","potentialAction":[{"@type":"ReadAction","target":["https:\/\/madabouthorror.co.uk\/product\/ultimate-chucky-tommy-set\/"]}]},{"@type":"ImageObject","inLanguage":"fr-FR","@id":"https:\/\/madabouthorror.co.uk\/product\/ultimate-chucky-tommy-set\/#primaryimage","url":"https:\/\/madabouthorror.co.uk\/wp-content\/uploads\/2023\/06\/chucky-tommy-head-and-hands-set-tots.jpg","contentUrl":"https:\/\/madabouthorror.co.uk\/wp-content\/uploads\/2023\/06\/chucky-tommy-head-and-hands-set-tots.jpg","width":1500,"height":1500,"caption":"trick or treat studios Tommy head chucky doll"},{"@type":"BreadcrumbList","@id":"https:\/\/madabouthorror.co.uk\/product\/ultimate-chucky-tommy-set\/#breadcrumb","itemListElement":[{"@type":"ListItem","position":1,"name":"Shop","item":"https:\/\/madabouthorror.co.uk\/shop\/"},{"@type":"ListItem","position":2,"name":"Child&#8217;s Play 2 &#8211; Ultimate Chucky 1:1 Replica Doll &#8211; Tommy Head &#038; Hands S\u2026"}]},{"@type":"WebSite","@id":"https:\/\/madabouthorror.co.uk\/#website","url":"https:\/\/madabouthorror.co.uk\/","name":"L'horreur en folie","description":"","publisher":{"@id":"https:\/\/madabouthorror.co.uk\/#organization"},"alternateName":"Mad About Horror Limited","potentialAction":[{"@type":"SearchAction","target":{"@type":"EntryPoint","urlTemplate":"https:\/\/madabouthorror.co.uk\/?s={search_term_string}"},"query-input":{"@type":"PropertyValueSpecification","valueRequired":true,"valueName":"search_term_string"}}],"inLanguage":"fr-FR"},{"@type":"Organization","@id":"https:\/\/madabouthorror.co.uk\/#organization","name":"L'horreur en folie","url":"https:\/\/madabouthorror.co.uk\/","logo":{"@type":"ImageObject","inLanguage":"fr-FR","@id":"https:\/\/madabouthorror.co.uk\/#\/schema\/logo\/image\/","url":"https:\/\/madabouthorror.co.uk\/wp-content\/uploads\/2024\/02\/cropped-Logo.png","contentUrl":"https:\/\/madabouthorror.co.uk\/wp-content\/uploads\/2024\/02\/cropped-Logo.png","width":240,"height":88,"caption":"Mad About Horror"},"image":{"@id":"https:\/\/madabouthorror.co.uk\/#\/schema\/logo\/image\/"},"sameAs":["https:\/\/www.facebook.com\/madabouthorror\/","https:\/\/www.instagram.com\/madabouthorror\/","https:\/\/www.pinterest.co.uk\/madabouthorror\/","https:\/\/www.youtube.com\/channel\/UCBooLOIxjoQ89dj6T5lWm_w","https:\/\/www.tiktok.com\/@weremadabouthorror"]}]}},"df_price":187.45,"df_sale_price":187.45,"df_regular_price":249.95,"df_image_link":"https:\/\/madabouthorror.co.uk\/wp-content\/uploads\/2023\/06\/chucky-tommy-head-and-hands-set-tots-300x300.jpg","_links":{"self":[{"href":"https:\/\/madabouthorror.co.uk\/fr\/wp-json\/wp\/v2\/product\/131166","targetHints":{"allow":["GET"]}}],"collection":[{"href":"https:\/\/madabouthorror.co.uk\/fr\/wp-json\/wp\/v2\/product"}],"about":[{"href":"https:\/\/madabouthorror.co.uk\/fr\/wp-json\/wp\/v2\/types\/product"}],"replies":[{"embeddable":true,"href":"https:\/\/madabouthorror.co.uk\/fr\/wp-json\/wp\/v2\/comments?post=131166"}],"wp:featuredmedia":[{"embeddable":true,"href":"https:\/\/madabouthorror.co.uk\/fr\/wp-json\/wp\/v2\/media\/453290"}],"wp:attachment":[{"href":"https:\/\/madabouthorror.co.uk\/fr\/wp-json\/wp\/v2\/media?parent=131166"}],"wp:term":[{"taxonomy":"product_brand","embeddable":true,"href":"https:\/\/madabouthorror.co.uk\/fr\/wp-json\/wp\/v2\/product_brand?post=131166"},{"taxonomy":"product_cat","embeddable":true,"href":"https:\/\/madabouthorror.co.uk\/fr\/wp-json\/wp\/v2\/product_cat?post=131166"},{"taxonomy":"product_tag","embeddable":true,"href":"https:\/\/madabouthorror.co.uk\/fr\/wp-json\/wp\/v2\/product_tag?post=131166"}],"curies":[{"name":"wp","href":"https:\/\/api.w.org\/{rel}","templated":true}]}}