{"id":253137,"date":"2023-05-11T11:47:10","date_gmt":"2023-05-11T10:47:10","guid":{"rendered":"https:\/\/mah.6bdv.ws\/product\/neca-the-thing-deluxe-ultimate-dog-creature-7-figure\/"},"modified":"2026-04-03T19:01:27","modified_gmt":"2026-04-03T18:01:27","slug":"neca-the-thing-deluxe-ultimate-dog-creature-7-figure","status":"publish","type":"product","link":"https:\/\/madabouthorror.co.uk\/fr\/product\/neca-the-thing-deluxe-ultimate-dog-creature-7-figure\/","title":{"rendered":"NECA The Thing - Deluxe Ultimate Dog Creature 7\u2033 Figure"},"content":{"rendered":"<p>Plongez dans l'univers gla\u00e7ant du chef-d'\u0153uvre d'horreur de John Carpenter, The Thing, avec cette figurine de luxe enti\u00e8rement articul\u00e9e. Dans le cercle d\u00e9sol\u00e9 de l'Antarctique, une \u00e9quipe de recherche isol\u00e9e tombe sur une ancienne terreur qui attend depuis plus de 100 000 ans - une entit\u00e9 m\u00e9tamorphique capable d'assimiler toute cr\u00e9ature organique qu'elle rencontre.<\/p>\n<p>Cette figurine de luxe capture l'essence de la transformation de la cr\u00e9ature chien avec des d\u00e9tails incroyables. Avec plus de 25 pi\u00e8ces interchangeables, vous avez la possibilit\u00e9 de personnaliser la figurine, mettant en sc\u00e8ne l'horrible m\u00e9tamorphose d'un chien ordinaire en une monstruosit\u00e9 changeante. La figurine est enti\u00e8rement articul\u00e9e, ce qui permet de prendre toute une s\u00e9rie de poses qui donnent vie \u00e0 la terreur de La Chose.<\/p>\n<p>Pr\u00e9sent\u00e9e dans un emballage de collection \u00e0 5 panneaux avec un rabat avant qui s'ouvre, cette figurine de luxe est un must pour les fans du film et les collectionneurs de souvenirs d'horreur. Plongez dans l'atmosph\u00e8re de suspense de The Thing et ajoutez cette figurine impressionnante \u00e0 votre collection de films d'horreur.<\/p>","protected":false},"excerpt":{"rendered":"<p>Plongez dans l'univers gla\u00e7ant du chef-d'\u0153uvre d'horreur de John Carpenter, The Thing, avec cette figurine de luxe enti\u00e8rement articul\u00e9e. Dans le cercle d\u00e9sol\u00e9 de l'Antarctique, une \u00e9quipe de recherche isol\u00e9e tombe sur une ancienne terreur qui attend depuis plus de 100 000 ans - une entit\u00e9 m\u00e9tamorphique capable d'assimiler toute cr\u00e9ature organique qu'elle rencontre. Cette [...]<\/p>","protected":false},"featured_media":253120,"comment_status":"closed","ping_status":"closed","template":"","meta":{"_acf_changed":false},"product_brand":[],"product_cat":[6538,10149,6537,10040,10038,9935,6793,6710],"product_tag":[],"class_list":{"0":"post-253137","1":"product","2":"type-product","3":"status-publish","4":"has-post-thumbnail","6":"product_cat-figures","7":"product_cat-sci-fi","8":"product_cat-collectibles","9":"product_cat-gifts-under-100","10":"product_cat-horror-gifts","11":"product_cat-neca-ultimates","12":"product_cat-neca","13":"product_cat-thething","15":"first","16":"instock","17":"taxable","18":"shipping-taxable","19":"purchasable","20":"product-type-simple"},"supplier_id":467442,"supplier_sku":"4905","barcode":"634482000000","atum_controlled":true,"out_stock_date":null,"out_stock_threshold":null,"inheritable":false,"inbound_stock":0,"stock_on_hold":0,"sold_today":0,"sales_last_days":1,"reserved_stock":0,"customer_returns":0,"warehouse_damage":0,"lost_in_post":0,"other_logs":0,"out_stock_days":0,"lost_sales":0,"has_location":false,"update_date":"2026-04-25T01:54:10","atum_locations":[],"atum_stock_status":"instock","restock_status":false,"low_stock_amount":2,"sales_update_date":"2026-04-25T01:54:09","calc_backorders":null,"acf":[],"yoast_head":"<!-- This site is optimized with the Yoast SEO plugin v27.4 - https:\/\/yoast.com\/product\/yoast-seo-wordpress\/ -->\n<title>NECA The Thing - Deluxe Ultimate Dog Creature 7&quot; Figure<\/title>\n<meta name=\"description\" content=\"Officially licensed NECA The Thing - Deluxe Ultimate Dog Creature 7&quot; Figure. Shop Horror collectibles and Halloween props. UK Stockist.\" \/>\n<meta name=\"robots\" content=\"index, follow, max-snippet:-1, max-image-preview:large, max-video-preview:-1\" \/>\n<link rel=\"canonical\" href=\"https:\/\/madabouthorror.co.uk\/fr\/product\/neca-the-thing-deluxe-ultimate-dog-creature-7-figure\/\" \/>\n<meta property=\"og:locale\" content=\"fr_FR\" \/>\n<meta property=\"og:type\" content=\"article\" \/>\n<meta property=\"og:title\" content=\"NECA The Thing - Deluxe Ultimate Dog Creature 7&quot; Figure\" \/>\n<meta property=\"og:description\" content=\"Officially licensed NECA The Thing - Deluxe Ultimate Dog Creature 7&quot; Figure. Shop Horror collectibles and Halloween props. UK Stockist.\" \/>\n<meta property=\"og:url\" content=\"https:\/\/madabouthorror.co.uk\/fr\/product\/neca-the-thing-deluxe-ultimate-dog-creature-7-figure\/\" \/>\n<meta property=\"og:site_name\" content=\"Mad About Horror\" \/>\n<meta property=\"article:publisher\" content=\"https:\/\/www.facebook.com\/madabouthorror\/\" \/>\n<meta property=\"article:modified_time\" content=\"2026-04-03T18:01:27+00:00\" \/>\n<meta property=\"og:image\" content=\"https:\/\/madabouthorror.co.uk\/wp-content\/uploads\/2023\/05\/neca_the_thing_dog_creature.jpg\" \/>\n\t<meta property=\"og:image:width\" content=\"650\" \/>\n\t<meta property=\"og:image:height\" content=\"650\" \/>\n\t<meta property=\"og:image:type\" content=\"image\/jpeg\" \/>\n<meta name=\"twitter:card\" content=\"summary_large_image\" \/>\n<meta name=\"twitter:label1\" content=\"Dur\u00e9e de lecture estim\u00e9e\" \/>\n\t<meta name=\"twitter:data1\" content=\"1 minute\" \/>\n<script type=\"application\/ld+json\" class=\"yoast-schema-graph\">{\"@context\":\"https:\\\/\\\/schema.org\",\"@graph\":[{\"@type\":[\"WebPage\",\"ItemPage\"],\"@id\":\"https:\\\/\\\/madabouthorror.co.uk\\\/product\\\/neca-the-thing-deluxe-ultimate-dog-creature-7-figure\\\/\",\"url\":\"https:\\\/\\\/madabouthorror.co.uk\\\/product\\\/neca-the-thing-deluxe-ultimate-dog-creature-7-figure\\\/\",\"name\":\"NECA The Thing - Deluxe Ultimate Dog Creature 7\\\" Figure\",\"isPartOf\":{\"@id\":\"https:\\\/\\\/madabouthorror.co.uk\\\/#website\"},\"primaryImageOfPage\":{\"@id\":\"https:\\\/\\\/madabouthorror.co.uk\\\/product\\\/neca-the-thing-deluxe-ultimate-dog-creature-7-figure\\\/#primaryimage\"},\"image\":{\"@id\":\"https:\\\/\\\/madabouthorror.co.uk\\\/product\\\/neca-the-thing-deluxe-ultimate-dog-creature-7-figure\\\/#primaryimage\"},\"thumbnailUrl\":\"https:\\\/\\\/madabouthorror.co.uk\\\/wp-content\\\/uploads\\\/2023\\\/05\\\/neca_the_thing_dog_creature.jpg\",\"datePublished\":\"2023-05-11T10:47:10+00:00\",\"dateModified\":\"2026-04-03T18:01:27+00:00\",\"description\":\"Officially licensed NECA The Thing - Deluxe Ultimate Dog Creature 7\\\" Figure. Shop Horror collectibles and Halloween props. UK Stockist.\",\"breadcrumb\":{\"@id\":\"https:\\\/\\\/madabouthorror.co.uk\\\/product\\\/neca-the-thing-deluxe-ultimate-dog-creature-7-figure\\\/#breadcrumb\"},\"inLanguage\":\"fr-FR\",\"potentialAction\":[{\"@type\":\"ReadAction\",\"target\":[\"https:\\\/\\\/madabouthorror.co.uk\\\/product\\\/neca-the-thing-deluxe-ultimate-dog-creature-7-figure\\\/\"]}]},{\"@type\":\"ImageObject\",\"inLanguage\":\"fr-FR\",\"@id\":\"https:\\\/\\\/madabouthorror.co.uk\\\/product\\\/neca-the-thing-deluxe-ultimate-dog-creature-7-figure\\\/#primaryimage\",\"url\":\"https:\\\/\\\/madabouthorror.co.uk\\\/wp-content\\\/uploads\\\/2023\\\/05\\\/neca_the_thing_dog_creature.jpg\",\"contentUrl\":\"https:\\\/\\\/madabouthorror.co.uk\\\/wp-content\\\/uploads\\\/2023\\\/05\\\/neca_the_thing_dog_creature.jpg\",\"width\":650,\"height\":650,\"caption\":\"NECA The Thing - Deluxe Ultimate Dog Creature 7\\\" Figure\"},{\"@type\":\"BreadcrumbList\",\"@id\":\"https:\\\/\\\/madabouthorror.co.uk\\\/product\\\/neca-the-thing-deluxe-ultimate-dog-creature-7-figure\\\/#breadcrumb\",\"itemListElement\":[{\"@type\":\"ListItem\",\"position\":1,\"name\":\"Shop\",\"item\":\"https:\\\/\\\/madabouthorror.co.uk\\\/shop\\\/\"},{\"@type\":\"ListItem\",\"position\":2,\"name\":\"NECA The Thing &#8211; Deluxe Ultimate Dog Creature 7&#8243; Figure\"}]},{\"@type\":\"WebSite\",\"@id\":\"https:\\\/\\\/madabouthorror.co.uk\\\/#website\",\"url\":\"https:\\\/\\\/madabouthorror.co.uk\\\/\",\"name\":\"Mad About Horror\",\"description\":\"\",\"publisher\":{\"@id\":\"https:\\\/\\\/madabouthorror.co.uk\\\/#organization\"},\"alternateName\":\"Mad About Horror Limited\",\"potentialAction\":[{\"@type\":\"SearchAction\",\"target\":{\"@type\":\"EntryPoint\",\"urlTemplate\":\"https:\\\/\\\/madabouthorror.co.uk\\\/?s={search_term_string}\"},\"query-input\":{\"@type\":\"PropertyValueSpecification\",\"valueRequired\":true,\"valueName\":\"search_term_string\"}}],\"inLanguage\":\"fr-FR\"},{\"@type\":\"Organization\",\"@id\":\"https:\\\/\\\/madabouthorror.co.uk\\\/#organization\",\"name\":\"Mad About Horror\",\"url\":\"https:\\\/\\\/madabouthorror.co.uk\\\/\",\"logo\":{\"@type\":\"ImageObject\",\"inLanguage\":\"fr-FR\",\"@id\":\"https:\\\/\\\/madabouthorror.co.uk\\\/#\\\/schema\\\/logo\\\/image\\\/\",\"url\":\"https:\\\/\\\/madabouthorror.co.uk\\\/wp-content\\\/uploads\\\/2024\\\/02\\\/cropped-Logo.png\",\"contentUrl\":\"https:\\\/\\\/madabouthorror.co.uk\\\/wp-content\\\/uploads\\\/2024\\\/02\\\/cropped-Logo.png\",\"width\":240,\"height\":88,\"caption\":\"Mad About Horror\"},\"image\":{\"@id\":\"https:\\\/\\\/madabouthorror.co.uk\\\/#\\\/schema\\\/logo\\\/image\\\/\"},\"sameAs\":[\"https:\\\/\\\/www.facebook.com\\\/madabouthorror\\\/\",\"https:\\\/\\\/www.instagram.com\\\/madabouthorror\\\/\",\"https:\\\/\\\/www.pinterest.co.uk\\\/madabouthorror\\\/\",\"https:\\\/\\\/www.youtube.com\\\/channel\\\/UCBooLOIxjoQ89dj6T5lWm_w\",\"https:\\\/\\\/www.tiktok.com\\\/@weremadabouthorror\"]}]}<\/script>\n<!-- \/ Yoast SEO plugin. -->","yoast_head_json":{"title":"NECA The Thing - Deluxe Ultimate Dog Creature Figure 7\" (La Chose - Cr\u00e9ature canine ultime de luxe)","description":"NECA The Thing - Deluxe Ultimate Dog Creature 7\" Figure sous licence officielle. Boutique d'objets de collection d'horreur et d'accessoires d'Halloween. Stockiste britannique.","robots":{"index":"index","follow":"follow","max-snippet":"max-snippet:-1","max-image-preview":"max-image-preview:large","max-video-preview":"max-video-preview:-1"},"canonical":"https:\/\/madabouthorror.co.uk\/fr\/product\/neca-the-thing-deluxe-ultimate-dog-creature-7-figure\/","og_locale":"fr_FR","og_type":"article","og_title":"NECA The Thing - Deluxe Ultimate Dog Creature 7\" Figure","og_description":"Officially licensed NECA The Thing - Deluxe Ultimate Dog Creature 7\" Figure. Shop Horror collectibles and Halloween props. UK Stockist.","og_url":"https:\/\/madabouthorror.co.uk\/fr\/product\/neca-the-thing-deluxe-ultimate-dog-creature-7-figure\/","og_site_name":"Mad About Horror","article_publisher":"https:\/\/www.facebook.com\/madabouthorror\/","article_modified_time":"2026-04-03T18:01:27+00:00","og_image":[{"width":650,"height":650,"url":"https:\/\/madabouthorror.co.uk\/wp-content\/uploads\/2023\/05\/neca_the_thing_dog_creature.jpg","type":"image\/jpeg"}],"twitter_card":"summary_large_image","twitter_misc":{"Dur\u00e9e de lecture estim\u00e9e":"1 minute"},"schema":{"@context":"https:\/\/schema.org","@graph":[{"@type":["WebPage","ItemPage"],"@id":"https:\/\/madabouthorror.co.uk\/product\/neca-the-thing-deluxe-ultimate-dog-creature-7-figure\/","url":"https:\/\/madabouthorror.co.uk\/product\/neca-the-thing-deluxe-ultimate-dog-creature-7-figure\/","name":"NECA The Thing - Deluxe Ultimate Dog Creature Figure 7\" (La Chose - Cr\u00e9ature canine ultime de luxe)","isPartOf":{"@id":"https:\/\/madabouthorror.co.uk\/#website"},"primaryImageOfPage":{"@id":"https:\/\/madabouthorror.co.uk\/product\/neca-the-thing-deluxe-ultimate-dog-creature-7-figure\/#primaryimage"},"image":{"@id":"https:\/\/madabouthorror.co.uk\/product\/neca-the-thing-deluxe-ultimate-dog-creature-7-figure\/#primaryimage"},"thumbnailUrl":"https:\/\/madabouthorror.co.uk\/wp-content\/uploads\/2023\/05\/neca_the_thing_dog_creature.jpg","datePublished":"2023-05-11T10:47:10+00:00","dateModified":"2026-04-03T18:01:27+00:00","description":"NECA The Thing - Deluxe Ultimate Dog Creature 7\" Figure sous licence officielle. Boutique d'objets de collection d'horreur et d'accessoires d'Halloween. Stockiste britannique.","breadcrumb":{"@id":"https:\/\/madabouthorror.co.uk\/product\/neca-the-thing-deluxe-ultimate-dog-creature-7-figure\/#breadcrumb"},"inLanguage":"fr-FR","potentialAction":[{"@type":"ReadAction","target":["https:\/\/madabouthorror.co.uk\/product\/neca-the-thing-deluxe-ultimate-dog-creature-7-figure\/"]}]},{"@type":"ImageObject","inLanguage":"fr-FR","@id":"https:\/\/madabouthorror.co.uk\/product\/neca-the-thing-deluxe-ultimate-dog-creature-7-figure\/#primaryimage","url":"https:\/\/madabouthorror.co.uk\/wp-content\/uploads\/2023\/05\/neca_the_thing_dog_creature.jpg","contentUrl":"https:\/\/madabouthorror.co.uk\/wp-content\/uploads\/2023\/05\/neca_the_thing_dog_creature.jpg","width":650,"height":650,"caption":"NECA The Thing - Deluxe Ultimate Dog Creature 7\" Figure"},{"@type":"BreadcrumbList","@id":"https:\/\/madabouthorror.co.uk\/product\/neca-the-thing-deluxe-ultimate-dog-creature-7-figure\/#breadcrumb","itemListElement":[{"@type":"ListItem","position":1,"name":"Shop","item":"https:\/\/madabouthorror.co.uk\/shop\/"},{"@type":"ListItem","position":2,"name":"NECA The Thing &#8211; Deluxe Ultimate Dog Creature 7&#8243; Figure"}]},{"@type":"WebSite","@id":"https:\/\/madabouthorror.co.uk\/#website","url":"https:\/\/madabouthorror.co.uk\/","name":"L'horreur en folie","description":"","publisher":{"@id":"https:\/\/madabouthorror.co.uk\/#organization"},"alternateName":"Mad About Horror Limited","potentialAction":[{"@type":"SearchAction","target":{"@type":"EntryPoint","urlTemplate":"https:\/\/madabouthorror.co.uk\/?s={search_term_string}"},"query-input":{"@type":"PropertyValueSpecification","valueRequired":true,"valueName":"search_term_string"}}],"inLanguage":"fr-FR"},{"@type":"Organization","@id":"https:\/\/madabouthorror.co.uk\/#organization","name":"L'horreur en folie","url":"https:\/\/madabouthorror.co.uk\/","logo":{"@type":"ImageObject","inLanguage":"fr-FR","@id":"https:\/\/madabouthorror.co.uk\/#\/schema\/logo\/image\/","url":"https:\/\/madabouthorror.co.uk\/wp-content\/uploads\/2024\/02\/cropped-Logo.png","contentUrl":"https:\/\/madabouthorror.co.uk\/wp-content\/uploads\/2024\/02\/cropped-Logo.png","width":240,"height":88,"caption":"Mad About Horror"},"image":{"@id":"https:\/\/madabouthorror.co.uk\/#\/schema\/logo\/image\/"},"sameAs":["https:\/\/www.facebook.com\/madabouthorror\/","https:\/\/www.instagram.com\/madabouthorror\/","https:\/\/www.pinterest.co.uk\/madabouthorror\/","https:\/\/www.youtube.com\/channel\/UCBooLOIxjoQ89dj6T5lWm_w","https:\/\/www.tiktok.com\/@weremadabouthorror"]}]}},"df_price":78.08,"df_sale_price":"","df_regular_price":78.08,"df_image_link":"https:\/\/madabouthorror.co.uk\/wp-content\/uploads\/2023\/05\/neca_the_thing_dog_creature-300x300.jpg","_links":{"self":[{"href":"https:\/\/madabouthorror.co.uk\/fr\/wp-json\/wp\/v2\/product\/253137","targetHints":{"allow":["GET"]}}],"collection":[{"href":"https:\/\/madabouthorror.co.uk\/fr\/wp-json\/wp\/v2\/product"}],"about":[{"href":"https:\/\/madabouthorror.co.uk\/fr\/wp-json\/wp\/v2\/types\/product"}],"replies":[{"embeddable":true,"href":"https:\/\/madabouthorror.co.uk\/fr\/wp-json\/wp\/v2\/comments?post=253137"}],"wp:featuredmedia":[{"embeddable":true,"href":"https:\/\/madabouthorror.co.uk\/fr\/wp-json\/wp\/v2\/media\/253120"}],"wp:attachment":[{"href":"https:\/\/madabouthorror.co.uk\/fr\/wp-json\/wp\/v2\/media?parent=253137"}],"wp:term":[{"taxonomy":"product_brand","embeddable":true,"href":"https:\/\/madabouthorror.co.uk\/fr\/wp-json\/wp\/v2\/product_brand?post=253137"},{"taxonomy":"product_cat","embeddable":true,"href":"https:\/\/madabouthorror.co.uk\/fr\/wp-json\/wp\/v2\/product_cat?post=253137"},{"taxonomy":"product_tag","embeddable":true,"href":"https:\/\/madabouthorror.co.uk\/fr\/wp-json\/wp\/v2\/product_tag?post=253137"}],"curies":[{"name":"wp","href":"https:\/\/api.w.org\/{rel}","templated":true}]}}