{"id":253330,"date":"2023-06-08T16:39:01","date_gmt":"2023-06-08T15:39:01","guid":{"rendered":"https:\/\/mah.6bdv.ws\/product\/chaney-entertainment-phantom-of-the-opera-humanoid-mask\/"},"modified":"2026-04-20T15:40:13","modified_gmt":"2026-04-20T14:40:13","slug":"chaney-entertainment-phantom-of-the-opera-humanoid-mask","status":"publish","type":"product","link":"https:\/\/madabouthorror.co.uk\/fr\/product\/chaney-entertainment-phantom-of-the-opera-humanoid-mask\/","title":{"rendered":"Chaney Entertainment - Phantom Of The Opera - Masque Humano\u00efde"},"content":{"rendered":"<p>Sculpt\u00e9e par Jasper Anderson.<\/p>\n<div class=\"description rte section cf not-in-quickbuy\">\n<div class=\"description rte section cf not-in-quickbuy\">\n<p>Masque humano\u00efde du Fant\u00f4me de l'Op\u00e9ra sous licence officielle Chaney Entertainment, Trick or Treat Studios.<\/p>\n<p>Ce masque est une r\u00e9plique experte du masque Humano\u00efde que Chaney portait dans le r\u00f4le du Fant\u00f4me avant de r\u00e9v\u00e9ler son vrai visage macabre.<\/p>\n<p>Ce masque moul\u00e9 par injection est enti\u00e8rement peint pour ressembler au masque du film et comporte un tissu transparent pour couvrir votre sourire tordu ainsi qu'un capuchon noir attach\u00e9 pour le fixer sur la t\u00eate du porteur.<\/p>\n<p>Ce masque a \u00e9t\u00e9 con\u00e7u pour s'adapter au masque en latex du Fant\u00f4me de l'Op\u00e9ra afin de cr\u00e9er le costume d\u00e9finitif du Fant\u00f4me de Chaney.<\/p>\n<\/div>\n<p class=\"p1\">Portrait de Lon Chaney dans le r\u00f4le d'Erik - Le Fant\u00f4me de l'Op\u00e9ra TM &amp; \u00a9 Chaney Entertainment, Inc. Tous droits r\u00e9serv\u00e9s.<\/p>\n<\/div>\n<div class=\"rte cf light-inner-row not-in-quickbuy\">\n<p>Environ 6\u2033 x 6\u2033<\/p>\n<\/div>","protected":false},"excerpt":{"rendered":"<p>Sculpt\u00e9 par Jasper Anderson. Masque humano\u00efde du Fant\u00f4me de l'Op\u00e9ra sous licence officielle Chaney Entertainment, Trick or Treat Studios. Ce masque est une r\u00e9plique experte du masque Humano\u00efde que Chaney portait dans le r\u00f4le du Fant\u00f4me avant de r\u00e9v\u00e9ler son vrai visage macabre. Ce masque moul\u00e9 par injection est enti\u00e8rement peint pour ressembler au masque [...]<\/p>","protected":false},"featured_media":253329,"comment_status":"closed","ping_status":"closed","template":"","meta":{"_acf_changed":false},"product_brand":[],"product_cat":[6580,10039,10041,10038,9962,6541,6792,9928],"product_tag":[],"class_list":{"0":"post-253330","1":"product","2":"type-product","3":"status-publish","4":"has-post-thumbnail","6":"product_cat-movie-tv","7":"product_cat-stocking-fillers","8":"product_cat-gifts-under-50","9":"product_cat-horror-gifts","10":"product_cat-trick-or-treat-studios-masks","11":"product_cat-masks","12":"product_cat-trick-or-treat-studios","13":"product_cat-phantom-of-the-opera","14":"product_shipping_class-small-parcel-economy-3-5-business-days","16":"first","17":"instock","18":"taxable","19":"shipping-taxable","20":"purchasable","21":"product-type-simple"},"supplier_id":467429,"supplier_sku":"JACE101","barcode":"810116281145","atum_controlled":true,"out_stock_date":null,"out_stock_threshold":null,"inheritable":false,"inbound_stock":1,"stock_on_hold":0,"sold_today":0,"sales_last_days":0,"reserved_stock":0,"customer_returns":0,"warehouse_damage":0,"lost_in_post":0,"other_logs":0,"out_stock_days":0,"lost_sales":0,"has_location":false,"update_date":"2026-04-22T01:55:25","atum_locations":[],"atum_stock_status":"instock","restock_status":false,"low_stock_amount":4,"sales_update_date":"2026-04-22T01:55:24","calc_backorders":null,"acf":[],"yoast_head":"<!-- This site is optimized with the Yoast SEO plugin v27.4 - https:\/\/yoast.com\/product\/yoast-seo-wordpress\/ -->\n<title>Chaney Entertainment - Phantom Of The Opera - Humanoid Mask<\/title>\n<meta name=\"description\" content=\"Shop our huge range of HORROR collectibles &amp; merchandise. Many hard-to-find items from the US as well as Trick or Treat Studios, NECA, Mezco, Creepy Co. and much more. UK stock, Fast Delivery\" \/>\n<meta name=\"robots\" content=\"index, follow, max-snippet:-1, max-image-preview:large, max-video-preview:-1\" \/>\n<link rel=\"canonical\" href=\"https:\/\/madabouthorror.co.uk\/fr\/product\/chaney-entertainment-phantom-of-the-opera-humanoid-mask\/\" \/>\n<meta property=\"og:locale\" content=\"fr_FR\" \/>\n<meta property=\"og:type\" content=\"article\" \/>\n<meta property=\"og:title\" content=\"Chaney Entertainment - Phantom Of The Opera - Humanoid Mask\" \/>\n<meta property=\"og:description\" content=\"Shop our huge range of HORROR collectibles &amp; merchandise. Many hard-to-find items from the US as well as Trick or Treat Studios, NECA, Mezco, Creepy Co. and much more. UK stock, Fast Delivery\" \/>\n<meta property=\"og:url\" content=\"https:\/\/madabouthorror.co.uk\/fr\/product\/chaney-entertainment-phantom-of-the-opera-humanoid-mask\/\" \/>\n<meta property=\"og:site_name\" content=\"Mad About Horror\" \/>\n<meta property=\"article:publisher\" content=\"https:\/\/www.facebook.com\/madabouthorror\/\" \/>\n<meta property=\"article:modified_time\" content=\"2026-04-20T14:40:13+00:00\" \/>\n<meta property=\"og:image\" content=\"https:\/\/madabouthorror.co.uk\/wp-content\/uploads\/2023\/06\/tots_chaney_entertainment_-_phantom_of_the_opera_-_humanoid_mask.jpg\" \/>\n\t<meta property=\"og:image:width\" content=\"650\" \/>\n\t<meta property=\"og:image:height\" content=\"650\" \/>\n\t<meta property=\"og:image:type\" content=\"image\/jpeg\" \/>\n<meta name=\"twitter:card\" content=\"summary_large_image\" \/>\n<meta name=\"twitter:label1\" content=\"Dur\u00e9e de lecture estim\u00e9e\" \/>\n\t<meta name=\"twitter:data1\" content=\"1 minute\" \/>\n<script type=\"application\/ld+json\" class=\"yoast-schema-graph\">{\"@context\":\"https:\\\/\\\/schema.org\",\"@graph\":[{\"@type\":[\"WebPage\",\"ItemPage\"],\"@id\":\"https:\\\/\\\/madabouthorror.co.uk\\\/product\\\/chaney-entertainment-phantom-of-the-opera-humanoid-mask\\\/\",\"url\":\"https:\\\/\\\/madabouthorror.co.uk\\\/product\\\/chaney-entertainment-phantom-of-the-opera-humanoid-mask\\\/\",\"name\":\"Chaney Entertainment - Phantom Of The Opera - Humanoid Mask\",\"isPartOf\":{\"@id\":\"https:\\\/\\\/madabouthorror.co.uk\\\/#website\"},\"primaryImageOfPage\":{\"@id\":\"https:\\\/\\\/madabouthorror.co.uk\\\/product\\\/chaney-entertainment-phantom-of-the-opera-humanoid-mask\\\/#primaryimage\"},\"image\":{\"@id\":\"https:\\\/\\\/madabouthorror.co.uk\\\/product\\\/chaney-entertainment-phantom-of-the-opera-humanoid-mask\\\/#primaryimage\"},\"thumbnailUrl\":\"https:\\\/\\\/madabouthorror.co.uk\\\/wp-content\\\/uploads\\\/2023\\\/06\\\/tots_chaney_entertainment_-_phantom_of_the_opera_-_humanoid_mask.jpg\",\"datePublished\":\"2023-06-08T15:39:01+00:00\",\"dateModified\":\"2026-04-20T14:40:13+00:00\",\"description\":\"Shop our huge range of HORROR collectibles & merchandise. Many hard-to-find items from the US as well as Trick or Treat Studios, NECA, Mezco, Creepy Co. and much more. UK stock, Fast Delivery\",\"breadcrumb\":{\"@id\":\"https:\\\/\\\/madabouthorror.co.uk\\\/product\\\/chaney-entertainment-phantom-of-the-opera-humanoid-mask\\\/#breadcrumb\"},\"inLanguage\":\"fr-FR\",\"potentialAction\":[{\"@type\":\"ReadAction\",\"target\":[\"https:\\\/\\\/madabouthorror.co.uk\\\/product\\\/chaney-entertainment-phantom-of-the-opera-humanoid-mask\\\/\"]}]},{\"@type\":\"ImageObject\",\"inLanguage\":\"fr-FR\",\"@id\":\"https:\\\/\\\/madabouthorror.co.uk\\\/product\\\/chaney-entertainment-phantom-of-the-opera-humanoid-mask\\\/#primaryimage\",\"url\":\"https:\\\/\\\/madabouthorror.co.uk\\\/wp-content\\\/uploads\\\/2023\\\/06\\\/tots_chaney_entertainment_-_phantom_of_the_opera_-_humanoid_mask.jpg\",\"contentUrl\":\"https:\\\/\\\/madabouthorror.co.uk\\\/wp-content\\\/uploads\\\/2023\\\/06\\\/tots_chaney_entertainment_-_phantom_of_the_opera_-_humanoid_mask.jpg\",\"width\":650,\"height\":650,\"caption\":\"Chaney Entertainment - Phantom Of The Opera - Humanoid Mask\"},{\"@type\":\"BreadcrumbList\",\"@id\":\"https:\\\/\\\/madabouthorror.co.uk\\\/product\\\/chaney-entertainment-phantom-of-the-opera-humanoid-mask\\\/#breadcrumb\",\"itemListElement\":[{\"@type\":\"ListItem\",\"position\":1,\"name\":\"Shop\",\"item\":\"https:\\\/\\\/madabouthorror.co.uk\\\/shop\\\/\"},{\"@type\":\"ListItem\",\"position\":2,\"name\":\"Chaney Entertainment &#8211; Phantom Of The Opera &#8211; Humanoid Mask\"}]},{\"@type\":\"WebSite\",\"@id\":\"https:\\\/\\\/madabouthorror.co.uk\\\/#website\",\"url\":\"https:\\\/\\\/madabouthorror.co.uk\\\/\",\"name\":\"Mad About Horror\",\"description\":\"\",\"publisher\":{\"@id\":\"https:\\\/\\\/madabouthorror.co.uk\\\/#organization\"},\"alternateName\":\"Mad About Horror Limited\",\"potentialAction\":[{\"@type\":\"SearchAction\",\"target\":{\"@type\":\"EntryPoint\",\"urlTemplate\":\"https:\\\/\\\/madabouthorror.co.uk\\\/?s={search_term_string}\"},\"query-input\":{\"@type\":\"PropertyValueSpecification\",\"valueRequired\":true,\"valueName\":\"search_term_string\"}}],\"inLanguage\":\"fr-FR\"},{\"@type\":\"Organization\",\"@id\":\"https:\\\/\\\/madabouthorror.co.uk\\\/#organization\",\"name\":\"Mad About Horror\",\"url\":\"https:\\\/\\\/madabouthorror.co.uk\\\/\",\"logo\":{\"@type\":\"ImageObject\",\"inLanguage\":\"fr-FR\",\"@id\":\"https:\\\/\\\/madabouthorror.co.uk\\\/#\\\/schema\\\/logo\\\/image\\\/\",\"url\":\"https:\\\/\\\/madabouthorror.co.uk\\\/wp-content\\\/uploads\\\/2024\\\/02\\\/cropped-Logo.png\",\"contentUrl\":\"https:\\\/\\\/madabouthorror.co.uk\\\/wp-content\\\/uploads\\\/2024\\\/02\\\/cropped-Logo.png\",\"width\":240,\"height\":88,\"caption\":\"Mad About Horror\"},\"image\":{\"@id\":\"https:\\\/\\\/madabouthorror.co.uk\\\/#\\\/schema\\\/logo\\\/image\\\/\"},\"sameAs\":[\"https:\\\/\\\/www.facebook.com\\\/madabouthorror\\\/\",\"https:\\\/\\\/www.instagram.com\\\/madabouthorror\\\/\",\"https:\\\/\\\/www.pinterest.co.uk\\\/madabouthorror\\\/\",\"https:\\\/\\\/www.youtube.com\\\/channel\\\/UCBooLOIxjoQ89dj6T5lWm_w\",\"https:\\\/\\\/www.tiktok.com\\\/@weremadabouthorror\"]}]}<\/script>\n<!-- \/ Yoast SEO plugin. -->","yoast_head_json":{"title":"Chaney Entertainment - Phantom Of The Opera - Masque Humano\u00efde","description":"Magasinez notre vaste gamme d'objets de collection et de marchandises HORREUR. Beaucoup d'articles difficiles \u00e0 trouver en provenance des Etats-Unis ainsi que de Trick or Treat Studios, NECA, Mezco, Creepy Co. et bien plus encore. Stock britannique, livraison rapide","robots":{"index":"index","follow":"follow","max-snippet":"max-snippet:-1","max-image-preview":"max-image-preview:large","max-video-preview":"max-video-preview:-1"},"canonical":"https:\/\/madabouthorror.co.uk\/fr\/product\/chaney-entertainment-phantom-of-the-opera-humanoid-mask\/","og_locale":"fr_FR","og_type":"article","og_title":"Chaney Entertainment - Phantom Of The Opera - Humanoid Mask","og_description":"Shop our huge range of HORROR collectibles & merchandise. Many hard-to-find items from the US as well as Trick or Treat Studios, NECA, Mezco, Creepy Co. and much more. UK stock, Fast Delivery","og_url":"https:\/\/madabouthorror.co.uk\/fr\/product\/chaney-entertainment-phantom-of-the-opera-humanoid-mask\/","og_site_name":"Mad About Horror","article_publisher":"https:\/\/www.facebook.com\/madabouthorror\/","article_modified_time":"2026-04-20T14:40:13+00:00","og_image":[{"width":650,"height":650,"url":"https:\/\/madabouthorror.co.uk\/wp-content\/uploads\/2023\/06\/tots_chaney_entertainment_-_phantom_of_the_opera_-_humanoid_mask.jpg","type":"image\/jpeg"}],"twitter_card":"summary_large_image","twitter_misc":{"Dur\u00e9e de lecture estim\u00e9e":"1 minute"},"schema":{"@context":"https:\/\/schema.org","@graph":[{"@type":["WebPage","ItemPage"],"@id":"https:\/\/madabouthorror.co.uk\/product\/chaney-entertainment-phantom-of-the-opera-humanoid-mask\/","url":"https:\/\/madabouthorror.co.uk\/product\/chaney-entertainment-phantom-of-the-opera-humanoid-mask\/","name":"Chaney Entertainment - Phantom Of The Opera - Masque Humano\u00efde","isPartOf":{"@id":"https:\/\/madabouthorror.co.uk\/#website"},"primaryImageOfPage":{"@id":"https:\/\/madabouthorror.co.uk\/product\/chaney-entertainment-phantom-of-the-opera-humanoid-mask\/#primaryimage"},"image":{"@id":"https:\/\/madabouthorror.co.uk\/product\/chaney-entertainment-phantom-of-the-opera-humanoid-mask\/#primaryimage"},"thumbnailUrl":"https:\/\/madabouthorror.co.uk\/wp-content\/uploads\/2023\/06\/tots_chaney_entertainment_-_phantom_of_the_opera_-_humanoid_mask.jpg","datePublished":"2023-06-08T15:39:01+00:00","dateModified":"2026-04-20T14:40:13+00:00","description":"Magasinez notre vaste gamme d'objets de collection et de marchandises HORREUR. Beaucoup d'articles difficiles \u00e0 trouver en provenance des Etats-Unis ainsi que de Trick or Treat Studios, NECA, Mezco, Creepy Co. et bien plus encore. Stock britannique, livraison rapide","breadcrumb":{"@id":"https:\/\/madabouthorror.co.uk\/product\/chaney-entertainment-phantom-of-the-opera-humanoid-mask\/#breadcrumb"},"inLanguage":"fr-FR","potentialAction":[{"@type":"ReadAction","target":["https:\/\/madabouthorror.co.uk\/product\/chaney-entertainment-phantom-of-the-opera-humanoid-mask\/"]}]},{"@type":"ImageObject","inLanguage":"fr-FR","@id":"https:\/\/madabouthorror.co.uk\/product\/chaney-entertainment-phantom-of-the-opera-humanoid-mask\/#primaryimage","url":"https:\/\/madabouthorror.co.uk\/wp-content\/uploads\/2023\/06\/tots_chaney_entertainment_-_phantom_of_the_opera_-_humanoid_mask.jpg","contentUrl":"https:\/\/madabouthorror.co.uk\/wp-content\/uploads\/2023\/06\/tots_chaney_entertainment_-_phantom_of_the_opera_-_humanoid_mask.jpg","width":650,"height":650,"caption":"Chaney Entertainment - Phantom Of The Opera - Humanoid Mask"},{"@type":"BreadcrumbList","@id":"https:\/\/madabouthorror.co.uk\/product\/chaney-entertainment-phantom-of-the-opera-humanoid-mask\/#breadcrumb","itemListElement":[{"@type":"ListItem","position":1,"name":"Shop","item":"https:\/\/madabouthorror.co.uk\/shop\/"},{"@type":"ListItem","position":2,"name":"Chaney Entertainment &#8211; Phantom Of The Opera &#8211; Humanoid Mask"}]},{"@type":"WebSite","@id":"https:\/\/madabouthorror.co.uk\/#website","url":"https:\/\/madabouthorror.co.uk\/","name":"L'horreur en folie","description":"","publisher":{"@id":"https:\/\/madabouthorror.co.uk\/#organization"},"alternateName":"Mad About Horror Limited","potentialAction":[{"@type":"SearchAction","target":{"@type":"EntryPoint","urlTemplate":"https:\/\/madabouthorror.co.uk\/?s={search_term_string}"},"query-input":{"@type":"PropertyValueSpecification","valueRequired":true,"valueName":"search_term_string"}}],"inLanguage":"fr-FR"},{"@type":"Organization","@id":"https:\/\/madabouthorror.co.uk\/#organization","name":"L'horreur en folie","url":"https:\/\/madabouthorror.co.uk\/","logo":{"@type":"ImageObject","inLanguage":"fr-FR","@id":"https:\/\/madabouthorror.co.uk\/#\/schema\/logo\/image\/","url":"https:\/\/madabouthorror.co.uk\/wp-content\/uploads\/2024\/02\/cropped-Logo.png","contentUrl":"https:\/\/madabouthorror.co.uk\/wp-content\/uploads\/2024\/02\/cropped-Logo.png","width":240,"height":88,"caption":"Mad About Horror"},"image":{"@id":"https:\/\/madabouthorror.co.uk\/#\/schema\/logo\/image\/"},"sameAs":["https:\/\/www.facebook.com\/madabouthorror\/","https:\/\/www.instagram.com\/madabouthorror\/","https:\/\/www.pinterest.co.uk\/madabouthorror\/","https:\/\/www.youtube.com\/channel\/UCBooLOIxjoQ89dj6T5lWm_w","https:\/\/www.tiktok.com\/@weremadabouthorror"]}]}},"df_price":31.2,"df_sale_price":"","df_regular_price":31.2,"df_image_link":"https:\/\/madabouthorror.co.uk\/wp-content\/uploads\/2023\/06\/tots_chaney_entertainment_-_phantom_of_the_opera_-_humanoid_mask-300x300.jpg","_links":{"self":[{"href":"https:\/\/madabouthorror.co.uk\/fr\/wp-json\/wp\/v2\/product\/253330","targetHints":{"allow":["GET"]}}],"collection":[{"href":"https:\/\/madabouthorror.co.uk\/fr\/wp-json\/wp\/v2\/product"}],"about":[{"href":"https:\/\/madabouthorror.co.uk\/fr\/wp-json\/wp\/v2\/types\/product"}],"replies":[{"embeddable":true,"href":"https:\/\/madabouthorror.co.uk\/fr\/wp-json\/wp\/v2\/comments?post=253330"}],"wp:featuredmedia":[{"embeddable":true,"href":"https:\/\/madabouthorror.co.uk\/fr\/wp-json\/wp\/v2\/media\/253329"}],"wp:attachment":[{"href":"https:\/\/madabouthorror.co.uk\/fr\/wp-json\/wp\/v2\/media?parent=253330"}],"wp:term":[{"taxonomy":"product_brand","embeddable":true,"href":"https:\/\/madabouthorror.co.uk\/fr\/wp-json\/wp\/v2\/product_brand?post=253330"},{"taxonomy":"product_cat","embeddable":true,"href":"https:\/\/madabouthorror.co.uk\/fr\/wp-json\/wp\/v2\/product_cat?post=253330"},{"taxonomy":"product_tag","embeddable":true,"href":"https:\/\/madabouthorror.co.uk\/fr\/wp-json\/wp\/v2\/product_tag?post=253330"}],"curies":[{"name":"wp","href":"https:\/\/api.w.org\/{rel}","templated":true}]}}