{"id":253354,"date":"2023-06-09T12:54:37","date_gmt":"2023-06-09T11:54:37","guid":{"rendered":"https:\/\/mah.6bdv.ws\/product\/dungeons-and-dragons-venger-mask\/"},"modified":"2026-04-02T09:40:07","modified_gmt":"2026-04-02T08:40:07","slug":"dungeons-and-dragons-venger-mask","status":"publish","type":"product","link":"https:\/\/madabouthorror.co.uk\/fr\/product\/dungeons-and-dragons-venger-mask\/","title":{"rendered":"Donjons et Dragons - Masque du Vengeur"},"content":{"rendered":"<div class=\"light-inner-row not-in-quickbuy\"><\/div>\n<div class=\"light-inner-row not-in-quickbuy\">Sculpt\u00e9 par Russ Lukich.<\/div>\n<div class=\"rte cf light-inner-row not-in-quickbuy\">\n<div class=\"description rte section cf not-in-quickbuy\">\n<p>Masque de veneur sous licence officielle Dungeons &amp; Dragons par Trick or Treat Studios.<\/p>\n<p>Venger est un sorcier mal\u00e9fique dot\u00e9 d'un grand pouvoir et le principal antagoniste, mais aussi le fils du ma\u00eetre du donjon, dans la s\u00e9rie t\u00e9l\u00e9vis\u00e9e des dessins anim\u00e9s Donjons et Dragons des ann\u00e9es 1980.<\/p>\n<p>Ce masque sculpt\u00e9 par des experts comporte une corne de 12\u2033 sur une repr\u00e9sentation r\u00e9aliste du sorcier mal\u00e9fique pr\u00e9f\u00e9r\u00e9 de tous ! Donnez de l'ampleur \u00e0 votre soir\u00e9e de jeu ou portez votre fandom \u00e0 la prochaine f\u00eate d'Halloween !<\/p>\n<\/div>\n<div class=\"rte cf light-inner-row not-in-quickbuy\">\n<p>Dungeons &amp; Dragons TM &amp; \u00a9 2022 Wizards of the Coast LLC. Tous droits r\u00e9serv\u00e9s.<\/p>\n<\/div>\n<\/div>","protected":false},"excerpt":{"rendered":"<p>Sculpt\u00e9 par Russ Lukich. Masque Venger de Donjons et Dragons sous licence officielle de Trick or Treat Studios. Venger est un sorcier mal\u00e9fique dot\u00e9 d'un grand pouvoir et le principal antagoniste, mais aussi le fils du ma\u00eetre du donjon, dans la s\u00e9rie t\u00e9l\u00e9vis\u00e9e des dessins anim\u00e9s Donjons et Dragons des ann\u00e9es 1980. Ce masque sculpt\u00e9 par des experts comporte une corne de 12\u2033 sur une r\u00e9imagination r\u00e9aliste de [...]<\/p>","protected":false},"featured_media":253351,"comment_status":"closed","ping_status":"closed","template":"","meta":{"_acf_changed":false},"product_brand":[],"product_cat":[10100,9962,6541,6536,6627,8894,6792],"product_tag":[],"class_list":{"0":"post-253354","1":"product","2":"type-product","3":"status-publish","4":"has-post-thumbnail","6":"product_cat-latex-masks","7":"product_cat-trick-or-treat-studios-masks","8":"product_cat-masks","9":"product_cat-shop-by-category","10":"product_cat-movie","11":"product_cat-dungeons-dragons","12":"product_cat-trick-or-treat-studios","14":"first","15":"instock","16":"taxable","17":"shipping-taxable","18":"purchasable","19":"product-type-simple"},"supplier_id":471030,"supplier_sku":"TTHA105-D","barcode":"811501039099","atum_controlled":true,"out_stock_date":null,"out_stock_threshold":null,"inheritable":false,"inbound_stock":0,"stock_on_hold":0,"sold_today":0,"sales_last_days":0,"reserved_stock":0,"customer_returns":0,"warehouse_damage":0,"lost_in_post":0,"other_logs":0,"out_stock_days":0,"lost_sales":0,"has_location":false,"update_date":"2026-04-14T01:27:11","atum_locations":[],"atum_stock_status":"instock","restock_status":false,"low_stock_amount":0,"sales_update_date":"2026-04-14T01:27:09","calc_backorders":null,"acf":[],"yoast_head":"<!-- This site is optimized with the Yoast SEO plugin v27.3 - https:\/\/yoast.com\/product\/yoast-seo-wordpress\/ -->\n<title>Dungeons and Dragons - Venger Mask<\/title>\n<meta name=\"description\" content=\"Dungeons &amp; Dragons licensed masks and collectibles. Shipped by Mad About Horror, the UK&#039;s leading horror collectibles specialist. The official UK stockist of Trick or Treat Studios masks and collectibles.\" \/>\n<meta name=\"robots\" content=\"index, follow, max-snippet:-1, max-image-preview:large, max-video-preview:-1\" \/>\n<link rel=\"canonical\" href=\"https:\/\/madabouthorror.co.uk\/fr\/product\/dungeons-and-dragons-venger-mask\/\" \/>\n<meta property=\"og:locale\" content=\"fr_FR\" \/>\n<meta property=\"og:type\" content=\"article\" \/>\n<meta property=\"og:title\" content=\"Dungeons and Dragons - Venger Mask\" \/>\n<meta property=\"og:description\" content=\"Dungeons &amp; Dragons licensed masks and collectibles. Shipped by Mad About Horror, the UK&#039;s leading horror collectibles specialist. The official UK stockist of Trick or Treat Studios masks and collectibles.\" \/>\n<meta property=\"og:url\" content=\"https:\/\/madabouthorror.co.uk\/fr\/product\/dungeons-and-dragons-venger-mask\/\" \/>\n<meta property=\"og:site_name\" content=\"Mad About Horror\" \/>\n<meta property=\"article:publisher\" content=\"https:\/\/www.facebook.com\/madabouthorror\/\" \/>\n<meta property=\"article:modified_time\" content=\"2026-04-02T08:40:07+00:00\" \/>\n<meta property=\"og:image\" content=\"https:\/\/madabouthorror.co.uk\/wp-content\/uploads\/2023\/06\/dungeons_dragons_-_venger_mask.jpg\" \/>\n\t<meta property=\"og:image:width\" content=\"650\" \/>\n\t<meta property=\"og:image:height\" content=\"650\" \/>\n\t<meta property=\"og:image:type\" content=\"image\/jpeg\" \/>\n<meta name=\"twitter:card\" content=\"summary_large_image\" \/>\n<meta name=\"twitter:label1\" content=\"Dur\u00e9e de lecture estim\u00e9e\" \/>\n\t<meta name=\"twitter:data1\" content=\"1 minute\" \/>\n<script type=\"application\/ld+json\" class=\"yoast-schema-graph\">{\"@context\":\"https:\\\/\\\/schema.org\",\"@graph\":[{\"@type\":[\"WebPage\",\"ItemPage\"],\"@id\":\"https:\\\/\\\/madabouthorror.co.uk\\\/product\\\/dungeons-and-dragons-venger-mask\\\/\",\"url\":\"https:\\\/\\\/madabouthorror.co.uk\\\/product\\\/dungeons-and-dragons-venger-mask\\\/\",\"name\":\"Dungeons and Dragons - Venger Mask\",\"isPartOf\":{\"@id\":\"https:\\\/\\\/madabouthorror.co.uk\\\/#website\"},\"primaryImageOfPage\":{\"@id\":\"https:\\\/\\\/madabouthorror.co.uk\\\/product\\\/dungeons-and-dragons-venger-mask\\\/#primaryimage\"},\"image\":{\"@id\":\"https:\\\/\\\/madabouthorror.co.uk\\\/product\\\/dungeons-and-dragons-venger-mask\\\/#primaryimage\"},\"thumbnailUrl\":\"https:\\\/\\\/madabouthorror.co.uk\\\/wp-content\\\/uploads\\\/2023\\\/06\\\/dungeons_dragons_-_venger_mask.jpg\",\"datePublished\":\"2023-06-09T11:54:37+00:00\",\"dateModified\":\"2026-04-02T08:40:07+00:00\",\"description\":\"Dungeons & Dragons licensed masks and collectibles. Shipped by Mad About Horror, the UK's leading horror collectibles specialist. The official UK stockist of Trick or Treat Studios masks and collectibles.\",\"breadcrumb\":{\"@id\":\"https:\\\/\\\/madabouthorror.co.uk\\\/product\\\/dungeons-and-dragons-venger-mask\\\/#breadcrumb\"},\"inLanguage\":\"fr-FR\",\"potentialAction\":[{\"@type\":\"ReadAction\",\"target\":[\"https:\\\/\\\/madabouthorror.co.uk\\\/product\\\/dungeons-and-dragons-venger-mask\\\/\"]}]},{\"@type\":\"ImageObject\",\"inLanguage\":\"fr-FR\",\"@id\":\"https:\\\/\\\/madabouthorror.co.uk\\\/product\\\/dungeons-and-dragons-venger-mask\\\/#primaryimage\",\"url\":\"https:\\\/\\\/madabouthorror.co.uk\\\/wp-content\\\/uploads\\\/2023\\\/06\\\/dungeons_dragons_-_venger_mask.jpg\",\"contentUrl\":\"https:\\\/\\\/madabouthorror.co.uk\\\/wp-content\\\/uploads\\\/2023\\\/06\\\/dungeons_dragons_-_venger_mask.jpg\",\"width\":650,\"height\":650,\"caption\":\"Dungeons and Dragons - Venger Mask\"},{\"@type\":\"BreadcrumbList\",\"@id\":\"https:\\\/\\\/madabouthorror.co.uk\\\/product\\\/dungeons-and-dragons-venger-mask\\\/#breadcrumb\",\"itemListElement\":[{\"@type\":\"ListItem\",\"position\":1,\"name\":\"Shop\",\"item\":\"https:\\\/\\\/madabouthorror.co.uk\\\/shop\\\/\"},{\"@type\":\"ListItem\",\"position\":2,\"name\":\"Dungeons and Dragons &#8211; Venger Mask\"}]},{\"@type\":\"WebSite\",\"@id\":\"https:\\\/\\\/madabouthorror.co.uk\\\/#website\",\"url\":\"https:\\\/\\\/madabouthorror.co.uk\\\/\",\"name\":\"Mad About Horror\",\"description\":\"\",\"publisher\":{\"@id\":\"https:\\\/\\\/madabouthorror.co.uk\\\/#organization\"},\"alternateName\":\"Mad About Horror Limited\",\"potentialAction\":[{\"@type\":\"SearchAction\",\"target\":{\"@type\":\"EntryPoint\",\"urlTemplate\":\"https:\\\/\\\/madabouthorror.co.uk\\\/?s={search_term_string}\"},\"query-input\":{\"@type\":\"PropertyValueSpecification\",\"valueRequired\":true,\"valueName\":\"search_term_string\"}}],\"inLanguage\":\"fr-FR\"},{\"@type\":\"Organization\",\"@id\":\"https:\\\/\\\/madabouthorror.co.uk\\\/#organization\",\"name\":\"Mad About Horror\",\"url\":\"https:\\\/\\\/madabouthorror.co.uk\\\/\",\"logo\":{\"@type\":\"ImageObject\",\"inLanguage\":\"fr-FR\",\"@id\":\"https:\\\/\\\/madabouthorror.co.uk\\\/#\\\/schema\\\/logo\\\/image\\\/\",\"url\":\"https:\\\/\\\/madabouthorror.co.uk\\\/wp-content\\\/uploads\\\/2024\\\/02\\\/cropped-Logo.png\",\"contentUrl\":\"https:\\\/\\\/madabouthorror.co.uk\\\/wp-content\\\/uploads\\\/2024\\\/02\\\/cropped-Logo.png\",\"width\":240,\"height\":88,\"caption\":\"Mad About Horror\"},\"image\":{\"@id\":\"https:\\\/\\\/madabouthorror.co.uk\\\/#\\\/schema\\\/logo\\\/image\\\/\"},\"sameAs\":[\"https:\\\/\\\/www.facebook.com\\\/madabouthorror\\\/\",\"https:\\\/\\\/www.instagram.com\\\/madabouthorror\\\/\",\"https:\\\/\\\/www.pinterest.co.uk\\\/madabouthorror\\\/\",\"https:\\\/\\\/www.youtube.com\\\/channel\\\/UCBooLOIxjoQ89dj6T5lWm_w\",\"https:\\\/\\\/www.tiktok.com\\\/@weremadabouthorror\"]}]}<\/script>\n<!-- \/ Yoast SEO plugin. -->","yoast_head_json":{"title":"Donjons et Dragons - Masque du Vengeur","description":"Masques et objets de collection sous licence Donjons et Dragons. Exp\u00e9di\u00e9 par Mad About Horror, le plus grand sp\u00e9cialiste britannique des objets de collection d'horreur. Le revendeur officiel au Royaume-Uni des masques et objets de collection de Trick or Treat Studios.","robots":{"index":"index","follow":"follow","max-snippet":"max-snippet:-1","max-image-preview":"max-image-preview:large","max-video-preview":"max-video-preview:-1"},"canonical":"https:\/\/madabouthorror.co.uk\/fr\/product\/dungeons-and-dragons-venger-mask\/","og_locale":"fr_FR","og_type":"article","og_title":"Dungeons and Dragons - Venger Mask","og_description":"Dungeons & Dragons licensed masks and collectibles. Shipped by Mad About Horror, the UK's leading horror collectibles specialist. The official UK stockist of Trick or Treat Studios masks and collectibles.","og_url":"https:\/\/madabouthorror.co.uk\/fr\/product\/dungeons-and-dragons-venger-mask\/","og_site_name":"Mad About Horror","article_publisher":"https:\/\/www.facebook.com\/madabouthorror\/","article_modified_time":"2026-04-02T08:40:07+00:00","og_image":[{"width":650,"height":650,"url":"https:\/\/madabouthorror.co.uk\/wp-content\/uploads\/2023\/06\/dungeons_dragons_-_venger_mask.jpg","type":"image\/jpeg"}],"twitter_card":"summary_large_image","twitter_misc":{"Dur\u00e9e de lecture estim\u00e9e":"1 minute"},"schema":{"@context":"https:\/\/schema.org","@graph":[{"@type":["WebPage","ItemPage"],"@id":"https:\/\/madabouthorror.co.uk\/product\/dungeons-and-dragons-venger-mask\/","url":"https:\/\/madabouthorror.co.uk\/product\/dungeons-and-dragons-venger-mask\/","name":"Donjons et Dragons - Masque du Vengeur","isPartOf":{"@id":"https:\/\/madabouthorror.co.uk\/#website"},"primaryImageOfPage":{"@id":"https:\/\/madabouthorror.co.uk\/product\/dungeons-and-dragons-venger-mask\/#primaryimage"},"image":{"@id":"https:\/\/madabouthorror.co.uk\/product\/dungeons-and-dragons-venger-mask\/#primaryimage"},"thumbnailUrl":"https:\/\/madabouthorror.co.uk\/wp-content\/uploads\/2023\/06\/dungeons_dragons_-_venger_mask.jpg","datePublished":"2023-06-09T11:54:37+00:00","dateModified":"2026-04-02T08:40:07+00:00","description":"Masques et objets de collection sous licence Donjons et Dragons. Exp\u00e9di\u00e9 par Mad About Horror, le plus grand sp\u00e9cialiste britannique des objets de collection d'horreur. Le revendeur officiel au Royaume-Uni des masques et objets de collection de Trick or Treat Studios.","breadcrumb":{"@id":"https:\/\/madabouthorror.co.uk\/product\/dungeons-and-dragons-venger-mask\/#breadcrumb"},"inLanguage":"fr-FR","potentialAction":[{"@type":"ReadAction","target":["https:\/\/madabouthorror.co.uk\/product\/dungeons-and-dragons-venger-mask\/"]}]},{"@type":"ImageObject","inLanguage":"fr-FR","@id":"https:\/\/madabouthorror.co.uk\/product\/dungeons-and-dragons-venger-mask\/#primaryimage","url":"https:\/\/madabouthorror.co.uk\/wp-content\/uploads\/2023\/06\/dungeons_dragons_-_venger_mask.jpg","contentUrl":"https:\/\/madabouthorror.co.uk\/wp-content\/uploads\/2023\/06\/dungeons_dragons_-_venger_mask.jpg","width":650,"height":650,"caption":"Dungeons and Dragons - Venger Mask"},{"@type":"BreadcrumbList","@id":"https:\/\/madabouthorror.co.uk\/product\/dungeons-and-dragons-venger-mask\/#breadcrumb","itemListElement":[{"@type":"ListItem","position":1,"name":"Shop","item":"https:\/\/madabouthorror.co.uk\/shop\/"},{"@type":"ListItem","position":2,"name":"Dungeons and Dragons &#8211; Venger Mask"}]},{"@type":"WebSite","@id":"https:\/\/madabouthorror.co.uk\/#website","url":"https:\/\/madabouthorror.co.uk\/","name":"L'horreur en folie","description":"","publisher":{"@id":"https:\/\/madabouthorror.co.uk\/#organization"},"alternateName":"Mad About Horror Limited","potentialAction":[{"@type":"SearchAction","target":{"@type":"EntryPoint","urlTemplate":"https:\/\/madabouthorror.co.uk\/?s={search_term_string}"},"query-input":{"@type":"PropertyValueSpecification","valueRequired":true,"valueName":"search_term_string"}}],"inLanguage":"fr-FR"},{"@type":"Organization","@id":"https:\/\/madabouthorror.co.uk\/#organization","name":"L'horreur en folie","url":"https:\/\/madabouthorror.co.uk\/","logo":{"@type":"ImageObject","inLanguage":"fr-FR","@id":"https:\/\/madabouthorror.co.uk\/#\/schema\/logo\/image\/","url":"https:\/\/madabouthorror.co.uk\/wp-content\/uploads\/2024\/02\/cropped-Logo.png","contentUrl":"https:\/\/madabouthorror.co.uk\/wp-content\/uploads\/2024\/02\/cropped-Logo.png","width":240,"height":88,"caption":"Mad About Horror"},"image":{"@id":"https:\/\/madabouthorror.co.uk\/#\/schema\/logo\/image\/"},"sameAs":["https:\/\/www.facebook.com\/madabouthorror\/","https:\/\/www.instagram.com\/madabouthorror\/","https:\/\/www.pinterest.co.uk\/madabouthorror\/","https:\/\/www.youtube.com\/channel\/UCBooLOIxjoQ89dj6T5lWm_w","https:\/\/www.tiktok.com\/@weremadabouthorror"]}]}},"df_price":104.12,"df_sale_price":"","df_regular_price":104.12,"df_image_link":"https:\/\/madabouthorror.co.uk\/wp-content\/uploads\/2023\/06\/dungeons_dragons_-_venger_mask-300x300.jpg","_links":{"self":[{"href":"https:\/\/madabouthorror.co.uk\/fr\/wp-json\/wp\/v2\/product\/253354","targetHints":{"allow":["GET"]}}],"collection":[{"href":"https:\/\/madabouthorror.co.uk\/fr\/wp-json\/wp\/v2\/product"}],"about":[{"href":"https:\/\/madabouthorror.co.uk\/fr\/wp-json\/wp\/v2\/types\/product"}],"replies":[{"embeddable":true,"href":"https:\/\/madabouthorror.co.uk\/fr\/wp-json\/wp\/v2\/comments?post=253354"}],"wp:featuredmedia":[{"embeddable":true,"href":"https:\/\/madabouthorror.co.uk\/fr\/wp-json\/wp\/v2\/media\/253351"}],"wp:attachment":[{"href":"https:\/\/madabouthorror.co.uk\/fr\/wp-json\/wp\/v2\/media?parent=253354"}],"wp:term":[{"taxonomy":"product_brand","embeddable":true,"href":"https:\/\/madabouthorror.co.uk\/fr\/wp-json\/wp\/v2\/product_brand?post=253354"},{"taxonomy":"product_cat","embeddable":true,"href":"https:\/\/madabouthorror.co.uk\/fr\/wp-json\/wp\/v2\/product_cat?post=253354"},{"taxonomy":"product_tag","embeddable":true,"href":"https:\/\/madabouthorror.co.uk\/fr\/wp-json\/wp\/v2\/product_tag?post=253354"}],"curies":[{"name":"wp","href":"https:\/\/api.w.org\/{rel}","templated":true}]}}