{"id":254426,"date":"2023-06-22T13:07:58","date_gmt":"2023-06-22T12:07:58","guid":{"rendered":"https:\/\/mah.6bdv.ws\/product\/animat3d-eek-the-cat\/"},"modified":"2026-02-06T15:15:31","modified_gmt":"2026-02-06T15:15:31","slug":"animat3d-eek-the-cat","status":"publish","type":"product","link":"https:\/\/madabouthorror.co.uk\/fr\/product\/animat3d-eek-the-cat\/","title":{"rendered":"ANIMAT3D Eek The Cat"},"content":{"rendered":"<p><span class=\"a-list-item\">Le chat anim\u00e9 Eek est un chat noir qui parle \u00e0 l'int\u00e9rieur et \u00e0 l'ext\u00e9rieur ! Eek offre plus de 30 minutes d'animations ; il parle, plaisante et chante des chansons originales.\u00a0<\/span><\/p>\n<p><span class=\"a-list-item\">Livr\u00e9 avec un haut-parleur et un projecteur int\u00e9gr\u00e9s, aucune installation n'est requise, la technologie est pr\u00eate \u00e0 l'emploi !<\/span><\/p>\n<p><span class=\"a-list-item\">Projecteur \u00e0 courte focale situ\u00e9 \u00e0 l'int\u00e9rieur. Commandes simples \u00e0 3 boutons : 2 boutons de r\u00e9glage du volume + 1 bouton \"Skip\" pour passer les animations. Mode arr\u00eat sur image : pause de l'animation. <\/span><\/p>\n<p><span class=\"a-list-item\">Recommand\u00e9 pour une utilisation \u00e0 l'int\u00e9rieur et sous un porche couvert. Aliment\u00e9 par un c\u00e2ble USB. (c\u00e2ble USB inclus, adaptateur NON inclus)<\/span><\/p>\n<div>\n<div><b>Pour le porche couvert ou l'int\u00e9rieur.<\/b> <i>Prot\u00e9ger des intemp\u00e9ries en cas d'utilisation \u00e0 l'ext\u00e9rieur et ne pas laisser \u00e0 l'ext\u00e9rieur pendant des p\u00e9riodes prolong\u00e9es.<\/i><\/div>\n<div><\/div>\n<div><b>A noter :<\/b><i> Ces accessoires ne sont pas recommand\u00e9s pour un usage commercial intensif, c'est-\u00e0-dire qu'ils ne doivent pas \u00eatre utilis\u00e9s pendant des p\u00e9riodes prolong\u00e9es, c'est-\u00e0-dire plusieurs jours d'affil\u00e9e. Ils sont con\u00e7us pour \u00eatre utilis\u00e9s \u00e0 l'occasion d'Halloween. Si vous avez des questions \u00e0 ce sujet, n'h\u00e9sitez pas \u00e0 les poser.<\/i><\/div>\n<\/div>","protected":false},"excerpt":{"rendered":"<p>Le chat anim\u00e9 Eek est un chat noir qui parle \u00e0 l'int\u00e9rieur et \u00e0 l'ext\u00e9rieur ! Eek offre plus de 30 minutes d'animations ; il parle, plaisante et chante des chansons originales.  Il est livr\u00e9 avec un haut-parleur et un projecteur int\u00e9gr\u00e9s. Aucune installation n'est n\u00e9cessaire, la technologie est pr\u00eate \u00e0 l'emploi ! Projecteur \u00e0 courte focale situ\u00e9 \u00e0 l'int\u00e9rieur. Commandes simples \u00e0 3 boutons : 2 boutons de r\u00e9glage du volume + 1 bouton Skip pour [...]<\/p>","protected":false},"featured_media":254421,"comment_status":"closed","ping_status":"closed","template":"","meta":{"_acf_changed":false},"product_brand":[],"product_cat":[10032,10068,10131,10108,10034,10093,10094,6550,6547,6549,9999,6963,6593,6596,7050,7051,7055,7056],"product_tag":[10000],"class_list":{"0":"post-254426","1":"product","2":"type-product","3":"status-publish","4":"has-post-thumbnail","6":"product_cat-animatronics-value-range","7":"product_cat-halloween-decorations-2025","8":"product_cat-halloween-gifts","9":"product_cat-light-up-halloween-decorations","10":"product_cat-family-friendly","11":"product_cat-indoor-halloween-decorations","12":"product_cat-outdoor-halloween-decorations","13":"product_cat-graveyard-decorations","14":"product_cat-decorations","15":"product_cat-haunted-house","16":"product_cat-under-100-animatronics","17":"product_cat-animatronics","18":"product_cat-creatures-spiders-decorations","19":"product_cat-witch-decorations","20":"product_cat-haunted-house-animatronics","21":"product_cat-graveyard-animatronics","22":"product_cat-animated-props-witches","23":"product_cat-animals-creatures","24":"product_tag-evil-pumpkin-patch-animatronics","26":"first","27":"instock","28":"taxable","29":"shipping-taxable","30":"purchasable","31":"product-type-simple"},"supplier_id":480224,"supplier_sku":"","barcode":"603625063742","atum_controlled":true,"out_stock_date":null,"out_stock_threshold":null,"inheritable":false,"inbound_stock":0,"stock_on_hold":0,"sold_today":0,"sales_last_days":0,"reserved_stock":0,"customer_returns":0,"warehouse_damage":0,"lost_in_post":0,"other_logs":0,"out_stock_days":0,"lost_sales":0,"has_location":false,"update_date":"2026-04-11T00:25:17","atum_locations":[],"atum_stock_status":"instock","restock_status":false,"low_stock_amount":"","sales_update_date":"2026-04-11T00:25:16","calc_backorders":null,"acf":[],"yoast_head":"<!-- This site is optimized with the Yoast SEO plugin v27.3 - https:\/\/yoast.com\/product\/yoast-seo-wordpress\/ -->\n<title>ANIMAT3D Eek The Cat - Mad About Horror<\/title>\n<meta name=\"description\" content=\"Halloween Animated Props. BUY from the UK&#039;s leading Halloween &amp; Horror specialist. UK STOCK, Halloween prop imports from the US. Fast Delivery.\" \/>\n<meta name=\"robots\" content=\"index, follow, max-snippet:-1, max-image-preview:large, max-video-preview:-1\" \/>\n<link rel=\"canonical\" href=\"https:\/\/madabouthorror.co.uk\/fr\/product\/animat3d-eek-the-cat\/\" \/>\n<meta property=\"og:locale\" content=\"fr_FR\" \/>\n<meta property=\"og:type\" content=\"article\" \/>\n<meta property=\"og:title\" content=\"ANIMAT3D Eek The Cat - Mad About Horror\" \/>\n<meta property=\"og:description\" content=\"Halloween Animated Props. BUY from the UK&#039;s leading Halloween &amp; Horror specialist. UK STOCK, Halloween prop imports from the US. Fast Delivery.\" \/>\n<meta property=\"og:url\" content=\"https:\/\/madabouthorror.co.uk\/fr\/product\/animat3d-eek-the-cat\/\" \/>\n<meta property=\"og:site_name\" content=\"Mad About Horror\" \/>\n<meta property=\"article:publisher\" content=\"https:\/\/www.facebook.com\/madabouthorror\/\" \/>\n<meta property=\"article:modified_time\" content=\"2026-02-06T15:15:31+00:00\" \/>\n<meta property=\"og:image\" content=\"https:\/\/madabouthorror.co.uk\/wp-content\/uploads\/2023\/06\/eek_the_cat.jpg\" \/>\n\t<meta property=\"og:image:width\" content=\"650\" \/>\n\t<meta property=\"og:image:height\" content=\"650\" \/>\n\t<meta property=\"og:image:type\" content=\"image\/jpeg\" \/>\n<meta name=\"twitter:card\" content=\"summary_large_image\" \/>\n<meta name=\"twitter:label1\" content=\"Dur\u00e9e de lecture estim\u00e9e\" \/>\n\t<meta name=\"twitter:data1\" content=\"1 minute\" \/>\n<script type=\"application\/ld+json\" class=\"yoast-schema-graph\">{\"@context\":\"https:\\\/\\\/schema.org\",\"@graph\":[{\"@type\":[\"WebPage\",\"ItemPage\"],\"@id\":\"https:\\\/\\\/madabouthorror.co.uk\\\/product\\\/animat3d-eek-the-cat\\\/\",\"url\":\"https:\\\/\\\/madabouthorror.co.uk\\\/product\\\/animat3d-eek-the-cat\\\/\",\"name\":\"ANIMAT3D Eek The Cat - Mad About Horror\",\"isPartOf\":{\"@id\":\"https:\\\/\\\/madabouthorror.co.uk\\\/#website\"},\"primaryImageOfPage\":{\"@id\":\"https:\\\/\\\/madabouthorror.co.uk\\\/product\\\/animat3d-eek-the-cat\\\/#primaryimage\"},\"image\":{\"@id\":\"https:\\\/\\\/madabouthorror.co.uk\\\/product\\\/animat3d-eek-the-cat\\\/#primaryimage\"},\"thumbnailUrl\":\"https:\\\/\\\/madabouthorror.co.uk\\\/wp-content\\\/uploads\\\/2023\\\/06\\\/eek_the_cat.jpg\",\"datePublished\":\"2023-06-22T12:07:58+00:00\",\"dateModified\":\"2026-02-06T15:15:31+00:00\",\"description\":\"Halloween Animated Props. BUY from the UK's leading Halloween & Horror specialist. UK STOCK, Halloween prop imports from the US. Fast Delivery.\",\"breadcrumb\":{\"@id\":\"https:\\\/\\\/madabouthorror.co.uk\\\/product\\\/animat3d-eek-the-cat\\\/#breadcrumb\"},\"inLanguage\":\"fr-FR\",\"potentialAction\":[{\"@type\":\"ReadAction\",\"target\":[\"https:\\\/\\\/madabouthorror.co.uk\\\/product\\\/animat3d-eek-the-cat\\\/\"]}]},{\"@type\":\"ImageObject\",\"inLanguage\":\"fr-FR\",\"@id\":\"https:\\\/\\\/madabouthorror.co.uk\\\/product\\\/animat3d-eek-the-cat\\\/#primaryimage\",\"url\":\"https:\\\/\\\/madabouthorror.co.uk\\\/wp-content\\\/uploads\\\/2023\\\/06\\\/eek_the_cat.jpg\",\"contentUrl\":\"https:\\\/\\\/madabouthorror.co.uk\\\/wp-content\\\/uploads\\\/2023\\\/06\\\/eek_the_cat.jpg\",\"width\":650,\"height\":650,\"caption\":\"ANIMAT3D Eek The Cat\"},{\"@type\":\"BreadcrumbList\",\"@id\":\"https:\\\/\\\/madabouthorror.co.uk\\\/product\\\/animat3d-eek-the-cat\\\/#breadcrumb\",\"itemListElement\":[{\"@type\":\"ListItem\",\"position\":1,\"name\":\"Shop\",\"item\":\"https:\\\/\\\/madabouthorror.co.uk\\\/shop\\\/\"},{\"@type\":\"ListItem\",\"position\":2,\"name\":\"ANIMAT3D Eek The Cat\"}]},{\"@type\":\"WebSite\",\"@id\":\"https:\\\/\\\/madabouthorror.co.uk\\\/#website\",\"url\":\"https:\\\/\\\/madabouthorror.co.uk\\\/\",\"name\":\"Mad About Horror\",\"description\":\"\",\"publisher\":{\"@id\":\"https:\\\/\\\/madabouthorror.co.uk\\\/#organization\"},\"alternateName\":\"Mad About Horror Limited\",\"potentialAction\":[{\"@type\":\"SearchAction\",\"target\":{\"@type\":\"EntryPoint\",\"urlTemplate\":\"https:\\\/\\\/madabouthorror.co.uk\\\/?s={search_term_string}\"},\"query-input\":{\"@type\":\"PropertyValueSpecification\",\"valueRequired\":true,\"valueName\":\"search_term_string\"}}],\"inLanguage\":\"fr-FR\"},{\"@type\":\"Organization\",\"@id\":\"https:\\\/\\\/madabouthorror.co.uk\\\/#organization\",\"name\":\"Mad About Horror\",\"url\":\"https:\\\/\\\/madabouthorror.co.uk\\\/\",\"logo\":{\"@type\":\"ImageObject\",\"inLanguage\":\"fr-FR\",\"@id\":\"https:\\\/\\\/madabouthorror.co.uk\\\/#\\\/schema\\\/logo\\\/image\\\/\",\"url\":\"https:\\\/\\\/madabouthorror.co.uk\\\/wp-content\\\/uploads\\\/2024\\\/02\\\/cropped-Logo.png\",\"contentUrl\":\"https:\\\/\\\/madabouthorror.co.uk\\\/wp-content\\\/uploads\\\/2024\\\/02\\\/cropped-Logo.png\",\"width\":240,\"height\":88,\"caption\":\"Mad About Horror\"},\"image\":{\"@id\":\"https:\\\/\\\/madabouthorror.co.uk\\\/#\\\/schema\\\/logo\\\/image\\\/\"},\"sameAs\":[\"https:\\\/\\\/www.facebook.com\\\/madabouthorror\\\/\",\"https:\\\/\\\/www.instagram.com\\\/madabouthorror\\\/\",\"https:\\\/\\\/www.pinterest.co.uk\\\/madabouthorror\\\/\",\"https:\\\/\\\/www.youtube.com\\\/channel\\\/UCBooLOIxjoQ89dj6T5lWm_w\",\"https:\\\/\\\/www.tiktok.com\\\/@weremadabouthorror\"]}]}<\/script>\n<!-- \/ Yoast SEO plugin. -->","yoast_head_json":{"title":"ANIMAT3D Eek The Cat - Mad About Horror","description":"Accessoires anim\u00e9s pour Halloween. Achetez aupr\u00e8s du sp\u00e9cialiste britannique de l'Halloween et de l'horreur. STOCK UK, importations d'accessoires d'Halloween en provenance des Etats-Unis. Livraison rapide.","robots":{"index":"index","follow":"follow","max-snippet":"max-snippet:-1","max-image-preview":"max-image-preview:large","max-video-preview":"max-video-preview:-1"},"canonical":"https:\/\/madabouthorror.co.uk\/fr\/product\/animat3d-eek-the-cat\/","og_locale":"fr_FR","og_type":"article","og_title":"ANIMAT3D Eek The Cat - Mad About Horror","og_description":"Halloween Animated Props. BUY from the UK's leading Halloween & Horror specialist. UK STOCK, Halloween prop imports from the US. Fast Delivery.","og_url":"https:\/\/madabouthorror.co.uk\/fr\/product\/animat3d-eek-the-cat\/","og_site_name":"Mad About Horror","article_publisher":"https:\/\/www.facebook.com\/madabouthorror\/","article_modified_time":"2026-02-06T15:15:31+00:00","og_image":[{"width":650,"height":650,"url":"https:\/\/madabouthorror.co.uk\/wp-content\/uploads\/2023\/06\/eek_the_cat.jpg","type":"image\/jpeg"}],"twitter_card":"summary_large_image","twitter_misc":{"Dur\u00e9e de lecture estim\u00e9e":"1 minute"},"schema":{"@context":"https:\/\/schema.org","@graph":[{"@type":["WebPage","ItemPage"],"@id":"https:\/\/madabouthorror.co.uk\/product\/animat3d-eek-the-cat\/","url":"https:\/\/madabouthorror.co.uk\/product\/animat3d-eek-the-cat\/","name":"ANIMAT3D Eek The Cat - Mad About Horror","isPartOf":{"@id":"https:\/\/madabouthorror.co.uk\/#website"},"primaryImageOfPage":{"@id":"https:\/\/madabouthorror.co.uk\/product\/animat3d-eek-the-cat\/#primaryimage"},"image":{"@id":"https:\/\/madabouthorror.co.uk\/product\/animat3d-eek-the-cat\/#primaryimage"},"thumbnailUrl":"https:\/\/madabouthorror.co.uk\/wp-content\/uploads\/2023\/06\/eek_the_cat.jpg","datePublished":"2023-06-22T12:07:58+00:00","dateModified":"2026-02-06T15:15:31+00:00","description":"Accessoires anim\u00e9s pour Halloween. Achetez aupr\u00e8s du sp\u00e9cialiste britannique de l'Halloween et de l'horreur. STOCK UK, importations d'accessoires d'Halloween en provenance des Etats-Unis. Livraison rapide.","breadcrumb":{"@id":"https:\/\/madabouthorror.co.uk\/product\/animat3d-eek-the-cat\/#breadcrumb"},"inLanguage":"fr-FR","potentialAction":[{"@type":"ReadAction","target":["https:\/\/madabouthorror.co.uk\/product\/animat3d-eek-the-cat\/"]}]},{"@type":"ImageObject","inLanguage":"fr-FR","@id":"https:\/\/madabouthorror.co.uk\/product\/animat3d-eek-the-cat\/#primaryimage","url":"https:\/\/madabouthorror.co.uk\/wp-content\/uploads\/2023\/06\/eek_the_cat.jpg","contentUrl":"https:\/\/madabouthorror.co.uk\/wp-content\/uploads\/2023\/06\/eek_the_cat.jpg","width":650,"height":650,"caption":"ANIMAT3D Eek The Cat"},{"@type":"BreadcrumbList","@id":"https:\/\/madabouthorror.co.uk\/product\/animat3d-eek-the-cat\/#breadcrumb","itemListElement":[{"@type":"ListItem","position":1,"name":"Shop","item":"https:\/\/madabouthorror.co.uk\/shop\/"},{"@type":"ListItem","position":2,"name":"ANIMAT3D Eek The Cat"}]},{"@type":"WebSite","@id":"https:\/\/madabouthorror.co.uk\/#website","url":"https:\/\/madabouthorror.co.uk\/","name":"L'horreur en folie","description":"","publisher":{"@id":"https:\/\/madabouthorror.co.uk\/#organization"},"alternateName":"Mad About Horror Limited","potentialAction":[{"@type":"SearchAction","target":{"@type":"EntryPoint","urlTemplate":"https:\/\/madabouthorror.co.uk\/?s={search_term_string}"},"query-input":{"@type":"PropertyValueSpecification","valueRequired":true,"valueName":"search_term_string"}}],"inLanguage":"fr-FR"},{"@type":"Organization","@id":"https:\/\/madabouthorror.co.uk\/#organization","name":"L'horreur en folie","url":"https:\/\/madabouthorror.co.uk\/","logo":{"@type":"ImageObject","inLanguage":"fr-FR","@id":"https:\/\/madabouthorror.co.uk\/#\/schema\/logo\/image\/","url":"https:\/\/madabouthorror.co.uk\/wp-content\/uploads\/2024\/02\/cropped-Logo.png","contentUrl":"https:\/\/madabouthorror.co.uk\/wp-content\/uploads\/2024\/02\/cropped-Logo.png","width":240,"height":88,"caption":"Mad About Horror"},"image":{"@id":"https:\/\/madabouthorror.co.uk\/#\/schema\/logo\/image\/"},"sameAs":["https:\/\/www.facebook.com\/madabouthorror\/","https:\/\/www.instagram.com\/madabouthorror\/","https:\/\/www.pinterest.co.uk\/madabouthorror\/","https:\/\/www.youtube.com\/channel\/UCBooLOIxjoQ89dj6T5lWm_w","https:\/\/www.tiktok.com\/@weremadabouthorror"]}]}},"df_price":67.66,"df_sale_price":"","df_regular_price":67.66,"df_image_link":"https:\/\/madabouthorror.co.uk\/wp-content\/uploads\/2023\/06\/eek_the_cat-300x300.jpg","_links":{"self":[{"href":"https:\/\/madabouthorror.co.uk\/fr\/wp-json\/wp\/v2\/product\/254426","targetHints":{"allow":["GET"]}}],"collection":[{"href":"https:\/\/madabouthorror.co.uk\/fr\/wp-json\/wp\/v2\/product"}],"about":[{"href":"https:\/\/madabouthorror.co.uk\/fr\/wp-json\/wp\/v2\/types\/product"}],"replies":[{"embeddable":true,"href":"https:\/\/madabouthorror.co.uk\/fr\/wp-json\/wp\/v2\/comments?post=254426"}],"wp:featuredmedia":[{"embeddable":true,"href":"https:\/\/madabouthorror.co.uk\/fr\/wp-json\/wp\/v2\/media\/254421"}],"wp:attachment":[{"href":"https:\/\/madabouthorror.co.uk\/fr\/wp-json\/wp\/v2\/media?parent=254426"}],"wp:term":[{"taxonomy":"product_brand","embeddable":true,"href":"https:\/\/madabouthorror.co.uk\/fr\/wp-json\/wp\/v2\/product_brand?post=254426"},{"taxonomy":"product_cat","embeddable":true,"href":"https:\/\/madabouthorror.co.uk\/fr\/wp-json\/wp\/v2\/product_cat?post=254426"},{"taxonomy":"product_tag","embeddable":true,"href":"https:\/\/madabouthorror.co.uk\/fr\/wp-json\/wp\/v2\/product_tag?post=254426"}],"curies":[{"name":"wp","href":"https:\/\/api.w.org\/{rel}","templated":true}]}}